{"id":35852,"date":"2022-11-02T07:34:41","date_gmt":"2022-11-02T07:34:41","guid":{"rendered":"https:\/\/jackpotlotteryonline.com\/?page_id=35852"},"modified":"2022-12-26T08:29:13","modified_gmt":"2022-12-26T08:29:13","slug":"vyherne-cisla","status":"publish","type":"page","link":"https:\/\/jackpotlotteryonline.com\/sk\/vyherne-cisla\/","title":{"rendered":"V\u00fdsledky lot\u00e9rie"},"content":{"rendered":"<h2>V\u00fdsledky lot\u00e9rie online<\/h2>\n<p>Pri takej \u0161irokej ponuke lot\u00e9ri\u00ed, ktor\u00e9 m\u00f4\u017eete hra\u0165, a jednoduchom pr\u00edstupe k internetu, ktor\u00fd dnes v\u0161etci m\u00e1me, mnoh\u00ed \u013eudia uprednost\u0148uj\u00fa r\u00fdchlu kontrolu v\u00fdsledkov lot\u00e9rie online. Ak ste si k\u00fapili \u017ereb lot\u00e9rie, ur\u010dite t\u00fa\u017eite zisti\u0165, ak\u00e9 s\u00fa v\u00fdhern\u00e9 \u010d\u00edsla pre dan\u00e9 \u017erebovanie. <strong>Teraz si m\u00f4\u017eete v\u00fdsledky medzin\u00e1rodn\u00fdch lot\u00e9riov\u00fdch jackpotov jednoducho skontrolova\u0165 online v priebehu nieko\u013ek\u00fdch sek\u00fand.<\/strong><\/p>\n<p>T\u00e1to slu\u017eba je dostupn\u00e1 na celom svete, preto bez oh\u013eadu na to, kde sa nach\u00e1dzate, \u010di ste na dovolenke, na slu\u017eobnej ceste v zahrani\u010d\u00ed alebo jednoducho v pr\u00e1ci \u010di s priate\u013emi, u\u017e nemus\u00edte zh\u00e1\u0148a\u0165 miestne noviny alebo \u010daka\u0165 nieko\u013eko dn\u00ed, k\u00fdm sa dozviete, \u010di ste vyhrali jackpot. Teraz m\u00f4\u017eete jednoducho nav\u0161t\u00edvi\u0165 na\u0161u webov\u00fa str\u00e1nku, vybra\u0165 v\u00fdsledky lot\u00e9rie, na ktor\u00fa ste vsadili, a r\u00fdchlo zisti\u0165, \u010di ste trafili nejak\u00e9 \u010d\u00edslo.<\/p>\n<section class=\"layout\" style=\"border: solid 1px; width: 100%;\">\n<div class=\"img-div\" style=\"margin-top: 5px;\"><img decoding=\"async\" class=\"wp-image-17212 alignleft\" style=\"height: 45px; margin: 8px 8px 0px;\" src=\"https:\/\/jackpotlotteryonline.com\/wp-content\/uploads\/2022\/11\/read1.jpg\" alt=\"pre\u010d\u00edtajte si\" width=\"\" height=\"\" \/><\/div>\n<div style=\"padding-left: 5px;\">\n<div style=\"font-size: 1.1em;\">\n<p><strong>Sledujte \u017erebovanie \u010d\u00edsel lot\u00e9rie v priamom prenose<\/strong><\/p>\n<p style=\"font-size: 0.85em; margin-top: -1.5em;\">Ako sledova\u0165 \u017eiv\u00e9 \u017erebovania ob\u013e\u00faben\u00fdch lot\u00e9ri\u00ed\u00a0 <a href=\"https:\/\/jackpotlotteryonline.com\/sk\/sledujte-ako-sa-losuju-cisla-v-loterii-nazivo\">\u010d\u00edtaj viac<\/a><\/p>\n<\/div>\n<\/div>\n<\/section>\n<h2>Medzin\u00e1rodn\u00e9 jackpotov\u00e9 lotto \u010d\u00edsla<\/h2>\n<p>Pozrite si tento t\u00fd\u017ede\u0148 v\u00fdhern\u00e9 \u010d\u00edsla najv\u00e4\u010d\u0161\u00edch medzin\u00e1rodn\u00fdch lot\u00e9riov\u00fdch jackpotov, ktor\u00e9 s\u00fa denne aktualizovan\u00e9 na na\u0161ej webovej str\u00e1nke. Uv\u00e1dzame zoznam najlep\u0161\u00edch a najv\u00e4\u010d\u0161\u00edch lot\u00e9ri\u00ed na plan\u00e9te vr\u00e1tane El Gordo, Euromillions, Mega Millions, Powerball, SuperEnaLotto a mnoh\u00fdch \u010fal\u0161\u00edch.<br \/>\n<img loading=\"lazy\" decoding=\"async\" class=\"alignright size-medium wp-image-19277\" src=\"https:\/\/jackpotlotteryonline.com\/wp-content\/uploads\/2022\/10\/2_ticket_powerball_au2-163x300.jpg\" alt=\"Skenovanie lot\u00e9rie\" width=\"163\" height=\"300\" srcset=\"https:\/\/jackpotlotteryonline.com\/wp-content\/uploads\/2022\/10\/2_ticket_powerball_au2-163x300.jpg 163w, https:\/\/jackpotlotteryonline.com\/wp-content\/uploads\/2022\/10\/2_ticket_powerball_au2.jpg 250w\" sizes=\"auto, (max-width: 163px) 100vw, 163px\" \/><\/p>\n<p><strong>Mo\u017eno si mysl\u00edte, \u017ee v\u00e4\u010d\u0161ina t\u00fdchto lot\u00e9ri\u00ed je pre v\u00e1s nedostupn\u00e1, ale nie je to pravda!<\/strong> V s\u00fa\u010dasnosti si m\u00f4\u017eete jednoducho <a href=\"https:\/\/jackpotlotteryonline.com\/sk\/kupit-vstupenky\">k\u00fapi\u0165 tikety online<\/a> takmer na v\u0161etky lot\u00e9rie. To znamen\u00e1, \u017ee nemus\u00edte \u017ei\u0165 v krajine, kde sa lot\u00e9ria kon\u00e1.<\/p>\n<p><strong>Umo\u017e\u0148uje v\u00e1m to slu\u017eba, ktor\u00fa poskytujeme.<\/strong><\/p>\n<p>Sta\u010d\u00ed klikn\u00fa\u0165 na niektor\u00e9 z vy\u0161\u0161ie uveden\u00fdch <a href=\"https:\/\/jackpotlotteryonline.com\/sk\/ako-hrat\">tla\u010didiel &#8220;Hra\u0165&#8221;<\/a> a dostanete sa na str\u00e1nku s v\u00fdberom \u010d\u00edsel pre dan\u00fa lot\u00e9riu. Vyberte si \u010d\u00edsla, zaregistrujte sa a zapla\u0165te online &#8211; je to tak\u00e9 jednoduch\u00e9! Okam\u017eite po dokon\u010den\u00ed n\u00e1kupu dostanete potvrdenie svojho osobn\u00e9ho tiketu a o nie\u010do nesk\u00f4r aj jeho sken. Z\u00e1rove\u0148 sa postar\u00e1me o to, aby ste dostali vyplaten\u00e9 to, \u010do ste vyhrali. Tieto celosvetov\u00e9 jackpoty m\u00f4\u017eu by\u0165 \u010dasto 100-kr\u00e1t vy\u0161\u0161ie ako vo va\u0161ej miestnej lot\u00e9rii, tak na \u010do e\u0161te \u010dak\u00e1te? Vyberte si!<\/p>\n<h2>Zistite, \u010di ste vyhrali &#8211; porovnajte svoj tiket s v\u00fdhern\u00fdmi \u010d\u00edslami<\/h2>\n<p>V\u00fdsledky lot\u00e9rie si m\u00f4\u017eete nielen skontrolova\u0165 online z notebooku, stoln\u00e9ho po\u010d\u00edta\u010da alebo dokonca z iPhonu doma alebo v kancel\u00e1rii, ale m\u00f4\u017eete si tie\u017e skontrolova\u0165 v\u00fdsledky mnoh\u00fdch lot\u00e9ri\u00ed hne\u010f na jednej str\u00e1nke.<\/p>\n<p>Po ka\u017edom \u017erebovan\u00ed sa v\u00fdsledky jednotliv\u00fdch lot\u00e9ri\u00ed aktualizuj\u00fa v re\u00e1lnom \u010dase. To znamen\u00e1, \u017ee v\u00fdsledky medzin\u00e1rodn\u00fdch jackpotov online s\u00fa k dispoz\u00edcii alebo si ich m\u00f4\u017eete pozrie\u0165 v priebehu nieko\u013ek\u00fdch okamihov po uskuto\u010dnen\u00ed \u017erebovania.<br \/>\n<img loading=\"lazy\" decoding=\"async\" class=\"alignright wp-image-19599\" src=\"https:\/\/jackpotlotteryonline.com\/wp-content\/uploads\/2022\/10\/1_balls_draw_lotto_numbers-200x300.jpg\" alt=\"V\u00fdhern\u00e9 \u010d\u00edsla lot\u00e9rie\" width=\"154\" height=\"231\" srcset=\"https:\/\/jackpotlotteryonline.com\/wp-content\/uploads\/2022\/10\/1_balls_draw_lotto_numbers-200x300.jpg 200w, https:\/\/jackpotlotteryonline.com\/wp-content\/uploads\/2022\/10\/1_balls_draw_lotto_numbers.jpg 320w\" sizes=\"auto, (max-width: 154px) 100vw, 154px\" \/><\/p>\n<p>Ak ste sa rozhodli k\u00fapi\u0165 si tiket lotto online, bez oh\u013eadu na to, o ak\u00fd typ lotta ide, kontrola v\u00fdsledkov lot\u00e9rie online tu na na\u0161ej str\u00e1nke je e\u0161te jednoduch\u0161ia. Je to preto, \u017ee v \u010dase, ke\u010f zad\u00e1vate svoj los online, budete musie\u0165 zada\u0165 svoju e-mailov\u00fa adresu. T\u00e1 je potrebn\u00e1 nielen na to, aby ste si mohli otvori\u0165 \u00fa\u010det na hranie, ale je potrebn\u00e1 aj na \u00fa\u010dely ozn\u00e1menia v\u00fdhry.<\/p>\n<p>Po uskuto\u010dnen\u00ed \u017erebovania lotta v\u00e1m bude automaticky e-mailom ozn\u00e1men\u00e9, \u010di ste trafili \u010d\u00edsla, ktor\u00e9 v\u00e1m mohli prinies\u0165 pe\u0148a\u017en\u00fa v\u00fdhru. Sta\u010d\u00ed skontrolova\u0165 svoju e-mailov\u00fa schr\u00e1nku.<\/p>\n<p>Takisto, ak ste si tu k\u00fapili svoj \u017ereb online, m\u00f4\u017eete sa prihl\u00e1si\u0165 do svojho klientskeho \u00fa\u010dtu a v\u00fdsledky sa zobrazia hne\u010f ved\u013ea v\u00e1\u0161ho \u017erebu na porovnanie. Tie \u010d\u00edsla na va\u0161om tikete, ktor\u00e9 sa zhoduj\u00fa so \u017erebovan\u00edm, bud\u00fa zv\u00fdraznen\u00e9. To je tak pohodln\u00e9, ako je to len v \u013eudsk\u00fdch sil\u00e1ch!<\/p>\n<p>V\u010faka to\u013ek\u00fdm skvel\u00fdm v\u00fdhod\u00e1m a praktick\u00fdm funkci\u00e1m, ako je napr\u00edklad mo\u017enos\u0165 r\u00fdchlo si skontrolova\u0165 v\u00fdsledky lot\u00e9rie online, <strong>sa teraz mnoho \u013eud\u00ed rozhoduje pre n\u00e1kup tiketov lotto online a nie v obchodoch.<\/strong><\/p>\n","protected":false},"excerpt":{"rendered":"<p>V\u00fdsledky lot\u00e9rie online Pri takej \u0161irokej ponuke lot\u00e9ri\u00ed, ktor\u00e9 m\u00f4\u017eete hra\u0165, a jednoduchom pr\u00edstupe k internetu, ktor\u00fd dnes v\u0161etci m\u00e1me, mnoh\u00ed \u013eudia uprednost\u0148uj\u00fa r\u00fdchlu kontrolu v\u00fdsledkov lot\u00e9rie online. Ak ste si k\u00fapili \u017ereb lot\u00e9rie, ur\u010dite t\u00fa\u017eite zisti\u0165, ak\u00e9 s\u00fa v\u00fdhern\u00e9 \u010d\u00edsla pre dan\u00e9 \u017erebovanie. Teraz si m\u00f4\u017eete v\u00fdsledky medzin\u00e1rodn\u00fdch lot\u00e9riov\u00fdch jackpotov jednoducho skontrolova\u0165 online v [&hellip;]<\/p>\n","protected":false},"author":1,"featured_media":0,"parent":0,"menu_order":4,"comment_status":"closed","ping_status":"closed","template":"Results.php","meta":{"_et_pb_use_builder":"","_et_pb_old_content":"","_et_gb_content_width":"","exclude_from_search":false,"footnotes":""},"class_list":["post-35852","page","type-page","status-publish","hentry"],"yoast_head":"<!-- This site is optimized with the Yoast SEO plugin v23.3 - https:\/\/yoast.com\/wordpress\/plugins\/seo\/ -->\n<title>V\u00fdhern\u00e9 \u010d\u00edsla a v\u00fdsledky jackpotov medzin\u00e1rodn\u00e9ho lota<\/title>\n<meta name=\"description\" content=\"T\u00e1to str\u00e1nka zobrazuje v\u00fdsledky a v\u00fdhern\u00e9 \u010d\u00edsla v\u00e4\u010d\u0161iny medzin\u00e1rodn\u00fdch jackpotov\u00fdch lot\u00e9ri\u00ed online\" \/>\n<meta name=\"robots\" content=\"index, follow, max-snippet:-1, max-image-preview:large, max-video-preview:-1\" \/>\n<link rel=\"canonical\" href=\"https:\/\/jackpotlotteryonline.com\/sk\/vyherne-cisla\/\" \/>\n<meta property=\"og:locale\" content=\"sk_SK\" \/>\n<meta property=\"og:type\" content=\"article\" \/>\n<meta property=\"og:title\" content=\"V\u00fdhern\u00e9 \u010d\u00edsla a v\u00fdsledky jackpotov medzin\u00e1rodn\u00e9ho lota\" \/>\n<meta property=\"og:description\" content=\"T\u00e1to str\u00e1nka zobrazuje v\u00fdsledky a v\u00fdhern\u00e9 \u010d\u00edsla v\u00e4\u010d\u0161iny medzin\u00e1rodn\u00fdch jackpotov\u00fdch lot\u00e9ri\u00ed online\" \/>\n<meta property=\"og:url\" content=\"https:\/\/jackpotlotteryonline.com\/sk\/vyherne-cisla\/\" \/>\n<meta property=\"og:site_name\" content=\"Lotto Online - Crack The International Lottery Jackpots\" \/>\n<meta property=\"article:modified_time\" content=\"2022-12-26T08:29:13+00:00\" \/>\n<meta property=\"og:image\" content=\"https:\/\/jackpotlotteryonline.com\/wp-content\/uploads\/2022\/11\/read1.jpg\" \/>\n<meta name=\"twitter:card\" content=\"summary_large_image\" \/>\n<meta name=\"twitter:label1\" content=\"Predpokladan\u00fd \u010das \u010d\u00edtania\" \/>\n\t<meta name=\"twitter:data1\" content=\"3 min\u00faty\" \/>\n<!-- \/ Yoast SEO plugin. -->","yoast_head_json":{"title":"V\u00fdhern\u00e9 \u010d\u00edsla a v\u00fdsledky jackpotov medzin\u00e1rodn\u00e9ho lota","description":"T\u00e1to str\u00e1nka zobrazuje v\u00fdsledky a v\u00fdhern\u00e9 \u010d\u00edsla v\u00e4\u010d\u0161iny medzin\u00e1rodn\u00fdch jackpotov\u00fdch lot\u00e9ri\u00ed online","robots":{"index":"index","follow":"follow","max-snippet":"max-snippet:-1","max-image-preview":"max-image-preview:large","max-video-preview":"max-video-preview:-1"},"canonical":"https:\/\/jackpotlotteryonline.com\/sk\/vyherne-cisla\/","og_locale":"sk_SK","og_type":"article","og_title":"V\u00fdhern\u00e9 \u010d\u00edsla a v\u00fdsledky jackpotov medzin\u00e1rodn\u00e9ho lota","og_description":"T\u00e1to str\u00e1nka zobrazuje v\u00fdsledky a v\u00fdhern\u00e9 \u010d\u00edsla v\u00e4\u010d\u0161iny medzin\u00e1rodn\u00fdch jackpotov\u00fdch lot\u00e9ri\u00ed online","og_url":"https:\/\/jackpotlotteryonline.com\/sk\/vyherne-cisla\/","og_site_name":"Lotto Online - Crack The International Lottery Jackpots","article_modified_time":"2022-12-26T08:29:13+00:00","og_image":[{"url":"https:\/\/jackpotlotteryonline.com\/wp-content\/uploads\/2022\/11\/read1.jpg"}],"twitter_card":"summary_large_image","twitter_misc":{"Predpokladan\u00fd \u010das \u010d\u00edtania":"3 min\u00faty"},"schema":{"@context":"https:\/\/schema.org","@graph":[{"@type":"WebPage","@id":"https:\/\/jackpotlotteryonline.com\/sk\/vyherne-cisla\/","url":"https:\/\/jackpotlotteryonline.com\/sk\/vyherne-cisla\/","name":"V\u00fdhern\u00e9 \u010d\u00edsla a v\u00fdsledky jackpotov medzin\u00e1rodn\u00e9ho lota","isPartOf":{"@id":"https:\/\/jackpotlotteryonline.com\/#website"},"primaryImageOfPage":{"@id":"https:\/\/jackpotlotteryonline.com\/sk\/vyherne-cisla\/#primaryimage"},"image":{"@id":"https:\/\/jackpotlotteryonline.com\/sk\/vyherne-cisla\/#primaryimage"},"thumbnailUrl":"https:\/\/jackpotlotteryonline.com\/wp-content\/uploads\/2022\/11\/read1.jpg","datePublished":"2022-11-02T07:34:41+00:00","dateModified":"2022-12-26T08:29:13+00:00","description":"T\u00e1to str\u00e1nka zobrazuje v\u00fdsledky a v\u00fdhern\u00e9 \u010d\u00edsla v\u00e4\u010d\u0161iny medzin\u00e1rodn\u00fdch jackpotov\u00fdch lot\u00e9ri\u00ed online","breadcrumb":{"@id":"https:\/\/jackpotlotteryonline.com\/sk\/vyherne-cisla\/#breadcrumb"},"inLanguage":"sk-SK","potentialAction":[{"@type":"ReadAction","target":["https:\/\/jackpotlotteryonline.com\/sk\/vyherne-cisla\/"]}]},{"@type":"ImageObject","inLanguage":"sk-SK","@id":"https:\/\/jackpotlotteryonline.com\/sk\/vyherne-cisla\/#primaryimage","url":"https:\/\/jackpotlotteryonline.com\/wp-content\/uploads\/2022\/11\/read1.jpg","contentUrl":"https:\/\/jackpotlotteryonline.com\/wp-content\/uploads\/2022\/11\/read1.jpg"},{"@type":"BreadcrumbList","@id":"https:\/\/jackpotlotteryonline.com\/sk\/vyherne-cisla\/#breadcrumb","itemListElement":[{"@type":"ListItem","position":1,"name":"Home","item":"https:\/\/jackpotlotteryonline.com\/sk\/"},{"@type":"ListItem","position":2,"name":"V\u00fdsledky lot\u00e9rie"}]},{"@type":"WebSite","@id":"https:\/\/jackpotlotteryonline.com\/#website","url":"https:\/\/jackpotlotteryonline.com\/","name":"Lotto Online - Crack The International Lottery Jackpots","description":"","potentialAction":[{"@type":"SearchAction","target":{"@type":"EntryPoint","urlTemplate":"https:\/\/jackpotlotteryonline.com\/?s={search_term_string}"},"query-input":"required name=search_term_string"}],"inLanguage":"sk-SK"}]}},"_links":{"self":[{"href":"https:\/\/jackpotlotteryonline.com\/sk\/wp-json\/wp\/v2\/pages\/35852","targetHints":{"allow":["GET"]}}],"collection":[{"href":"https:\/\/jackpotlotteryonline.com\/sk\/wp-json\/wp\/v2\/pages"}],"about":[{"href":"https:\/\/jackpotlotteryonline.com\/sk\/wp-json\/wp\/v2\/types\/page"}],"author":[{"embeddable":true,"href":"https:\/\/jackpotlotteryonline.com\/sk\/wp-json\/wp\/v2\/users\/1"}],"replies":[{"embeddable":true,"href":"https:\/\/jackpotlotteryonline.com\/sk\/wp-json\/wp\/v2\/comments?post=35852"}],"version-history":[{"count":0,"href":"https:\/\/jackpotlotteryonline.com\/sk\/wp-json\/wp\/v2\/pages\/35852\/revisions"}],"wp:attachment":[{"href":"https:\/\/jackpotlotteryonline.com\/sk\/wp-json\/wp\/v2\/media?parent=35852"}],"curies":[{"name":"wp","href":"https:\/\/api.w.org\/{rel}","templated":true}]}}