{"id":35905,"date":"2022-11-02T09:45:34","date_gmt":"2022-11-02T09:45:34","guid":{"rendered":"https:\/\/jackpotlotteryonline.com\/?page_id=35905"},"modified":"2022-12-19T09:26:40","modified_gmt":"2022-12-19T09:26:40","slug":"powerball","status":"publish","type":"page","link":"https:\/\/jackpotlotteryonline.com\/sk\/ako-hrat\/powerball\/","title":{"rendered":"Powerball USA"},"content":{"rendered":"<h2>Jackpot lot\u00e9rie Powerball online<\/h2>\n<p><img loading=\"lazy\" decoding=\"async\" class=\"alignright size-full wp-image-19358\" src=\"https:\/\/jackpotlotteryonline.com\/wp-content\/uploads\/2022\/10\/2_ticket_powerball3.jpg\" alt=\"Powerballov\u00fd tiket\" width=\"180\" height=\"194\" \/><\/p>\n<p>Pr\u00e1ve sa pozer\u00e1te na jednu z najstar\u0161\u00edch a najv\u00e4\u010d\u0161\u00edch lot\u00e9ri\u00ed v USA. Jackpot lot\u00e9rie Powerball pon\u00faka viac\u0161t\u00e1tna lot\u00e9riov\u00e1 komisia, ktor\u00fa tvor\u00ed 41 \u0161t\u00e1tov USA. Okrem 8 \u0161t\u00e1tov (Nevada, Kalifornia, Utah, Mississippi, Wyoming, Alabama, Havaj a Alja\u0161ka) sa prev\u00e1dzkuje vo v\u0161etk\u00fdch \u0161t\u00e1toch USA (vr\u00e1tane Panensk\u00fdch ostrovov a District of Columbia).<\/p>\n<p>Jackpot lot\u00e9rie Powerball online nieko\u013ekokr\u00e1t prekro\u010dil sumu 300 mili\u00f3nov dol\u00e1rov a najvy\u0161\u0161\u00ed jackpot v hist\u00f3rii bol 1500 mili\u00f3nov dol\u00e1rov. Zvy\u010dajne sa jackpoty za\u010d\u00ednaj\u00fa na 20 mili\u00f3noch dol\u00e1rov a zaka\u017ed\u00fdm, ke\u010f sa jackpot neudrel, sa zvy\u0161uj\u00fa najmenej o 5 mili\u00f3nov dol\u00e1rov.<\/p>\n<section class=\"layout\" style=\"border: solid 1px; width: 100%;\">\n<div class=\"img-div\" style=\"margin-top: 5px;\"><img decoding=\"async\" class=\"wp-image-17212 alignleft\" style=\"height: 45px; margin: 8px 8px 0px;\" src=\"https:\/\/jackpotlotteryonline.com\/wp-content\/uploads\/2022\/11\/read1.jpg\" alt=\"najv\u00e4\u010d\u0161\u00ed jackpot lotto\" width=\"\" height=\"\" \/><\/div>\n<div style=\"padding-left: 5px;\">\n<div style=\"font-size: 1.1em;\">\n<p><strong>Historick\u00e9 rekordn\u00e9 jackpoty v lot\u00e9rii<\/strong><\/p>\n<p style=\"font-size: 0.85em; margin-top: -1.5em;\">Najv\u00e4\u010d\u0161ie jackpoty lotto v hist\u00f3rii v\u00e1m zamotaj\u00fa hlavu <a href=\"https:\/\/jackpotlotteryonline.com\/sk\/najvacsie-jackpoty-lotto-v-historii\">\u010d\u00edtaj viac<\/a><\/p>\n<\/div>\n<\/div>\n<\/section>\n<h2>Ako hra\u0165 lot\u00e9riu Powerball<\/h2>\n<p>Loterijn\u00fd tiket s<strong>i m<a href=\"https:\/\/jackpotlotteryonline.com\/sk\/kupit-vstupenky\/powerball\">\u00f4\u017eete jednoducho zaobstara\u0165 online<\/a> prostredn\u00edctvom na\u0161ej webovej str\u00e1nky. Ak chcete hra\u0165 a vyhra\u0165 jackpot lot\u00e9rie Powerball<\/strong>, nemus\u00edte by\u0165 ob\u010danom USA &#8211; m\u00f4\u017eete \u017ei\u0165 mimo USA, ale mus\u00edte ma\u0165 aspo\u0148 18 rokov. Sta\u010d\u00ed, ak kliknete na jeden z lot\u00e9riov\u00fdch bannerov, zaregistrujete sa, over\u00edte sa a vykon\u00e1te platbu. O zvy\u0161ok sa postar\u00e1me v\u017edy, ke\u010f zad\u00e1te objedn\u00e1vku. N\u00e1kup tiketov, doru\u010denie a pomoc s logistikou pe\u0148az\u00ed s\u00fa oblasti, s ktor\u00fdmi v\u00e1m m\u00f4\u017eeme pom\u00f4c\u0165.<br \/>\n<img loading=\"lazy\" decoding=\"async\" class=\"alignright size-full wp-image-18167\" src=\"https:\/\/jackpotlotteryonline.com\/wp-content\/uploads\/2022\/10\/powerball_globe_logo.png\" alt=\"Zahrajte si powerball online\" width=\"200\" height=\"212\" \/><\/p>\n<p>Ak chcete trafi\u0165 jackpot lot\u00e9rie Powerball, mus\u00edte spr\u00e1vne trafi\u0165 p\u00e4\u0165 \u010d\u00edsel z 59 a navy\u0161e \u010d\u00edslo Powerball v rozmedz\u00ed 1 a\u017e 39. Existuje dev\u00e4\u0165 sp\u00f4sobov, ako vyhra\u0165, a jednu cenu z\u00edskate u\u017e vtedy, ak traf\u00edte \u010d\u00edslo Powerball.<\/p>\n<p><a href=\"https:\/\/jackpotlotteryonline.com\/sk\/kupit-vstupenky\/powerball\">Jackpot lot\u00e9rie Powerball<\/a> online je tradi\u010dn\u00e1 dvoj\u0165a\u017eka. V jednom bubne je 59 bielych lopti\u010diek v druhom bubne je 39 \u010derven\u00fdch lopti\u010diek. Vy si budete musie\u0165 vybra\u0165 5 bielych lopti\u010diek a jednu \u010derven\u00fa. Lopti\u010dky si m\u00f4\u017eete vybra\u0165 n\u00e1hodne a poradie v\u00fdberu nem\u00e1 na v\u00fdsledok \u017eiadny vplyv.<\/p>\n<p>Rozhodne m\u00e1 hranie jackpotu lot\u00e9rie Powerball online svoje v\u00fdhody a v\u010faka \u00fa\u017easn\u00fdm \u0161anciam na v\u00fdhru je o t\u00fato lot\u00e9riu ve\u013ek\u00fd z\u00e1ujem.<\/p>\n<h2>Je \u010das sk\u00fasi\u0165 \u0161\u0165astie v hre Powerball<\/h2>\n<p>Ak patr\u00edte k \u013eu\u010fom, ktor\u00ed radi sk\u00fa\u0161aj\u00fa svoje \u0161\u0165astie v hazardn\u00fdch hr\u00e1ch, lot\u00e9ria Powerball je ur\u010dite to spr\u00e1vne miesto, kde za\u010da\u0165. Na na\u0161ej webovej str\u00e1nke n\u00e1jdete mnoho \u010fal\u0161\u00edch inform\u00e1ci\u00ed, ktor\u00e9 v\u00e1m pom\u00f4\u017eu pri rozhodovan\u00ed, ktor\u00e9 \u010d\u00edsla si vybra\u0165 a hra\u0165.<\/p>\n<p>Mnoh\u00ed \u013eudia maj\u00fa tendenciu myslie\u0165 si, \u017ee lot\u00e9ria je n\u00e1hodn\u00e1 hra. Ke\u010f v\u0161ak pochopia, ako lot\u00e9ria Powerball funguje, m\u00f4\u017eu ma\u0165 tendenciu rozm\u00fd\u0161\u013ea\u0165 trochu inak. <strong>V lot\u00e9rii Powerball u\u017e vyhralo mnoho \u013eud\u00ed a neexistuje d\u00f4vod, pre\u010do by ste nemohli by\u0165 jedn\u00fdm z nich. Za\u010dnite teraz&#8230;!<\/strong><\/p>\n","protected":false},"excerpt":{"rendered":"<p>Jackpot lot\u00e9rie Powerball online Pr\u00e1ve sa pozer\u00e1te na jednu z najstar\u0161\u00edch a najv\u00e4\u010d\u0161\u00edch lot\u00e9ri\u00ed v USA. Jackpot lot\u00e9rie Powerball pon\u00faka viac\u0161t\u00e1tna lot\u00e9riov\u00e1 komisia, ktor\u00fa tvor\u00ed 41 \u0161t\u00e1tov USA. Okrem 8 \u0161t\u00e1tov (Nevada, Kalifornia, Utah, Mississippi, Wyoming, Alabama, Havaj a Alja\u0161ka) sa prev\u00e1dzkuje vo v\u0161etk\u00fdch \u0161t\u00e1toch USA (vr\u00e1tane Panensk\u00fdch ostrovov a District of Columbia). Jackpot lot\u00e9rie [&hellip;]<\/p>\n","protected":false},"author":1,"featured_media":0,"parent":35719,"menu_order":1,"comment_status":"closed","ping_status":"closed","template":"powerball-usa.php","meta":{"_et_pb_use_builder":"","_et_pb_old_content":"","_et_gb_content_width":"","exclude_from_search":false,"footnotes":""},"class_list":["post-35905","page","type-page","status-publish","hentry"],"yoast_head":"<!-- This site is optimized with the Yoast SEO plugin v23.3 - https:\/\/yoast.com\/wordpress\/plugins\/seo\/ -->\n<title>Zahrajte si lot\u00e9riu Powerball online, z kraj\u00edn mimo USA<\/title>\n<meta name=\"description\" content=\"Lot\u00e9ria Powerball je jednou z najstar\u0161\u00edch lot\u00e9ri\u00ed v USA - pre\u010d\u00edtajte si tento \u010dl\u00e1nok a zistite, ako m\u00f4\u017eete hra\u0165 online a z krajiny mimo USA u\u017e dnes!\" \/>\n<meta name=\"robots\" content=\"index, follow, max-snippet:-1, max-image-preview:large, max-video-preview:-1\" \/>\n<link rel=\"canonical\" href=\"https:\/\/jackpotlotteryonline.com\/sk\/ako-hrat\/powerball\/\" \/>\n<meta property=\"og:locale\" content=\"sk_SK\" \/>\n<meta property=\"og:type\" content=\"article\" \/>\n<meta property=\"og:title\" content=\"Zahrajte si lot\u00e9riu Powerball online, z kraj\u00edn mimo USA\" \/>\n<meta property=\"og:description\" content=\"Lot\u00e9ria Powerball je jednou z najstar\u0161\u00edch lot\u00e9ri\u00ed v USA - pre\u010d\u00edtajte si tento \u010dl\u00e1nok a zistite, ako m\u00f4\u017eete hra\u0165 online a z krajiny mimo USA u\u017e dnes!\" \/>\n<meta property=\"og:url\" content=\"https:\/\/jackpotlotteryonline.com\/sk\/ako-hrat\/powerball\/\" \/>\n<meta property=\"og:site_name\" content=\"Lotto Online - Crack The International Lottery Jackpots\" \/>\n<meta property=\"article:modified_time\" content=\"2022-12-19T09:26:40+00:00\" \/>\n<meta property=\"og:image\" content=\"https:\/\/jackpotlotteryonline.com\/wp-content\/uploads\/2022\/10\/2_ticket_powerball3.jpg\" \/>\n<meta name=\"twitter:card\" content=\"summary_large_image\" \/>\n<meta name=\"twitter:label1\" content=\"Predpokladan\u00fd \u010das \u010d\u00edtania\" \/>\n\t<meta name=\"twitter:data1\" content=\"2 min\u00faty\" \/>\n<!-- \/ Yoast SEO plugin. -->","yoast_head_json":{"title":"Zahrajte si lot\u00e9riu Powerball online, z kraj\u00edn mimo USA","description":"Lot\u00e9ria Powerball je jednou z najstar\u0161\u00edch lot\u00e9ri\u00ed v USA - pre\u010d\u00edtajte si tento \u010dl\u00e1nok a zistite, ako m\u00f4\u017eete hra\u0165 online a z krajiny mimo USA u\u017e dnes!","robots":{"index":"index","follow":"follow","max-snippet":"max-snippet:-1","max-image-preview":"max-image-preview:large","max-video-preview":"max-video-preview:-1"},"canonical":"https:\/\/jackpotlotteryonline.com\/sk\/ako-hrat\/powerball\/","og_locale":"sk_SK","og_type":"article","og_title":"Zahrajte si lot\u00e9riu Powerball online, z kraj\u00edn mimo USA","og_description":"Lot\u00e9ria Powerball je jednou z najstar\u0161\u00edch lot\u00e9ri\u00ed v USA - pre\u010d\u00edtajte si tento \u010dl\u00e1nok a zistite, ako m\u00f4\u017eete hra\u0165 online a z krajiny mimo USA u\u017e dnes!","og_url":"https:\/\/jackpotlotteryonline.com\/sk\/ako-hrat\/powerball\/","og_site_name":"Lotto Online - Crack The International Lottery Jackpots","article_modified_time":"2022-12-19T09:26:40+00:00","og_image":[{"url":"https:\/\/jackpotlotteryonline.com\/wp-content\/uploads\/2022\/10\/2_ticket_powerball3.jpg"}],"twitter_card":"summary_large_image","twitter_misc":{"Predpokladan\u00fd \u010das \u010d\u00edtania":"2 min\u00faty"},"schema":{"@context":"https:\/\/schema.org","@graph":[{"@type":"WebPage","@id":"https:\/\/jackpotlotteryonline.com\/sk\/ako-hrat\/powerball\/","url":"https:\/\/jackpotlotteryonline.com\/sk\/ako-hrat\/powerball\/","name":"Zahrajte si lot\u00e9riu Powerball online, z kraj\u00edn mimo USA","isPartOf":{"@id":"https:\/\/jackpotlotteryonline.com\/#website"},"primaryImageOfPage":{"@id":"https:\/\/jackpotlotteryonline.com\/sk\/ako-hrat\/powerball\/#primaryimage"},"image":{"@id":"https:\/\/jackpotlotteryonline.com\/sk\/ako-hrat\/powerball\/#primaryimage"},"thumbnailUrl":"https:\/\/jackpotlotteryonline.com\/wp-content\/uploads\/2022\/10\/2_ticket_powerball3.jpg","datePublished":"2022-11-02T09:45:34+00:00","dateModified":"2022-12-19T09:26:40+00:00","description":"Lot\u00e9ria Powerball je jednou z najstar\u0161\u00edch lot\u00e9ri\u00ed v USA - pre\u010d\u00edtajte si tento \u010dl\u00e1nok a zistite, ako m\u00f4\u017eete hra\u0165 online a z krajiny mimo USA u\u017e dnes!","breadcrumb":{"@id":"https:\/\/jackpotlotteryonline.com\/sk\/ako-hrat\/powerball\/#breadcrumb"},"inLanguage":"sk-SK","potentialAction":[{"@type":"ReadAction","target":["https:\/\/jackpotlotteryonline.com\/sk\/ako-hrat\/powerball\/"]}]},{"@type":"ImageObject","inLanguage":"sk-SK","@id":"https:\/\/jackpotlotteryonline.com\/sk\/ako-hrat\/powerball\/#primaryimage","url":"https:\/\/jackpotlotteryonline.com\/wp-content\/uploads\/2022\/10\/2_ticket_powerball3.jpg","contentUrl":"https:\/\/jackpotlotteryonline.com\/wp-content\/uploads\/2022\/10\/2_ticket_powerball3.jpg"},{"@type":"BreadcrumbList","@id":"https:\/\/jackpotlotteryonline.com\/sk\/ako-hrat\/powerball\/#breadcrumb","itemListElement":[{"@type":"ListItem","position":1,"name":"Home","item":"https:\/\/jackpotlotteryonline.com\/sk\/"},{"@type":"ListItem","position":2,"name":"Ako hra\u0165","item":"https:\/\/jackpotlotteryonline.com\/sk\/ako-hrat\/"},{"@type":"ListItem","position":3,"name":"Powerball USA"}]},{"@type":"WebSite","@id":"https:\/\/jackpotlotteryonline.com\/#website","url":"https:\/\/jackpotlotteryonline.com\/","name":"Lotto Online - Crack The International Lottery Jackpots","description":"","potentialAction":[{"@type":"SearchAction","target":{"@type":"EntryPoint","urlTemplate":"https:\/\/jackpotlotteryonline.com\/?s={search_term_string}"},"query-input":"required name=search_term_string"}],"inLanguage":"sk-SK"}]}},"_links":{"self":[{"href":"https:\/\/jackpotlotteryonline.com\/sk\/wp-json\/wp\/v2\/pages\/35905","targetHints":{"allow":["GET"]}}],"collection":[{"href":"https:\/\/jackpotlotteryonline.com\/sk\/wp-json\/wp\/v2\/pages"}],"about":[{"href":"https:\/\/jackpotlotteryonline.com\/sk\/wp-json\/wp\/v2\/types\/page"}],"author":[{"embeddable":true,"href":"https:\/\/jackpotlotteryonline.com\/sk\/wp-json\/wp\/v2\/users\/1"}],"replies":[{"embeddable":true,"href":"https:\/\/jackpotlotteryonline.com\/sk\/wp-json\/wp\/v2\/comments?post=35905"}],"version-history":[{"count":0,"href":"https:\/\/jackpotlotteryonline.com\/sk\/wp-json\/wp\/v2\/pages\/35905\/revisions"}],"up":[{"embeddable":true,"href":"https:\/\/jackpotlotteryonline.com\/sk\/wp-json\/wp\/v2\/pages\/35719"}],"wp:attachment":[{"href":"https:\/\/jackpotlotteryonline.com\/sk\/wp-json\/wp\/v2\/media?parent=35905"}],"curies":[{"name":"wp","href":"https:\/\/api.w.org\/{rel}","templated":true}]}}