{"id":35970,"date":"2022-11-02T12:36:12","date_gmt":"2022-11-02T12:36:12","guid":{"rendered":"https:\/\/jackpotlotteryonline.com\/?page_id=35970"},"modified":"2022-12-30T19:31:16","modified_gmt":"2022-12-30T19:31:16","slug":"mega-millions","status":"publish","type":"page","link":"https:\/\/jackpotlotteryonline.com\/sk\/ako-hrat\/mega-millions\/","title":{"rendered":"Mega Millions USA"},"content":{"rendered":"<h2>Mega Millions Online Lotto Jackpot<\/h2>\n<p>Jackpotov\u00e1 lot\u00e9ria Mega Millions s\u00eddli v Michigane v USA a hr\u00e1 sa v 12 feder\u00e1lnych \u0161t\u00e1toch USA. Ke\u010f\u017ee \u017erebovania s\u00fa napl\u00e1novan\u00e9 na ka\u017ed\u00fd utorok a piatok ve\u010der o 20:00, frekvencia v\u00fdhier m\u00f4\u017ee by\u0165 pre \u0161\u0165astn\u00e9ho hr\u00e1\u010da pomerne vysok\u00e1. Tiket Mega Millions je relat\u00edvne lacn\u00fd a najv\u00e4\u010d\u0161\u00ed jackpot, ktor\u00fd bol kedy vyplaten\u00fd, bol za viac ako 1500 mili\u00f3nov dol\u00e1rov.<br \/>\n<img loading=\"lazy\" decoding=\"async\" class=\"alignright size-full wp-image-17546\" src=\"https:\/\/jackpotlotteryonline.com\/wp-content\/uploads\/2022\/10\/logo_Mega_Millions_233x110.png\" alt=\"Hra\u0165 mega mili\u00f3ny online\" width=\"232\" height=\"110\" \/><\/p>\n<p>No ak uva\u017eujete o hran\u00ed Mega Millions, a to aj pravidelne, viete si predstavi\u0165, ko\u013eko \u010dasu a energie si vy\u017eaduje beha\u0165 na lot\u00e9riu dvakr\u00e1t t\u00fd\u017edenne. Najlep\u0161\u00edm sp\u00f4sobom, ako odstr\u00e1ni\u0165 komplik\u00e1cie a u\u0161etri\u0165 \u010das, by bolo hra\u0165 online. <a href=\"https:\/\/jackpotlotteryonline.com\/sk\/vyherne-cisla\/mega-millions\">K\u00fapa tiketu<\/a> s va\u0161imi ob\u013e\u00faben\u00fdmi \u010d\u00edslami a jeho doru\u010denie a\u017e k v\u00e1m domov e\u0161te nikdy nebolo tak\u00e9 jednoduch\u00e9. S na\u0161ou pomocou m\u00f4\u017ee jackpot Mega Millions Lotto vyhra\u0165 online ka\u017ed\u00fd na svete!<\/p>\n<h2>Ako hra\u0165 Mega Millions online<\/h2>\n<p>Lot\u00e9ria Mega Millions za\u010d\u00edna sumou 20 mili\u00f3nov dol\u00e1rov a zap\u00edsala sa do hist\u00f3rie, ke\u010f dosiahla 1,5 miliardy dol\u00e1rov, \u010do je najvy\u0161\u0161\u00ed jackpot v hist\u00f3rii lot\u00e9rie v USA! Hr\u00e1\u010di si m\u00f4\u017eu vybra\u0165 p\u00e4\u0165 \u010d\u00edsel od 1 do 56 (biela lopti\u010dka) plus jedno takzvan\u00e9 Mega \u010d\u00edslo od 1 do 46 (zlat\u00e1 lopti\u010dka).<br \/>\n<img loading=\"lazy\" decoding=\"async\" class=\"alignright size-full wp-image-19115\" src=\"https:\/\/jackpotlotteryonline.com\/wp-content\/uploads\/2022\/10\/2_ticket_mega_millions3.jpg\" alt=\"Skenovanie tiketu mega mili\u00f3ny\" width=\"180\" height=\"193\" \/><\/p>\n<p>Ak chcete tento jackpot rozl\u00fasknu\u0165, mus\u00edte spr\u00e1vne trafi\u0165 v\u0161etk\u00fdch p\u00e4\u0165 \u010d\u00edsel a mega \u010d\u00edslo. Ale aj ke\u010f jackpot nerozl\u00fasknete, m\u00e1te ve\u013ek\u00fa \u0161ancu na v\u00fdhru, preto\u017ee vyhr\u00e1va 1 zo 40 tiketov. Ka\u017ed\u00fd bude s\u00fahlasi\u0165, \u017ee to s\u00fa ve\u013emi dobr\u00e9 \u0161ance na v\u00fdhru v lot\u00e9rii.<\/p>\n<p>Jackpot sa vyplat\u00ed v 26 ro\u010dn\u00fdch spl\u00e1tkach, ktor\u00e9 sa naz\u00fdvaj\u00fa aj mo\u017enos\u0165 renty, alebo sa m\u00f4\u017eete rozhodn\u00fa\u0165 pre vyplatenie v hotovosti, pri ktorom v\u00e1m bude vyplaten\u00e1 s\u00fa\u010dasn\u00e1 hodnota renty. <a href=\"https:\/\/jackpotlotteryonline.com\/sk\/vyherne-cisla\/mega-millions\">\u017drebovanie<\/a> sa zvy\u010dajne kon\u00e1 v Idahu (Georgia), ale ke\u010f jackpot prekro\u010d\u00ed hranicu 200 mili\u00f3nov dol\u00e1rov, \u017erebovanie sa kon\u00e1 na Times Square (New York).<\/p>\n<p>Ak chcete hra\u0165 t\u00fato lot\u00e9riu, mus\u00edte ma\u0165 aspo\u0148 18 rokov, ale nemus\u00edte by\u0165 ob\u010danom ani obyvate\u013eom USA. S na\u0161ou pomocou m\u00f4\u017eete hra\u0165 aj mimo USA, vlastne odkia\u013eko\u013evek na svete. V skuto\u010dnosti v\u00e1m pom\u00f4\u017eeme aj s t\u00fdm, aby ste vyhran\u00fa v\u00fdhru dostali bezpe\u010dne a bez ak\u00fdchko\u013evek probl\u00e9mov.<\/p>\n<h2>Dodatky<\/h2>\n<p>Takmer vo v\u0161etk\u00fdch jurisdikci\u00e1ch (42 zo 43, okrem Kalifornie) Mega Millions maj\u00fa hr\u00e1\u010di mo\u017enos\u0165 aktivova\u0165 si pr\u00eddavok s n\u00e1zvom Megaplier. Megaplier zdvojn\u00e1sobuje st\u00e1vku v hre a hr\u00e1\u010di m\u00f4\u017eu nejackpotov\u00e9 v\u00fdhry vyn\u00e1sobi\u0165 2,3 alebo 4. Samozrejme, \u017ee tu nie je potrebn\u00e9 spom\u00edna\u0165, \u017ee kurzy klesaj\u00fa.<\/p>\n<p>Tak\u017ee ke\u010f je v st\u00e1vke to\u013eko, je na\u010dase, aby ste zv\u00e1\u017eili hranie Mega Millions, m\u00f4\u017ee v\u00e1m splni\u0165 va\u0161e sny. Zaregistrujte sa na na\u0161ej webovej str\u00e1nke a vysk\u00fa\u0161ajte si najv\u00e4\u010d\u0161iu americk\u00fa lot\u00e9riu v\u00f4bec.<\/p>\n<section class=\"layout\" style=\"border: solid 1px; width: 100%;\">\n<div class=\"img-div\" style=\"margin-top: 5px;\"><img decoding=\"async\" class=\"wp-image-17212 alignleft\" style=\"height: 45px; margin: 8px 8px 0px;\" src=\"https:\/\/jackpotlotteryonline.com\/wp-content\/uploads\/2022\/11\/read1.jpg\" alt=\"pre\u010d\u00edtajte si\" width=\"\" height=\"\" \/><\/div>\n<div style=\"padding-left: 5px;\">\n<div style=\"font-size: 1.1em;\">\n<p><strong>Va\u0161a n\u00e1rodn\u00e1 lot\u00e9ria v medzin\u00e1rodnom porovnan\u00ed<\/strong><\/p>\n<p style=\"font-size: 0.85em; margin-top: -1.5em;\">Va\u0161a miestna lot\u00e9ria m\u00f4\u017ee by\u0165 tou najhor\u0161ou mo\u017enos\u0165ou &#8211; pre\u010do je rozumnej\u0161ie zaplati\u0165 viac, ale \u00eds\u0165 po v\u00e4\u010d\u0161\u00edch jackpotoch\u00a0<a href=\"https:\/\/jackpotlotteryonline.com\/sk\/vasa-narodna-loteria-v-medzinarodnom-porovnani\"> \u010d\u00edtaj viac<\/a><\/p>\n<\/div>\n<\/div>\n<\/section>\n","protected":false},"excerpt":{"rendered":"<p>Mega Millions Online Lotto Jackpot Jackpotov\u00e1 lot\u00e9ria Mega Millions s\u00eddli v Michigane v USA a hr\u00e1 sa v 12 feder\u00e1lnych \u0161t\u00e1toch USA. Ke\u010f\u017ee \u017erebovania s\u00fa napl\u00e1novan\u00e9 na ka\u017ed\u00fd utorok a piatok ve\u010der o 20:00, frekvencia v\u00fdhier m\u00f4\u017ee by\u0165 pre \u0161\u0165astn\u00e9ho hr\u00e1\u010da pomerne vysok\u00e1. Tiket Mega Millions je relat\u00edvne lacn\u00fd a najv\u00e4\u010d\u0161\u00ed jackpot, ktor\u00fd bol kedy [&hellip;]<\/p>\n","protected":false},"author":1,"featured_media":0,"parent":35719,"menu_order":2,"comment_status":"closed","ping_status":"closed","template":"megamillion.php","meta":{"_et_pb_use_builder":"","_et_pb_old_content":"","_et_gb_content_width":"","exclude_from_search":false,"footnotes":""},"class_list":["post-35970","page","type-page","status-publish","hentry"],"yoast_head":"<!-- This site is optimized with the Yoast SEO plugin v23.3 - https:\/\/yoast.com\/wordpress\/plugins\/seo\/ -->\n<title>Zahrajte si Mega Millions online z \u00fazemia mimo USA<\/title>\n<meta name=\"description\" content=\"Jackpot americk\u00e9ho lota Mega Millions je matkou v\u0161etk\u00fdch lot\u00e9ri\u00ed a teraz ho m\u00f4\u017eete hra\u0165 online, aj ke\u010f \u017eijete mimo USA\" \/>\n<meta name=\"robots\" content=\"index, follow, max-snippet:-1, max-image-preview:large, max-video-preview:-1\" \/>\n<link rel=\"canonical\" href=\"https:\/\/jackpotlotteryonline.com\/play-online\/mega-millions\/\" \/>\n<meta property=\"og:locale\" content=\"sk_SK\" \/>\n<meta property=\"og:type\" content=\"article\" \/>\n<meta property=\"og:title\" content=\"Zahrajte si Mega Millions online z \u00fazemia mimo USA\" \/>\n<meta property=\"og:description\" content=\"Jackpot americk\u00e9ho lota Mega Millions je matkou v\u0161etk\u00fdch lot\u00e9ri\u00ed a teraz ho m\u00f4\u017eete hra\u0165 online, aj ke\u010f \u017eijete mimo USA\" \/>\n<meta property=\"og:url\" content=\"https:\/\/jackpotlotteryonline.com\/play-online\/mega-millions\/\" \/>\n<meta property=\"og:site_name\" content=\"Lotto Online - Crack The International Lottery Jackpots\" \/>\n<meta property=\"article:modified_time\" content=\"2022-12-30T19:31:16+00:00\" \/>\n<meta property=\"og:image\" content=\"https:\/\/jackpotlotteryonline.com\/wp-content\/uploads\/2022\/10\/logo_Mega_Millions_233x110.png\" \/>\n<meta name=\"twitter:card\" content=\"summary_large_image\" \/>\n<meta name=\"twitter:label1\" content=\"Predpokladan\u00fd \u010das \u010d\u00edtania\" \/>\n\t<meta name=\"twitter:data1\" content=\"3 min\u00faty\" \/>\n<!-- \/ Yoast SEO plugin. -->","yoast_head_json":{"title":"Zahrajte si Mega Millions online z \u00fazemia mimo USA","description":"Jackpot americk\u00e9ho lota Mega Millions je matkou v\u0161etk\u00fdch lot\u00e9ri\u00ed a teraz ho m\u00f4\u017eete hra\u0165 online, aj ke\u010f \u017eijete mimo USA","robots":{"index":"index","follow":"follow","max-snippet":"max-snippet:-1","max-image-preview":"max-image-preview:large","max-video-preview":"max-video-preview:-1"},"canonical":"https:\/\/jackpotlotteryonline.com\/play-online\/mega-millions\/","og_locale":"sk_SK","og_type":"article","og_title":"Zahrajte si Mega Millions online z \u00fazemia mimo USA","og_description":"Jackpot americk\u00e9ho lota Mega Millions je matkou v\u0161etk\u00fdch lot\u00e9ri\u00ed a teraz ho m\u00f4\u017eete hra\u0165 online, aj ke\u010f \u017eijete mimo USA","og_url":"https:\/\/jackpotlotteryonline.com\/play-online\/mega-millions\/","og_site_name":"Lotto Online - Crack The International Lottery Jackpots","article_modified_time":"2022-12-30T19:31:16+00:00","og_image":[{"url":"https:\/\/jackpotlotteryonline.com\/wp-content\/uploads\/2022\/10\/logo_Mega_Millions_233x110.png"}],"twitter_card":"summary_large_image","twitter_misc":{"Predpokladan\u00fd \u010das \u010d\u00edtania":"3 min\u00faty"},"schema":{"@context":"https:\/\/schema.org","@graph":[{"@type":"WebPage","@id":"https:\/\/jackpotlotteryonline.com\/play-online\/mega-millions\/","url":"https:\/\/jackpotlotteryonline.com\/play-online\/mega-millions\/","name":"Zahrajte si Mega Millions online z \u00fazemia mimo USA","isPartOf":{"@id":"https:\/\/jackpotlotteryonline.com\/#website"},"primaryImageOfPage":{"@id":"https:\/\/jackpotlotteryonline.com\/play-online\/mega-millions\/#primaryimage"},"image":{"@id":"https:\/\/jackpotlotteryonline.com\/play-online\/mega-millions\/#primaryimage"},"thumbnailUrl":"https:\/\/jackpotlotteryonline.com\/wp-content\/uploads\/2022\/10\/logo_Mega_Millions_233x110.png","datePublished":"2022-11-02T12:36:12+00:00","dateModified":"2022-12-30T19:31:16+00:00","description":"Jackpot americk\u00e9ho lota Mega Millions je matkou v\u0161etk\u00fdch lot\u00e9ri\u00ed a teraz ho m\u00f4\u017eete hra\u0165 online, aj ke\u010f \u017eijete mimo USA","breadcrumb":{"@id":"https:\/\/jackpotlotteryonline.com\/play-online\/mega-millions\/#breadcrumb"},"inLanguage":"sk-SK","potentialAction":[{"@type":"ReadAction","target":["https:\/\/jackpotlotteryonline.com\/play-online\/mega-millions\/"]}]},{"@type":"ImageObject","inLanguage":"sk-SK","@id":"https:\/\/jackpotlotteryonline.com\/play-online\/mega-millions\/#primaryimage","url":"https:\/\/jackpotlotteryonline.com\/wp-content\/uploads\/2022\/10\/logo_Mega_Millions_233x110.png","contentUrl":"https:\/\/jackpotlotteryonline.com\/wp-content\/uploads\/2022\/10\/logo_Mega_Millions_233x110.png"},{"@type":"BreadcrumbList","@id":"https:\/\/jackpotlotteryonline.com\/play-online\/mega-millions\/#breadcrumb","itemListElement":[{"@type":"ListItem","position":1,"name":"Home","item":"https:\/\/jackpotlotteryonline.com\/sk\/"},{"@type":"ListItem","position":2,"name":"Ako hra\u0165","item":"https:\/\/jackpotlotteryonline.com\/sk\/ako-hrat\/"},{"@type":"ListItem","position":3,"name":"Mega Millions USA"}]},{"@type":"WebSite","@id":"https:\/\/jackpotlotteryonline.com\/#website","url":"https:\/\/jackpotlotteryonline.com\/","name":"Lotto Online - Crack The International Lottery Jackpots","description":"","potentialAction":[{"@type":"SearchAction","target":{"@type":"EntryPoint","urlTemplate":"https:\/\/jackpotlotteryonline.com\/?s={search_term_string}"},"query-input":"required name=search_term_string"}],"inLanguage":"sk-SK"}]}},"_links":{"self":[{"href":"https:\/\/jackpotlotteryonline.com\/sk\/wp-json\/wp\/v2\/pages\/35970","targetHints":{"allow":["GET"]}}],"collection":[{"href":"https:\/\/jackpotlotteryonline.com\/sk\/wp-json\/wp\/v2\/pages"}],"about":[{"href":"https:\/\/jackpotlotteryonline.com\/sk\/wp-json\/wp\/v2\/types\/page"}],"author":[{"embeddable":true,"href":"https:\/\/jackpotlotteryonline.com\/sk\/wp-json\/wp\/v2\/users\/1"}],"replies":[{"embeddable":true,"href":"https:\/\/jackpotlotteryonline.com\/sk\/wp-json\/wp\/v2\/comments?post=35970"}],"version-history":[{"count":0,"href":"https:\/\/jackpotlotteryonline.com\/sk\/wp-json\/wp\/v2\/pages\/35970\/revisions"}],"up":[{"embeddable":true,"href":"https:\/\/jackpotlotteryonline.com\/sk\/wp-json\/wp\/v2\/pages\/35719"}],"wp:attachment":[{"href":"https:\/\/jackpotlotteryonline.com\/sk\/wp-json\/wp\/v2\/media?parent=35970"}],"curies":[{"name":"wp","href":"https:\/\/api.w.org\/{rel}","templated":true}]}}