{"id":36038,"date":"2022-11-03T08:34:43","date_gmt":"2022-11-03T08:34:43","guid":{"rendered":"https:\/\/jackpotlotteryonline.com\/?page_id=36038"},"modified":"2022-12-30T20:21:41","modified_gmt":"2022-12-30T20:21:41","slug":"euromillions","status":"publish","type":"page","link":"https:\/\/jackpotlotteryonline.com\/sk\/ako-hrat\/euromillions\/","title":{"rendered":"Hra\u0165 Euro Millions"},"content":{"rendered":"<h2>Z\u00edskajte tiket na Euromili\u00f3ny online<\/h2>\n<p><img loading=\"lazy\" decoding=\"async\" class=\"alignright wp-image-18926\" src=\"https:\/\/jackpotlotteryonline.com\/wp-content\/uploads\/2022\/10\/2_ticket_euromillions3-111x300.jpg\" alt=\"tiket euromillions\" width=\"83\" height=\"224\" srcset=\"https:\/\/jackpotlotteryonline.com\/wp-content\/uploads\/2022\/10\/2_ticket_euromillions3-111x300.jpg 111w, https:\/\/jackpotlotteryonline.com\/wp-content\/uploads\/2022\/10\/2_ticket_euromillions3.jpg 180w\" sizes=\"auto, (max-width: 83px) 100vw, 83px\" \/><\/p>\n<p>Euromili\u00f3ny je lot\u00e9ria, ktor\u00e1 sa kon\u00e1 vo viacer\u00fdch eur\u00f3pskych krajin\u00e1ch, ako s\u00fa Franc\u00fazsko, Spojen\u00e9 kr\u00e1\u013eovstvo, \u0160panielsko, \u00cdrsko, Belgicko, Luxembursko a \u0160vaj\u010diarsko. Jackpot lot\u00e9rie Euromillions online za\u010d\u00edna sumou 15 mili\u00f3nov eur a rekordn\u00fd jackpot predstavuje 190 mili\u00f3nov eur.<\/p>\n<p>Ak chcete hra\u0165 lot\u00e9riu Euromillions s jackpotom, mus\u00edte ma\u0165 minim\u00e1lne 18 rokov, ale m\u00f4\u017eete ju hra\u0165 z ktorejko\u013evek krajiny sveta pomocou slu\u017eby, ktor\u00fa poskytujeme na tejto webovej str\u00e1nke. To, \u010do pon\u00fakame, je \u00faplne jedine\u010dn\u00e9 v tom zmysle, \u017ee d\u00e1va mo\u017enos\u0165 hra\u0165 a vyhra\u0165 jackpot online ka\u017ed\u00e9mu na celom svete, vr\u00e1tane kraj\u00edn ako Nemecko, Holandsko, Taliansko, a dokonca aj mimo Eur\u00f3py a \u010fal\u0161\u00edch. T\u00fdm, \u017ee poskytujeme mo\u017enos\u0165 \u0161\u0165astn\u00e9ho v\u00fdberu, je jednoduch\u0161ie vybra\u0165 n\u00e1hodn\u00e9 \u010d\u00edsla namiesto toho, aby ste vyv\u00edjali tlak na svoje vlastn\u00e9 \u0161ed\u00e9 bunky.<\/p>\n<h2>Ako si k\u00fapi\u0165 tiket na jackpot v hre Euromillions z kraj\u00edn mimo Eur\u00f3py<\/h2>\n<p><a href=\"https:\/\/jackpotlotteryonline.com\/sk\/kupit-vstupenky\/euromillions\">K\u00fapa tiketu na jackpot lot\u00e9rie Euromillions online<\/a> m\u00f4\u017ee by\u0165 prostredn\u00edctvom n\u00e1s menej zd\u013ahav\u00e1. Po registr\u00e1cii na na\u0161ej str\u00e1nke a overen\u00ed si sta\u010d\u00ed vybra\u0165 lot\u00e9riu a vykona\u0165 po\u017eadovan\u00fa platbu. Po vykonan\u00ed t\u00fdchto \u00fakonov sa vo va\u0161om mene zak\u00fapi \u017ereb a po zaplaten\u00ed prostredn\u00edctvom zvolen\u00e9ho platobn\u00e9ho prostriedku sa na v\u00e1\u0161 \u00fa\u010det nahr\u00e1 jeho sken.<\/p>\n<p>Okrem toho, ak m\u00e1te z\u00e1ujem hra\u0165 jackpot online lot\u00e9rie Euromillions aj na\u010falej, m\u00f4\u017eete si vybra\u0165 svoje \u010d\u00edsla alebo ich n\u00e1hodne vybra\u0165 a m\u00f4\u017eete sa z\u00fa\u010dastni\u0165 viacer\u00fdch \u017erebovan\u00ed, ale zaplati\u0165 budete musie\u0165 len raz za nieko\u013eko t\u00fd\u017ed\u0148ov.<\/p>\n<h2>Ako funguje jackpot online lot\u00e9rie Euromillions<\/h2>\n<p><img loading=\"lazy\" decoding=\"async\" class=\"alignright wp-image-17411\" src=\"https:\/\/jackpotlotteryonline.com\/wp-content\/uploads\/2022\/10\/euromillions.png\" alt=\"hra\u0165 euromillions online\" width=\"143\" height=\"152\" \/><\/p>\n<p>Ak chcete vyhra\u0165 jackpot, mus\u00edte si vybra\u0165 p\u00e4\u0165 \u010d\u00edsel od 1 do 50 plus 2 \u010fal\u0161ie \u010d\u00edsla Lucky Star (od 1 do 9).<a href=\"https:\/\/jackpotlotteryonline.com\/sk\/vyherne-cisla\/euromillions\"> \u017drebovanie jackpotu Euromillions<\/a> sa kon\u00e1 ka\u017ed\u00fd piatok ve\u010der a okrem jackpotu je k dispoz\u00edcii 11 \u00farovn\u00ed v\u00fdhier. \u0160anca na v\u00fdhru aspo\u0148 niektorej z nich je jedna ku 24.<\/p>\n<h2>Kontrola v\u00fdsledkov<\/h2>\n<p>V\u00fdsledky si m\u00f4\u017eete kedyko\u013evek po skon\u010den\u00ed \u017erebovania skontrolova\u0165 online. Na sledovanie m\u00f4\u017eete pou\u017ei\u0165 iPad, iPhone alebo in\u00e9 podobn\u00e9 zariadenie. Ke\u010f budete ma\u0165 \u0161\u0165astie a vyhr\u00e1te cenu alebo jackpot v lot\u00e9rii Euromillions online, pom\u00f4\u017eeme v\u00e1m aj s prevzat\u00edm v\u00fdhry a zabezpe\u010d\u00edme, aby v\u00e1m bola doru\u010den\u00e1.<\/p>\n<section class=\"layout\" style=\"border: solid 1px; width: 100%;\">\n<div class=\"img-div\" style=\"margin-top: 5px;\"><img decoding=\"async\" class=\"wp-image-17212 alignleft\" style=\"height: 45px; margin: 8px 8px 0px;\" src=\"https:\/\/jackpotlotteryonline.com\/wp-content\/uploads\/2022\/11\/read1.jpg\" alt=\"pre\u010d\u00edtajte si\" width=\"\" height=\"\" \/><\/div>\n<div style=\"padding-left: 5px;\">\n<div style=\"font-size: 1.1em;\">\n<p><strong>Loterie, ktor\u00e9 maj\u00fa najlep\u0161ie \u0161ance na ve\u013ek\u00fa v\u00fdhru<\/strong><\/p>\n<p style=\"font-size: 0.85em; margin-top: -1.5em;\">Ktor\u00e1 lot\u00e9ria m\u00e1 najlep\u0161ie \u0161ance na v\u00fdhru? <a href=\"https:\/\/jackpotlotteryonline.com\/sk\/ktora-loteria-ma-najlepsie-sance-na-vyhru\">\u010d\u00edtaj viac<\/a><\/p>\n<\/div>\n<\/div>\n<\/section>\n<h2>Jackpot lot\u00e9rie Euromillions online<\/h2>\n<p>Jackpot lot\u00e9rie Euromillions bol p\u00f4vodne spusten\u00fd 7. febru\u00e1ra 2004 a prv\u00e9 \u017erebovanie sa uskuto\u010dnilo 13. febru\u00e1ra 2004 v Par\u00ed\u017ei. Najv\u00fdraznej\u0161ia v\u00fdhra jackpotu bola v jednom z posledn\u00fdch \u017erebovan\u00ed (12. j\u00fala 2011) a sumu 185 000 000 eur si do vrecka odniesli Colin a Chris Weirovci z Glasgowa (Ve\u013ek\u00e1 Brit\u00e1nia).<\/p>\n<p>Jackpot online lot\u00e9rie Euromillions sa nezaobi\u0161iel bez vlastn\u00fdch \u0161kand\u00e1lov &#8211; hlavne ten, ktor\u00fd sa objavil v Belgicku v roku 2009. Boli v\u0161ak bez podkladov a odvtedy boli potla\u010den\u00e9. Je teda na\u010dase, aby ste sk\u00fasili \u0161\u0165astie v jednej z najv\u00e4\u010d\u0161\u00edch pe\u0148a\u017en\u00fdch pon\u00fak v\u00f4bec.<\/p>\n","protected":false},"excerpt":{"rendered":"<p>Z\u00edskajte tiket na Euromili\u00f3ny online Euromili\u00f3ny je lot\u00e9ria, ktor\u00e1 sa kon\u00e1 vo viacer\u00fdch eur\u00f3pskych krajin\u00e1ch, ako s\u00fa Franc\u00fazsko, Spojen\u00e9 kr\u00e1\u013eovstvo, \u0160panielsko, \u00cdrsko, Belgicko, Luxembursko a \u0160vaj\u010diarsko. Jackpot lot\u00e9rie Euromillions online za\u010d\u00edna sumou 15 mili\u00f3nov eur a rekordn\u00fd jackpot predstavuje 190 mili\u00f3nov eur. Ak chcete hra\u0165 lot\u00e9riu Euromillions s jackpotom, mus\u00edte ma\u0165 minim\u00e1lne 18 rokov, ale [&hellip;]<\/p>\n","protected":false},"author":1,"featured_media":0,"parent":35719,"menu_order":3,"comment_status":"closed","ping_status":"closed","template":"euromillions.php","meta":{"_et_pb_use_builder":"","_et_pb_old_content":"","_et_gb_content_width":"","exclude_from_search":false,"footnotes":""},"class_list":["post-36038","page","type-page","status-publish","hentry"],"yoast_head":"<!-- This site is optimized with the Yoast SEO plugin v23.3 - https:\/\/yoast.com\/wordpress\/plugins\/seo\/ -->\n<title>Hrajte Euromili\u00f3ny online odkia\u013eko\u013evek, dokonca aj mimo Eur\u00f3py<\/title>\n<meta name=\"description\" content=\"Lot\u00e9ria Euromillions je jednou z najvyh\u013ead\u00e1vanej\u0161\u00edch lot\u00e9ri\u00ed. Teraz m\u00f4\u017eete hra\u0165 pomocou online tiketu, aj ke\u010f sa nach\u00e1dzate mimo Eur\u00f3py\" \/>\n<meta name=\"robots\" content=\"index, follow, max-snippet:-1, max-image-preview:large, max-video-preview:-1\" \/>\n<link rel=\"canonical\" href=\"https:\/\/jackpotlotteryonline.com\/play-online\/euromillions\/\" \/>\n<meta property=\"og:locale\" content=\"sk_SK\" \/>\n<meta property=\"og:type\" content=\"article\" \/>\n<meta property=\"og:title\" content=\"Hrajte Euromili\u00f3ny online odkia\u013eko\u013evek, dokonca aj mimo Eur\u00f3py\" \/>\n<meta property=\"og:description\" content=\"Lot\u00e9ria Euromillions je jednou z najvyh\u013ead\u00e1vanej\u0161\u00edch lot\u00e9ri\u00ed. Teraz m\u00f4\u017eete hra\u0165 pomocou online tiketu, aj ke\u010f sa nach\u00e1dzate mimo Eur\u00f3py\" \/>\n<meta property=\"og:url\" content=\"https:\/\/jackpotlotteryonline.com\/play-online\/euromillions\/\" \/>\n<meta property=\"og:site_name\" content=\"Lotto Online - Crack The International Lottery Jackpots\" \/>\n<meta property=\"article:modified_time\" content=\"2022-12-30T20:21:41+00:00\" \/>\n<meta property=\"og:image\" content=\"https:\/\/jackpotlotteryonline.com\/wp-content\/uploads\/2022\/10\/2_ticket_euromillions3-111x300.jpg\" \/>\n<meta name=\"twitter:card\" content=\"summary_large_image\" \/>\n<meta name=\"twitter:label1\" content=\"Predpokladan\u00fd \u010das \u010d\u00edtania\" \/>\n\t<meta name=\"twitter:data1\" content=\"3 min\u00faty\" \/>\n<!-- \/ Yoast SEO plugin. -->","yoast_head_json":{"title":"Hrajte Euromili\u00f3ny online odkia\u013eko\u013evek, dokonca aj mimo Eur\u00f3py","description":"Lot\u00e9ria Euromillions je jednou z najvyh\u013ead\u00e1vanej\u0161\u00edch lot\u00e9ri\u00ed. Teraz m\u00f4\u017eete hra\u0165 pomocou online tiketu, aj ke\u010f sa nach\u00e1dzate mimo Eur\u00f3py","robots":{"index":"index","follow":"follow","max-snippet":"max-snippet:-1","max-image-preview":"max-image-preview:large","max-video-preview":"max-video-preview:-1"},"canonical":"https:\/\/jackpotlotteryonline.com\/play-online\/euromillions\/","og_locale":"sk_SK","og_type":"article","og_title":"Hrajte Euromili\u00f3ny online odkia\u013eko\u013evek, dokonca aj mimo Eur\u00f3py","og_description":"Lot\u00e9ria Euromillions je jednou z najvyh\u013ead\u00e1vanej\u0161\u00edch lot\u00e9ri\u00ed. Teraz m\u00f4\u017eete hra\u0165 pomocou online tiketu, aj ke\u010f sa nach\u00e1dzate mimo Eur\u00f3py","og_url":"https:\/\/jackpotlotteryonline.com\/play-online\/euromillions\/","og_site_name":"Lotto Online - Crack The International Lottery Jackpots","article_modified_time":"2022-12-30T20:21:41+00:00","og_image":[{"url":"https:\/\/jackpotlotteryonline.com\/wp-content\/uploads\/2022\/10\/2_ticket_euromillions3-111x300.jpg"}],"twitter_card":"summary_large_image","twitter_misc":{"Predpokladan\u00fd \u010das \u010d\u00edtania":"3 min\u00faty"},"schema":{"@context":"https:\/\/schema.org","@graph":[{"@type":"WebPage","@id":"https:\/\/jackpotlotteryonline.com\/play-online\/euromillions\/","url":"https:\/\/jackpotlotteryonline.com\/play-online\/euromillions\/","name":"Hrajte Euromili\u00f3ny online odkia\u013eko\u013evek, dokonca aj mimo Eur\u00f3py","isPartOf":{"@id":"https:\/\/jackpotlotteryonline.com\/#website"},"primaryImageOfPage":{"@id":"https:\/\/jackpotlotteryonline.com\/play-online\/euromillions\/#primaryimage"},"image":{"@id":"https:\/\/jackpotlotteryonline.com\/play-online\/euromillions\/#primaryimage"},"thumbnailUrl":"https:\/\/jackpotlotteryonline.com\/wp-content\/uploads\/2022\/10\/2_ticket_euromillions3-111x300.jpg","datePublished":"2022-11-03T08:34:43+00:00","dateModified":"2022-12-30T20:21:41+00:00","description":"Lot\u00e9ria Euromillions je jednou z najvyh\u013ead\u00e1vanej\u0161\u00edch lot\u00e9ri\u00ed. Teraz m\u00f4\u017eete hra\u0165 pomocou online tiketu, aj ke\u010f sa nach\u00e1dzate mimo Eur\u00f3py","breadcrumb":{"@id":"https:\/\/jackpotlotteryonline.com\/play-online\/euromillions\/#breadcrumb"},"inLanguage":"sk-SK","potentialAction":[{"@type":"ReadAction","target":["https:\/\/jackpotlotteryonline.com\/play-online\/euromillions\/"]}]},{"@type":"ImageObject","inLanguage":"sk-SK","@id":"https:\/\/jackpotlotteryonline.com\/play-online\/euromillions\/#primaryimage","url":"https:\/\/jackpotlotteryonline.com\/wp-content\/uploads\/2022\/10\/2_ticket_euromillions3-111x300.jpg","contentUrl":"https:\/\/jackpotlotteryonline.com\/wp-content\/uploads\/2022\/10\/2_ticket_euromillions3-111x300.jpg"},{"@type":"BreadcrumbList","@id":"https:\/\/jackpotlotteryonline.com\/play-online\/euromillions\/#breadcrumb","itemListElement":[{"@type":"ListItem","position":1,"name":"Home","item":"https:\/\/jackpotlotteryonline.com\/sk\/"},{"@type":"ListItem","position":2,"name":"Ako hra\u0165","item":"https:\/\/jackpotlotteryonline.com\/sk\/ako-hrat\/"},{"@type":"ListItem","position":3,"name":"Hra\u0165 Euro Millions"}]},{"@type":"WebSite","@id":"https:\/\/jackpotlotteryonline.com\/#website","url":"https:\/\/jackpotlotteryonline.com\/","name":"Lotto Online - Crack The International Lottery Jackpots","description":"","potentialAction":[{"@type":"SearchAction","target":{"@type":"EntryPoint","urlTemplate":"https:\/\/jackpotlotteryonline.com\/?s={search_term_string}"},"query-input":"required name=search_term_string"}],"inLanguage":"sk-SK"}]}},"_links":{"self":[{"href":"https:\/\/jackpotlotteryonline.com\/sk\/wp-json\/wp\/v2\/pages\/36038","targetHints":{"allow":["GET"]}}],"collection":[{"href":"https:\/\/jackpotlotteryonline.com\/sk\/wp-json\/wp\/v2\/pages"}],"about":[{"href":"https:\/\/jackpotlotteryonline.com\/sk\/wp-json\/wp\/v2\/types\/page"}],"author":[{"embeddable":true,"href":"https:\/\/jackpotlotteryonline.com\/sk\/wp-json\/wp\/v2\/users\/1"}],"replies":[{"embeddable":true,"href":"https:\/\/jackpotlotteryonline.com\/sk\/wp-json\/wp\/v2\/comments?post=36038"}],"version-history":[{"count":0,"href":"https:\/\/jackpotlotteryonline.com\/sk\/wp-json\/wp\/v2\/pages\/36038\/revisions"}],"up":[{"embeddable":true,"href":"https:\/\/jackpotlotteryonline.com\/sk\/wp-json\/wp\/v2\/pages\/35719"}],"wp:attachment":[{"href":"https:\/\/jackpotlotteryonline.com\/sk\/wp-json\/wp\/v2\/media?parent=36038"}],"curies":[{"name":"wp","href":"https:\/\/api.w.org\/{rel}","templated":true}]}}