{"id":36091,"date":"2022-11-03T10:07:44","date_gmt":"2022-11-03T10:07:44","guid":{"rendered":"https:\/\/jackpotlotteryonline.com\/?page_id=36091"},"modified":"2022-12-30T21:09:18","modified_gmt":"2022-12-30T21:09:18","slug":"eurojackpot","status":"publish","type":"page","link":"https:\/\/jackpotlotteryonline.com\/sk\/ako-hrat\/eurojackpot\/","title":{"rendered":"EuroJackpot"},"content":{"rendered":"<h2>Ako sa zapoji\u0165 do Eurojackpotu z ktorejko\u013evek krajiny<\/h2>\n<p><strong>Eurojackpot<\/strong> je spolu s Euromili\u00f3nmi jednou z najv\u00e4\u010d\u0161\u00edch a najpopul\u00e1rnej\u0161\u00edch lot\u00e9ri\u00ed v celej Eur\u00f3pe a ka\u017ed\u00fd t\u00fd\u017ede\u0148 ju hraj\u00fa mili\u00f3ny \u013eud\u00ed na celom svete. Eurojackpot bol prv\u00fdkr\u00e1t vytvoren\u00fd v roku 1994, av\u0161ak s nieko\u013ek\u00fdmi zmenami pravidiel a form\u00e1tu sa nieko\u013eko rokov odkladal, a\u017e bol nakoniec spusten\u00fd a pripraven\u00fd na hranie v Eur\u00f3pe v roku 2004.<br \/>\n<img loading=\"lazy\" decoding=\"async\" class=\"alignright wp-image-18574\" src=\"https:\/\/jackpotlotteryonline.com\/wp-content\/uploads\/2022\/10\/1_online_ticket_eurojackpot2.jpg\" alt=\"Hrajte eurojackpot online\" width=\"260\" height=\"173\" \/><\/p>\n<p>Od prv\u00e9ho \u017erebovania v roku 2004 hraj\u00fa t\u00fato \u00fa\u017easn\u00fa hazardn\u00fa hru mili\u00f3ny \u013eud\u00ed a jackpot vyhralo mnoho \u013eud\u00ed, z ktor\u00fdch niektor\u00ed mali to \u0161\u0165astie a vyhrali jackpot v hodnote viac ako 180 mili\u00f3nov eur!<\/p>\n<p>V\u010faka \u0161tandardnej jackpotovej v\u00fdhre vo v\u00fd\u0161ke 15 mili\u00f3nov eur, ktor\u00e1 zmen\u00ed \u017eivot, nie je divu, \u017ee hru EuroJackpot hraj\u00fa ka\u017ed\u00fd t\u00fd\u017ede\u0148 aj online mili\u00f3ny \u013eud\u00ed. Pravidl\u00e1 s\u00fa ve\u013emi jednoduch\u00e9 &#8211; aby ste mohli hra\u0165 a vyhra\u0165 jackpot, mus\u00edte spr\u00e1vne vybra\u0165 5 \u010d\u00edsel z rozsahu od 1 do 50 a okrem toho spr\u00e1vne trafi\u0165 \u010fal\u0161ie 2 \u010d\u00edsla s n\u00e1zvom &#8220;\u0161\u0165astn\u00e9 hviezdy&#8221; od 1 do 11.<\/p>\n<p><a href=\"https:\/\/jackpotlotteryonline.com\/sk\/kupit-vstupenky\/eurojackpot\">Z\u00edskajte svoj online tiket teraz<\/a> prostredn\u00edctvom na\u0161ej slu\u017eby &#8211; zapoji\u0165 sa a vyhra\u0165 m\u00f4\u017ee ka\u017ed\u00fd!<\/p>\n<section class=\"layout\" style=\"border: solid 1px; width: 100%;\">\n<div class=\"img-div\" style=\"margin-top: 5px;\"><img decoding=\"async\" class=\"wp-image-17212 alignleft\" style=\"height: 45px; margin: 8px 8px 0px;\" src=\"https:\/\/jackpotlotteryonline.com\/wp-content\/uploads\/2022\/11\/read1.jpg\" alt=\"pre\u010d\u00edtajte si\" width=\"\" height=\"\" \/><\/div>\n<div style=\"padding-left: 5px;\">\n<div style=\"font-size: 1.1em;\">\n<p><strong>Ktor\u00e1 medzin\u00e1rodn\u00e1 lot\u00e9ria je najlep\u0161ia?<\/strong><\/p>\n<p style=\"font-size: 0.85em; margin-top: -1.5em;\">Ktor\u00e9 z medzin\u00e1rodn\u00fdch lot\u00e9ri\u00ed maj\u00fa najlep\u0161ie \u0161ance na v\u00fdhru \u00a0<a href=\"https:\/\/jackpotlotteryonline.com\/sk\/ktora-medzinarodna-loteria-je-najlepsia\"> \u010d\u00edtaj viac<\/a><\/p>\n<\/div>\n<\/div>\n<\/section>\n<h2>K\u00fapte si tiket EuroJackpot online<\/h2>\n<p><strong>Na hre EuroJackpot online<\/strong> je skvel\u00e9 to, \u017ee v nej m\u00f4\u017eete vyhra\u0165 mno\u017estvo cien, tak\u017ee ak sa nestanete v\u00fdhercom jackpotu, nemus\u00edte sa ob\u00e1va\u0165, preto\u017ee st\u00e1le m\u00f4\u017eete ma\u0165 ve\u013ek\u00fa \u0161ancu vyhra\u0165 vysok\u00e9 pe\u0148a\u017en\u00e9 v\u00fdhry. Okrem ve\u013ekej jackpotovej v\u00fdhry, ktor\u00fa m\u00f4\u017eete vyhra\u0165, ke\u010f si k\u00fapite tiket EuroJackpot online, m\u00f4\u017eete vyhra\u0165 13 r\u00f4znych cien.<br \/>\n<img loading=\"lazy\" decoding=\"async\" class=\"alignright size-medium wp-image-18736\" src=\"https:\/\/jackpotlotteryonline.com\/wp-content\/uploads\/2022\/10\/2_ticket_eurojackpot-141x300.jpg\" alt=\"Eurojackpot tiket\" width=\"141\" height=\"300\" srcset=\"https:\/\/jackpotlotteryonline.com\/wp-content\/uploads\/2022\/10\/2_ticket_eurojackpot-141x300.jpg 141w, https:\/\/jackpotlotteryonline.com\/wp-content\/uploads\/2022\/10\/2_ticket_eurojackpot.jpg 150w\" sizes=\"auto, (max-width: 141px) 100vw, 141px\" \/><\/p>\n<p>Ak hlavn\u00fa v\u00fdhru nevyhr\u00e1 \u017eiaden v\u00fdherca, Eurojackpot sa pres\u00fava do \u010fal\u0161ieho t\u00fd\u017ed\u0148a. Preto sa v minulosti vyhr\u00e1vali obrovsk\u00e9 jackpoty vo v\u00fd\u0161ke 100 mili\u00f3nov eur a viac. Loteriu zvy\u010dajne hraj\u00fa obyvatelia eur\u00f3pskych kraj\u00edn, tak\u017ee ka\u017ed\u00fd t\u00fd\u017ede\u0148 si \u00fa\u010dastn\u00edci z miest, ako je Spojen\u00e9 kr\u00e1\u013eovstvo, Franc\u00fazsko, Nemecko a \u0160vaj\u010diarsko, kupuj\u00fa tikety Eurojackpotu online.<\/p>\n<p>K\u00fapa tiketu online sa r\u00fdchlo st\u00e1va najob\u013e\u00fabenej\u0161\u00edm sp\u00f4sobom hrania lot\u00e9rie Eurojackpot. Pravidl\u00e1 s\u00fa rovnak\u00e9, cel\u00fd proces hry je v\u0161ak ove\u013ea r\u00fdchlej\u0161\u00ed a jednoduch\u0161\u00ed, pokia\u013e ide o n\u00e1kup tiketu. Napr\u00edklad namiesto toho, aby ste i\u0161li do miestneho obchodu k\u00fapi\u0165 si fyzick\u00fd tiket, m\u00f4\u017eete sa jednoducho prihl\u00e1si\u0165 na hern\u00fa str\u00e1nku a v priebehu nieko\u013ek\u00fdch sek\u00fand si vybra\u0165 vlastn\u00e9 \u010d\u00edsla z pohodlia domova alebo dokonca z kancel\u00e1rie.<\/p>\n<p>Po v\u00fdbere \u0161\u0165astn\u00fdch \u010d\u00edsel, alebo dokonca nieko\u013ek\u00fdch s\u00faborov \u010d\u00edsel, ak chcete naozaj zv\u00fd\u0161i\u0165 svoje \u0161ance na v\u00fdhru, m\u00f4\u017eete za svoj tiket bezpe\u010dne zaplati\u0165 aj online. Po ka\u017edom \u017erebovan\u00ed<a href=\"https:\/\/jackpotlotteryonline.com\/sk\/vyherne-cisla\/euromillions\"> lot\u00e9rie Eurojackpot sa v\u00fdsledky<\/a> aktualizuj\u00fa online do chv\u00edle po odhalen\u00ed posledn\u00e9ho \u010d\u00edsla ka\u017ed\u00fd t\u00fd\u017ede\u0148. To znamen\u00e1, \u017ee sa m\u00f4\u017eete jednoducho znovu prihl\u00e1si\u0165 do svojho \u00fa\u010dtu a v priebehu nieko\u013ek\u00fdch sek\u00fand si pozrie\u0165 v\u00fdhern\u00e9 \u010d\u00edsla, \u010d\u00edm odpad\u00e1 potreba h\u013eada\u0165 v\u00fdsledky v novin\u00e1ch.<\/p>\n<p>Navy\u0161e, ke\u010f s nami hr\u00e1te Eurojackpot online, automaticky v\u00e1m bude zaslan\u00fd aj e-mail, ak ste trafili nejak\u00e9 \u010d\u00edslo.<\/p>\n","protected":false},"excerpt":{"rendered":"<p>Ako sa zapoji\u0165 do Eurojackpotu z ktorejko\u013evek krajiny Eurojackpot je spolu s Euromili\u00f3nmi jednou z najv\u00e4\u010d\u0161\u00edch a najpopul\u00e1rnej\u0161\u00edch lot\u00e9ri\u00ed v celej Eur\u00f3pe a ka\u017ed\u00fd t\u00fd\u017ede\u0148 ju hraj\u00fa mili\u00f3ny \u013eud\u00ed na celom svete. Eurojackpot bol prv\u00fdkr\u00e1t vytvoren\u00fd v roku 1994, av\u0161ak s nieko\u013ek\u00fdmi zmenami pravidiel a form\u00e1tu sa nieko\u013eko rokov odkladal, a\u017e bol nakoniec spusten\u00fd a [&hellip;]<\/p>\n","protected":false},"author":1,"featured_media":0,"parent":35719,"menu_order":4,"comment_status":"closed","ping_status":"closed","template":"eurojackpot.php","meta":{"_et_pb_use_builder":"","_et_pb_old_content":"","_et_gb_content_width":"","exclude_from_search":false,"footnotes":""},"class_list":["post-36091","page","type-page","status-publish","hentry"],"yoast_head":"<!-- This site is optimized with the Yoast SEO plugin v23.3 - https:\/\/yoast.com\/wordpress\/plugins\/seo\/ -->\n<title>Hrajte Eurojackpot online aj mimo Eur\u00f3py<\/title>\n<meta name=\"description\" content=\"Hranie Eurojackpotu online v\u00e1s pribl\u00ed\u017ei k tomu, aby ste sa stali milion\u00e1rom!\" \/>\n<meta name=\"robots\" content=\"index, follow, max-snippet:-1, max-image-preview:large, max-video-preview:-1\" \/>\n<link rel=\"canonical\" href=\"https:\/\/jackpotlotteryonline.com\/play-online\/eurojackpot\/\" \/>\n<meta property=\"og:locale\" content=\"sk_SK\" \/>\n<meta property=\"og:type\" content=\"article\" \/>\n<meta property=\"og:title\" content=\"Hrajte Eurojackpot online aj mimo Eur\u00f3py\" \/>\n<meta property=\"og:description\" content=\"Hranie Eurojackpotu online v\u00e1s pribl\u00ed\u017ei k tomu, aby ste sa stali milion\u00e1rom!\" \/>\n<meta property=\"og:url\" content=\"https:\/\/jackpotlotteryonline.com\/play-online\/eurojackpot\/\" \/>\n<meta property=\"og:site_name\" content=\"Lotto Online - Crack The International Lottery Jackpots\" \/>\n<meta property=\"article:modified_time\" content=\"2022-12-30T21:09:18+00:00\" \/>\n<meta property=\"og:image\" content=\"https:\/\/jackpotlotteryonline.com\/wp-content\/uploads\/2022\/10\/1_online_ticket_eurojackpot2.jpg\" \/>\n<meta name=\"twitter:card\" content=\"summary_large_image\" \/>\n<meta name=\"twitter:label1\" content=\"Predpokladan\u00fd \u010das \u010d\u00edtania\" \/>\n\t<meta name=\"twitter:data1\" content=\"3 min\u00faty\" \/>\n<!-- \/ Yoast SEO plugin. -->","yoast_head_json":{"title":"Hrajte Eurojackpot online aj mimo Eur\u00f3py","description":"Hranie Eurojackpotu online v\u00e1s pribl\u00ed\u017ei k tomu, aby ste sa stali milion\u00e1rom!","robots":{"index":"index","follow":"follow","max-snippet":"max-snippet:-1","max-image-preview":"max-image-preview:large","max-video-preview":"max-video-preview:-1"},"canonical":"https:\/\/jackpotlotteryonline.com\/play-online\/eurojackpot\/","og_locale":"sk_SK","og_type":"article","og_title":"Hrajte Eurojackpot online aj mimo Eur\u00f3py","og_description":"Hranie Eurojackpotu online v\u00e1s pribl\u00ed\u017ei k tomu, aby ste sa stali milion\u00e1rom!","og_url":"https:\/\/jackpotlotteryonline.com\/play-online\/eurojackpot\/","og_site_name":"Lotto Online - Crack The International Lottery Jackpots","article_modified_time":"2022-12-30T21:09:18+00:00","og_image":[{"url":"https:\/\/jackpotlotteryonline.com\/wp-content\/uploads\/2022\/10\/1_online_ticket_eurojackpot2.jpg"}],"twitter_card":"summary_large_image","twitter_misc":{"Predpokladan\u00fd \u010das \u010d\u00edtania":"3 min\u00faty"},"schema":{"@context":"https:\/\/schema.org","@graph":[{"@type":"WebPage","@id":"https:\/\/jackpotlotteryonline.com\/play-online\/eurojackpot\/","url":"https:\/\/jackpotlotteryonline.com\/play-online\/eurojackpot\/","name":"Hrajte Eurojackpot online aj mimo Eur\u00f3py","isPartOf":{"@id":"https:\/\/jackpotlotteryonline.com\/#website"},"primaryImageOfPage":{"@id":"https:\/\/jackpotlotteryonline.com\/play-online\/eurojackpot\/#primaryimage"},"image":{"@id":"https:\/\/jackpotlotteryonline.com\/play-online\/eurojackpot\/#primaryimage"},"thumbnailUrl":"https:\/\/jackpotlotteryonline.com\/wp-content\/uploads\/2022\/10\/1_online_ticket_eurojackpot2.jpg","datePublished":"2022-11-03T10:07:44+00:00","dateModified":"2022-12-30T21:09:18+00:00","description":"Hranie Eurojackpotu online v\u00e1s pribl\u00ed\u017ei k tomu, aby ste sa stali milion\u00e1rom!","breadcrumb":{"@id":"https:\/\/jackpotlotteryonline.com\/play-online\/eurojackpot\/#breadcrumb"},"inLanguage":"sk-SK","potentialAction":[{"@type":"ReadAction","target":["https:\/\/jackpotlotteryonline.com\/play-online\/eurojackpot\/"]}]},{"@type":"ImageObject","inLanguage":"sk-SK","@id":"https:\/\/jackpotlotteryonline.com\/play-online\/eurojackpot\/#primaryimage","url":"https:\/\/jackpotlotteryonline.com\/wp-content\/uploads\/2022\/10\/1_online_ticket_eurojackpot2.jpg","contentUrl":"https:\/\/jackpotlotteryonline.com\/wp-content\/uploads\/2022\/10\/1_online_ticket_eurojackpot2.jpg"},{"@type":"BreadcrumbList","@id":"https:\/\/jackpotlotteryonline.com\/play-online\/eurojackpot\/#breadcrumb","itemListElement":[{"@type":"ListItem","position":1,"name":"Home","item":"https:\/\/jackpotlotteryonline.com\/sk\/"},{"@type":"ListItem","position":2,"name":"Ako hra\u0165","item":"https:\/\/jackpotlotteryonline.com\/sk\/ako-hrat\/"},{"@type":"ListItem","position":3,"name":"EuroJackpot"}]},{"@type":"WebSite","@id":"https:\/\/jackpotlotteryonline.com\/#website","url":"https:\/\/jackpotlotteryonline.com\/","name":"Lotto Online - Crack The International Lottery Jackpots","description":"","potentialAction":[{"@type":"SearchAction","target":{"@type":"EntryPoint","urlTemplate":"https:\/\/jackpotlotteryonline.com\/?s={search_term_string}"},"query-input":"required name=search_term_string"}],"inLanguage":"sk-SK"}]}},"_links":{"self":[{"href":"https:\/\/jackpotlotteryonline.com\/sk\/wp-json\/wp\/v2\/pages\/36091","targetHints":{"allow":["GET"]}}],"collection":[{"href":"https:\/\/jackpotlotteryonline.com\/sk\/wp-json\/wp\/v2\/pages"}],"about":[{"href":"https:\/\/jackpotlotteryonline.com\/sk\/wp-json\/wp\/v2\/types\/page"}],"author":[{"embeddable":true,"href":"https:\/\/jackpotlotteryonline.com\/sk\/wp-json\/wp\/v2\/users\/1"}],"replies":[{"embeddable":true,"href":"https:\/\/jackpotlotteryonline.com\/sk\/wp-json\/wp\/v2\/comments?post=36091"}],"version-history":[{"count":0,"href":"https:\/\/jackpotlotteryonline.com\/sk\/wp-json\/wp\/v2\/pages\/36091\/revisions"}],"up":[{"embeddable":true,"href":"https:\/\/jackpotlotteryonline.com\/sk\/wp-json\/wp\/v2\/pages\/35719"}],"wp:attachment":[{"href":"https:\/\/jackpotlotteryonline.com\/sk\/wp-json\/wp\/v2\/media?parent=36091"}],"curies":[{"name":"wp","href":"https:\/\/api.w.org\/{rel}","templated":true}]}}