{"id":36143,"date":"2022-11-03T13:42:07","date_gmt":"2022-11-03T13:42:07","guid":{"rendered":"https:\/\/jackpotlotteryonline.com\/?page_id=36143"},"modified":"2022-12-31T07:42:05","modified_gmt":"2022-12-31T07:42:05","slug":"superenalotto","status":"publish","type":"page","link":"https:\/\/jackpotlotteryonline.com\/sk\/ako-hrat\/superenalotto\/","title":{"rendered":"SuperEnaLotto Taliansko"},"content":{"rendered":"<h2>Superenalotto Italia<\/h2>\n<p>Ide o taliansku jackpotov\u00fa lot\u00e9riu, ktor\u00e1 bola prv\u00fdkr\u00e1t vy\u017erebovan\u00e1 3. decembra 1997 a <strong>jackpot Superenalotto online<\/strong> dosahuje ve\u013emi \u010dasto astronomick\u00e9 sumy. \u017drebuje sa ka\u017ed\u00fd utorok, \u0161tvrtok a sobotu presne o 20:00. Vzh\u013eadom na to, \u017ee ide o najv\u00e4\u010d\u0161ie jackpotov\u00e9 sumy, \u0161ance na v\u00fdhru v tejto lot\u00e9rii patria medzi najni\u017e\u0161ie. <strong>Superenalotto Italia<\/strong> je zn\u00e1me t\u00fdm, \u017ee dosahuje jackpotov\u00e9 sumy presahuj\u00face 250 mili\u00f3nov eur.<\/p>\n<section class=\"layout\" style=\"border: solid 1px; width: 100%;\">\n<div class=\"img-div\" style=\"margin-top: 5px;\"><img decoding=\"async\" class=\"wp-image-17212 alignleft\" style=\"height: 45px; margin: 8px 8px 0px;\" src=\"https:\/\/jackpotlotteryonline.com\/wp-content\/uploads\/2022\/11\/read1.jpg\" alt=\"pre\u010d\u00edtajte si\" width=\"\" height=\"\" \/><\/div>\n<div style=\"padding-left: 5px;\">\n<div style=\"font-size: 1.1em;\">\n<p><strong>Eur\u00f3pske lot\u00e9rie<\/strong><\/p>\n<p style=\"font-size: 0.85em; margin-top: -1.5em;\">Ktor\u00e9 eur\u00f3pske lot\u00e9rie s\u00fa najlep\u0161ie?\u00a0<a href=\"https:\/\/jackpotlotteryonline.com\/sk\/ktore-europske-loterie-su-najlepsie\"> \u010d\u00edtaj viac<\/a><\/p>\n<\/div>\n<\/div>\n<\/section>\n<h2>Ako Superenalotto funguje<\/h2>\n<p><img loading=\"lazy\" decoding=\"async\" class=\"alignright wp-image-17735\" src=\"https:\/\/jackpotlotteryonline.com\/wp-content\/uploads\/2022\/10\/logo_superenalotto.png\" alt=\"hra\u0165 superenalotto online\" width=\"168\" height=\"178\" \/><\/p>\n<p><strong>Superenalotto<\/strong> spo\u010d\u00edva v zhode 6 \u010d\u00edsel z 90. <a href=\"https:\/\/jackpotlotteryonline.com\/sk\/vyherne-cisla\/superenalotto\">V hlavnom \u017erebovan\u00ed<\/a> sa \u017erebuje v\u0161etk\u00fdch 6 \u010d\u00edsel, medzi ktor\u00fdmi je aj \u010d\u00edslo Jolly, a potom sa uskuto\u010dn\u00ed druh\u00e9 a nez\u00e1visl\u00e9 \u017erebovanie \u010d\u00edsla Superstar. Ak chcete ma\u0165 v hre<strong> Superenalotto Italia<\/strong> nejak\u00fa \u0161ancu na v\u00fdhru, mus\u00edte trafi\u0165 aspo\u0148 3 \u010d\u00edsla, pri\u010dom \u0161anca na v\u00fdhru je 1 ku 327. \u0160anca na v\u00fdhru jackpotu je 1 ku 622 mili\u00f3nom.<\/p>\n<p>Za \u010d\u00edslo Superstar sa plat\u00ed navy\u0161e, ale ak ste v hre a m\u00e1te dostatok \u0161\u0165astia, aby ste ho trafili, m\u00f4\u017ee to 100-n\u00e1sobne zv\u00fd\u0161i\u0165 v\u00fdhru. Ak toti\u017e traf\u00edte \u010d\u00edslo Superstar a nezhod\u00edte sa so \u0161iestimi z\u00e1kladn\u00fdmi \u010d\u00edslami, m\u00f4\u017eete od\u00eds\u0165 aj s pevnou sumou v\u00fdhry.<\/p>\n<h2>\u010co m\u00f4\u017eete vyhra\u0165 s jackpotom Superenalotto?<\/h2>\n<p>V roku 2022 je aktu\u00e1lne najvy\u0161\u0161\u00ed jackpot v hist\u00f3rii <strong>Superenalotto Italia, ktor\u00fd v s\u00fa\u010dasnosti predstavuj<\/strong>e 295 mili\u00f3nov eur. Ide o z\u010faleka najv\u00e4\u010d\u0161\u00ed jackpot, ak\u00fd sa podarilo vyhra\u0165 v hist\u00f3rii talianskeho lota, a v \u010dase aktualiz\u00e1cie tejto str\u00e1nky sa e\u0161te nena\u0161iel \u017eiadny v\u00fdherca!<br \/>\n<img loading=\"lazy\" decoding=\"async\" class=\"alignright size-medium wp-image-19493\" src=\"https:\/\/jackpotlotteryonline.com\/wp-content\/uploads\/2022\/10\/2_ticket_superenalotto4-211x300.jpg\" alt=\"tiket superenalotto\" width=\"211\" height=\"300\" srcset=\"https:\/\/jackpotlotteryonline.com\/wp-content\/uploads\/2022\/10\/2_ticket_superenalotto4-211x300.jpg 211w, https:\/\/jackpotlotteryonline.com\/wp-content\/uploads\/2022\/10\/2_ticket_superenalotto4.jpg 300w\" sizes=\"auto, (max-width: 211px) 100vw, 211px\" \/><\/p>\n<p>Nie je v\u0161ak d\u00f4vod na sklamanie. V skuto\u010dnosti plat\u00ed, \u017ee \u010d\u00edm vy\u0161\u0161\u00ed kurz, t\u00fdm vy\u0161\u0161\u00ed jackpot mo\u017eno vyhra\u0165 a t\u00fdm lep\u0161\u00ed adrenal\u00edn. Lot\u00e9ria bola v\u017edy hrou n\u00e1hody a je pravdepodobn\u00e9, \u017ee pr\u00e1ve vy budete \u010fal\u0161\u00edm \u0161\u0165astlivcom.<\/p>\n<p>Najlep\u0161\u00edm aspektom<strong> jackpotu online lot\u00e9rie Superena<\/strong> je, \u017ee sa jej m\u00f4\u017ee z\u00fa\u010dastni\u0165 ktoko\u013evek z ktor\u00e9hoko\u013evek miesta na svete, dokonca aj mimo Talianska, a jedin\u00fdm z\u00e1kladom \u00fa\u010dasti je, aby mal \u010dlovek viac ako 18 rokov. <strong>Na\u0161a webov\u00e1<\/strong> str\u00e1nka v\u00e1m d\u00e1va <a href=\"https:\/\/jackpotlotteryonline.com\/sk\/kupit-vstupenky\/superenalotto\">najlep\u0161iu \u0161ancu na Superenalotto Italia<\/a> a ak ste si ho e\u0161te nezahrali, pok\u00fa\u0161ate \u0161\u0165astie na nespr\u00e1vnom mieste.<\/p>\n<p>Po registr\u00e1cii na na\u0161ej webovej str\u00e1nke a overen\u00ed va\u0161ich poverovac\u00edch \u00fadajov by sta\u010dilo vybra\u0165 si \u010d\u00edsla a vykona\u0165 platbu, aby ste mali istotu, \u017ee ste si rezervovali miesto v autobuse na mili\u00f3ny. N\u00e1\u0161 miestny z\u00e1stupca v\u00e1m na mieste zak\u00fapi l\u00edstok s vami zadan\u00fdmi \u010d\u00edslami a zabezpe\u010d\u00ed, aby ste si kr\u00e1tko nato mohli pozrie\u0165 sken tohto l\u00edstka.<\/p>\n<p>Zatia\u013e \u010do v\u00fdhra v <strong>Superenalotto Italia<\/strong> je z\u00e1le\u017eitos\u0165ou nepriazniv\u00fdch kurzov, m\u00f4\u017eete si pozrie\u0165 aj \u010fal\u0161ie lot\u00e9rie po celom svete, ktor\u00e9 m\u00f4\u017eete hra\u0165 online, s pomocou na\u0161ej slu\u017eby.<\/p>\n<p>Vyberte si svoju ob\u013e\u00faben\u00fa hazardn\u00fa hru a zv\u00fd\u0161te svoje percento v\u00fdhry t\u00fdm, \u017ee sa e\u0161te dnes pripoj\u00edte ku komunite na\u0161ich pou\u017e\u00edvate\u013eov. Je \u010das, aby ste svoje \u0161\u0165astie podrobili kone\u010dnej sk\u00fa\u0161ke.<\/p>\n","protected":false},"excerpt":{"rendered":"<p>Superenalotto Italia Ide o taliansku jackpotov\u00fa lot\u00e9riu, ktor\u00e1 bola prv\u00fdkr\u00e1t vy\u017erebovan\u00e1 3. decembra 1997 a jackpot Superenalotto online dosahuje ve\u013emi \u010dasto astronomick\u00e9 sumy. \u017drebuje sa ka\u017ed\u00fd utorok, \u0161tvrtok a sobotu presne o 20:00. Vzh\u013eadom na to, \u017ee ide o najv\u00e4\u010d\u0161ie jackpotov\u00e9 sumy, \u0161ance na v\u00fdhru v tejto lot\u00e9rii patria medzi najni\u017e\u0161ie. Superenalotto Italia je zn\u00e1me [&hellip;]<\/p>\n","protected":false},"author":1,"featured_media":0,"parent":35719,"menu_order":5,"comment_status":"closed","ping_status":"closed","template":"superenalotto.php","meta":{"_et_pb_use_builder":"","_et_pb_old_content":"","_et_gb_content_width":"","exclude_from_search":false,"footnotes":""},"class_list":["post-36143","page","type-page","status-publish","hentry"],"yoast_head":"<!-- This site is optimized with the Yoast SEO plugin v23.3 - https:\/\/yoast.com\/wordpress\/plugins\/seo\/ -->\n<title>Zahrajte si SuperEnaLotto online mimo Talianska<\/title>\n<meta name=\"description\" content=\"Superenalotto sa m\u00f4\u017ee zda\u0165 ako tvrd\u00fd orie\u0161ok, ale ak traf\u00edte jackpot, vyhr\u00e1te ve\u013ea. Zahrajte si Superenalotto z kraj\u00edn mimo Talianska tu!\" \/>\n<meta name=\"robots\" content=\"index, follow, max-snippet:-1, max-image-preview:large, max-video-preview:-1\" \/>\n<link rel=\"canonical\" href=\"https:\/\/jackpotlotteryonline.com\/play-online\/superenalotto\/\" \/>\n<meta property=\"og:locale\" content=\"sk_SK\" \/>\n<meta property=\"og:type\" content=\"article\" \/>\n<meta property=\"og:title\" content=\"Zahrajte si SuperEnaLotto online mimo Talianska\" \/>\n<meta property=\"og:description\" content=\"Superenalotto sa m\u00f4\u017ee zda\u0165 ako tvrd\u00fd orie\u0161ok, ale ak traf\u00edte jackpot, vyhr\u00e1te ve\u013ea. Zahrajte si Superenalotto z kraj\u00edn mimo Talianska tu!\" \/>\n<meta property=\"og:url\" content=\"https:\/\/jackpotlotteryonline.com\/play-online\/superenalotto\/\" \/>\n<meta property=\"og:site_name\" content=\"Lotto Online - Crack The International Lottery Jackpots\" \/>\n<meta property=\"article:modified_time\" content=\"2022-12-31T07:42:05+00:00\" \/>\n<meta property=\"og:image\" content=\"https:\/\/jackpotlotteryonline.com\/wp-content\/uploads\/2022\/11\/read1.jpg\" \/>\n<meta name=\"twitter:card\" content=\"summary_large_image\" \/>\n<meta name=\"twitter:label1\" content=\"Predpokladan\u00fd \u010das \u010d\u00edtania\" \/>\n\t<meta name=\"twitter:data1\" content=\"3 min\u00faty\" \/>\n<!-- \/ Yoast SEO plugin. -->","yoast_head_json":{"title":"Zahrajte si SuperEnaLotto online mimo Talianska","description":"Superenalotto sa m\u00f4\u017ee zda\u0165 ako tvrd\u00fd orie\u0161ok, ale ak traf\u00edte jackpot, vyhr\u00e1te ve\u013ea. Zahrajte si Superenalotto z kraj\u00edn mimo Talianska tu!","robots":{"index":"index","follow":"follow","max-snippet":"max-snippet:-1","max-image-preview":"max-image-preview:large","max-video-preview":"max-video-preview:-1"},"canonical":"https:\/\/jackpotlotteryonline.com\/play-online\/superenalotto\/","og_locale":"sk_SK","og_type":"article","og_title":"Zahrajte si SuperEnaLotto online mimo Talianska","og_description":"Superenalotto sa m\u00f4\u017ee zda\u0165 ako tvrd\u00fd orie\u0161ok, ale ak traf\u00edte jackpot, vyhr\u00e1te ve\u013ea. Zahrajte si Superenalotto z kraj\u00edn mimo Talianska tu!","og_url":"https:\/\/jackpotlotteryonline.com\/play-online\/superenalotto\/","og_site_name":"Lotto Online - Crack The International Lottery Jackpots","article_modified_time":"2022-12-31T07:42:05+00:00","og_image":[{"url":"https:\/\/jackpotlotteryonline.com\/wp-content\/uploads\/2022\/11\/read1.jpg"}],"twitter_card":"summary_large_image","twitter_misc":{"Predpokladan\u00fd \u010das \u010d\u00edtania":"3 min\u00faty"},"schema":{"@context":"https:\/\/schema.org","@graph":[{"@type":"WebPage","@id":"https:\/\/jackpotlotteryonline.com\/play-online\/superenalotto\/","url":"https:\/\/jackpotlotteryonline.com\/play-online\/superenalotto\/","name":"Zahrajte si SuperEnaLotto online mimo Talianska","isPartOf":{"@id":"https:\/\/jackpotlotteryonline.com\/#website"},"primaryImageOfPage":{"@id":"https:\/\/jackpotlotteryonline.com\/play-online\/superenalotto\/#primaryimage"},"image":{"@id":"https:\/\/jackpotlotteryonline.com\/play-online\/superenalotto\/#primaryimage"},"thumbnailUrl":"https:\/\/jackpotlotteryonline.com\/wp-content\/uploads\/2022\/11\/read1.jpg","datePublished":"2022-11-03T13:42:07+00:00","dateModified":"2022-12-31T07:42:05+00:00","description":"Superenalotto sa m\u00f4\u017ee zda\u0165 ako tvrd\u00fd orie\u0161ok, ale ak traf\u00edte jackpot, vyhr\u00e1te ve\u013ea. Zahrajte si Superenalotto z kraj\u00edn mimo Talianska tu!","breadcrumb":{"@id":"https:\/\/jackpotlotteryonline.com\/play-online\/superenalotto\/#breadcrumb"},"inLanguage":"sk-SK","potentialAction":[{"@type":"ReadAction","target":["https:\/\/jackpotlotteryonline.com\/play-online\/superenalotto\/"]}]},{"@type":"ImageObject","inLanguage":"sk-SK","@id":"https:\/\/jackpotlotteryonline.com\/play-online\/superenalotto\/#primaryimage","url":"https:\/\/jackpotlotteryonline.com\/wp-content\/uploads\/2022\/11\/read1.jpg","contentUrl":"https:\/\/jackpotlotteryonline.com\/wp-content\/uploads\/2022\/11\/read1.jpg"},{"@type":"BreadcrumbList","@id":"https:\/\/jackpotlotteryonline.com\/play-online\/superenalotto\/#breadcrumb","itemListElement":[{"@type":"ListItem","position":1,"name":"Home","item":"https:\/\/jackpotlotteryonline.com\/sk\/"},{"@type":"ListItem","position":2,"name":"Ako hra\u0165","item":"https:\/\/jackpotlotteryonline.com\/sk\/ako-hrat\/"},{"@type":"ListItem","position":3,"name":"SuperEnaLotto Taliansko"}]},{"@type":"WebSite","@id":"https:\/\/jackpotlotteryonline.com\/#website","url":"https:\/\/jackpotlotteryonline.com\/","name":"Lotto Online - Crack The International Lottery Jackpots","description":"","potentialAction":[{"@type":"SearchAction","target":{"@type":"EntryPoint","urlTemplate":"https:\/\/jackpotlotteryonline.com\/?s={search_term_string}"},"query-input":"required name=search_term_string"}],"inLanguage":"sk-SK"}]}},"_links":{"self":[{"href":"https:\/\/jackpotlotteryonline.com\/sk\/wp-json\/wp\/v2\/pages\/36143","targetHints":{"allow":["GET"]}}],"collection":[{"href":"https:\/\/jackpotlotteryonline.com\/sk\/wp-json\/wp\/v2\/pages"}],"about":[{"href":"https:\/\/jackpotlotteryonline.com\/sk\/wp-json\/wp\/v2\/types\/page"}],"author":[{"embeddable":true,"href":"https:\/\/jackpotlotteryonline.com\/sk\/wp-json\/wp\/v2\/users\/1"}],"replies":[{"embeddable":true,"href":"https:\/\/jackpotlotteryonline.com\/sk\/wp-json\/wp\/v2\/comments?post=36143"}],"version-history":[{"count":0,"href":"https:\/\/jackpotlotteryonline.com\/sk\/wp-json\/wp\/v2\/pages\/36143\/revisions"}],"up":[{"embeddable":true,"href":"https:\/\/jackpotlotteryonline.com\/sk\/wp-json\/wp\/v2\/pages\/35719"}],"wp:attachment":[{"href":"https:\/\/jackpotlotteryonline.com\/sk\/wp-json\/wp\/v2\/media?parent=36143"}],"curies":[{"name":"wp","href":"https:\/\/api.w.org\/{rel}","templated":true}]}}