{"id":36203,"date":"2022-11-04T06:55:27","date_gmt":"2022-11-04T06:55:27","guid":{"rendered":"https:\/\/jackpotlotteryonline.com\/?page_id=36203"},"modified":"2023-01-03T08:33:44","modified_gmt":"2023-01-03T08:33:44","slug":"el-gordo","status":"publish","type":"page","link":"https:\/\/jackpotlotteryonline.com\/sk\/ako-hrat\/el-gordo\/","title":{"rendered":"Hra\u0165 El Gordo Lotto \u0160panielsko"},"content":{"rendered":"<h2>El Gordo Online Lotto Jackpot<\/h2>\n<p><img loading=\"lazy\" decoding=\"async\" class=\"alignright wp-image-18709\" src=\"https:\/\/jackpotlotteryonline.com\/wp-content\/uploads\/2022\/10\/2_ticket_el_gordo3-218x300.jpg\" alt=\"tiket el gordo\" width=\"174\" height=\"239\" srcset=\"https:\/\/jackpotlotteryonline.com\/wp-content\/uploads\/2022\/10\/2_ticket_el_gordo3-218x300.jpg 218w, https:\/\/jackpotlotteryonline.com\/wp-content\/uploads\/2022\/10\/2_ticket_el_gordo3.jpg 570w\" sizes=\"auto, (max-width: 174px) 100vw, 174px\" \/><\/p>\n<p>Priemern\u00fd \u0160paniel minul v roku 2009 na jackpot lot\u00e9rie El Gordo \u00fa\u017easn\u00fa sumu 60 eur. Nu\u017e, suma 60 \u20ac sa nemus\u00ed zda\u0165 ve\u013ek\u00e1, ale ak ju vyn\u00e1sob\u00edte po\u010dtom obyvate\u013eov \u0160panielska, m\u00f4\u017eete onemie\u0165. Lot\u00e9ria El Gordo, ktor\u00e1 je zn\u00e1ma najm\u00e4 v\u010faka viano\u010dn\u00e9mu vydaniu \u0161panielskej lot\u00e9rie, sa kon\u00e1 ka\u017ed\u00fd t\u00fd\u017ede\u0148.<\/p>\n<p>Ide o lot\u00e9riu s <a href=\"https:\/\/jackpotlotteryonline.com\/sk\/vyherne-cisla\/el-gordo-draw-results\">jedn\u00fdm \u017erebovan\u00edm t\u00fd\u017edenne (ka\u017ed\u00fa nede\u013eu)<\/a> a mus\u00edte si vybra\u0165 5 \u010d\u00edsel z 54 \u010d\u00edsel. Mimochodom, n\u00e1zov El Gordo znamen\u00e1 v \u0161paniel\u010dine &#8220;Ve\u013ek\u00fd&#8221;.<\/p>\n<h2>Viano\u010dn\u00e9 \u017erebovanie El Gordo<\/h2>\n<p>Lot\u00e9ria El Gordo Navidad, ktor\u00e1 sa hr\u00e1 raz ro\u010dne v \u010dase Vianoc, sa ve\u013emi l\u00ed\u0161i od ostatn\u00fdch porovnate\u013en\u00fdch lot\u00e9ri\u00ed na svete, preto\u017ee k dispoz\u00edcii je len 85 000 \u010d\u00edsel (od 00000 do 84999) a \u017erebovanie je ve\u013emi \u0161peci\u00e1lna udalos\u0165, ktorej pr\u00edprava a realiz\u00e1cia trv\u00e1 dlho.<\/p>\n<section class=\"layout\" style=\"border: solid 1px; width: 100%;\">\n<div class=\"img-div\" style=\"margin-top: 5px;\"><img decoding=\"async\" class=\"wp-image-17212 alignleft\" style=\"height: 45px; margin: 8px 8px 0px;\" src=\"https:\/\/jackpotlotteryonline.com\/wp-content\/uploads\/2022\/11\/read1.jpg\" alt=\"pre\u010d\u00edtajte si\" width=\"\" height=\"\" \/><\/div>\n<div style=\"padding-left: 5px;\">\n<div style=\"font-size: 1.1em;\">\n<p><strong>Nenechajte si ujs\u0165 \u010dasy \u017erebovania najv\u00e4\u010d\u0161\u00edch svetov\u00fdch lot\u00e9riov\u00fdch jackpotov<\/strong><\/p>\n<p style=\"font-size: 0.85em; margin-top: -1.5em;\">Zoznam \u010dasov \u017erebovania medzin\u00e1rodn\u00fdch lot\u00e9ri\u00ed\u00a0 <a href=\"https:\/\/jackpotlotteryonline.com\/sk\/kedy-su-casy-cerpania-medzinarodnych-loterii\"> \u010d\u00edtaj viac<\/a><\/p>\n<\/div>\n<\/div>\n<\/section>\n<h2>Pre\u010do je viano\u010dn\u00e9 El Gordo jedine\u010dn\u00e9?<\/h2>\n<p><img loading=\"lazy\" decoding=\"async\" class=\"alignright size-full wp-image-17870\" src=\"https:\/\/jackpotlotteryonline.com\/wp-content\/uploads\/2022\/10\/lotto_euros.jpg\" alt=\"vyhra\u0165 Vianoce El Gordo\" width=\"225\" height=\"134\" \/><\/p>\n<p>Samotn\u00e9 \u017erebovanie je ve\u013emi jedine\u010dn\u00e9 a odli\u0161n\u00e9. Nie s\u00fa do\u0148 zapojen\u00e9 takmer \u017eiadne stroje ani technol\u00f3gie. Obrovsk\u00e1 gu\u013ea je naplnen\u00e1 dreven\u00fdmi gu\u013eami, z ktor\u00fdch ka\u017ed\u00e1 m\u00e1 na sebe jedno z p\u00e4\u0165miestnych \u010d\u00edsel. Druh\u00e1 gu\u013ea obsahuje gule s v\u00fdhrami. \u017drebovanie vykon\u00e1vaj\u00fa dve deti, ktor\u00e9 z ka\u017edej gule vyber\u00fa jednu gu\u013eu, ktor\u00e1 ur\u010duje v\u00fdhern\u00e9 \u010d\u00edslo a cenu, ktor\u00fa toto \u010d\u00edslo vyhralo.<\/p>\n<p>Jackpot lotta El Gordo Online, ktor\u00fd je cel\u00fd \u017erebovan\u00fd \u013eudsk\u00fdmi rukami, je ve\u013emi jedine\u010dn\u00fd a patr\u00ed k najvyh\u013ead\u00e1vanej\u0161\u00edm v kontinent\u00e1lnej Eur\u00f3pe. S\u00fa v \u0148om tri hlavn\u00e9 v\u00fdhry a viac ako 1000 men\u0161\u00edch v\u00fdhier a \u010d\u00edsla, ktor\u00e9 sa \u010diasto\u010dne zhoduj\u00fa s tromi hlavn\u00fdmi v\u00fdhern\u00fdmi \u010d\u00edslami, tie\u017e nie\u010do vyhr\u00e1vaj\u00fa. Tak\u017ee \u0161ance na v\u00fdhru sa t\u00fdm dos\u0165 zvy\u0161uj\u00fa.<\/p>\n<p>El Gordo je jednou z najv\u00e4\u010d\u0161\u00edch lot\u00e9riov\u00fdch v\u00fdhier na svete s celkovou v\u00fd\u0161kou v\u00fdhier viac ako 3 miliardy eur ro\u010dne (odteraz a neust\u00e1le sa zvy\u0161uje). Nemus\u00edte by\u0165 ob\u010danom \u0160panielska alebo Eur\u00f3py, lot\u00e9riu El Gordo m\u00f4\u017ee hra\u0165 ka\u017ed\u00fd, kto dov\u0155\u0161il 18 rokov.<\/p>\n<h2>Ako a pre\u010do by ste mali hra\u0165 El Gordo online?<\/h2>\n<p>Zaregistrujte sa na na\u0161ej webovej str\u00e1nke e\u0161te dnes a uistite sa, \u017ee si rezervujete miesto na ceste k bohatstvu. Pom\u00f4\u017eeme hr\u00e1\u010dom z kraj\u00edn mimo \u0160panielska z\u00fa\u010dastni\u0165 sa lot\u00e9rie El Gordo. V\u0161etko, \u010do mus\u00edte urobi\u0165, je zalo\u017ei\u0165 si \u00fa\u010det, vybra\u0165 si \u010d\u00edsla a dokon\u010di\u0165 platbu. Potom sa postar\u00e1me o to, aby bol v<a href=\"https:\/\/jackpotlotteryonline.com\/sk\/kupit-vstupenky\/el-gordo\">o va\u0161om mene zak\u00fapen\u00fd tiket na jackpot lot\u00e9rie El Gordo<\/a>. Tiket s va\u0161imi vybran\u00fdmi \u010d\u00edslami za v\u00e1s naskenujeme a v pr\u00edpade, \u017ee vyhr\u00e1te \u0161\u0165astie, pom\u00f4\u017eeme v\u00e1m aj zabezpe\u010di\u0165, aby v\u00e1m peniaze pri\u0161li \u010do najr\u00fdchlej\u0161ie. Odpor\u00fa\u010dame v\u00e1m, aby ste si svoj tiket s ob\u013e\u00faben\u00fdmi \u010d\u00edslami rezervovali e\u0161te dnes.<\/p>\n","protected":false},"excerpt":{"rendered":"<p>El Gordo Online Lotto Jackpot Priemern\u00fd \u0160paniel minul v roku 2009 na jackpot lot\u00e9rie El Gordo \u00fa\u017easn\u00fa sumu 60 eur. Nu\u017e, suma 60 \u20ac sa nemus\u00ed zda\u0165 ve\u013ek\u00e1, ale ak ju vyn\u00e1sob\u00edte po\u010dtom obyvate\u013eov \u0160panielska, m\u00f4\u017eete onemie\u0165. Lot\u00e9ria El Gordo, ktor\u00e1 je zn\u00e1ma najm\u00e4 v\u010faka viano\u010dn\u00e9mu vydaniu \u0161panielskej lot\u00e9rie, sa kon\u00e1 ka\u017ed\u00fd t\u00fd\u017ede\u0148. Ide o [&hellip;]<\/p>\n","protected":false},"author":1,"featured_media":0,"parent":35719,"menu_order":6,"comment_status":"closed","ping_status":"closed","template":"el-gordo.php","meta":{"_et_pb_use_builder":"","_et_pb_old_content":"","_et_gb_content_width":"","exclude_from_search":false,"footnotes":""},"class_list":["post-36203","page","type-page","status-publish","hentry"],"yoast_head":"<!-- This site is optimized with the Yoast SEO plugin v23.3 - https:\/\/yoast.com\/wordpress\/plugins\/seo\/ -->\n<title>Hrajte \u0161panielske Lotto El Gordo online - aj mimo \u0160panielska<\/title>\n<meta name=\"description\" content=\"Jackpot El Gordo Online Lotto je jedn\u00fdm z najv\u00e4\u010d\u0161\u00edch jackpotov na svete a m\u00f4\u017eete ho hra\u0165 online aj z kraj\u00edn mimo \u0160panielska.\" \/>\n<meta name=\"robots\" content=\"index, follow, max-snippet:-1, max-image-preview:large, max-video-preview:-1\" \/>\n<link rel=\"canonical\" href=\"https:\/\/jackpotlotteryonline.com\/play-online\/el-gordo\/\" \/>\n<meta property=\"og:locale\" content=\"sk_SK\" \/>\n<meta property=\"og:type\" content=\"article\" \/>\n<meta property=\"og:title\" content=\"Hrajte \u0161panielske Lotto El Gordo online - aj mimo \u0160panielska\" \/>\n<meta property=\"og:description\" content=\"Jackpot El Gordo Online Lotto je jedn\u00fdm z najv\u00e4\u010d\u0161\u00edch jackpotov na svete a m\u00f4\u017eete ho hra\u0165 online aj z kraj\u00edn mimo \u0160panielska.\" \/>\n<meta property=\"og:url\" content=\"https:\/\/jackpotlotteryonline.com\/play-online\/el-gordo\/\" \/>\n<meta property=\"og:site_name\" content=\"Lotto Online - Crack The International Lottery Jackpots\" \/>\n<meta property=\"article:modified_time\" content=\"2023-01-03T08:33:44+00:00\" \/>\n<meta property=\"og:image\" content=\"https:\/\/jackpotlotteryonline.com\/wp-content\/uploads\/2022\/10\/2_ticket_el_gordo3-218x300.jpg\" \/>\n<meta name=\"twitter:card\" content=\"summary_large_image\" \/>\n<meta name=\"twitter:label1\" content=\"Predpokladan\u00fd \u010das \u010d\u00edtania\" \/>\n\t<meta name=\"twitter:data1\" content=\"3 min\u00faty\" \/>\n<!-- \/ Yoast SEO plugin. -->","yoast_head_json":{"title":"Hrajte \u0161panielske Lotto El Gordo online - aj mimo \u0160panielska","description":"Jackpot El Gordo Online Lotto je jedn\u00fdm z najv\u00e4\u010d\u0161\u00edch jackpotov na svete a m\u00f4\u017eete ho hra\u0165 online aj z kraj\u00edn mimo \u0160panielska.","robots":{"index":"index","follow":"follow","max-snippet":"max-snippet:-1","max-image-preview":"max-image-preview:large","max-video-preview":"max-video-preview:-1"},"canonical":"https:\/\/jackpotlotteryonline.com\/play-online\/el-gordo\/","og_locale":"sk_SK","og_type":"article","og_title":"Hrajte \u0161panielske Lotto El Gordo online - aj mimo \u0160panielska","og_description":"Jackpot El Gordo Online Lotto je jedn\u00fdm z najv\u00e4\u010d\u0161\u00edch jackpotov na svete a m\u00f4\u017eete ho hra\u0165 online aj z kraj\u00edn mimo \u0160panielska.","og_url":"https:\/\/jackpotlotteryonline.com\/play-online\/el-gordo\/","og_site_name":"Lotto Online - Crack The International Lottery Jackpots","article_modified_time":"2023-01-03T08:33:44+00:00","og_image":[{"url":"https:\/\/jackpotlotteryonline.com\/wp-content\/uploads\/2022\/10\/2_ticket_el_gordo3-218x300.jpg"}],"twitter_card":"summary_large_image","twitter_misc":{"Predpokladan\u00fd \u010das \u010d\u00edtania":"3 min\u00faty"},"schema":{"@context":"https:\/\/schema.org","@graph":[{"@type":"WebPage","@id":"https:\/\/jackpotlotteryonline.com\/play-online\/el-gordo\/","url":"https:\/\/jackpotlotteryonline.com\/play-online\/el-gordo\/","name":"Hrajte \u0161panielske Lotto El Gordo online - aj mimo \u0160panielska","isPartOf":{"@id":"https:\/\/jackpotlotteryonline.com\/#website"},"primaryImageOfPage":{"@id":"https:\/\/jackpotlotteryonline.com\/play-online\/el-gordo\/#primaryimage"},"image":{"@id":"https:\/\/jackpotlotteryonline.com\/play-online\/el-gordo\/#primaryimage"},"thumbnailUrl":"https:\/\/jackpotlotteryonline.com\/wp-content\/uploads\/2022\/10\/2_ticket_el_gordo3-218x300.jpg","datePublished":"2022-11-04T06:55:27+00:00","dateModified":"2023-01-03T08:33:44+00:00","description":"Jackpot El Gordo Online Lotto je jedn\u00fdm z najv\u00e4\u010d\u0161\u00edch jackpotov na svete a m\u00f4\u017eete ho hra\u0165 online aj z kraj\u00edn mimo \u0160panielska.","breadcrumb":{"@id":"https:\/\/jackpotlotteryonline.com\/play-online\/el-gordo\/#breadcrumb"},"inLanguage":"sk-SK","potentialAction":[{"@type":"ReadAction","target":["https:\/\/jackpotlotteryonline.com\/play-online\/el-gordo\/"]}]},{"@type":"ImageObject","inLanguage":"sk-SK","@id":"https:\/\/jackpotlotteryonline.com\/play-online\/el-gordo\/#primaryimage","url":"https:\/\/jackpotlotteryonline.com\/wp-content\/uploads\/2022\/10\/2_ticket_el_gordo3-218x300.jpg","contentUrl":"https:\/\/jackpotlotteryonline.com\/wp-content\/uploads\/2022\/10\/2_ticket_el_gordo3-218x300.jpg"},{"@type":"BreadcrumbList","@id":"https:\/\/jackpotlotteryonline.com\/play-online\/el-gordo\/#breadcrumb","itemListElement":[{"@type":"ListItem","position":1,"name":"Home","item":"https:\/\/jackpotlotteryonline.com\/sk\/"},{"@type":"ListItem","position":2,"name":"Ako hra\u0165","item":"https:\/\/jackpotlotteryonline.com\/sk\/ako-hrat\/"},{"@type":"ListItem","position":3,"name":"Hra\u0165 El Gordo Lotto \u0160panielsko"}]},{"@type":"WebSite","@id":"https:\/\/jackpotlotteryonline.com\/#website","url":"https:\/\/jackpotlotteryonline.com\/","name":"Lotto Online - Crack The International Lottery Jackpots","description":"","potentialAction":[{"@type":"SearchAction","target":{"@type":"EntryPoint","urlTemplate":"https:\/\/jackpotlotteryonline.com\/?s={search_term_string}"},"query-input":"required name=search_term_string"}],"inLanguage":"sk-SK"}]}},"_links":{"self":[{"href":"https:\/\/jackpotlotteryonline.com\/sk\/wp-json\/wp\/v2\/pages\/36203","targetHints":{"allow":["GET"]}}],"collection":[{"href":"https:\/\/jackpotlotteryonline.com\/sk\/wp-json\/wp\/v2\/pages"}],"about":[{"href":"https:\/\/jackpotlotteryonline.com\/sk\/wp-json\/wp\/v2\/types\/page"}],"author":[{"embeddable":true,"href":"https:\/\/jackpotlotteryonline.com\/sk\/wp-json\/wp\/v2\/users\/1"}],"replies":[{"embeddable":true,"href":"https:\/\/jackpotlotteryonline.com\/sk\/wp-json\/wp\/v2\/comments?post=36203"}],"version-history":[{"count":0,"href":"https:\/\/jackpotlotteryonline.com\/sk\/wp-json\/wp\/v2\/pages\/36203\/revisions"}],"up":[{"embeddable":true,"href":"https:\/\/jackpotlotteryonline.com\/sk\/wp-json\/wp\/v2\/pages\/35719"}],"wp:attachment":[{"href":"https:\/\/jackpotlotteryonline.com\/sk\/wp-json\/wp\/v2\/media?parent=36203"}],"curies":[{"name":"wp","href":"https:\/\/api.w.org\/{rel}","templated":true}]}}