{"id":36260,"date":"2022-11-04T08:34:02","date_gmt":"2022-11-04T08:34:02","guid":{"rendered":"https:\/\/jackpotlotteryonline.com\/?page_id=36260"},"modified":"2022-12-31T11:03:19","modified_gmt":"2022-12-31T11:03:19","slug":"france-lotto","status":"publish","type":"page","link":"https:\/\/jackpotlotteryonline.com\/sk\/ako-hrat\/france-lotto\/","title":{"rendered":"Zahrajte si franc\u00fazsku lot\u00e9riu"},"content":{"rendered":"<h2>Franc\u00fazsko Lotto online<\/h2>\n<p><img loading=\"lazy\" decoding=\"async\" class=\"alignright size-full wp-image-18410\" src=\"https:\/\/jackpotlotteryonline.com\/wp-content\/uploads\/2022\/10\/win_big.jpg\" alt=\"Hra\u0165 france lotto online\" width=\"224\" height=\"134\" \/><\/p>\n<p>France Lotto je jednou z najstar\u0161\u00edch organizovan\u00fdch eur\u00f3pskych lot\u00e9ri\u00ed, ktor\u00fa organizuje a spravuje skupina Francaise des Jeux. Vo Franc\u00fazsku a v \u010fal\u0161\u00edch \u010dastiach Eur\u00f3py je ve\u013emi popul\u00e1rna. Ke\u010f\u017ee Franc\u00fazi s\u00fa ve\u013emi v\u00e1\u0161niv\u00fdmi fan\u00fa\u0161ikmi hazardnej hry, <a href=\"https:\/\/jackpotlotteryonline.com\/sk\/vyherne-cisla\/france-lotto-2\">France Lotto online sa \u017erebuje trikr\u00e1t t\u00fd\u017edenne (v pondelok, stredu a sobotu)<\/a> na rozdiel od v\u00e4\u010d\u0161iny ostatn\u00fdch eur\u00f3pskych lot\u00e9ri\u00ed, ktor\u00e9 sa \u017erebuj\u00fa len dvakr\u00e1t t\u00fd\u017edenne. Celkov\u00fd objem v\u00fdhier, ktor\u00e9 sa vo franc\u00fazskej lot\u00e9rii Lotto rozdaj\u00fa, sa odhaduje na viac ako 4,4 miliardy eur ro\u010dne a je spojen\u00fd s ve\u013ek\u00fdm jackpotom.<\/p>\n<p>Nemus\u00edte ma\u0165 trval\u00fd pobyt vo Franc\u00fazsku &#8211; <strong>hranie franc\u00fazskeho lota z kraj\u00edn mimo Franc\u00fazska je s na\u0161ou pomocou mo\u017en\u00e9 online.<\/strong><\/p>\n<p>V porovnan\u00ed s in\u00fdmi eur\u00f3pskymi lot\u00e9riami zaznamen\u00e1va franc\u00fazske Lotto online ve\u013ek\u00fd n\u00e1rast jackpotov, ktor\u00e9 pon\u00faka, preto\u017ee jackpot sa zvy\u0161uje o mili\u00f3n eur. Pri troch \u017erebovaniach t\u00fd\u017edenne sa kumuluje a st\u00fapa pomerne r\u00fdchlo, a\u017e k\u00fdm ho nevyhr\u00e1te. Skuto\u010dnos\u0165, \u017ee jackpot sa nepo\u010d\u00edta ako najvy\u0161\u0161\u00ed medzi lot\u00e9riami, dokazuje, \u017ee jackpot sa vyhr\u00e1va \u010dastej\u0161ie ako v in\u00fdch lot\u00e9ri\u00e1ch.<\/p>\n<p>Hovor\u00ed sa, \u017ee France Lotto online vytvorilo viac milion\u00e1rov ako v\u00e4\u010d\u0161ina in\u00fdch porovnate\u013en\u00fdch lot\u00e9ri\u00ed v Eur\u00f3pe. Mali by ste vyu\u017ei\u0165 svoju \u0161ancu a <a href=\"https:\/\/jackpotlotteryonline.com\/sk\/kupit-vstupenky\/lotto-france\">k\u00fapi\u0165 si tiket online France Lotto<\/a> a sta\u0165 sa \u010fal\u0161\u00edm milion\u00e1rom.<\/p>\n<p>Sme tu, aby sme v\u00e1m pomohli hra\u0165 France Lotto online. Hranie tejto hry je jednoduch\u00e9 ako ABC a na celej ceste v\u00e1m pom\u00f4\u017eu.<\/p>\n<section class=\"layout\" style=\"border: solid 1px; width: 100%;\">\n<div class=\"img-div\" style=\"margin-top: 5px;\"><img decoding=\"async\" class=\"wp-image-17212 alignleft\" style=\"height: 45px; margin: 8px 8px 0px;\" src=\"https:\/\/jackpotlotteryonline.com\/wp-content\/uploads\/2022\/11\/read1.jpg\" alt=\"pre\u010d\u00edtajte si\" width=\"\" height=\"\" \/><\/div>\n<div style=\"padding-left: 5px;\">\n<div style=\"font-size: 1.1em;\">\n<p><strong>Sledujte \u017erebovanie \u010d\u00edsel lot\u00e9rie v priamom prenose<\/strong><\/p>\n<p style=\"font-size: 0.85em; margin-top: -1.5em;\">Ako sledova\u0165 \u017eiv\u00e9 \u017erebovania ob\u013e\u00faben\u00fdch lot\u00e9ri\u00ed\u00a0<a href=\"https:\/\/jackpotlotteryonline.com\/sk\/sledujte-ako-sa-losuju-cisla-v-loterii-nazivo\"> \u010d\u00edtaj viac<\/a><\/p>\n<\/div>\n<\/div>\n<\/section>\n<h2>Ako hra\u0165 Franc\u00fazsko Lotto online?<\/h2>\n<p><img loading=\"lazy\" decoding=\"async\" class=\"alignright wp-image-27131\" src=\"https:\/\/jackpotlotteryonline.com\/wp-content\/uploads\/2022\/11\/1_jckpot_win_online.jpg\" alt=\"jackpot franc\u00fazskej lot\u00e9rie\" width=\"159\" height=\"159\" srcset=\"https:\/\/jackpotlotteryonline.com\/wp-content\/uploads\/2022\/11\/1_jckpot_win_online.jpg 300w, https:\/\/jackpotlotteryonline.com\/wp-content\/uploads\/2022\/11\/1_jckpot_win_online-100x100.jpg 100w, https:\/\/jackpotlotteryonline.com\/wp-content\/uploads\/2022\/11\/1_jckpot_win_online-150x150.jpg 150w\" sizes=\"auto, (max-width: 159px) 100vw, 159px\" \/><\/p>\n<p>Ako ka\u017ed\u00e1 in\u00e1 lot\u00e9ria, aj France lotto spo\u010d\u00edva v tipovan\u00ed 5 \u010d\u00edsel zo 49 a jedn\u00e9ho \u010d\u00edsla z \u010fal\u0161ej skupiny 10 \u010d\u00edsel. Zak\u00fapenie tiketu je jednoduch\u00e9, akon\u00e1hle si ho objedn\u00e1te prostredn\u00edctvom n\u00e1s, zak\u00fapime ho vo va\u0161om mene. Hne\u010f po n\u00e1kupe uvid\u00edte vo svojom \u00fa\u010dte \u010d\u00edsla, ktor\u00e9 ste vybrali, a o nie\u010do nesk\u00f4r bude vo va\u0161om \u00fa\u010dte vidite\u013en\u00fd aj sken v\u00e1\u0161ho z\u00e1znamu.<\/p>\n<p>Ak ste pri v\u00fdbere \u010d\u00edsel skeptick\u00ed, m\u00e1me k dispoz\u00edcii aj gener\u00e1tor lot\u00e9riov\u00fdch \u010d\u00edsel a mo\u017enos\u0165 r\u00fdchleho v\u00fdberu France Lotto online umo\u017e\u0148uje hra\u0165 n\u00e1hodn\u00e9 \u010d\u00edsla.<\/p>\n<p>Na zak\u00fapenie tiketu France Lotto online mus\u00edte ma\u0165 viac ako 18 rokov a predt\u00fdm, ako tak urob\u00edte prostredn\u00edctvom n\u00e1s, m\u00f4\u017eete si urobi\u0165 prieskum minul\u00fdch v\u00fdsledkov, ktor\u00fd v\u00e1m pom\u00f4\u017ee vybra\u0165 si vlastn\u00e9 \u0161\u0165astn\u00e9 \u010d\u00edsla.<\/p>\n<h2>Preberanie v\u00fdhier z France lotto online<\/h2>\n<p>Okrem jackpotu pon\u00faka France Lotto online aj \u010fal\u0161ie v\u00fdhry za zhodn\u00e9 \u010d\u00edsla. Na rozdiel od americk\u00fdch lot\u00e9ri\u00ed sa v\u00fdhry vypl\u00e1caj\u00fa v plnej v\u00fd\u0161ke a v hotovosti. Svoje n\u00e1roky mus\u00edte uplatni\u0165 do 2 mesiacov od d\u00e1tumu \u017erebovania, s \u010d\u00edm v\u00e1m pom\u00f4\u017eeme. V\u00fdhry do 2500 eur v\u00e1m bud\u00fa prip\u00edsan\u00e9 na v\u00e1\u0161 \u00fa\u010det na na\u0161ej webovej str\u00e1nke. V\u00fdhry nad t\u00fato sumu je potrebn\u00e9 pouk\u00e1za\u0165 na platobnom centre Francaise des Jeux.<\/p>\n<p>Ak hr\u00e1te prostredn\u00edctvom n\u00e1s, pom\u00f4\u017eeme v\u00e1m aj pri preberan\u00ed v\u00fdhier t\u00fdm, \u017ee vo va\u0161om mene uplatn\u00edme n\u00e1rok na v\u00fdhru a zabezpe\u010d\u00edme, aby v\u00e1m bola v\u00fdhra doru\u010den\u00e1 \u010do najr\u00fdchlej\u0161ie. Zaregistrujte sa e\u0161te dnes zadarmo a z\u00edskajte nepredv\u00eddan\u00e9 v\u00fdhody&#8230;!<\/p>\n<p>V\u0161etky v\u00fdhry vo France Lotto sa vypl\u00e1caj\u00fa bez dane!<\/p>\n","protected":false},"excerpt":{"rendered":"<p>Franc\u00fazsko Lotto online France Lotto je jednou z najstar\u0161\u00edch organizovan\u00fdch eur\u00f3pskych lot\u00e9ri\u00ed, ktor\u00fa organizuje a spravuje skupina Francaise des Jeux. Vo Franc\u00fazsku a v \u010fal\u0161\u00edch \u010dastiach Eur\u00f3py je ve\u013emi popul\u00e1rna. Ke\u010f\u017ee Franc\u00fazi s\u00fa ve\u013emi v\u00e1\u0161niv\u00fdmi fan\u00fa\u0161ikmi hazardnej hry, France Lotto online sa \u017erebuje trikr\u00e1t t\u00fd\u017edenne (v pondelok, stredu a sobotu) na rozdiel od v\u00e4\u010d\u0161iny ostatn\u00fdch [&hellip;]<\/p>\n","protected":false},"author":1,"featured_media":0,"parent":35719,"menu_order":9,"comment_status":"closed","ping_status":"closed","template":"lotto-fr.php","meta":{"_et_pb_use_builder":"","_et_pb_old_content":"","_et_gb_content_width":"","exclude_from_search":false,"footnotes":""},"class_list":["post-36260","page","type-page","status-publish","hentry"],"yoast_head":"<!-- This site is optimized with the Yoast SEO plugin v23.3 - https:\/\/yoast.com\/wordpress\/plugins\/seo\/ -->\n<title>Z\u00fa\u010dastnite sa hry France Lotto online z kraj\u00edn mimo Franc\u00fazska<\/title>\n<meta name=\"description\" content=\"K\u00fapte si l\u00edstok na Franc\u00fazsko loto na tu - umo\u017e\u0148ujeme fan\u00fa\u0161ikom lota z kraj\u00edn mimo Franc\u00fazska z\u00edska\u0165 l\u00edstok na t\u00fato popul\u00e1rnu lot\u00e9riu\" \/>\n<meta name=\"robots\" content=\"index, follow, max-snippet:-1, max-image-preview:large, max-video-preview:-1\" \/>\n<link rel=\"canonical\" href=\"https:\/\/jackpotlotteryonline.com\/play-online\/france-lotto\/\" \/>\n<meta property=\"og:locale\" content=\"sk_SK\" \/>\n<meta property=\"og:type\" content=\"article\" \/>\n<meta property=\"og:title\" content=\"Z\u00fa\u010dastnite sa hry France Lotto online z kraj\u00edn mimo Franc\u00fazska\" \/>\n<meta property=\"og:description\" content=\"K\u00fapte si l\u00edstok na Franc\u00fazsko loto na tu - umo\u017e\u0148ujeme fan\u00fa\u0161ikom lota z kraj\u00edn mimo Franc\u00fazska z\u00edska\u0165 l\u00edstok na t\u00fato popul\u00e1rnu lot\u00e9riu\" \/>\n<meta property=\"og:url\" content=\"https:\/\/jackpotlotteryonline.com\/play-online\/france-lotto\/\" \/>\n<meta property=\"og:site_name\" content=\"Lotto Online - Crack The International Lottery Jackpots\" \/>\n<meta property=\"article:modified_time\" content=\"2022-12-31T11:03:19+00:00\" \/>\n<meta property=\"og:image\" content=\"https:\/\/jackpotlotteryonline.com\/wp-content\/uploads\/2022\/10\/win_big.jpg\" \/>\n<meta name=\"twitter:card\" content=\"summary_large_image\" \/>\n<meta name=\"twitter:label1\" content=\"Predpokladan\u00fd \u010das \u010d\u00edtania\" \/>\n\t<meta name=\"twitter:data1\" content=\"3 min\u00faty\" \/>\n<!-- \/ Yoast SEO plugin. -->","yoast_head_json":{"title":"Z\u00fa\u010dastnite sa hry France Lotto online z kraj\u00edn mimo Franc\u00fazska","description":"K\u00fapte si l\u00edstok na Franc\u00fazsko loto na tu - umo\u017e\u0148ujeme fan\u00fa\u0161ikom lota z kraj\u00edn mimo Franc\u00fazska z\u00edska\u0165 l\u00edstok na t\u00fato popul\u00e1rnu lot\u00e9riu","robots":{"index":"index","follow":"follow","max-snippet":"max-snippet:-1","max-image-preview":"max-image-preview:large","max-video-preview":"max-video-preview:-1"},"canonical":"https:\/\/jackpotlotteryonline.com\/play-online\/france-lotto\/","og_locale":"sk_SK","og_type":"article","og_title":"Z\u00fa\u010dastnite sa hry France Lotto online z kraj\u00edn mimo Franc\u00fazska","og_description":"K\u00fapte si l\u00edstok na Franc\u00fazsko loto na tu - umo\u017e\u0148ujeme fan\u00fa\u0161ikom lota z kraj\u00edn mimo Franc\u00fazska z\u00edska\u0165 l\u00edstok na t\u00fato popul\u00e1rnu lot\u00e9riu","og_url":"https:\/\/jackpotlotteryonline.com\/play-online\/france-lotto\/","og_site_name":"Lotto Online - Crack The International Lottery Jackpots","article_modified_time":"2022-12-31T11:03:19+00:00","og_image":[{"url":"https:\/\/jackpotlotteryonline.com\/wp-content\/uploads\/2022\/10\/win_big.jpg"}],"twitter_card":"summary_large_image","twitter_misc":{"Predpokladan\u00fd \u010das \u010d\u00edtania":"3 min\u00faty"},"schema":{"@context":"https:\/\/schema.org","@graph":[{"@type":"WebPage","@id":"https:\/\/jackpotlotteryonline.com\/play-online\/france-lotto\/","url":"https:\/\/jackpotlotteryonline.com\/play-online\/france-lotto\/","name":"Z\u00fa\u010dastnite sa hry France Lotto online z kraj\u00edn mimo Franc\u00fazska","isPartOf":{"@id":"https:\/\/jackpotlotteryonline.com\/#website"},"primaryImageOfPage":{"@id":"https:\/\/jackpotlotteryonline.com\/play-online\/france-lotto\/#primaryimage"},"image":{"@id":"https:\/\/jackpotlotteryonline.com\/play-online\/france-lotto\/#primaryimage"},"thumbnailUrl":"https:\/\/jackpotlotteryonline.com\/wp-content\/uploads\/2022\/10\/win_big.jpg","datePublished":"2022-11-04T08:34:02+00:00","dateModified":"2022-12-31T11:03:19+00:00","description":"K\u00fapte si l\u00edstok na Franc\u00fazsko loto na tu - umo\u017e\u0148ujeme fan\u00fa\u0161ikom lota z kraj\u00edn mimo Franc\u00fazska z\u00edska\u0165 l\u00edstok na t\u00fato popul\u00e1rnu lot\u00e9riu","breadcrumb":{"@id":"https:\/\/jackpotlotteryonline.com\/play-online\/france-lotto\/#breadcrumb"},"inLanguage":"sk-SK","potentialAction":[{"@type":"ReadAction","target":["https:\/\/jackpotlotteryonline.com\/play-online\/france-lotto\/"]}]},{"@type":"ImageObject","inLanguage":"sk-SK","@id":"https:\/\/jackpotlotteryonline.com\/play-online\/france-lotto\/#primaryimage","url":"https:\/\/jackpotlotteryonline.com\/wp-content\/uploads\/2022\/10\/win_big.jpg","contentUrl":"https:\/\/jackpotlotteryonline.com\/wp-content\/uploads\/2022\/10\/win_big.jpg"},{"@type":"BreadcrumbList","@id":"https:\/\/jackpotlotteryonline.com\/play-online\/france-lotto\/#breadcrumb","itemListElement":[{"@type":"ListItem","position":1,"name":"Home","item":"https:\/\/jackpotlotteryonline.com\/sk\/"},{"@type":"ListItem","position":2,"name":"Ako hra\u0165","item":"https:\/\/jackpotlotteryonline.com\/sk\/ako-hrat\/"},{"@type":"ListItem","position":3,"name":"Zahrajte si franc\u00fazsku lot\u00e9riu"}]},{"@type":"WebSite","@id":"https:\/\/jackpotlotteryonline.com\/#website","url":"https:\/\/jackpotlotteryonline.com\/","name":"Lotto Online - Crack The International Lottery Jackpots","description":"","potentialAction":[{"@type":"SearchAction","target":{"@type":"EntryPoint","urlTemplate":"https:\/\/jackpotlotteryonline.com\/?s={search_term_string}"},"query-input":"required name=search_term_string"}],"inLanguage":"sk-SK"}]}},"_links":{"self":[{"href":"https:\/\/jackpotlotteryonline.com\/sk\/wp-json\/wp\/v2\/pages\/36260","targetHints":{"allow":["GET"]}}],"collection":[{"href":"https:\/\/jackpotlotteryonline.com\/sk\/wp-json\/wp\/v2\/pages"}],"about":[{"href":"https:\/\/jackpotlotteryonline.com\/sk\/wp-json\/wp\/v2\/types\/page"}],"author":[{"embeddable":true,"href":"https:\/\/jackpotlotteryonline.com\/sk\/wp-json\/wp\/v2\/users\/1"}],"replies":[{"embeddable":true,"href":"https:\/\/jackpotlotteryonline.com\/sk\/wp-json\/wp\/v2\/comments?post=36260"}],"version-history":[{"count":0,"href":"https:\/\/jackpotlotteryonline.com\/sk\/wp-json\/wp\/v2\/pages\/36260\/revisions"}],"up":[{"embeddable":true,"href":"https:\/\/jackpotlotteryonline.com\/sk\/wp-json\/wp\/v2\/pages\/35719"}],"wp:attachment":[{"href":"https:\/\/jackpotlotteryonline.com\/sk\/wp-json\/wp\/v2\/media?parent=36260"}],"curies":[{"name":"wp","href":"https:\/\/api.w.org\/{rel}","templated":true}]}}