{"id":36318,"date":"2022-11-04T10:05:58","date_gmt":"2022-11-04T10:05:58","guid":{"rendered":"https:\/\/jackpotlotteryonline.com\/?page_id=36318"},"modified":"2022-12-31T10:09:21","modified_gmt":"2022-12-31T10:09:21","slug":"german-lotto","status":"publish","type":"page","link":"https:\/\/jackpotlotteryonline.com\/sk\/ako-hrat\/german-lotto\/","title":{"rendered":"Nemeck\u00e9 Lotto"},"content":{"rendered":"<h2>Nemeck\u00e9 Lotto je teraz k dispoz\u00edcii online<\/h2>\n<p><img loading=\"lazy\" decoding=\"async\" class=\"alignright wp-image-18464 size-full\" src=\"https:\/\/jackpotlotteryonline.com\/wp-content\/uploads\/2022\/10\/win_lottery_online.jpg\" alt=\"Hrajte nemeck\u00e9 loto online\" width=\"231\" height=\"130\" \/><\/p>\n<p>Lotto v Nemecku m\u00e1 viac ako p\u00e4\u0165 desa\u0165ro\u010d\u00ed a nemeck\u00e9 Lotto online organizuj\u00fa a spravuj\u00fa spolo\u010dnosti Deutscher Lotto a Toto Block. Nemeck\u00e9 loto online, ktor\u00e9 sa <a href=\"https:\/\/jackpotlotteryonline.com\/sk\/vyherne-cisla\/german-lotto\">\u017erebuje dvakr\u00e1t t\u00fd\u017edenne<\/a> v stredu a v sobotu, prich\u00e1dza \u010dastej\u0161ie s jedn\u00fdm z najv\u00e4\u010d\u0161\u00edch eur\u00f3pskych jackpotov. Ak teda \u017eijete mimo Nemecka, m\u00e1te v\u0161etky d\u00f4vody na to, aby ste hrali nemeck\u00e9 loto s tiketom online.<\/p>\n<p>Ak ne\u017eijete v Nemecku, potom je va\u0161ou jedinou mo\u017enos\u0165ou hra\u0165 nemeck\u00e9 loto online u n\u00e1s. Po registr\u00e1cii na na\u0161ej webovej str\u00e1nke m\u00f4\u017eete z\u00edska\u0165 v\u0161etky d\u00f4le\u017eit\u00e9 inform\u00e1cie t\u00fdkaj\u00face sa nemeck\u00e9ho lota online. To zah\u0155\u0148a star\u00e9 v\u00fdsledky, gener\u00e1tor lot\u00e9riov\u00fdch \u010d\u00edsel a oblas\u0165, v ktorej si m\u00f4\u017eete zak\u00fapi\u0165 tiket. Dokonca v\u00e1m pom\u00f4\u017eu uplatni\u0165 si n\u00e1rok na v\u00fdhru a z\u00edska\u0165 ju.<\/p>\n<h2>Ako funguje nemeck\u00e9 loto online<\/h2>\n<p>V\u0161etko, \u010do mus\u00edte urobi\u0165, je <a href=\"https:\/\/jackpotlotteryonline.com\/sk\/kupit-vstupenky\/lotto-germany\">zak\u00fapi\u0165 si tiket do nemeck\u00e9ho lota online<\/a> v\u00fdberom 6 \u010d\u00edsel zo skupiny 49. Budete ma\u0165 tie\u017e mo\u017enos\u0165 vybra\u0165 si super\u010d\u00edslo od 1 do 10. Hlavn\u00e9 \u017erebovanie sa uskuto\u010dn\u00ed pre z\u00e1kladn\u00e9 \u010d\u00edsla a n\u00e1sledne sa uskuto\u010dn\u00ed \u017erebovanie pre super\u010d\u00edslo. Ke\u010f sa zhoduje 6 z\u00e1kladn\u00fdch \u010d\u00edsel, vyhr\u00e1te prv\u00fa odmenu. Skuto\u010dn\u00fd jackpot z\u00edskate, ke\u010f sa pri \u017erebovan\u00ed zhodne va\u0161ich 6 z\u00e1kladn\u00fdch \u010d\u00edsel a super\u010d\u00edslo.<\/p>\n<p>Nemeck\u00e9 loto m\u00f4\u017eu hra\u0165 online aj \u013eudia mimo Nemecka. Na na\u0161ej webovej str\u00e1nke m\u00f4\u017eete vyu\u017ei\u0165 t\u00fato mo\u017enos\u0165 a vysk\u00fa\u0161a\u0165 svoje \u0161\u0165astie a zvy\u0161ok logistiky necha\u0165 na n\u00e1s. Na hranie nemeck\u00e9ho lota pomocou online tiketu mus\u00edte ma\u0165 viac ako 18 rokov.<\/p>\n<section class=\"layout\" style=\"border: solid 1px; width: 100%;\">\n<div class=\"img-div\" style=\"margin-top: 5px;\"><img decoding=\"async\" class=\"wp-image-17212 alignleft\" style=\"height: 45px; margin: 8px 8px 0px;\" src=\"https:\/\/jackpotlotteryonline.com\/wp-content\/uploads\/2022\/11\/read1.jpg\" alt=\"pre\u010d\u00edtajte si\" width=\"\" height=\"\" \/><\/div>\n<div style=\"padding-left: 5px;\">\n<div style=\"font-size: 1.1em;\">\n<p><strong>Ak\u00e9 auto by ste si k\u00fapili, keby ste vyhrali v lot\u00e9rii?<\/strong><\/p>\n<p style=\"font-size: 0.85em; margin-top: -1.5em;\">Vyhrajte v lot\u00e9rii a z\u00edskajte nov\u00e9 auto\u00a0 <a href=\"https:\/\/jackpotlotteryonline.com\/sk\/ake-auto-by-ste-si-kupili-keby-ste-vyhrali-v-loterii\">\u010d\u00edtaj viac<\/a><\/p>\n<\/div>\n<\/div>\n<\/section>\n<h2>V\u00fdhra v nemeckom lote online<\/h2>\n<p><img loading=\"lazy\" decoding=\"async\" class=\"alignright size-medium wp-image-33350\" src=\"https:\/\/jackpotlotteryonline.com\/wp-content\/uploads\/2022\/11\/2_ticket_euromillions3-1-111x300.jpg\" alt=\"Nemeck\u00fd lotto l\u00edstok\" width=\"111\" height=\"300\" srcset=\"https:\/\/jackpotlotteryonline.com\/wp-content\/uploads\/2022\/11\/2_ticket_euromillions3-1-111x300.jpg 111w, https:\/\/jackpotlotteryonline.com\/wp-content\/uploads\/2022\/11\/2_ticket_euromillions3-1.jpg 180w\" sizes=\"auto, (max-width: 111px) 100vw, 111px\" \/><\/p>\n<p>V\u00fdhra v nemeckom lote online je vecou n\u00e1hody, ale tak je to aj v ka\u017edej inej lot\u00e9rii. Va\u0161e \u0161ance na v\u00fdhru v nemeckom loto online zv\u00fd\u0161ime pomocou n\u00e1\u0161ho gener\u00e1tora lot\u00e9riov\u00fdch \u010d\u00edsel a poskytnut\u00edm inform\u00e1ci\u00ed o minul\u00fdch v\u00fdsledkoch, ktor\u00e9 v\u00e1m pom\u00f4\u017eu pri v\u00fdbere va\u0161ich \u0161\u0165astn\u00fdch \u010d\u00edsel. V\u0161etky relevantn\u00e9 inform\u00e1cie t\u00fdkaj\u00face sa nemeck\u00e9ho lota online s\u00fa k dispoz\u00edcii tu a m\u00f4\u017eete ich naplno vyu\u017ei\u0165 na zv\u00fd\u0161enie svojich \u0161anc\u00ed.<\/p>\n<p>Nemeck\u00e9 loto online je nielen jednou z najv\u00e4\u010d\u0161\u00edch lot\u00e9ri\u00ed v Eur\u00f3pe, ale je aj najorganizovanej\u0161ou lot\u00e9riou na svete a je veden\u00e1 ve\u013emi profesion\u00e1lne. Ke\u010f budete hra\u0165 nemeck\u00e9 loto online a ak vyhr\u00e1te, pom\u00f4\u017eeme v\u00e1m bez probl\u00e9mov z\u00edska\u0165 v\u00fdhru a postar\u00e1me sa o to, aby v\u00e1m bola v\u00fdhern\u00e1 suma bez probl\u00e9mov doru\u010den\u00e1.<\/p>\n<p>Hoci je nemeck\u00e9 loto online jednou z najstar\u0161\u00edch lot\u00e9ri\u00ed v Eur\u00f3pe, nie je tak\u00e9 popul\u00e1rne ako ostatn\u00e9. D\u00f4vodom je, \u017ee mimo Nemecka nie je tak propagovan\u00e1. <strong>Ka\u017edop\u00e1dne to v\u0161ak nie je d\u00f4vod, pre\u010do nemeck\u00e9 loto online nehra\u0165. Sk\u00faste svoje \u0161\u0165astie v lot\u00e9rii v Nemecku e\u0161te dnes.<\/strong><\/p>\n","protected":false},"excerpt":{"rendered":"<p>Nemeck\u00e9 Lotto je teraz k dispoz\u00edcii online Lotto v Nemecku m\u00e1 viac ako p\u00e4\u0165 desa\u0165ro\u010d\u00ed a nemeck\u00e9 Lotto online organizuj\u00fa a spravuj\u00fa spolo\u010dnosti Deutscher Lotto a Toto Block. Nemeck\u00e9 loto online, ktor\u00e9 sa \u017erebuje dvakr\u00e1t t\u00fd\u017edenne v stredu a v sobotu, prich\u00e1dza \u010dastej\u0161ie s jedn\u00fdm z najv\u00e4\u010d\u0161\u00edch eur\u00f3pskych jackpotov. Ak teda \u017eijete mimo Nemecka, m\u00e1te [&hellip;]<\/p>\n","protected":false},"author":1,"featured_media":0,"parent":35719,"menu_order":8,"comment_status":"closed","ping_status":"closed","template":"lotto-german.php","meta":{"_et_pb_use_builder":"","_et_pb_old_content":"","_et_gb_content_width":"","exclude_from_search":false,"footnotes":""},"class_list":["post-36318","page","type-page","status-publish","hentry"],"yoast_head":"<!-- This site is optimized with the Yoast SEO plugin v23.3 - https:\/\/yoast.com\/wordpress\/plugins\/seo\/ -->\n<title>Zahrajte si nemeck\u00e9 Lotto z krajiny mimo Nemecka s online tiketom<\/title>\n<meta name=\"description\" content=\"\u017dijete mimo Nemecka? \u017diadny probl\u00e9m - hrajte nemeck\u00e9 loto s online tiketom od n\u00e1s\" \/>\n<meta name=\"robots\" content=\"index, follow, max-snippet:-1, max-image-preview:large, max-video-preview:-1\" \/>\n<link rel=\"canonical\" href=\"https:\/\/jackpotlotteryonline.com\/play-online\/german-lotto\/\" \/>\n<meta property=\"og:locale\" content=\"sk_SK\" \/>\n<meta property=\"og:type\" content=\"article\" \/>\n<meta property=\"og:title\" content=\"Zahrajte si nemeck\u00e9 Lotto z krajiny mimo Nemecka s online tiketom\" \/>\n<meta property=\"og:description\" content=\"\u017dijete mimo Nemecka? \u017diadny probl\u00e9m - hrajte nemeck\u00e9 loto s online tiketom od n\u00e1s\" \/>\n<meta property=\"og:url\" content=\"https:\/\/jackpotlotteryonline.com\/play-online\/german-lotto\/\" \/>\n<meta property=\"og:site_name\" content=\"Lotto Online - Crack The International Lottery Jackpots\" \/>\n<meta property=\"article:modified_time\" content=\"2022-12-31T10:09:21+00:00\" \/>\n<meta property=\"og:image\" content=\"https:\/\/jackpotlotteryonline.com\/wp-content\/uploads\/2022\/10\/win_lottery_online.jpg\" \/>\n<meta name=\"twitter:card\" content=\"summary_large_image\" \/>\n<meta name=\"twitter:label1\" content=\"Predpokladan\u00fd \u010das \u010d\u00edtania\" \/>\n\t<meta name=\"twitter:data1\" content=\"3 min\u00faty\" \/>\n<!-- \/ Yoast SEO plugin. -->","yoast_head_json":{"title":"Zahrajte si nemeck\u00e9 Lotto z krajiny mimo Nemecka s online tiketom","description":"\u017dijete mimo Nemecka? \u017diadny probl\u00e9m - hrajte nemeck\u00e9 loto s online tiketom od n\u00e1s","robots":{"index":"index","follow":"follow","max-snippet":"max-snippet:-1","max-image-preview":"max-image-preview:large","max-video-preview":"max-video-preview:-1"},"canonical":"https:\/\/jackpotlotteryonline.com\/play-online\/german-lotto\/","og_locale":"sk_SK","og_type":"article","og_title":"Zahrajte si nemeck\u00e9 Lotto z krajiny mimo Nemecka s online tiketom","og_description":"\u017dijete mimo Nemecka? \u017diadny probl\u00e9m - hrajte nemeck\u00e9 loto s online tiketom od n\u00e1s","og_url":"https:\/\/jackpotlotteryonline.com\/play-online\/german-lotto\/","og_site_name":"Lotto Online - Crack The International Lottery Jackpots","article_modified_time":"2022-12-31T10:09:21+00:00","og_image":[{"url":"https:\/\/jackpotlotteryonline.com\/wp-content\/uploads\/2022\/10\/win_lottery_online.jpg"}],"twitter_card":"summary_large_image","twitter_misc":{"Predpokladan\u00fd \u010das \u010d\u00edtania":"3 min\u00faty"},"schema":{"@context":"https:\/\/schema.org","@graph":[{"@type":"WebPage","@id":"https:\/\/jackpotlotteryonline.com\/play-online\/german-lotto\/","url":"https:\/\/jackpotlotteryonline.com\/play-online\/german-lotto\/","name":"Zahrajte si nemeck\u00e9 Lotto z krajiny mimo Nemecka s online tiketom","isPartOf":{"@id":"https:\/\/jackpotlotteryonline.com\/#website"},"primaryImageOfPage":{"@id":"https:\/\/jackpotlotteryonline.com\/play-online\/german-lotto\/#primaryimage"},"image":{"@id":"https:\/\/jackpotlotteryonline.com\/play-online\/german-lotto\/#primaryimage"},"thumbnailUrl":"https:\/\/jackpotlotteryonline.com\/wp-content\/uploads\/2022\/10\/win_lottery_online.jpg","datePublished":"2022-11-04T10:05:58+00:00","dateModified":"2022-12-31T10:09:21+00:00","description":"\u017dijete mimo Nemecka? \u017diadny probl\u00e9m - hrajte nemeck\u00e9 loto s online tiketom od n\u00e1s","breadcrumb":{"@id":"https:\/\/jackpotlotteryonline.com\/play-online\/german-lotto\/#breadcrumb"},"inLanguage":"sk-SK","potentialAction":[{"@type":"ReadAction","target":["https:\/\/jackpotlotteryonline.com\/play-online\/german-lotto\/"]}]},{"@type":"ImageObject","inLanguage":"sk-SK","@id":"https:\/\/jackpotlotteryonline.com\/play-online\/german-lotto\/#primaryimage","url":"https:\/\/jackpotlotteryonline.com\/wp-content\/uploads\/2022\/10\/win_lottery_online.jpg","contentUrl":"https:\/\/jackpotlotteryonline.com\/wp-content\/uploads\/2022\/10\/win_lottery_online.jpg"},{"@type":"BreadcrumbList","@id":"https:\/\/jackpotlotteryonline.com\/play-online\/german-lotto\/#breadcrumb","itemListElement":[{"@type":"ListItem","position":1,"name":"Home","item":"https:\/\/jackpotlotteryonline.com\/sk\/"},{"@type":"ListItem","position":2,"name":"Ako hra\u0165","item":"https:\/\/jackpotlotteryonline.com\/sk\/ako-hrat\/"},{"@type":"ListItem","position":3,"name":"Nemeck\u00e9 Lotto"}]},{"@type":"WebSite","@id":"https:\/\/jackpotlotteryonline.com\/#website","url":"https:\/\/jackpotlotteryonline.com\/","name":"Lotto Online - Crack The International Lottery Jackpots","description":"","potentialAction":[{"@type":"SearchAction","target":{"@type":"EntryPoint","urlTemplate":"https:\/\/jackpotlotteryonline.com\/?s={search_term_string}"},"query-input":"required name=search_term_string"}],"inLanguage":"sk-SK"}]}},"_links":{"self":[{"href":"https:\/\/jackpotlotteryonline.com\/sk\/wp-json\/wp\/v2\/pages\/36318","targetHints":{"allow":["GET"]}}],"collection":[{"href":"https:\/\/jackpotlotteryonline.com\/sk\/wp-json\/wp\/v2\/pages"}],"about":[{"href":"https:\/\/jackpotlotteryonline.com\/sk\/wp-json\/wp\/v2\/types\/page"}],"author":[{"embeddable":true,"href":"https:\/\/jackpotlotteryonline.com\/sk\/wp-json\/wp\/v2\/users\/1"}],"replies":[{"embeddable":true,"href":"https:\/\/jackpotlotteryonline.com\/sk\/wp-json\/wp\/v2\/comments?post=36318"}],"version-history":[{"count":0,"href":"https:\/\/jackpotlotteryonline.com\/sk\/wp-json\/wp\/v2\/pages\/36318\/revisions"}],"up":[{"embeddable":true,"href":"https:\/\/jackpotlotteryonline.com\/sk\/wp-json\/wp\/v2\/pages\/35719"}],"wp:attachment":[{"href":"https:\/\/jackpotlotteryonline.com\/sk\/wp-json\/wp\/v2\/media?parent=36318"}],"curies":[{"name":"wp","href":"https:\/\/api.w.org\/{rel}","templated":true}]}}