{"id":36429,"date":"2022-11-07T07:32:22","date_gmt":"2022-11-07T07:32:22","guid":{"rendered":"https:\/\/jackpotlotteryonline.com\/?page_id=36429"},"modified":"2022-12-19T16:41:51","modified_gmt":"2022-12-19T16:41:51","slug":"powerball","status":"publish","type":"page","link":"https:\/\/jackpotlotteryonline.com\/sk\/kupit-vstupenky\/powerball\/","title":{"rendered":"Lot\u00e9ria Powerball v USA"},"content":{"rendered":"<h2>Ako z\u00edska\u0165 tikety Powerball z kraj\u00edn mimo USA<\/h2>\n<p>Takmer v ka\u017edej krajine na svete existuje lot\u00e9ria, ale nie v\u0161etky lot\u00e9rie s\u00fa ako Powerball a Mega Millions, ve\u013ek\u00e9 americk\u00e9 lot\u00e9rie. Jackpoty v lot\u00e9ri\u00e1ch v USA dosiahli sumy a\u017e 1,5 miliardy dol\u00e1rov (v roku 2016). Jackpoty v lot\u00e9ri\u00e1ch v in\u00fdch krajin\u00e1ch tak\u00fato sumu nikdy nedosiahli, tak\u017ee v\u017edy, ke\u010f fan\u00fa\u0161ikovia lot\u00e9rie \u010d\u00edtaj\u00fa o \u010fal\u0161om rekordnom jackpote v lot\u00e9rii v USA, klad\u00fa si jednu ot\u00e1zku: <strong>M\u00f4\u017eem <a href=\"https:\/\/jackpotlotteryonline.com\/sk\/ako-hrat\/powerball\">hra\u0165 Powerball mimo USA<\/a>, mo\u017eno online?<\/strong><\/p>\n<p><strong>Nu\u017e, jednoduch\u00e1 odpove\u010f znie \u00e1no &#8211; aj ke\u010f \u017eijete mimo USA<\/strong>, Powerball si m\u00f4\u017eete zahra\u0165. Sme renomovan\u00e1 slu\u017eba, ktor\u00e1 v\u00e1m umo\u017en\u00ed k\u00fapi\u0165 si tikety do t\u00fdchto obrovsk\u00fdch lot\u00e9ri\u00ed alebo do mnoh\u00fdch \u010fal\u0161\u00edch medzin\u00e1rodn\u00fdch lot\u00e9ri\u00ed. Je to tak\u00e9 jednoduch\u00e9, ako to len m\u00f4\u017ee by\u0165 &#8211; vyberiete si \u010d\u00edsla online a my vy\u0161leme na\u0161ich agentov v USA, aby pre v\u00e1s k\u00fapili tikety. Tieto losy patria v\u00e1m, tak\u017ee m\u00e1te opr\u00e1vnen\u00fd n\u00e1rok vo\u010di samotnej lot\u00e9riovej komisii. Ak vyhr\u00e1te, pom\u00f4\u017eeme v\u00e1m aj pri z\u00edskan\u00ed va\u0161ich pe\u0148az\u00ed.<\/p>\n<p>D\u00f4le\u017eit\u00e1 je skuto\u010dnos\u0165, \u017ee tu z\u00edskate origin\u00e1lny los a nez\u00fa\u010dastn\u00edte sa na nejakom lotto podvode!<\/p>\n<h2>Proces n\u00e1kupu lot\u00e9rie online<\/h2>\n<p><img loading=\"lazy\" decoding=\"async\" class=\"alignright size-full wp-image-34943\" src=\"http:\/\/jackpotlotteryonline.com\/wp-content\/uploads\/2022\/11\/2_ticket_powerball3-1.jpg\" alt=\"tiket Powerball\" width=\"180\" height=\"194\" \/><\/p>\n<p><strong>Najprv sa pozriete na horn\u00fa \u010das\u0165 na\u0161ej webovej str\u00e1nky,<\/strong> kde kliknete na jeden z bannerov a vyberiete si lot\u00e9riu, ktorej sa chcete z\u00fa\u010dastni\u0165. Na\u0161a webov\u00e1 str\u00e1nka je k dispoz\u00edcii vo viac ako 20 r\u00f4znych jazykoch. V\u00e4\u010d\u0161ina z\u00e1kazn\u00edkov si kupuje tikety na americk\u00e9 lot\u00e9rie Powerball a\/alebo Mega Millions, ale ve\u013emi \u010dasto maj\u00fa obrovsk\u00e9 jackpoty aj in\u00e9 medzin\u00e1rodn\u00e9 lot\u00e9rie. M\u00f4\u017eete ich zoradi\u0165 pod\u013ea v\u00fd\u0161ky jackpotu a jednoducho hra\u0165 lot\u00e9riu, ktor\u00e1 m\u00e1 v s\u00fa\u010dasnosti najvy\u0161\u0161iu sumu. Ak chcete hra\u0165 viac lot\u00e9ri\u00ed, je to tie\u017e jednoduch\u00e9 &#8211; m\u00f4\u017eete si napr\u00edklad k\u00fapi\u0165 jeden tiket na Powerball a druh\u00fd na \u0161panielske El Gordo.<\/p>\n<p>Potom si vyberiete \u010d\u00edsla &#8211; to je jednoduch\u00e9, preto\u017ee na\u0161a webov\u00e1 str\u00e1nka v\u00e1m uk\u00e1\u017ee, ko\u013eko \u010d\u00edsel mus\u00edte vybra\u0165. Ak to uprednost\u0148ujete, k dispoz\u00edcii je funkcia r\u00fdchleho v\u00fdberu, ktor\u00e1 generuje \u010d\u00edsla n\u00e1hodne. Potom si vyberte, ko\u013eko tiketov si chcete k\u00fapi\u0165 a na <a href=\"https:\/\/jackpotlotteryonline.com\/sk\/vyherne-cisla\/powerball\">ko\u013eko \u017erebovan\u00ed (t\u00fd\u017ed\u0148ov)<\/a> chcete, aby v\u00e1\u0161 tiket platil. V z\u00e1vislosti od toho, ko\u013ek\u00fdch t\u00fd\u017ed\u0148ov sa bude v\u00e1\u0161 tiket z\u00fa\u010dast\u0148ova\u0165, z\u00edskate z\u013eavu z ceny, ktor\u00fa za tiket zaplat\u00edte.<\/p>\n<p>Po v\u00fdbere v\u0161etk\u00fdch mo\u017enost\u00ed si m\u00f4\u017eete pozrie\u0165 celkov\u00fa cenu a \u010fal\u0161\u00edm krokom je registr\u00e1cia z\u00e1kazn\u00edckeho \u00fa\u010dtu. Aj platba za tikety je jednoduch\u00e1 &#8211; v\u00e4\u010d\u0161ina klientov si vyber\u00e1 mo\u017enos\u0165 platby kreditnou kartou, ale existuj\u00fa aj in\u00e9 mo\u017enosti, napr\u00edklad (v z\u00e1vislosti od krajiny, z ktorej poch\u00e1dzate) okam\u017eit\u00fd bankov\u00fd prevod alebo kryptomeny.<\/p>\n<p>Pri platb\u00e1ch sa pou\u017e\u00edvaj\u00fa najnov\u0161ie a najbezpe\u010dnej\u0161ie protokoly, tak\u017ee sa nemus\u00edte ob\u00e1va\u0165 \u017eiadnych podvodov s kreditn\u00fdmi kartami. Ak chcete, m\u00f4\u017eete si vybra\u0165 mo\u017enos\u0165 z\u00edska\u0165 tiket na viacero \u017erebovan\u00ed, va\u0161e \u010d\u00edsla sa z\u00fa\u010dastnia Powerball alebo akejko\u013evek lot\u00e9rie, ktor\u00fa si vyberiete, na 2, 4, 6 alebo dokonca 8 \u017erebovan\u00ed za sebou.\u00a0 Ide v\u0161ak o mo\u017enos\u0165 &#8211; ak toto pol\u00ed\u010dko neza\u0161krtnete, bude v\u00e1m \u00fa\u010dtovan\u00fd tiket len na jedno \u017erebovanie!<\/p>\n<p>V\u00e4\u010d\u0161ina \u013eud\u00ed mimo USA hr\u00e1 len svoje miestne loto, bez toho, aby vedeli o tejto mo\u017enosti hra\u0165 medzin\u00e1rodn\u00e9 loto online. Ale teraz, ke\u010f to viete, \u010do v\u00e1m br\u00e1ni hra\u0165 o jackpoty, ktor\u00e9 s\u00fa \u010dasto 100-kr\u00e1t vy\u0161\u0161ie ako tie, ktor\u00e9 m\u00f4\u017eete vyhra\u0165 v krajine svojho bydliska? Mo\u017eno pr\u00e1ve vy budete \u010fal\u0161\u00edm v\u00ed\u0165azom jackpotu Powerball!<\/p>\n<section class=\"layout\" style=\"border: solid 1px; width: 100%;\">\n<div class=\"img-div\" style=\"margin-top: 5px;\"><img decoding=\"async\" class=\"wp-image-17212 alignleft\" style=\"height: 45px; margin: 8px 8px 0px;\" src=\"http:\/\/jackpotlotteryonline.com\/wp-content\/uploads\/2022\/11\/read1.jpg\" alt=\"hra\u0165 powerball z kraj\u00edn mimo USA\" width=\"\" height=\"\" \/><\/div>\n<div style=\"padding-left: 5px;\">\n<div style=\"font-size: 1.1em;\">\n<p><strong>Je leg\u00e1lne hra\u0165 lot\u00e9rie z in\u00fdch kraj\u00edn online?<\/strong><\/p>\n<p style=\"font-size: 0.85em; margin-top: -1.5em;\">Je leg\u00e1lne z\u00edska\u0165 lot\u00e9riov\u00fd tiket online a dostanem skuto\u010dne v\u00fdplatu?\u00a0\u00a0<a href=\"https:\/\/jackpotlotteryonline.com\/sk\/je-legalne-hrat-loterie-z-inych-krajin-online\"> \u010d\u00edtaj viac<\/a><\/p>\n<\/div>\n<\/div>\n<\/section>\n<h2>Lotto USA Online preh\u013ead<\/h2>\n<p>V Spojen\u00fdch \u0161t\u00e1toch americk\u00fdch je 43 \u0161t\u00e1tov, plus District of Columbia, Americk\u00e9 Panensk\u00e9 ostrovy a Portoriko, ktor\u00e9 prev\u00e1dzkuj\u00fa lot\u00e9rie. V ka\u017edej z t\u00fdchto oblast\u00ed existuj\u00fa \u0161t\u00e1tne lot\u00e9rie, ktor\u00e9 patria<strong> do kateg\u00f3rie Lotto USA<\/strong>. Medzi hlavn\u00e9 lot\u00e9rie Lotto USA, ktor\u00e9 sa prev\u00e1dzkuj\u00fa, patria Mega Millions a Powerball. Ide o mas\u00edvne lot\u00e9rie, ktor\u00e9 s\u00fa k dispoz\u00edcii obyvate\u013eom z cel\u00fdch USA a teraz sa ich m\u00f4\u017eu z\u00fa\u010dastni\u0165 aj hr\u00e1\u010di zo zahrani\u010dia online prostredn\u00edctvom tejto na\u0161ej slu\u017eby.<\/p>\n<h2>Powerball Lotto USA<\/h2>\n<p><img loading=\"lazy\" decoding=\"async\" class=\"alignright size-full wp-image-31721\" src=\"http:\/\/jackpotlotteryonline.com\/wp-content\/uploads\/2022\/11\/powerball_globe_logo.png\" alt=\"K\u00fapi\u0165 powerball online\" width=\"200\" height=\"212\" \/><\/p>\n<p>Najob\u013e\u00fabenej\u0161ou hrou Lotto USA je Powerball. Powerball sa \u017erebuje v Universal Studios na Floride v USA, ale m\u00e1 podmienku bez trval\u00e9ho pobytu, \u010do znamen\u00e1, \u017ee sa tejto hry Lotto USA m\u00f4\u017eu z\u00fa\u010dastni\u0165 obyvatelia \u0161t\u00e1tov, ktor\u00e9 nie s\u00fa \u010dlenmi Powerball, a dokonca aj hr\u00e1\u010di mimo USA.<\/p>\n<p>Aby boli hr\u00e1\u010di opr\u00e1vnen\u00ed hra\u0165 Powerball, musia ma\u0165 minim\u00e1lne 18 rokov. Hr\u00e1\u010di si musia vybra\u0165 \u0161es\u0165 \u010d\u00edsel &#8211; p\u00e4\u0165 \u010d\u00edsel od 1 do 59 a jedno \u010d\u00edslo Powerball od 1 do 39. Hr\u00e1\u010di m\u00f4\u017eu vyu\u017ei\u0165 funkciu Quick Pick, ktor\u00e1 za v\u00e1s n\u00e1hodne vyberie 6 \u010d\u00edsel.<\/p>\n<p>Jackpoty v hre Powerball sa zvy\u010dajne pohybuj\u00fa v desiatkach mili\u00f3nov dol\u00e1rov, hoci v minulosti pomerne \u010dasto presahovali 200 mili\u00f3nov dol\u00e1rov.<\/p>\n<h2>Mega Millions Lotto USA<\/h2>\n<p>Mega Millions je \u010fal\u0161ia<strong> lot\u00e9ria Lotto USA<\/strong>, ktor\u00e1 sa prev\u00e1dzkuje v USA a v skuto\u010dnosti sa \u017erebuje v Atlante v \u0161t\u00e1te Georgia. Napriek tomu Mega Millions nem\u00e1 \u017eiadnu podmienku trval\u00e9ho pobytu, \u010do znamen\u00e1, \u017ee obyvatelia \u0161t\u00e1tov, ktor\u00e9 nie s\u00fa \u010dlenmi Mega Millions, a dokonca aj osoby, ktor\u00e9 nemaj\u00fa trval\u00fd pobyt v USA, sa m\u00f4\u017eu z\u00fa\u010dastni\u0165 lot\u00e9rie Mega Millions Lotto USA a vyhra\u0165 v nej.<\/p>\n<p>Aby ste mohli hra\u0165 Mega Million Lotto USA, mus\u00edte by\u0165 star\u0161\u00ed ako 18 rokov. Mus\u00edte si vybra\u0165 6 \u010d\u00edsel &#8211; p\u00e4\u0165 \u010d\u00edsel od 1 do 56 a jedno \u010d\u00edslo Mega Ball od 1 do 46. M\u00f4\u017eete vyu\u017ei\u0165 mo\u017enos\u0165 r\u00fdchleho v\u00fdberu, ktor\u00e1 v\u00e1m n\u00e1hodne vyberie \u010d\u00edsla.<\/p>\n<p>Hra Mega Million Lotto USA pon\u00faka pe\u0148a\u017en\u00e9 v\u00fdhry, ako aj jackpot. Je zn\u00e1me, \u017ee jackpot, ktor\u00fd men\u00ed \u017eivot, dosahuje stovky mili\u00f3nov dol\u00e1rov, v\u010faka \u010domu je t\u00e1to hra ve\u013emi popul\u00e1rna.<\/p>\n<h2>NASPL &#8211; Zdru\u017eenie USA Lotto<\/h2>\n<p>Severoamerick\u00e1 asoci\u00e1cia \u0161t\u00e1tnych a provin\u010dn\u00fdch lot\u00e9ri\u00ed (NASPL) zastupuje v\u0161etky \u0161t\u00e1tne lot\u00e9rie a provin\u010dn\u00e9 lot\u00e9rie USA a kanadsk\u00e9 lot\u00e9rie. Lotto USA je efekt\u00edvnej\u0161ie prev\u00e1dzkovan\u00e9 prostredn\u00edctvom NASPL. Funguje ako rozhranie pre Lotto USA, poskytuje inform\u00e1cie, vykon\u00e1va v\u00fdskum a v\u00fdvoj, zabezpe\u010duje bezpe\u010dnos\u0165 a \u0161kol\u00ed zamestnancov Lotto USA. V\u0161etky hlavn\u00e9 lot\u00e9rie USA s\u00fa \u010dlenmi NASPL.<\/p>\n","protected":false},"excerpt":{"rendered":"<p>Ako z\u00edska\u0165 tikety Powerball z kraj\u00edn mimo USA Takmer v ka\u017edej krajine na svete existuje lot\u00e9ria, ale nie v\u0161etky lot\u00e9rie s\u00fa ako Powerball a Mega Millions, ve\u013ek\u00e9 americk\u00e9 lot\u00e9rie. Jackpoty v lot\u00e9ri\u00e1ch v USA dosiahli sumy a\u017e 1,5 miliardy dol\u00e1rov (v roku 2016). Jackpoty v lot\u00e9ri\u00e1ch v in\u00fdch krajin\u00e1ch tak\u00fato sumu nikdy nedosiahli, tak\u017ee v\u017edy, [&hellip;]<\/p>\n","protected":false},"author":1,"featured_media":0,"parent":35778,"menu_order":1,"comment_status":"closed","ping_status":"closed","template":"powerball-usa-info.php","meta":{"_et_pb_use_builder":"","_et_pb_old_content":"","_et_gb_content_width":"","exclude_from_search":false,"footnotes":""},"class_list":["post-36429","page","type-page","status-publish","hentry"],"yoast_head":"<!-- This site is optimized with the Yoast SEO plugin v23.3 - https:\/\/yoast.com\/wordpress\/plugins\/seo\/ -->\n<title>K\u00fapi\u0165 tikety Powerball online z akejko\u013evek inej krajiny mimo USA<\/title>\n<meta name=\"description\" content=\"Zistite, ako m\u00f4\u017eu obyvatelia in\u00fdch kraj\u00edn hra\u0165 o obrovsk\u00e9 jackpoty lot\u00e9rie Powerball online - m\u00f4\u017eete by\u0165 mimo USA a st\u00e1le hra\u0165\" \/>\n<meta name=\"robots\" content=\"index, follow, max-snippet:-1, max-image-preview:large, max-video-preview:-1\" \/>\n<link rel=\"canonical\" href=\"https:\/\/jackpotlotteryonline.com\/buy-tickets\/powerball\/\" \/>\n<meta property=\"og:locale\" content=\"sk_SK\" \/>\n<meta property=\"og:type\" content=\"article\" \/>\n<meta property=\"og:title\" content=\"K\u00fapi\u0165 tikety Powerball online z akejko\u013evek inej krajiny mimo USA\" \/>\n<meta property=\"og:description\" content=\"Zistite, ako m\u00f4\u017eu obyvatelia in\u00fdch kraj\u00edn hra\u0165 o obrovsk\u00e9 jackpoty lot\u00e9rie Powerball online - m\u00f4\u017eete by\u0165 mimo USA a st\u00e1le hra\u0165\" \/>\n<meta property=\"og:url\" content=\"https:\/\/jackpotlotteryonline.com\/buy-tickets\/powerball\/\" \/>\n<meta property=\"og:site_name\" content=\"Lotto Online - Crack The International Lottery Jackpots\" \/>\n<meta property=\"article:modified_time\" content=\"2022-12-19T16:41:51+00:00\" \/>\n<meta property=\"og:image\" content=\"http:\/\/jackpotlotteryonline.com\/wp-content\/uploads\/2022\/11\/2_ticket_powerball3-1.jpg\" \/>\n<meta name=\"twitter:card\" content=\"summary_large_image\" \/>\n<meta name=\"twitter:label1\" content=\"Predpokladan\u00fd \u010das \u010d\u00edtania\" \/>\n\t<meta name=\"twitter:data1\" content=\"5 min\u00fat\" \/>\n<!-- \/ Yoast SEO plugin. -->","yoast_head_json":{"title":"K\u00fapi\u0165 tikety Powerball online z akejko\u013evek inej krajiny mimo USA","description":"Zistite, ako m\u00f4\u017eu obyvatelia in\u00fdch kraj\u00edn hra\u0165 o obrovsk\u00e9 jackpoty lot\u00e9rie Powerball online - m\u00f4\u017eete by\u0165 mimo USA a st\u00e1le hra\u0165","robots":{"index":"index","follow":"follow","max-snippet":"max-snippet:-1","max-image-preview":"max-image-preview:large","max-video-preview":"max-video-preview:-1"},"canonical":"https:\/\/jackpotlotteryonline.com\/buy-tickets\/powerball\/","og_locale":"sk_SK","og_type":"article","og_title":"K\u00fapi\u0165 tikety Powerball online z akejko\u013evek inej krajiny mimo USA","og_description":"Zistite, ako m\u00f4\u017eu obyvatelia in\u00fdch kraj\u00edn hra\u0165 o obrovsk\u00e9 jackpoty lot\u00e9rie Powerball online - m\u00f4\u017eete by\u0165 mimo USA a st\u00e1le hra\u0165","og_url":"https:\/\/jackpotlotteryonline.com\/buy-tickets\/powerball\/","og_site_name":"Lotto Online - Crack The International Lottery Jackpots","article_modified_time":"2022-12-19T16:41:51+00:00","og_image":[{"url":"http:\/\/jackpotlotteryonline.com\/wp-content\/uploads\/2022\/11\/2_ticket_powerball3-1.jpg"}],"twitter_card":"summary_large_image","twitter_misc":{"Predpokladan\u00fd \u010das \u010d\u00edtania":"5 min\u00fat"},"schema":{"@context":"https:\/\/schema.org","@graph":[{"@type":"WebPage","@id":"https:\/\/jackpotlotteryonline.com\/buy-tickets\/powerball\/","url":"https:\/\/jackpotlotteryonline.com\/buy-tickets\/powerball\/","name":"K\u00fapi\u0165 tikety Powerball online z akejko\u013evek inej krajiny mimo USA","isPartOf":{"@id":"https:\/\/jackpotlotteryonline.com\/#website"},"primaryImageOfPage":{"@id":"https:\/\/jackpotlotteryonline.com\/buy-tickets\/powerball\/#primaryimage"},"image":{"@id":"https:\/\/jackpotlotteryonline.com\/buy-tickets\/powerball\/#primaryimage"},"thumbnailUrl":"http:\/\/jackpotlotteryonline.com\/wp-content\/uploads\/2022\/11\/2_ticket_powerball3-1.jpg","datePublished":"2022-11-07T07:32:22+00:00","dateModified":"2022-12-19T16:41:51+00:00","description":"Zistite, ako m\u00f4\u017eu obyvatelia in\u00fdch kraj\u00edn hra\u0165 o obrovsk\u00e9 jackpoty lot\u00e9rie Powerball online - m\u00f4\u017eete by\u0165 mimo USA a st\u00e1le hra\u0165","breadcrumb":{"@id":"https:\/\/jackpotlotteryonline.com\/buy-tickets\/powerball\/#breadcrumb"},"inLanguage":"sk-SK","potentialAction":[{"@type":"ReadAction","target":["https:\/\/jackpotlotteryonline.com\/buy-tickets\/powerball\/"]}]},{"@type":"ImageObject","inLanguage":"sk-SK","@id":"https:\/\/jackpotlotteryonline.com\/buy-tickets\/powerball\/#primaryimage","url":"http:\/\/jackpotlotteryonline.com\/wp-content\/uploads\/2022\/11\/2_ticket_powerball3-1.jpg","contentUrl":"http:\/\/jackpotlotteryonline.com\/wp-content\/uploads\/2022\/11\/2_ticket_powerball3-1.jpg"},{"@type":"BreadcrumbList","@id":"https:\/\/jackpotlotteryonline.com\/buy-tickets\/powerball\/#breadcrumb","itemListElement":[{"@type":"ListItem","position":1,"name":"Home","item":"https:\/\/jackpotlotteryonline.com\/sk\/"},{"@type":"ListItem","position":2,"name":"Ako si k\u00fapi\u0165 vstupenky do lot\u00e9rie online","item":"https:\/\/jackpotlotteryonline.com\/buy-tickets\/"},{"@type":"ListItem","position":3,"name":"Lot\u00e9ria Powerball v USA"}]},{"@type":"WebSite","@id":"https:\/\/jackpotlotteryonline.com\/#website","url":"https:\/\/jackpotlotteryonline.com\/","name":"Lotto Online - Crack The International Lottery Jackpots","description":"","potentialAction":[{"@type":"SearchAction","target":{"@type":"EntryPoint","urlTemplate":"https:\/\/jackpotlotteryonline.com\/?s={search_term_string}"},"query-input":"required name=search_term_string"}],"inLanguage":"sk-SK"}]}},"_links":{"self":[{"href":"https:\/\/jackpotlotteryonline.com\/sk\/wp-json\/wp\/v2\/pages\/36429","targetHints":{"allow":["GET"]}}],"collection":[{"href":"https:\/\/jackpotlotteryonline.com\/sk\/wp-json\/wp\/v2\/pages"}],"about":[{"href":"https:\/\/jackpotlotteryonline.com\/sk\/wp-json\/wp\/v2\/types\/page"}],"author":[{"embeddable":true,"href":"https:\/\/jackpotlotteryonline.com\/sk\/wp-json\/wp\/v2\/users\/1"}],"replies":[{"embeddable":true,"href":"https:\/\/jackpotlotteryonline.com\/sk\/wp-json\/wp\/v2\/comments?post=36429"}],"version-history":[{"count":0,"href":"https:\/\/jackpotlotteryonline.com\/sk\/wp-json\/wp\/v2\/pages\/36429\/revisions"}],"up":[{"embeddable":true,"href":"https:\/\/jackpotlotteryonline.com\/sk\/wp-json\/wp\/v2\/pages\/35778"}],"wp:attachment":[{"href":"https:\/\/jackpotlotteryonline.com\/sk\/wp-json\/wp\/v2\/media?parent=36429"}],"curies":[{"name":"wp","href":"https:\/\/api.w.org\/{rel}","templated":true}]}}