{"id":36482,"date":"2022-11-07T08:50:15","date_gmt":"2022-11-07T08:50:15","guid":{"rendered":"https:\/\/jackpotlotteryonline.com\/?page_id=36482"},"modified":"2022-12-19T19:52:07","modified_gmt":"2022-12-19T19:52:07","slug":"euromillions","status":"publish","type":"page","link":"https:\/\/jackpotlotteryonline.com\/sk\/kupit-vstupenky\/euromillions\/","title":{"rendered":"M\u00f4\u017eem z\u00edska\u0165 tiket na Euromili\u00f3ny z kraj\u00edn mimo Eur\u00f3py?"},"content":{"rendered":"<h2>Najv\u00e4\u010d\u0161ia eur\u00f3pska lot\u00e9ria je Euromillions<\/h2>\n<p><img loading=\"lazy\" decoding=\"async\" class=\"alignright wp-image-17411 size-full\" src=\"https:\/\/jackpotlotteryonline.com\/wp-content\/uploads\/2022\/10\/euromillions.png\" alt=\"buy euromillions online\" width=\"200\" height=\"212\" \/><\/p>\n<p><a href=\"https:\/\/jackpotlotteryonline.com\/sk\/ako-hrat\/euromillions\">Euromillions<\/a> je lot\u00e9ria, ktor\u00e1 sa pon\u00faka v r\u00f4znych eur\u00f3pskych krajin\u00e1ch. Bola navrhnut\u00e1 tak, aby pon\u00fakala podstatne vy\u0161\u0161ie jackpoty ako n\u00e1rodn\u00e9 lot\u00e9rie t\u00fdchto jednotliv\u00fdch kraj\u00edn. To sa dosiahlo vytvoren\u00edm \u0161trukt\u00fary lot\u00e9rie s ni\u017e\u0161ou pravdepodobnos\u0165ou, \u010do znamen\u00e1 viac mo\u017en\u00fdch \u010d\u00edseln\u00fdch kombin\u00e1ci\u00ed. Skuto\u010dnos\u0165, \u017ee vyl\u00fa\u0161tenie tak\u00fdchto jackpotov zvy\u010dajne trv\u00e1 dlh\u0161ie, v kombin\u00e1cii s vy\u0161\u0161\u00edm po\u010diato\u010dn\u00fdm jackpotom vo v\u00fd\u0161ke 10 mili\u00f3nov eur, viedla k pravideln\u00fdm jackpotom vo v\u00fd\u0161ke viac ako 100 mili\u00f3nov eur.<\/p>\n<h2>Pre\u010do na hranie potrebujete online tiketov\u00fa slu\u017ebu?<\/h2>\n<p>Nu\u017e, ak \u017eijete v jednej zo z\u00fa\u010dastnen\u00fdch eur\u00f3pskych kraj\u00edn, slu\u017ebu, ako je t\u00e1 na\u0161a, nebudete potrebova\u0165. Ak v\u0161ak nie, alebo ak dokonca \u017eijete mimo Eur\u00f3py, potom je pre v\u00e1s jedin\u00fdm sp\u00f4sobom, ako z\u00edska\u0165 tiket do hry Euromillions, online. Sta\u010d\u00ed, <strong>ak kliknete na banner Euromillions<\/strong> v hornej \u010dasti a objedn\u00e1te si tikety, potom je va\u0161a \u00fa\u010das\u0165 zabezpe\u010den\u00e1. Mimochodom, aktu\u00e1lne l\u00edstky Euromillions kupujeme prostredn\u00edctvom ofici\u00e1lneho predajcu l\u00edstkov so s\u00eddlom v Eur\u00f3pe.<\/p>\n<section class=\"layout\" style=\"border: solid 1px; width: 100%;\">\n<div class=\"img-div\" style=\"margin-top: 5px;\"><img decoding=\"async\" class=\"wp-image-17212 alignleft\" style=\"height: 45px; margin: 8px 8px 0px;\" src=\"https:\/\/jackpotlotteryonline.com\/wp-content\/uploads\/2022\/11\/read1.jpg\" alt=\"hra\u0165 Euromili\u00f3ny\" width=\"\" height=\"\" \/><\/div>\n<div style=\"padding-left: 5px;\">\n<div style=\"font-size: 1.1em;\">\n<p><strong>Loterie, ktor\u00e9 maj\u00fa najlep\u0161ie \u0161ance na ve\u013ek\u00fa v\u00fdhru<\/strong><\/p>\n<p style=\"font-size: 0.85em; margin-top: -1.5em;\">Ktor\u00e1 lot\u00e9ria m\u00e1 najlep\u0161ie \u0161ance na v\u00fdhru?<a href=\"https:\/\/jackpotlotteryonline.com\/sk\/ktora-loteria-ma-najlepsie-sance-na-vyhru\">\u00a0 \u010d\u00edtaj viac\u00a0<\/a><\/p>\n<\/div>\n<\/div>\n<\/section>\n<h2>O hre Euromillions<\/h2>\n<p><a href=\"https:\/\/jackpotlotteryonline.com\/sk\/vyherne-cisla\/euromillions\">T\u00e1to lot\u00e9ria m\u00e1 dve t\u00fd\u017edenn\u00e9 \u017erebovania<\/a> v utorok a piatok. Jej \u0161trukt\u00fara je rovnak\u00e1 ako pri Eurojackpote, s v\u00fdnimkou toho, \u017ee jackpot nie je obmedzen\u00fd a mus\u00edte si vybra\u0165 dve \u010d\u00edsla navy\u0161e medzi 1 a 12. M\u00e1 tie\u017e 13 v\u00fdhern\u00fdch \u00farovn\u00ed.<\/p>\n<h2>Slu\u017eba n\u00e1kupu tiketov pre medzin\u00e1rodn\u00e9 lot\u00e9rie<\/h2>\n<p><img loading=\"lazy\" decoding=\"async\" class=\"alignright size-full wp-image-33431\" src=\"https:\/\/jackpotlotteryonline.com\/wp-content\/uploads\/2022\/11\/2_ticket_euromillions-112x300-1.jpg\" alt=\"euromillions ticket\" width=\"112\" height=\"300\" \/><\/p>\n<p>Okrem toho, \u017ee v\u00e1m poskytujeme online tikety pre lot\u00e9rie Euromillions a Eurojackpot, m\u00e1me na v\u00fdber celkovo viac ako 20 lot\u00e9ri\u00ed. Aj ke\u010f si mo\u017eno budete chcie\u0165 vybra\u0165 v\u017edy t\u00fa s najv\u00e4\u010d\u0161\u00edmi jackpotmi, za zv\u00e1\u017eenie stoja aj niektor\u00e9 z &#8220;men\u0161\u00edch&#8221; lot\u00e9ri\u00ed. M\u00f4\u017eu pon\u00faka\u0165 v\u00fdhodnej\u0161ie \u0161ance na v\u00fdhru alebo ni\u017e\u0161ie ceny tiketov.<\/p>\n<p>Nemus\u00edte sa ob\u00e1va\u0165 ani bezpe\u010dnosti platieb a \u00fadajov. Na spracovanie platieb pou\u017e\u00edvame mimoriadne bezpe\u010dn\u00e9 protokoly. Prij\u00edmame platby kreditn\u00fdmi kartami, kryptomenami, bankov\u00fdm prevodom a radom \u010fal\u0161\u00edch mo\u017enost\u00ed.<\/p>\n","protected":false},"excerpt":{"rendered":"<p>Najv\u00e4\u010d\u0161ia eur\u00f3pska lot\u00e9ria je Euromillions Euromillions je lot\u00e9ria, ktor\u00e1 sa pon\u00faka v r\u00f4znych eur\u00f3pskych krajin\u00e1ch. Bola navrhnut\u00e1 tak, aby pon\u00fakala podstatne vy\u0161\u0161ie jackpoty ako n\u00e1rodn\u00e9 lot\u00e9rie t\u00fdchto jednotliv\u00fdch kraj\u00edn. To sa dosiahlo vytvoren\u00edm \u0161trukt\u00fary lot\u00e9rie s ni\u017e\u0161ou pravdepodobnos\u0165ou, \u010do znamen\u00e1 viac mo\u017en\u00fdch \u010d\u00edseln\u00fdch kombin\u00e1ci\u00ed. Skuto\u010dnos\u0165, \u017ee vyl\u00fa\u0161tenie tak\u00fdchto jackpotov zvy\u010dajne trv\u00e1 dlh\u0161ie, v kombin\u00e1cii s [&hellip;]<\/p>\n","protected":false},"author":1,"featured_media":0,"parent":35778,"menu_order":3,"comment_status":"closed","ping_status":"closed","template":"euromillions-info.php","meta":{"_et_pb_use_builder":"","_et_pb_old_content":"","_et_gb_content_width":"","exclude_from_search":false,"footnotes":""},"class_list":["post-36482","page","type-page","status-publish","hentry"],"yoast_head":"<!-- This site is optimized with the Yoast SEO plugin v23.3 - https:\/\/yoast.com\/wordpress\/plugins\/seo\/ -->\n<title>Z\u00edskajte tiket na Euromili\u00f3ny z kraj\u00edn mimo Eur\u00f3py<\/title>\n<meta name=\"description\" content=\"Ako sa z\u00fa\u010dastni\u0165 online hry Euromillions z kraj\u00edn mimo Eur\u00f3py - jednoducho si zak\u00fapte tiket online na na\u0161ej webovej str\u00e1nke\" \/>\n<meta name=\"robots\" content=\"index, follow, max-snippet:-1, max-image-preview:large, max-video-preview:-1\" \/>\n<link rel=\"canonical\" href=\"https:\/\/jackpotlotteryonline.com\/buy-tickets\/euromillions\/\" \/>\n<meta property=\"og:locale\" content=\"sk_SK\" \/>\n<meta property=\"og:type\" content=\"article\" \/>\n<meta property=\"og:title\" content=\"Z\u00edskajte tiket na Euromili\u00f3ny z kraj\u00edn mimo Eur\u00f3py\" \/>\n<meta property=\"og:description\" content=\"Ako sa z\u00fa\u010dastni\u0165 online hry Euromillions z kraj\u00edn mimo Eur\u00f3py - jednoducho si zak\u00fapte tiket online na na\u0161ej webovej str\u00e1nke\" \/>\n<meta property=\"og:url\" content=\"https:\/\/jackpotlotteryonline.com\/buy-tickets\/euromillions\/\" \/>\n<meta property=\"og:site_name\" content=\"Lotto Online - Crack The International Lottery Jackpots\" \/>\n<meta property=\"article:modified_time\" content=\"2022-12-19T19:52:07+00:00\" \/>\n<meta property=\"og:image\" content=\"https:\/\/jackpotlotteryonline.com\/wp-content\/uploads\/2022\/10\/euromillions.png\" \/>\n<meta name=\"twitter:card\" content=\"summary_large_image\" \/>\n<meta name=\"twitter:label1\" content=\"Predpokladan\u00fd \u010das \u010d\u00edtania\" \/>\n\t<meta name=\"twitter:data1\" content=\"2 min\u00faty\" \/>\n<!-- \/ Yoast SEO plugin. -->","yoast_head_json":{"title":"Z\u00edskajte tiket na Euromili\u00f3ny z kraj\u00edn mimo Eur\u00f3py","description":"Ako sa z\u00fa\u010dastni\u0165 online hry Euromillions z kraj\u00edn mimo Eur\u00f3py - jednoducho si zak\u00fapte tiket online na na\u0161ej webovej str\u00e1nke","robots":{"index":"index","follow":"follow","max-snippet":"max-snippet:-1","max-image-preview":"max-image-preview:large","max-video-preview":"max-video-preview:-1"},"canonical":"https:\/\/jackpotlotteryonline.com\/buy-tickets\/euromillions\/","og_locale":"sk_SK","og_type":"article","og_title":"Z\u00edskajte tiket na Euromili\u00f3ny z kraj\u00edn mimo Eur\u00f3py","og_description":"Ako sa z\u00fa\u010dastni\u0165 online hry Euromillions z kraj\u00edn mimo Eur\u00f3py - jednoducho si zak\u00fapte tiket online na na\u0161ej webovej str\u00e1nke","og_url":"https:\/\/jackpotlotteryonline.com\/buy-tickets\/euromillions\/","og_site_name":"Lotto Online - Crack The International Lottery Jackpots","article_modified_time":"2022-12-19T19:52:07+00:00","og_image":[{"url":"https:\/\/jackpotlotteryonline.com\/wp-content\/uploads\/2022\/10\/euromillions.png"}],"twitter_card":"summary_large_image","twitter_misc":{"Predpokladan\u00fd \u010das \u010d\u00edtania":"2 min\u00faty"},"schema":{"@context":"https:\/\/schema.org","@graph":[{"@type":"WebPage","@id":"https:\/\/jackpotlotteryonline.com\/buy-tickets\/euromillions\/","url":"https:\/\/jackpotlotteryonline.com\/buy-tickets\/euromillions\/","name":"Z\u00edskajte tiket na Euromili\u00f3ny z kraj\u00edn mimo Eur\u00f3py","isPartOf":{"@id":"https:\/\/jackpotlotteryonline.com\/#website"},"primaryImageOfPage":{"@id":"https:\/\/jackpotlotteryonline.com\/buy-tickets\/euromillions\/#primaryimage"},"image":{"@id":"https:\/\/jackpotlotteryonline.com\/buy-tickets\/euromillions\/#primaryimage"},"thumbnailUrl":"https:\/\/jackpotlotteryonline.com\/wp-content\/uploads\/2022\/10\/euromillions.png","datePublished":"2022-11-07T08:50:15+00:00","dateModified":"2022-12-19T19:52:07+00:00","description":"Ako sa z\u00fa\u010dastni\u0165 online hry Euromillions z kraj\u00edn mimo Eur\u00f3py - jednoducho si zak\u00fapte tiket online na na\u0161ej webovej str\u00e1nke","breadcrumb":{"@id":"https:\/\/jackpotlotteryonline.com\/buy-tickets\/euromillions\/#breadcrumb"},"inLanguage":"sk-SK","potentialAction":[{"@type":"ReadAction","target":["https:\/\/jackpotlotteryonline.com\/buy-tickets\/euromillions\/"]}]},{"@type":"ImageObject","inLanguage":"sk-SK","@id":"https:\/\/jackpotlotteryonline.com\/buy-tickets\/euromillions\/#primaryimage","url":"https:\/\/jackpotlotteryonline.com\/wp-content\/uploads\/2022\/10\/euromillions.png","contentUrl":"https:\/\/jackpotlotteryonline.com\/wp-content\/uploads\/2022\/10\/euromillions.png"},{"@type":"BreadcrumbList","@id":"https:\/\/jackpotlotteryonline.com\/buy-tickets\/euromillions\/#breadcrumb","itemListElement":[{"@type":"ListItem","position":1,"name":"Home","item":"https:\/\/jackpotlotteryonline.com\/sk\/"},{"@type":"ListItem","position":2,"name":"Ako si k\u00fapi\u0165 vstupenky do lot\u00e9rie online","item":"https:\/\/jackpotlotteryonline.com\/buy-tickets\/"},{"@type":"ListItem","position":3,"name":"M\u00f4\u017eem z\u00edska\u0165 tiket na Euromili\u00f3ny z kraj\u00edn mimo Eur\u00f3py?"}]},{"@type":"WebSite","@id":"https:\/\/jackpotlotteryonline.com\/#website","url":"https:\/\/jackpotlotteryonline.com\/","name":"Lotto Online - Crack The International Lottery Jackpots","description":"","potentialAction":[{"@type":"SearchAction","target":{"@type":"EntryPoint","urlTemplate":"https:\/\/jackpotlotteryonline.com\/?s={search_term_string}"},"query-input":"required name=search_term_string"}],"inLanguage":"sk-SK"}]}},"_links":{"self":[{"href":"https:\/\/jackpotlotteryonline.com\/sk\/wp-json\/wp\/v2\/pages\/36482","targetHints":{"allow":["GET"]}}],"collection":[{"href":"https:\/\/jackpotlotteryonline.com\/sk\/wp-json\/wp\/v2\/pages"}],"about":[{"href":"https:\/\/jackpotlotteryonline.com\/sk\/wp-json\/wp\/v2\/types\/page"}],"author":[{"embeddable":true,"href":"https:\/\/jackpotlotteryonline.com\/sk\/wp-json\/wp\/v2\/users\/1"}],"replies":[{"embeddable":true,"href":"https:\/\/jackpotlotteryonline.com\/sk\/wp-json\/wp\/v2\/comments?post=36482"}],"version-history":[{"count":0,"href":"https:\/\/jackpotlotteryonline.com\/sk\/wp-json\/wp\/v2\/pages\/36482\/revisions"}],"up":[{"embeddable":true,"href":"https:\/\/jackpotlotteryonline.com\/sk\/wp-json\/wp\/v2\/pages\/35778"}],"wp:attachment":[{"href":"https:\/\/jackpotlotteryonline.com\/sk\/wp-json\/wp\/v2\/media?parent=36482"}],"curies":[{"name":"wp","href":"https:\/\/api.w.org\/{rel}","templated":true}]}}