{"id":36537,"date":"2022-11-07T10:46:30","date_gmt":"2022-11-07T10:46:30","guid":{"rendered":"https:\/\/jackpotlotteryonline.com\/?page_id=36537"},"modified":"2023-01-03T20:14:02","modified_gmt":"2023-01-03T20:14:02","slug":"eurojackpot","status":"publish","type":"page","link":"https:\/\/jackpotlotteryonline.com\/sk\/kupit-vstupenky\/eurojackpot\/","title":{"rendered":"K\u00fapa tiketov Eurojackpotu z kraj\u00edn mimo zapojen\u00fdch do hry"},"content":{"rendered":"<h2>O hre Eurojackpot<\/h2>\n<p><a href=\"https:\/\/jackpotlotteryonline.com\/sk\/ako-hrat\/eurojackpot\">Eurojackpot<\/a> m\u00e1 jednu zauj\u00edmav\u00fa vlastnos\u0165, ktor\u00fa by ste mali vedie\u0165: V\u017edy, ke\u010f jackpot dosiahne 90 mili\u00f3nov, je stanoven\u00e1 hranica, ktor\u00fa m\u00f4\u017eete vyhra\u0165. To znamen\u00e1, \u017ee v\u0161etky prostriedky z predaja tiketov, ktor\u00e9 presiahnu 90 mili\u00f3nov eur, sa pripo\u010d\u00edtaj\u00fa k cene druhej \u00farovne. T\u00e1to cena druhej \u00farovne bude potom v\u00fdrazne vy\u0161\u0161ia. Vzh\u013eadom na to, \u017ee pravdepodobnos\u0165 v\u00fdhry tejto ceny je v porovnan\u00ed s jackpotom desa\u0165kr\u00e1t vy\u0161\u0161ia, je v\u017edy dobrou strat\u00e9giou zamera\u0165 sa na t\u00fato lot\u00e9riu, ke\u010f dosiahne hranicu 90 mili\u00f3nov eur.<\/p>\n<p><a href=\"https:\/\/jackpotlotteryonline.com\/sk\/vyherne-cisla\/eurojackpot\">Eurojackpot m\u00e1 len jeden t\u00fd\u017edenn\u00fd \u017erebovac\u00ed de\u0148<\/a>, ktor\u00fdm je piatok. Uh\u00e1dnite 5 z 50 \u010d\u00edsel plus dve \u010fal\u0161ie \u010d\u00edsla od 1 do 10 a ste na najlep\u0161ej ceste vyhra\u0165 cenu z celkovo 12 \u00farovn\u00ed.<\/p>\n<h2>Ako si k\u00fapi\u0165 tikety Eurojackpot<\/h2>\n<p><img loading=\"lazy\" decoding=\"async\" class=\"wp-image-26077 size-medium alignright\" src=\"https:\/\/jackpotlotteryonline.com\/wp-content\/uploads\/2022\/11\/1_buy_eurojackpot_ticket-300x99.jpg\" alt=\"k\u00fapi\u0165 l\u00edstky eurojackpot online\" width=\"300\" height=\"99\" srcset=\"https:\/\/jackpotlotteryonline.com\/wp-content\/uploads\/2022\/11\/1_buy_eurojackpot_ticket-300x99.jpg 300w, https:\/\/jackpotlotteryonline.com\/wp-content\/uploads\/2022\/11\/1_buy_eurojackpot_ticket.jpg 350w\" sizes=\"auto, (max-width: 300px) 100vw, 300px\" \/><\/p>\n<p>Eurojackpot je eur\u00f3pska lot\u00e9ria a vstupy sa v\u00e4\u010d\u0161inou pred\u00e1vaj\u00fa v krajin\u00e1ch Eurojackpotu. Na lot\u00e9rii Eurojackpot sa z\u00fa\u010dast\u0148uje 18 kraj\u00edn a do lot\u00e9rie sa m\u00f4\u017ee zapoji\u0165 ka\u017ed\u00fd, kto \u017eije v t\u00fdchto krajin\u00e1ch. Krajiny Eurojackpotu s\u00fa Chorv\u00e1tsko, D\u00e1nsko, Est\u00f3nsko, F\u00ednsko, Nemecko, Island, Taliansko, Loty\u0161sko, Litva, Holandsko, N\u00f3rsko, Slovinsko, \u0160panielsko a \u0160v\u00e9dsko.<\/p>\n<p>Hoci Eurojackpot m\u00e1 18 kraj\u00edn, ktor\u00e9 s\u00fa \u010dlenmi, tikety lot\u00e9rie sa pred\u00e1vaj\u00fa aj v niektor\u00fdch nez\u00fa\u010dastnen\u00fdch krajin\u00e1ch v r\u00e1mci kontinentu. Hr\u00e1\u010di v ktorejko\u013evek z t\u00fdchto kraj\u00edn m\u00f4\u017eu pr\u00eds\u0165 k ak\u00e9muko\u013evek predajcovi lot\u00e9rie a zak\u00fapi\u0165 si tikety. To v\u0161ak neplat\u00ed pre hr\u00e1\u010dov mimo Eur\u00f3py, ktor\u00ed sa chc\u00fa zapoji\u0165 do lot\u00e9rie Eurojackpot.<\/p>\n<h2>\u010co robi\u0165, ak \u017eijete mimo Eur\u00f3py<\/h2>\n<p>Ak \u017eijete mimo kontinentu a chcete sa z\u00fa\u010dastni\u0165 na hre Eurojackpot, najlep\u0161ou mo\u017enos\u0165ou je prejs\u0165 na internet. M\u00f4\u017eete tak urobi\u0165 bu\u010f prostredn\u00edctvom webu, alebo mobiln\u00e9ho zariadenia. Sta\u010d\u00ed, ak si n\u00e1jdete str\u00e1nku lot\u00e9rie, zak\u00fapite si tiket a prihl\u00e1site sa do \u017erebovania. Potom po\u010dkajte, \u010di ste vyhrali. Je to jednoduch\u00fd proces, ale je tu nieko\u013eko vec\u00ed, na ktor\u00e9 si treba da\u0165 pozor.<\/p>\n<p>Vstupy do Eurojackpotu sa pred\u00e1vaj\u00fa na viacer\u00fdch str\u00e1nkach na internete, ale je d\u00f4le\u017eit\u00e9 h\u013eada\u0165 legit\u00edmneho online predajcu. Internet v\u00e1m poskytuje pr\u00edstup k \u00fa\u017easn\u00fdm medzin\u00e1rodn\u00fdm lot\u00e9ri\u00e1m, nielen k samotn\u00e9mu Eurojackpotu. Mus\u00edte si v\u0161ak by\u0165 ist\u00ed, \u017ee ste vst\u00fapili do Eurojackpotu, na rozdiel od st\u00e1vky proti v\u00fdsledku lot\u00e9rie. \u00c1no, je v tom rozdiel.<\/p>\n<section class=\"layout\" style=\"border: solid 1px; width: 100%;\">\n<div class=\"img-div\" style=\"margin-top: 5px;\"><img decoding=\"async\" class=\"wp-image-17212 alignleft\" style=\"height: 45px; margin: 8px 8px 0px;\" src=\"https:\/\/jackpotlotteryonline.com\/wp-content\/uploads\/2022\/11\/read1.jpg\" alt=\"Pre\u010d\u00edtajte si\" width=\"\" height=\"\" \/><\/div>\n<div style=\"padding-left: 5px;\">\n<div style=\"font-size: 1.1em;\">\n<p><strong>Ktor\u00e1 medzin\u00e1rodn\u00e1 lot\u00e9ria je najlep\u0161ia?<\/strong><\/p>\n<p style=\"font-size: 0.85em; margin-top: -1.5em;\">Ktor\u00e9 z medzin\u00e1rodn\u00fdch lot\u00e9ri\u00ed maj\u00fa najlep\u0161ie \u0161ance na v\u00fdhru\u00a0 <a href=\"https:\/\/jackpotlotteryonline.com\/sk\/ktora-medzinarodna-loteria-je-najlepsia\">\u010d\u00edtaj viac<\/a><\/p>\n<\/div>\n<\/div>\n<\/section>\n<h2>Kde z\u00edska\u0165 tikety Eurojackpot<\/h2>\n<p>Ke\u010f idete na internet h\u013eada\u0165 predajcu Eurojackpotu, nepon\u00e1h\u013eajte sa s n\u00e1kupom vstupenky do Eurojackpotu, pokia\u013e neviete, \u017ee ide o podomov\u00fd predajca. Tak\u00e9to str\u00e1nky poskytuj\u00fa hr\u00e1\u010dom pr\u00edstup k \u0161pi\u010dkov\u00fdm medzin\u00e1rodn\u00fdm lot\u00e9ri\u00e1m, ako je Eurojackpot, t\u00fdm, \u017ee poskytuj\u00fa tikety.<\/p>\n<p>Je mo\u017en\u00e9 zak\u00fapi\u0165 si tiket Eurojackpotu cez internet, a napriek tomu sa do lot\u00e9rie nezapoji\u0165. Je to preto, \u017ee tieto str\u00e1nky umo\u017e\u0148uj\u00fa hr\u00e1\u010dom iba st\u00e1vkova\u0165 na v\u00fdsledok lot\u00e9rie. Na str\u00e1nke jackpotlotteryonline.com v\u00e1m zabezpe\u010d\u00edme vstup do lot\u00e9rie Eurojackpot, nech ste kdeko\u013evek.<\/p>\n<p>Ke\u010f si u n\u00e1s zak\u00fapite vstup, na\u0161i agenti na obsah p\u00f4jdu a k\u00fapia fyzick\u00fd tiket Eurojackpotu s pr\u00edslu\u0161n\u00fdmi \u010d\u00edslami. T\u00fdmto sp\u00f4sobom, aj ke\u010f sa fyzicky nenach\u00e1dzate v krajine, ste st\u00e1le prihl\u00e1sen\u00ed do lot\u00e9rie Eurojackpot. Ak sa v\u00e1\u0161 tiket zhoduje s vy\u017erebovan\u00fdmi \u010d\u00edslami, vyhr\u00e1te cenu. Taktie\u017e sa nemus\u00edte stara\u0165 o to, aby ste si vyzdvihli svoju v\u00fdhru v Eurojackpote, preto\u017ee to vybav\u00edme za v\u00e1s. Jedin\u00e9, \u010do mus\u00edte urobi\u0165, je vybra\u0165 si v\u00fdhru z na\u0161ej platformy na svoj online \u00fa\u010det.<\/p>\n<h2>V\u00fdhody registr\u00e1cie na jackpotlotteryonline.com<\/h2>\n<p><img loading=\"lazy\" decoding=\"async\" class=\"alignright size-medium wp-image-28886\" src=\"https:\/\/jackpotlotteryonline.com\/wp-content\/uploads\/2022\/11\/1_pick_for_eurojackpot-300x100.jpg\" alt=\"Eurojackpot l\u00edstok\" width=\"300\" height=\"100\" srcset=\"https:\/\/jackpotlotteryonline.com\/wp-content\/uploads\/2022\/11\/1_pick_for_eurojackpot-300x100.jpg 300w, https:\/\/jackpotlotteryonline.com\/wp-content\/uploads\/2022\/11\/1_pick_for_eurojackpot-600x200.jpg 600w, https:\/\/jackpotlotteryonline.com\/wp-content\/uploads\/2022\/11\/1_pick_for_eurojackpot.jpg 734w\" sizes=\"auto, (max-width: 300px) 100vw, 300px\" \/><\/p>\n<p>Jackpotlotteryonline.com je port\u00e1l concierge, a tak na\u0161im klientom umo\u017e\u0148ujeme vstup do lot\u00e9ri\u00ed z cel\u00e9ho sveta. Ver\u00edme, \u017ee Eurojackpot by mal by\u0165 dostupn\u00fd ka\u017ed\u00e9mu, kto je plnolet\u00fd a sp\u00f4sobil\u00fd na pr\u00e1vne \u00fakony, a toto nad\u0161enie sme preniesli do poskytovania na\u0161ich slu\u017eieb. Ke\u010f sa u n\u00e1s zaregistrujete, z\u00edskate toto:<\/p>\n<ul>\n<li>pr\u00edstup k viac ako dvom desiatkam medzin\u00e1rodn\u00fdch lot\u00e9ri\u00ed vr\u00e1tane Eurojackpotu<\/li>\n<li>Bezprobl\u00e9mov\u00fd sp\u00f4sob hrania lot\u00e9rie<\/li>\n<li>M\u00f4\u017eete hra\u0165 viacero lot\u00e9ri\u00ed a z\u00fa\u010dastni\u0165 sa viacer\u00fdch \u017erebovan\u00ed na jednom mieste<\/li>\n<li>Nemus\u00edte sledova\u0165 v\u0161etky svoje \u017ereby lot\u00e9rie Eurojackpot, to urob\u00edme za v\u00e1s<\/li>\n<li>Sledujeme aj va\u0161e v\u00fdhry a upozor\u0148ujeme v\u00e1s, aby ste nezme\u0161kali mo\u017enos\u0165 prevzia\u0165 si v\u00fdhru<\/li>\n<li>Svoje v\u00fdhry si m\u00f4\u017eete jednoducho vyplati\u0165 z na\u0161ej platformy na svoj online \u00fa\u010det<\/li>\n<\/ul>\n<p>Zameriavame sa na to, aby ste si pri hran\u00ed lot\u00e9rie u\u017eili pr\u00edjemn\u00e9 chv\u00edle. Vylep\u0161ili sme na\u0161e slu\u017eby a na\u010falej zdokona\u013eujeme proces tak, aby bol pre na\u0161ich hr\u00e1\u010dov intuit\u00edvnej\u0161\u00ed.<\/p>\n<h2>Pri vstupe do Eurojackpotu postupujte pod\u013ea t\u00fdchto krokov<\/h2>\n<p><strong>Krok 1:<\/strong> nav\u0161t\u00edvte str\u00e1nku jackpotlotteryonline.com a prejdite na lot\u00e9riu, do ktorej sa chcete zapoji\u0165, v tomto pr\u00edpade Eurojackpot. Kliknite na \u0148u.<\/p>\n<p><strong>Krok 2:<\/strong> Vyberte si 5 hlavn\u00fdch \u010d\u00edsel a 2 doplnkov\u00e9 \u010d\u00edsla. M\u00f4\u017eete si zvoli\u0165 viacero vstupn\u00fdch l\u00edni\u00ed, aby ste zv\u00fd\u0161ili svoje \u0161ance na v\u00fdhru Eurojackpotu. Ak nem\u00e1te konkr\u00e9tne \u010d\u00edslo, pou\u017eite funkciu &#8220;R\u00fdchly v\u00fdber v\u0161etk\u00fdch&#8221;, aby ste proces v\u00fdberu ur\u00fdchlili.<\/p>\n<p><strong>Krok 3:<\/strong> Vyberte si druh tiketu, ktor\u00fd si chcete k\u00fapi\u0165. M\u00f4\u017eete si zaobstara\u0165 bu\u010f jeden, alebo si zak\u00fapi\u0165 viacn\u00e1sobn\u00e9 \u017erebovanie, ktor\u00e9 v\u00e1m umo\u017en\u00ed vstup do viacer\u00fdch \u017erebovan\u00ed. Op\u00e4\u0165 plat\u00ed, \u017ee vstup do viacer\u00fdch \u017erebovan\u00ed v\u00e1m d\u00e1va vy\u0161\u0161iu \u0161ancu na v\u00fdhru v Eurojackpote.<\/p>\n<p><strong>Krok 4:<\/strong> Prejdite na str\u00e1nku s platbou. Na platobnej str\u00e1nke budete vyzvan\u00ed, aby ste sa zaregistrovali alebo zaregistrovali. D\u00f4vod je trojak\u00fd:<\/p>\n<ol>\n<li>Aby ste mali v\u017edy pr\u00edstup k svojmu tiketu Eurojackpotu, preto\u017ee len tak si m\u00f4\u017eete uplatni\u0165 n\u00e1rok na v\u00fdhru.<\/li>\n<li>Aby sme v\u00e1s mohli upozorni\u0165, ak vyhr\u00e1te Eurojackpot alebo niektor\u00fa z cien v in\u00fdch \u00farovniach. Urob\u00edme to prostredn\u00edctvom platformy a tie\u017e prostredn\u00edctvom v\u00e1\u0161ho e-mailu<\/li>\n<li>Aby sme v\u00e1m u\u013eah\u010dili uplatnenie n\u00e1roku na v\u00fdhru a jej vyplatenie<\/li>\n<\/ol>\n<p>To je v\u0161etko. Zapoji\u0165 sa do Eurojackpotu odkia\u013eko\u013evek je tak\u00e9 jednoduch\u00e9, ako vykona\u0165 tieto tri kroky. Teraz si m\u00f4\u017eete u\u017e\u00edva\u0165 bezpe\u010dn\u00e9 a bezprobl\u00e9mov\u00e9 st\u00e1vkovanie z pohodlia svojho po\u010d\u00edta\u010da alebo mobiln\u00e9ho zariadenia.<\/p>\n<p>Pre\u010do sa u n\u00e1s nezaregistrova\u0165 e\u0161te dnes a nek\u00fapi\u0165 si tikety Eurojackpotu z kraj\u00edn mimo Eur\u00f3py? Hranie lot\u00e9rie je vzru\u0161uj\u00face a nikdy neviete, kedy budete ma\u0165 \u0161\u0165astie. Ak chcete ma\u0165 \u0161ancu sta\u0165 sa milion\u00e1rom, vst\u00fapte do online hry Eurojackpot e\u0161te dnes.<\/p>\n","protected":false},"excerpt":{"rendered":"<p>O hre Eurojackpot Eurojackpot m\u00e1 jednu zauj\u00edmav\u00fa vlastnos\u0165, ktor\u00fa by ste mali vedie\u0165: V\u017edy, ke\u010f jackpot dosiahne 90 mili\u00f3nov, je stanoven\u00e1 hranica, ktor\u00fa m\u00f4\u017eete vyhra\u0165. To znamen\u00e1, \u017ee v\u0161etky prostriedky z predaja tiketov, ktor\u00e9 presiahnu 90 mili\u00f3nov eur, sa pripo\u010d\u00edtaj\u00fa k cene druhej \u00farovne. T\u00e1to cena druhej \u00farovne bude potom v\u00fdrazne vy\u0161\u0161ia. Vzh\u013eadom na to, [&hellip;]<\/p>\n","protected":false},"author":1,"featured_media":0,"parent":35778,"menu_order":4,"comment_status":"closed","ping_status":"closed","template":"eurojackpot-info.php","meta":{"_et_pb_use_builder":"","_et_pb_old_content":"","_et_gb_content_width":"","exclude_from_search":false,"footnotes":""},"class_list":["post-36537","page","type-page","status-publish","hentry"],"yoast_head":"<!-- This site is optimized with the Yoast SEO plugin v23.3 - https:\/\/yoast.com\/wordpress\/plugins\/seo\/ -->\n<title>K\u00fapa vstupeniek do Eurojackpotu z kraj\u00edn mimo Eur\u00f3py | Z\u00edskajte vstupenky online<\/title>\n<meta name=\"description\" content=\"V niektor\u00fdch eur\u00f3pskych krajin\u00e1ch si m\u00f4\u017eete k\u00fapi\u0165 vstupenky Eurojackpot v obchode. Tu v\u0161ak m\u00f4\u017eete z\u00edska\u0165 vstupenky aj z kraj\u00edn mimo Eur\u00f3py\" \/>\n<meta name=\"robots\" content=\"index, follow, max-snippet:-1, max-image-preview:large, max-video-preview:-1\" \/>\n<link rel=\"canonical\" href=\"https:\/\/jackpotlotteryonline.com\/buy-tickets\/eurojackpot\/\" \/>\n<meta property=\"og:locale\" content=\"sk_SK\" \/>\n<meta property=\"og:type\" content=\"article\" \/>\n<meta property=\"og:title\" content=\"K\u00fapa vstupeniek do Eurojackpotu z kraj\u00edn mimo Eur\u00f3py | Z\u00edskajte vstupenky online\" \/>\n<meta property=\"og:description\" content=\"V niektor\u00fdch eur\u00f3pskych krajin\u00e1ch si m\u00f4\u017eete k\u00fapi\u0165 vstupenky Eurojackpot v obchode. Tu v\u0161ak m\u00f4\u017eete z\u00edska\u0165 vstupenky aj z kraj\u00edn mimo Eur\u00f3py\" \/>\n<meta property=\"og:url\" content=\"https:\/\/jackpotlotteryonline.com\/buy-tickets\/eurojackpot\/\" \/>\n<meta property=\"og:site_name\" content=\"Lotto Online - Crack The International Lottery Jackpots\" \/>\n<meta property=\"article:modified_time\" content=\"2023-01-03T20:14:02+00:00\" \/>\n<meta property=\"og:image\" content=\"https:\/\/jackpotlotteryonline.com\/wp-content\/uploads\/2022\/11\/1_buy_eurojackpot_ticket-300x99.jpg\" \/>\n<meta name=\"twitter:card\" content=\"summary_large_image\" \/>\n<meta name=\"twitter:label1\" content=\"Predpokladan\u00fd \u010das \u010d\u00edtania\" \/>\n\t<meta name=\"twitter:data1\" content=\"5 min\u00fat\" \/>\n<!-- \/ Yoast SEO plugin. -->","yoast_head_json":{"title":"K\u00fapa vstupeniek do Eurojackpotu z kraj\u00edn mimo Eur\u00f3py | Z\u00edskajte vstupenky online","description":"V niektor\u00fdch eur\u00f3pskych krajin\u00e1ch si m\u00f4\u017eete k\u00fapi\u0165 vstupenky Eurojackpot v obchode. Tu v\u0161ak m\u00f4\u017eete z\u00edska\u0165 vstupenky aj z kraj\u00edn mimo Eur\u00f3py","robots":{"index":"index","follow":"follow","max-snippet":"max-snippet:-1","max-image-preview":"max-image-preview:large","max-video-preview":"max-video-preview:-1"},"canonical":"https:\/\/jackpotlotteryonline.com\/buy-tickets\/eurojackpot\/","og_locale":"sk_SK","og_type":"article","og_title":"K\u00fapa vstupeniek do Eurojackpotu z kraj\u00edn mimo Eur\u00f3py | Z\u00edskajte vstupenky online","og_description":"V niektor\u00fdch eur\u00f3pskych krajin\u00e1ch si m\u00f4\u017eete k\u00fapi\u0165 vstupenky Eurojackpot v obchode. Tu v\u0161ak m\u00f4\u017eete z\u00edska\u0165 vstupenky aj z kraj\u00edn mimo Eur\u00f3py","og_url":"https:\/\/jackpotlotteryonline.com\/buy-tickets\/eurojackpot\/","og_site_name":"Lotto Online - Crack The International Lottery Jackpots","article_modified_time":"2023-01-03T20:14:02+00:00","og_image":[{"url":"https:\/\/jackpotlotteryonline.com\/wp-content\/uploads\/2022\/11\/1_buy_eurojackpot_ticket-300x99.jpg"}],"twitter_card":"summary_large_image","twitter_misc":{"Predpokladan\u00fd \u010das \u010d\u00edtania":"5 min\u00fat"},"schema":{"@context":"https:\/\/schema.org","@graph":[{"@type":"WebPage","@id":"https:\/\/jackpotlotteryonline.com\/buy-tickets\/eurojackpot\/","url":"https:\/\/jackpotlotteryonline.com\/buy-tickets\/eurojackpot\/","name":"K\u00fapa vstupeniek do Eurojackpotu z kraj\u00edn mimo Eur\u00f3py | Z\u00edskajte vstupenky online","isPartOf":{"@id":"https:\/\/jackpotlotteryonline.com\/#website"},"primaryImageOfPage":{"@id":"https:\/\/jackpotlotteryonline.com\/buy-tickets\/eurojackpot\/#primaryimage"},"image":{"@id":"https:\/\/jackpotlotteryonline.com\/buy-tickets\/eurojackpot\/#primaryimage"},"thumbnailUrl":"https:\/\/jackpotlotteryonline.com\/wp-content\/uploads\/2022\/11\/1_buy_eurojackpot_ticket-300x99.jpg","datePublished":"2022-11-07T10:46:30+00:00","dateModified":"2023-01-03T20:14:02+00:00","description":"V niektor\u00fdch eur\u00f3pskych krajin\u00e1ch si m\u00f4\u017eete k\u00fapi\u0165 vstupenky Eurojackpot v obchode. Tu v\u0161ak m\u00f4\u017eete z\u00edska\u0165 vstupenky aj z kraj\u00edn mimo Eur\u00f3py","breadcrumb":{"@id":"https:\/\/jackpotlotteryonline.com\/buy-tickets\/eurojackpot\/#breadcrumb"},"inLanguage":"sk-SK","potentialAction":[{"@type":"ReadAction","target":["https:\/\/jackpotlotteryonline.com\/buy-tickets\/eurojackpot\/"]}]},{"@type":"ImageObject","inLanguage":"sk-SK","@id":"https:\/\/jackpotlotteryonline.com\/buy-tickets\/eurojackpot\/#primaryimage","url":"https:\/\/jackpotlotteryonline.com\/wp-content\/uploads\/2022\/11\/1_buy_eurojackpot_ticket-300x99.jpg","contentUrl":"https:\/\/jackpotlotteryonline.com\/wp-content\/uploads\/2022\/11\/1_buy_eurojackpot_ticket-300x99.jpg"},{"@type":"BreadcrumbList","@id":"https:\/\/jackpotlotteryonline.com\/buy-tickets\/eurojackpot\/#breadcrumb","itemListElement":[{"@type":"ListItem","position":1,"name":"Home","item":"https:\/\/jackpotlotteryonline.com\/sk\/"},{"@type":"ListItem","position":2,"name":"Ako si k\u00fapi\u0165 vstupenky do lot\u00e9rie online","item":"https:\/\/jackpotlotteryonline.com\/buy-tickets\/"},{"@type":"ListItem","position":3,"name":"K\u00fapa tiketov Eurojackpotu z kraj\u00edn mimo zapojen\u00fdch do hry"}]},{"@type":"WebSite","@id":"https:\/\/jackpotlotteryonline.com\/#website","url":"https:\/\/jackpotlotteryonline.com\/","name":"Lotto Online - Crack The International Lottery Jackpots","description":"","potentialAction":[{"@type":"SearchAction","target":{"@type":"EntryPoint","urlTemplate":"https:\/\/jackpotlotteryonline.com\/?s={search_term_string}"},"query-input":"required name=search_term_string"}],"inLanguage":"sk-SK"}]}},"_links":{"self":[{"href":"https:\/\/jackpotlotteryonline.com\/sk\/wp-json\/wp\/v2\/pages\/36537","targetHints":{"allow":["GET"]}}],"collection":[{"href":"https:\/\/jackpotlotteryonline.com\/sk\/wp-json\/wp\/v2\/pages"}],"about":[{"href":"https:\/\/jackpotlotteryonline.com\/sk\/wp-json\/wp\/v2\/types\/page"}],"author":[{"embeddable":true,"href":"https:\/\/jackpotlotteryonline.com\/sk\/wp-json\/wp\/v2\/users\/1"}],"replies":[{"embeddable":true,"href":"https:\/\/jackpotlotteryonline.com\/sk\/wp-json\/wp\/v2\/comments?post=36537"}],"version-history":[{"count":0,"href":"https:\/\/jackpotlotteryonline.com\/sk\/wp-json\/wp\/v2\/pages\/36537\/revisions"}],"up":[{"embeddable":true,"href":"https:\/\/jackpotlotteryonline.com\/sk\/wp-json\/wp\/v2\/pages\/35778"}],"wp:attachment":[{"href":"https:\/\/jackpotlotteryonline.com\/sk\/wp-json\/wp\/v2\/media?parent=36537"}],"curies":[{"name":"wp","href":"https:\/\/api.w.org\/{rel}","templated":true}]}}