{"id":36591,"date":"2022-11-08T06:48:07","date_gmt":"2022-11-08T06:48:07","guid":{"rendered":"https:\/\/jackpotlotteryonline.com\/?page_id=36591"},"modified":"2023-01-03T20:31:27","modified_gmt":"2023-01-03T20:31:27","slug":"superenalotto","status":"publish","type":"page","link":"https:\/\/jackpotlotteryonline.com\/sk\/kupit-vstupenky\/superenalotto\/","title":{"rendered":"K\u00fapi\u0165 vstupenky Superenalotto"},"content":{"rendered":"<h2>Pre\u010do pr\u00e1ve Superenalotto?<\/h2>\n<p>Zauj\u00edmalo v\u00e1s, ako si m\u00f4\u017eete k\u00fapi\u0165 vstupenky na Superenalotto z kraj\u00edn mimo Talianska? Superenalotto je jednou z najpopul\u00e1rnej\u0161\u00edch lot\u00e9ri\u00ed na eur\u00f3pskom kontinente. Nie je prekvapen\u00edm, \u017ee hr\u00e1\u010di na celom svete pravidelne uzatv\u00e1raj\u00fa st\u00e1vky na t\u00fato lot\u00e9riu.<\/p>\n<p>Na jackpotlotteryonline.com poskytujeme hr\u00e1\u010dom pr\u00edstup k najlep\u0161\u00edm medzin\u00e1rodn\u00fdm lot\u00e9ri\u00e1m, ako je Superenalotto. Umo\u017en\u00edme v\u00e1m k\u00fapi\u0165 si tikety, skontrolova\u0165 v\u00fdsledky \u017erebovania a z\u00edska\u0165 pr\u00edstup k v\u00fdhram.<\/p>\n<p>Pre\u010do by sa pri roz\u0161\u00edrenosti svetov\u00fdch lot\u00e9ri\u00ed mal hr\u00e1\u010d rozhodn\u00fa\u0165 vsadi\u0165 si na Superenalotto? Dotkneme sa niektor\u00fdch d\u00f4vodov, pre\u010do sa Superenalotto r\u00fdchlo st\u00e1va lot\u00e9riou, ktor\u00fa si st\u00e1vkuj\u00faci vyberaj\u00fa. Ak sa pon\u00e1h\u013eate poda\u0165 st\u00e1vku, m\u00f4\u017eete n\u00e1s nav\u0161t\u00edvi\u0165 teraz a z\u00edska\u0165 \u0161ancu na ve\u013ek\u00fa v\u00fdhru v Superenalotto.<\/p>\n<h2>Superenalotto m\u00e1 \u00fa\u017easn\u00e9 jackpoty<\/h2>\n<p>D\u00f4vodom \u010d\u00edslo jeden, pre\u010do hr\u00e1\u010di miluj\u00fa taliansku lot\u00e9riu Superenalotto, je pravdepodobne \u00fa\u017easn\u00e1 v\u00fdhra jackpotu. Zauj\u00edmavos\u0165ou je, \u017ee jackpot za\u010d\u00edna na minim\u00e1lnej sume 2 mili\u00f3ny eur. To sa nezd\u00e1 ako p\u00f4sobiv\u00e1 suma, ke\u010f si uvedom\u00edte, \u017ee t\u00fato sumu pon\u00faka ve\u013ea lot\u00e9ri\u00ed.<\/p>\n<p>Prednos\u0165ou v\u0161ak je, \u017ee jackpot Superenalotto nie je obmedzen\u00fd. Ak sa po \u017erebovan\u00ed nen\u00e1jde \u017eiadny v\u00fdherca, po ka\u017edom \u017erebovan\u00ed sa preklop\u00ed a pokra\u010duje, a\u017e k\u00fdm sa neobjav\u00ed v\u00fdherca. Aby sme to e\u0161te viac zd\u00f4raznili, lot\u00e9ria Superenalotto m\u00e1 <a href=\"https:\/\/jackpotlotteryonline.com\/sk\/vyherne-cisla\/superenalotto\">tri \u017erebovania t\u00fd\u017edenne<\/a>. Neexistuje takmer \u017eiadny limit, ko\u013ekokr\u00e1t sa jackpot m\u00f4\u017ee prevr\u00e1ti\u0165.<\/p>\n<p>V skuto\u010dnosti sa jackpot pred nieko\u013ek\u00fdmi rokmi prevr\u00e1til to\u013ekokr\u00e1t, \u017ee rekordn\u00fd jackpot v roku 2019 bol 209,1 mili\u00f3na eur.<\/p>\n<h2>Spomenuli sme tri \u017erebovania t\u00fd\u017edenne?<\/h2>\n<p>Ke\u010f hr\u00e1te Superenalotto, m\u00e1te ka\u017ed\u00fd t\u00fd\u017ede\u0148 tri \u0161ance na ve\u013ek\u00fa v\u00fdhru. Je to preto, \u017ee lot\u00e9ria Superenalotto organizuje svoje \u017erebovania trikr\u00e1t t\u00fd\u017edenne, a to v utorok, \u0161tvrtok a sobotu.<\/p>\n<p>To znamen\u00e1, \u017ee ak nie je \u017eiadny v\u00fdherca, suma jackpotu rastie r\u00fdchlej\u0161ie. Jackpot Superenalotto sa mohol za jeden kr\u00e1tky t\u00fd\u017ede\u0148 strojn\u00e1sobi\u0165. To je dos\u0165 na to, aby sa st\u00e1vkuj\u00faci pon\u00e1h\u013eali poda\u0165 svoje st\u00e1vky.<\/p>\n<p>Nechcete prehra\u0165 pri \u010fal\u0161om \u017erebovan\u00ed? \u010co tak zamieri\u0165 na jackpotlotteryonline.com a poda\u0165 st\u00e1vku na Superenalotto hne\u010f teraz? Nikdy neviete, kedy v\u00e1m bude \u0161\u0165astie pria\u0165.<\/p>\n<h2>Top 5 v\u00ed\u0165azov Superenalotto<\/h2>\n<p><img loading=\"lazy\" decoding=\"async\" class=\"alignright size-full wp-image-31316\" src=\"http:\/\/jackpotlotteryonline.com\/wp-content\/uploads\/2022\/11\/logo_superenalotto.png\" alt=\"Superenalotto lot\u00e9rie lopti\u010dka\" width=\"200\" height=\"212\" \/><\/p>\n<p>E\u0161te st\u00e1le si nie ste ist\u00ed, \u010di chcete poda\u0165 st\u00e1vku na lot\u00e9riu Superenalotto? \u017diadny probl\u00e9m. Ke\u010f si pre\u010d\u00edtate o l\u00e1kav\u00fdch sum\u00e1ch, ktor\u00e9 si odniesli predch\u00e1dzaj\u00faci v\u00fdhercovia, z\u00edskavate odvahu.<\/p>\n<p>Najv\u00e4\u010d\u0161\u00ed jackpot vyhral v roku 2019 syndik\u00e1t lot\u00e9rie a jeho v\u00fd\u0161ka bola 209,1 mili\u00f3na eur. To sme u\u017e v kr\u00e1tkosti spomenuli, ale je tu e\u0161te nie\u010do, \u010do sme nespomenuli. Tento jackpot vyhral jeden majite\u013e tiketu. Viete si predstavi\u0165, \u017ee by ste domov odch\u00e1dzali s vy\u0161e dvesto mili\u00f3nmi eur?<\/p>\n<p>Druh\u00fd najv\u00e4\u010d\u0161\u00ed jackpot vyhral syndik\u00e1t lot\u00e9rie v roku 2010 a jeho v\u00fd\u0161ka bola 177,7 mili\u00f3na eur. Nasleduje jackpot vo v\u00fd\u0161ke 163,5 mili\u00f3na eur, ktor\u00fd vyhral jeden tiket v roku 2016. \u010eal\u0161\u00ed najv\u00e4\u010d\u0161\u00ed jackpot vyhral in\u00fd majite\u013e jedin\u00e9ho tiketu v roku 2009 a jeho v\u00fd\u0161ka bola 147,8 mili\u00f3na eur. A napokon v roku 2010 sa o jackpot vo v\u00fd\u0161ke 139 mili\u00f3nov eur podelili dva tikety.<\/p>\n<h2>Ako hra\u0165 Superenalotto<\/h2>\n<p><a href=\"https:\/\/jackpotlotteryonline.com\/sk\/ako-hrat\/superenalotto\">Ak chcete hra\u0165 Superenalotto<\/a>, vyberte si \u0161es\u0165 hlavn\u00fdch \u010d\u00edsel od 1 do 90. M\u00f4\u017eete si vybra\u0165 viacero \u010d\u00edseln\u00fdch radov, aby ste zv\u00fd\u0161ili svoje \u0161ance na v\u00fdhru v lot\u00e9rii. Potom si vyberte po\u010det \u017erebovan\u00ed, do ktor\u00fdch sa chcete zapoji\u0165. Ak sa rozhodnete, m\u00f4\u017eete sa z\u00fa\u010dastni\u0165 ka\u017ed\u00e9ho \u017erebovania ka\u017ed\u00fd t\u00fd\u017ede\u0148 po\u010das nasleduj\u00facich 5 t\u00fd\u017ed\u0148ov. \u010c\u00edm viac \u017erebovan\u00ed sa z\u00fa\u010dastn\u00edte, t\u00fdm vy\u0161\u0161ie s\u00fa va\u0161e \u0161ance na v\u00fdhru.<\/p>\n<p>K dispoz\u00edcii je aj tzv. superhviezda, \u010do je mo\u017enos\u0165, ktor\u00e1 v\u00e1m pom\u00f4\u017ee zv\u00fd\u0161i\u0165 \u0161ance na v\u00fdhru. M\u00f4\u017eete si tie\u017e zak\u00fapi\u0165 &#8220;Vesel\u00e9 \u010d\u00edslo&#8221;, ktor\u00e9 sa vyber\u00e1 od 1 do 90. \u010c\u00edslo Jolly nem\u00e1 vplyv na jackpot, ale pou\u017e\u00edva sa pri rozhodovan\u00ed o v\u00ed\u0165azovi druhej v\u00fdhernej kateg\u00f3rie.<\/p>\n<p>Ke\u010f si vyberiete \u010d\u00edsla, zapla\u0165te za svoj tiket a po\u010dkajte na \u017erebovanie. Ke\u010f sa u n\u00e1s zaregistrujete, cel\u00fd proces automatizujeme, aby ste si ho mohli vychutna\u0165 bez probl\u00e9mov. Zbav\u00edme v\u00e1s stresu z tejto oper\u00e1cie, aby ste si mohli u\u017e\u00edva\u0165 z\u00e1bavu bez ak\u00fdchko\u013evek starost\u00ed.<\/p>\n<section class=\"layout\" style=\"border: solid 1px; width: 100%;\">\n<div class=\"img-div\" style=\"margin-top: 5px;\"><img decoding=\"async\" class=\"wp-image-17212 alignleft\" style=\"height: 45px; margin: 8px 8px 0px;\" src=\"http:\/\/jackpotlotteryonline.com\/wp-content\/uploads\/2022\/11\/read1.jpg\" alt=\"pre\u010d\u00edtajte si\" width=\"\" height=\"\" \/><\/div>\n<div style=\"padding-left: 5px;\">\n<div style=\"font-size: 1.1em;\">\n<p><strong>Vyberte si v\u00fdhern\u00e9 \u010d\u00edsla lot\u00e9rie ru\u010dne alebo pomocou RNG<\/strong><\/p>\n<p style=\"font-size: 0.85em; margin-top: -1.5em;\">Ako vygenerova\u0165 v\u00fdhern\u00e9 lotto \u010d\u00edsla?\u00a0<a href=\"https:\/\/jackpotlotteryonline.com\/sk\/ako-generovat-vitazne-lotto-cisla\"> \u010d\u00edtaj viac<\/a><\/p>\n<\/div>\n<\/div>\n<\/section>\n<h2>Ak\u00e9 s\u00fa \u0161ance na v\u00fdhru v Superenalote?<\/h2>\n<p>Vo v\u0161eobecnosti je zn\u00e1me, \u017ee lot\u00e9ria nem\u00e1 pre hr\u00e1\u010dov ve\u013ek\u00e9 \u0161ance. Pravdou je, \u017ee \u0161ance na v\u00fdhru nie s\u00fa ve\u013emi vysok\u00e9. Zauj\u00edmav\u00e9 je, \u017ee v\u010faka tomu je hranie lot\u00e9rie ove\u013ea vzru\u0161uj\u00facej\u0161ie. Preto\u017ee v\u00fdhra, ke\u010f sa zd\u00e1, \u017ee \u0161ance nie s\u00fa vo v\u00e1\u0161 prospech, dod\u00e1va hr\u00e1\u010dom vzru\u0161enie. Je to tie\u017e skvel\u00fd sp\u00f4sob, ako si uvedomi\u0165, \u017ee m\u00e1te \u0161\u0165astie na svojej strane.<\/p>\n<p>\u0160anca na v\u00fdhru jackpotu Superenalotto je 1 ku 622 614 630. K dispoz\u00edcii je v\u0161ak 6 v\u00fdhern\u00fdch kateg\u00f3ri\u00ed a kateg\u00f3ria okam\u017eitej v\u00fdhry v hodnote 25 \u20ac. Ke\u010f ich vezmete do \u00favahy, potom je \u0161anca na v\u00fdhru akejko\u013evek ceny 1 ku 16.<\/p>\n<p>Ka\u017ed\u00fd tipuj\u00faci bude s\u00fahlasi\u0165, \u017ee ide o neuverite\u013en\u00e9 \u0161ance, ktor\u00e9 zv\u00fdhod\u0148uj\u00fa hr\u00e1\u010da.<\/p>\n<h2>Kateg\u00f3rie cien Superenalotto<\/h2>\n<p><img loading=\"lazy\" decoding=\"async\" class=\"size-medium wp-image-35376 alignright\" src=\"http:\/\/jackpotlotteryonline.com\/wp-content\/uploads\/2022\/11\/2_ticket_superenalotto4-1-211x300.jpg\" alt=\"V\u00fdhern\u00fd tiket Superenalotto\" width=\"211\" height=\"300\" srcset=\"https:\/\/jackpotlotteryonline.com\/wp-content\/uploads\/2022\/11\/2_ticket_superenalotto4-1-211x300.jpg 211w, https:\/\/jackpotlotteryonline.com\/wp-content\/uploads\/2022\/11\/2_ticket_superenalotto4-1.jpg 300w\" sizes=\"auto, (max-width: 211px) 100vw, 211px\" \/><\/p>\n<p>Po\u010das \u017erebovania sa n\u00e1hodne vyberie \u0161es\u0165 \u010d\u00edsel z bubna, v ktorom s\u00fa gu\u013e\u00f4\u010dky s \u010d\u00edslami 1 a\u017e 90. Ka\u017ed\u00fd tiket, ktor\u00fd sa zhoduje s vy\u017erebovan\u00fdmi \u010d\u00edslami, vyhr\u00e1va jackpot.<\/p>\n<p>Jackpotov\u00e1 v\u00fdhra v Superenalotto sa za\u010d\u00edna na 2 mili\u00f3noch eur, ale zvy\u010dajne kon\u010d\u00ed ove\u013ea vy\u0161\u0161ie, preto\u017ee sa prev\u00edja. Ostatn\u00e9 v\u00fdhern\u00e9 kateg\u00f3rie sa ur\u010duj\u00fa pod\u013ea percentu\u00e1lneho podielu dostupn\u00fdch prostriedkov. Nie je teda mo\u017en\u00e9 ur\u010di\u0165, ak\u00e1 suma by sa rozdelila pri ka\u017edom \u017erebovan\u00ed.<\/p>\n<p>6 \u010d\u00edsel &#8211; jackpot (17,4 % celkov\u00fdch prostriedkov)<br \/>\n5 + Vesel\u00e9 \u010d\u00edslo &#8211; 13 %<br \/>\n5 \u010d\u00edsel &#8211; 4,2 %<br \/>\n4 \u010d\u00edsla &#8211; 4,2 %<br \/>\n3 \u010d\u00edsla &#8211; 12,8<br \/>\n2 \u010d\u00edsla &#8211; 40 %<\/p>\n<p><strong>Pre lep\u0161iu predstavu uv\u00e1dzame priemern\u00fa sumu na jedno \u017erebovanie.<\/strong><\/p>\n<p>6 \u010d\u00edsel &#8211; 92 056 091,66 EUR<br \/>\n5 + \u010d\u00edslo Jolly &#8211; 594 951,95 \u20ac<br \/>\n5 \u010d\u00edsel &#8211; 49 736,38 \u20ac<br \/>\n4 \u010d\u00edsla &#8211; 354,83 \u20ac<br \/>\n3 \u010d\u00edsla &#8211; 27,15 \u20ac<br \/>\n2 \u010d\u00edsla &#8211; 5,48 EUR<\/p>\n<h2>Zahrajte si Superenalotto na internete<\/h2>\n<p>Superenalotto je talianska lot\u00e9ria a vstupy sa pred\u00e1vaj\u00fa len v Taliansku. Ak teda \u017eijete mimo Talianska, jedin\u00fdm sp\u00f4sobom, ako z\u00edska\u0165 pr\u00edstup k Superenalotto, je k\u00fapi\u0165 si vstup cez internet. M\u00f4\u017eete tak urobi\u0165 u internetov\u00e9ho predajcu lot\u00e9rie, ako je jackpotlotteryonline.com<\/p>\n<h2>V\u00fdhody n\u00e1kupu vstupov do Superenalotto online<\/h2>\n<ul>\n<li>Z\u00edskate r\u00fdchly a okam\u017eit\u00fd pr\u00edstup do lot\u00e9rie<\/li>\n<li>Je to mimoriadne pohodln\u00e9, preto\u017ee nemus\u00edte opusti\u0165 pohodlie domova<\/li>\n<li>Je to aj bezpe\u010dnej\u0161ie, preto\u017ee v\u00e1\u0161 tiket je ulo\u017een\u00fd digit\u00e1lne. To je d\u00f4le\u017eit\u00e9, preto\u017ee len tak si m\u00f4\u017eete uplatni\u0165 n\u00e1rok na v\u00fdhru.<\/li>\n<li>Nemus\u00edte zme\u0161ka\u0165 svoju v\u00fdhru, preto\u017ee v\u00e1s okam\u017eite upozorn\u00edme, ak vyhr\u00e1te nejak\u00fa cenu<\/li>\n<li>Ka\u017ed\u00fa v\u00fdhru si m\u00f4\u017eete jednoducho vybra\u0165 online bez toho, aby ste museli niekam chodi\u0165<\/li>\n<\/ul>\n<h2>Zaregistrujte sa u n\u00e1s a hrajte Superenalotto<\/h2>\n<p>Ak \u017eijete mimo Talianska a chcete si k\u00fapi\u0165 pr\u00edstup do lot\u00e9rie Superenalotto, m\u00f4\u017eete tak urobi\u0165 tak, \u017ee sa u n\u00e1s zaregistrujete. Poskytujeme slu\u017ebu concierge, ktor\u00e1 v\u00e1m umo\u017en\u00ed okam\u017eit\u00fd pr\u00edstup k najlep\u0161\u00edm medzin\u00e1rodn\u00fdm lot\u00e9ri\u00e1m vr\u00e1tane Superenalotto.<\/p>\n<p>Na\u0161\u00edm cie\u013eom je, aby sa lot\u00e9ria stala pre na\u0161ich z\u00e1kazn\u00edkov pr\u00edjemn\u00fdm z\u00e1\u017eitkom. Zbav\u00edme v\u00e1s stresu z jednoduch\u00fdch vec\u00ed a nech\u00e1me v\u00e1s u\u017e\u00edva\u0165 si pod\u00e1vanie st\u00e1vok. K\u00fapte si u n\u00e1s svoje \u017ereby a z\u00edskajte \u0161ancu na ve\u013ek\u00fa v\u00fdhru v Superenalotto.<\/p>\n","protected":false},"excerpt":{"rendered":"<p>Pre\u010do pr\u00e1ve Superenalotto? Zauj\u00edmalo v\u00e1s, ako si m\u00f4\u017eete k\u00fapi\u0165 vstupenky na Superenalotto z kraj\u00edn mimo Talianska? Superenalotto je jednou z najpopul\u00e1rnej\u0161\u00edch lot\u00e9ri\u00ed na eur\u00f3pskom kontinente. Nie je prekvapen\u00edm, \u017ee hr\u00e1\u010di na celom svete pravidelne uzatv\u00e1raj\u00fa st\u00e1vky na t\u00fato lot\u00e9riu. Na jackpotlotteryonline.com poskytujeme hr\u00e1\u010dom pr\u00edstup k najlep\u0161\u00edm medzin\u00e1rodn\u00fdm lot\u00e9ri\u00e1m, ako je Superenalotto. Umo\u017en\u00edme v\u00e1m k\u00fapi\u0165 si [&hellip;]<\/p>\n","protected":false},"author":1,"featured_media":0,"parent":35778,"menu_order":5,"comment_status":"closed","ping_status":"closed","template":"superenalotto.php","meta":{"_et_pb_use_builder":"","_et_pb_old_content":"","_et_gb_content_width":"","exclude_from_search":false,"footnotes":""},"class_list":["post-36591","page","type-page","status-publish","hentry"],"yoast_head":"<!-- This site is optimized with the Yoast SEO plugin v23.3 - https:\/\/yoast.com\/wordpress\/plugins\/seo\/ -->\n<title>K\u00fapi\u0165 tikety Superenalotto z kraj\u00edn mimo Talianska | Z\u00edskajte tikety online<\/title>\n<meta name=\"description\" content=\"Ne\u017eijete v Taliansku, ale chcete sa z\u00fa\u010dastni\u0165 Superenalotto? Z\u00edskajte online vstupenku na Superenalotto prostredn\u00edctvom n\u00e1s\" \/>\n<meta name=\"robots\" content=\"index, follow, max-snippet:-1, max-image-preview:large, max-video-preview:-1\" \/>\n<link rel=\"canonical\" href=\"https:\/\/jackpotlotteryonline.com\/buy-tickets\/superenalotto\/\" \/>\n<meta property=\"og:locale\" content=\"sk_SK\" \/>\n<meta property=\"og:type\" content=\"article\" \/>\n<meta property=\"og:title\" content=\"K\u00fapi\u0165 tikety Superenalotto z kraj\u00edn mimo Talianska | Z\u00edskajte tikety online\" \/>\n<meta property=\"og:description\" content=\"Ne\u017eijete v Taliansku, ale chcete sa z\u00fa\u010dastni\u0165 Superenalotto? Z\u00edskajte online vstupenku na Superenalotto prostredn\u00edctvom n\u00e1s\" \/>\n<meta property=\"og:url\" content=\"https:\/\/jackpotlotteryonline.com\/buy-tickets\/superenalotto\/\" \/>\n<meta property=\"og:site_name\" content=\"Lotto Online - Crack The International Lottery Jackpots\" \/>\n<meta property=\"article:modified_time\" content=\"2023-01-03T20:31:27+00:00\" \/>\n<meta property=\"og:image\" content=\"http:\/\/jackpotlotteryonline.com\/wp-content\/uploads\/2022\/11\/logo_superenalotto.png\" \/>\n<meta name=\"twitter:card\" content=\"summary_large_image\" \/>\n<meta name=\"twitter:label1\" content=\"Predpokladan\u00fd \u010das \u010d\u00edtania\" \/>\n\t<meta name=\"twitter:data1\" content=\"6 min\u00fat\" \/>\n<!-- \/ Yoast SEO plugin. -->","yoast_head_json":{"title":"K\u00fapi\u0165 tikety Superenalotto z kraj\u00edn mimo Talianska | Z\u00edskajte tikety online","description":"Ne\u017eijete v Taliansku, ale chcete sa z\u00fa\u010dastni\u0165 Superenalotto? Z\u00edskajte online vstupenku na Superenalotto prostredn\u00edctvom n\u00e1s","robots":{"index":"index","follow":"follow","max-snippet":"max-snippet:-1","max-image-preview":"max-image-preview:large","max-video-preview":"max-video-preview:-1"},"canonical":"https:\/\/jackpotlotteryonline.com\/buy-tickets\/superenalotto\/","og_locale":"sk_SK","og_type":"article","og_title":"K\u00fapi\u0165 tikety Superenalotto z kraj\u00edn mimo Talianska | Z\u00edskajte tikety online","og_description":"Ne\u017eijete v Taliansku, ale chcete sa z\u00fa\u010dastni\u0165 Superenalotto? Z\u00edskajte online vstupenku na Superenalotto prostredn\u00edctvom n\u00e1s","og_url":"https:\/\/jackpotlotteryonline.com\/buy-tickets\/superenalotto\/","og_site_name":"Lotto Online - Crack The International Lottery Jackpots","article_modified_time":"2023-01-03T20:31:27+00:00","og_image":[{"url":"http:\/\/jackpotlotteryonline.com\/wp-content\/uploads\/2022\/11\/logo_superenalotto.png"}],"twitter_card":"summary_large_image","twitter_misc":{"Predpokladan\u00fd \u010das \u010d\u00edtania":"6 min\u00fat"},"schema":{"@context":"https:\/\/schema.org","@graph":[{"@type":"WebPage","@id":"https:\/\/jackpotlotteryonline.com\/buy-tickets\/superenalotto\/","url":"https:\/\/jackpotlotteryonline.com\/buy-tickets\/superenalotto\/","name":"K\u00fapi\u0165 tikety Superenalotto z kraj\u00edn mimo Talianska | Z\u00edskajte tikety online","isPartOf":{"@id":"https:\/\/jackpotlotteryonline.com\/#website"},"primaryImageOfPage":{"@id":"https:\/\/jackpotlotteryonline.com\/buy-tickets\/superenalotto\/#primaryimage"},"image":{"@id":"https:\/\/jackpotlotteryonline.com\/buy-tickets\/superenalotto\/#primaryimage"},"thumbnailUrl":"http:\/\/jackpotlotteryonline.com\/wp-content\/uploads\/2022\/11\/logo_superenalotto.png","datePublished":"2022-11-08T06:48:07+00:00","dateModified":"2023-01-03T20:31:27+00:00","description":"Ne\u017eijete v Taliansku, ale chcete sa z\u00fa\u010dastni\u0165 Superenalotto? Z\u00edskajte online vstupenku na Superenalotto prostredn\u00edctvom n\u00e1s","breadcrumb":{"@id":"https:\/\/jackpotlotteryonline.com\/buy-tickets\/superenalotto\/#breadcrumb"},"inLanguage":"sk-SK","potentialAction":[{"@type":"ReadAction","target":["https:\/\/jackpotlotteryonline.com\/buy-tickets\/superenalotto\/"]}]},{"@type":"ImageObject","inLanguage":"sk-SK","@id":"https:\/\/jackpotlotteryonline.com\/buy-tickets\/superenalotto\/#primaryimage","url":"http:\/\/jackpotlotteryonline.com\/wp-content\/uploads\/2022\/11\/logo_superenalotto.png","contentUrl":"http:\/\/jackpotlotteryonline.com\/wp-content\/uploads\/2022\/11\/logo_superenalotto.png"},{"@type":"BreadcrumbList","@id":"https:\/\/jackpotlotteryonline.com\/buy-tickets\/superenalotto\/#breadcrumb","itemListElement":[{"@type":"ListItem","position":1,"name":"Home","item":"https:\/\/jackpotlotteryonline.com\/sk\/"},{"@type":"ListItem","position":2,"name":"Ako si k\u00fapi\u0165 vstupenky do lot\u00e9rie online","item":"https:\/\/jackpotlotteryonline.com\/buy-tickets\/"},{"@type":"ListItem","position":3,"name":"K\u00fapi\u0165 vstupenky Superenalotto"}]},{"@type":"WebSite","@id":"https:\/\/jackpotlotteryonline.com\/#website","url":"https:\/\/jackpotlotteryonline.com\/","name":"Lotto Online - Crack The International Lottery Jackpots","description":"","potentialAction":[{"@type":"SearchAction","target":{"@type":"EntryPoint","urlTemplate":"https:\/\/jackpotlotteryonline.com\/?s={search_term_string}"},"query-input":"required name=search_term_string"}],"inLanguage":"sk-SK"}]}},"_links":{"self":[{"href":"https:\/\/jackpotlotteryonline.com\/sk\/wp-json\/wp\/v2\/pages\/36591","targetHints":{"allow":["GET"]}}],"collection":[{"href":"https:\/\/jackpotlotteryonline.com\/sk\/wp-json\/wp\/v2\/pages"}],"about":[{"href":"https:\/\/jackpotlotteryonline.com\/sk\/wp-json\/wp\/v2\/types\/page"}],"author":[{"embeddable":true,"href":"https:\/\/jackpotlotteryonline.com\/sk\/wp-json\/wp\/v2\/users\/1"}],"replies":[{"embeddable":true,"href":"https:\/\/jackpotlotteryonline.com\/sk\/wp-json\/wp\/v2\/comments?post=36591"}],"version-history":[{"count":0,"href":"https:\/\/jackpotlotteryonline.com\/sk\/wp-json\/wp\/v2\/pages\/36591\/revisions"}],"up":[{"embeddable":true,"href":"https:\/\/jackpotlotteryonline.com\/sk\/wp-json\/wp\/v2\/pages\/35778"}],"wp:attachment":[{"href":"https:\/\/jackpotlotteryonline.com\/sk\/wp-json\/wp\/v2\/media?parent=36591"}],"curies":[{"name":"wp","href":"https:\/\/api.w.org\/{rel}","templated":true}]}}