{"id":36643,"date":"2022-11-08T08:30:39","date_gmt":"2022-11-08T08:30:39","guid":{"rendered":"https:\/\/jackpotlotteryonline.com\/?page_id=36643"},"modified":"2023-01-03T20:47:42","modified_gmt":"2023-01-03T20:47:42","slug":"el-gordo","status":"publish","type":"page","link":"https:\/\/jackpotlotteryonline.com\/sk\/kupit-vstupenky\/el-gordo\/","title":{"rendered":"K\u00fapi\u0165 vstupenky El Gordo"},"content":{"rendered":"<h2>\u00da\u017easn\u00e1 \u0161panielska lot\u00e9ria<\/h2>\n<p>El Gordo je za rohom a nie ka\u017ed\u00fd m\u00e1 to \u0161\u0165astie, \u017ee \u017eije v \u0160panielsku alebo do\u0148 cestuje. Napriek tomu sa st\u00e1vkuj\u00faci v\u0161ade na svete te\u0161ia pri pomyslen\u00ed na \u00fa\u010das\u0165 na z\u00e1bave a sl\u00e1vnostiach, ktor\u00e9 t\u00fato lot\u00e9riu sprev\u00e1dzaj\u00fa. Do tejto lot\u00e9rie sa m\u00f4\u017eu zapoji\u0165 aj hr\u00e1\u010di, ktor\u00ed \u017eij\u00fa mimo krajiny, a my v\u00e1m uk\u00e1\u017eeme, ako na to.<\/p>\n<p>Ak ste v <a href=\"https:\/\/jackpotlotteryonline.com\/sk\/ako-hrat\/el-gordo\">hran\u00ed tejto lot\u00e9rie<\/a> nov\u00e1\u010dikom, mo\u017eno v\u00e1s bude zauj\u00edma\u0165, \u017ee ide o \u0161panielsku lot\u00e9riu. Naz\u00fdva sa El Gordo, \u010do v preklade znamen\u00e1 &#8220;Tlust\u00fd&#8221;, preto\u017ee m\u00e1 ve\u013ek\u00fd jackpot. Hovor\u00ed sa, \u017ee je to najv\u00e4\u010d\u0161\u00ed jackpot na svete.<\/p>\n<p>Ako teda m\u00f4\u017eete z\u00edska\u0165 \u010das\u0165 tejto akcie, aj ke\u010f ne\u017eijete v \u0160panielsku? \u010c\u00edtajte \u010falej a my v\u00e1m o tom povieme v\u0161etko.<\/p>\n<h2>Ako si k\u00fapi\u0165 tikety El Gordo mimo \u0160panielska<\/h2>\n<p><img loading=\"lazy\" decoding=\"async\" class=\"size-full wp-image-17870 alignright\" src=\"http:\/\/jackpotlotteryonline.com\/wp-content\/uploads\/2022\/10\/lotto_euros.jpg\" alt=\"K\u00fapi\u0165 vstupenku na koncert El Gordo online\" width=\"225\" height=\"134\" \/><\/p>\n<p>Najjednoduch\u0161\u00ed sp\u00f4sob, ako si k\u00fapi\u0165 tikety do lot\u00e9rie El Gordo, je cez internet od online predajcu lot\u00e9ri\u00ed, ako je jackpotlotteryonline.com. Poskytujeme bezprobl\u00e9mov\u00e9 slu\u017eby, v\u010faka ktor\u00fdm je hranie najlep\u0161\u00edch medzin\u00e1rodn\u00fdch lot\u00e9ri\u00ed bezprobl\u00e9mov\u00fdm z\u00e1\u017eitkom. Ke\u010f sa u n\u00e1s zaregistrujete, z\u00edskate platformu na mieru, ktor\u00e1 je prisp\u00f4soben\u00e1 va\u0161im potreb\u00e1m.<\/p>\n<p>Chceme zabezpe\u010di\u0165, aby na\u0161i z\u00e1kazn\u00edci za\u017eili rados\u0165, ktor\u00e1 je spojen\u00e1 s hran\u00edm lot\u00e9rie. Ke\u010f sa z\u00fa\u010dastn\u00edte na hre El Gordo, stanete sa s\u00fa\u010das\u0165ou hist\u00f3rie a trad\u00edcie. T\u00e1to \u0161panielska lot\u00e9ria je zn\u00e1ma aj ako viano\u010dn\u00e1 lot\u00e9ria a sez\u00f3na bez nej nie je rovnak\u00e1.<\/p>\n<p>\u00da\u010das\u0165 v \u0161panielskej viano\u010dnej lot\u00e9rii m\u00f4\u017ee by\u0165 trochu m\u00e4t\u00faca, ak sa jej z\u00fa\u010dast\u0148ujete prv\u00fdkr\u00e1t. Na rozdiel od in\u00fdch lot\u00e9ri\u00ed si toti\u017e nem\u00f4\u017eete vybra\u0165 \u010d\u00edsla. Na ka\u017edom tikete s\u00fa u\u017e vytla\u010den\u00e9 \u010d\u00edsla. K zm\u00e4tku prispieva aj to, \u017ee v lot\u00e9rii El Gordo je 100 000 \u010d\u00edsel. Na str\u00e1nke jackpotlotteryonline.com v\u00e1s prevedieme ka\u017ed\u00fdm krokom.<\/p>\n<h2>Pre\u010do by ste sa mali z\u00fa\u010dastni\u0165 na hre El Gordo<\/h2>\n<p>Existuje nieko\u013eko d\u00f4vodov, pre\u010do hr\u00e1\u010di po celom svete miluj\u00fa El Gordo. Spomenuli sme skuto\u010dnos\u0165, \u017ee je opraden\u00e1 hist\u00f3riou a trad\u00edciami. Prv\u00e9 \u017erebovanie lot\u00e9rie sa uskuto\u010dnilo v roku 1812; to znamen\u00e1, \u017ee m\u00e1 viac ako 200 rokov. El Gordo je druhou najstar\u0161ou prev\u00e1dzkovanou lot\u00e9riou na svete a stala sa s\u00fa\u010das\u0165ou kult\u00fary \u0160panielska.<\/p>\n<p><a href=\"https:\/\/jackpotlotteryonline.com\/sk\/vyherne-cisla\/el-gordo-draw-results\">\u017drebovanie<\/a> sa kon\u00e1 ka\u017ed\u00fd rok 22. decembra, tak\u017ee je to skvel\u00fd sp\u00f4sob, ako si spestri\u0165 sviato\u010dn\u00e9 obdobie. Samotn\u00e9 \u017erebovanie je \u010fal\u0161ou ve\u013ekolepou udalos\u0165ou, ke\u010f\u017ee v\u00fdsledky \u017erebovania spievaj\u00fa \u017eiaci \u0161koly San Ildefonso. Spomenuli sme u\u017e, \u017ee El Gordo je presiaknut\u00e9 trad\u00edciami? Ur\u010dite je to nie\u010do, na \u010do sa star\u00ed aj nov\u00ed hr\u00e1\u010di ka\u017edoro\u010dne te\u0161ia.<\/p>\n<p>Okrem toho je El Gordo lot\u00e9ria, ktor\u00e1 podporuje a oslavuje komunitu. Tikety s\u00fa rozdelen\u00e9 do nieko\u013ek\u00fdch poddiv\u00edzi\u00ed a je celkom be\u017en\u00e9, \u017ee sa do niektorej z nich prihl\u00e1sia susedstv\u00e1. Pre\u010do teda neurobi\u0165 nie\u010do v\u00fdnimo\u010dn\u00e9 pre svoju rodinu a priate\u013eov a nezapoji\u0165 sa do lot\u00e9rie El Gordo spolo\u010dne? Je to n\u00e1dhern\u00fd sp\u00f4sob, ako osl\u00e1vi\u0165 Vianoce.<\/p>\n<section class=\"layout\" style=\"border: solid 1px; width: 100%;\">\n<div class=\"img-div\" style=\"margin-top: 5px;\"><img decoding=\"async\" class=\"wp-image-17212 alignleft\" style=\"height: 45px; margin: 8px 8px 0px;\" src=\"http:\/\/jackpotlotteryonline.com\/wp-content\/uploads\/2022\/11\/read1.jpg\" alt=\"pre\u010d\u00edtajte si\" width=\"\" height=\"\" \/><\/div>\n<div style=\"padding-left: 5px;\">\n<div style=\"font-size: 1.1em;\">\n<p><strong>Nenechajte si ujs\u0165 \u010dasy \u017erebovania najv\u00e4\u010d\u0161\u00edch svetov\u00fdch lot\u00e9riov\u00fdch jackpotov<\/strong><\/p>\n<p style=\"font-size: 0.85em; margin-top: -1.5em;\">Zoznam \u010dasov \u017erebovania medzin\u00e1rodn\u00fdch lot\u00e9ri\u00ed\u00a0<a href=\"https:\/\/jackpotlotteryonline.com\/sk\/kedy-su-casy-cerpania-medzinarodnych-loterii\"> \u010d\u00edtaj viac<\/a><\/p>\n<\/div>\n<\/div>\n<\/section>\n<h2>Ako hra\u0165 El Gordo<\/h2>\n<p><img loading=\"lazy\" decoding=\"async\" class=\"alignright size-full wp-image-32459\" src=\"http:\/\/jackpotlotteryonline.com\/wp-content\/uploads\/2022\/11\/2_ticket_el_gordo-1.jpg\" alt=\"L\u00edstok lot\u00e9rie El Gordo\" width=\"213\" height=\"300\" \/><\/p>\n<p>Pri vstupe do \u0161panielskej viano\u010dnej lot\u00e9rie m\u00f4\u017ee ma\u0165 v\u00e1\u0161 tiket \u010d\u00edsla od 00000 do 99999. Ka\u017ed\u00fd tiket je rozdelen\u00fd na desa\u0165 \u010dast\u00ed, ktor\u00e9 sa \u010falej delia. Tak\u017ee bez oh\u013eadu na v\u00e1\u0161 rozpo\u010det si m\u00f4\u017eete dovoli\u0165 k\u00fapi\u0165 tiket.<\/p>\n<p>Nemenej zauj\u00edmav\u00e9 je, \u017ee hr\u00e1\u010di El Gordo maj\u00fa ve\u013emi vysok\u00fa \u0161ancu na v\u00fdhru. Celkov\u00fd jackpot predstavuje miliardy eur a \u0161ance s\u00fa neuverite\u013en\u00e9. Tak\u017ee hr\u00e1\u010di m\u00f4\u017eu od\u00eds\u0165 domov s tis\u00edckami eur, aj ke\u010f nevyhraj\u00fa prv\u00fa cenu.<\/p>\n<p>Po zak\u00fapen\u00ed tiketu sta\u010d\u00ed u\u017e len \u010daka\u0165 na \u017erebovanie 22. decembra. Na na\u0161ej str\u00e1nke \u017eiadame na\u0161ich z\u00e1kazn\u00edkov, aby sa zaregistrovali, aby sme im mohli da\u0165 vedie\u0165 hne\u010f, ako vyhraj\u00fa cenu. Aj vyplatenie v\u00fdhry je jednoduch\u00e9, preto\u017ee tak m\u00f4\u017eete urobi\u0165 z na\u0161ej platformy.<\/p>\n<h2>Kroky, ako hra\u0165 El Gordo online<\/h2>\n<ol>\n<li>Teraz, ke\u010f ste z tejto \u0161panielskej viano\u010dnej lot\u00e9rie rovnako nad\u0161en\u00ed ako my, v\u00e1s obozn\u00e1mime s jednotliv\u00fdmi krokmi.<\/li>\n<li>K\u00fapte si tiket El Gordo na na\u0161ej str\u00e1nke<\/li>\n<li>Zaregistrujte sa, aby sme v\u00e1s v pr\u00edpade v\u00fdhry mohli kontaktova\u0165<\/li>\n<li>Po\u010dkajte na \u017erebovanie<\/li>\n<\/ol>\n<h2>V pr\u00edpade v\u00fdhry si vyberte svoju v\u00fdhru<\/h2>\n<p>Ke\u010f sa u n\u00e1s zaregistrujete, je to tak\u00e9 jednoduch\u00e9. Odstr\u00e1nime komplik\u00e1cie, aby v\u00e1m zostala len z\u00e1bava z hry. Ak h\u013ead\u00e1te lot\u00e9riov\u00fa hru s dobr\u00fdmi kurzami, ktor\u00fa si m\u00f4\u017eete u\u017ei\u0165, potom u\u017e neh\u013eadajte.<\/p>\n<p>Mali by sme spomen\u00fa\u0165, \u017ee aj ke\u010f m\u00e1 El Gordo ve\u013ek\u00e9 \u0161ance, ide o hazardn\u00fa hru. Neexistuje sp\u00f4sob, ako zaru\u010di\u0165, \u017ee vyhr\u00e1te, a ni\u010d nehovor\u00ed ani o tom, \u017ee nevyhr\u00e1te. Jedin\u00fd sp\u00f4sob, ako m\u00f4\u017eete z\u00edska\u0165 \u0161ancu na v\u00fdhru, je v\u0161ak ten, \u017ee sa do lot\u00e9rie v\u00f4bec zapoj\u00edte. Zaregistrujte sa preto u n\u00e1s a zak\u00fapte si \u017ereby \u0161panielskej viano\u010dnej lot\u00e9rie.<\/p>\n","protected":false},"excerpt":{"rendered":"<p>\u00da\u017easn\u00e1 \u0161panielska lot\u00e9ria El Gordo je za rohom a nie ka\u017ed\u00fd m\u00e1 to \u0161\u0165astie, \u017ee \u017eije v \u0160panielsku alebo do\u0148 cestuje. Napriek tomu sa st\u00e1vkuj\u00faci v\u0161ade na svete te\u0161ia pri pomyslen\u00ed na \u00fa\u010das\u0165 na z\u00e1bave a sl\u00e1vnostiach, ktor\u00e9 t\u00fato lot\u00e9riu sprev\u00e1dzaj\u00fa. Do tejto lot\u00e9rie sa m\u00f4\u017eu zapoji\u0165 aj hr\u00e1\u010di, ktor\u00ed \u017eij\u00fa mimo krajiny, a my [&hellip;]<\/p>\n","protected":false},"author":1,"featured_media":0,"parent":35778,"menu_order":6,"comment_status":"closed","ping_status":"closed","template":"el-gordo-info.php","meta":{"_et_pb_use_builder":"","_et_pb_old_content":"","_et_gb_content_width":"","exclude_from_search":false,"footnotes":""},"class_list":["post-36643","page","type-page","status-publish","hentry"],"yoast_head":"<!-- This site is optimized with the Yoast SEO plugin v23.3 - https:\/\/yoast.com\/wordpress\/plugins\/seo\/ -->\n<title>K\u00fapi\u0165 l\u00edstky El Gordo z kraj\u00edn mimo \u0160panielska | L\u00edstky El Gordo online<\/title>\n<meta name=\"description\" content=\"Vstupenky na koncert El Gordo si m\u00f4\u017eete k\u00fapi\u0165 online, ak \u017eijete mimo \u0160panielska - priamo tu prostredn\u00edctvom tejto online slu\u017eby\" \/>\n<meta name=\"robots\" content=\"index, follow, max-snippet:-1, max-image-preview:large, max-video-preview:-1\" \/>\n<link rel=\"canonical\" href=\"https:\/\/jackpotlotteryonline.com\/buy-tickets\/el-gordo\/\" \/>\n<meta property=\"og:locale\" content=\"sk_SK\" \/>\n<meta property=\"og:type\" content=\"article\" \/>\n<meta property=\"og:title\" content=\"K\u00fapi\u0165 l\u00edstky El Gordo z kraj\u00edn mimo \u0160panielska | L\u00edstky El Gordo online\" \/>\n<meta property=\"og:description\" content=\"Vstupenky na koncert El Gordo si m\u00f4\u017eete k\u00fapi\u0165 online, ak \u017eijete mimo \u0160panielska - priamo tu prostredn\u00edctvom tejto online slu\u017eby\" \/>\n<meta property=\"og:url\" content=\"https:\/\/jackpotlotteryonline.com\/buy-tickets\/el-gordo\/\" \/>\n<meta property=\"og:site_name\" content=\"Lotto Online - Crack The International Lottery Jackpots\" \/>\n<meta property=\"article:modified_time\" content=\"2023-01-03T20:47:42+00:00\" \/>\n<meta property=\"og:image\" content=\"http:\/\/jackpotlotteryonline.com\/wp-content\/uploads\/2022\/10\/lotto_euros.jpg\" \/>\n<meta name=\"twitter:card\" content=\"summary_large_image\" \/>\n<meta name=\"twitter:label1\" content=\"Predpokladan\u00fd \u010das \u010d\u00edtania\" \/>\n\t<meta name=\"twitter:data1\" content=\"4 min\u00faty\" \/>\n<!-- \/ Yoast SEO plugin. -->","yoast_head_json":{"title":"K\u00fapi\u0165 l\u00edstky El Gordo z kraj\u00edn mimo \u0160panielska | L\u00edstky El Gordo online","description":"Vstupenky na koncert El Gordo si m\u00f4\u017eete k\u00fapi\u0165 online, ak \u017eijete mimo \u0160panielska - priamo tu prostredn\u00edctvom tejto online slu\u017eby","robots":{"index":"index","follow":"follow","max-snippet":"max-snippet:-1","max-image-preview":"max-image-preview:large","max-video-preview":"max-video-preview:-1"},"canonical":"https:\/\/jackpotlotteryonline.com\/buy-tickets\/el-gordo\/","og_locale":"sk_SK","og_type":"article","og_title":"K\u00fapi\u0165 l\u00edstky El Gordo z kraj\u00edn mimo \u0160panielska | L\u00edstky El Gordo online","og_description":"Vstupenky na koncert El Gordo si m\u00f4\u017eete k\u00fapi\u0165 online, ak \u017eijete mimo \u0160panielska - priamo tu prostredn\u00edctvom tejto online slu\u017eby","og_url":"https:\/\/jackpotlotteryonline.com\/buy-tickets\/el-gordo\/","og_site_name":"Lotto Online - Crack The International Lottery Jackpots","article_modified_time":"2023-01-03T20:47:42+00:00","og_image":[{"url":"http:\/\/jackpotlotteryonline.com\/wp-content\/uploads\/2022\/10\/lotto_euros.jpg"}],"twitter_card":"summary_large_image","twitter_misc":{"Predpokladan\u00fd \u010das \u010d\u00edtania":"4 min\u00faty"},"schema":{"@context":"https:\/\/schema.org","@graph":[{"@type":"WebPage","@id":"https:\/\/jackpotlotteryonline.com\/buy-tickets\/el-gordo\/","url":"https:\/\/jackpotlotteryonline.com\/buy-tickets\/el-gordo\/","name":"K\u00fapi\u0165 l\u00edstky El Gordo z kraj\u00edn mimo \u0160panielska | L\u00edstky El Gordo online","isPartOf":{"@id":"https:\/\/jackpotlotteryonline.com\/#website"},"primaryImageOfPage":{"@id":"https:\/\/jackpotlotteryonline.com\/buy-tickets\/el-gordo\/#primaryimage"},"image":{"@id":"https:\/\/jackpotlotteryonline.com\/buy-tickets\/el-gordo\/#primaryimage"},"thumbnailUrl":"http:\/\/jackpotlotteryonline.com\/wp-content\/uploads\/2022\/10\/lotto_euros.jpg","datePublished":"2022-11-08T08:30:39+00:00","dateModified":"2023-01-03T20:47:42+00:00","description":"Vstupenky na koncert El Gordo si m\u00f4\u017eete k\u00fapi\u0165 online, ak \u017eijete mimo \u0160panielska - priamo tu prostredn\u00edctvom tejto online slu\u017eby","breadcrumb":{"@id":"https:\/\/jackpotlotteryonline.com\/buy-tickets\/el-gordo\/#breadcrumb"},"inLanguage":"sk-SK","potentialAction":[{"@type":"ReadAction","target":["https:\/\/jackpotlotteryonline.com\/buy-tickets\/el-gordo\/"]}]},{"@type":"ImageObject","inLanguage":"sk-SK","@id":"https:\/\/jackpotlotteryonline.com\/buy-tickets\/el-gordo\/#primaryimage","url":"http:\/\/jackpotlotteryonline.com\/wp-content\/uploads\/2022\/10\/lotto_euros.jpg","contentUrl":"http:\/\/jackpotlotteryonline.com\/wp-content\/uploads\/2022\/10\/lotto_euros.jpg"},{"@type":"BreadcrumbList","@id":"https:\/\/jackpotlotteryonline.com\/buy-tickets\/el-gordo\/#breadcrumb","itemListElement":[{"@type":"ListItem","position":1,"name":"Home","item":"https:\/\/jackpotlotteryonline.com\/sk\/"},{"@type":"ListItem","position":2,"name":"Ako si k\u00fapi\u0165 vstupenky do lot\u00e9rie online","item":"https:\/\/jackpotlotteryonline.com\/buy-tickets\/"},{"@type":"ListItem","position":3,"name":"K\u00fapi\u0165 vstupenky El Gordo"}]},{"@type":"WebSite","@id":"https:\/\/jackpotlotteryonline.com\/#website","url":"https:\/\/jackpotlotteryonline.com\/","name":"Lotto Online - Crack The International Lottery Jackpots","description":"","potentialAction":[{"@type":"SearchAction","target":{"@type":"EntryPoint","urlTemplate":"https:\/\/jackpotlotteryonline.com\/?s={search_term_string}"},"query-input":"required name=search_term_string"}],"inLanguage":"sk-SK"}]}},"_links":{"self":[{"href":"https:\/\/jackpotlotteryonline.com\/sk\/wp-json\/wp\/v2\/pages\/36643","targetHints":{"allow":["GET"]}}],"collection":[{"href":"https:\/\/jackpotlotteryonline.com\/sk\/wp-json\/wp\/v2\/pages"}],"about":[{"href":"https:\/\/jackpotlotteryonline.com\/sk\/wp-json\/wp\/v2\/types\/page"}],"author":[{"embeddable":true,"href":"https:\/\/jackpotlotteryonline.com\/sk\/wp-json\/wp\/v2\/users\/1"}],"replies":[{"embeddable":true,"href":"https:\/\/jackpotlotteryonline.com\/sk\/wp-json\/wp\/v2\/comments?post=36643"}],"version-history":[{"count":0,"href":"https:\/\/jackpotlotteryonline.com\/sk\/wp-json\/wp\/v2\/pages\/36643\/revisions"}],"up":[{"embeddable":true,"href":"https:\/\/jackpotlotteryonline.com\/sk\/wp-json\/wp\/v2\/pages\/35778"}],"wp:attachment":[{"href":"https:\/\/jackpotlotteryonline.com\/sk\/wp-json\/wp\/v2\/media?parent=36643"}],"curies":[{"name":"wp","href":"https:\/\/api.w.org\/{rel}","templated":true}]}}