{"id":36695,"date":"2022-11-08T10:30:07","date_gmt":"2022-11-08T10:30:07","guid":{"rendered":"https:\/\/jackpotlotteryonline.com\/?page_id=36695"},"modified":"2023-01-03T21:15:20","modified_gmt":"2023-01-03T21:15:20","slug":"lotto-germany","status":"publish","type":"page","link":"https:\/\/jackpotlotteryonline.com\/sk\/kupit-vstupenky\/lotto-germany\/","title":{"rendered":"K\u00fapi\u0165 vstupenky na Lotto Nemecko"},"content":{"rendered":"<p>Hr\u00e1\u010dom, ktor\u00ed \u017eij\u00fa mimo Nemecka, sa m\u00f4\u017ee zda\u0165, \u017ee je trochu \u0165a\u017ek\u00e9 k\u00fapi\u0165 si tikety na nemeck\u00e9 loto, ale nemus\u00ed to tak by\u0165. Nemeck\u00e9 Lotto je zn\u00e1me aj pod n\u00e1zvom 6 aus 49 a je jednou z najdlh\u0161ie funguj\u00facich lot\u00e9ri\u00ed v Eur\u00f3pe. Bola zalo\u017een\u00e1 v roku 1955 a r\u00fdchlo sa stala ved\u00facou lot\u00e9riovou hrou v krajine.<\/p>\n<p>Vstupy do tejto lot\u00e9rie s\u00fa k dispoz\u00edcii u akreditovan\u00fdch predajcov v Nemecku. Ak v\u0161ak \u017eijete v inej \u010dasti sveta, museli by ste sa spo\u013eahn\u00fa\u0165 na d\u00f4veryhodn\u00fa online lot\u00e9riov\u00fa str\u00e1nku, ako je jackpotlotteryoneline.com.<\/p>\n<p><a href=\"https:\/\/jackpotlotteryonline.com\/sk\/ako-hrat\/german-lotto\">Hranie lot\u00e9rie online<\/a> je jednoduch\u00e9 a ke\u010f pou\u017eijete na\u0161u str\u00e1nku, stane sa bezprobl\u00e9mov\u00fdm a pr\u00edjemn\u00fdm z\u00e1\u017eitkom.<\/p>\n<h2>Ako hra\u0165 nemeck\u00e9 Lotto na na\u0161ej str\u00e1nke<\/h2>\n<p><img loading=\"lazy\" decoding=\"async\" class=\"alignright size-medium wp-image-33350\" src=\"http:\/\/jackpotlotteryonline.com\/wp-content\/uploads\/2022\/11\/2_ticket_euromillions3-1-111x300.jpg\" alt=\"L\u00edstok na nemeck\u00e9 loto\" width=\"111\" height=\"300\" srcset=\"https:\/\/jackpotlotteryonline.com\/wp-content\/uploads\/2022\/11\/2_ticket_euromillions3-1-111x300.jpg 111w, https:\/\/jackpotlotteryonline.com\/wp-content\/uploads\/2022\/11\/2_ticket_euromillions3-1.jpg 180w\" sizes=\"auto, (max-width: 111px) 100vw, 111px\" \/><\/p>\n<p>Doslovn\u00fd preklad slovn\u00e9ho spojenia 6 aus 49 je \u0161es\u0165 zo 49. Ak chcete hra\u0165 nemeck\u00e9 loto, mus\u00edte vybra\u0165 \u0161es\u0165 \u010d\u00edsel od 1 do 49 a bonusov\u00e9 \u010d\u00edslo od 0 do 9. Tento postup je rovnak\u00fd bez oh\u013eadu na to, \u010di hr\u00e1te offline alebo cez internet.<\/p>\n<p>Ke\u010f si zak\u00fapite vstup do nemeckej lot\u00e9rie na na\u0161ej str\u00e1nke, m\u00f4\u017eete si vybra\u0165 6 \u010d\u00edsel zo 49. M\u00f4\u017eete si vybra\u0165 viac ako jeden rad \u010d\u00edsel, preto\u017ee ka\u017ed\u00e9 z nich sa po\u010d\u00edta za vstup, \u010do v\u00e1m d\u00e1va vy\u0161\u0161ie \u0161ance. \u010ealej si m\u00f4\u017eete vybra\u0165, \u010di chcete vst\u00fapi\u0165 do jedn\u00e9ho alebo viacer\u00fdch \u017erebovan\u00ed.<\/p>\n<p><a href=\"https:\/\/jackpotlotteryonline.com\/sk\/vyherne-cisla\/german-lotto\">Nemeck\u00e1 lot\u00e9ria m\u00e1 dve \u017erebovania t\u00fd\u017edenne<\/a> v stredu a v sobotu; m\u00f4\u017eete sa rozhodn\u00fa\u0165, \u010di sa prihl\u00e1site do jedn\u00e9ho alebo viacer\u00fdch \u017erebovan\u00ed. Ke\u010f ste sa rozhodli, \u010fal\u0161\u00edm krokom je zaplatenie n\u00e1kupu. V tomto okamihu v\u00e1s po\u017eiadame, aby ste sa u n\u00e1s zaregistrovali. Je to potrebn\u00e9 z nieko\u013ek\u00fdch d\u00f4vodov:<\/p>\n<ul>\n<li>Registr\u00e1ciou si m\u00f4\u017eete bezpe\u010dne uschova\u0165 svoje vstupn\u00e9 l\u00edstky, preto\u017ee ich budete potrebova\u0165 na uplatnenie pr\u00edpadn\u00fdch v\u00fdhier.<\/li>\n<li>m\u00f4\u017eete \u013eahko skontrolova\u0165 v\u00fdsledky \u017erebovania, hoci ak vyhr\u00e1te nejak\u00fa cenu, d\u00e1me v\u00e1m to vedie\u0165 prostredn\u00edctvom v\u00e1\u0161ho ovl\u00e1dacieho panela a e-mailom.<\/li>\n<li>Priamo na na\u0161ej platforme si tie\u017e m\u00f4\u017eete vyplati\u0165 v\u0161etky v\u00fdhry, ktor\u00e9 ste z\u00edskali<\/li>\n<\/ul>\n<h2>Ako vyhra\u0165 v lot\u00e9rii<\/h2>\n<p>Po\u010das \u017erebovania sa \u017erebuje \u0161es\u0165 \u010d\u00edsel od 1 do 49. Bonusov\u00e9 \u010d\u00edslo, ktor\u00e9 je zn\u00e1me ako Superzahl, sa \u017erebuje z in\u00e9ho stroja. Ak sa va\u0161e \u010d\u00edsla zhoduj\u00fa s vy\u017erebovan\u00fdmi \u010d\u00edslami, vyhr\u00e1vate jackpot.<\/p>\n<p>Je d\u00f4le\u017eit\u00e9 uvies\u0165, \u017ee jackpot nie je jedinou v\u00fdhrou, ktor\u00fa m\u00f4\u017eu hr\u00e1\u010di vyhra\u0165, ke\u010f hraj\u00fa nemeck\u00fa lot\u00e9riu. T\u00e1to eur\u00f3pska lot\u00e9ria m\u00e1 10 r\u00f4znych v\u00fdhern\u00fdch kateg\u00f3ri\u00ed a existuje aj v\u00fdhra len za zhodu dvoch \u010d\u00edsel a bonusov\u00e9ho \u010d\u00edsla.<\/p>\n<p>Ako sme u\u017e spomenuli, \u0161ance na v\u00fdhru v tejto lot\u00e9rii s\u00fa pomerne dobr\u00e9. \u0160anca na v\u00fdhru jackpotu je 1 ku 139 838 160 a celkov\u00e1 \u0161anca na v\u00fdhru ceny je 1 ku 31. Ak ste e\u0161te nikdy nehrali nemeck\u00fa lot\u00e9riu 6 aus 49, je vhodn\u00fd \u010das prem\u00fd\u0161\u013ea\u0165 o podan\u00ed st\u00e1vky. M\u00f4\u017eete tak urobi\u0165 zak\u00fapen\u00edm vstupenky do lot\u00e9rie na str\u00e1nke jackpotlotteryoneline.com.<\/p>\n<section class=\"layout\" style=\"border: solid 1px; width: 100%;\">\n<div class=\"img-div\" style=\"margin-top: 5px;\"><img decoding=\"async\" class=\"wp-image-17212 alignleft\" style=\"height: 45px; margin: 8px 8px 0px;\" src=\"http:\/\/jackpotlotteryonline.com\/wp-content\/uploads\/2022\/11\/read1.jpg\" alt=\"pre\u010d\u00edtajte si\" width=\"\" height=\"\" \/><\/div>\n<div style=\"padding-left: 5px;\">\n<div style=\"font-size: 1.1em;\">\n<p><strong>Ak\u00e9 auto by ste si k\u00fapili, keby ste vyhrali v lot\u00e9rii?<\/strong><\/p>\n<p style=\"font-size: 0.85em; margin-top: -1.5em;\">Vyhrajte v lot\u00e9rii a z\u00edskajte nov\u00e9 auto\u00a0\u00a0<a href=\"https:\/\/jackpotlotteryonline.com\/sk\/ake-auto-by-ste-si-kupili-keby-ste-vyhrali-v-loterii\"> \u010d\u00edtaj viac<\/a><\/p>\n<\/div>\n<\/div>\n<\/section>\n<h2>Ako zist\u00edm, \u017ee m\u00e1m skuto\u010dn\u00fd tiket?<\/h2>\n<p>Toto je ve\u013emi d\u00f4le\u017eit\u00e1 ot\u00e1zka, najm\u00e4 ke\u010f si kupujete tikety nemeckej lot\u00e9rie online. Je mo\u017en\u00e9, \u017ee si k\u00fapite to, o \u010dom sa domnievate, \u017ee je vstupenkou do lot\u00e9rie, a napriek tomu nebudete do lot\u00e9rie zaraden\u00ed.<\/p>\n<p>Loto m\u00e1 na ka\u017edom tikete vytla\u010den\u00e9 s\u00e9riov\u00e9 \u010d\u00edsla, ktor\u00e9 s\u00fa d\u00f4le\u017eit\u00e9 pri ur\u010dovan\u00ed, \u010di je tiket prav\u00fd. Na str\u00e1nke jackpotlotteryonline.com prev\u00e1dzkujeme pre na\u0161ich z\u00e1kazn\u00edkov slu\u017ebu concierge. M\u00e1me na mysli to, \u017ee ke\u010f si u n\u00e1s zak\u00fapite tikety online lot\u00e9rie, va\u0161e tikety bud\u00fa ma\u0165 s\u00e9riov\u00e9 \u010d\u00edsla, ktor\u00e9 poch\u00e1dzaj\u00fa z nemeckej lot\u00e9rie.<\/p>\n<p>In\u00fdmi slovami, s na\u0161ou slu\u017ebou z\u00edskate pr\u00edstup do lot\u00e9rie. Ak sa zhodujete s vy\u017erebovan\u00fdmi \u010d\u00edslami, vyhr\u00e1te jackpot.<\/p>\n<h2>Ako si m\u00f4\u017eem uplatni\u0165 n\u00e1rok na v\u00fdhru?<\/h2>\n<p><img loading=\"lazy\" decoding=\"async\" class=\"size-medium wp-image-27698 alignright\" src=\"http:\/\/jackpotlotteryonline.com\/wp-content\/uploads\/2022\/11\/1_lottery_results-300x150.jpg\" alt=\"Nemecko-lotterov\u00e9 lopti\u010dky\" width=\"300\" height=\"150\" srcset=\"https:\/\/jackpotlotteryonline.com\/wp-content\/uploads\/2022\/11\/1_lottery_results-300x150.jpg 300w, https:\/\/jackpotlotteryonline.com\/wp-content\/uploads\/2022\/11\/1_lottery_results.jpg 350w\" sizes=\"auto, (max-width: 300px) 100vw, 300px\" \/><\/p>\n<p>V\u00fdhodou hrania lot\u00e9rie s nami je, \u017ee sa nemus\u00edte stara\u0165 o uplatnenie n\u00e1roku na v\u00fdhru. Predov\u0161etk\u00fdm je v\u00e1\u0161 tiket v bezpe\u010d\u00ed na va\u0161om \u00fa\u010dte a nemus\u00edte sa b\u00e1\u0165, \u017ee ho strat\u00edte. Ke\u010f\u017ee tiket budete potrebova\u0165 na vyzdvihnutie v\u00fdhry, je to dobr\u00e1 vec. V roku 2021 sa jackpotov\u00e1 v\u00fdhra vo v\u00fd\u0161ke 11,3 mili\u00f3na eur vr\u00e1tila sp\u00e4\u0165 do fondu, preto\u017ee zostala 3 roky nevyzdvihnut\u00e1. Nechceme, aby sa to stalo aj v\u00e1m.<\/p>\n<p>Po druh\u00e9, ak nie\u010do vyhr\u00e1te, okam\u017eite v\u00e1m d\u00e1me vedie\u0165 a pri \u010fal\u0161om prihl\u00e1sen\u00ed do \u00fa\u010dtu tam na v\u00e1s bud\u00fa \u010daka\u0165 va\u0161e prostriedky. Sta\u010d\u00ed si prostriedky vybra\u0165 na svoj bankov\u00fd \u00fa\u010det a m\u00f4\u017eete si u\u017e\u00edva\u0165 v\u00fdhru.<\/p>\n<p>Vieme, \u017ee pri hran\u00ed lot\u00e9rie v\u00e1m z\u00e1le\u017e\u00ed na tom, aby ste sa dobre bavili. M\u00e1 to by\u0165 predsa z\u00e1bavn\u00e1 hra. Preto ne\u00fanavne pracujeme na tom, aby sme cel\u00fd proces skvalitnili tak, aby bol bezprobl\u00e9mov\u00fd a bezprobl\u00e9mov\u00fd a aby ste si mohli hru u\u017e\u00edva\u0165.<\/p>\n<h2>6 aus 49 \u00farovn\u00ed v\u00fdhier<\/h2>\n<p>Chcete vedie\u0165, \u010do m\u00f4\u017eete vyhra\u0165, ke\u010f hr\u00e1te nemeck\u00e9 loto? Tu s\u00fa uveden\u00e9 r\u00f4zne v\u00fdhern\u00e9 \u00farovne a percentu\u00e1lny podiel v\u00fdhern\u00e9ho fondu pridelen\u00fd ka\u017edej \u00farovni.<\/p>\n<p>Match 6 + Superzahl &#8211; 12,80 % (jackpot)<br \/>\nIba z\u00e1pas 6 &#8211; 10 %<br \/>\nZ\u00e1pas 5 + Superzahl &#8211; 5 %<br \/>\nIba z\u00e1pas 5 &#8211; 15 %<br \/>\nZ\u00e1pas 4 + Superzahl &#8211; 5%<br \/>\nLen z\u00e1pas 4 &#8211; 10 %<br \/>\nZ\u00e1pas 3 + Superzahl &#8211; 10%<br \/>\nLen z\u00e1pas 3 &#8211; 45 %<br \/>\nZ\u00e1pas 2 + Superzahl &#8211; 6 EUR<\/p>\n<p>V\u0161imnite si, \u017ee ostatn\u00e9 ceny sa ur\u010dia a\u017e po tom, ako sa z v\u00fdhern\u00e9ho fondu vyberie jackpot.<\/p>\n<h2>Ko\u013eko je jackpot?<\/h2>\n<p>V\u00fdhra v nemeckej lot\u00e9rii za\u010d\u00edna na 2 mili\u00f3noch eur a po ka\u017edom \u017erebovan\u00ed sa preklop\u00ed, ak nie je \u017eiadny v\u00ed\u0165az. Jackpot sa tak zvy\u0161uje, a\u017e k\u00fdm nedosiahne l\u00e1kav\u00fa sumu.<\/p>\n<p>Napr\u00edklad v okt\u00f3bri 2020 vyhral jeden majite\u013e tiketu jackpot vo v\u00fd\u0161ke 42 583 626 eur. T\u00e1to v\u00fdhra bola najv\u00e4\u010d\u0161\u00edm jackpotom v hist\u00f3rii nemeck\u00e9ho lota. V tesnom z\u00e1vese za \u0148ou bola hlavn\u00e1 v\u00fdhra vo v\u00fd\u0161ke 33 832 008 \u20ac, ktor\u00fa tie\u017e vyhral jeden hr\u00e1\u010d lot\u00e9rie.<\/p>\n<p>Nieko\u013eko \u010fal\u0161\u00edch majite\u013eov nemeck\u00fdch lot\u00e9riov\u00fdch tiketov z\u00edskalo jackpotov\u00e9 ceny v hodnote mili\u00f3nov eur. Nie je preto prekvapuj\u00face, \u017ee sa st\u00e1vkuj\u00faci na celom svete pon\u00e1h\u013eaj\u00fa do t\u00fd\u017edenn\u00fdch \u017erebovan\u00ed.<\/p>\n<h2>Zaregistrujte sa u n\u00e1s a hrajte lot\u00e9riu online<\/h2>\n<p>Na \u00fa\u010das\u0165 v nemeckej lot\u00e9rii nemus\u00edte \u017ei\u0165 v Nemecku. Ke\u010f sa u n\u00e1s zaregistrujete, z\u00edskate pr\u00edstup k najlep\u0161\u00edm medzin\u00e1rodn\u00fdm lot\u00e9ri\u00e1m. Otv\u00e1ra sa v\u00e1m tak naozaj svet mo\u017enost\u00ed. Upozor\u0148ujeme tie\u017e, \u017ee finan\u010dn\u00e9 prostriedky z lot\u00e9rie nepodliehaj\u00fa v Nemecku zdaneniu. Odpor\u00fa\u010dame v\u00e1m v\u0161ak, aby ste si overili da\u0148ov\u00e9 z\u00e1kony v mieste v\u00e1\u0161ho bydliska.<\/p>\n<p>Tak na \u010do e\u0161te \u010dak\u00e1te? Zaregistrujte sa u n\u00e1s a k\u00fapte si nemeck\u00e9 \u017ereby online a vrhnite sa do vzru\u0161uj\u00faceho sveta medzin\u00e1rodn\u00fdch lot\u00e9riov\u00fdch hier.<\/p>\n","protected":false},"excerpt":{"rendered":"<p>Hr\u00e1\u010dom, ktor\u00ed \u017eij\u00fa mimo Nemecka, sa m\u00f4\u017ee zda\u0165, \u017ee je trochu \u0165a\u017ek\u00e9 k\u00fapi\u0165 si tikety na nemeck\u00e9 loto, ale nemus\u00ed to tak by\u0165. Nemeck\u00e9 Lotto je zn\u00e1me aj pod n\u00e1zvom 6 aus 49 a je jednou z najdlh\u0161ie funguj\u00facich lot\u00e9ri\u00ed v Eur\u00f3pe. Bola zalo\u017een\u00e1 v roku 1955 a r\u00fdchlo sa stala ved\u00facou lot\u00e9riovou hrou v [&hellip;]<\/p>\n","protected":false},"author":1,"featured_media":0,"parent":35778,"menu_order":8,"comment_status":"closed","ping_status":"closed","template":"lotto-german-info.php","meta":{"_et_pb_use_builder":"","_et_pb_old_content":"","_et_gb_content_width":"","exclude_from_search":false,"footnotes":""},"class_list":["post-36695","page","type-page","status-publish","hentry"],"yoast_head":"<!-- This site is optimized with the Yoast SEO plugin v23.3 - https:\/\/yoast.com\/wordpress\/plugins\/seo\/ -->\n<title>K\u00fapte si tikety na nemeck\u00e9 Lotto mimo Nemecka | Nemecko Lotto online<\/title>\n<meta name=\"description\" content=\"L\u00edstky na Nemeck\u00e9 Lotto 6\/49 s\u00fa k dispoz\u00edcii tu, m\u00f4\u017eete si ich bezpe\u010dne k\u00fapi\u0165 online tu, z kraj\u00edn mimo Nemecka\" \/>\n<meta name=\"robots\" content=\"index, follow, max-snippet:-1, max-image-preview:large, max-video-preview:-1\" \/>\n<link rel=\"canonical\" href=\"https:\/\/jackpotlotteryonline.com\/buy-tickets\/lotto-germany\/\" \/>\n<meta property=\"og:locale\" content=\"sk_SK\" \/>\n<meta property=\"og:type\" content=\"article\" \/>\n<meta property=\"og:title\" content=\"K\u00fapte si tikety na nemeck\u00e9 Lotto mimo Nemecka | Nemecko Lotto online\" \/>\n<meta property=\"og:description\" content=\"L\u00edstky na Nemeck\u00e9 Lotto 6\/49 s\u00fa k dispoz\u00edcii tu, m\u00f4\u017eete si ich bezpe\u010dne k\u00fapi\u0165 online tu, z kraj\u00edn mimo Nemecka\" \/>\n<meta property=\"og:url\" content=\"https:\/\/jackpotlotteryonline.com\/buy-tickets\/lotto-germany\/\" \/>\n<meta property=\"og:site_name\" content=\"Lotto Online - Crack The International Lottery Jackpots\" \/>\n<meta property=\"article:modified_time\" content=\"2023-01-03T21:15:20+00:00\" \/>\n<meta property=\"og:image\" content=\"http:\/\/jackpotlotteryonline.com\/wp-content\/uploads\/2022\/11\/2_ticket_euromillions3-1-111x300.jpg\" \/>\n<meta name=\"twitter:card\" content=\"summary_large_image\" \/>\n<meta name=\"twitter:label1\" content=\"Predpokladan\u00fd \u010das \u010d\u00edtania\" \/>\n\t<meta name=\"twitter:data1\" content=\"5 min\u00fat\" \/>\n<!-- \/ Yoast SEO plugin. -->","yoast_head_json":{"title":"K\u00fapte si tikety na nemeck\u00e9 Lotto mimo Nemecka | Nemecko Lotto online","description":"L\u00edstky na Nemeck\u00e9 Lotto 6\/49 s\u00fa k dispoz\u00edcii tu, m\u00f4\u017eete si ich bezpe\u010dne k\u00fapi\u0165 online tu, z kraj\u00edn mimo Nemecka","robots":{"index":"index","follow":"follow","max-snippet":"max-snippet:-1","max-image-preview":"max-image-preview:large","max-video-preview":"max-video-preview:-1"},"canonical":"https:\/\/jackpotlotteryonline.com\/buy-tickets\/lotto-germany\/","og_locale":"sk_SK","og_type":"article","og_title":"K\u00fapte si tikety na nemeck\u00e9 Lotto mimo Nemecka | Nemecko Lotto online","og_description":"L\u00edstky na Nemeck\u00e9 Lotto 6\/49 s\u00fa k dispoz\u00edcii tu, m\u00f4\u017eete si ich bezpe\u010dne k\u00fapi\u0165 online tu, z kraj\u00edn mimo Nemecka","og_url":"https:\/\/jackpotlotteryonline.com\/buy-tickets\/lotto-germany\/","og_site_name":"Lotto Online - Crack The International Lottery Jackpots","article_modified_time":"2023-01-03T21:15:20+00:00","og_image":[{"url":"http:\/\/jackpotlotteryonline.com\/wp-content\/uploads\/2022\/11\/2_ticket_euromillions3-1-111x300.jpg"}],"twitter_card":"summary_large_image","twitter_misc":{"Predpokladan\u00fd \u010das \u010d\u00edtania":"5 min\u00fat"},"schema":{"@context":"https:\/\/schema.org","@graph":[{"@type":"WebPage","@id":"https:\/\/jackpotlotteryonline.com\/buy-tickets\/lotto-germany\/","url":"https:\/\/jackpotlotteryonline.com\/buy-tickets\/lotto-germany\/","name":"K\u00fapte si tikety na nemeck\u00e9 Lotto mimo Nemecka | Nemecko Lotto online","isPartOf":{"@id":"https:\/\/jackpotlotteryonline.com\/#website"},"primaryImageOfPage":{"@id":"https:\/\/jackpotlotteryonline.com\/buy-tickets\/lotto-germany\/#primaryimage"},"image":{"@id":"https:\/\/jackpotlotteryonline.com\/buy-tickets\/lotto-germany\/#primaryimage"},"thumbnailUrl":"http:\/\/jackpotlotteryonline.com\/wp-content\/uploads\/2022\/11\/2_ticket_euromillions3-1-111x300.jpg","datePublished":"2022-11-08T10:30:07+00:00","dateModified":"2023-01-03T21:15:20+00:00","description":"L\u00edstky na Nemeck\u00e9 Lotto 6\/49 s\u00fa k dispoz\u00edcii tu, m\u00f4\u017eete si ich bezpe\u010dne k\u00fapi\u0165 online tu, z kraj\u00edn mimo Nemecka","breadcrumb":{"@id":"https:\/\/jackpotlotteryonline.com\/buy-tickets\/lotto-germany\/#breadcrumb"},"inLanguage":"sk-SK","potentialAction":[{"@type":"ReadAction","target":["https:\/\/jackpotlotteryonline.com\/buy-tickets\/lotto-germany\/"]}]},{"@type":"ImageObject","inLanguage":"sk-SK","@id":"https:\/\/jackpotlotteryonline.com\/buy-tickets\/lotto-germany\/#primaryimage","url":"http:\/\/jackpotlotteryonline.com\/wp-content\/uploads\/2022\/11\/2_ticket_euromillions3-1-111x300.jpg","contentUrl":"http:\/\/jackpotlotteryonline.com\/wp-content\/uploads\/2022\/11\/2_ticket_euromillions3-1-111x300.jpg"},{"@type":"BreadcrumbList","@id":"https:\/\/jackpotlotteryonline.com\/buy-tickets\/lotto-germany\/#breadcrumb","itemListElement":[{"@type":"ListItem","position":1,"name":"Home","item":"https:\/\/jackpotlotteryonline.com\/sk\/"},{"@type":"ListItem","position":2,"name":"Ako si k\u00fapi\u0165 vstupenky do lot\u00e9rie online","item":"https:\/\/jackpotlotteryonline.com\/buy-tickets\/"},{"@type":"ListItem","position":3,"name":"K\u00fapi\u0165 vstupenky na Lotto Nemecko"}]},{"@type":"WebSite","@id":"https:\/\/jackpotlotteryonline.com\/#website","url":"https:\/\/jackpotlotteryonline.com\/","name":"Lotto Online - Crack The International Lottery Jackpots","description":"","potentialAction":[{"@type":"SearchAction","target":{"@type":"EntryPoint","urlTemplate":"https:\/\/jackpotlotteryonline.com\/?s={search_term_string}"},"query-input":"required name=search_term_string"}],"inLanguage":"sk-SK"}]}},"_links":{"self":[{"href":"https:\/\/jackpotlotteryonline.com\/sk\/wp-json\/wp\/v2\/pages\/36695","targetHints":{"allow":["GET"]}}],"collection":[{"href":"https:\/\/jackpotlotteryonline.com\/sk\/wp-json\/wp\/v2\/pages"}],"about":[{"href":"https:\/\/jackpotlotteryonline.com\/sk\/wp-json\/wp\/v2\/types\/page"}],"author":[{"embeddable":true,"href":"https:\/\/jackpotlotteryonline.com\/sk\/wp-json\/wp\/v2\/users\/1"}],"replies":[{"embeddable":true,"href":"https:\/\/jackpotlotteryonline.com\/sk\/wp-json\/wp\/v2\/comments?post=36695"}],"version-history":[{"count":0,"href":"https:\/\/jackpotlotteryonline.com\/sk\/wp-json\/wp\/v2\/pages\/36695\/revisions"}],"up":[{"embeddable":true,"href":"https:\/\/jackpotlotteryonline.com\/sk\/wp-json\/wp\/v2\/pages\/35778"}],"wp:attachment":[{"href":"https:\/\/jackpotlotteryonline.com\/sk\/wp-json\/wp\/v2\/media?parent=36695"}],"curies":[{"name":"wp","href":"https:\/\/api.w.org\/{rel}","templated":true}]}}