{"id":36750,"date":"2022-11-08T12:57:10","date_gmt":"2022-11-08T12:57:10","guid":{"rendered":"https:\/\/jackpotlotteryonline.com\/?page_id=36750"},"modified":"2022-12-21T15:34:28","modified_gmt":"2022-12-21T15:34:28","slug":"la-primitiva","status":"publish","type":"page","link":"https:\/\/jackpotlotteryonline.com\/sk\/kupit-vstupenky\/la-primitiva\/","title":{"rendered":"K\u00fapi\u0165 vstupenky La Primitiva"},"content":{"rendered":"<h2>La Primitiva online<\/h2>\n<p>\u0160panielske lot\u00e9rie v\u017edy p\u00fatali predstavivos\u0165 mnoh\u00fdch a La Primitiva nie je v\u00fdnimkou. A teraz si <strong>m\u00f4\u017eete k\u00fapi\u0165 tiket La Primitiva online aj mimo \u0160panielska<\/strong>. Predt\u00fdm bola La Primitiva obmedzen\u00e1 len na \u0161panielskych ob\u010danov, av\u0161ak s roz\u0161\u00edren\u00edm komunik\u00e1cie pre\u0161la na \u010fal\u0161iu gener\u00e1ciu a je pon\u00fakan\u00e1 v\u0161etk\u00fdm star\u0161\u00edm ako 18 rokov.<\/p>\n<p>Prostredn\u00edctvom na\u0161ej webovej str\u00e1nky je teraz mo\u017en\u00e9 hra\u0165 Lotto La Primitiva online. Je to jedna z hlavn\u00fdch eur\u00f3pskych lot\u00e9ri\u00ed a prin\u00e1\u0161a obrovsk\u00e9 v\u00fdhry.<\/p>\n<p>Ak si chcete k\u00fapi\u0165 tiket do lot\u00e9rie La Primitiva online a \u017eijete mimo \u0160panielska, jedinou mo\u017enos\u0165ou, ktor\u00fa m\u00e1te, je k\u00fapi\u0165 si ho u n\u00e1s. V\u010faka mnoh\u00fdm klientom z cel\u00e9ho sveta v\u00e1m poskytujeme tie najlep\u0161ie slu\u017eby, ktor\u00e9 zah\u0155\u0148aj\u00fa n\u00e1kup tiketu La Primitiva vo va\u0161om mene, pomoc s v\u00fdberom \u010d\u00edsel a zabezpe\u010denie bezpe\u010dn\u00e9ho doru\u010denia v\u00fdhry.<\/p>\n<section class=\"layout\" style=\"border: solid 1px; width: 100%;\">\n<div class=\"img-div\" style=\"margin-top: 5px;\"><img decoding=\"async\" class=\"wp-image-17212 alignleft\" style=\"height: 45px; margin: 8px 8px 0px;\" src=\"https:\/\/jackpotlotteryonline.com\/wp-content\/uploads\/2022\/11\/read1.jpg\" alt=\"pre\u010d\u00edtajte si\" width=\"\" height=\"\" \/><\/div>\n<div style=\"padding-left: 5px;\">\n<div style=\"font-size: 1.1em;\">\n<p><strong>Ak\u00e9 je tajomstvo \u00faspechu v lot\u00e9rii?<\/strong><\/p>\n<p style=\"font-size: 0.85em; margin-top: -1.5em;\">Ako \u00faspe\u0161ne hra\u0165 lot\u00e9riu <a href=\"https:\/\/jackpotlotteryonline.com\/sk\/ake-je-tajomstvo-loterie-uspechu\">\u00a0 pre\u010d\u00edtajte si<\/a><\/p>\n<\/div>\n<\/div>\n<\/section>\n<h2>Pre\u010do hra\u0165 La Primitiva online<\/h2>\n<p><a href=\"https:\/\/jackpotlotteryonline.com\/sk\/vyherne-cisla\/la-primitiva\">La Primitiva Online sa \u017erebuje<\/a> trikr\u00e1t t\u00fd\u017edenne. To d\u00e1va \u010das na r\u00fdchle zvy\u0161ovanie jackpotov. Z\u00e1rove\u0148 s\u00fa \u0161ance na v\u00fdhru celkom dobr\u00e9, a to aj v pr\u00edpade najvy\u0161\u0161\u00edch v\u00fdhern\u00fdch \u00farovn\u00ed. Ka\u017ed\u00fd fan\u00fa\u0161ik lota, ktor\u00fd sa z\u00fa\u010dast\u0148uje na La Primitiva Online, m\u00e1 \u0161ancu na v\u00fdhru pe\u0148a\u017enej ceny v pomere 1 ku 6.<\/p>\n<h2>La Primitiva vs El Gordo vs \u0160panielska viano\u010dn\u00e1 lot\u00e9ria<\/h2>\n<p>La Primitiva je z\u010faleka jednou z najv\u00e4\u010d\u0161\u00edch lot\u00e9ri\u00ed, \u010do sa t\u00fdka pon\u00fakan\u00fdch odmien, a patr\u00ed k najvyh\u013ead\u00e1vanej\u0161\u00edm spomedzi mnoh\u00fdch jackpotov lotto, ktor\u00e9 m\u00f4\u017eete<a href=\"https:\/\/jackpotlotteryonline.com\/sk\/ako-hrat\/la-primitiva-2\"> hra\u0165 na na\u0161ej str\u00e1nke<\/a>. Nie je d\u00f4vod str\u00e1ca\u0165 n\u00e1dej alebo pr\u00edle\u017eitos\u0165, aj ke\u010f ne\u017eijete v \u0160panielsku. Ak m\u00e1te viac ako 18 rokov, m\u00f4\u017eete hra\u0165 odkia\u013eko\u013evek na svete.<\/p>\n<p>El Gordo je \u00faplne in\u00e1 lot\u00e9ria, ale aj t\u00fa si m\u00f4\u017eete zahra\u0165 na na\u0161ej str\u00e1nke. El Gordo sa \u017erebuje len raz t\u00fd\u017edenne, v nede\u013eu.<\/p>\n<p>Okrem pravideln\u00fdch t\u00fd\u017edenn\u00fdch \u017erebovan\u00ed La Primitiva a El Gordo existuje aj viano\u010dn\u00e9 vydanie El Gordo, ktor\u00e9 sa \u017erebuje len raz ro\u010dne, a to 22. decembra.<\/p>\n","protected":false},"excerpt":{"rendered":"<p>La Primitiva online \u0160panielske lot\u00e9rie v\u017edy p\u00fatali predstavivos\u0165 mnoh\u00fdch a La Primitiva nie je v\u00fdnimkou. A teraz si m\u00f4\u017eete k\u00fapi\u0165 tiket La Primitiva online aj mimo \u0160panielska. Predt\u00fdm bola La Primitiva obmedzen\u00e1 len na \u0161panielskych ob\u010danov, av\u0161ak s roz\u0161\u00edren\u00edm komunik\u00e1cie pre\u0161la na \u010fal\u0161iu gener\u00e1ciu a je pon\u00fakan\u00e1 v\u0161etk\u00fdm star\u0161\u00edm ako 18 rokov. Prostredn\u00edctvom na\u0161ej webovej [&hellip;]<\/p>\n","protected":false},"author":1,"featured_media":0,"parent":35778,"menu_order":7,"comment_status":"closed","ping_status":"closed","template":"la-primitiva-info.php","meta":{"_et_pb_use_builder":"","_et_pb_old_content":"","_et_gb_content_width":"","exclude_from_search":false,"footnotes":""},"class_list":["post-36750","page","type-page","status-publish","hentry"],"yoast_head":"<!-- This site is optimized with the Yoast SEO plugin v23.3 - https:\/\/yoast.com\/wordpress\/plugins\/seo\/ -->\n<title>K\u00fapi\u0165 si tiket na lot\u00e9riu La Primitiva Lotto online aj mimo \u0160panielska<\/title>\n<meta name=\"description\" content=\"K\u00fapte si tikety pre La Primitiva Lotto aj mimo \u0160panielska, dr\u017ete palce, \u010dakajte a vyhrajte!\" \/>\n<meta name=\"robots\" content=\"index, follow, max-snippet:-1, max-image-preview:large, max-video-preview:-1\" \/>\n<link rel=\"canonical\" href=\"https:\/\/jackpotlotteryonline.com\/buy-tickets\/la-primitiva\/\" \/>\n<meta property=\"og:locale\" content=\"sk_SK\" \/>\n<meta property=\"og:type\" content=\"article\" \/>\n<meta property=\"og:title\" content=\"K\u00fapi\u0165 si tiket na lot\u00e9riu La Primitiva Lotto online aj mimo \u0160panielska\" \/>\n<meta property=\"og:description\" content=\"K\u00fapte si tikety pre La Primitiva Lotto aj mimo \u0160panielska, dr\u017ete palce, \u010dakajte a vyhrajte!\" \/>\n<meta property=\"og:url\" content=\"https:\/\/jackpotlotteryonline.com\/buy-tickets\/la-primitiva\/\" \/>\n<meta property=\"og:site_name\" content=\"Lotto Online - Crack The International Lottery Jackpots\" \/>\n<meta property=\"article:modified_time\" content=\"2022-12-21T15:34:28+00:00\" \/>\n<meta property=\"og:image\" content=\"https:\/\/jackpotlotteryonline.com\/wp-content\/uploads\/2022\/11\/read1.jpg\" \/>\n<meta name=\"twitter:card\" content=\"summary_large_image\" \/>\n<meta name=\"twitter:label1\" content=\"Predpokladan\u00fd \u010das \u010d\u00edtania\" \/>\n\t<meta name=\"twitter:data1\" content=\"2 min\u00faty\" \/>\n<!-- \/ Yoast SEO plugin. -->","yoast_head_json":{"title":"K\u00fapi\u0165 si tiket na lot\u00e9riu La Primitiva Lotto online aj mimo \u0160panielska","description":"K\u00fapte si tikety pre La Primitiva Lotto aj mimo \u0160panielska, dr\u017ete palce, \u010dakajte a vyhrajte!","robots":{"index":"index","follow":"follow","max-snippet":"max-snippet:-1","max-image-preview":"max-image-preview:large","max-video-preview":"max-video-preview:-1"},"canonical":"https:\/\/jackpotlotteryonline.com\/buy-tickets\/la-primitiva\/","og_locale":"sk_SK","og_type":"article","og_title":"K\u00fapi\u0165 si tiket na lot\u00e9riu La Primitiva Lotto online aj mimo \u0160panielska","og_description":"K\u00fapte si tikety pre La Primitiva Lotto aj mimo \u0160panielska, dr\u017ete palce, \u010dakajte a vyhrajte!","og_url":"https:\/\/jackpotlotteryonline.com\/buy-tickets\/la-primitiva\/","og_site_name":"Lotto Online - Crack The International Lottery Jackpots","article_modified_time":"2022-12-21T15:34:28+00:00","og_image":[{"url":"https:\/\/jackpotlotteryonline.com\/wp-content\/uploads\/2022\/11\/read1.jpg"}],"twitter_card":"summary_large_image","twitter_misc":{"Predpokladan\u00fd \u010das \u010d\u00edtania":"2 min\u00faty"},"schema":{"@context":"https:\/\/schema.org","@graph":[{"@type":"WebPage","@id":"https:\/\/jackpotlotteryonline.com\/buy-tickets\/la-primitiva\/","url":"https:\/\/jackpotlotteryonline.com\/buy-tickets\/la-primitiva\/","name":"K\u00fapi\u0165 si tiket na lot\u00e9riu La Primitiva Lotto online aj mimo \u0160panielska","isPartOf":{"@id":"https:\/\/jackpotlotteryonline.com\/#website"},"primaryImageOfPage":{"@id":"https:\/\/jackpotlotteryonline.com\/buy-tickets\/la-primitiva\/#primaryimage"},"image":{"@id":"https:\/\/jackpotlotteryonline.com\/buy-tickets\/la-primitiva\/#primaryimage"},"thumbnailUrl":"https:\/\/jackpotlotteryonline.com\/wp-content\/uploads\/2022\/11\/read1.jpg","datePublished":"2022-11-08T12:57:10+00:00","dateModified":"2022-12-21T15:34:28+00:00","description":"K\u00fapte si tikety pre La Primitiva Lotto aj mimo \u0160panielska, dr\u017ete palce, \u010dakajte a vyhrajte!","breadcrumb":{"@id":"https:\/\/jackpotlotteryonline.com\/buy-tickets\/la-primitiva\/#breadcrumb"},"inLanguage":"sk-SK","potentialAction":[{"@type":"ReadAction","target":["https:\/\/jackpotlotteryonline.com\/buy-tickets\/la-primitiva\/"]}]},{"@type":"ImageObject","inLanguage":"sk-SK","@id":"https:\/\/jackpotlotteryonline.com\/buy-tickets\/la-primitiva\/#primaryimage","url":"https:\/\/jackpotlotteryonline.com\/wp-content\/uploads\/2022\/11\/read1.jpg","contentUrl":"https:\/\/jackpotlotteryonline.com\/wp-content\/uploads\/2022\/11\/read1.jpg"},{"@type":"BreadcrumbList","@id":"https:\/\/jackpotlotteryonline.com\/buy-tickets\/la-primitiva\/#breadcrumb","itemListElement":[{"@type":"ListItem","position":1,"name":"Home","item":"https:\/\/jackpotlotteryonline.com\/sk\/"},{"@type":"ListItem","position":2,"name":"Ako si k\u00fapi\u0165 vstupenky do lot\u00e9rie online","item":"https:\/\/jackpotlotteryonline.com\/buy-tickets\/"},{"@type":"ListItem","position":3,"name":"K\u00fapi\u0165 vstupenky La Primitiva"}]},{"@type":"WebSite","@id":"https:\/\/jackpotlotteryonline.com\/#website","url":"https:\/\/jackpotlotteryonline.com\/","name":"Lotto Online - Crack The International Lottery Jackpots","description":"","potentialAction":[{"@type":"SearchAction","target":{"@type":"EntryPoint","urlTemplate":"https:\/\/jackpotlotteryonline.com\/?s={search_term_string}"},"query-input":"required name=search_term_string"}],"inLanguage":"sk-SK"}]}},"_links":{"self":[{"href":"https:\/\/jackpotlotteryonline.com\/sk\/wp-json\/wp\/v2\/pages\/36750","targetHints":{"allow":["GET"]}}],"collection":[{"href":"https:\/\/jackpotlotteryonline.com\/sk\/wp-json\/wp\/v2\/pages"}],"about":[{"href":"https:\/\/jackpotlotteryonline.com\/sk\/wp-json\/wp\/v2\/types\/page"}],"author":[{"embeddable":true,"href":"https:\/\/jackpotlotteryonline.com\/sk\/wp-json\/wp\/v2\/users\/1"}],"replies":[{"embeddable":true,"href":"https:\/\/jackpotlotteryonline.com\/sk\/wp-json\/wp\/v2\/comments?post=36750"}],"version-history":[{"count":0,"href":"https:\/\/jackpotlotteryonline.com\/sk\/wp-json\/wp\/v2\/pages\/36750\/revisions"}],"up":[{"embeddable":true,"href":"https:\/\/jackpotlotteryonline.com\/sk\/wp-json\/wp\/v2\/pages\/35778"}],"wp:attachment":[{"href":"https:\/\/jackpotlotteryonline.com\/sk\/wp-json\/wp\/v2\/media?parent=36750"}],"curies":[{"name":"wp","href":"https:\/\/api.w.org\/{rel}","templated":true}]}}