{"id":36804,"date":"2022-11-09T07:22:05","date_gmt":"2022-11-09T07:22:05","guid":{"rendered":"https:\/\/jackpotlotteryonline.com\/?page_id=36804"},"modified":"2023-01-03T21:43:27","modified_gmt":"2023-01-03T21:43:27","slug":"lotto-france","status":"publish","type":"page","link":"https:\/\/jackpotlotteryonline.com\/sk\/kupit-vstupenky\/lotto-france\/","title":{"rendered":"K\u00fapi\u0165 Lotto Franc\u00fazsko vstupenky"},"content":{"rendered":"<p>M\u00f4\u017eete si k\u00fapi\u0165 l\u00edstky na franc\u00fazske Lotto z kraj\u00edn mimo Eur\u00f3py? Mo\u017eno ste sk\u00fasen\u00fd tip\u00e9r alebo nov\u00e1\u010dik a prem\u00fd\u0161\u013eate, pre\u010do by v\u00e1s mala zauj\u00edma\u0165 pr\u00e1ve t\u00e1to lot\u00e9ria. Podel\u00edme sa s vami o nieko\u013eko d\u00f4vodov, pre\u010do si mysl\u00edme, \u017ee franc\u00fazska n\u00e1rodn\u00e1 lot\u00e9ria je skvel\u00e1 hra. Ak ste hr\u00e1\u010dom z inej \u010dasti sveta, dozviete sa, ako si zak\u00fapi\u0165 vstupy aj do tejto lot\u00e9rie.<\/p>\n<p>Lot\u00e9ria je hazardn\u00e1 hra a niekedy mo\u017eno budete musie\u0165 roztiahnu\u0165 siete, aby ste ulovili v\u00e4\u010d\u0161ie ryby. V podstate to znamen\u00e1 presk\u00fama\u0165 in\u00e9 lot\u00e9rie, aby ste zv\u00fd\u0161ili svoje \u0161ance na v\u00fdhru. Franc\u00fazsku lot\u00e9riu je dobr\u00e9 vysk\u00fa\u0161a\u0165 z mnoh\u00fdch d\u00f4vodov a t\u00fdch sa dotkneme v tomto \u010dl\u00e1nku.<\/p>\n<h2>\u00da\u017easn\u00e9 jackpoty<\/h2>\n<p>Franc\u00fazske loto, naz\u00fdvan\u00e9 aj France Lotto alebo skr\u00e1tene len Loto, m\u00e1 ve\u013emi atrakt\u00edvne jackpoty, ktor\u00e9 pri\u0165ahuj\u00fa hr\u00e1\u010dov z cel\u00e9ho sveta. Jackpot so \u0161tartovacou sumou 2 mili\u00f3ny eur m\u00e1 potenci\u00e1l r\u00e1s\u0165 ove\u013ea viac, ak sa ho nepodar\u00ed vyhra\u0165 po ka\u017edom \u017erebovan\u00ed.<\/p>\n<p>Jackpot franc\u00fazskej lot\u00e9rie sa v pr\u00edpade, \u017ee nie je v\u00fdherca, preklop\u00ed a neust\u00e1le sa zvy\u0161uje, a\u017e k\u00fdm nedosiahne zna\u010dn\u00fa sumu. Ke\u010f hr\u00e1te t\u00fato eur\u00f3psku lot\u00e9riu, m\u00f4\u017eete sa sta\u0165 v\u00fdhercom jackpotu vo v\u00fd\u0161ke 11 mili\u00f3nov \u20ac alebo viac.<\/p>\n<p>Pre porovnanie, jackpot sa po ka\u017edom \u017erebovan\u00ed zvy\u0161uje o 1 mili\u00f3n \u20ac a m\u00f4\u017ee sa zv\u00fd\u0161i\u0165 34-kr\u00e1t po sebe, k\u00fdm sa prestane prev\u00edja\u0165. Sk\u00faste si predstavi\u0165, ko\u013eko to v\u0161etko m\u00f4\u017ee dosiahnu\u0165, a to pomerne r\u00fdchlo.<\/p>\n<h2>Nieko\u013eko \u017erebovan\u00ed t\u00fd\u017edenne<\/h2>\n<p>D\u00f4vodom, pre\u010do jackpotov\u00e1 v\u00fdhra rastie tak r\u00fdchlo, je po\u010det jej \u017erebovan\u00ed.<a href=\"https:\/\/jackpotlotteryonline.com\/sk\/vyherne-cisla\/france-lotto-2\"> Franc\u00fazska lot\u00e9ria m\u00e1 tri \u017erebovania za t\u00fd\u017ede\u0148<\/a>, \u010do d\u00e1va hr\u00e1\u010dom nieko\u013eko \u0161anc\u00ed na ve\u013ek\u00fa v\u00fdhru. \u017drebovania sa konaj\u00fa v pondelok, stredu a sobotu.<\/p>\n<p>Ak sa rozhodnete zapoji\u0165 do tejto lot\u00e9rie, odpor\u00fa\u010dame zapoji\u0165 sa do viacer\u00fdch \u017erebovan\u00ed, preto\u017ee je to skvel\u00fd sp\u00f4sob, ako zv\u00fd\u0161i\u0165 svoje \u0161ance na v\u00fdhru.<\/p>\n<h2>10 r\u00f4znych v\u00fdhern\u00fdch kateg\u00f3ri\u00ed<\/h2>\n<p><img loading=\"lazy\" decoding=\"async\" class=\"alignright size-full wp-image-30344\" src=\"http:\/\/jackpotlotteryonline.com\/wp-content\/uploads\/2022\/11\/1_winning_numbers_euromillions.jpg\" alt=\"Kateg\u00f3ria cien lot\u00e9rie Franc\u00fazsko\" width=\"300\" height=\"300\" srcset=\"https:\/\/jackpotlotteryonline.com\/wp-content\/uploads\/2022\/11\/1_winning_numbers_euromillions.jpg 300w, https:\/\/jackpotlotteryonline.com\/wp-content\/uploads\/2022\/11\/1_winning_numbers_euromillions-100x100.jpg 100w, https:\/\/jackpotlotteryonline.com\/wp-content\/uploads\/2022\/11\/1_winning_numbers_euromillions-150x150.jpg 150w\" sizes=\"auto, (max-width: 300px) 100vw, 300px\" \/><\/p>\n<p>Hlavn\u00e1 v\u00fdhra je atrakt\u00edvna, ale nie je to jedin\u00e1 vec, ktor\u00fa m\u00f4\u017eete vyhra\u0165, ke\u010f <a href=\"https:\/\/jackpotlotteryonline.com\/sk\/ako-hrat\/france-lotto\">hr\u00e1te franc\u00fazske loto<\/a>. T\u00e1to lot\u00e9ria, ktor\u00e1 vznikla v roku 1978, m\u00e1 desa\u0165 r\u00f4znych v\u00fdhern\u00fdch kateg\u00f3ri\u00ed. Existuje dokonca aj cena za zhodu n\u00e1hodn\u00e9ho \u010d\u00edsla.<\/p>\n<p>V\u00fdhern\u00e9 kateg\u00f3rie s\u00fa uveden\u00e9 ni\u017e\u0161ie.<\/p>\n<p>Zodpoved\u00e1 5 \u010d\u00edslam + n\u00e1hodn\u00e9 \u010d\u00edslo &#8211; jackpot<br \/>\nIba 5 zhodn\u00fdch \u010d\u00edsel &#8211; 8,44 % z v\u00fdhern\u00e9ho fondu<br \/>\nUhodnutie 4 \u010d\u00edsel + n\u00e1hodn\u00e9 \u010d\u00edslo &#8211; 2,06 % z v\u00fdhern\u00e9ho fondu<br \/>\nIba zhodn\u00e9 4 \u010d\u00edsla &#8211; 7,43 % z v\u00fdhern\u00e9ho fondu<br \/>\nZodpovedaj\u00face 3 \u010d\u00edsla + \u010d\u00edslo \u0160ance &#8211; 4,44 % z v\u00fdhern\u00e9ho fondu<br \/>\niba 3 \u010d\u00edsla &#8211; 15,98 % z v\u00fdhern\u00e9ho fondu<br \/>\nZhoda 2 \u010d\u00edsel + \u010d\u00edslo \u0160ance &#8211; 12,43 % z v\u00fdhern\u00e9ho fondu<br \/>\nLen 2 \u010d\u00edsla &#8211; 49,22 % v\u00fdhern\u00e9ho fondu<br \/>\nZodpovedaj\u00face \u010d\u00edslo 1 + \u010d\u00edslo \u0160ance &#8211; 2,20 \u20ac<br \/>\nLen \u010d\u00edslo \u0160ance &#8211; 2,20 \u20ac<\/p>\n<h2>Jednoduch\u00e9 hranie offline aj online<\/h2>\n<p>\u010eal\u0161\u00edm d\u00f4vodom, pre\u010do zv\u00e1\u017ei\u0165 hranie franc\u00fazskej lot\u00e9rie, je pomerne jednoduch\u00fd vstup do lot\u00e9rie. Ak \u017eijete vo Franc\u00fazsku, vstup do lot\u00e9rie je tak\u00fd jednoduch\u00fd ako n\u00e1v\u0161teva registrovan\u00e9ho predajcu lot\u00e9rie a zak\u00fapenie tiketu. Na tikete si vyberiete 5 hlavn\u00fdch \u010d\u00edsel a \u010d\u00edslo n\u00e1hody. M\u00f4\u017eete si vybra\u0165 viac ako jeden rad \u010d\u00edsel, aby ste zv\u00fd\u0161ili svoje \u0161ance na v\u00fdhru v lot\u00e9rii.<\/p>\n<p>Ak v\u0161ak \u017eijete mimo Franc\u00fazska, \u00fa\u010das\u0165 v lot\u00e9rii nie je tak\u00e1 jednoduch\u00e1. Nem\u00f4\u017eete vojs\u0165 do obchodu, aby ste si k\u00fapili \u017ereby tejto lot\u00e9rie, tak\u017ee mo\u017enos\u0165ou je k\u00fapi\u0165 si \u017ereby online. Ak sa do lot\u00e9rie prihlasujete cez internet, plat\u00ed rovnak\u00fd princ\u00edp. To znamen\u00e1, \u017ee si vyberiete 5 hlavn\u00fdch \u010d\u00edsel a \u010d\u00edslo n\u00e1hody.<\/p>\n<p>Bez oh\u013eadu na to, \u010di lot\u00e9riu hr\u00e1te offline alebo online, mus\u00edte si vybra\u0165 po\u010det \u017erebovan\u00ed, do ktor\u00fdch sa chcete zapoji\u0165. Na konci \u017erebovania vyhr\u00e1va ten tiket, ktor\u00fd sa zhoduje s vy\u017erebovan\u00fdmi \u010d\u00edslami.<\/p>\n<section class=\"layout\" style=\"border: solid 1px; width: 100%;\">\n<div class=\"img-div\" style=\"margin-top: 5px;\"><img decoding=\"async\" class=\"wp-image-17212 alignleft\" style=\"height: 45px; margin: 8px 8px 0px;\" src=\"http:\/\/jackpotlotteryonline.com\/wp-content\/uploads\/2022\/11\/read1.jpg\" alt=\"pre\u010d\u00edtajte si\" width=\"\" height=\"\" \/><\/div>\n<div style=\"padding-left: 5px;\">\n<div style=\"font-size: 1.1em;\">\n<p><strong>Sledujte \u017erebovanie \u010d\u00edsel lot\u00e9rie v priamom prenose<\/strong><\/p>\n<p style=\"font-size: 0.85em; margin-top: -1.5em;\">Ako sledova\u0165 \u017eiv\u00e9 \u017erebovania ob\u013e\u00faben\u00fdch lot\u00e9ri\u00ed\u00a0 <a href=\"https:\/\/jackpotlotteryonline.com\/sk\/sledujte-ako-sa-losuju-cisla-v-loterii-nazivo\"> pre\u010d\u00edtajte si viac<\/a><\/p>\n<\/div>\n<\/div>\n<\/section>\n<h2>Zahrajte si franc\u00fazske Lotto s jackpotlotteryonline.com<\/h2>\n<p>Ak ste v hran\u00ed lot\u00e9rie cez internet nov\u00e1\u010dikom, veci sa m\u00f4\u017eu ve\u013emi r\u00fdchlo zamota\u0165. Ako sa zorientova\u0165 na v\u0161etk\u00fdch r\u00f4znych str\u00e1nkach, ktor\u00e9 tvrdia, \u017ee pred\u00e1vaj\u00fa \u017ereby lot\u00e9rie autentick\u00fdm predajcom? Je to jednoduch\u00e9. Vyh\u013eadajte str\u00e1nku, ktor\u00e1 pon\u00faka slu\u017eby concierge.<\/p>\n<p>Na str\u00e1nke jackpotlotteryoneline.com pon\u00fakame na\u0161im z\u00e1kazn\u00edkom slu\u017eby concierge, aby sme im zabezpe\u010dili pr\u00edstup k lot\u00e9ri\u00e1m pod\u013ea ich v\u00fdberu. Ke\u010f si zak\u00fapite vstup na na\u0161ej str\u00e1nke, na\u0161i agenti vo Franc\u00fazsku zak\u00fapia fyzick\u00e9 tikety s vami vybran\u00fdm \u010d\u00edslom.<\/p>\n<p>D\u00f4vodom je zabezpe\u010di\u0165, aby ste si nevsadili len na v\u00fdsledok lot\u00e9rie, ale aby ste sa skuto\u010dne zapojili do \u017erebovania a mali \u0161ancu vyhra\u0165 jackpot.<\/p>\n<h2>Tipy na zv\u00fd\u0161enie \u0161anc\u00ed na v\u00fdhru<\/h2>\n<p><img loading=\"lazy\" decoding=\"async\" class=\"alignright size-full wp-image-35051\" src=\"http:\/\/jackpotlotteryonline.com\/wp-content\/uploads\/2022\/11\/2_ticket_saturday_lotto_au-1-166x300-1.jpg\" alt=\"L\u00edstok do lot\u00e9rie Franc\u00fazsko\" width=\"166\" height=\"300\" \/><\/p>\n<p>Lot\u00e9ria je hra s \u010d\u00edslami. \u010c\u00edm viac hr\u00e1te, t\u00fdm vy\u0161\u0161ie s\u00fa va\u0161e \u0161ance na v\u00fdhru. Ve\u013ek\u00e9 percento v\u00fdhercov lot\u00e9rie prezradilo, \u017ee pred v\u00fdhrou hrali nieko\u013eko rokov. Tu je teda nieko\u013eko sp\u00f4sobov, ako m\u00f4\u017eete zv\u00fd\u0161i\u0165 svoje \u0161ance na v\u00fdhru v lot\u00e9rii.<\/p>\n<ul>\n<li>Zak\u00fapte si nieko\u013eko vstupov do lot\u00e9rie. Zd\u00e1 sa to tak\u00e9 samozrejm\u00e9, ale s\u00fa \u013eudia, ktor\u00ed si zak\u00fapia jeden vstup na jedno \u017erebovanie a potom sa c\u00edtia sklaman\u00ed, preto\u017ee nevyhrali. Ak chcete zv\u00fd\u0161i\u0165 svoje \u0161ance na v\u00fdhru, mus\u00edte si zak\u00fapi\u0165 viac vstupov.<\/li>\n<li>Z\u00fa\u010dastnite sa aj viacer\u00fdch \u017erebovan\u00ed. Logika je rovnak\u00e1 aj pri \u017erebovaniach. \u010c\u00edm viac \u017erebovan\u00ed sa z\u00fa\u010dastn\u00edte, t\u00fdm vy\u0161\u0161ie s\u00fa va\u0161e \u0161ance na ve\u013ek\u00fa v\u00fdhru.<\/li>\n<li>Sk\u00faste sa zapoji\u0165 do lot\u00e9riov\u00e9ho syndik\u00e1tu. Ide o skupinu \u013eud\u00ed, ktor\u00ed sa zdru\u017euj\u00fa, aby spojili svoje zdroje a mohli hra\u0165 lot\u00e9riu. V\u010faka zdru\u017een\u00fdm zdrojom si m\u00f4\u017eu k\u00fapi\u0165 viac vstupov a z\u00fa\u010dastni\u0165 sa viacer\u00fdch \u017erebovan\u00ed. Zauj\u00edmav\u00e9 je, \u017ee mnoh\u00e9 lot\u00e9riov\u00e9 syndik\u00e1ty v priebehu rokov vyhrali neuverite\u013en\u00e9 jackpoty, tak\u017ee je to dobr\u00e1 mo\u017enos\u0165, ktor\u00fa m\u00f4\u017eete vysk\u00fa\u0161a\u0165.<\/li>\n<li>Verte, \u017ee vyhr\u00e1te. Z\u00e1kon pr\u00ed\u0165a\u017elivosti je vecou a ve\u013ea v\u00fdhercov lot\u00e9rie by v\u00e1m povedalo, \u017ee verili, \u017ee v lot\u00e9rii vyhraj\u00fa. Ak sa chyst\u00e1te str\u00e1vi\u0165 nejak\u00fd \u010das hran\u00edm lot\u00e9rie, je dobr\u00e9 pevne veri\u0165, \u017ee vyhr\u00e1te.<\/li>\n<li>Nevzd\u00e1vajte sa. Je l\u00e1kav\u00e9 vzda\u0165 sa, ke\u010f hr\u00e1te nieko\u013ekokr\u00e1t bez v\u00fdhry. Ak v\u0161ak chcete naozaj vyhra\u0165 ve\u013ea, mus\u00edte by\u0165 d\u00f4sledn\u00ed. Stavte len to\u013eko, ko\u013eko si m\u00f4\u017eete dovoli\u0165.<\/li>\n<li>Pri hran\u00ed lot\u00e9rie sa nezabudnite bavi\u0165. Nakoniec je to st\u00e1le len hra a pokia\u013e si ju u\u017e\u00edvate, stoj\u00ed to za to.<\/li>\n<\/ul>\n<h2>K\u00fapte si franc\u00fazske Lotto tikety teraz<\/h2>\n<p>Ak v\u00e1s franc\u00fazska lot\u00e9ria nadchla tak ako n\u00e1s, potom je \u010das zak\u00fapi\u0165 si vstupenku do lot\u00e9rie. Na\u0161\u0165astie u\u017e nez\u00e1le\u017e\u00ed na tom, kde \u017eijete, preto\u017ee tikety si m\u00f4\u017eete k\u00fapi\u0165 online.<\/p>\n<p>Ke\u010f sa u n\u00e1s zaregistrujete, nemus\u00edte sa ob\u00e1va\u0165, \u017ee svoje tikety strat\u00edte alebo zabudnete skontrolova\u0165 v\u00fdsledky. To v\u0161etko vybav\u00edme za v\u00e1s a upozorn\u00edme v\u00e1s na pr\u00edpadn\u00e9 v\u00fdhry. Prostredn\u00edctvom na\u0161ej platformy si m\u00f4\u017eete svoje v\u00fdhry aj jednoducho vybra\u0165.<\/p>\n<p>Hranie lot\u00e9rie je bezprobl\u00e9mov\u00e9 a bez stresu, ke\u010f hr\u00e1te na na\u0161ej str\u00e1nke. Nikdy neviete, \u010di pr\u00e1ve v tento de\u0148 bude \u0161\u0165astie na va\u0161ej strane. Tak pre\u010do sa u n\u00e1s nezaregistrova\u0165 e\u0161te dnes a nek\u00fapi\u0165 si tikety do franc\u00fazskeho lota?<\/p>\n","protected":false},"excerpt":{"rendered":"<p>M\u00f4\u017eete si k\u00fapi\u0165 l\u00edstky na franc\u00fazske Lotto z kraj\u00edn mimo Eur\u00f3py? Mo\u017eno ste sk\u00fasen\u00fd tip\u00e9r alebo nov\u00e1\u010dik a prem\u00fd\u0161\u013eate, pre\u010do by v\u00e1s mala zauj\u00edma\u0165 pr\u00e1ve t\u00e1to lot\u00e9ria. Podel\u00edme sa s vami o nieko\u013eko d\u00f4vodov, pre\u010do si mysl\u00edme, \u017ee franc\u00fazska n\u00e1rodn\u00e1 lot\u00e9ria je skvel\u00e1 hra. Ak ste hr\u00e1\u010dom z inej \u010dasti sveta, dozviete sa, ako si [&hellip;]<\/p>\n","protected":false},"author":1,"featured_media":0,"parent":35778,"menu_order":9,"comment_status":"closed","ping_status":"closed","template":"lotto-fr-info.php","meta":{"_et_pb_use_builder":"","_et_pb_old_content":"","_et_gb_content_width":"","exclude_from_search":false,"footnotes":""},"class_list":["post-36804","page","type-page","status-publish","hentry"],"yoast_head":"<!-- This site is optimized with the Yoast SEO plugin v23.3 - https:\/\/yoast.com\/wordpress\/plugins\/seo\/ -->\n<title>K\u00fapi\u0165 tikety na franc\u00fazske Lotto z kraj\u00edn mimo Franc\u00fazska | Z\u00edskajte tikety na franc\u00fazske Lotto online<\/title>\n<meta name=\"description\" content=\"Ak si chcete k\u00fapi\u0165 tikety na France Lotto, nemus\u00edte by\u0165 vo Franc\u00fazsku. Z\u00edskajte svoje tikety do franc\u00fazskej lot\u00e9rie online tu!\" \/>\n<meta name=\"robots\" content=\"index, follow, max-snippet:-1, max-image-preview:large, max-video-preview:-1\" \/>\n<link rel=\"canonical\" href=\"https:\/\/jackpotlotteryonline.com\/buy-tickets\/lotto-france\/\" \/>\n<meta property=\"og:locale\" content=\"sk_SK\" \/>\n<meta property=\"og:type\" content=\"article\" \/>\n<meta property=\"og:title\" content=\"K\u00fapi\u0165 tikety na franc\u00fazske Lotto z kraj\u00edn mimo Franc\u00fazska | Z\u00edskajte tikety na franc\u00fazske Lotto online\" \/>\n<meta property=\"og:description\" content=\"Ak si chcete k\u00fapi\u0165 tikety na France Lotto, nemus\u00edte by\u0165 vo Franc\u00fazsku. Z\u00edskajte svoje tikety do franc\u00fazskej lot\u00e9rie online tu!\" \/>\n<meta property=\"og:url\" content=\"https:\/\/jackpotlotteryonline.com\/buy-tickets\/lotto-france\/\" \/>\n<meta property=\"og:site_name\" content=\"Lotto Online - Crack The International Lottery Jackpots\" \/>\n<meta property=\"article:modified_time\" content=\"2023-01-03T21:43:27+00:00\" \/>\n<meta property=\"og:image\" content=\"http:\/\/jackpotlotteryonline.com\/wp-content\/uploads\/2022\/11\/1_winning_numbers_euromillions.jpg\" \/>\n<meta name=\"twitter:card\" content=\"summary_large_image\" \/>\n<meta name=\"twitter:label1\" content=\"Predpokladan\u00fd \u010das \u010d\u00edtania\" \/>\n\t<meta name=\"twitter:data1\" content=\"6 min\u00fat\" \/>\n<!-- \/ Yoast SEO plugin. -->","yoast_head_json":{"title":"K\u00fapi\u0165 tikety na franc\u00fazske Lotto z kraj\u00edn mimo Franc\u00fazska | Z\u00edskajte tikety na franc\u00fazske Lotto online","description":"Ak si chcete k\u00fapi\u0165 tikety na France Lotto, nemus\u00edte by\u0165 vo Franc\u00fazsku. Z\u00edskajte svoje tikety do franc\u00fazskej lot\u00e9rie online tu!","robots":{"index":"index","follow":"follow","max-snippet":"max-snippet:-1","max-image-preview":"max-image-preview:large","max-video-preview":"max-video-preview:-1"},"canonical":"https:\/\/jackpotlotteryonline.com\/buy-tickets\/lotto-france\/","og_locale":"sk_SK","og_type":"article","og_title":"K\u00fapi\u0165 tikety na franc\u00fazske Lotto z kraj\u00edn mimo Franc\u00fazska | Z\u00edskajte tikety na franc\u00fazske Lotto online","og_description":"Ak si chcete k\u00fapi\u0165 tikety na France Lotto, nemus\u00edte by\u0165 vo Franc\u00fazsku. Z\u00edskajte svoje tikety do franc\u00fazskej lot\u00e9rie online tu!","og_url":"https:\/\/jackpotlotteryonline.com\/buy-tickets\/lotto-france\/","og_site_name":"Lotto Online - Crack The International Lottery Jackpots","article_modified_time":"2023-01-03T21:43:27+00:00","og_image":[{"url":"http:\/\/jackpotlotteryonline.com\/wp-content\/uploads\/2022\/11\/1_winning_numbers_euromillions.jpg"}],"twitter_card":"summary_large_image","twitter_misc":{"Predpokladan\u00fd \u010das \u010d\u00edtania":"6 min\u00fat"},"schema":{"@context":"https:\/\/schema.org","@graph":[{"@type":"WebPage","@id":"https:\/\/jackpotlotteryonline.com\/buy-tickets\/lotto-france\/","url":"https:\/\/jackpotlotteryonline.com\/buy-tickets\/lotto-france\/","name":"K\u00fapi\u0165 tikety na franc\u00fazske Lotto z kraj\u00edn mimo Franc\u00fazska | Z\u00edskajte tikety na franc\u00fazske Lotto online","isPartOf":{"@id":"https:\/\/jackpotlotteryonline.com\/#website"},"primaryImageOfPage":{"@id":"https:\/\/jackpotlotteryonline.com\/buy-tickets\/lotto-france\/#primaryimage"},"image":{"@id":"https:\/\/jackpotlotteryonline.com\/buy-tickets\/lotto-france\/#primaryimage"},"thumbnailUrl":"http:\/\/jackpotlotteryonline.com\/wp-content\/uploads\/2022\/11\/1_winning_numbers_euromillions.jpg","datePublished":"2022-11-09T07:22:05+00:00","dateModified":"2023-01-03T21:43:27+00:00","description":"Ak si chcete k\u00fapi\u0165 tikety na France Lotto, nemus\u00edte by\u0165 vo Franc\u00fazsku. Z\u00edskajte svoje tikety do franc\u00fazskej lot\u00e9rie online tu!","breadcrumb":{"@id":"https:\/\/jackpotlotteryonline.com\/buy-tickets\/lotto-france\/#breadcrumb"},"inLanguage":"sk-SK","potentialAction":[{"@type":"ReadAction","target":["https:\/\/jackpotlotteryonline.com\/buy-tickets\/lotto-france\/"]}]},{"@type":"ImageObject","inLanguage":"sk-SK","@id":"https:\/\/jackpotlotteryonline.com\/buy-tickets\/lotto-france\/#primaryimage","url":"http:\/\/jackpotlotteryonline.com\/wp-content\/uploads\/2022\/11\/1_winning_numbers_euromillions.jpg","contentUrl":"http:\/\/jackpotlotteryonline.com\/wp-content\/uploads\/2022\/11\/1_winning_numbers_euromillions.jpg"},{"@type":"BreadcrumbList","@id":"https:\/\/jackpotlotteryonline.com\/buy-tickets\/lotto-france\/#breadcrumb","itemListElement":[{"@type":"ListItem","position":1,"name":"Home","item":"https:\/\/jackpotlotteryonline.com\/sk\/"},{"@type":"ListItem","position":2,"name":"Ako si k\u00fapi\u0165 vstupenky do lot\u00e9rie online","item":"https:\/\/jackpotlotteryonline.com\/buy-tickets\/"},{"@type":"ListItem","position":3,"name":"K\u00fapi\u0165 Lotto Franc\u00fazsko vstupenky"}]},{"@type":"WebSite","@id":"https:\/\/jackpotlotteryonline.com\/#website","url":"https:\/\/jackpotlotteryonline.com\/","name":"Lotto Online - Crack The International Lottery Jackpots","description":"","potentialAction":[{"@type":"SearchAction","target":{"@type":"EntryPoint","urlTemplate":"https:\/\/jackpotlotteryonline.com\/?s={search_term_string}"},"query-input":"required name=search_term_string"}],"inLanguage":"sk-SK"}]}},"_links":{"self":[{"href":"https:\/\/jackpotlotteryonline.com\/sk\/wp-json\/wp\/v2\/pages\/36804","targetHints":{"allow":["GET"]}}],"collection":[{"href":"https:\/\/jackpotlotteryonline.com\/sk\/wp-json\/wp\/v2\/pages"}],"about":[{"href":"https:\/\/jackpotlotteryonline.com\/sk\/wp-json\/wp\/v2\/types\/page"}],"author":[{"embeddable":true,"href":"https:\/\/jackpotlotteryonline.com\/sk\/wp-json\/wp\/v2\/users\/1"}],"replies":[{"embeddable":true,"href":"https:\/\/jackpotlotteryonline.com\/sk\/wp-json\/wp\/v2\/comments?post=36804"}],"version-history":[{"count":0,"href":"https:\/\/jackpotlotteryonline.com\/sk\/wp-json\/wp\/v2\/pages\/36804\/revisions"}],"up":[{"embeddable":true,"href":"https:\/\/jackpotlotteryonline.com\/sk\/wp-json\/wp\/v2\/pages\/35778"}],"wp:attachment":[{"href":"https:\/\/jackpotlotteryonline.com\/sk\/wp-json\/wp\/v2\/media?parent=36804"}],"curies":[{"name":"wp","href":"https:\/\/api.w.org\/{rel}","templated":true}]}}