{"id":36857,"date":"2022-11-09T09:14:11","date_gmt":"2022-11-09T09:14:11","guid":{"rendered":"https:\/\/jackpotlotteryonline.com\/?page_id=36857"},"modified":"2023-01-04T09:21:20","modified_gmt":"2023-01-04T09:21:20","slug":"lotto-america","status":"publish","type":"page","link":"https:\/\/jackpotlotteryonline.com\/sk\/kupit-vstupenky\/lotto-america\/","title":{"rendered":"Lotto America vstupenky online"},"content":{"rendered":"<p>V marci 2018 vyhrala rodina jackpot lotto America vo v\u00fd\u0161ke 23 mili\u00f3nov dol\u00e1rov. Je to najvy\u0161\u0161ia v\u00fdhra, ak\u00fa doteraz vyhral ktor\u00fdko\u013evek hr\u00e1\u010d, av\u0161ak upozornila na t\u00fato lot\u00e9riu. Loteriu zalo\u017eilo v roku 1988 sedem americk\u00fdch \u0161t\u00e1tov, nesk\u00f4r sa k nej pripojilo nieko\u013eko \u010fal\u0161\u00edch \u0161t\u00e1tov. V priebehu rokov sa v nej vystriedalo nieko\u013eko milion\u00e1rov.<\/p>\n<p>Tikety do tejto lot\u00e9rie si m\u00f4\u017eete zak\u00fapi\u0165 v ktoromko\u013evek zo z\u00fa\u010dastnen\u00fdch \u0161t\u00e1tov. Je zauj\u00edmav\u00e9, \u017ee to nie je jedin\u00e1 lot\u00e9ria v USA, ale neust\u00e1le pri\u0165ahuje hr\u00e1\u010dov z cel\u00e9ho sveta. Ak ste hr\u00e1\u010dom mimo Severnej Ameriky, mo\u017eno v\u00e1s zauj\u00edma, ako si k\u00fapi\u0165 tikety tejto lot\u00e9rie.<\/p>\n<p>Porad\u00edme v\u00e1m, ako <a href=\"https:\/\/jackpotlotteryonline.com\/sk\/ako-hrat\/lotto-america-2\">\u00faspe\u0161ne hra\u0165 t\u00fato lot\u00e9riu z kraj\u00edn mimo USA<\/a>. Taktie\u017e sa budeme sna\u017ei\u0165 zodpoveda\u0165 v\u0161etky va\u0161e ot\u00e1zky o lot\u00e9rii Lotto America a o tom, ako sa do nej zapoji\u0165.<\/p>\n<h2>Ako lot\u00e9ria funguje?<\/h2>\n<p><img loading=\"lazy\" decoding=\"async\" class=\"size-full wp-image-29993 alignright\" src=\"http:\/\/jackpotlotteryonline.com\/wp-content\/uploads\/2022\/11\/1_win_lottery_usa_online.jpg\" alt=\"L\u00edstky Lotto America online\" width=\"300\" height=\"200\" \/><\/p>\n<p>Ako v\u00e4\u010d\u0161ina lot\u00e9riov\u00fdch hier, aj t\u00e1to je hrou \u010d\u00edsel vo viacer\u00fdch oh\u013eadoch. Je to hra s \u010d\u00edslami v tom zmysle, \u017ee hr\u00e1\u010di nemaj\u00fa vysok\u00e9 \u0161ance na v\u00fdhru. Ale tak\u00e1 je lot\u00e9ria a ned\u00e1 sa poveda\u0165, kedy bude \u0161\u0165astie hr\u00e1\u010dovi pria\u0165. Je to hra \u010d\u00edsel aj v sp\u00f4sobe, ak\u00fdm sa hra hr\u00e1.<\/p>\n<p>V tejto americkej lot\u00e9rii si hr\u00e1\u010di musia vybra\u0165 p\u00e4\u0165 hlavn\u00fdch \u010d\u00edsel od 1 do 52. Okrem toho si musia vybra\u0165 aj \u010d\u00edslo Star Ball v rozmedz\u00ed od 1 do 10. To je spolu 6 \u010d\u00edsel. Ak si nie ste ist\u00ed, ak\u00e9 \u010d\u00edsla si m\u00e1te vybra\u0165, m\u00f4\u017eete pou\u017ei\u0165 automatick\u00fd v\u00fdber, ktor\u00fd v\u00e1m to ur\u00fdchli. M\u00f4\u017eete si tie\u017e vybra\u0165 viacero \u010d\u00edseln\u00fdch radov, aby ste zv\u00fd\u0161ili svoje \u0161ance na v\u00fdhru.<\/p>\n<p>\u010ealej si vyberiete, ko\u013ek\u00fdch \u017erebovan\u00ed sa chcete z\u00fa\u010dastni\u0165. T\u00e1to americk\u00e1 lot\u00e9ria organizuje tri \u017erebovania t\u00fd\u017edenne v pondelok, stredu a sobotu. M\u00f4\u017eete sa prihl\u00e1si\u0165 do viacer\u00fdch \u017erebovan\u00ed.<\/p>\n<h2>Hranie hry All Star Bonus<\/h2>\n<p>All Star Bonus je sp\u00f4sob, ako zn\u00e1sobi\u0165 svoje v\u00fdhry. Pri v\u00fdbere \u010d\u00edsel m\u00f4\u017eete za pr\u00edplatok zahrn\u00fa\u0165 All Star bonus. Je to u\u017eito\u010dn\u00e9 najm\u00e4 pre t\u00fdch, ktor\u00ed vyhrali ceny v ostatn\u00fdch kateg\u00f3ri\u00e1ch, preto\u017ee to m\u00f4\u017ee v\u00fdrazne zv\u00fd\u0161i\u0165 to, \u010do si odnes\u00fa domov.<\/p>\n<p>All Star bonus sa vyber\u00e1 n\u00e1hodne a oznamuje sa v<a href=\"https:\/\/jackpotlotteryonline.com\/sk\/vyherne-cisla\/lotto-america\"> de\u0148 \u017erebovania<\/a>. Upozor\u0148ujeme, \u017ee ho nem\u00f4\u017eete zahrn\u00fa\u0165 po tom, \u010do ste u\u017e uskuto\u010dnili n\u00e1kup. Mus\u00ed by\u0165 zahrnut\u00fd pri n\u00e1kupe tiketu.<\/p>\n<section class=\"layout\" style=\"border: solid 1px; width: 100%;\">\n<div class=\"img-div\" style=\"margin-top: 5px;\"><img decoding=\"async\" class=\"wp-image-17212 alignleft\" style=\"height: 45px; margin: 8px 8px 0px;\" src=\"http:\/\/jackpotlotteryonline.com\/wp-content\/uploads\/2022\/11\/read1.jpg\" alt=\"pre\u010d\u00edtajte si\" width=\"\" height=\"\" \/><\/div>\n<div style=\"padding-left: 5px;\">\n<div style=\"font-size: 1.1em;\">\n<p><strong>Niektor\u00ed v\u00ed\u0165azi lot\u00e9rie sa vr\u00e1tili sp\u00e4\u0165 do komunity<\/strong><\/p>\n<p style=\"font-size: 0.85em; margin-top: -1.5em;\">Nieko\u013eko zauj\u00edmav\u00fdch a doj\u00edmav\u00fdch pr\u00edbehov o tom, ako sa v\u00fdhercovia lot\u00e9rie vr\u00e1tili sp\u00e4\u0165\u00a0 <a href=\"https:\/\/jackpotlotteryonline.com\/sk\/pribehy-o-tom-ako-vyhercovia-loterie-vracaju-peniaze\">\u010d\u00edtaj viac<\/a><\/p>\n<\/div>\n<\/div>\n<\/section>\n<h2>V\u00fdhra jackpotu<\/h2>\n<p>Jackpot za\u010d\u00edna na hodnote 2 mili\u00f3ny dol\u00e1rov. Ak po \u017erebovan\u00ed nie je \u017eiadny v\u00fdherca, prech\u00e1dza do \u010fal\u0161ieho \u017erebovania. Pokra\u010duje v preklopen\u00ed, a\u017e k\u00fdm nedosiahne 10 mili\u00f3nov dol\u00e1rov. Ako sme spomenuli na za\u010diatku, m\u00f4\u017ee sa dosta\u0165 \u010faleko za hranicu 10 mili\u00f3nov dol\u00e1rov.<\/p>\n<p>Je u\u017eito\u010dn\u00e9 poznamena\u0165, \u017ee jackpot nie je jedinou v\u00fdhrou, ktor\u00fa m\u00f4\u017ee hr\u00e1\u010d pri hran\u00ed tejto americkej lot\u00e9rie vyhra\u0165. M\u00e1 osem \u010fal\u0161\u00edch v\u00fdhern\u00fdch \u00farovn\u00ed, vr\u00e1tane v\u00fdhry jednoducho za zhodu s hviezdnou lopti\u010dkou. V spojen\u00ed s All Star Bonusom m\u00f4\u017ee hr\u00e1\u010d, ktor\u00fd vyhr\u00e1 ved\u013eaj\u0161iu cenu, od\u00eds\u0165 domov ove\u013ea bohat\u0161\u00ed.<\/p>\n<h2>Ke\u010f vyhr\u00e1te<\/h2>\n<p>Pod\u013ea webovej str\u00e1nky Lotto America si m\u00f4\u017eete v\u00fdhru vyzdvihn\u00fa\u0165 len v \u0161t\u00e1te, v ktorom ste vyhrali. Ak ste si teda tiket k\u00fapili napr\u00edklad v \u0161t\u00e1te Maine, mus\u00edte \u00eds\u0165 do tohto \u0161t\u00e1tu, aby ste si mohli uplatni\u0165 svoju v\u00fdhru. Ak v\u0161ak \u017eijete mimo \u0161t\u00e1tov, situ\u00e1cia je trochu in\u00e1.<\/p>\n<h2>Ako si k\u00fapi\u0165 tikety lotto America z kraj\u00edn mimo USA<\/h2>\n<p><img loading=\"lazy\" decoding=\"async\" class=\"alignright size-medium wp-image-34079\" src=\"http:\/\/jackpotlotteryonline.com\/wp-content\/uploads\/2022\/11\/2_ticket_mon_wed_lotto_au-176x300.jpg\" alt=\"L\u00edstky Lotto America z kraj\u00edn mimo USA\" width=\"176\" height=\"300\" srcset=\"https:\/\/jackpotlotteryonline.com\/wp-content\/uploads\/2022\/11\/2_ticket_mon_wed_lotto_au-176x300.jpg 176w, https:\/\/jackpotlotteryonline.com\/wp-content\/uploads\/2022\/11\/2_ticket_mon_wed_lotto_au.jpg 250w\" sizes=\"auto, (max-width: 176px) 100vw, 176px\" \/><\/p>\n<p>Existuj\u00fa len dva sp\u00f4soby, ako sa z\u00fa\u010dastni\u0165 tejto lot\u00e9rie. Prv\u00fdm je k\u00fapi\u0165 si tiket od predajcu v niektorom zo \u0161t\u00e1tov, kde sa tikety pred\u00e1vaj\u00fa. Zatia\u013e \u010do druhou mo\u017enos\u0165ou je z\u00edska\u0165 pr\u00edstup do lot\u00e9rie prostredn\u00edctvom internetu. Na medzin\u00e1rodn\u00fdch lot\u00e9ri\u00e1ch sa cez internet z\u00fa\u010dast\u0148uje \u010doraz viac tipuj\u00facich.<\/p>\n<p>Existuj\u00fa lot\u00e9riov\u00e9 str\u00e1nky, ktor\u00e9 hr\u00e1\u010dom poskytuj\u00fa leg\u00e1lny pr\u00edstup k lot\u00e9ri\u00e1m na celom svete. Predt\u00fdm, ako sa stanete patr\u00f3nom niektorej z t\u00fdchto str\u00e1nok, je d\u00f4le\u017eit\u00e9 v prvom rade zisti\u0165, \u010di ide o concierge str\u00e1nku. To preto, aby ste nakoniec na rozdiel od \u00fa\u010dasti v lot\u00e9rii nevsadili na jej v\u00fdsledky.<\/p>\n<p>Ke\u010f si u n\u00e1s k\u00fapite svoj tiket, z\u00edskate pr\u00edstup do lot\u00e9rie pod\u013ea vlastn\u00e9ho v\u00fdberu. Prev\u00e1dzkujeme slu\u017ebu concierge so z\u00e1stupcami po celom svete. Po zak\u00fapen\u00ed tiketu online dostan\u00fa na\u0161i agenti v danej krajine aj fyzick\u00fd tiket s pr\u00edslu\u0161n\u00fdmi \u010d\u00edslami. Bez oh\u013eadu na to, kde sa nach\u00e1dzate, si m\u00f4\u017eete by\u0165 ist\u00ed, \u017ee m\u00e1te \u0161ancu na ve\u013ek\u00fa v\u00fdhru.<\/p>\n","protected":false},"excerpt":{"rendered":"<p>V marci 2018 vyhrala rodina jackpot lotto America vo v\u00fd\u0161ke 23 mili\u00f3nov dol\u00e1rov. Je to najvy\u0161\u0161ia v\u00fdhra, ak\u00fa doteraz vyhral ktor\u00fdko\u013evek hr\u00e1\u010d, av\u0161ak upozornila na t\u00fato lot\u00e9riu. Loteriu zalo\u017eilo v roku 1988 sedem americk\u00fdch \u0161t\u00e1tov, nesk\u00f4r sa k nej pripojilo nieko\u013eko \u010fal\u0161\u00edch \u0161t\u00e1tov. V priebehu rokov sa v nej vystriedalo nieko\u013eko milion\u00e1rov. Tikety do tejto [&hellip;]<\/p>\n","protected":false},"author":1,"featured_media":0,"parent":35778,"menu_order":13,"comment_status":"closed","ping_status":"closed","template":"lotto-america-info.php","meta":{"_et_pb_use_builder":"","_et_pb_old_content":"","_et_gb_content_width":"","exclude_from_search":false,"footnotes":""},"class_list":["post-36857","page","type-page","status-publish","hentry"],"yoast_head":"<!-- This site is optimized with the Yoast SEO plugin v23.3 - https:\/\/yoast.com\/wordpress\/plugins\/seo\/ -->\n<title>K\u00fapi\u0165 tikety Lotto America z kraj\u00edn mimo USA | Lotto America online<\/title>\n<meta name=\"description\" content=\"Lotto America je mo\u017en\u00e9 hra\u0165 aj mimo USA - sta\u010d\u00ed si k\u00fapi\u0165 tiket Lotto America prostredn\u00edctvom na\u0161ej online slu\u017eby\" \/>\n<meta name=\"robots\" content=\"index, follow, max-snippet:-1, max-image-preview:large, max-video-preview:-1\" \/>\n<link rel=\"canonical\" href=\"https:\/\/jackpotlotteryonline.com\/sk\/kupit-vstupenky\/lotto-america\/\" \/>\n<meta property=\"og:locale\" content=\"sk_SK\" \/>\n<meta property=\"og:type\" content=\"article\" \/>\n<meta property=\"og:title\" content=\"K\u00fapi\u0165 tikety Lotto America z kraj\u00edn mimo USA | Lotto America online\" \/>\n<meta property=\"og:description\" content=\"Lotto America je mo\u017en\u00e9 hra\u0165 aj mimo USA - sta\u010d\u00ed si k\u00fapi\u0165 tiket Lotto America prostredn\u00edctvom na\u0161ej online slu\u017eby\" \/>\n<meta property=\"og:url\" content=\"https:\/\/jackpotlotteryonline.com\/sk\/kupit-vstupenky\/lotto-america\/\" \/>\n<meta property=\"og:site_name\" content=\"Lotto Online - Crack The International Lottery Jackpots\" \/>\n<meta property=\"article:modified_time\" content=\"2023-01-04T09:21:20+00:00\" \/>\n<meta property=\"og:image\" content=\"http:\/\/jackpotlotteryonline.com\/wp-content\/uploads\/2022\/11\/1_win_lottery_usa_online.jpg\" \/>\n<meta name=\"twitter:card\" content=\"summary_large_image\" \/>\n<meta name=\"twitter:label1\" content=\"Predpokladan\u00fd \u010das \u010d\u00edtania\" \/>\n\t<meta name=\"twitter:data1\" content=\"4 min\u00faty\" \/>\n<!-- \/ Yoast SEO plugin. -->","yoast_head_json":{"title":"K\u00fapi\u0165 tikety Lotto America z kraj\u00edn mimo USA | Lotto America online","description":"Lotto America je mo\u017en\u00e9 hra\u0165 aj mimo USA - sta\u010d\u00ed si k\u00fapi\u0165 tiket Lotto America prostredn\u00edctvom na\u0161ej online slu\u017eby","robots":{"index":"index","follow":"follow","max-snippet":"max-snippet:-1","max-image-preview":"max-image-preview:large","max-video-preview":"max-video-preview:-1"},"canonical":"https:\/\/jackpotlotteryonline.com\/sk\/kupit-vstupenky\/lotto-america\/","og_locale":"sk_SK","og_type":"article","og_title":"K\u00fapi\u0165 tikety Lotto America z kraj\u00edn mimo USA | Lotto America online","og_description":"Lotto America je mo\u017en\u00e9 hra\u0165 aj mimo USA - sta\u010d\u00ed si k\u00fapi\u0165 tiket Lotto America prostredn\u00edctvom na\u0161ej online slu\u017eby","og_url":"https:\/\/jackpotlotteryonline.com\/sk\/kupit-vstupenky\/lotto-america\/","og_site_name":"Lotto Online - Crack The International Lottery Jackpots","article_modified_time":"2023-01-04T09:21:20+00:00","og_image":[{"url":"http:\/\/jackpotlotteryonline.com\/wp-content\/uploads\/2022\/11\/1_win_lottery_usa_online.jpg"}],"twitter_card":"summary_large_image","twitter_misc":{"Predpokladan\u00fd \u010das \u010d\u00edtania":"4 min\u00faty"},"schema":{"@context":"https:\/\/schema.org","@graph":[{"@type":"WebPage","@id":"https:\/\/jackpotlotteryonline.com\/sk\/kupit-vstupenky\/lotto-america\/","url":"https:\/\/jackpotlotteryonline.com\/sk\/kupit-vstupenky\/lotto-america\/","name":"K\u00fapi\u0165 tikety Lotto America z kraj\u00edn mimo USA | Lotto America online","isPartOf":{"@id":"https:\/\/jackpotlotteryonline.com\/#website"},"primaryImageOfPage":{"@id":"https:\/\/jackpotlotteryonline.com\/sk\/kupit-vstupenky\/lotto-america\/#primaryimage"},"image":{"@id":"https:\/\/jackpotlotteryonline.com\/sk\/kupit-vstupenky\/lotto-america\/#primaryimage"},"thumbnailUrl":"http:\/\/jackpotlotteryonline.com\/wp-content\/uploads\/2022\/11\/1_win_lottery_usa_online.jpg","datePublished":"2022-11-09T09:14:11+00:00","dateModified":"2023-01-04T09:21:20+00:00","description":"Lotto America je mo\u017en\u00e9 hra\u0165 aj mimo USA - sta\u010d\u00ed si k\u00fapi\u0165 tiket Lotto America prostredn\u00edctvom na\u0161ej online slu\u017eby","breadcrumb":{"@id":"https:\/\/jackpotlotteryonline.com\/sk\/kupit-vstupenky\/lotto-america\/#breadcrumb"},"inLanguage":"sk-SK","potentialAction":[{"@type":"ReadAction","target":["https:\/\/jackpotlotteryonline.com\/sk\/kupit-vstupenky\/lotto-america\/"]}]},{"@type":"ImageObject","inLanguage":"sk-SK","@id":"https:\/\/jackpotlotteryonline.com\/sk\/kupit-vstupenky\/lotto-america\/#primaryimage","url":"http:\/\/jackpotlotteryonline.com\/wp-content\/uploads\/2022\/11\/1_win_lottery_usa_online.jpg","contentUrl":"http:\/\/jackpotlotteryonline.com\/wp-content\/uploads\/2022\/11\/1_win_lottery_usa_online.jpg"},{"@type":"BreadcrumbList","@id":"https:\/\/jackpotlotteryonline.com\/sk\/kupit-vstupenky\/lotto-america\/#breadcrumb","itemListElement":[{"@type":"ListItem","position":1,"name":"Home","item":"https:\/\/jackpotlotteryonline.com\/sk\/"},{"@type":"ListItem","position":2,"name":"Ako si k\u00fapi\u0165 vstupenky do lot\u00e9rie online","item":"https:\/\/jackpotlotteryonline.com\/buy-tickets\/"},{"@type":"ListItem","position":3,"name":"Lotto America vstupenky online"}]},{"@type":"WebSite","@id":"https:\/\/jackpotlotteryonline.com\/#website","url":"https:\/\/jackpotlotteryonline.com\/","name":"Lotto Online - Crack The International Lottery Jackpots","description":"","potentialAction":[{"@type":"SearchAction","target":{"@type":"EntryPoint","urlTemplate":"https:\/\/jackpotlotteryonline.com\/?s={search_term_string}"},"query-input":"required name=search_term_string"}],"inLanguage":"sk-SK"}]}},"_links":{"self":[{"href":"https:\/\/jackpotlotteryonline.com\/sk\/wp-json\/wp\/v2\/pages\/36857","targetHints":{"allow":["GET"]}}],"collection":[{"href":"https:\/\/jackpotlotteryonline.com\/sk\/wp-json\/wp\/v2\/pages"}],"about":[{"href":"https:\/\/jackpotlotteryonline.com\/sk\/wp-json\/wp\/v2\/types\/page"}],"author":[{"embeddable":true,"href":"https:\/\/jackpotlotteryonline.com\/sk\/wp-json\/wp\/v2\/users\/1"}],"replies":[{"embeddable":true,"href":"https:\/\/jackpotlotteryonline.com\/sk\/wp-json\/wp\/v2\/comments?post=36857"}],"version-history":[{"count":0,"href":"https:\/\/jackpotlotteryonline.com\/sk\/wp-json\/wp\/v2\/pages\/36857\/revisions"}],"up":[{"embeddable":true,"href":"https:\/\/jackpotlotteryonline.com\/sk\/wp-json\/wp\/v2\/pages\/35778"}],"wp:attachment":[{"href":"https:\/\/jackpotlotteryonline.com\/sk\/wp-json\/wp\/v2\/media?parent=36857"}],"curies":[{"name":"wp","href":"https:\/\/api.w.org\/{rel}","templated":true}]}}