{"id":36909,"date":"2022-11-09T10:16:41","date_gmt":"2022-11-09T10:16:41","guid":{"rendered":"https:\/\/jackpotlotteryonline.com\/?page_id=36909"},"modified":"2022-12-22T12:52:10","modified_gmt":"2022-12-22T12:52:10","slug":"uk-lottery","status":"publish","type":"page","link":"https:\/\/jackpotlotteryonline.com\/sk\/kupit-vstupenky\/uk-lottery\/","title":{"rendered":"Britsk\u00e1 lot\u00e9ria"},"content":{"rendered":"<h2>Lot\u00e9ria UK Online preh\u013ead<\/h2>\n<p>Britsk\u00e1 lot\u00e9ria je ob\u013e\u00faben\u00e1 hra pre svoju schopnos\u0165 robi\u0165 milion\u00e1rov. Mo\u017eno ju hra\u0165 aj online. <a href=\"https:\/\/jackpotlotteryonline.com\/sk\/vyherne-cisla\/uk-lottery\">Hra sa \u017erebuje dvakr\u00e1t t\u00fd\u017edenne<\/a> v stredu a v sobotu.<\/p>\n<h2>Ako lot\u00e9ria UK funguje<\/h2>\n<p>Ka\u017ed\u00fd hr\u00e1\u010d mus\u00ed na svojom tikete vybra\u0165 6 \u010d\u00edsel z ponuky \u010d\u00edsel 1 &#8211; 49. Pri \u017erebovan\u00ed sa vyberie \u0161es\u0165 \u010d\u00edsel a jedno bonusov\u00e9 \u010d\u00edslo. Vzh\u013eadom na relat\u00edvne n\u00edzke percento v\u00fdplaty t\u00fato lot\u00e9riu neodpor\u00fa\u010dame. Na internete je k dispoz\u00edcii mno\u017estvo in\u00fdch medzin\u00e1rodn\u00fdch lot\u00e9riov\u00fdch hier s lep\u0161\u00edmi v\u00fdhrami a vy\u0161\u0161\u00edmi jackpotmi.<\/p>\n<section class=\"layout\" style=\"border: solid 1px; width: 100%;\">\n<div class=\"img-div\" style=\"margin-top: 5px;\"><img decoding=\"async\" class=\"wp-image-17212 alignleft\" style=\"height: 45px; margin: 8px 8px 0px;\" src=\"http:\/\/jackpotlotteryonline.com\/wp-content\/uploads\/2022\/11\/read1.jpg\" alt=\"pre\u010d\u00edtajte si\" width=\"\" height=\"\" \/><\/div>\n<div style=\"padding-left: 5px;\">\n<div style=\"font-size: 1.1em;\">\n<p><strong>Eur\u00f3pske lot\u00e9rie<\/strong><\/p>\n<p style=\"font-size: 0.85em; margin-top: -1.5em;\">Ktor\u00e9 eur\u00f3pske lot\u00e9rie s\u00fa najlep\u0161ie?\u00a0 <a href=\"https:\/\/jackpotlotteryonline.com\/sk\/ktore-europske-loterie-su-najlepsie\"> pre\u010d\u00edtajte si viac<\/a><\/p>\n<\/div>\n<\/div>\n<\/section>\n<h2>V\u00ed\u0165azstvo v lot\u00e9rii v Spojenom kr\u00e1\u013eovstve<\/h2>\n<p><img loading=\"lazy\" decoding=\"async\" class=\"alignright size-medium wp-image-19520\" src=\"http:\/\/jackpotlotteryonline.com\/wp-content\/uploads\/2022\/10\/2_ticket_uk_lottery-192x300.jpg\" alt=\"K\u00fapi\u0165 l\u00edstok do lot\u00e9rie UK\" width=\"192\" height=\"300\" srcset=\"https:\/\/jackpotlotteryonline.com\/wp-content\/uploads\/2022\/10\/2_ticket_uk_lottery-192x300.jpg 192w, https:\/\/jackpotlotteryonline.com\/wp-content\/uploads\/2022\/10\/2_ticket_uk_lottery.jpg 250w\" sizes=\"auto, (max-width: 192px) 100vw, 192px\" \/><\/p>\n<p>Na z\u00edskanie v\u00fdhry mus\u00edte ma\u0165 zhodu minim\u00e1lne troch \u010d\u00edsel s hlavn\u00fdmi vy\u017erebovan\u00fdmi \u010d\u00edslami. Bonusov\u00e9 \u010d\u00edslo je relevantn\u00e9 len vtedy, ak sa zhodujete aspo\u0148 s piatimi hlavn\u00fdmi \u010d\u00edslami v \u017erebovan\u00ed.<\/p>\n<p>Uplatnenie n\u00e1roku na v\u00fdhru je jednoduch\u00e9. Ak vyhr\u00e1te a\u017e 2500 \u20ac, bude v\u00e1m vyplaten\u00e1 priamo na v\u00e1\u0161 hr\u00e1\u010dsky \u00fa\u010det lot\u00e9rie tu na na\u0161ej str\u00e1nke. V pr\u00edpade v\u00fdhry vy\u0161\u0161ej ako 2500 \u20ac v\u00e1s bude kontaktova\u0165 na\u0161e oddelenie z\u00e1kazn\u00edckej podpory a dohodne s vami priamu v\u00fdplatu od lot\u00e9riovej spolo\u010dnosti.<\/p>\n<p>Pribli\u017ene 45 % v\u0161etk\u00fdch prostriedkov lot\u00e9rie UK ide na v\u00fdhry. Ak traf\u00edte \u0161es\u0165 hlavn\u00fdch \u010d\u00edsel, bude v\u00e1m vyplaten\u00fdch 52 % fondu fondu; ak traf\u00edte p\u00e4\u0165 hlavn\u00fdch \u010d\u00edsel plus bonusov\u00e9 \u010d\u00edslo, bude v\u00e1m vyplaten\u00fdch 16 % zost\u00e1vaj\u00faceho fondu fondu; ak traf\u00edte p\u00e4\u0165 hlavn\u00fdch \u010d\u00edsel, bude v\u00e1m vyplaten\u00fdch 10 % zost\u00e1vaj\u00faceho fondu fondu; ak traf\u00edte \u0161tyri hlavn\u00e9 \u010d\u00edsla, bude v\u00e1m vyplaten\u00fdch 22 % zost\u00e1vaj\u00faceho fondu fondu a ak traf\u00edte 3 hlavn\u00e9 \u010d\u00edsla, bude v\u00e1m spravidla vyplaten\u00fdch 10 GBP. UK Lotto pon\u00faka aj online hry s okam\u017eitou v\u00fdhrou.<\/p>\n<h2>Hranie lot\u00e9rie UK online<\/h2>\n<p><a href=\"https:\/\/jackpotlotteryonline.com\/sk\/ako-hrat\/uk-lottery\">UK Lotto m\u00f4\u017eete hra\u0165 online<\/a>, v\u010faka \u010domu je dostupnej\u0161ie a pohodlnej\u0161ie. U\u017e nemus\u00edte chodi\u0165 von, aby ste si k\u00fapili tiket UK Lotto u predajcu; teraz si m\u00f4\u017eete k\u00fapi\u0165 tikety z pohodlia domova a nie je to z\u00e1visl\u00e9 od v\u00e1\u0161ho pobytu v Spojenom kr\u00e1\u013eovstve.<\/p>\n<p>Ak chcete hra\u0165 UK lotto online a z \u00fazemia mimo Spojen\u00e9ho kr\u00e1\u013eovstva, mus\u00edte klikn\u00fa\u0165 na vy\u0161\u0161ie uveden\u00fd banner lot\u00e9rie UK. Sta\u010d\u00ed sa zaregistrova\u0165 a potom dokon\u010di\u0165 online platbu.<\/p>\n<h2>Pre\u010do je v\u00e4\u010d\u0161ina medzin\u00e1rodn\u00fdch lot\u00e9riov\u00fdch jackpotov atrakt\u00edvnej\u0161ia ako lot\u00e9ria Spojen\u00e9ho kr\u00e1\u013eovstva<\/h2>\n<ul>\n<li>Jackpoty medzin\u00e1rodn\u00fdch lot\u00e9ri\u00ed s\u00fa ove\u013ea vy\u0161\u0161ie (pozrite si sumy v banneri hore)<\/li>\n<li>UK Lotto rozd\u00e1va len 45 % finan\u010dn\u00fdch prostriedkov ako v\u00fdhry<\/li>\n<li>Na na\u0161ej webovej str\u00e1nke m\u00e1te na v\u00fdber z mno\u017estva mega lot\u00e9ri\u00ed a obrovsk\u00fdch jackpotov!<\/li>\n<\/ul>\n","protected":false},"excerpt":{"rendered":"<p>Lot\u00e9ria UK Online preh\u013ead Britsk\u00e1 lot\u00e9ria je ob\u013e\u00faben\u00e1 hra pre svoju schopnos\u0165 robi\u0165 milion\u00e1rov. Mo\u017eno ju hra\u0165 aj online. Hra sa \u017erebuje dvakr\u00e1t t\u00fd\u017edenne v stredu a v sobotu. Ako lot\u00e9ria UK funguje Ka\u017ed\u00fd hr\u00e1\u010d mus\u00ed na svojom tikete vybra\u0165 6 \u010d\u00edsel z ponuky \u010d\u00edsel 1 &#8211; 49. Pri \u017erebovan\u00ed sa vyberie \u0161es\u0165 \u010d\u00edsel a [&hellip;]<\/p>\n","protected":false},"author":1,"featured_media":0,"parent":35778,"menu_order":10,"comment_status":"closed","ping_status":"closed","template":"lotto-uk-info.php","meta":{"_et_pb_use_builder":"","_et_pb_old_content":"","_et_gb_content_width":"","exclude_from_search":false,"footnotes":""},"class_list":["post-36909","page","type-page","status-publish","hentry"],"yoast_head":"<!-- This site is optimized with the Yoast SEO plugin v23.3 - https:\/\/yoast.com\/wordpress\/plugins\/seo\/ -->\n<title>K\u00fapte si tikety online pre britsk\u00fa lot\u00e9riu z kraj\u00edn mimo Spojen\u00e9ho kr\u00e1\u013eovstva<\/title>\n<meta name=\"description\" content=\"Ako funguje lot\u00e9ria UK Lottery a ako si k\u00fapi\u0165 tiket a vyhra\u0165 online z \u00fazemia mimo Spojen\u00e9ho kr\u00e1\u013eovstva\" \/>\n<meta name=\"robots\" content=\"index, follow, max-snippet:-1, max-image-preview:large, max-video-preview:-1\" \/>\n<link rel=\"canonical\" href=\"https:\/\/jackpotlotteryonline.com\/sk\/kupit-vstupenky\/uk-lottery\/\" \/>\n<meta property=\"og:locale\" content=\"sk_SK\" \/>\n<meta property=\"og:type\" content=\"article\" \/>\n<meta property=\"og:title\" content=\"K\u00fapte si tikety online pre britsk\u00fa lot\u00e9riu z kraj\u00edn mimo Spojen\u00e9ho kr\u00e1\u013eovstva\" \/>\n<meta property=\"og:description\" content=\"Ako funguje lot\u00e9ria UK Lottery a ako si k\u00fapi\u0165 tiket a vyhra\u0165 online z \u00fazemia mimo Spojen\u00e9ho kr\u00e1\u013eovstva\" \/>\n<meta property=\"og:url\" content=\"https:\/\/jackpotlotteryonline.com\/sk\/kupit-vstupenky\/uk-lottery\/\" \/>\n<meta property=\"og:site_name\" content=\"Lotto Online - Crack The International Lottery Jackpots\" \/>\n<meta property=\"article:modified_time\" content=\"2022-12-22T12:52:10+00:00\" \/>\n<meta property=\"og:image\" content=\"http:\/\/jackpotlotteryonline.com\/wp-content\/uploads\/2022\/11\/read1.jpg\" \/>\n<meta name=\"twitter:card\" content=\"summary_large_image\" \/>\n<meta name=\"twitter:label1\" content=\"Predpokladan\u00fd \u010das \u010d\u00edtania\" \/>\n\t<meta name=\"twitter:data1\" content=\"3 min\u00faty\" \/>\n<!-- \/ Yoast SEO plugin. -->","yoast_head_json":{"title":"K\u00fapte si tikety online pre britsk\u00fa lot\u00e9riu z kraj\u00edn mimo Spojen\u00e9ho kr\u00e1\u013eovstva","description":"Ako funguje lot\u00e9ria UK Lottery a ako si k\u00fapi\u0165 tiket a vyhra\u0165 online z \u00fazemia mimo Spojen\u00e9ho kr\u00e1\u013eovstva","robots":{"index":"index","follow":"follow","max-snippet":"max-snippet:-1","max-image-preview":"max-image-preview:large","max-video-preview":"max-video-preview:-1"},"canonical":"https:\/\/jackpotlotteryonline.com\/sk\/kupit-vstupenky\/uk-lottery\/","og_locale":"sk_SK","og_type":"article","og_title":"K\u00fapte si tikety online pre britsk\u00fa lot\u00e9riu z kraj\u00edn mimo Spojen\u00e9ho kr\u00e1\u013eovstva","og_description":"Ako funguje lot\u00e9ria UK Lottery a ako si k\u00fapi\u0165 tiket a vyhra\u0165 online z \u00fazemia mimo Spojen\u00e9ho kr\u00e1\u013eovstva","og_url":"https:\/\/jackpotlotteryonline.com\/sk\/kupit-vstupenky\/uk-lottery\/","og_site_name":"Lotto Online - Crack The International Lottery Jackpots","article_modified_time":"2022-12-22T12:52:10+00:00","og_image":[{"url":"http:\/\/jackpotlotteryonline.com\/wp-content\/uploads\/2022\/11\/read1.jpg"}],"twitter_card":"summary_large_image","twitter_misc":{"Predpokladan\u00fd \u010das \u010d\u00edtania":"3 min\u00faty"},"schema":{"@context":"https:\/\/schema.org","@graph":[{"@type":"WebPage","@id":"https:\/\/jackpotlotteryonline.com\/sk\/kupit-vstupenky\/uk-lottery\/","url":"https:\/\/jackpotlotteryonline.com\/sk\/kupit-vstupenky\/uk-lottery\/","name":"K\u00fapte si tikety online pre britsk\u00fa lot\u00e9riu z kraj\u00edn mimo Spojen\u00e9ho kr\u00e1\u013eovstva","isPartOf":{"@id":"https:\/\/jackpotlotteryonline.com\/#website"},"primaryImageOfPage":{"@id":"https:\/\/jackpotlotteryonline.com\/sk\/kupit-vstupenky\/uk-lottery\/#primaryimage"},"image":{"@id":"https:\/\/jackpotlotteryonline.com\/sk\/kupit-vstupenky\/uk-lottery\/#primaryimage"},"thumbnailUrl":"http:\/\/jackpotlotteryonline.com\/wp-content\/uploads\/2022\/11\/read1.jpg","datePublished":"2022-11-09T10:16:41+00:00","dateModified":"2022-12-22T12:52:10+00:00","description":"Ako funguje lot\u00e9ria UK Lottery a ako si k\u00fapi\u0165 tiket a vyhra\u0165 online z \u00fazemia mimo Spojen\u00e9ho kr\u00e1\u013eovstva","breadcrumb":{"@id":"https:\/\/jackpotlotteryonline.com\/sk\/kupit-vstupenky\/uk-lottery\/#breadcrumb"},"inLanguage":"sk-SK","potentialAction":[{"@type":"ReadAction","target":["https:\/\/jackpotlotteryonline.com\/sk\/kupit-vstupenky\/uk-lottery\/"]}]},{"@type":"ImageObject","inLanguage":"sk-SK","@id":"https:\/\/jackpotlotteryonline.com\/sk\/kupit-vstupenky\/uk-lottery\/#primaryimage","url":"http:\/\/jackpotlotteryonline.com\/wp-content\/uploads\/2022\/11\/read1.jpg","contentUrl":"http:\/\/jackpotlotteryonline.com\/wp-content\/uploads\/2022\/11\/read1.jpg"},{"@type":"BreadcrumbList","@id":"https:\/\/jackpotlotteryonline.com\/sk\/kupit-vstupenky\/uk-lottery\/#breadcrumb","itemListElement":[{"@type":"ListItem","position":1,"name":"Home","item":"https:\/\/jackpotlotteryonline.com\/sk\/"},{"@type":"ListItem","position":2,"name":"Ako si k\u00fapi\u0165 vstupenky do lot\u00e9rie online","item":"https:\/\/jackpotlotteryonline.com\/buy-tickets\/"},{"@type":"ListItem","position":3,"name":"Britsk\u00e1 lot\u00e9ria"}]},{"@type":"WebSite","@id":"https:\/\/jackpotlotteryonline.com\/#website","url":"https:\/\/jackpotlotteryonline.com\/","name":"Lotto Online - Crack The International Lottery Jackpots","description":"","potentialAction":[{"@type":"SearchAction","target":{"@type":"EntryPoint","urlTemplate":"https:\/\/jackpotlotteryonline.com\/?s={search_term_string}"},"query-input":"required name=search_term_string"}],"inLanguage":"sk-SK"}]}},"_links":{"self":[{"href":"https:\/\/jackpotlotteryonline.com\/sk\/wp-json\/wp\/v2\/pages\/36909","targetHints":{"allow":["GET"]}}],"collection":[{"href":"https:\/\/jackpotlotteryonline.com\/sk\/wp-json\/wp\/v2\/pages"}],"about":[{"href":"https:\/\/jackpotlotteryonline.com\/sk\/wp-json\/wp\/v2\/types\/page"}],"author":[{"embeddable":true,"href":"https:\/\/jackpotlotteryonline.com\/sk\/wp-json\/wp\/v2\/users\/1"}],"replies":[{"embeddable":true,"href":"https:\/\/jackpotlotteryonline.com\/sk\/wp-json\/wp\/v2\/comments?post=36909"}],"version-history":[{"count":0,"href":"https:\/\/jackpotlotteryonline.com\/sk\/wp-json\/wp\/v2\/pages\/36909\/revisions"}],"up":[{"embeddable":true,"href":"https:\/\/jackpotlotteryonline.com\/sk\/wp-json\/wp\/v2\/pages\/35778"}],"wp:attachment":[{"href":"https:\/\/jackpotlotteryonline.com\/sk\/wp-json\/wp\/v2\/media?parent=36909"}],"curies":[{"name":"wp","href":"https:\/\/api.w.org\/{rel}","templated":true}]}}