{"id":36962,"date":"2022-11-09T11:34:22","date_gmt":"2022-11-09T11:34:22","guid":{"rendered":"https:\/\/jackpotlotteryonline.com\/?page_id=36962"},"modified":"2023-01-04T08:22:26","modified_gmt":"2023-01-04T08:22:26","slug":"set-for-life","status":"publish","type":"page","link":"https:\/\/jackpotlotteryonline.com\/sk\/kupit-vstupenky\/set-for-life\/","title":{"rendered":"K\u00fapi\u0165 vstupenky Set for Life"},"content":{"rendered":"<p>Ste pripraven\u00ed na \u0161ancu by\u0165 Set for life? Nie je lep\u0161\u00ed \u010das ako s\u00fa\u010dasnos\u0165, aby ste si vysk\u00fa\u0161ali mo\u017enos\u0165 vyhra\u0165 10 000 libier ka\u017ed\u00fd mesiac po\u010das nasleduj\u00facich 30 rokov a v\u0161etko sa za\u010d\u00edna <a href=\"https:\/\/jackpotlotteryonline.com\/sk\/ako-hrat\/saturday-lotto-2\">hran\u00edm lot\u00e9rie v Spojenom kr\u00e1\u013eovstve.<\/a><\/p>\n<p>T\u00fato lot\u00e9riu prev\u00e1dzkuje N\u00e1rodn\u00e1 lot\u00e9ria Spojen\u00e9ho kr\u00e1\u013eovstva a jej prv\u00e9 \u017erebovanie sa uskuto\u010dnilo v roku 1999. Odvtedy je ob\u013e\u00fabenou lot\u00e9riou britsk\u00fdch hr\u00e1\u010dov, preto\u017ee sa zd\u00e1, \u017ee \u0165ahu 10 000 libier mesa\u010dne po dobu 30 rokov je takmer pr\u00edli\u0161 \u0165a\u017ek\u00e9 odola\u0165. Ani vy by ste nemali, ak na tom z\u00e1le\u017e\u00ed. Vyhra\u0165 v tejto lot\u00e9rii je takmer to ist\u00e9, ako keby k v\u00e1m domov ka\u017ed\u00fd mesiac pri\u0161iel Je\u017ei\u0161ko.<br \/>\n<img loading=\"lazy\" decoding=\"async\" class=\"alignright size-medium wp-image-35457\" src=\"https:\/\/jackpotlotteryonline.com\/wp-content\/uploads\/2022\/11\/2_ticket_uk_lottery-192x300.jpg\" alt=\"Vstupenky Set for Life\" width=\"192\" height=\"300\" srcset=\"https:\/\/jackpotlotteryonline.com\/wp-content\/uploads\/2022\/11\/2_ticket_uk_lottery-192x300.jpg 192w, https:\/\/jackpotlotteryonline.com\/wp-content\/uploads\/2022\/11\/2_ticket_uk_lottery.jpg 250w\" sizes=\"auto, (max-width: 192px) 100vw, 192px\" \/><\/p>\n<p>Tikety tejto britskej lot\u00e9rie sa pred\u00e1vaj\u00fa v \u0161irokej sieti predajcov v krajine. Ak v\u0161ak \u017eijete mimo Spojen\u00e9ho kr\u00e1\u013eovstva, neexistuje d\u00f4vod, pre\u010do by ste si nemohli k\u00fapi\u0165 tikety do tejto lot\u00e9rie aj vy. Str\u00e1nka Jackpotlotteryonline.com poskytuje lotto nad\u0161encom pr\u00edstup k najlep\u0161\u00edm medzin\u00e1rodn\u00fdm lot\u00e9ri\u00e1m z pohodlia ich po\u010d\u00edta\u010dov alebo mobiln\u00fdch zariaden\u00ed.<\/p>\n<p>Zaregistrujte sa u n\u00e1s a za\u010dnite hra\u0165 lot\u00e9rie v Spojenom kr\u00e1\u013eovstve a vo zvy\u0161ku sveta.<\/p>\n<h2>Ako hra\u0165 Set for Life online<\/h2>\n<p>T\u00e1to lot\u00e9ria sa l\u00ed\u0161i od ostatn\u00fdch lot\u00e9ri\u00ed, preto\u017ee ide o lot\u00e9riu na renty, tak\u017ee v\u00fdhercovia neod\u00eddu domov s mili\u00f3nmi eur alebo libier. Jedin\u00fd rozdiel je v\u0161ak v sp\u00f4sobe odovzd\u00e1vania v\u00fdhry. Podobne ako pri in\u00fdch lot\u00e9ri\u00e1ch si hr\u00e1\u010d mus\u00ed vybra\u0165 hlavn\u00e9 \u010d\u00edsla z ur\u010dit\u00e9ho rozsahu a \u0161peci\u00e1lne \u010d\u00edslo.<\/p>\n<p>Ak chcete z\u00edska\u0165 tikety Set for Life online, nav\u0161t\u00edvte vybran\u00fa str\u00e1nku a potom si vyberte p\u00e4\u0165 hlavn\u00fdch \u010d\u00edsel v rozmedz\u00ed od 1 do 47. Vyberte si \u010fal\u0161ie bonusov\u00e9 \u010d\u00edslo naz\u00fdvan\u00e9 &#8220;\u010d\u00edslo Life Ball&#8221; z rozsahu 1 a\u017e 10. M\u00f4\u017eete pou\u017ei\u0165 bu\u010f svoje \u0161\u0165astn\u00e9 \u010d\u00edsla, alebo pou\u017ei\u0165 n\u00e1stroj automatick\u00e9ho v\u00fdberu, ktor\u00fd vyberie n\u00e1hodn\u00fd rad \u010d\u00edsel. M\u00f4\u017eete si tie\u017e vybra\u0165 viac radov \u010d\u00edsel, aby ste zv\u00fd\u0161ili svoje \u0161ance na v\u00fdhru.<\/p>\n<p>Ak chcete vyhra\u0165 v lot\u00e9rii, mus\u00edte ma\u0165 zhodu so v\u0161etk\u00fdmi 6 vy\u017erebovan\u00fdmi \u010d\u00edslami. Ak sa u n\u00e1s zaregistrujete, m\u00f4\u017eete sa do <a href=\"https:\/\/jackpotlotteryonline.com\/sk\/vyherne-cisla\/set-for-life\">\u017erebovania zapoji\u0165 nieko\u013eko t\u00fd\u017ed\u0148ov vopred.<\/a><\/p>\n<h2>V\u00fdhry<\/h2>\n<p><img loading=\"lazy\" decoding=\"async\" class=\"size-medium wp-image-30128 alignright\" src=\"https:\/\/jackpotlotteryonline.com\/wp-content\/uploads\/2022\/11\/1_win_online_lottery_jackpot-300x182.jpg\" alt=\"V\u00fdhra v britskej lot\u00e9rii\" width=\"300\" height=\"182\" srcset=\"https:\/\/jackpotlotteryonline.com\/wp-content\/uploads\/2022\/11\/1_win_online_lottery_jackpot-300x182.jpg 300w, https:\/\/jackpotlotteryonline.com\/wp-content\/uploads\/2022\/11\/1_win_online_lottery_jackpot.jpg 320w\" sizes=\"auto, (max-width: 300px) 100vw, 300px\" \/><\/p>\n<p>Hovorili sme teda o jackpote, ktor\u00fd je 10 000 libier ka\u017ed\u00fd mesiac po dobu 30 rokov. To v\u0161ak nie je jedin\u00e1 v\u00fdhra pre hr\u00e1\u010dov tejto lot\u00e9rie. Ak napr\u00edklad traf\u00edte len 5 hlavn\u00fdch \u010d\u00edsel, z\u00edskate ka\u017ed\u00fd mesiac po dobu jedn\u00e9ho roka 10 000 GBP. To nie je zl\u00e9, v\u0161ak?<\/p>\n<p>Pozrime sa na rozdelenie v\u00fdhier a na to, \u010do m\u00f4\u017eu hr\u00e1\u010di o\u010dak\u00e1va\u0165, ke\u010f si k\u00fapia tikety tejto britskej lot\u00e9rie.<\/p>\n<p>Uhodnite 5 hlavn\u00fdch \u010d\u00edsel + Life Ball &#8211; 10 000 GBP ka\u017ed\u00fd mesiac po dobu 30 rokov<br \/>\nIba 5 hlavn\u00fdch \u010d\u00edsel &#8211; 10 000 GBP ka\u017ed\u00fd mesiac po dobu 1 roka<br \/>\nZodpovedaj\u00fa 4 hlavn\u00fdm \u010d\u00edslam + Life Ball &#8211; 250 GBP<br \/>\nUhodnite len 4 hlavn\u00e9 \u010d\u00edsla &#8211; 50 GBP<br \/>\n3 hlavn\u00e9 \u010d\u00edsla + Life Ball &#8211; 30 GBP<br \/>\nZ\u00e1pas len o 3 hlavn\u00e9 \u010d\u00edsla &#8211; 20 GBP<br \/>\n2 hlavn\u00e9 \u010d\u00edsla + lopti\u010dka Life &#8211; 10 GBP<br \/>\nLen 2 hlavn\u00e9 \u010d\u00edsla &#8211; 5 GBP<\/p>\n<h2>Vyzdvihnutie v\u00fdhry<\/h2>\n<p>Na vyzdvihnutie v\u00fdhry m\u00e1te 180 dn\u00ed, inak si ju u\u017e nem\u00f4\u017eete n\u00e1rokova\u0165. V\u00fdhry v lot\u00e9rii v Spojenom kr\u00e1\u013eovstve s\u00fa osloboden\u00e9 od dan\u00ed, tak\u017ee si m\u00f4\u017eete u\u017e\u00edva\u0165 v\u0161etky svoje v\u00fdhry pod\u013ea vlastn\u00e9ho uv\u00e1\u017eenia. Pre t\u00fdch, ktor\u00ed hraj\u00fa mimo krajiny, je v\u0161ak dobr\u00e9 zisti\u0165 si, ak\u00e9 s\u00fa da\u0148ov\u00e9 z\u00e1kony v mieste v\u00e1\u0161ho bydliska.<\/p>\n<section class=\"layout\" style=\"border: solid 1px; width: 100%;\">\n<div class=\"img-div\" style=\"margin-top: 5px;\"><img decoding=\"async\" class=\"wp-image-17212 alignleft\" style=\"height: 45px; margin: 8px 8px 0px;\" src=\"https:\/\/jackpotlotteryonline.com\/wp-content\/uploads\/2022\/11\/read1.jpg\" alt=\"pre\u010d\u00edtajte si\" width=\"\" height=\"\" \/><\/div>\n<div style=\"padding-left: 5px;\">\n<div style=\"font-size: 1.1em;\">\n<p><strong>Dane z v\u00fdhier v lot\u00e9rii<\/strong><\/p>\n<p style=\"font-size: 0.85em; margin-top: -1.5em;\">Mus\u00edm plati\u0165 dane z v\u00fdhier v lot\u00e9rii?\u00a0 <a href=\"https:\/\/jackpotlotteryonline.com\/sk\/musim-platit-dane-z-vyhier-v-loterii\">pre\u010d\u00edtajte si viac<\/a><\/p>\n<\/div>\n<\/div>\n<\/section>\n<h2>\u00da\u017easn\u00e1 \u017eivotn\u00e1 pr\u00edle\u017eitos\u0165<\/h2>\n<p>\u0160anca vyhra\u0165 Set for Life je \u017eivotn\u00e1 pr\u00edle\u017eitos\u0165. Znamen\u00e1 to, \u017ee v pr\u00edpade v\u00fdhry sa u\u017e nikdy nebudete musie\u0165 stara\u0165 o svoje financie. Existuj\u00fa pr\u00edbehy v\u00fdhercov lot\u00e9rie, ktor\u00ed minuli cel\u00e9 svoje bohatstvo a teraz s\u00fa na mizine. S touto lot\u00e9riou sa v\u00e1m to nemus\u00ed sta\u0165. Aj ke\u010f ho cel\u00fd miniete v prvom mesiaci, viete, \u017ee \u010fal\u0161\u00ed mesiac ho m\u00f4\u017eete vyu\u017ei\u0165 lep\u0161ie.<\/p>\n<p>Prem\u00fd\u0161\u013eajte o tom, \u010do by znamenalo dost\u00e1va\u0165 tak\u00fato sumu ka\u017ed\u00fd mesiac po dobu 30 rokov.<\/p>\n<h2>Zaregistrujte sa u n\u00e1s a hrajte hru Set for Life<\/h2>\n<p>Z\u00edska\u0165 l\u00edstok do britskej lot\u00e9rie o anuitu odkia\u013eko\u013evek nebolo nikdy jednoduch\u0161ie. Ke\u010f sa u n\u00e1s zaregistrujete, u\u013eah\u010d\u00edme v\u00e1m bezprobl\u00e9mov\u00e9 a bezstarostn\u00e9 hranie najlep\u0161\u00edch lot\u00e9ri\u00ed na celom svete. Ide n\u00e1m o vytv\u00e1ranie nezabudnute\u013en\u00fdch z\u00e1\u017eitkov pre na\u0161ich z\u00e1kazn\u00edkov. Preto sa u n\u00e1s zaregistrujte e\u0161te dnes a k\u00fapte si tikety Set for Life odkia\u013eko\u013evek na svete.<\/p>\n","protected":false},"excerpt":{"rendered":"<p>Ste pripraven\u00ed na \u0161ancu by\u0165 Set for life? Nie je lep\u0161\u00ed \u010das ako s\u00fa\u010dasnos\u0165, aby ste si vysk\u00fa\u0161ali mo\u017enos\u0165 vyhra\u0165 10 000 libier ka\u017ed\u00fd mesiac po\u010das nasleduj\u00facich 30 rokov a v\u0161etko sa za\u010d\u00edna hran\u00edm lot\u00e9rie v Spojenom kr\u00e1\u013eovstve. T\u00fato lot\u00e9riu prev\u00e1dzkuje N\u00e1rodn\u00e1 lot\u00e9ria Spojen\u00e9ho kr\u00e1\u013eovstva a jej prv\u00e9 \u017erebovanie sa uskuto\u010dnilo v roku 1999. Odvtedy [&hellip;]<\/p>\n","protected":false},"author":1,"featured_media":0,"parent":35778,"menu_order":11,"comment_status":"closed","ping_status":"closed","template":"set-for-life-info.php","meta":{"_et_pb_use_builder":"","_et_pb_old_content":"","_et_gb_content_width":"","exclude_from_search":false,"footnotes":""},"class_list":["post-36962","page","type-page","status-publish","hentry"],"yoast_head":"<!-- This site is optimized with the Yoast SEO plugin v23.3 - https:\/\/yoast.com\/wordpress\/plugins\/seo\/ -->\n<title>K\u00fapi\u0165 vstupenky na Set for life mimo Ve\u013ekej Brit\u00e1nie | Z\u00edskajte vstupenky na Set for life online<\/title>\n<meta name=\"description\" content=\"Set for Life je ve\u013emi \u0161peci\u00e1lna lot\u00e9ria, ale aby ste sa jej mohli z\u00fa\u010dastni\u0165 z kraj\u00edn mimo Spojen\u00e9ho kr\u00e1\u013eovstva, mus\u00edte si k\u00fapi\u0165 l\u00edstok online tu\" \/>\n<meta name=\"robots\" content=\"index, follow, max-snippet:-1, max-image-preview:large, max-video-preview:-1\" \/>\n<link rel=\"canonical\" href=\"https:\/\/jackpotlotteryonline.com\/sk\/kupit-vstupenky\/set-for-life\/\" \/>\n<meta property=\"og:locale\" content=\"sk_SK\" \/>\n<meta property=\"og:type\" content=\"article\" \/>\n<meta property=\"og:title\" content=\"K\u00fapi\u0165 vstupenky na Set for life mimo Ve\u013ekej Brit\u00e1nie | Z\u00edskajte vstupenky na Set for life online\" \/>\n<meta property=\"og:description\" content=\"Set for Life je ve\u013emi \u0161peci\u00e1lna lot\u00e9ria, ale aby ste sa jej mohli z\u00fa\u010dastni\u0165 z kraj\u00edn mimo Spojen\u00e9ho kr\u00e1\u013eovstva, mus\u00edte si k\u00fapi\u0165 l\u00edstok online tu\" \/>\n<meta property=\"og:url\" content=\"https:\/\/jackpotlotteryonline.com\/sk\/kupit-vstupenky\/set-for-life\/\" \/>\n<meta property=\"og:site_name\" content=\"Lotto Online - Crack The International Lottery Jackpots\" \/>\n<meta property=\"article:modified_time\" content=\"2023-01-04T08:22:26+00:00\" \/>\n<meta property=\"og:image\" content=\"https:\/\/jackpotlotteryonline.com\/wp-content\/uploads\/2022\/11\/2_ticket_uk_lottery-192x300.jpg\" \/>\n<meta name=\"twitter:card\" content=\"summary_large_image\" \/>\n<meta name=\"twitter:label1\" content=\"Predpokladan\u00fd \u010das \u010d\u00edtania\" \/>\n\t<meta name=\"twitter:data1\" content=\"4 min\u00faty\" \/>\n<!-- \/ Yoast SEO plugin. -->","yoast_head_json":{"title":"K\u00fapi\u0165 vstupenky na Set for life mimo Ve\u013ekej Brit\u00e1nie | Z\u00edskajte vstupenky na Set for life online","description":"Set for Life je ve\u013emi \u0161peci\u00e1lna lot\u00e9ria, ale aby ste sa jej mohli z\u00fa\u010dastni\u0165 z kraj\u00edn mimo Spojen\u00e9ho kr\u00e1\u013eovstva, mus\u00edte si k\u00fapi\u0165 l\u00edstok online tu","robots":{"index":"index","follow":"follow","max-snippet":"max-snippet:-1","max-image-preview":"max-image-preview:large","max-video-preview":"max-video-preview:-1"},"canonical":"https:\/\/jackpotlotteryonline.com\/sk\/kupit-vstupenky\/set-for-life\/","og_locale":"sk_SK","og_type":"article","og_title":"K\u00fapi\u0165 vstupenky na Set for life mimo Ve\u013ekej Brit\u00e1nie | Z\u00edskajte vstupenky na Set for life online","og_description":"Set for Life je ve\u013emi \u0161peci\u00e1lna lot\u00e9ria, ale aby ste sa jej mohli z\u00fa\u010dastni\u0165 z kraj\u00edn mimo Spojen\u00e9ho kr\u00e1\u013eovstva, mus\u00edte si k\u00fapi\u0165 l\u00edstok online tu","og_url":"https:\/\/jackpotlotteryonline.com\/sk\/kupit-vstupenky\/set-for-life\/","og_site_name":"Lotto Online - Crack The International Lottery Jackpots","article_modified_time":"2023-01-04T08:22:26+00:00","og_image":[{"url":"https:\/\/jackpotlotteryonline.com\/wp-content\/uploads\/2022\/11\/2_ticket_uk_lottery-192x300.jpg"}],"twitter_card":"summary_large_image","twitter_misc":{"Predpokladan\u00fd \u010das \u010d\u00edtania":"4 min\u00faty"},"schema":{"@context":"https:\/\/schema.org","@graph":[{"@type":"WebPage","@id":"https:\/\/jackpotlotteryonline.com\/sk\/kupit-vstupenky\/set-for-life\/","url":"https:\/\/jackpotlotteryonline.com\/sk\/kupit-vstupenky\/set-for-life\/","name":"K\u00fapi\u0165 vstupenky na Set for life mimo Ve\u013ekej Brit\u00e1nie | Z\u00edskajte vstupenky na Set for life online","isPartOf":{"@id":"https:\/\/jackpotlotteryonline.com\/#website"},"primaryImageOfPage":{"@id":"https:\/\/jackpotlotteryonline.com\/sk\/kupit-vstupenky\/set-for-life\/#primaryimage"},"image":{"@id":"https:\/\/jackpotlotteryonline.com\/sk\/kupit-vstupenky\/set-for-life\/#primaryimage"},"thumbnailUrl":"https:\/\/jackpotlotteryonline.com\/wp-content\/uploads\/2022\/11\/2_ticket_uk_lottery-192x300.jpg","datePublished":"2022-11-09T11:34:22+00:00","dateModified":"2023-01-04T08:22:26+00:00","description":"Set for Life je ve\u013emi \u0161peci\u00e1lna lot\u00e9ria, ale aby ste sa jej mohli z\u00fa\u010dastni\u0165 z kraj\u00edn mimo Spojen\u00e9ho kr\u00e1\u013eovstva, mus\u00edte si k\u00fapi\u0165 l\u00edstok online tu","breadcrumb":{"@id":"https:\/\/jackpotlotteryonline.com\/sk\/kupit-vstupenky\/set-for-life\/#breadcrumb"},"inLanguage":"sk-SK","potentialAction":[{"@type":"ReadAction","target":["https:\/\/jackpotlotteryonline.com\/sk\/kupit-vstupenky\/set-for-life\/"]}]},{"@type":"ImageObject","inLanguage":"sk-SK","@id":"https:\/\/jackpotlotteryonline.com\/sk\/kupit-vstupenky\/set-for-life\/#primaryimage","url":"https:\/\/jackpotlotteryonline.com\/wp-content\/uploads\/2022\/11\/2_ticket_uk_lottery-192x300.jpg","contentUrl":"https:\/\/jackpotlotteryonline.com\/wp-content\/uploads\/2022\/11\/2_ticket_uk_lottery-192x300.jpg"},{"@type":"BreadcrumbList","@id":"https:\/\/jackpotlotteryonline.com\/sk\/kupit-vstupenky\/set-for-life\/#breadcrumb","itemListElement":[{"@type":"ListItem","position":1,"name":"Home","item":"https:\/\/jackpotlotteryonline.com\/sk\/"},{"@type":"ListItem","position":2,"name":"Ako si k\u00fapi\u0165 vstupenky do lot\u00e9rie online","item":"https:\/\/jackpotlotteryonline.com\/buy-tickets\/"},{"@type":"ListItem","position":3,"name":"K\u00fapi\u0165 vstupenky Set for Life"}]},{"@type":"WebSite","@id":"https:\/\/jackpotlotteryonline.com\/#website","url":"https:\/\/jackpotlotteryonline.com\/","name":"Lotto Online - Crack The International Lottery Jackpots","description":"","potentialAction":[{"@type":"SearchAction","target":{"@type":"EntryPoint","urlTemplate":"https:\/\/jackpotlotteryonline.com\/?s={search_term_string}"},"query-input":"required name=search_term_string"}],"inLanguage":"sk-SK"}]}},"_links":{"self":[{"href":"https:\/\/jackpotlotteryonline.com\/sk\/wp-json\/wp\/v2\/pages\/36962","targetHints":{"allow":["GET"]}}],"collection":[{"href":"https:\/\/jackpotlotteryonline.com\/sk\/wp-json\/wp\/v2\/pages"}],"about":[{"href":"https:\/\/jackpotlotteryonline.com\/sk\/wp-json\/wp\/v2\/types\/page"}],"author":[{"embeddable":true,"href":"https:\/\/jackpotlotteryonline.com\/sk\/wp-json\/wp\/v2\/users\/1"}],"replies":[{"embeddable":true,"href":"https:\/\/jackpotlotteryonline.com\/sk\/wp-json\/wp\/v2\/comments?post=36962"}],"version-history":[{"count":0,"href":"https:\/\/jackpotlotteryonline.com\/sk\/wp-json\/wp\/v2\/pages\/36962\/revisions"}],"up":[{"embeddable":true,"href":"https:\/\/jackpotlotteryonline.com\/sk\/wp-json\/wp\/v2\/pages\/35778"}],"wp:attachment":[{"href":"https:\/\/jackpotlotteryonline.com\/sk\/wp-json\/wp\/v2\/media?parent=36962"}],"curies":[{"name":"wp","href":"https:\/\/api.w.org\/{rel}","templated":true}]}}