{"id":37015,"date":"2022-11-09T13:30:03","date_gmt":"2022-11-09T13:30:03","guid":{"rendered":"https:\/\/jackpotlotteryonline.com\/?page_id=37015"},"modified":"2022-12-24T09:07:18","modified_gmt":"2022-12-24T09:07:18","slug":"mega-sena","status":"publish","type":"page","link":"https:\/\/jackpotlotteryonline.com\/sk\/kupit-vstupenky\/mega-sena\/","title":{"rendered":"K\u00fapi\u0165 vstupenky Mega Sena"},"content":{"rendered":"<p>Mega Sena je najv\u00e4\u010d\u0161ia lot\u00e9ria v Braz\u00edlii s jedn\u00fdm z najv\u00e4\u010d\u0161\u00edch jackpotov na svete. Niet divu, \u017ee st\u00e1vkuj\u00faci na celom svete t\u00fa\u017eia po \u0161anci vyhra\u0165 tento jackpot. Zauj\u00edmav\u00e9 je, \u017ee Mega Sena je aj jednoduch\u00e1 lot\u00e9ria, jednoduch\u0161ia ako mnoh\u00e9 in\u00e9 medzin\u00e1rodn\u00e9 lot\u00e9rie. Jednoduchos\u0165 hrania lot\u00e9rie, vysok\u00fd jackpot a priazniv\u00e9 kurzy &#8211; to v\u0161etko dohromady rob\u00ed t\u00fato lot\u00e9riu nesmierne atrakt\u00edvnou pre hr\u00e1\u010dov na celom svete.<\/p>\n<p><a href=\"https:\/\/jackpotlotteryonline.com\/sk\/ako-hrat\/mega-sena-2\">Hranie lot\u00e9rie Mega Sena<\/a> je tak\u00e9 jednoduch\u00e9, ako je zhoda \u0161iestich vy\u017erebovan\u00fdch \u010d\u00edsel. Pri hran\u00ed tejto lot\u00e9rie nie s\u00fa k dispoz\u00edcii \u017eiadne \u0161peci\u00e1lne alebo bonusov\u00e9 \u010d\u00edsla. Sta\u010d\u00ed si vybra\u0165 6 \u010d\u00edsel od 1 do 60 a <a href=\"https:\/\/jackpotlotteryonline.com\/sk\/ako-hrat\/mega-sena-2\">zapoji\u0165 sa do \u017erebovania<\/a>.<\/p>\n<p>Hoci na vstup do \u017erebovania mus\u00edte vybra\u0165 \u0161es\u0165 \u010d\u00edsel, po\u010det l\u00edni\u00ed, ktor\u00e9 si m\u00f4\u017eete vybra\u0165, nie je obmedzen\u00fd. M\u00f4\u017eete si teda vybra\u0165 desa\u0165 l\u00edni\u00ed so \u0161iestimi \u010d\u00edslami, aby ste zv\u00fd\u0161ili svoje \u0161ance na v\u00fdhru v lot\u00e9rii.<\/p>\n<h2>Kde si m\u00f4\u017eete k\u00fapi\u0165 tikety Mega Sena<\/h2>\n<p><img loading=\"lazy\" decoding=\"async\" class=\"alignright size-full wp-image-28778\" src=\"https:\/\/jackpotlotteryonline.com\/wp-content\/uploads\/2022\/11\/1_online_ticket_eurojackpot2.jpg\" alt=\"k\u00fapi\u0165 vstupenky na Mega Sena\" width=\"300\" height=\"200\" \/><\/p>\n<p>Ak \u017eijete v Braz\u00edlii, \u00fa\u010das\u0165 v tejto lot\u00e9rii je tak\u00e1 jednoduch\u00e1, ako ke\u010f si z\u00e1jdete k predajcovi lot\u00e9rie a k\u00fapite si tikety. Pre hr\u00e1\u010dov, ktor\u00ed \u017eij\u00fa mimo krajiny, to v\u0161ak m\u00f4\u017ee predstavova\u0165 ur\u010dit\u00fd probl\u00e9m. Ak \u017eijete mimo tejto jurisdikcie, m\u00e1te k dispoz\u00edcii jednu mo\u017enos\u0165. L\u00edstky si budete musie\u0165 k\u00fapi\u0165 online.<\/p>\n<h2>N\u00e1kup tiketov Mega Sena online<\/h2>\n<p>Hranie lot\u00e9rie online je pomerne jednoduch\u00e9 a d\u00e1va hr\u00e1\u010dom mo\u017enos\u0165 zapoji\u0165 sa do lot\u00e9ri\u00ed z cel\u00e9ho sveta. Za norm\u00e1lnych okolnost\u00ed by hr\u00e1\u010di, ktor\u00ed ne\u017eij\u00fa v danej krajine, nemohli hra\u0165 lot\u00e9riu z tejto krajiny. Internet zdemokratizoval \u00fa\u010das\u0165 v lot\u00e9rii t\u00fdm, \u017ee poskytol mo\u017enos\u0165 hr\u00e1\u010dom, ktor\u00ed boli predt\u00fdm znev\u00fdhodnen\u00ed geografick\u00fdmi hranicami.<\/p>\n<p>Teraz je hranie lot\u00e9rie Mega Sena tak\u00e9 jednoduch\u00e9 ako n\u00e1v\u0161teva online lot\u00e9riovej str\u00e1nky, ako je jackpotlotteryonline.com. Tam si m\u00f4\u017eete zak\u00fapi\u0165 tiket v\u00fdberom \u010d\u00edsel a potom sa rozhodn\u00fa\u0165, ko\u013ek\u00fdch \u017erebovan\u00ed sa chcete z\u00fa\u010dastni\u0165. Po tom, \u010do to urob\u00edte, sta\u010d\u00ed u\u017e len \u010daka\u0165 na v\u00fdsledky \u017erebovania.<\/p>\n<h2>Ak\u00fd je jackpot tejto lot\u00e9rie?<\/h2>\n<p>Spomenuli sme, \u017ee Mega Sena je jednou z najv\u00e4\u010d\u0161\u00edch lot\u00e9ri\u00ed na svete? M\u00f4\u017ee sa to zda\u0165 \u0165a\u017eko uverite\u013en\u00e9, ke\u010f si uvedom\u00edte, \u017ee po\u010diato\u010dn\u00e1 v\u00fdhra je 450 000 USD, najm\u00e4 ke\u010f ju postav\u00edte ved\u013ea niektor\u00fdch in\u00fdch lot\u00e9ri\u00ed s vy\u0161\u0161\u00edmi po\u010diato\u010dn\u00fdmi jackpotmi.<\/p>\n<p>Kr\u00e1sa Mega Seny v\u0161ak spo\u010d\u00edva v tom, \u017ee jackpoty sa m\u00f4\u017eu prevali\u0165 na neuverite\u013ene vysok\u00e9 sumy. Niektor\u00e9 z najv\u00e4\u010d\u0161\u00edch jackpotov, ktor\u00e9 hr\u00e1\u010di Mega Seny vyhrali, dosahovali mili\u00f3ny americk\u00fdch dol\u00e1rov. Najv\u00e4\u010d\u0161\u00ed jackpot bol nie\u010do vy\u0161e 73 mili\u00f3nov dol\u00e1rov.<\/p>\n<p>Ke\u010f to zv\u00e1\u017eite, potom je jasn\u00e9, \u017ee hranie lot\u00e9rie Mega Sena m\u00f4\u017ee by\u0165 ve\u013emi dobrou vo\u013ebou, ke\u010f h\u013ead\u00e1te lot\u00e9rie, do ktor\u00fdch sa m\u00f4\u017eete zapoji\u0165.<\/p>\n<section class=\"layout\" style=\"border: solid 1px; width: 100%;\">\n<div class=\"img-div\" style=\"margin-top: 5px;\"><img decoding=\"async\" class=\"wp-image-17212 alignleft\" style=\"height: 45px; margin: 8px 8px 0px;\" src=\"https:\/\/jackpotlotteryonline.com\/wp-content\/uploads\/2022\/11\/read1.jpg\" alt=\"pre\u010d\u00edtajte si\" width=\"\" height=\"\" \/><\/div>\n<div style=\"padding-left: 5px;\">\n<div style=\"font-size: 1.1em;\">\n<p><strong>Nieko\u013eko trikov a tipov pre v\u00fdber \u010d\u00edsel<\/strong><\/p>\n<p style=\"font-size: 0.85em; margin-top: -1.5em;\">Zv\u00fd\u0161te svoje \u0161ance na v\u00fdhru &#8211; pou\u017eite ur\u010dit\u00fa strat\u00e9giu pri v\u00fdbere \u010d\u00edsel\u00a0 <a href=\"https:\/\/jackpotlotteryonline.com\/sk\/a-niekolko-trikov-a-tipov-na-vyber-cisiel\">\u010d\u00edtaj viac<\/a><\/p>\n<\/div>\n<\/div>\n<\/section>\n<h2>\u010co sa stane, ak v lot\u00e9rii vyhr\u00e1te?<\/h2>\n<p>S touto ot\u00e1zkou sa stret\u00e1vame \u010dasto, najm\u00e4 od t\u00fdch, ktor\u00ed si kupuj\u00fa \u017ereby lot\u00e9rie Mega Sena mimo tejto juhoamerickej krajiny. Mo\u017eno v\u00e1s zauj\u00edma, \u010di mus\u00edte letie\u0165 a\u017e do tejto juhoamerickej krajiny, aby ste si mohli prevzia\u0165 svoju v\u00fdhru. To v\u0161ak v\u00f4bec nie je potrebn\u00e9, hoci ak m\u00e1te chu\u0165 nav\u0161t\u00edvi\u0165 tieto miesta a pokocha\u0165 sa nimi, ur\u010dite si rezervujte letenku.<\/p>\n<p>Ak v\u0161ak h\u013ead\u00e1te bezprobl\u00e9mov\u00fd sp\u00f4sob, ako hra\u0165 lot\u00e9riu a prevzia\u0165 si v\u00fdhru bez v\u0161etk\u00e9ho stresu, potom je pre v\u00e1s skvel\u00fdm sp\u00f4sobom hranie online.<\/p>\n<p>Ke\u010f sa u n\u00e1s zaregistrujete, posunieme v\u00e1s e\u0161te o krok \u010falej t\u00fdm, \u017ee v\u00e1m zabezpe\u010d\u00edme vstup do medzin\u00e1rodn\u00fdch lot\u00e9ri\u00ed pod\u013ea v\u00e1\u0161ho v\u00fdberu vr\u00e1tane lot\u00e9rie Mega Sena. A nielen to, ale svoje v\u00fdhry si m\u00f4\u017eete z na\u0161ej str\u00e1nky aj jednoducho vybra\u0165 na svoj \u00fa\u010det. Hranie lot\u00e9rie nebolo nikdy jednoduch\u0161ie.<\/p>\n<h2>A \u010do Mega da Virada?<\/h2>\n<p><img loading=\"lazy\" decoding=\"async\" class=\"alignright size-full wp-image-35593\" src=\"https:\/\/jackpotlotteryonline.com\/wp-content\/uploads\/2022\/11\/2_ticket_uk_lottery2-1-190x300-1.jpg\" alt=\"L\u00edstok lot\u00e9rie Mega Sena\" width=\"190\" height=\"300\" \/><\/p>\n<p>Sme obzvl\u00e1\u0161\u0165 radi, \u017ee ste sa na \u0148u p\u00fdtali, preto\u017ee ide o jeden z najv\u00e4\u010d\u0161\u00edch jackpotov. V skuto\u010dnosti je to najv\u00e4\u010d\u0161\u00ed jackpot roka v Braz\u00edlii a jeho v\u00fd\u0161ka sa m\u00f4\u017ee vy\u0161plha\u0165 a\u017e na 60 mili\u00f3nov dol\u00e1rov.<\/p>\n<p>Mega da Virada je \u0161peci\u00e1lny jackpot lot\u00e9rie Mega Sena, ktor\u00fd sa kon\u00e1 raz ro\u010dne. \u017drebovanie Mega Virada sa kon\u00e1 ka\u017ed\u00fd rok 31. okt\u00f3bra a d\u00e1va hr\u00e1\u010dom pr\u00edle\u017eitos\u0165 vyhra\u0165 ve\u013ek\u00e9 sumy.<\/p>\n<p>Okrem toho sa v\u00fdhra Mega da Virada nepremieta, tak\u017ee t\u00fato v\u00fdhru treba vyhra\u0165, inak na cel\u00fd rok zanikne.<\/p>\n<h2>Pravideln\u00e9 dni \u017erebovania Mega Sena<\/h2>\n<p>Pri k\u00fape tiketov Mega Sena m\u00e1te mo\u017enos\u0165 z\u00fa\u010dastni\u0165 sa \u017erebovania v stredu alebo v sobotu. Samozrejme, m\u00f4\u017eete sa zapoji\u0165 do oboch, \u010do odpor\u00fa\u010dame, preto\u017ee to zvy\u0161uje va\u0161e \u0161ance na v\u00fdhru.<\/p>\n<p>Ak naozaj t\u00fa\u017eite zv\u00fd\u0161i\u0165 svoje \u0161ance na v\u00fdhru jackpotu, mali by ste zv\u00e1\u017ei\u0165 vstup do lot\u00e9riov\u00e9ho syndik\u00e1tu. V\u00fdhodou je, \u017ee by ste mali pr\u00edstup k fondu, \u010do by v\u00e1m umo\u017enilo z\u00fa\u010dastni\u0165 sa viacer\u00fdch \u017erebovan\u00ed bez toho, aby ste minuli v\u0161etky svoje prostriedky.<\/p>\n<h2>\u00darovne cien<\/h2>\n<p>Lot\u00e9ria Mega Sena m\u00e1 tri \u00farovne cien, ktor\u00e9 zah\u0155\u0148aj\u00fa jackpot. To znamen\u00e1, \u017ee okrem jackpotu maj\u00fa hr\u00e1\u010di mo\u017enos\u0165 vyhra\u0165 aj ceny v \u010fal\u0161\u00edch dvoch kateg\u00f3ri\u00e1ch. Uvedieme ich ni\u017e\u0161ie a uk\u00e1\u017eeme, ako m\u00f4\u017eete v t\u00fdchto \u00farovniach vyhra\u0165.<\/p>\n<p>Zhoda 6 \u010d\u00edsel &#8211; Jackpot &#8211; 35 % z v\u00fdhern\u00e9ho fondu<br \/>\nZodpovedaj\u00facich 5 \u010d\u00edsel &#8211; \u00farove\u0148 2 &#8211; 19 % z v\u00fdhern\u00e9ho fondu<br \/>\nZodpovedaj\u00face 4 \u010d\u00edsla &#8211; \u00farove\u0148 3 &#8211; 19 % z v\u00fdhern\u00e9ho fondu<\/p>\n<p><strong>Zauj\u00edmav\u00fd fakt: \u0161anca na v\u00fdhru ceny, ke\u010f zahr\u00e1te jeden tiket so 6 \u010d\u00edslami, je 1 ku 2 298.<\/strong><\/p>\n<h2>Zaregistrujte sa u n\u00e1s a vst\u00fapte do lot\u00e9rie Mega Sena<\/h2>\n<p>Nedovo\u013ete, aby v\u00e1m v \u00fa\u010dasti v lot\u00e9rii Mega Sena zabr\u00e1nil fakt, \u017ee ne\u017eijete v Ju\u017enej Amerike. \u0160ance na v\u00fdhru s\u00fa ve\u013ek\u00e9 a ceny l\u00e1kav\u00e9. Ak teda \u017eijete mimo Braz\u00edlie, m\u00f4\u017eete si k\u00fapi\u0165 tikety Mega Sena na na\u0161ej str\u00e1nke tak, \u017ee sa u n\u00e1s zaregistrujete.<\/p>\n<p>Pon\u00fakame komplexn\u00e9 rie\u0161enie, ktor\u00e9 zjednodu\u0161uje cel\u00fd proces hrania lot\u00e9rie. Teraz si m\u00f4\u017eete odd\u00fdchnu\u0165 a poda\u0165 st\u00e1vku s \u013eahkos\u0165ou, preto\u017ee t\u00fa stresuj\u00facu \u010das\u0165 zvl\u00e1dneme za v\u00e1s. Pre\u010do si nek\u00fapi\u0165 tikety Mega Sena teraz a z\u00edska\u0165 tak \u0161ancu na ve\u013ek\u00fa v\u00fdhru?<\/p>\n","protected":false},"excerpt":{"rendered":"<p>Mega Sena je najv\u00e4\u010d\u0161ia lot\u00e9ria v Braz\u00edlii s jedn\u00fdm z najv\u00e4\u010d\u0161\u00edch jackpotov na svete. Niet divu, \u017ee st\u00e1vkuj\u00faci na celom svete t\u00fa\u017eia po \u0161anci vyhra\u0165 tento jackpot. Zauj\u00edmav\u00e9 je, \u017ee Mega Sena je aj jednoduch\u00e1 lot\u00e9ria, jednoduch\u0161ia ako mnoh\u00e9 in\u00e9 medzin\u00e1rodn\u00e9 lot\u00e9rie. Jednoduchos\u0165 hrania lot\u00e9rie, vysok\u00fd jackpot a priazniv\u00e9 kurzy &#8211; to v\u0161etko dohromady rob\u00ed [&hellip;]<\/p>\n","protected":false},"author":1,"featured_media":0,"parent":35778,"menu_order":15,"comment_status":"closed","ping_status":"closed","template":"megasena-info.php","meta":{"_et_pb_use_builder":"","_et_pb_old_content":"","_et_gb_content_width":"","exclude_from_search":false,"footnotes":""},"class_list":["post-37015","page","type-page","status-publish","hentry"],"yoast_head":"<!-- This site is optimized with the Yoast SEO plugin v23.3 - https:\/\/yoast.com\/wordpress\/plugins\/seo\/ -->\n<title>K\u00fapi\u0165 vstupenky Mega Sena z kraj\u00edn mimo Braz\u00edlie | Z\u00edskajte vstupenky Mega Sena online<\/title>\n<meta name=\"description\" content=\"Nemus\u00edte by\u0165 v Braz\u00edlii, aby ste sa mohli z\u00fa\u010dastni\u0165 Mega Sena, k\u00fapte si vstupenku na Mega Sena online na na\u0161ej webovej str\u00e1nke\" \/>\n<meta name=\"robots\" content=\"index, follow, max-snippet:-1, max-image-preview:large, max-video-preview:-1\" \/>\n<link rel=\"canonical\" href=\"https:\/\/jackpotlotteryonline.com\/sk\/kupit-vstupenky\/mega-sena\/\" \/>\n<meta property=\"og:locale\" content=\"sk_SK\" \/>\n<meta property=\"og:type\" content=\"article\" \/>\n<meta property=\"og:title\" content=\"K\u00fapi\u0165 vstupenky Mega Sena z kraj\u00edn mimo Braz\u00edlie | Z\u00edskajte vstupenky Mega Sena online\" \/>\n<meta property=\"og:description\" content=\"Nemus\u00edte by\u0165 v Braz\u00edlii, aby ste sa mohli z\u00fa\u010dastni\u0165 Mega Sena, k\u00fapte si vstupenku na Mega Sena online na na\u0161ej webovej str\u00e1nke\" \/>\n<meta property=\"og:url\" content=\"https:\/\/jackpotlotteryonline.com\/sk\/kupit-vstupenky\/mega-sena\/\" \/>\n<meta property=\"og:site_name\" content=\"Lotto Online - Crack The International Lottery Jackpots\" \/>\n<meta property=\"article:modified_time\" content=\"2022-12-24T09:07:18+00:00\" \/>\n<meta property=\"og:image\" content=\"https:\/\/jackpotlotteryonline.com\/wp-content\/uploads\/2022\/11\/1_online_ticket_eurojackpot2.jpg\" \/>\n<meta name=\"twitter:card\" content=\"summary_large_image\" \/>\n<meta name=\"twitter:label1\" content=\"Predpokladan\u00fd \u010das \u010d\u00edtania\" \/>\n\t<meta name=\"twitter:data1\" content=\"5 min\u00fat\" \/>\n<!-- \/ Yoast SEO plugin. -->","yoast_head_json":{"title":"K\u00fapi\u0165 vstupenky Mega Sena z kraj\u00edn mimo Braz\u00edlie | Z\u00edskajte vstupenky Mega Sena online","description":"Nemus\u00edte by\u0165 v Braz\u00edlii, aby ste sa mohli z\u00fa\u010dastni\u0165 Mega Sena, k\u00fapte si vstupenku na Mega Sena online na na\u0161ej webovej str\u00e1nke","robots":{"index":"index","follow":"follow","max-snippet":"max-snippet:-1","max-image-preview":"max-image-preview:large","max-video-preview":"max-video-preview:-1"},"canonical":"https:\/\/jackpotlotteryonline.com\/sk\/kupit-vstupenky\/mega-sena\/","og_locale":"sk_SK","og_type":"article","og_title":"K\u00fapi\u0165 vstupenky Mega Sena z kraj\u00edn mimo Braz\u00edlie | Z\u00edskajte vstupenky Mega Sena online","og_description":"Nemus\u00edte by\u0165 v Braz\u00edlii, aby ste sa mohli z\u00fa\u010dastni\u0165 Mega Sena, k\u00fapte si vstupenku na Mega Sena online na na\u0161ej webovej str\u00e1nke","og_url":"https:\/\/jackpotlotteryonline.com\/sk\/kupit-vstupenky\/mega-sena\/","og_site_name":"Lotto Online - Crack The International Lottery Jackpots","article_modified_time":"2022-12-24T09:07:18+00:00","og_image":[{"url":"https:\/\/jackpotlotteryonline.com\/wp-content\/uploads\/2022\/11\/1_online_ticket_eurojackpot2.jpg"}],"twitter_card":"summary_large_image","twitter_misc":{"Predpokladan\u00fd \u010das \u010d\u00edtania":"5 min\u00fat"},"schema":{"@context":"https:\/\/schema.org","@graph":[{"@type":"WebPage","@id":"https:\/\/jackpotlotteryonline.com\/sk\/kupit-vstupenky\/mega-sena\/","url":"https:\/\/jackpotlotteryonline.com\/sk\/kupit-vstupenky\/mega-sena\/","name":"K\u00fapi\u0165 vstupenky Mega Sena z kraj\u00edn mimo Braz\u00edlie | Z\u00edskajte vstupenky Mega Sena online","isPartOf":{"@id":"https:\/\/jackpotlotteryonline.com\/#website"},"primaryImageOfPage":{"@id":"https:\/\/jackpotlotteryonline.com\/sk\/kupit-vstupenky\/mega-sena\/#primaryimage"},"image":{"@id":"https:\/\/jackpotlotteryonline.com\/sk\/kupit-vstupenky\/mega-sena\/#primaryimage"},"thumbnailUrl":"https:\/\/jackpotlotteryonline.com\/wp-content\/uploads\/2022\/11\/1_online_ticket_eurojackpot2.jpg","datePublished":"2022-11-09T13:30:03+00:00","dateModified":"2022-12-24T09:07:18+00:00","description":"Nemus\u00edte by\u0165 v Braz\u00edlii, aby ste sa mohli z\u00fa\u010dastni\u0165 Mega Sena, k\u00fapte si vstupenku na Mega Sena online na na\u0161ej webovej str\u00e1nke","breadcrumb":{"@id":"https:\/\/jackpotlotteryonline.com\/sk\/kupit-vstupenky\/mega-sena\/#breadcrumb"},"inLanguage":"sk-SK","potentialAction":[{"@type":"ReadAction","target":["https:\/\/jackpotlotteryonline.com\/sk\/kupit-vstupenky\/mega-sena\/"]}]},{"@type":"ImageObject","inLanguage":"sk-SK","@id":"https:\/\/jackpotlotteryonline.com\/sk\/kupit-vstupenky\/mega-sena\/#primaryimage","url":"https:\/\/jackpotlotteryonline.com\/wp-content\/uploads\/2022\/11\/1_online_ticket_eurojackpot2.jpg","contentUrl":"https:\/\/jackpotlotteryonline.com\/wp-content\/uploads\/2022\/11\/1_online_ticket_eurojackpot2.jpg"},{"@type":"BreadcrumbList","@id":"https:\/\/jackpotlotteryonline.com\/sk\/kupit-vstupenky\/mega-sena\/#breadcrumb","itemListElement":[{"@type":"ListItem","position":1,"name":"Home","item":"https:\/\/jackpotlotteryonline.com\/sk\/"},{"@type":"ListItem","position":2,"name":"Ako si k\u00fapi\u0165 vstupenky do lot\u00e9rie online","item":"https:\/\/jackpotlotteryonline.com\/buy-tickets\/"},{"@type":"ListItem","position":3,"name":"K\u00fapi\u0165 vstupenky Mega Sena"}]},{"@type":"WebSite","@id":"https:\/\/jackpotlotteryonline.com\/#website","url":"https:\/\/jackpotlotteryonline.com\/","name":"Lotto Online - Crack The International Lottery Jackpots","description":"","potentialAction":[{"@type":"SearchAction","target":{"@type":"EntryPoint","urlTemplate":"https:\/\/jackpotlotteryonline.com\/?s={search_term_string}"},"query-input":"required name=search_term_string"}],"inLanguage":"sk-SK"}]}},"_links":{"self":[{"href":"https:\/\/jackpotlotteryonline.com\/sk\/wp-json\/wp\/v2\/pages\/37015","targetHints":{"allow":["GET"]}}],"collection":[{"href":"https:\/\/jackpotlotteryonline.com\/sk\/wp-json\/wp\/v2\/pages"}],"about":[{"href":"https:\/\/jackpotlotteryonline.com\/sk\/wp-json\/wp\/v2\/types\/page"}],"author":[{"embeddable":true,"href":"https:\/\/jackpotlotteryonline.com\/sk\/wp-json\/wp\/v2\/users\/1"}],"replies":[{"embeddable":true,"href":"https:\/\/jackpotlotteryonline.com\/sk\/wp-json\/wp\/v2\/comments?post=37015"}],"version-history":[{"count":0,"href":"https:\/\/jackpotlotteryonline.com\/sk\/wp-json\/wp\/v2\/pages\/37015\/revisions"}],"up":[{"embeddable":true,"href":"https:\/\/jackpotlotteryonline.com\/sk\/wp-json\/wp\/v2\/pages\/35778"}],"wp:attachment":[{"href":"https:\/\/jackpotlotteryonline.com\/sk\/wp-json\/wp\/v2\/media?parent=37015"}],"curies":[{"name":"wp","href":"https:\/\/api.w.org\/{rel}","templated":true}]}}