{"id":37069,"date":"2022-11-10T07:33:34","date_gmt":"2022-11-10T07:33:34","guid":{"rendered":"https:\/\/jackpotlotteryonline.com\/?page_id=37069"},"modified":"2023-01-06T10:08:09","modified_gmt":"2023-01-06T10:08:09","slug":"new-york-lottery","status":"publish","type":"page","link":"https:\/\/jackpotlotteryonline.com\/sk\/kupit-vstupenky\/new-york-lottery\/","title":{"rendered":"Vstupenky na lot\u00e9riu New York"},"content":{"rendered":"<p>Ak h\u013ead\u00e1te lot\u00e9riu, ktor\u00e1 m\u00e1 pestr\u00fa hist\u00f3riu, potom je najlep\u0161ou vo\u013ebou lot\u00e9ria New York Lotto. T\u00e1to lot\u00e9ria opraden\u00e1 hist\u00f3riou a \u0161kand\u00e1lmi je z\u00e1rove\u0148 lot\u00e9riou, ktor\u00e1 bola zalo\u017een\u00e1 pre dobr\u00fa vec. <a href=\"https:\/\/jackpotlotteryonline.com\/sk\/ako-hrat\/new-york-lottery-2\">Hranie lot\u00e9rie<\/a> je dobr\u00fd sp\u00f4sob, ako sa zabavi\u0165, a navy\u0161e sa m\u00e1te na \u010do te\u0161i\u0165.<\/p>\n<p>Hr\u00e1\u010di mimo USA, ktor\u00ed si chc\u00fa k\u00fapi\u0165 tikety tejto lot\u00e9rie, tak m\u00f4\u017eu urobi\u0165 na str\u00e1nke jackpotlotteryonline.com. Hr\u00e1\u010dom poskytujeme pr\u00edstup k najlep\u0161\u00edm medzin\u00e1rodn\u00fdm lot\u00e9ri\u00e1m bez oh\u013eadu na to, kde na svete sa nach\u00e1dzaj\u00fa.<\/p>\n<h2>Stru\u010dn\u00e1 hist\u00f3ria lot\u00e9rie New York Lotto<\/h2>\n<p>Ide o lot\u00e9riu, ktor\u00fa prev\u00e1dzkuje vl\u00e1da \u0161t\u00e1tu New York v USA. Bola zalo\u017een\u00e1 v roku 1967 ako sp\u00f4sob, ako pom\u00f4c\u0165 financova\u0165 vzdel\u00e1vanie v \u0161t\u00e1te. Ob\u010dania \u0161t\u00e1tu si v referende odhlasovali zmenu \u00fastavy, ktor\u00e1 umo\u017enila zavedenie \u0161t\u00e1tnej lot\u00e9rie. Zauj\u00edmav\u00e9 je, \u017ee prv\u00fdm sloganom lot\u00e9rie bolo &#8220;Va\u0161a \u017eivotn\u00e1 \u0161anca pom\u00f4c\u0165 vzdel\u00e1vaniu&#8221;.<\/p>\n<p>Ak teda potrebujete ma\u0165 dobr\u00fd pocit z hrania lot\u00e9rie, t\u00e1to lot\u00e9ria je pre v\u00e1s dobrou pr\u00edle\u017eitos\u0165ou. Nielen\u017ee by ste mali \u0161ancu na ve\u013ek\u00fa v\u00fdhru, ale vedeli by ste, \u017ee pritom kon\u00e1te dobro.<\/p>\n<p>\u010eal\u0161ou zauj\u00edmavos\u0165ou je, \u017ee na za\u010diatku t\u00fato lot\u00e9riu zasiahol \u0161kand\u00e1l, a to nie raz, ale hne\u010f dvakr\u00e1t. V rokoch 1975-6 bol predaj pozastaven\u00fd, preto\u017ee sa zistilo, \u017ee nepredan\u00e9 tikety boli vyhl\u00e1sen\u00e9 za v\u00fdhern\u00e9. Potom v 80. rokoch 20. storo\u010dia \u0161t\u00e1tni zamestnanci manipulovali s v\u00fdsledkami v prospech rodiny a priate\u013eov. Tieto \u010dasy s\u00fa u\u017e d\u00e1vno za nami a stala sa jednou z najspo\u013eahlivej\u0161\u00edch lot\u00e9ri\u00ed v krajine.<\/p>\n<h2>Ako si k\u00fapi\u0165 tikety Lotto z kraj\u00edn mimo USA<\/h2>\n<p><img loading=\"lazy\" decoding=\"async\" class=\"alignright size-full wp-image-26402\" src=\"https:\/\/jackpotlotteryonline.com\/wp-content\/uploads\/2022\/11\/1_buy_online_ticket_powerball.jpg\" alt=\"Cena lot\u00e9rie New York\" width=\"300\" height=\"194\" \/><\/p>\n<p>Ak \u017eijete mimo Spojen\u00fdch \u0161t\u00e1tov, existuje len jeden legit\u00edmny sp\u00f4sob, ako si k\u00fapi\u0165 \u017ereby lot\u00e9rie. Je to ich n\u00e1kup cez internet od online predajcu lot\u00e9ri\u00ed, ako je jackpotlotteryonline.com.<\/p>\n<p>Ak si chcete k\u00fapi\u0165 tikety, jednoducho nav\u0161t\u00edvte str\u00e1nku a kliknite na lot\u00e9riu, ktor\u00fa chcete. Potom vyberte \u0161es\u0165 \u010d\u00edsel od 1 do 59. Nev\u00e1hajte si zak\u00fapi\u0165 viacero vstupn\u00fdch l\u00edni\u00ed, aby ste zv\u00fd\u0161ili svoje \u0161ance na v\u00fdhru. Po v\u00fdbere \u010d\u00edsel vst\u00fapte do vybran\u00e9ho \u017erebovania a vykonajte platbu.<\/p>\n<p>Hranie lot\u00e9rie z \u00fazemia mimo Spojen\u00fdch \u0161t\u00e1tov prostredn\u00edctvom internetu je leg\u00e1lne a legit\u00edmne. Hr\u00e1\u010dom na celom svete sa t\u00fdm otv\u00e1ra aj svet mo\u017enost\u00ed. U\u017e sa nemus\u00edte obmedzova\u0165 geografick\u00fdmi podmienkami, preto\u017ee m\u00f4\u017eete jednoducho vs\u00e1dza\u0165 bez hran\u00edc.<\/p>\n<h2>Bonusov\u00e9 \u010d\u00edslo<\/h2>\n<p>\u00c1no, existuje bonusov\u00e9 \u010d\u00edslo a je to siedme \u010d\u00edslo, ktor\u00e9 sa \u017erebuje. Bonusov\u00e9 \u010d\u00edslo sa v\u0161ak nepou\u017e\u00edva na ur\u010denie jackpotovej v\u00fdhry, ale pou\u017e\u00edva sa na druh\u00fa v\u00fdhru. Ak chce hr\u00e1\u010d vyhra\u0165 druh\u00fa cenov\u00fa kateg\u00f3riu, mus\u00ed zhodova\u0165 \u0161es\u0165 vy\u017erebovan\u00fdch \u010d\u00edsel a bonusov\u00e9 \u010d\u00edslo.<\/p>\n<section class=\"layout\" style=\"border: solid 1px; width: 100%;\">\n<div class=\"img-div\" style=\"margin-top: 5px;\"><img decoding=\"async\" class=\"wp-image-17212 alignleft\" style=\"height: 45px; margin: 8px 8px 0px;\" src=\"https:\/\/jackpotlotteryonline.com\/wp-content\/uploads\/2022\/11\/read1.jpg\" alt=\"pre\u010d\u00edtajte si\" width=\"\" height=\"\" \/><\/div>\n<div style=\"padding-left: 5px;\">\n<div style=\"font-size: 1.1em;\">\n<p><strong>Tipy na lot\u00e9rie<\/strong><\/p>\n<p style=\"font-size: 0.85em; margin-top: -1.5em;\">Tipy, ktor\u00e9 v\u00e1m pom\u00f4\u017eu vyhra\u0165 v lot\u00e9rii\u00a0 <a href=\"https:\/\/jackpotlotteryonline.com\/sk\/tipy-ktore-vam-pomozu-vyhrat-v-loterii\"> \u010d\u00edtaj viac<\/a><\/p>\n<\/div>\n<\/div>\n<\/section>\n<h2>V\u00fdhern\u00e9 kateg\u00f3rie<\/h2>\n<p>\u0160anca na celkov\u00fa v\u00fdhru je 1 ku 92,05. Rozdelenie v\u00fdhier z\u00e1vis\u00ed od celkov\u00e9ho predaja. V ka\u017edom lote sa teda 40 % predaja pride\u013euje ako v\u00fdhra. Jackpot je percentu\u00e1lny podiel z tejto sumy a nie je pevne stanoven\u00fd. Kateg\u00f3rie v\u00fdhier s\u00fa uveden\u00e9 ni\u017e\u0161ie:<\/p>\n<p>Kateg\u00f3ria 1: 6 \u010d\u00edsel &#8211; jackpot (30 %)<br \/>\nKateg\u00f3ria 2: 5 + bonusov\u00e9 \u010d\u00edslo &#8211; 2,9 % z predaja<br \/>\nKateg\u00f3ria 3: 5 \u010d\u00edsel &#8211; 2,2 % z predaja<br \/>\nKateg\u00f3ria 4: 4 \u010d\u00edsla &#8211; 2,5 % z predaja<br \/>\nKateg\u00f3ria 5: 3 \u010d\u00edsla &#8211; 2,4 % z predaja<\/p>\n<h2>New York Lotto \u010derpa\u0165 dni<\/h2>\n<p><a href=\"https:\/\/jackpotlotteryonline.com\/sk\/vyherne-cisla\/new-york-lottery\">Newyorsk\u00e1 lot\u00e9ria (ako sa niekedy naz\u00fdva) m\u00e1 ka\u017ed\u00fd t\u00fd\u017ede\u0148 dva \u017erebovacie dni<\/a>. S\u00fa to stredy a soboty. M\u00f4\u017eete sa teda prihl\u00e1si\u0165 na viacero dn\u00ed \u017erebovania nieko\u013eko t\u00fd\u017ed\u0148ov vopred.<\/p>\n<p>Ak chcete zisti\u0165, \u010di ste vyhrali cenu, m\u00f4\u017eete sledova\u0165 \u017erebovanie v telev\u00edzii alebo si pozrie\u0165 v\u00fdsledky \u017erebovania v spr\u00e1vach. To by sa v\u0161ak mohlo \u013eahko sta\u0165 \u00fanavn\u00fdm, najm\u00e4 ak ste v tom \u010dase zanepr\u00e1zdnen\u00ed. Ak chcete jednoduch\u0161iu alternat\u00edvu, zaregistrujte sa u n\u00e1s a my v\u00e1s okam\u017eite upozorn\u00edme, ak vyhr\u00e1te.<\/p>\n<h2>Pre\u010do by ste mali hra\u0165 lot\u00e9riu New York?<\/h2>\n<p>Ke\u010f sa zamysl\u00edte nad t\u00fdm, \u017ee v\u00fdhra sa ur\u010duje pod\u013ea predaja, mohlo by v\u00e1s to odradi\u0165. \u010co sa stane, ak predaj nebude dobr\u00fd? Znamen\u00e1 to, \u017ee jackpotov\u00e1 v\u00fdhra sa m\u00f4\u017ee v\u00fdrazne zn\u00ed\u017ei\u0165. To je skuto\u010dn\u00fd strach, ktor\u00e9mu st\u00e1vkuj\u00faci \u010delia pri hran\u00ed tejto lot\u00e9rie.<\/p>\n<p>V prospech lot\u00e9rie prev\u00e1dzkovanej vl\u00e1dou \u0161t\u00e1tu New York v\u0161ak hovor\u00ed nieko\u013eko vec\u00ed. Prvou je, \u017ee o t\u00fato lot\u00e9riu je ve\u013ek\u00fd z\u00e1ujem, tak\u017ee predaj je st\u00e1le celkom dobr\u00fd. Jackpot nie je tak\u00fd vysok\u00fd ako v niektor\u00fdch in\u00fdch medzin\u00e1rodn\u00fdch lot\u00e9ri\u00e1ch, ale hr\u00e1\u010di m\u00f4\u017eu vyhra\u0165 a\u017e 10 mili\u00f3nov dol\u00e1rov.<\/p>\n<p>Aj \u0161anca na v\u00fdhru je ove\u013ea vy\u0161\u0161ia ako v in\u00fdch lot\u00e9ri\u00e1ch s v\u00e4\u010d\u0161\u00edmi jackpotmi. Aj ke\u010f niektor\u00ed hr\u00e1\u010di nemusia t\u00fato st\u00e1vku pova\u017eova\u0165 za st\u00e1vku s vysok\u00fdmi st\u00e1vkami, priazniv\u00e9 kurzy ju ur\u010dite osladzuj\u00fa. Navy\u0161e v\u00fdhra v jackpote nie je v\u00f4bec zl\u00e1 a z v\u00fdhercov by e\u0161te st\u00e1le mohla urobi\u0165 milion\u00e1rov.<\/p>\n<h2>Zaregistrujte sa u n\u00e1s a za\u017eite ni\u010d\u00edm neru\u0161en\u00fd z\u00e1\u017eitok<\/h2>\n<p><img loading=\"lazy\" decoding=\"async\" class=\"size-full wp-image-35321 alignright\" src=\"https:\/\/jackpotlotteryonline.com\/wp-content\/uploads\/2022\/11\/2_ticket_superenalotto-1.jpg\" alt=\"L\u00edstok New York Lotto\" width=\"228\" height=\"300\" \/><\/p>\n<p>Hranie New York Lotto je jednoduch\u00e9 a bezprobl\u00e9mov\u00e9, ke\u010f sa u n\u00e1s zaregistrujete. Ke\u010f nav\u0161t\u00edvite na\u0161u str\u00e1nku, n\u00e1jdete na nej ve\u013ek\u00e9 mno\u017estvo medzin\u00e1rodn\u00fdch lot\u00e9ri\u00ed, do ktor\u00fdch sa m\u00f4\u017eete zapoji\u0165. Z\u00edskajte tiket a stavte si na lot\u00e9riu pod\u013ea vlastn\u00e9ho v\u00fdberu a ak chcete, vyberte si viacero vstupov. Ak si nie ste ist\u00ed, ak\u00e9 \u010d\u00edsla si vybra\u0165, pom\u00f4\u017ee v\u00e1m s t\u00fdm n\u00e1\u0161 n\u00e1stroj automatick\u00e9ho v\u00fdberu.<\/p>\n<p>Po v\u00fdbere \u010d\u00edsel vst\u00fapte do \u017erebovania a prejdite do platobnej oblasti. Na tomto mieste v\u00e1s po\u017eiadame o registr\u00e1ciu. Je to z nasleduj\u00facich d\u00f4vodov:<\/p>\n<ul>\n<li>Ke\u010f sa zaregistrujete, m\u00f4\u017eete zabezpe\u010di\u0165, \u017ee va\u0161e tikety bud\u00fa v bezpe\u010d\u00ed, aby ste si mohli \u013eahko vyzdvihn\u00fa\u0165 v\u0161etky v\u00fdhry, ktor\u00e9 ste vyhrali.<\/li>\n<li>Ak vyhr\u00e1te niektor\u00fa z cien, dostanete upozornenie na ovl\u00e1dacom paneli a prostredn\u00edctvom e-mailu<\/li>\n<li>V\u00fdber v\u00fdhry nebol nikdy jednoduch\u0161\u00ed, preto\u017ee to m\u00f4\u017eete urobi\u0165 priamo na na\u0161ej platforme<\/li>\n<\/ul>\n<h2>Ako viete, \u017ee ste sa zapojili do lot\u00e9rie?<\/h2>\n<p>Toto je legit\u00edmna ot\u00e1zka, preto\u017ee existuje nieko\u013eko slu\u017eieb, ktor\u00e9 pred\u00e1vaj\u00fa \u017ereby, ale neposkytuj\u00fa v\u00e1m pr\u00edstup do lot\u00e9rie. Robia to tak, \u017ee v\u00e1m d\u00e1vaj\u00fa mo\u017enos\u0165 vsadi\u0165 si proti jackpotu. Tak\u017ee aj ke\u010f vyhr\u00e1te, m\u00f4\u017eete z\u00edska\u0165 len zlomok jackpotovej sumy. To my nerob\u00edme.<\/p>\n<p>Prev\u00e1dzkujeme slu\u017ebu concierge, ktor\u00e1 na\u0161im z\u00e1kazn\u00edkom zabezpe\u010duje pr\u00edstup k lot\u00e9ri\u00e1m pod\u013ea ich v\u00fdberu v re\u00e1lnom \u010dase. Ke\u010f si zak\u00fapite vstup, na\u0161i agenti v New Yorku v\u00e1m zak\u00fapia aj fyzick\u00fd tiket s vami preferovan\u00fdmi \u010d\u00edslami. To znamen\u00e1, \u017ee ak sa va\u0161e \u010d\u00edsla zhoduj\u00fa s vy\u017erebovan\u00fdmi \u010d\u00edslami, vyhrali ste jackpot.<\/p>\n<p>Zd\u00e1 sa, \u017ee je vhodn\u00fd \u010das spomen\u00fa\u0165, \u017ee lot\u00e9ria je hazardn\u00e1 hra. Preto nie je mo\u017en\u00e9 ur\u010di\u0165, kto vyhr\u00e1. Vieme v\u0161ak, \u017ee jedin\u00fdm sp\u00f4sobom, ako ma\u0165 \u0161ancu na v\u00fdhru, je poda\u0165 st\u00e1vku. Preto rob\u00edme v\u0161etko pre to, aby sme na\u0161im z\u00e1kazn\u00edkom t\u00fato mo\u017enos\u0165 zabezpe\u010dili.<\/p>\n<h2>Zahrajte si New York Lotto online e\u0161te dnes<\/h2>\n<p>Je na\u010dase presta\u0165 prem\u00fd\u0161\u013ea\u0165 o tom, \u017ee si k\u00fapite lot\u00e9riov\u00fd tiket, a zaobstara\u0165 si ho. M\u00f4\u017ee to by\u0165 za\u010diatok \u017eivotn\u00e9ho dobrodru\u017estva. Tak pre\u010do n\u00e1s nenav\u0161t\u00edvi\u0165 e\u0161te dnes na adrese jackpotlotteryonline.com a nevsadi\u0165 si odkia\u013eko\u013evek na svete? Nikdy neviete, kedy vyhr\u00e1te v lot\u00e9rii.<\/p>\n","protected":false},"excerpt":{"rendered":"<p>Ak h\u013ead\u00e1te lot\u00e9riu, ktor\u00e1 m\u00e1 pestr\u00fa hist\u00f3riu, potom je najlep\u0161ou vo\u013ebou lot\u00e9ria New York Lotto. T\u00e1to lot\u00e9ria opraden\u00e1 hist\u00f3riou a \u0161kand\u00e1lmi je z\u00e1rove\u0148 lot\u00e9riou, ktor\u00e1 bola zalo\u017een\u00e1 pre dobr\u00fa vec. Hranie lot\u00e9rie je dobr\u00fd sp\u00f4sob, ako sa zabavi\u0165, a navy\u0161e sa m\u00e1te na \u010do te\u0161i\u0165. Hr\u00e1\u010di mimo USA, ktor\u00ed si chc\u00fa k\u00fapi\u0165 tikety tejto lot\u00e9rie, [&hellip;]<\/p>\n","protected":false},"author":1,"featured_media":0,"parent":35778,"menu_order":14,"comment_status":"closed","ping_status":"closed","template":"newyork-info.php","meta":{"_et_pb_use_builder":"","_et_pb_old_content":"","_et_gb_content_width":"","exclude_from_search":false,"footnotes":""},"class_list":["post-37069","page","type-page","status-publish","hentry"],"yoast_head":"<!-- This site is optimized with the Yoast SEO plugin v23.3 - https:\/\/yoast.com\/wordpress\/plugins\/seo\/ -->\n<title>K\u00fapi\u0165 tikety na lot\u00e9riu New York z \u00fazemia mimo USA | Z\u00edskajte tikety New York Lotery online<\/title>\n<meta name=\"description\" content=\"Chcete si k\u00fapi\u0165 tiket do lot\u00e9rie New York Lottery, ale \u017eijete mimo USA? Z\u00edskajte tikety lot\u00e9rie online tu\" \/>\n<meta name=\"robots\" content=\"index, follow, max-snippet:-1, max-image-preview:large, max-video-preview:-1\" \/>\n<link rel=\"canonical\" href=\"https:\/\/jackpotlotteryonline.com\/sk\/kupit-vstupenky\/new-york-lottery\/\" \/>\n<meta property=\"og:locale\" content=\"sk_SK\" \/>\n<meta property=\"og:type\" content=\"article\" \/>\n<meta property=\"og:title\" content=\"K\u00fapi\u0165 tikety na lot\u00e9riu New York z \u00fazemia mimo USA | Z\u00edskajte tikety New York Lotery online\" \/>\n<meta property=\"og:description\" content=\"Chcete si k\u00fapi\u0165 tiket do lot\u00e9rie New York Lottery, ale \u017eijete mimo USA? Z\u00edskajte tikety lot\u00e9rie online tu\" \/>\n<meta property=\"og:url\" content=\"https:\/\/jackpotlotteryonline.com\/sk\/kupit-vstupenky\/new-york-lottery\/\" \/>\n<meta property=\"og:site_name\" content=\"Lotto Online - Crack The International Lottery Jackpots\" \/>\n<meta property=\"article:modified_time\" content=\"2023-01-06T10:08:09+00:00\" \/>\n<meta property=\"og:image\" content=\"https:\/\/jackpotlotteryonline.com\/wp-content\/uploads\/2022\/11\/1_buy_online_ticket_powerball.jpg\" \/>\n<meta name=\"twitter:card\" content=\"summary_large_image\" \/>\n<meta name=\"twitter:label1\" content=\"Predpokladan\u00fd \u010das \u010d\u00edtania\" \/>\n\t<meta name=\"twitter:data1\" content=\"6 min\u00fat\" \/>\n<!-- \/ Yoast SEO plugin. -->","yoast_head_json":{"title":"K\u00fapi\u0165 tikety na lot\u00e9riu New York z \u00fazemia mimo USA | Z\u00edskajte tikety New York Lotery online","description":"Chcete si k\u00fapi\u0165 tiket do lot\u00e9rie New York Lottery, ale \u017eijete mimo USA? Z\u00edskajte tikety lot\u00e9rie online tu","robots":{"index":"index","follow":"follow","max-snippet":"max-snippet:-1","max-image-preview":"max-image-preview:large","max-video-preview":"max-video-preview:-1"},"canonical":"https:\/\/jackpotlotteryonline.com\/sk\/kupit-vstupenky\/new-york-lottery\/","og_locale":"sk_SK","og_type":"article","og_title":"K\u00fapi\u0165 tikety na lot\u00e9riu New York z \u00fazemia mimo USA | Z\u00edskajte tikety New York Lotery online","og_description":"Chcete si k\u00fapi\u0165 tiket do lot\u00e9rie New York Lottery, ale \u017eijete mimo USA? Z\u00edskajte tikety lot\u00e9rie online tu","og_url":"https:\/\/jackpotlotteryonline.com\/sk\/kupit-vstupenky\/new-york-lottery\/","og_site_name":"Lotto Online - Crack The International Lottery Jackpots","article_modified_time":"2023-01-06T10:08:09+00:00","og_image":[{"url":"https:\/\/jackpotlotteryonline.com\/wp-content\/uploads\/2022\/11\/1_buy_online_ticket_powerball.jpg"}],"twitter_card":"summary_large_image","twitter_misc":{"Predpokladan\u00fd \u010das \u010d\u00edtania":"6 min\u00fat"},"schema":{"@context":"https:\/\/schema.org","@graph":[{"@type":"WebPage","@id":"https:\/\/jackpotlotteryonline.com\/sk\/kupit-vstupenky\/new-york-lottery\/","url":"https:\/\/jackpotlotteryonline.com\/sk\/kupit-vstupenky\/new-york-lottery\/","name":"K\u00fapi\u0165 tikety na lot\u00e9riu New York z \u00fazemia mimo USA | Z\u00edskajte tikety New York Lotery online","isPartOf":{"@id":"https:\/\/jackpotlotteryonline.com\/#website"},"primaryImageOfPage":{"@id":"https:\/\/jackpotlotteryonline.com\/sk\/kupit-vstupenky\/new-york-lottery\/#primaryimage"},"image":{"@id":"https:\/\/jackpotlotteryonline.com\/sk\/kupit-vstupenky\/new-york-lottery\/#primaryimage"},"thumbnailUrl":"https:\/\/jackpotlotteryonline.com\/wp-content\/uploads\/2022\/11\/1_buy_online_ticket_powerball.jpg","datePublished":"2022-11-10T07:33:34+00:00","dateModified":"2023-01-06T10:08:09+00:00","description":"Chcete si k\u00fapi\u0165 tiket do lot\u00e9rie New York Lottery, ale \u017eijete mimo USA? Z\u00edskajte tikety lot\u00e9rie online tu","breadcrumb":{"@id":"https:\/\/jackpotlotteryonline.com\/sk\/kupit-vstupenky\/new-york-lottery\/#breadcrumb"},"inLanguage":"sk-SK","potentialAction":[{"@type":"ReadAction","target":["https:\/\/jackpotlotteryonline.com\/sk\/kupit-vstupenky\/new-york-lottery\/"]}]},{"@type":"ImageObject","inLanguage":"sk-SK","@id":"https:\/\/jackpotlotteryonline.com\/sk\/kupit-vstupenky\/new-york-lottery\/#primaryimage","url":"https:\/\/jackpotlotteryonline.com\/wp-content\/uploads\/2022\/11\/1_buy_online_ticket_powerball.jpg","contentUrl":"https:\/\/jackpotlotteryonline.com\/wp-content\/uploads\/2022\/11\/1_buy_online_ticket_powerball.jpg"},{"@type":"BreadcrumbList","@id":"https:\/\/jackpotlotteryonline.com\/sk\/kupit-vstupenky\/new-york-lottery\/#breadcrumb","itemListElement":[{"@type":"ListItem","position":1,"name":"Home","item":"https:\/\/jackpotlotteryonline.com\/sk\/"},{"@type":"ListItem","position":2,"name":"Ako si k\u00fapi\u0165 vstupenky do lot\u00e9rie online","item":"https:\/\/jackpotlotteryonline.com\/buy-tickets\/"},{"@type":"ListItem","position":3,"name":"Vstupenky na lot\u00e9riu New York"}]},{"@type":"WebSite","@id":"https:\/\/jackpotlotteryonline.com\/#website","url":"https:\/\/jackpotlotteryonline.com\/","name":"Lotto Online - Crack The International Lottery Jackpots","description":"","potentialAction":[{"@type":"SearchAction","target":{"@type":"EntryPoint","urlTemplate":"https:\/\/jackpotlotteryonline.com\/?s={search_term_string}"},"query-input":"required name=search_term_string"}],"inLanguage":"sk-SK"}]}},"_links":{"self":[{"href":"https:\/\/jackpotlotteryonline.com\/sk\/wp-json\/wp\/v2\/pages\/37069","targetHints":{"allow":["GET"]}}],"collection":[{"href":"https:\/\/jackpotlotteryonline.com\/sk\/wp-json\/wp\/v2\/pages"}],"about":[{"href":"https:\/\/jackpotlotteryonline.com\/sk\/wp-json\/wp\/v2\/types\/page"}],"author":[{"embeddable":true,"href":"https:\/\/jackpotlotteryonline.com\/sk\/wp-json\/wp\/v2\/users\/1"}],"replies":[{"embeddable":true,"href":"https:\/\/jackpotlotteryonline.com\/sk\/wp-json\/wp\/v2\/comments?post=37069"}],"version-history":[{"count":0,"href":"https:\/\/jackpotlotteryonline.com\/sk\/wp-json\/wp\/v2\/pages\/37069\/revisions"}],"up":[{"embeddable":true,"href":"https:\/\/jackpotlotteryonline.com\/sk\/wp-json\/wp\/v2\/pages\/35778"}],"wp:attachment":[{"href":"https:\/\/jackpotlotteryonline.com\/sk\/wp-json\/wp\/v2\/media?parent=37069"}],"curies":[{"name":"wp","href":"https:\/\/api.w.org\/{rel}","templated":true}]}}