{"id":37121,"date":"2022-11-10T09:39:15","date_gmt":"2022-11-10T09:39:15","guid":{"rendered":"https:\/\/jackpotlotteryonline.com\/?page_id=37121"},"modified":"2023-01-04T08:53:08","modified_gmt":"2023-01-04T08:53:08","slug":"thunderball","status":"publish","type":"page","link":"https:\/\/jackpotlotteryonline.com\/sk\/kupit-vstupenky\/thunderball\/","title":{"rendered":"K\u00fapi\u0165 vstupenky na Thunderball"},"content":{"rendered":"<p>V r\u00e1mci Spojen\u00e9ho kr\u00e1\u013eovstva nie je n\u00fadza o lot\u00e9rie, ktor\u00e9 m\u00f4\u017eu hr\u00e1\u010di hra\u0165. Od lotto hier a\u017e po anuitn\u00e9 hry, pre ka\u017ed\u00e9ho sa nie\u010do n\u00e1jde a navy\u0161e takmer ka\u017ed\u00fd de\u0148. Jednou z najob\u013e\u00fabenej\u0161\u00edch hier pre st\u00e1vkuj\u00facich je v\u0161ak Thunderball. Je zauj\u00edmav\u00e1 t\u00fdm, \u017ee ide o lot\u00e9riu, ktor\u00e1 nepon\u00faka jackpot v hodnote mili\u00f3nov libier. V skuto\u010dnosti v\u00e1m m\u00f4\u017eeme zaru\u010di\u0165, \u017ee aj ke\u010f jackpot vyhr\u00e1te, nebudete milion\u00e1r. Pre\u010do teda hr\u00e1\u010di t\u00fato lot\u00e9riu miluj\u00fa?<\/p>\n<p>D\u00f4vod je jednoduch\u00fd: \u0161ance s\u00fa ove\u013ea lep\u0161ie ako v in\u00fdch hr\u00e1ch s vy\u0161\u0161\u00edmi jackpotmi. So \u0161tyrmi \u017erebovaniami t\u00fd\u017edenne a poriadnou sumou jackpotu nie je divu, \u017ee sa na t\u00fato lot\u00e9riu ka\u017ed\u00fd t\u00fd\u017ede\u0148 hrn\u00fa nad\u0161enci.<\/p>\n<p>Ak \u017eijete mimo Ve\u013ekej Brit\u00e1nie, m\u00f4\u017eete sa z\u00fa\u010dastni\u0165 aj na ktoromko\u013evek z losovan\u00ed. Nav\u0161t\u00edvte str\u00e1nku jackpotlotteryonline.com, kde n\u00e1jdete efekt\u00edvny a bezstresov\u00fd sp\u00f4sob, ako si k\u00fapi\u0165 \u017ereby lot\u00e9rie, nech ste kdeko\u013evek.<\/p>\n<h2>Ako Thunderball funguje?<\/h2>\n<p><img loading=\"lazy\" decoding=\"async\" class=\"alignright size-medium wp-image-30425\" src=\"http:\/\/jackpotlotteryonline.com\/wp-content\/uploads\/2022\/11\/1_you_win_jackpot-300x300.jpg\" alt=\"Ako hra\u0165 Thunderball\" width=\"300\" height=\"300\" srcset=\"https:\/\/jackpotlotteryonline.com\/wp-content\/uploads\/2022\/11\/1_you_win_jackpot-300x300.jpg 300w, https:\/\/jackpotlotteryonline.com\/wp-content\/uploads\/2022\/11\/1_you_win_jackpot-100x100.jpg 100w, https:\/\/jackpotlotteryonline.com\/wp-content\/uploads\/2022\/11\/1_you_win_jackpot-150x150.jpg 150w, https:\/\/jackpotlotteryonline.com\/wp-content\/uploads\/2022\/11\/1_you_win_jackpot.jpg 320w\" sizes=\"auto, (max-width: 300px) 100vw, 300px\" \/><\/p>\n<p>T\u00e1to britsk\u00e1 lot\u00e9ria je jednoduch\u00e1 a \u013eahko hrate\u013en\u00e1 a sk\u00fasen\u00ed hr\u00e1\u010di lotto by s \u0148ou nemali ma\u0165 \u017eiadny probl\u00e9m.<\/p>\n<p>Na <a href=\"https:\/\/jackpotlotteryonline.com\/sk\/ako-hrat\/thunderball\">hranie tejto britskej lot\u00e9rie<\/a> si hr\u00e1\u010di musia vybra\u0165 p\u00e4\u0165 hlavn\u00fdch \u010d\u00edsel od 1 do 39 a jedno \u0161peci\u00e1lne \u010d\u00edslo od 1 do 14. \u0160peci\u00e1lne \u010d\u00edslo sa naz\u00fdva Thunderball.<\/p>\n<p>Po v\u00fdbere \u010d\u00edsel je \u010fal\u0161\u00edm krokom <a href=\"https:\/\/jackpotlotteryonline.com\/sk\/vyherne-cisla\/thunderball\">prihl\u00e1senie sa do \u017erebovania<\/a> a \u010dakanie na v\u00fdsledky. U\u017e sme spomenuli, \u017ee pon\u00faka \u0161tyri t\u00fd\u017edenn\u00e9 \u017erebovania. To s\u00fa \u0161tyri pr\u00edle\u017eitosti vyhra\u0165 jackpot! \u017drebovania sa konaj\u00fa v utorok, stredu, \u0161tvrtok a sobotu.<\/p>\n<h2>Je leg\u00e1lne k\u00fapi\u0165 si lot\u00e9riov\u00fd tiket v Spojenom kr\u00e1\u013eovstve online?<\/h2>\n<p>Ot\u00e1zka, \u010di sa m\u00f4\u017eete z\u00fa\u010dastni\u0165 lot\u00e9rie prostredn\u00edctvom internetu, je opr\u00e1vnenou obavou. Je pravda, \u017ee existuj\u00fa podvody a bolo by hl\u00fape to ignorova\u0165. Existuj\u00fa v\u0161ak leg\u00e1lne lot\u00e9riov\u00e9 str\u00e1nky, ktor\u00e9 pred\u00e1vaj\u00fa tikety do lot\u00e9ri\u00ed na celom svete, a to je \u00faplne leg\u00e1lne.<\/p>\n<p>Po prv\u00e9, t\u00e1to britsk\u00e1 lot\u00e9ria nie je obmedzen\u00e1 na ob\u010danov Spojen\u00e9ho kr\u00e1\u013eovstva. Jedin\u00e9 obmedzenie je geografick\u00e9 v tom, \u017ee fyzick\u00e9 tikety pred\u00e1vaj\u00fa predajcovia v krajine. K\u00fapa tiketov online je jedin\u00fdm sp\u00f4sobom, ako hra\u0165 t\u00fato lot\u00e9riu z krajiny mimo nej.<\/p>\n<p>Pred k\u00fapou tiketu sa uistite, \u017ee vyu\u017e\u00edvate slu\u017eby legit\u00edmneho predajcu lot\u00e9rie, najm\u00e4 tak\u00e9ho, ktor\u00fd m\u00e1 dobr\u00fa poves\u0165. Dobr\u00fdm sp\u00f4sobom kontroly je zisti\u0165, \u010di m\u00e1 za sebou hist\u00f3riu vypl\u00e1cania v\u00fdhier, aby ste o v\u00fdhru nepri\u0161li.<\/p>\n<section class=\"layout\" style=\"border: solid 1px; width: 100%;\">\n<div class=\"img-div\" style=\"margin-top: 5px;\"><img decoding=\"async\" class=\"wp-image-17212 alignleft\" style=\"height: 45px; margin: 8px 8px 0px;\" src=\"http:\/\/jackpotlotteryonline.com\/wp-content\/uploads\/2022\/11\/read1.jpg\" alt=\"pre\u010d\u00edtajte si\" width=\"\" height=\"\" \/><\/div>\n<div style=\"padding-left: 5px;\">\n<div style=\"font-size: 1.1em;\">\n<p><strong>Va\u0161a n\u00e1rodn\u00e1 lot\u00e9ria v medzin\u00e1rodnom porovnan\u00ed<\/strong><\/p>\n<p style=\"font-size: 0.85em; margin-top: -1.5em;\">Va\u0161a miestna lot\u00e9ria m\u00f4\u017ee by\u0165 tou najhor\u0161ou mo\u017enos\u0165ou &#8211; pre\u010do je rozumnej\u0161ie zaplati\u0165 viac, ale \u00eds\u0165 po v\u00e4\u010d\u0161\u00edch jackpotoch\u00a0 <a href=\"https:\/\/jackpotlotteryonline.com\/sk\/vasa-narodna-loteria-v-medzinarodnom-porovnani\">pre\u010d\u00edtajte si viac<\/a><\/p>\n<\/div>\n<\/div>\n<\/section>\n<h2>Jackpot a ceny<\/h2>\n<p>Ak\u00e1 je teda presn\u00e1 v\u00fd\u0161ka jackpotu tejto britskej lot\u00e9rie? Jackpotov\u00e1 v\u00fdhra je p\u00e4\u0165stotis\u00edc libier a je garantovan\u00e1 pri ka\u017edom \u017erebovan\u00ed. Jackpot vyhr\u00e1va ka\u017ed\u00fd tiket, ktor\u00fd sa zhoduje s piatimi vy\u017erebovan\u00fdmi \u010d\u00edslami a \u0161peci\u00e1lnym \u010d\u00edslom.<\/p>\n<p>Jackpot nie je jedinou v\u00fdhrou, ktor\u00fa m\u00f4\u017eu hr\u00e1\u010di v tejto lot\u00e9rii vyhra\u0165, preto\u017ee existuj\u00fa aj \u010fal\u0161ie stupne v\u00fdhier. V\u00fdhrou druhej \u00farovne je tie\u017e pevn\u00e1 suma p\u00e4\u0165tis\u00edc libier, ktor\u00e1 je naozaj skvel\u00e1. Celkovo je tu dev\u00e4\u0165 v\u00fdhern\u00fdch \u00farovn\u00ed a existuje aj v\u00fdhra len za zhodu \u0161peci\u00e1lneho \u010d\u00edsla.<\/p>\n<p>\u0160ance tejto lot\u00e9rie s\u00fa op\u00e4\u0165 neuverite\u013en\u00e9, a preto od prv\u00e9ho \u017erebovania v roku 1999 priniesla to\u013eko v\u00fdhercov. Kv\u00f4li vysok\u00e9mu z\u00e1ujmu o t\u00fato lot\u00e9riu sa z jedn\u00e9ho t\u00fd\u017edenn\u00e9ho \u017erebovania stalo \u0161tyri t\u00fd\u017edenn\u00e9 \u017erebovania. Ak teda hr\u00e1te t\u00fato britsk\u00fa lot\u00e9riu, \u0161anca na v\u00fdhru jackpotu je 1 ku 8 060 598, zatia\u013e \u010do \u0161anca na v\u00fdhru akejko\u013evek ceny je 1 ku 13.<br \/>\n<img loading=\"lazy\" decoding=\"async\" class=\"alignright size-medium wp-image-35457\" src=\"http:\/\/jackpotlotteryonline.com\/wp-content\/uploads\/2022\/11\/2_ticket_uk_lottery-192x300.jpg\" alt=\"Vstupenka na thunderball\" width=\"192\" height=\"300\" srcset=\"https:\/\/jackpotlotteryonline.com\/wp-content\/uploads\/2022\/11\/2_ticket_uk_lottery-192x300.jpg 192w, https:\/\/jackpotlotteryonline.com\/wp-content\/uploads\/2022\/11\/2_ticket_uk_lottery.jpg 250w\" sizes=\"auto, (max-width: 192px) 100vw, 192px\" \/><\/p>\n<p><strong>Ke\u010f hr\u00e1te t\u00fato lot\u00e9riu, tu je, \u010do m\u00f4\u017eete o\u010dak\u00e1va\u0165, \u017ee vyhr\u00e1te:<\/strong><\/p>\n<p>Uhodnite 5 \u010d\u00edsel + \u0161peci\u00e1lne \u010d\u00edslo &#8211; 500 000 libier (jackpot)<br \/>\nUhodnite len 5 \u010d\u00edsel &#8211; 5000 GBP<br \/>\nUhodnite 4 \u010d\u00edsla + \u0161peci\u00e1lne \u010d\u00edslo &#8211; 250 GBP<br \/>\nUhodnite iba 4 \u010d\u00edsla &#8211; 100 GBP<br \/>\n3 \u010d\u00edsla + \u0161peci\u00e1lne \u010d\u00edslo &#8211; 20 libier<br \/>\nIba 3 \u010d\u00edsla &#8211; 10 GBP<br \/>\n2 \u010d\u00edsla + \u0161peci\u00e1lne \u010d\u00edslo &#8211; 10 GBP<br \/>\n1 \u010d\u00edslo + \u0161peci\u00e1lne \u010d\u00edslo &#8211; 5 GBP<br \/>\nZodpovedaj\u00face \u010d\u00edslo 0 + \u0161peci\u00e1lne \u010d\u00edslo &#8211; 3 GBP<\/p>\n<h2>Ako si m\u00f4\u017eete vyzdvihn\u00fa\u0165 svoju v\u00fdhru<\/h2>\n<p>Sp\u00f4sob, ak\u00fdm si uplatn\u00edte n\u00e1rok na v\u00fdhru, z\u00e1vis\u00ed od toho, ako ste si k\u00fapili svoj \u017ereb. Ak ste sa do lot\u00e9rie zapojili prostredn\u00edctvom na\u0161ej str\u00e1nky, m\u00f4\u017eete si svoju v\u00fdhru vyzdvihn\u00fa\u0165 prihl\u00e1sen\u00edm sa do svojho \u00fa\u010dtu a v\u00fdberom v\u00fdhry z na\u0161ej platformy.<\/p>\n<p>Predt\u00fdm, ako si uplatn\u00edte n\u00e1rok na v\u00fdhru, je d\u00f4le\u017eit\u00e9 vedie\u0165 nieko\u013eko vec\u00ed o hran\u00ed lot\u00e9rie v Spojenom kr\u00e1\u013eovstve. U\u017e vieme, \u017ee lot\u00e9rie sa m\u00f4\u017ee z\u00fa\u010dastni\u0165 ka\u017ed\u00fd bez oh\u013eadu na \u0161t\u00e1tnu pr\u00edslu\u0161nos\u0165, tu je v\u0161ak nieko\u013eko vec\u00ed, ktor\u00e9 si treba uvedomi\u0165:<\/p>\n<ul>\n<li>lot\u00e9rie sa m\u00f4\u017eu z\u00fa\u010dastni\u0165 hr\u00e1\u010di star\u0161\u00ed ako 16 rokov<\/li>\n<li>V\u00fdhry sa vypl\u00e1caj\u00fa jednorazovo<\/li>\n<li>V\u00fdhry v lot\u00e9rii nepodliehaj\u00fa v krajine zdaneniu. Ak v\u0161ak hr\u00e1te mimo krajiny, mali by ste si overi\u0165 da\u0148ov\u00e9 z\u00e1kony svojej krajiny<\/li>\n<li>Na uplatnenie n\u00e1roku na v\u00fdhru m\u00e1te 180 dn\u00ed, k\u00fdm sa vr\u00e1ti sp\u00e4\u0165 do fondu<\/li>\n<li>Ak ste sa do lot\u00e9rie zapojili prostredn\u00edctvom fyzick\u00e9ho predajcu, mo\u017eno budete musie\u0165 kontaktova\u0165 organiz\u00e1torov lot\u00e9rie, aby ste si mohli uplatni\u0165 n\u00e1rok na v\u00fdhru.<\/li>\n<\/ul>\n<h2>Pre\u010do by ste mali hra\u0165 lot\u00e9riu s nami<\/h2>\n<p>Sme slu\u017eba concierge na mieru, ktor\u00e1 poskytuje pr\u00edstup k najlep\u0161\u00edm medzin\u00e1rodn\u00fdm lot\u00e9ri\u00e1m hr\u00e1\u010dom na celom svete. Roky sme str\u00e1vili zdokona\u013eovan\u00edm procesu, aby sme na\u0161im z\u00e1kazn\u00edkom zabezpe\u010dili vzru\u0161uj\u00faci z\u00e1\u017eitok, ktor\u00fd je pr\u00edjemn\u00fd a bez stresu.<\/p>\n<p>Ke\u010f sa u n\u00e1s zaregistrujete, m\u00f4\u017eete pohodlne vst\u00fapi\u0165 do viacer\u00fdch lot\u00e9ri\u00ed z jednej jedinej online platformy. Poskytujeme dodato\u010dn\u00fa istotu, \u017ee v\u00e1\u0161 vstupn\u00fd tiket je v bezpe\u010d\u00ed, tak\u017ee sa nemus\u00edte ob\u00e1va\u0165 jeho straty. M\u00f4\u017eete si tie\u017e odd\u00fdchnu\u0165 s vedom\u00edm, \u017ee v\u00e1m neunikne \u017eiadna v\u00fdhra, preto\u017ee v\u00e1s budeme informova\u0165 hne\u010f, ako vyhr\u00e1te.<\/p>\n<p>V podstate v\u00e1s zbav\u00edme v\u0161etk\u00fdch skrutiek a \u0161kr\u00edpania, ktor\u00e9 s\u00fa spojen\u00e9 s hran\u00edm lot\u00e9rie, a ponech\u00e1me v\u00e1m vo\u013en\u00fa ruku na to, \u010do v\u00e1s bav\u00ed najviac: na z\u00e1bavu. Nez\u00e1le\u017e\u00ed na tom, kde na svete sa nach\u00e1dzate, akon\u00e1hle m\u00e1te internetov\u00e9 pripojenie, m\u00f4\u017eete sa zapoji\u0165 do najlep\u0161\u00edch medzin\u00e1rodn\u00fdch lot\u00e9ri\u00ed.<\/p>\n<p>S jackpotlotteryonline.com m\u00e1te nieko\u013eko mo\u017enost\u00ed. M\u00f4\u017eete hra\u0165 jednu alebo viac lot\u00e9ri\u00ed, vst\u00fapi\u0165 do jedn\u00e9ho alebo viacer\u00fdch \u017erebovan\u00ed a dokonca si nastavi\u0165 predplatn\u00e9, aby va\u0161e vstupy prebiehali na autopilota. Pre\u010do n\u00e1s nenav\u0161t\u00edvi\u0165 e\u0161te dnes a nek\u00fapi\u0165 si tikety Thunderball z kraj\u00edn mimo Spojen\u00e9ho kr\u00e1\u013eovstva?<\/p>\n","protected":false},"excerpt":{"rendered":"<p>V r\u00e1mci Spojen\u00e9ho kr\u00e1\u013eovstva nie je n\u00fadza o lot\u00e9rie, ktor\u00e9 m\u00f4\u017eu hr\u00e1\u010di hra\u0165. Od lotto hier a\u017e po anuitn\u00e9 hry, pre ka\u017ed\u00e9ho sa nie\u010do n\u00e1jde a navy\u0161e takmer ka\u017ed\u00fd de\u0148. Jednou z najob\u013e\u00fabenej\u0161\u00edch hier pre st\u00e1vkuj\u00facich je v\u0161ak Thunderball. Je zauj\u00edmav\u00e1 t\u00fdm, \u017ee ide o lot\u00e9riu, ktor\u00e1 nepon\u00faka jackpot v hodnote mili\u00f3nov libier. V skuto\u010dnosti [&hellip;]<\/p>\n","protected":false},"author":1,"featured_media":0,"parent":35778,"menu_order":12,"comment_status":"closed","ping_status":"closed","template":"thunderball-info.php","meta":{"_et_pb_use_builder":"","_et_pb_old_content":"","_et_gb_content_width":"","exclude_from_search":false,"footnotes":""},"class_list":["post-37121","page","type-page","status-publish","hentry"],"yoast_head":"<!-- This site is optimized with the Yoast SEO plugin v23.3 - https:\/\/yoast.com\/wordpress\/plugins\/seo\/ -->\n<title>K\u00fapi\u0165 tikety Thunderball z kraj\u00edn mimo Spojen\u00e9ho kr\u00e1\u013eovstva | Loteria Thunderball online<\/title>\n<meta name=\"description\" content=\"Z\u00edskajte tiket Thunderball z \u00fazemia mimo Ve\u013ekej Brit\u00e1nie k\u00fapou online tu! Z\u00edskajte naskenovan\u00fd tiket Thunderball prostredn\u00edctvom na\u0161ej leg\u00e1lnej slu\u017eby\" \/>\n<meta name=\"robots\" content=\"index, follow, max-snippet:-1, max-image-preview:large, max-video-preview:-1\" \/>\n<link rel=\"canonical\" href=\"https:\/\/jackpotlotteryonline.com\/sk\/kupit-vstupenky\/thunderball\/\" \/>\n<meta property=\"og:locale\" content=\"sk_SK\" \/>\n<meta property=\"og:type\" content=\"article\" \/>\n<meta property=\"og:title\" content=\"K\u00fapi\u0165 tikety Thunderball z kraj\u00edn mimo Spojen\u00e9ho kr\u00e1\u013eovstva | Loteria Thunderball online\" \/>\n<meta property=\"og:description\" content=\"Z\u00edskajte tiket Thunderball z \u00fazemia mimo Ve\u013ekej Brit\u00e1nie k\u00fapou online tu! Z\u00edskajte naskenovan\u00fd tiket Thunderball prostredn\u00edctvom na\u0161ej leg\u00e1lnej slu\u017eby\" \/>\n<meta property=\"og:url\" content=\"https:\/\/jackpotlotteryonline.com\/sk\/kupit-vstupenky\/thunderball\/\" \/>\n<meta property=\"og:site_name\" content=\"Lotto Online - Crack The International Lottery Jackpots\" \/>\n<meta property=\"article:modified_time\" content=\"2023-01-04T08:53:08+00:00\" \/>\n<meta property=\"og:image\" content=\"http:\/\/jackpotlotteryonline.com\/wp-content\/uploads\/2022\/11\/1_you_win_jackpot-300x300.jpg\" \/>\n<meta name=\"twitter:card\" content=\"summary_large_image\" \/>\n<meta name=\"twitter:label1\" content=\"Predpokladan\u00fd \u010das \u010d\u00edtania\" \/>\n\t<meta name=\"twitter:data1\" content=\"5 min\u00fat\" \/>\n<!-- \/ Yoast SEO plugin. -->","yoast_head_json":{"title":"K\u00fapi\u0165 tikety Thunderball z kraj\u00edn mimo Spojen\u00e9ho kr\u00e1\u013eovstva | Loteria Thunderball online","description":"Z\u00edskajte tiket Thunderball z \u00fazemia mimo Ve\u013ekej Brit\u00e1nie k\u00fapou online tu! Z\u00edskajte naskenovan\u00fd tiket Thunderball prostredn\u00edctvom na\u0161ej leg\u00e1lnej slu\u017eby","robots":{"index":"index","follow":"follow","max-snippet":"max-snippet:-1","max-image-preview":"max-image-preview:large","max-video-preview":"max-video-preview:-1"},"canonical":"https:\/\/jackpotlotteryonline.com\/sk\/kupit-vstupenky\/thunderball\/","og_locale":"sk_SK","og_type":"article","og_title":"K\u00fapi\u0165 tikety Thunderball z kraj\u00edn mimo Spojen\u00e9ho kr\u00e1\u013eovstva | Loteria Thunderball online","og_description":"Z\u00edskajte tiket Thunderball z \u00fazemia mimo Ve\u013ekej Brit\u00e1nie k\u00fapou online tu! Z\u00edskajte naskenovan\u00fd tiket Thunderball prostredn\u00edctvom na\u0161ej leg\u00e1lnej slu\u017eby","og_url":"https:\/\/jackpotlotteryonline.com\/sk\/kupit-vstupenky\/thunderball\/","og_site_name":"Lotto Online - Crack The International Lottery Jackpots","article_modified_time":"2023-01-04T08:53:08+00:00","og_image":[{"url":"http:\/\/jackpotlotteryonline.com\/wp-content\/uploads\/2022\/11\/1_you_win_jackpot-300x300.jpg"}],"twitter_card":"summary_large_image","twitter_misc":{"Predpokladan\u00fd \u010das \u010d\u00edtania":"5 min\u00fat"},"schema":{"@context":"https:\/\/schema.org","@graph":[{"@type":"WebPage","@id":"https:\/\/jackpotlotteryonline.com\/sk\/kupit-vstupenky\/thunderball\/","url":"https:\/\/jackpotlotteryonline.com\/sk\/kupit-vstupenky\/thunderball\/","name":"K\u00fapi\u0165 tikety Thunderball z kraj\u00edn mimo Spojen\u00e9ho kr\u00e1\u013eovstva | Loteria Thunderball online","isPartOf":{"@id":"https:\/\/jackpotlotteryonline.com\/#website"},"primaryImageOfPage":{"@id":"https:\/\/jackpotlotteryonline.com\/sk\/kupit-vstupenky\/thunderball\/#primaryimage"},"image":{"@id":"https:\/\/jackpotlotteryonline.com\/sk\/kupit-vstupenky\/thunderball\/#primaryimage"},"thumbnailUrl":"http:\/\/jackpotlotteryonline.com\/wp-content\/uploads\/2022\/11\/1_you_win_jackpot-300x300.jpg","datePublished":"2022-11-10T09:39:15+00:00","dateModified":"2023-01-04T08:53:08+00:00","description":"Z\u00edskajte tiket Thunderball z \u00fazemia mimo Ve\u013ekej Brit\u00e1nie k\u00fapou online tu! Z\u00edskajte naskenovan\u00fd tiket Thunderball prostredn\u00edctvom na\u0161ej leg\u00e1lnej slu\u017eby","breadcrumb":{"@id":"https:\/\/jackpotlotteryonline.com\/sk\/kupit-vstupenky\/thunderball\/#breadcrumb"},"inLanguage":"sk-SK","potentialAction":[{"@type":"ReadAction","target":["https:\/\/jackpotlotteryonline.com\/sk\/kupit-vstupenky\/thunderball\/"]}]},{"@type":"ImageObject","inLanguage":"sk-SK","@id":"https:\/\/jackpotlotteryonline.com\/sk\/kupit-vstupenky\/thunderball\/#primaryimage","url":"http:\/\/jackpotlotteryonline.com\/wp-content\/uploads\/2022\/11\/1_you_win_jackpot-300x300.jpg","contentUrl":"http:\/\/jackpotlotteryonline.com\/wp-content\/uploads\/2022\/11\/1_you_win_jackpot-300x300.jpg"},{"@type":"BreadcrumbList","@id":"https:\/\/jackpotlotteryonline.com\/sk\/kupit-vstupenky\/thunderball\/#breadcrumb","itemListElement":[{"@type":"ListItem","position":1,"name":"Home","item":"https:\/\/jackpotlotteryonline.com\/sk\/"},{"@type":"ListItem","position":2,"name":"Ako si k\u00fapi\u0165 vstupenky do lot\u00e9rie online","item":"https:\/\/jackpotlotteryonline.com\/buy-tickets\/"},{"@type":"ListItem","position":3,"name":"K\u00fapi\u0165 vstupenky na Thunderball"}]},{"@type":"WebSite","@id":"https:\/\/jackpotlotteryonline.com\/#website","url":"https:\/\/jackpotlotteryonline.com\/","name":"Lotto Online - Crack The International Lottery Jackpots","description":"","potentialAction":[{"@type":"SearchAction","target":{"@type":"EntryPoint","urlTemplate":"https:\/\/jackpotlotteryonline.com\/?s={search_term_string}"},"query-input":"required name=search_term_string"}],"inLanguage":"sk-SK"}]}},"_links":{"self":[{"href":"https:\/\/jackpotlotteryonline.com\/sk\/wp-json\/wp\/v2\/pages\/37121","targetHints":{"allow":["GET"]}}],"collection":[{"href":"https:\/\/jackpotlotteryonline.com\/sk\/wp-json\/wp\/v2\/pages"}],"about":[{"href":"https:\/\/jackpotlotteryonline.com\/sk\/wp-json\/wp\/v2\/types\/page"}],"author":[{"embeddable":true,"href":"https:\/\/jackpotlotteryonline.com\/sk\/wp-json\/wp\/v2\/users\/1"}],"replies":[{"embeddable":true,"href":"https:\/\/jackpotlotteryonline.com\/sk\/wp-json\/wp\/v2\/comments?post=37121"}],"version-history":[{"count":0,"href":"https:\/\/jackpotlotteryonline.com\/sk\/wp-json\/wp\/v2\/pages\/37121\/revisions"}],"up":[{"embeddable":true,"href":"https:\/\/jackpotlotteryonline.com\/sk\/wp-json\/wp\/v2\/pages\/35778"}],"wp:attachment":[{"href":"https:\/\/jackpotlotteryonline.com\/sk\/wp-json\/wp\/v2\/media?parent=37121"}],"curies":[{"name":"wp","href":"https:\/\/api.w.org\/{rel}","templated":true}]}}