{"id":37176,"date":"2022-11-10T12:54:22","date_gmt":"2022-11-10T12:54:22","guid":{"rendered":"https:\/\/jackpotlotteryonline.com\/?page_id=37176"},"modified":"2022-12-24T16:09:05","modified_gmt":"2022-12-24T16:09:05","slug":"powerball-australia","status":"publish","type":"page","link":"https:\/\/jackpotlotteryonline.com\/sk\/kupit-vstupenky\/powerball-australia\/","title":{"rendered":"K\u00fapi\u0165 l\u00edstky Powerball Australia"},"content":{"rendered":"<p>Ke\u010f sa zamysl\u00edte nad touto lot\u00e9riou, ako prv\u00e1 v\u00e1m napadne americk\u00e1 lot\u00e9ria a nie austr\u00e1lska verzia. T\u00fato \u00fa\u017easn\u00fa lot\u00e9riu miluj\u00fa austr\u00e1lski lotto nad\u0161enci. Powerball Australia sa r\u00fdchlo st\u00e1va jednou z ob\u013e\u00faben\u00fdch medzin\u00e1rodn\u00fdch lot\u00e9ri\u00ed, preto\u017ee st\u00e1vkuj\u00faci na celom svete si uvedomuj\u00fa jej potenci\u00e1l.<\/p>\n<p>S garantovan\u00fdm minim\u00e1lnym jackpotom 3 mili\u00f3ny dol\u00e1rov sa suma preklop\u00ed, ak po \u017erebovan\u00ed nie je \u017eiadny v\u00fdherca. M\u00f4\u017ee sa prevali\u0165 nieko\u013ekokr\u00e1t, a\u017e k\u00fdm sa nestane pomerne ve\u013ekou. Rekordn\u00fd jackpot vo v\u00fd\u0161ke 160 mili\u00f3nov dol\u00e1rov vyhral v okt\u00f3bri 2022 jeden tiket.<\/p>\n<p>Ak chcete roz\u0161\u00edri\u0165 svoj z\u00e1ber ako hr\u00e1\u010d lot\u00e9rie, potom by ste mali zv\u00e1\u017ei\u0165 Powerball Australia. Je z\u00e1bavn\u00e1, pln\u00e1 ducha a d\u00e1va hr\u00e1\u010dom mo\u017enos\u0165 vyhra\u0165 ve\u013ek\u00e9 sumy bez \u0161ialen\u00fdch kurzov americkej verzie. Navy\u0161e nez\u00e1le\u017e\u00ed na tom, kde \u017eijete, preto\u017ee m\u00f4\u017eete <a href=\"https:\/\/jackpotlotteryonline.com\/sk\/ako-hrat\/powerball-australia\">hra\u0165 online na adrese jackpotlotteryonline.com.<\/a><\/p>\n<h2>Ako funguje Powerball Australia?<\/h2>\n<p><img loading=\"lazy\" decoding=\"async\" class=\"size-full wp-image-31181 alignright\" src=\"https:\/\/jackpotlotteryonline.com\/wp-content\/uploads\/2022\/11\/logo_powerball-300x50-1.jpg\" alt=\"Powerball Australia\" width=\"300\" height=\"50\" \/><\/p>\n<p>T\u00e1to lot\u00e9ria m\u00e1 lopti\u010dky s dvoma sadami \u010d\u00edsel v dvoch r\u00f4znych sudoch. Gu\u013e\u00f4\u010dky sa n\u00e1hodne vy\u0165ahuj\u00fa z ka\u017ed\u00e9ho suda a vyhr\u00e1va ka\u017ed\u00e1 polo\u017eka, ktor\u00e1 sa zhoduje s vy\u017erebovan\u00fdmi \u010d\u00edslami. V prvom sude je 35 lopti\u010diek a hr\u00e1\u010di si musia vybra\u0165 7 \u010d\u00edsel v tomto rozsahu. Druh\u00fd sud m\u00e1 20 \u010d\u00edsel a hr\u00e1\u010di si vyber\u00fa JEDNO \u010d\u00edslo z tohto rozsahu.<\/p>\n<p>Riadok vstupu m\u00e1 8 \u010d\u00edsel a tiket m\u00f4\u017ee ma\u0165 viac ako jeden riadok vstupu. V skuto\u010dnosti sa odpor\u00fa\u010da zada\u0165 viac riadkov, aby sa zv\u00fd\u0161ili \u0161ance na v\u00fdhru. \u0160anca na v\u00fdhru jackpotu je 1:134 490 400.<\/p>\n<p>\u00c1no, pravdepodobnos\u0165 je dos\u0165 vysok\u00e1, ale tak to v lot\u00e9rii funguje. Je to hra s \u010d\u00edslami a ve\u013ea v nej z\u00e1vis\u00ed od \u0161\u0165astia. Ned\u00e1 sa poveda\u0165, kedy sa \u0161\u0165astie rozhodne pre hr\u00e1\u010da. Navy\u0161e je to z\u00e1bavn\u00fd kon\u00ed\u010dek, pokia\u013e sa dr\u017e\u00edte toho, \u010do si m\u00f4\u017eete dovoli\u0165.<\/p>\n<h2>M\u00f4\u017eete zv\u00fd\u0161i\u0165 svoje \u0161ance na v\u00fdhru?<\/h2>\n<p>Je zauj\u00edmav\u00e9, \u017ee svoje \u0161ance na v\u00fdhru jackpotu m\u00f4\u017eete zv\u00fd\u0161i\u0165. Neexistuje \u017eiadna zaru\u010den\u00e1 met\u00f3da, hoci v\u00e4\u010d\u0161ina v\u00fdhercov prizn\u00e1va, \u017ee hrali viackr\u00e1t, k\u00fdm nie\u010do vyhrali. V tom spo\u010d\u00edva tajomstvo.<\/p>\n<p>Pod\u013ea na\u0161ich najlep\u0161\u00edch vedomost\u00ed sp\u00f4sob, ako nakloni\u0165 \u0161ance na v\u00fdhru vo svoj prospech, je k\u00fapi\u0165 si viac vstupov. To znamen\u00e1 viacero vstupn\u00fdch l\u00edni\u00ed a viacero \u017erebovan\u00ed. Lot\u00e9ria sa \u017erebuje raz t\u00fd\u017edenne vo \u0161tvrtok. Ak si tikety zaobstar\u00e1te na na\u0161ej str\u00e1nke, m\u00f4\u017eete sa do \u017erebovania zapoji\u0165 nieko\u013eko t\u00fd\u017ed\u0148ov vopred.<\/p>\n<p>\u010eal\u0161ou mo\u017enos\u0165ou je zapoji\u0165 sa do lot\u00e9riov\u00e9ho syndik\u00e1tu. V\u00fdhodou vstupu do syndik\u00e1tu je, \u017ee va\u0161e peniaze sa dostan\u00fa ove\u013ea \u010falej, ako keby ste hrali sami. Samozrejme, ak tiket vyhr\u00e1, ka\u017ed\u00fd \u010dlen syndik\u00e1tu si v\u00fdhru rozdel\u00ed.<\/p>\n<section class=\"layout\" style=\"border: solid 1px; width: 100%;\">\n<div class=\"img-div\" style=\"margin-top: 5px;\"><img decoding=\"async\" class=\"wp-image-17212 alignleft\" style=\"height: 45px; margin: 8px 8px 0px;\" src=\"https:\/\/jackpotlotteryonline.com\/wp-content\/uploads\/2022\/11\/read1.jpg\" alt=\"pre\u010d\u00edtajte si\" width=\"\" height=\"\" \/><\/div>\n<div style=\"padding-left: 5px;\">\n<div style=\"font-size: 1.1em;\">\n<p><strong>Vyberte si v\u00fdhern\u00e9 \u010d\u00edsla lot\u00e9rie ru\u010dne alebo pomocou RNG<\/strong><\/p>\n<p style=\"font-size: 0.85em; margin-top: -1.5em;\">Ako vygenerova\u0165 v\u00fdhern\u00e9 lotto \u010d\u00edsla?\u00a0 <a href=\"https:\/\/jackpotlotteryonline.com\/sk\/ako-generovat-vitazne-lotto-cisla\"> \u010d\u00edtaj viac<\/a><\/p>\n<\/div>\n<\/div>\n<\/section>\n<h2>Ako hra\u0165 lot\u00e9riu Aussie online<\/h2>\n<p><img loading=\"lazy\" decoding=\"async\" class=\"alignright size-medium wp-image-34538\" src=\"https:\/\/jackpotlotteryonline.com\/wp-content\/uploads\/2022\/11\/2_ticket_powerball_au-157x300.jpg\" alt=\"L\u00edstok austr\u00e1lskej lot\u00e9rie\" width=\"157\" height=\"300\" srcset=\"https:\/\/jackpotlotteryonline.com\/wp-content\/uploads\/2022\/11\/2_ticket_powerball_au-157x300.jpg 157w, https:\/\/jackpotlotteryonline.com\/wp-content\/uploads\/2022\/11\/2_ticket_powerball_au.jpg 250w\" sizes=\"auto, (max-width: 157px) 100vw, 157px\" \/><\/p>\n<p>Hra\u0165 lot\u00e9riu online je jednoduch\u00e9 a m\u00f4\u017eete tak urobi\u0165, nech ste kdeko\u013evek. Ke\u010f n\u00e1s nav\u0161t\u00edvite na jackpotlotteryonline.com, m\u00f4\u017eete si jednoducho k\u00fapi\u0165 vstupy do najlep\u0161\u00edch medzin\u00e1rodn\u00fdch lot\u00e9ri\u00ed vr\u00e1tane lot\u00e9rie Aussie. Ak si chcete k\u00fapi\u0165 vstupy, jednoducho si vyberte \u010d\u00edsla a vst\u00fapte do \u017erebovania. Nie ste si ist\u00ed, ak\u00e9 \u010d\u00edsla pou\u017ei\u0165, pou\u017eite n\u00e1\u0161 n\u00e1stroj na r\u00fdchly v\u00fdber, ktor\u00fd vygeneruje n\u00e1hodn\u00e9 \u010d\u00edsla.<\/p>\n<p>Ke\u010f sa dostanete na str\u00e1nku s platbou, po\u017eiadame v\u00e1s o registr\u00e1ciu. To preto, aby v\u00e1\u0161 tiket zostal v bezpe\u010d\u00ed na va\u0161om \u00fa\u010dte. Loterijn\u00e9 hry si m\u00f4\u017eete nastavi\u0165 aj na autopilota, aby ste boli automaticky zaraden\u00ed do \u017erebovania pod\u013ea vlastn\u00e9ho v\u00fdberu. V pr\u00edpade, \u017ee vyhr\u00e1te cenu, budeme v\u00e1s o tom okam\u017eite informova\u0165 a potom si m\u00f4\u017eete v\u00fdhru vybra\u0165 z na\u0161ej platformy.<\/p>\n<p>Usilovne pracujeme na tom, aby sme v\u00e1m zjednodu\u0161ili z\u00e1\u017eitok z lot\u00e9rie, aby ste sa mohli uvo\u013eni\u0165 a s\u00fastredi\u0165 sa na dobr\u00fa z\u00e1bavu.<\/p>\n<h2>Rozdelenie v\u00fdhier<\/h2>\n<p>T\u00e1to lot\u00e9ria Aussie m\u00e1 9 v\u00fdhern\u00fdch div\u00edzi\u00ed a hr\u00e1\u010di nemusia ma\u0165 zhodu v\u0161etk\u00fdch 8 vy\u017erebovan\u00fdch \u010d\u00edsel, aby z\u00edskali cenu. Hoci jackpotov\u00e1 v\u00fdhra za\u010d\u00edna na 3 mili\u00f3noch dol\u00e1rov, m\u00f4\u017ee sa viackr\u00e1t preklopi\u0165, a\u017e k\u00fdm nie je ove\u013ea vy\u0161\u0161ia.<\/p>\n<p>Upozor\u0148ujeme, \u017ee v\u00fd\u0161ka jackpotu nie je obmedzen\u00e1, m\u00f4\u017ee sa v\u0161ak prevali\u0165 len 25-kr\u00e1t, k\u00fdm sa vr\u00e1ti na 3 mili\u00f3ny dol\u00e1rov.<\/p>\n<p>V\u00fdhry v ni\u017e\u0161\u00edch div\u00edzi\u00e1ch predstavuj\u00fa percento z v\u00fdhern\u00e9ho fondu. Pre lep\u0161iu predstavu sa s vami podel\u00edme o priemern\u00fa v\u00fd\u0161ku v\u00fdhry. Nejde o garantovan\u00fa v\u00fdplatu pre ka\u017ed\u00e9 \u017erebovanie, preto\u017ee sumy sa m\u00f4\u017eu l\u00ed\u0161i\u0165.<\/p>\n<p>Zhoda 7 hlavn\u00fdch \u010d\u00edsel + \u0161peci\u00e1lne \u010d\u00edslo &#8211; 23 043 155,47 USD (priemern\u00e1 v\u00fdhra)<br \/>\nIba zhodn\u00fdch 7 \u010d\u00edsel &#8211; 126 484,05 USD<br \/>\nZodpoved\u00e1 6 \u010d\u00edslam + \u0161peci\u00e1lne \u010d\u00edslo &#8211; 5 326,97 USD<br \/>\nZhoda iba 6 \u010d\u00edsel &#8211; 454,35 USD<br \/>\nZhoda 5 \u010d\u00edsel + \u0161peci\u00e1lne \u010d\u00edslo &#8211; 158,34 USD<br \/>\nZhoda 4 \u010d\u00edsel + \u0161peci\u00e1lne \u010d\u00edslo &#8211; 70,85 USD<br \/>\nLen 5 \u010d\u00edsel &#8211; 42,23 USD<br \/>\nZhoda 3 \u010d\u00edsel + \u0161peci\u00e1lne \u010d\u00edslo &#8211; 17,57 USD<br \/>\nZhoda 2 \u010d\u00edsel + \u0161peci\u00e1lne \u010d\u00edslo &#8211; 10,71 USD<\/p>\n<h2>Ako skontrolova\u0165 v\u00fdsledky<\/h2>\n<p>V\u00fdsledky s\u00fa zverejnen\u00e9 na na\u0161ej str\u00e1nke po ka\u017edom \u017erebovan\u00ed. \u017drebovania sa konaj\u00fa ka\u017ed\u00fd \u0161tvrtok o 19:25 SEL\u010c.<\/p>\n<p>Ch\u00e1peme, \u017ee niekedy sa stane, \u017ee sa stane \u017eivot a vy nebudete m\u00f4c\u0165 <a href=\"https:\/\/jackpotlotteryonline.com\/sk\/vyherne-cisla\/powerball-australia\">skontrolova\u0165 v\u00fdsledky \u017erebovania okam\u017eite<\/a>. Ak teda vyhr\u00e1te nejak\u00fa cenu, upozorn\u00edme v\u00e1s nielen prostredn\u00edctvom v\u00e1\u0161ho \u00fa\u010dtu, ale po\u0161leme v\u00e1m aj e-mail. Takto sa v\u00e1m nestane, \u017ee by ste si svoju v\u00fdhru nestihli prevzia\u0165.<\/p>\n<h2>Zaregistrujte sa u n\u00e1s a k\u00fapte si l\u00edstky Powerball Australia online<\/h2>\n<p>Ste nad\u0161en\u00ed z mo\u017enosti hra\u0165 t\u00fato lot\u00e9riu? My tie\u017e a radi v\u00e1m ju prinesieme na mobiln\u00e9 zariadenie vo va\u0161ej bl\u00edzkosti. Akon\u00e1hle m\u00e1te pripojenie na internet, m\u00f4\u017eete si zak\u00fapi\u0165 vstup do austr\u00e1lskej lot\u00e9rie.<\/p>\n<p>Lot\u00e9ria je z\u00e1bavn\u00e1 hra a v\u0161ade sa rozpr\u00e1vaj\u00fa pr\u00edbehy o v\u00fdhercoch lot\u00e9rie. M\u00f4\u017eete by\u0165 \u010fal\u0161\u00edm v\u00fdhercom, ale nedozviete sa to, pokia\u013e sa nez\u00fa\u010dastn\u00edte \u017erebovania. Zjednodu\u0161ili sme tento proces, aby bol pre v\u00e1s bezstresov\u00fd. Nemus\u00edte opusti\u0165 na\u0161u str\u00e1nku, aby ste vykonali ak\u00e9ko\u013evek \u00falohy s\u00favisiace s lot\u00e9riou. Je to tak\u00e9 jednoduch\u00e9.<\/p>\n<p>Nez\u00e1le\u017e\u00ed na tom, kde na svete sa nach\u00e1dzate, vstup do najv\u00e4\u010d\u0161ej austr\u00e1lskej lot\u00e9rie si m\u00f4\u017eete k\u00fapi\u0165 priamo tu na na\u0161ej str\u00e1nke. Zaregistrujte sa u n\u00e1s e\u0161te dnes.<\/p>\n","protected":false},"excerpt":{"rendered":"<p>Ke\u010f sa zamysl\u00edte nad touto lot\u00e9riou, ako prv\u00e1 v\u00e1m napadne americk\u00e1 lot\u00e9ria a nie austr\u00e1lska verzia. T\u00fato \u00fa\u017easn\u00fa lot\u00e9riu miluj\u00fa austr\u00e1lski lotto nad\u0161enci. Powerball Australia sa r\u00fdchlo st\u00e1va jednou z ob\u013e\u00faben\u00fdch medzin\u00e1rodn\u00fdch lot\u00e9ri\u00ed, preto\u017ee st\u00e1vkuj\u00faci na celom svete si uvedomuj\u00fa jej potenci\u00e1l. S garantovan\u00fdm minim\u00e1lnym jackpotom 3 mili\u00f3ny dol\u00e1rov sa suma preklop\u00ed, ak po \u017erebovan\u00ed [&hellip;]<\/p>\n","protected":false},"author":1,"featured_media":0,"parent":35778,"menu_order":17,"comment_status":"closed","ping_status":"closed","template":"powerball-au-info.php","meta":{"_et_pb_use_builder":"","_et_pb_old_content":"","_et_gb_content_width":"","exclude_from_search":false,"footnotes":""},"class_list":["post-37176","page","type-page","status-publish","hentry"],"yoast_head":"<!-- This site is optimized with the Yoast SEO plugin v23.3 - https:\/\/yoast.com\/wordpress\/plugins\/seo\/ -->\n<title>K\u00fapi\u0165 tikety Powerball Australia z kraj\u00edn mimo Austr\u00e1lie<\/title>\n<meta name=\"description\" content=\"Austr\u00e1lska verzia lot\u00e9rie Powerball - m\u00f4\u017eete sa jej z\u00fa\u010dastni\u0165, ak si jednoducho k\u00fapite tiket online priamo tu na na\u0161ej webovej str\u00e1nke\" \/>\n<meta name=\"robots\" content=\"index, follow, max-snippet:-1, max-image-preview:large, max-video-preview:-1\" \/>\n<link rel=\"canonical\" href=\"https:\/\/jackpotlotteryonline.com\/sk\/kupit-vstupenky\/powerball-australia\/\" \/>\n<meta property=\"og:locale\" content=\"sk_SK\" \/>\n<meta property=\"og:type\" content=\"article\" \/>\n<meta property=\"og:title\" content=\"K\u00fapi\u0165 tikety Powerball Australia z kraj\u00edn mimo Austr\u00e1lie\" \/>\n<meta property=\"og:description\" content=\"Austr\u00e1lska verzia lot\u00e9rie Powerball - m\u00f4\u017eete sa jej z\u00fa\u010dastni\u0165, ak si jednoducho k\u00fapite tiket online priamo tu na na\u0161ej webovej str\u00e1nke\" \/>\n<meta property=\"og:url\" content=\"https:\/\/jackpotlotteryonline.com\/sk\/kupit-vstupenky\/powerball-australia\/\" \/>\n<meta property=\"og:site_name\" content=\"Lotto Online - Crack The International Lottery Jackpots\" \/>\n<meta property=\"article:modified_time\" content=\"2022-12-24T16:09:05+00:00\" \/>\n<meta property=\"og:image\" content=\"https:\/\/jackpotlotteryonline.com\/wp-content\/uploads\/2022\/11\/logo_powerball-300x50-1.jpg\" \/>\n<meta name=\"twitter:card\" content=\"summary_large_image\" \/>\n<meta name=\"twitter:label1\" content=\"Predpokladan\u00fd \u010das \u010d\u00edtania\" \/>\n\t<meta name=\"twitter:data1\" content=\"5 min\u00fat\" \/>\n<!-- \/ Yoast SEO plugin. -->","yoast_head_json":{"title":"K\u00fapi\u0165 tikety Powerball Australia z kraj\u00edn mimo Austr\u00e1lie","description":"Austr\u00e1lska verzia lot\u00e9rie Powerball - m\u00f4\u017eete sa jej z\u00fa\u010dastni\u0165, ak si jednoducho k\u00fapite tiket online priamo tu na na\u0161ej webovej str\u00e1nke","robots":{"index":"index","follow":"follow","max-snippet":"max-snippet:-1","max-image-preview":"max-image-preview:large","max-video-preview":"max-video-preview:-1"},"canonical":"https:\/\/jackpotlotteryonline.com\/sk\/kupit-vstupenky\/powerball-australia\/","og_locale":"sk_SK","og_type":"article","og_title":"K\u00fapi\u0165 tikety Powerball Australia z kraj\u00edn mimo Austr\u00e1lie","og_description":"Austr\u00e1lska verzia lot\u00e9rie Powerball - m\u00f4\u017eete sa jej z\u00fa\u010dastni\u0165, ak si jednoducho k\u00fapite tiket online priamo tu na na\u0161ej webovej str\u00e1nke","og_url":"https:\/\/jackpotlotteryonline.com\/sk\/kupit-vstupenky\/powerball-australia\/","og_site_name":"Lotto Online - Crack The International Lottery Jackpots","article_modified_time":"2022-12-24T16:09:05+00:00","og_image":[{"url":"https:\/\/jackpotlotteryonline.com\/wp-content\/uploads\/2022\/11\/logo_powerball-300x50-1.jpg"}],"twitter_card":"summary_large_image","twitter_misc":{"Predpokladan\u00fd \u010das \u010d\u00edtania":"5 min\u00fat"},"schema":{"@context":"https:\/\/schema.org","@graph":[{"@type":"WebPage","@id":"https:\/\/jackpotlotteryonline.com\/sk\/kupit-vstupenky\/powerball-australia\/","url":"https:\/\/jackpotlotteryonline.com\/sk\/kupit-vstupenky\/powerball-australia\/","name":"K\u00fapi\u0165 tikety Powerball Australia z kraj\u00edn mimo Austr\u00e1lie","isPartOf":{"@id":"https:\/\/jackpotlotteryonline.com\/#website"},"primaryImageOfPage":{"@id":"https:\/\/jackpotlotteryonline.com\/sk\/kupit-vstupenky\/powerball-australia\/#primaryimage"},"image":{"@id":"https:\/\/jackpotlotteryonline.com\/sk\/kupit-vstupenky\/powerball-australia\/#primaryimage"},"thumbnailUrl":"https:\/\/jackpotlotteryonline.com\/wp-content\/uploads\/2022\/11\/logo_powerball-300x50-1.jpg","datePublished":"2022-11-10T12:54:22+00:00","dateModified":"2022-12-24T16:09:05+00:00","description":"Austr\u00e1lska verzia lot\u00e9rie Powerball - m\u00f4\u017eete sa jej z\u00fa\u010dastni\u0165, ak si jednoducho k\u00fapite tiket online priamo tu na na\u0161ej webovej str\u00e1nke","breadcrumb":{"@id":"https:\/\/jackpotlotteryonline.com\/sk\/kupit-vstupenky\/powerball-australia\/#breadcrumb"},"inLanguage":"sk-SK","potentialAction":[{"@type":"ReadAction","target":["https:\/\/jackpotlotteryonline.com\/sk\/kupit-vstupenky\/powerball-australia\/"]}]},{"@type":"ImageObject","inLanguage":"sk-SK","@id":"https:\/\/jackpotlotteryonline.com\/sk\/kupit-vstupenky\/powerball-australia\/#primaryimage","url":"https:\/\/jackpotlotteryonline.com\/wp-content\/uploads\/2022\/11\/logo_powerball-300x50-1.jpg","contentUrl":"https:\/\/jackpotlotteryonline.com\/wp-content\/uploads\/2022\/11\/logo_powerball-300x50-1.jpg"},{"@type":"BreadcrumbList","@id":"https:\/\/jackpotlotteryonline.com\/sk\/kupit-vstupenky\/powerball-australia\/#breadcrumb","itemListElement":[{"@type":"ListItem","position":1,"name":"Home","item":"https:\/\/jackpotlotteryonline.com\/sk\/"},{"@type":"ListItem","position":2,"name":"Ako si k\u00fapi\u0165 vstupenky do lot\u00e9rie online","item":"https:\/\/jackpotlotteryonline.com\/buy-tickets\/"},{"@type":"ListItem","position":3,"name":"K\u00fapi\u0165 l\u00edstky Powerball Australia"}]},{"@type":"WebSite","@id":"https:\/\/jackpotlotteryonline.com\/#website","url":"https:\/\/jackpotlotteryonline.com\/","name":"Lotto Online - Crack The International Lottery Jackpots","description":"","potentialAction":[{"@type":"SearchAction","target":{"@type":"EntryPoint","urlTemplate":"https:\/\/jackpotlotteryonline.com\/?s={search_term_string}"},"query-input":"required name=search_term_string"}],"inLanguage":"sk-SK"}]}},"_links":{"self":[{"href":"https:\/\/jackpotlotteryonline.com\/sk\/wp-json\/wp\/v2\/pages\/37176","targetHints":{"allow":["GET"]}}],"collection":[{"href":"https:\/\/jackpotlotteryonline.com\/sk\/wp-json\/wp\/v2\/pages"}],"about":[{"href":"https:\/\/jackpotlotteryonline.com\/sk\/wp-json\/wp\/v2\/types\/page"}],"author":[{"embeddable":true,"href":"https:\/\/jackpotlotteryonline.com\/sk\/wp-json\/wp\/v2\/users\/1"}],"replies":[{"embeddable":true,"href":"https:\/\/jackpotlotteryonline.com\/sk\/wp-json\/wp\/v2\/comments?post=37176"}],"version-history":[{"count":0,"href":"https:\/\/jackpotlotteryonline.com\/sk\/wp-json\/wp\/v2\/pages\/37176\/revisions"}],"up":[{"embeddable":true,"href":"https:\/\/jackpotlotteryonline.com\/sk\/wp-json\/wp\/v2\/pages\/35778"}],"wp:attachment":[{"href":"https:\/\/jackpotlotteryonline.com\/sk\/wp-json\/wp\/v2\/media?parent=37176"}],"curies":[{"name":"wp","href":"https:\/\/api.w.org\/{rel}","templated":true}]}}