{"id":37231,"date":"2022-11-11T06:52:43","date_gmt":"2022-11-11T06:52:43","guid":{"rendered":"https:\/\/jackpotlotteryonline.com\/?page_id=37231"},"modified":"2022-12-24T10:53:49","modified_gmt":"2022-12-24T10:53:49","slug":"oz-lotto","status":"publish","type":"page","link":"https:\/\/jackpotlotteryonline.com\/sk\/kupit-vstupenky\/oz-lotto\/","title":{"rendered":"K\u00fapi\u0165 Oz Lotto vstupenky"},"content":{"rendered":"<p>Oz Lotto je prv\u00e1 austr\u00e1lska n\u00e1rodn\u00e1 lot\u00e9ria. Za\u010dala sa v roku 1994 a v\u010faka \u0161tedrej v\u00fdhre sa stala ob\u013e\u00fabenou medzi st\u00e1vkuj\u00facimi na celom svete. Hr\u00e1\u010dov v\u0161ak oslovuje viac ne\u017e len vysok\u00e1 hlavn\u00e1 v\u00fdhra.<\/p>\n<p>R\u00f4zne lot\u00e9rie maj\u00fa svoje pravidl\u00e1 a met\u00f3dy, ale jedna vec je spolo\u010dn\u00e1, \u017ee \u0161ance nie s\u00fa v\u017edy priazniv\u00e9. To v\u0161ak nie je pr\u00edpad tejto austr\u00e1lskej lot\u00e9rie. Ak h\u013ead\u00e1te lot\u00e9riu, ktor\u00e1 m\u00e1 neuverite\u013en\u00e9 \u0161ance, potom hrajte t\u00fato lot\u00e9riu Oz.<\/p>\n<p>Vo v\u0161eobecnosti plat\u00ed, \u017ee lot\u00e9rie sa m\u00f4\u017eu z\u00fa\u010dastni\u0165 obyvatelia kraj\u00edn, v ktor\u00fdch sa lot\u00e9ria kon\u00e1. T\u00e1to lot\u00e9ria je teda otvoren\u00e1 pre t\u00fdch, ktor\u00ed \u017eij\u00fa v Austr\u00e1lii. Nemus\u00edte by\u0165 ob\u010danom krajiny, aby ste sa mohli z\u00fa\u010dastni\u0165 tejto lot\u00e9rie. Ak v\u0161ak \u017eijete mimo krajiny, budete si musie\u0165 k\u00fapi\u0165 \u017ereby online.<\/p>\n<h2>Ako si k\u00fapi\u0165 losy Oz Lotto na celom svete<\/h2>\n<p><img loading=\"lazy\" decoding=\"async\" class=\"alignright size-full wp-image-31532\" src=\"https:\/\/jackpotlotteryonline.com\/wp-content\/uploads\/2022\/11\/lottoballs.jpg\" alt=\"Oz lot\u00e9rie\" width=\"245\" height=\"123\" \/><\/p>\n<p>Najpohodlnej\u0161\u00ed a najjednoduch\u0161\u00ed sp\u00f4sob, ako z\u00edska\u0165 pr\u00edstup do lot\u00e9rie Oz Lottery z kraj\u00edn mimo Austr\u00e1lie, je prostredn\u00edctvom internetu. Existuj\u00fa online predajcovia lot\u00e9ri\u00ed, ktor\u00ed hr\u00e1\u010dom poskytuj\u00fa pr\u00edstup k najlep\u0161\u00edm medzin\u00e1rodn\u00fdm lot\u00e9ri\u00e1m. Tieto str\u00e1nky poskytuj\u00fa legit\u00edmny sp\u00f4sob, ako si hr\u00e1\u010di na celom svete m\u00f4\u017eu vysk\u00fa\u0161a\u0165 vyhra\u0165 mili\u00f3ny.<\/p>\n<p>Internet poskytuje svet takmer nekone\u010dn\u00fdch mo\u017enost\u00ed a nie v\u0161etky s\u00fa pozit\u00edvne. Vyh\u013ead\u00e1vanie akejko\u013evek n\u00e1hodnej lot\u00e9riovej str\u00e1nky by mohlo vies\u0165 k nepr\u00edjemn\u00fdm sk\u00fasenostiam. Preto je v\u017edy dobr\u00e9 h\u013eada\u0165 d\u00f4veryhodn\u00e9 str\u00e1nky, ktor\u00e9 maj\u00fa s hr\u00e1\u010dmi sk\u00fasenosti. Ni\u017e\u0161ie sa s vami podel\u00edme o tipy, ktor\u00e9 v\u00e1m pom\u00f4\u017eu vybra\u0165 si spr\u00e1vneho predajcu lot\u00e9ri\u00ed na internete.<\/p>\n<h2>Tipy na pou\u017e\u00edvanie spr\u00e1vnej lot\u00e9riovej str\u00e1nky<\/h2>\n<p>Pou\u017e\u00edvajte len predajcov, ktor\u00ed s\u00fa registrovan\u00ed pod\u013ea z\u00e1kona. Legit\u00edmny predajca lot\u00e9rie by mal ma\u0165 prev\u00e1dzkov\u00fa licenciu a s\u00eddlo. Tieto \u00fadaje by mali by\u0165 kv\u00f4li pravosti uveden\u00e9 na webovej str\u00e1nke.<\/p>\n<p>Uistite sa, \u017ee maj\u00fa \u0161irok\u00fa ponuku medzin\u00e1rodn\u00fdch lot\u00e9ri\u00ed. Nem\u00e1 zmysel registrova\u0165 sa na str\u00e1nke, ktor\u00e1 zobrazuje len nieko\u013eko lot\u00e9ri\u00ed. Hlavnou podstatou <a href=\"https:\/\/jackpotlotteryonline.com\/sk\/ako-hrat\/oz-lotto\">hrania lot\u00e9rie na internete<\/a> je dostupnos\u0165 a pohodlie. \u010co je pohodlnej\u0161ie ako mo\u017enos\u0165 vst\u00fapi\u0165 do viacer\u00fdch medzin\u00e1rodn\u00fdch lot\u00e9ri\u00ed, a to v\u0161etko z jedn\u00e9ho miesta online?<\/p>\n<p>Ak sa chcete zapoji\u0165 do lot\u00e9rie, pou\u017eite str\u00e1nku concierge. Tento posledn\u00fd tip je ve\u013emi d\u00f4le\u017eit\u00fd, preto\u017ee sa m\u00f4\u017eete rozl\u00fa\u010di\u0165 so svojimi peniazmi bez toho, aby ste sa do lot\u00e9rie skuto\u010dne zapojili. Niektor\u00e9 lot\u00e9riov\u00e9 str\u00e1nky toti\u017e umo\u017e\u0148uj\u00fa hr\u00e1\u010dom vs\u00e1dza\u0165 na v\u00fdsledok. Tak\u017ee aj ke\u010f sa va\u0161e \u010d\u00edsla zhoduj\u00fa, budete ma\u0165 n\u00e1rok len na zlomok jackpotu, preto\u017ee ste sa nez\u00fa\u010dastnili lot\u00e9rie.<\/p>\n<section class=\"layout\" style=\"border: solid 1px; width: 100%;\">\n<div class=\"img-div\" style=\"margin-top: 5px;\"><img decoding=\"async\" class=\"wp-image-17212 alignleft\" style=\"height: 45px; margin: 8px 8px 0px;\" src=\"https:\/\/jackpotlotteryonline.com\/wp-content\/uploads\/2022\/11\/read1.jpg\" alt=\"pre\u010d\u00edtajte si\" width=\"\" height=\"\" \/><\/div>\n<div style=\"padding-left: 5px;\">\n<div style=\"font-size: 1.1em;\">\n<p><strong>Loterijn\u00e9 podvody, o ktor\u00fdch by ste mali vedie\u0165<\/strong><\/p>\n<p style=\"font-size: 0.85em; margin-top: -1.5em;\">Nenechajte sa chyti\u0165 do lot\u00e9riov\u00fdch pasc\u00ed\u00a0 <a href=\"https:\/\/jackpotlotteryonline.com\/sk\/pozor-na-online-loterie-podvody\"> \u010d\u00edtaj viac<\/a><\/p>\n<\/div>\n<\/div>\n<\/section>\n<h2>Zaregistrujte sa u n\u00e1s a vst\u00fapte do lot\u00e9rie online<\/h2>\n<p><img loading=\"lazy\" decoding=\"async\" class=\"size-medium wp-image-34403 alignright\" src=\"https:\/\/jackpotlotteryonline.com\/wp-content\/uploads\/2022\/11\/2_ticket_oz_lotto2-179x300.jpg\" alt=\"Tikety Oz Lotto\" width=\"179\" height=\"300\" srcset=\"https:\/\/jackpotlotteryonline.com\/wp-content\/uploads\/2022\/11\/2_ticket_oz_lotto2-179x300.jpg 179w, https:\/\/jackpotlotteryonline.com\/wp-content\/uploads\/2022\/11\/2_ticket_oz_lotto2.jpg 250w\" sizes=\"auto, (max-width: 179px) 100vw, 179px\" \/><\/p>\n<p>N\u00e1kup \u017erebov cez internet alebo prostredn\u00edctvom mobilnej aplik\u00e1cie je jednoduch\u00fd a bezprobl\u00e9mov\u00fd. Po ur\u010den\u00ed predajcu, ktor\u00e9ho chcete vyu\u017ei\u0165, nav\u0161t\u00edvte jeho str\u00e1nku a vyberte si lot\u00e9riu pod\u013ea vlastn\u00e9ho v\u00fdberu. \u010eal\u0161\u00edm krokom je v\u00fdber \u010d\u00edsel. V pr\u00edpade programu Oz Lotto si mus\u00edte vybra\u0165 desa\u0165 \u010d\u00edsel od 1 do 47.<\/p>\n<p><a href=\"https:\/\/jackpotlotteryonline.com\/sk\/vyherne-cisla\/oz-lotto\">Vst\u00fapte do \u017erebovania a vykonajte platbu<\/a>. \u017drebovanie sa kon\u00e1 raz t\u00fd\u017edenne v utorok. Zauj\u00edmavos\u0165ou hrania online je, \u017ee si m\u00f4\u017eete zak\u00fapi\u0165 viacero tiketov a prihl\u00e1si\u0165 sa do viacer\u00fdch \u017erebovan\u00ed vopred. Navy\u0161e, ak si nie ste ist\u00ed, ak\u00e9 \u010d\u00edslo si vybra\u0165, m\u00f4\u017eete jednoducho pou\u017ei\u0165 automatick\u00fd v\u00fdber \u010d\u00edsla.<\/p>\n<p>Ako sme u\u017e povedali, hranie lot\u00e9rie cez internet je pohodln\u00fd a bezstresov\u00fd sp\u00f4sob, ako z\u00edska\u0165 pr\u00edjemn\u00fd z\u00e1\u017eitok. \u010ci u\u017e ste sk\u00fasen\u00fd tip\u00e9r, alebo ste nov\u00e1\u010dik, pr\u00e1ve tu m\u00f4\u017eete za\u017ei\u0165 n\u00e1dhern\u00fa cestu. Na\u0161e slu\u017eby concierge poskytuj\u00fa hr\u00e1\u010dom legit\u00edmny sp\u00f4sob vstupu do lot\u00e9rie. Ke\u010f si u n\u00e1s zak\u00fapite los Oz lotto, z\u00edskate skuto\u010dn\u00fa ponuku.<\/p>\n","protected":false},"excerpt":{"rendered":"<p>Oz Lotto je prv\u00e1 austr\u00e1lska n\u00e1rodn\u00e1 lot\u00e9ria. Za\u010dala sa v roku 1994 a v\u010faka \u0161tedrej v\u00fdhre sa stala ob\u013e\u00fabenou medzi st\u00e1vkuj\u00facimi na celom svete. Hr\u00e1\u010dov v\u0161ak oslovuje viac ne\u017e len vysok\u00e1 hlavn\u00e1 v\u00fdhra. R\u00f4zne lot\u00e9rie maj\u00fa svoje pravidl\u00e1 a met\u00f3dy, ale jedna vec je spolo\u010dn\u00e1, \u017ee \u0161ance nie s\u00fa v\u017edy priazniv\u00e9. To v\u0161ak nie je [&hellip;]<\/p>\n","protected":false},"author":1,"featured_media":0,"parent":35778,"menu_order":16,"comment_status":"closed","ping_status":"closed","template":"","meta":{"_et_pb_use_builder":"","_et_pb_old_content":"","_et_gb_content_width":"","exclude_from_search":false,"footnotes":""},"class_list":["post-37231","page","type-page","status-publish","hentry"],"yoast_head":"<!-- This site is optimized with the Yoast SEO plugin v23.3 - https:\/\/yoast.com\/wordpress\/plugins\/seo\/ -->\n<title>K\u00fapi\u0165 tikety Oz Lotto z kraj\u00edn mimo Austr\u00e1lie | Tikety Oz Lotto online<\/title>\n<meta name=\"description\" content=\"OZ Lotto je pre v\u00e1s hrate\u013en\u00e9, ak ne\u017eijete v Austr\u00e1lii, m\u00f4\u017eeme v\u00e1m zabezpe\u010di\u0165 leg\u00e1lny tiket tejto austr\u00e1lskej lot\u00e9rie online\" \/>\n<meta name=\"robots\" content=\"index, follow, max-snippet:-1, max-image-preview:large, max-video-preview:-1\" \/>\n<link rel=\"canonical\" href=\"https:\/\/jackpotlotteryonline.com\/sk\/kupit-vstupenky\/oz-lotto\/\" \/>\n<meta property=\"og:locale\" content=\"sk_SK\" \/>\n<meta property=\"og:type\" content=\"article\" \/>\n<meta property=\"og:title\" content=\"K\u00fapi\u0165 tikety Oz Lotto z kraj\u00edn mimo Austr\u00e1lie | Tikety Oz Lotto online\" \/>\n<meta property=\"og:description\" content=\"OZ Lotto je pre v\u00e1s hrate\u013en\u00e9, ak ne\u017eijete v Austr\u00e1lii, m\u00f4\u017eeme v\u00e1m zabezpe\u010di\u0165 leg\u00e1lny tiket tejto austr\u00e1lskej lot\u00e9rie online\" \/>\n<meta property=\"og:url\" content=\"https:\/\/jackpotlotteryonline.com\/sk\/kupit-vstupenky\/oz-lotto\/\" \/>\n<meta property=\"og:site_name\" content=\"Lotto Online - Crack The International Lottery Jackpots\" \/>\n<meta property=\"article:modified_time\" content=\"2022-12-24T10:53:49+00:00\" \/>\n<meta property=\"og:image\" content=\"https:\/\/jackpotlotteryonline.com\/wp-content\/uploads\/2022\/11\/lottoballs.jpg\" \/>\n<meta name=\"twitter:card\" content=\"summary_large_image\" \/>\n<meta name=\"twitter:label1\" content=\"Predpokladan\u00fd \u010das \u010d\u00edtania\" \/>\n\t<meta name=\"twitter:data1\" content=\"3 min\u00faty\" \/>\n<!-- \/ Yoast SEO plugin. -->","yoast_head_json":{"title":"K\u00fapi\u0165 tikety Oz Lotto z kraj\u00edn mimo Austr\u00e1lie | Tikety Oz Lotto online","description":"OZ Lotto je pre v\u00e1s hrate\u013en\u00e9, ak ne\u017eijete v Austr\u00e1lii, m\u00f4\u017eeme v\u00e1m zabezpe\u010di\u0165 leg\u00e1lny tiket tejto austr\u00e1lskej lot\u00e9rie online","robots":{"index":"index","follow":"follow","max-snippet":"max-snippet:-1","max-image-preview":"max-image-preview:large","max-video-preview":"max-video-preview:-1"},"canonical":"https:\/\/jackpotlotteryonline.com\/sk\/kupit-vstupenky\/oz-lotto\/","og_locale":"sk_SK","og_type":"article","og_title":"K\u00fapi\u0165 tikety Oz Lotto z kraj\u00edn mimo Austr\u00e1lie | Tikety Oz Lotto online","og_description":"OZ Lotto je pre v\u00e1s hrate\u013en\u00e9, ak ne\u017eijete v Austr\u00e1lii, m\u00f4\u017eeme v\u00e1m zabezpe\u010di\u0165 leg\u00e1lny tiket tejto austr\u00e1lskej lot\u00e9rie online","og_url":"https:\/\/jackpotlotteryonline.com\/sk\/kupit-vstupenky\/oz-lotto\/","og_site_name":"Lotto Online - Crack The International Lottery Jackpots","article_modified_time":"2022-12-24T10:53:49+00:00","og_image":[{"url":"https:\/\/jackpotlotteryonline.com\/wp-content\/uploads\/2022\/11\/lottoballs.jpg"}],"twitter_card":"summary_large_image","twitter_misc":{"Predpokladan\u00fd \u010das \u010d\u00edtania":"3 min\u00faty"},"schema":{"@context":"https:\/\/schema.org","@graph":[{"@type":"WebPage","@id":"https:\/\/jackpotlotteryonline.com\/sk\/kupit-vstupenky\/oz-lotto\/","url":"https:\/\/jackpotlotteryonline.com\/sk\/kupit-vstupenky\/oz-lotto\/","name":"K\u00fapi\u0165 tikety Oz Lotto z kraj\u00edn mimo Austr\u00e1lie | Tikety Oz Lotto online","isPartOf":{"@id":"https:\/\/jackpotlotteryonline.com\/#website"},"primaryImageOfPage":{"@id":"https:\/\/jackpotlotteryonline.com\/sk\/kupit-vstupenky\/oz-lotto\/#primaryimage"},"image":{"@id":"https:\/\/jackpotlotteryonline.com\/sk\/kupit-vstupenky\/oz-lotto\/#primaryimage"},"thumbnailUrl":"https:\/\/jackpotlotteryonline.com\/wp-content\/uploads\/2022\/11\/lottoballs.jpg","datePublished":"2022-11-11T06:52:43+00:00","dateModified":"2022-12-24T10:53:49+00:00","description":"OZ Lotto je pre v\u00e1s hrate\u013en\u00e9, ak ne\u017eijete v Austr\u00e1lii, m\u00f4\u017eeme v\u00e1m zabezpe\u010di\u0165 leg\u00e1lny tiket tejto austr\u00e1lskej lot\u00e9rie online","breadcrumb":{"@id":"https:\/\/jackpotlotteryonline.com\/sk\/kupit-vstupenky\/oz-lotto\/#breadcrumb"},"inLanguage":"sk-SK","potentialAction":[{"@type":"ReadAction","target":["https:\/\/jackpotlotteryonline.com\/sk\/kupit-vstupenky\/oz-lotto\/"]}]},{"@type":"ImageObject","inLanguage":"sk-SK","@id":"https:\/\/jackpotlotteryonline.com\/sk\/kupit-vstupenky\/oz-lotto\/#primaryimage","url":"https:\/\/jackpotlotteryonline.com\/wp-content\/uploads\/2022\/11\/lottoballs.jpg","contentUrl":"https:\/\/jackpotlotteryonline.com\/wp-content\/uploads\/2022\/11\/lottoballs.jpg"},{"@type":"BreadcrumbList","@id":"https:\/\/jackpotlotteryonline.com\/sk\/kupit-vstupenky\/oz-lotto\/#breadcrumb","itemListElement":[{"@type":"ListItem","position":1,"name":"Home","item":"https:\/\/jackpotlotteryonline.com\/sk\/"},{"@type":"ListItem","position":2,"name":"Ako si k\u00fapi\u0165 vstupenky do lot\u00e9rie online","item":"https:\/\/jackpotlotteryonline.com\/buy-tickets\/"},{"@type":"ListItem","position":3,"name":"K\u00fapi\u0165 Oz Lotto vstupenky"}]},{"@type":"WebSite","@id":"https:\/\/jackpotlotteryonline.com\/#website","url":"https:\/\/jackpotlotteryonline.com\/","name":"Lotto Online - Crack The International Lottery Jackpots","description":"","potentialAction":[{"@type":"SearchAction","target":{"@type":"EntryPoint","urlTemplate":"https:\/\/jackpotlotteryonline.com\/?s={search_term_string}"},"query-input":"required name=search_term_string"}],"inLanguage":"sk-SK"}]}},"_links":{"self":[{"href":"https:\/\/jackpotlotteryonline.com\/sk\/wp-json\/wp\/v2\/pages\/37231","targetHints":{"allow":["GET"]}}],"collection":[{"href":"https:\/\/jackpotlotteryonline.com\/sk\/wp-json\/wp\/v2\/pages"}],"about":[{"href":"https:\/\/jackpotlotteryonline.com\/sk\/wp-json\/wp\/v2\/types\/page"}],"author":[{"embeddable":true,"href":"https:\/\/jackpotlotteryonline.com\/sk\/wp-json\/wp\/v2\/users\/1"}],"replies":[{"embeddable":true,"href":"https:\/\/jackpotlotteryonline.com\/sk\/wp-json\/wp\/v2\/comments?post=37231"}],"version-history":[{"count":0,"href":"https:\/\/jackpotlotteryonline.com\/sk\/wp-json\/wp\/v2\/pages\/37231\/revisions"}],"up":[{"embeddable":true,"href":"https:\/\/jackpotlotteryonline.com\/sk\/wp-json\/wp\/v2\/pages\/35778"}],"wp:attachment":[{"href":"https:\/\/jackpotlotteryonline.com\/sk\/wp-json\/wp\/v2\/media?parent=37231"}],"curies":[{"name":"wp","href":"https:\/\/api.w.org\/{rel}","templated":true}]}}