{"id":37287,"date":"2022-11-11T09:11:21","date_gmt":"2022-11-11T09:11:21","guid":{"rendered":"https:\/\/jackpotlotteryonline.com\/?page_id=37287"},"modified":"2022-12-24T21:27:51","modified_gmt":"2022-12-24T21:27:51","slug":"saturday-lotto","status":"publish","type":"page","link":"https:\/\/jackpotlotteryonline.com\/sk\/kupit-vstupenky\/saturday-lotto\/","title":{"rendered":"K\u00fapi\u0165 vstupenky na sobotu Lotto Austr\u00e1lia"},"content":{"rendered":"<p>Austr\u00e1lia m\u00e1 ve\u013ea lot\u00e9ri\u00ed, ako napr\u00edklad Wednesday Lotto, Powerball a Saturday Lotto Australia. Sobotn\u00e1 lot\u00e9ria je medzi hr\u00e1\u010dmi ob\u013e\u00faben\u00e1 a d\u00e1va \u013eu\u010fom nie\u010do, na \u010do sa m\u00f4\u017eu ka\u017ed\u00fd t\u00fd\u017ede\u0148 te\u0161i\u0165. Ke\u010f sa t\u00e1to lot\u00e9ria prv\u00fdkr\u00e1t za\u010dala, mohli sa jej z\u00fa\u010dastni\u0165 len hr\u00e1\u010di v Oz. Na\u0161\u0165astie sa teraz na sobot\u0148aj\u0161ej lot\u00e9rii m\u00f4\u017eu z\u00fa\u010dastni\u0165 hr\u00e1\u010di na celom svete.<\/p>\n<p>Ako si teda m\u00f4\u017eete k\u00fapi\u0165 tikety na sobot\u0148aj\u0161ie Lotto mimo krajiny? Pre\u010do nepokra\u010dova\u0165 v \u010d\u00edtan\u00ed a nezisti\u0165 to? Prevedieme v\u00e1s cel\u00fdm procesom a odpovieme na v\u0161etky va\u0161e ot\u00e1zky. Pre t\u00fdch, ktor\u00ed t\u00fato lot\u00e9riu nepoznaj\u00fa, venujeme trochu \u010dasu aj rozhovoru o nej. D\u00fafame, \u017ee k\u00fdm do\u010d\u00edtate, budete ma\u0165 chu\u0165 k\u00fapi\u0165 si tikety do tejto lot\u00e9rie.<\/p>\n<h2>\u010co je Saturday Lotto Australia<\/h2>\n<p>Ide o lot\u00e9riu, ktor\u00e1 bola v krajine zaveden\u00e1 v roku 1972 a v s\u00fa\u010dasnosti sa stala jednou z najob\u013e\u00fabenej\u0161\u00edch lot\u00e9ri\u00ed pre tipuj\u00facich. V niektor\u00fdch \u010dastiach krajiny je zn\u00e1ma ako Tatts lotto, X lotto a Gold lotto a prev\u00e1dzkuje ju lot\u00e9riov\u00e1 skupina Tatts.<\/p>\n<p>T\u00e1to lot\u00e9ria m\u00e1 \u0161es\u0165 v\u00fdhern\u00fdch div\u00edzi\u00ed, o ktor\u00fdch budeme hovori\u0165 o chv\u00ed\u013eu. Sobot\u0148aj\u0161ia lot\u00e9ria m\u00e1 po\u010diato\u010dn\u00fd jackpot 5 mili\u00f3nov austr\u00e1lskych dol\u00e1rov. \u00da\u017easn\u00e9 je, \u017ee \u0161ance na v\u00fdhru jackpotu s\u00fa naozaj vysok\u00e9. Na rozdiel od in\u00fdch lot\u00e9ri\u00ed sta\u010d\u00ed, aby hr\u00e1\u010d na v\u00fdhru jackpotu zhodil hlavn\u00e9 \u010d\u00edsla.<\/p>\n<p>Existuj\u00fa s\u00edce aj doplnkov\u00e9 \u010d\u00edsla, ale tie sa pou\u017e\u00edvaj\u00fa na ur\u010denie v\u00fdhercov ostatn\u00fdch v\u00fdhern\u00fdch div\u00edzi\u00ed. O mnohom sved\u010d\u00ed aj to, \u017ee hoci sa lot\u00e9rie konaj\u00fa takmer ka\u017ed\u00fd de\u0148 v t\u00fd\u017edni, Austr\u00e1l\u010danov l\u00e1ka pr\u00e1ve t\u00e1to. Ni\u017e\u0161ie si povieme o tom, ako hra\u0165 t\u00fato lot\u00e9riu a o jednotliv\u00fdch v\u00fdhern\u00fdch div\u00edzi\u00e1ch.<\/p>\n<h2>Ako hra\u0165 sobot\u0148aj\u0161iu lot\u00e9riu<\/h2>\n<p><img loading=\"lazy\" decoding=\"async\" class=\"alignright size-full wp-image-35132\" src=\"https:\/\/jackpotlotteryonline.com\/wp-content\/uploads\/2022\/11\/2_ticket_saturday_lotto_au2-1-180x300-1.jpg\" alt=\"L\u00edstok na sobot\u0148aj\u0161iu lot\u00e9riu\" width=\"180\" height=\"300\" \/><\/p>\n<p>Na <a href=\"https:\/\/jackpotlotteryonline.com\/sk\/ako-hrat\/saturday-lotto\">hranie tejto lot\u00e9rie<\/a> si hr\u00e1\u010d mus\u00ed vybra\u0165 6 hlavn\u00fdch \u010d\u00edsel v rozmedz\u00ed od 1 do 45. Potom 2 doplnkov\u00e9 \u010d\u00edsla od 1 do 6. Doplnkov\u00e9 \u010d\u00edsla sa pri ur\u010dovan\u00ed jackpotu nepou\u017e\u00edvaj\u00fa. V\u0161etko, \u010do mus\u00ed hr\u00e1\u010d urobi\u0165, je zhodova\u0165 sa s \u00f4smimi vy\u017erebovan\u00fdmi \u010d\u00edslami, aby vyhral jackpot.<\/p>\n<p>Po\u010das \u017erebovania sa n\u00e1hodne vyberie \u0161es\u0165 lopti\u010diek zo suda, v ktorom je 45 lopti\u010diek. \u010c\u00edsla na t\u00fdchto lopti\u010dk\u00e1ch s\u00fa v\u00fdhern\u00e9 \u010d\u00edsla a ka\u017ed\u00fd tiket, ktor\u00fd sa im zhoduje, je v\u00fdhern\u00fd. Potom sa z \u010fal\u0161ieho suda so \u0161iestimi lopti\u010dkami vyber\u00fa \u010fal\u0161ie dve lopti\u010dky. To s\u00fa doplnkov\u00e9 \u010d\u00edsla, ktor\u00e9 sa pou\u017e\u00edvaj\u00fa pri ur\u010dovan\u00ed \u010fal\u0161\u00edch v\u00fdhern\u00fdch kateg\u00f3ri\u00ed.<\/p>\n<p>Ako u\u017e n\u00e1zov napoved\u00e1, \u017erebovanie sa kon\u00e1 ka\u017ed\u00fd t\u00fd\u017ede\u0148 v sobotu. \u017drebovania sa kon\u010dia v sobotu o 19:25 hod. stredoeur\u00f3pskeho \u010dasu. Hr\u00e1\u010di, ktor\u00ed chc\u00fa by\u0165 zaraden\u00ed do \u017erebovania v danom t\u00fd\u017edni, si musia zak\u00fapi\u0165 tikety pred uz\u00e1vierkou.<\/p>\n<h2>Rozdelenie cien<\/h2>\n<p>Tatts lotto m\u00e1 osem v\u00fdhern\u00fdch div\u00edzi\u00ed. Ke\u010f si k\u00fapite tiket do tejto lot\u00e9rie, m\u00e1te \u0161ancu na niektor\u00fa z t\u00fdchto v\u00fdhern\u00fdch kateg\u00f3ri\u00ed. V\u00fdhern\u00e1 kombin\u00e1cia pre ka\u017ed\u00fa div\u00edziu je uveden\u00e1 ni\u017e\u0161ie.<\/p>\n<p>Div\u00edzia 1 (Jackpot) &#8211; zhodujte sa so 6 hlavn\u00fdmi \u010d\u00edslami<br \/>\nDiv\u00edzia 2 &#8211; Uhodnite 5 hlavn\u00fdch \u010d\u00edsel + 1 doplnkov\u00e9 \u010d\u00edslo<br \/>\nDiv\u00edzia 3 &#8211; Pochodujte s 5 \u013eubovo\u013en\u00fdmi hlavn\u00fdmi \u010d\u00edslami<br \/>\nDiv\u00edzia 4 &#8211; Uhodnite 4 hlavn\u00e9 \u010d\u00edsla<br \/>\nDiv\u00edzia 5 &#8211; Uhodnite 3 hlavn\u00e9 \u010d\u00edsla + 1 doplnkov\u00e9 \u010d\u00edslo<br \/>\nDiv\u00edzia 6 &#8211; Uh\u00e1dnite 3 hlavn\u00e9 \u010d\u00edsla<\/p>\n<p>Organiz\u00e1tori umo\u017enili hr\u00e1\u010dom vyhra\u0165 v tejto lot\u00e9rii. \u0160ance s\u00fa ve\u013ek\u00e9 a s jackpotom vo v\u00fd\u0161ke 5 mili\u00f3nov AUD sa mo\u017eno \u010dudova\u0165, \u017ee hr\u00e1\u010di sobot\u0148aj\u0161iu lot\u00e9riu miluj\u00fa? Ak ste tak e\u0161te neurobili, je vhodn\u00fd \u010das prem\u00fd\u0161\u013ea\u0165 o k\u00fape tiketu.<\/p>\n<h2>Predch\u00e1dzaj\u00faci v\u00ed\u0165azi<\/h2>\n<p>Sk\u00f4r ne\u017e sa s vami podel\u00edme o to, ako si k\u00fapi\u0165 tikety tejto lot\u00e9rie mimo Oz, mo\u017eno by bolo dobr\u00e9 porozpr\u00e1va\u0165 sa o predch\u00e1dzaj\u00facich v\u00fdhercoch. V priebehu rokov bolo ve\u013ea v\u00fdhercov, tak\u017ee vyberieme len niektor\u00fdch ned\u00e1vnych v\u00fdhercov a d\u00fafame, \u017ee v\u00e1s in\u0161piruj\u00fa.<\/p>\n<p>Prvou na na\u0161om zozname je mami\u010dka z Austr\u00e1lie, ktor\u00e1 sa rozhodla zosta\u0165 v anonymite. Spolu s \u010fal\u0161\u00edm v\u00fdhercom vyhrala sobot\u0148aj\u0161\u00ed jackpot. Pod\u013ea spr\u00e1v jej trvalo dva t\u00fd\u017edne, k\u00fdm si uvedomila, \u017ee vyhrala jackpot. Ak by \u010dakala dlh\u0161ie, nemohla by si svoju v\u00fdhru prevzia\u0165. Na\u0161\u0165astie sa vr\u00e1tila skontrolova\u0165 a zistila, \u017ee vyhrala.<\/p>\n<p>\u010eal\u0161\u00edm v\u00fdhercom je mu\u017e, ktor\u00fd hral sobot\u0148aj\u0161iu lot\u00e9riu nieko\u013eko rokov s rovnak\u00fdmi \u010d\u00edslami. Jeho vytrvalos\u0165 sa vyplatila a vyhral jackpot. Mnoh\u00ed v\u00fdhercovia lot\u00e9rie hovoria, \u017ee pred v\u00fdhrou v lot\u00e9rii hrali cel\u00e9 roky. Niekedy je potrebn\u00e1 viera a d\u00f4slednos\u0165, aby ste dosiahli \u017eelan\u00e9 v\u00fdsledky.<\/p>\n<section class=\"layout\" style=\"border: solid 1px; width: 100%;\">\n<div class=\"img-div\" style=\"margin-top: 5px;\"><img decoding=\"async\" class=\"wp-image-17212 alignleft\" style=\"height: 45px; margin: 8px 8px 0px;\" src=\"https:\/\/jackpotlotteryonline.com\/wp-content\/uploads\/2022\/11\/read1.jpg\" alt=\"pre\u010d\u00edtajte si\" width=\"\" height=\"\" \/><\/div>\n<div style=\"padding-left: 5px;\">\n<div style=\"font-size: 1.1em;\">\n<p><strong>Niektor\u00ed v\u00ed\u0165azi lot\u00e9rie sa vr\u00e1tili sp\u00e4\u0165 do komunity<\/strong><\/p>\n<p style=\"font-size: 0.85em; margin-top: -1.5em;\">Nieko\u013eko zauj\u00edmav\u00fdch a doj\u00edmav\u00fdch pr\u00edbehov o tom, ako sa v\u00fdhercovia lot\u00e9rie vr\u00e1tili sp\u00e4\u0165\u00a0 <a href=\"https:\/\/jackpotlotteryonline.com\/sk\/pribehy-o-tom-ako-vyhercovia-loterie-vracaju-peniaze\"> \u010d\u00edtaj viac<\/a><\/p>\n<\/div>\n<\/div>\n<\/section>\n<h2>K\u00fapi\u0165 vstupenky z kraj\u00edn mimo Austr\u00e1lie<\/h2>\n<p>Ak teda ne\u017eijete v kr\u00e1snej krajine Oz, ako si m\u00f4\u017eete k\u00fapi\u0165 tikety na sobot\u0148aj\u0161ie Lotto? Pred internetom by to bolo nemo\u017en\u00e9 alebo prinajmen\u0161om ve\u013emi \u0165a\u017ek\u00e9. V\u010faka internetu si v\u0161ak m\u00f4\u017eete k\u00fapi\u0165 tikety lot\u00e9rie Tatts online.<\/p>\n<p>Existuj\u00fa online predajcovia lot\u00e9ri\u00ed, ktor\u00ed umo\u017e\u0148uj\u00fa hr\u00e1\u010dom k\u00fapi\u0165 si tikety do najlep\u0161\u00edch medzin\u00e1rodn\u00fdch lot\u00e9ri\u00ed. T\u00edto predajcovia prev\u00e1dzkuj\u00fa takzvan\u00fa slu\u017ebu concierge, ktor\u00e1 pom\u00e1ha hr\u00e1\u010dom k\u00fapi\u0165 si \u017ereby lot\u00e9rie v ktorejko\u013evek krajine. Ke\u010f sa zaregistrujete na t\u00fdchto str\u00e1nkach, m\u00f4\u017eete sa \u013eahko zapoji\u0165 do sobot\u0148aj\u0161ej lot\u00e9rie a po\u017eiada\u0165 o pr\u00edpadn\u00fa v\u00fdhru.<\/p>\n<p>Na jackpotlotteryonline.com prev\u00e1dzkujeme slu\u017ebu concierge, ktor\u00e1 na\u0161im pou\u017e\u00edvate\u013eom poskytuje bezprobl\u00e9mov\u00fd z\u00e1\u017eitok. Ke\u010f sa u n\u00e1s zaregistrujete, m\u00f4\u017eete si jednoducho k\u00fapi\u0165 tiket do sobot\u0148aj\u0161ej lot\u00e9rie a mnoh\u00fdch \u010fal\u0161\u00edch medzin\u00e1rodn\u00fdch lot\u00e9ri\u00ed. M\u00e1te obavy, ako si v pr\u00edpade v\u00fdhry uplatni\u0165 n\u00e1rok na v\u00fdhru? V\u00fdhru si jednoducho vyplat\u00edte z na\u0161ej platformy bez ak\u00fdchko\u013evek probl\u00e9mov.<\/p>\n<h2>\u010casto kladen\u00e9 ot\u00e1zky<\/h2>\n<p><img loading=\"lazy\" decoding=\"async\" class=\"wp-image-29264 alignright\" src=\"https:\/\/jackpotlotteryonline.com\/wp-content\/uploads\/2022\/11\/1_play_online_lotto-300x300.jpg\" alt=\"Online sobotn\u00e9 loto Austr\u00e1lia\" width=\"235\" height=\"235\" srcset=\"https:\/\/jackpotlotteryonline.com\/wp-content\/uploads\/2022\/11\/1_play_online_lotto-300x300.jpg 300w, https:\/\/jackpotlotteryonline.com\/wp-content\/uploads\/2022\/11\/1_play_online_lotto-100x100.jpg 100w, https:\/\/jackpotlotteryonline.com\/wp-content\/uploads\/2022\/11\/1_play_online_lotto-150x150.jpg 150w, https:\/\/jackpotlotteryonline.com\/wp-content\/uploads\/2022\/11\/1_play_online_lotto.jpg 480w\" sizes=\"auto, (max-width: 235px) 100vw, 235px\" \/><\/p>\n<p>Vieme, \u017ee sa v\u00e1m v hlave pravdepodobne preh\u00e1\u0148a nieko\u013eko ot\u00e1zok. To nevad\u00ed, sme tu, aby sme v\u00e1m odpovedali na va\u0161e ot\u00e1zky. Pok\u00fasime sa tu pokry\u0165 v\u0161etko, ale ak m\u00e1te e\u0161te nejak\u00e9 pochybnosti, nev\u00e1hajte sa na n\u00e1s obr\u00e1ti\u0165. V\u017edy sa te\u0161\u00edme, ke\u010f sa n\u00e1m ozvete. Urob\u00edme v\u0161etko, \u010do bude v na\u0161ich sil\u00e1ch, aby sme v\u00e1m pomohli na va\u0161ej ceste sta\u0165 sa v\u00ed\u0165azom lot\u00e9rie.<\/p>\n<h2>M\u00f4\u017eem si k\u00fapi\u0165 losy online?<\/h2>\n<p>\u00c1no, lot\u00e9riov\u00e9 tikety si m\u00f4\u017eete k\u00fapi\u0165 online a je to \u00faplne leg\u00e1lne. Uistite sa, \u017ee pou\u017e\u00edvate d\u00f4veryhodn\u00e9ho predajcu lot\u00e9rie, aby ste mali istotu, \u017ee sa do lot\u00e9rie dostanete. Mnoh\u00e9 lot\u00e9riov\u00e9 skupiny maj\u00fa webov\u00e9 str\u00e1nky. Ak v\u0161ak chcete hra\u0165 viac ako jednu lot\u00e9riu, potom by bolo lep\u0161ie zaregistrova\u0165 sa u predajcu lot\u00e9rie. Konkr\u00e9tne u tak\u00e9ho, ktor\u00fd poskytuje pr\u00edstup k viacer\u00fdm \u010fal\u0161\u00edm lot\u00e9ri\u00e1m.<\/p>\n<h2>Ako si m\u00f4\u017eem k\u00fapi\u0165 tiket?<\/h2>\n<p>K\u00fapa \u017erebu je jednoduch\u00e1, ak ste u n\u00e1s zaregistrovan\u00ed. Sta\u010d\u00ed si vybra\u0165 \u010d\u00edsla a vst\u00fapi\u0165 do \u017erebovania. M\u00f4\u017eete si k\u00fapi\u0165 viac vstupov, aby ste zv\u00fd\u0161ili svoje \u0161ance na v\u00fdhru. V\u0161etko z\u00e1le\u017e\u00ed len na v\u00e1s. Ak si nie ste ist\u00ed, ak\u00e9 \u010d\u00edslo si vybra\u0165, automatick\u00fd tipova\u010d to urob\u00ed za v\u00e1s. Usilovne pracujeme na tom, aby bol tento proces pre hr\u00e1\u010dov jednoduch\u00fd a intuit\u00edvny.<\/p>\n<h2>\u010co presne je slu\u017eba concierge?<\/h2>\n<p>Sme radi, \u017ee sa p\u00fdtate. Ke\u010f hovor\u00edme, \u017ee prev\u00e1dzkujeme slu\u017ebu concierge, znamen\u00e1 to, \u017ee m\u00e1me agentov v r\u00f4znych krajin\u00e1ch vr\u00e1tane Austr\u00e1lie. Ke\u010f si u n\u00e1s k\u00fapite \u017ereb, na\u0161i agenti vyrazia von a k\u00fapia fyzick\u00fd \u017ereb s pr\u00edslu\u0161n\u00fdmi \u010d\u00edslami. To znamen\u00e1, \u017ee nech ste kdeko\u013evek, ste zaraden\u00ed do lot\u00e9rie.<\/p>\n<h2>Ako m\u00f4\u017eem vyhra\u0165?<\/h2>\n<p>Ak chcete vyhra\u0165 t\u00fato austr\u00e1lsku lot\u00e9riu, sta\u010d\u00ed, aby ste trafili \u0161es\u0165 hlavn\u00fdch vy\u017erebovan\u00fdch \u010d\u00edsel a stanete sa v\u00fdhercom jackpotu. Nemus\u00edte ma\u0165 zhodu s doplnkov\u00fdmi \u010d\u00edslami, preto\u017ee tie sa pou\u017e\u00edvaj\u00fa na ur\u010denie v\u00fdhier v div\u00edzi\u00e1ch 2 a 5.<\/p>\n<h2>Ako si m\u00f4\u017eem skontrolova\u0165 v\u00fdsledky?<\/h2>\n<p>Po ka\u017edom \u017erebovan\u00ed uverej\u0148ujeme v\u00fdsledky priamo tu na str\u00e1nke jackpotlotteryonline.com. Pokia\u013e ide o sobot\u0148aj\u0161iu lot\u00e9riu, sta\u010d\u00ed, ak po <a href=\"https:\/\/jackpotlotteryonline.com\/sk\/vyherne-cisla\/saturday-lotto\">sobot\u0148aj\u0161om \u017erebovan\u00ed nav\u0161t\u00edvite str\u00e1nku<\/a> sobot\u0148aj\u0161ieho \u017erebovania, kde n\u00e1jdete v\u00fdsledky.<\/p>\n<h2>\u010co ak zabudnem skontrolova\u0165 v\u00fdsledky?<\/h2>\n<p>Toto je t\u00e1 najlep\u0161ia \u010das\u0165. Pri n\u00e1kupe od n\u00e1s nevad\u00ed, ak zabudnete skontrolova\u0165 v\u00fdsledky lot\u00e9rie, preto\u017ee v\u00e1m kryjeme chrb\u00e1t. Ak vyhr\u00e1te cenu, po\u0161leme v\u00e1m spr\u00e1vu na palubn\u00fa dosku aj e-mail, aby sme v\u00e1s na to upozornili. Ke\u010f si od n\u00e1s k\u00fapite tiket lot\u00e9rie, viete, \u017ee ste kryt\u00ed.<\/p>\n<h2>Vyhral som, \u010do teraz?<\/h2>\n<p>No, ak ste vyhrali v lot\u00e9rii, v prvom rade v\u00e1m gratulujeme! M\u00e1me z v\u00e1s ve\u013ek\u00fa rados\u0165. Ak ste sa u n\u00e1s zaregistrovali, \u010fal\u0161\u00ed krok je jednoduch\u00fd. Prejdite na svoj ovl\u00e1dac\u00ed panel a vyberte si svoje prostriedky prostredn\u00edctvom dostupn\u00fdch met\u00f3d. Je to tak\u00e9 jednoduch\u00e9.<\/p>\n<h2>Zaregistrujte sa u n\u00e1s e\u0161te dnes!<\/h2>\n<p>Hranie lot\u00e9rie je z\u00e1bavn\u00e9 a, d\u00e1va hr\u00e1\u010dom nie\u010do, na \u010do sa m\u00f4\u017eu ka\u017ed\u00fd t\u00fd\u017ede\u0148 te\u0161i\u0165. Sobot\u0148aj\u0161ia lot\u00e9ria m\u00e1 pekn\u00fa hlavn\u00fa v\u00fdhru a priazniv\u00e9 kurzy, tak\u017ee je ide\u00e1lna pre nov\u00fdch aj star\u00fdch hr\u00e1\u010dov. Teraz u\u017e nie je obmedzen\u00e1 len na Austr\u00e1l\u010danov, preto\u017ee vstupy do lot\u00e9rie si teraz m\u00f4\u017eu k\u00fapi\u0165 \u013eudia na celom svete.<\/p>\n<p>Ak h\u013ead\u00e1te zauj\u00edmav\u00fa hru, pre\u010do nevysk\u00fa\u0161a\u0165 lot\u00e9riu Tatts? Nech ste kdeko\u013evek, m\u00f4\u017eete si k\u00fapi\u0165 tiket do tejto lot\u00e9rie tak, \u017ee sa u n\u00e1s zaregistrujete. k\u00fapi\u0165 si viacero vstupov a \u013eahko sa zapoji\u0165 do nieko\u013ek\u00fdch \u017erebovan\u00ed vopred. Na\u0161ou \u00falohou je umo\u017eni\u0165 v\u00e1m hra\u0165 lot\u00e9rie pod\u013ea v\u00e1\u0161ho v\u00fdberu s minim\u00e1lnym stresom.<\/p>\n<p>Uvo\u013enite sa a bavte sa pri hre, nikdy neviete, \u010di pr\u00e1ve v tento de\u0148 nevyhr\u00e1te ve\u013ek\u00fa sumu. Pre\u010do si nezak\u00fapi\u0165 pr\u00edstup do lot\u00e9rie t\u00fdm, \u017ee sa u n\u00e1s zaregistrujete e\u0161te dnes?<\/p>\n","protected":false},"excerpt":{"rendered":"<p>Austr\u00e1lia m\u00e1 ve\u013ea lot\u00e9ri\u00ed, ako napr\u00edklad Wednesday Lotto, Powerball a Saturday Lotto Australia. Sobotn\u00e1 lot\u00e9ria je medzi hr\u00e1\u010dmi ob\u013e\u00faben\u00e1 a d\u00e1va \u013eu\u010fom nie\u010do, na \u010do sa m\u00f4\u017eu ka\u017ed\u00fd t\u00fd\u017ede\u0148 te\u0161i\u0165. Ke\u010f sa t\u00e1to lot\u00e9ria prv\u00fdkr\u00e1t za\u010dala, mohli sa jej z\u00fa\u010dastni\u0165 len hr\u00e1\u010di v Oz. Na\u0161\u0165astie sa teraz na sobot\u0148aj\u0161ej lot\u00e9rii m\u00f4\u017eu z\u00fa\u010dastni\u0165 hr\u00e1\u010di na celom [&hellip;]<\/p>\n","protected":false},"author":1,"featured_media":0,"parent":35778,"menu_order":18,"comment_status":"closed","ping_status":"closed","template":"saturday-lotto-info.php","meta":{"_et_pb_use_builder":"","_et_pb_old_content":"","_et_gb_content_width":"","exclude_from_search":false,"footnotes":""},"class_list":["post-37287","page","type-page","status-publish","hentry"],"yoast_head":"<!-- This site is optimized with the Yoast SEO plugin v23.3 - https:\/\/yoast.com\/wordpress\/plugins\/seo\/ -->\n<title>K\u00fapi\u0165 tikety na Saturday Lotto Australia z kraj\u00edn mimo Austr\u00e1lie<\/title>\n<meta name=\"description\" content=\"Ob\u013e\u00faben\u00e9 austr\u00e1lske sobotn\u00e9 loto m\u00e1 ve\u013ek\u00e9 jackpoty. Hr\u00e1\u010di odkia\u013eko\u013evek si teraz m\u00f4\u017eu k\u00fapi\u0165 tiket na sobotn\u00e9 loto online\" \/>\n<meta name=\"robots\" content=\"index, follow, max-snippet:-1, max-image-preview:large, max-video-preview:-1\" \/>\n<link rel=\"canonical\" href=\"https:\/\/jackpotlotteryonline.com\/sk\/kupit-vstupenky\/saturday-lotto\/\" \/>\n<meta property=\"og:locale\" content=\"sk_SK\" \/>\n<meta property=\"og:type\" content=\"article\" \/>\n<meta property=\"og:title\" content=\"K\u00fapi\u0165 tikety na Saturday Lotto Australia z kraj\u00edn mimo Austr\u00e1lie\" \/>\n<meta property=\"og:description\" content=\"Ob\u013e\u00faben\u00e9 austr\u00e1lske sobotn\u00e9 loto m\u00e1 ve\u013ek\u00e9 jackpoty. Hr\u00e1\u010di odkia\u013eko\u013evek si teraz m\u00f4\u017eu k\u00fapi\u0165 tiket na sobotn\u00e9 loto online\" \/>\n<meta property=\"og:url\" content=\"https:\/\/jackpotlotteryonline.com\/sk\/kupit-vstupenky\/saturday-lotto\/\" \/>\n<meta property=\"og:site_name\" content=\"Lotto Online - Crack The International Lottery Jackpots\" \/>\n<meta property=\"article:modified_time\" content=\"2022-12-24T21:27:51+00:00\" \/>\n<meta property=\"og:image\" content=\"https:\/\/jackpotlotteryonline.com\/wp-content\/uploads\/2022\/11\/2_ticket_saturday_lotto_au2-1-180x300-1.jpg\" \/>\n<meta name=\"twitter:card\" content=\"summary_large_image\" \/>\n<meta name=\"twitter:label1\" content=\"Predpokladan\u00fd \u010das \u010d\u00edtania\" \/>\n\t<meta name=\"twitter:data1\" content=\"7 min\u00fat\" \/>\n<!-- \/ Yoast SEO plugin. -->","yoast_head_json":{"title":"K\u00fapi\u0165 tikety na Saturday Lotto Australia z kraj\u00edn mimo Austr\u00e1lie","description":"Ob\u013e\u00faben\u00e9 austr\u00e1lske sobotn\u00e9 loto m\u00e1 ve\u013ek\u00e9 jackpoty. Hr\u00e1\u010di odkia\u013eko\u013evek si teraz m\u00f4\u017eu k\u00fapi\u0165 tiket na sobotn\u00e9 loto online","robots":{"index":"index","follow":"follow","max-snippet":"max-snippet:-1","max-image-preview":"max-image-preview:large","max-video-preview":"max-video-preview:-1"},"canonical":"https:\/\/jackpotlotteryonline.com\/sk\/kupit-vstupenky\/saturday-lotto\/","og_locale":"sk_SK","og_type":"article","og_title":"K\u00fapi\u0165 tikety na Saturday Lotto Australia z kraj\u00edn mimo Austr\u00e1lie","og_description":"Ob\u013e\u00faben\u00e9 austr\u00e1lske sobotn\u00e9 loto m\u00e1 ve\u013ek\u00e9 jackpoty. Hr\u00e1\u010di odkia\u013eko\u013evek si teraz m\u00f4\u017eu k\u00fapi\u0165 tiket na sobotn\u00e9 loto online","og_url":"https:\/\/jackpotlotteryonline.com\/sk\/kupit-vstupenky\/saturday-lotto\/","og_site_name":"Lotto Online - Crack The International Lottery Jackpots","article_modified_time":"2022-12-24T21:27:51+00:00","og_image":[{"url":"https:\/\/jackpotlotteryonline.com\/wp-content\/uploads\/2022\/11\/2_ticket_saturday_lotto_au2-1-180x300-1.jpg"}],"twitter_card":"summary_large_image","twitter_misc":{"Predpokladan\u00fd \u010das \u010d\u00edtania":"7 min\u00fat"},"schema":{"@context":"https:\/\/schema.org","@graph":[{"@type":"WebPage","@id":"https:\/\/jackpotlotteryonline.com\/sk\/kupit-vstupenky\/saturday-lotto\/","url":"https:\/\/jackpotlotteryonline.com\/sk\/kupit-vstupenky\/saturday-lotto\/","name":"K\u00fapi\u0165 tikety na Saturday Lotto Australia z kraj\u00edn mimo Austr\u00e1lie","isPartOf":{"@id":"https:\/\/jackpotlotteryonline.com\/#website"},"primaryImageOfPage":{"@id":"https:\/\/jackpotlotteryonline.com\/sk\/kupit-vstupenky\/saturday-lotto\/#primaryimage"},"image":{"@id":"https:\/\/jackpotlotteryonline.com\/sk\/kupit-vstupenky\/saturday-lotto\/#primaryimage"},"thumbnailUrl":"https:\/\/jackpotlotteryonline.com\/wp-content\/uploads\/2022\/11\/2_ticket_saturday_lotto_au2-1-180x300-1.jpg","datePublished":"2022-11-11T09:11:21+00:00","dateModified":"2022-12-24T21:27:51+00:00","description":"Ob\u013e\u00faben\u00e9 austr\u00e1lske sobotn\u00e9 loto m\u00e1 ve\u013ek\u00e9 jackpoty. Hr\u00e1\u010di odkia\u013eko\u013evek si teraz m\u00f4\u017eu k\u00fapi\u0165 tiket na sobotn\u00e9 loto online","breadcrumb":{"@id":"https:\/\/jackpotlotteryonline.com\/sk\/kupit-vstupenky\/saturday-lotto\/#breadcrumb"},"inLanguage":"sk-SK","potentialAction":[{"@type":"ReadAction","target":["https:\/\/jackpotlotteryonline.com\/sk\/kupit-vstupenky\/saturday-lotto\/"]}]},{"@type":"ImageObject","inLanguage":"sk-SK","@id":"https:\/\/jackpotlotteryonline.com\/sk\/kupit-vstupenky\/saturday-lotto\/#primaryimage","url":"https:\/\/jackpotlotteryonline.com\/wp-content\/uploads\/2022\/11\/2_ticket_saturday_lotto_au2-1-180x300-1.jpg","contentUrl":"https:\/\/jackpotlotteryonline.com\/wp-content\/uploads\/2022\/11\/2_ticket_saturday_lotto_au2-1-180x300-1.jpg"},{"@type":"BreadcrumbList","@id":"https:\/\/jackpotlotteryonline.com\/sk\/kupit-vstupenky\/saturday-lotto\/#breadcrumb","itemListElement":[{"@type":"ListItem","position":1,"name":"Home","item":"https:\/\/jackpotlotteryonline.com\/sk\/"},{"@type":"ListItem","position":2,"name":"Ako si k\u00fapi\u0165 vstupenky do lot\u00e9rie online","item":"https:\/\/jackpotlotteryonline.com\/buy-tickets\/"},{"@type":"ListItem","position":3,"name":"K\u00fapi\u0165 vstupenky na sobotu Lotto Austr\u00e1lia"}]},{"@type":"WebSite","@id":"https:\/\/jackpotlotteryonline.com\/#website","url":"https:\/\/jackpotlotteryonline.com\/","name":"Lotto Online - Crack The International Lottery Jackpots","description":"","potentialAction":[{"@type":"SearchAction","target":{"@type":"EntryPoint","urlTemplate":"https:\/\/jackpotlotteryonline.com\/?s={search_term_string}"},"query-input":"required name=search_term_string"}],"inLanguage":"sk-SK"}]}},"_links":{"self":[{"href":"https:\/\/jackpotlotteryonline.com\/sk\/wp-json\/wp\/v2\/pages\/37287","targetHints":{"allow":["GET"]}}],"collection":[{"href":"https:\/\/jackpotlotteryonline.com\/sk\/wp-json\/wp\/v2\/pages"}],"about":[{"href":"https:\/\/jackpotlotteryonline.com\/sk\/wp-json\/wp\/v2\/types\/page"}],"author":[{"embeddable":true,"href":"https:\/\/jackpotlotteryonline.com\/sk\/wp-json\/wp\/v2\/users\/1"}],"replies":[{"embeddable":true,"href":"https:\/\/jackpotlotteryonline.com\/sk\/wp-json\/wp\/v2\/comments?post=37287"}],"version-history":[{"count":0,"href":"https:\/\/jackpotlotteryonline.com\/sk\/wp-json\/wp\/v2\/pages\/37287\/revisions"}],"up":[{"embeddable":true,"href":"https:\/\/jackpotlotteryonline.com\/sk\/wp-json\/wp\/v2\/pages\/35778"}],"wp:attachment":[{"href":"https:\/\/jackpotlotteryonline.com\/sk\/wp-json\/wp\/v2\/media?parent=37287"}],"curies":[{"name":"wp","href":"https:\/\/api.w.org\/{rel}","templated":true}]}}