{"id":37781,"date":"2022-11-15T08:45:36","date_gmt":"2022-11-15T08:45:36","guid":{"rendered":"https:\/\/jackpotlotteryonline.com\/?page_id=37781"},"modified":"2022-11-15T08:45:36","modified_gmt":"2022-11-15T08:45:36","slug":"faq","status":"publish","type":"page","link":"https:\/\/jackpotlotteryonline.com\/sk\/faq\/","title":{"rendered":"\u010cASTO KLADEN\u00c9 OT\u00c1ZKY"},"content":{"rendered":"<h2>\u010casto kladen\u00e9 ot\u00e1zky o online lot\u00e9rii<\/h2>\n<p>Tu v\u00e1m poskytneme odpovede na naj\u010dastej\u0161ie kladen\u00e9 ot\u00e1zky o online lot\u00e9rii a online jackpotoch. Hranie lot\u00e9ri\u00ed online je najpohodlnej\u0161\u00ed a najjednoduch\u0161\u00ed sp\u00f4sob, ako si siahnu\u0165 na tieto ve\u013ek\u00e9 medzin\u00e1rodn\u00e9 jackpoty v lot\u00e9rii Lotto.<\/p>\n<h2>Ako to funguje?<\/h2>\n<p>Fungujeme ako slu\u017eba posla medzi vami a r\u00f4znymi lot\u00e9riami. K\u00fapime tiket vo va\u0161om mene a na v\u00e1\u0161 \u00fa\u010det, potom naskenujeme v\u00e1\u0161 nov\u00fd tiket a nahr\u00e1me sken do v\u00e1\u0161ho z\u00e1kazn\u00edckeho \u00fa\u010dtu, po\u0161leme v\u00e1m spr\u00e1vu, ke\u010f vyhr\u00e1te, a pom\u00f4\u017eeme v\u00e1m z\u00edska\u0165 peniaze aj pri v\u00fdhre.<\/p>\n<h2>Ak\u00e9 s\u00fa v\u00fdhody hrania prostredn\u00edctvom n\u00e1s?<\/h2>\n<ul>\n<li>Nie je potrebn\u00e9 chodi\u0165 do predajne lot\u00e9ri\u00ed. M\u00f4\u017eete hra\u0165 jednoducho z domu alebo z kancel\u00e1rie<\/li>\n<li>m\u00f4\u017eete plati\u0165 online, napr\u00edklad kreditnou kartou alebo in\u00fdm sp\u00f4sobom<\/li>\n<li>va\u0161e v\u00fdhry v lot\u00e9rii a\u017e do v\u00fd\u0161ky 2500 \u20ac bud\u00fa prip\u00edsan\u00e9 na v\u00e1\u0161 \u00fa\u010det<\/li>\n<li>ak vyhr\u00e1te viac ako 2500 \u20ac, pom\u00f4\u017eeme v\u00e1m bezplatne z\u00edska\u0165 va\u0161e peniaze<\/li>\n<li>ak vyhr\u00e1te peniaze, nevznikn\u00fa v\u00e1m \u017eiadne \u010fal\u0161ie n\u00e1klady.<\/li>\n<\/ul>\n<p><strong>Kto m\u00f4\u017ee hra\u0165 lot\u00e9rie?<\/strong><\/p>\n<p>Lot\u00e9riu m\u00f4\u017ee hra\u0165 ka\u017ed\u00fd, kto m\u00e1 viac ako 18 rokov.<\/p>\n<p><strong>M\u00f4\u017eem hra\u0165 lot\u00e9riu zo zahrani\u010dia?<\/strong><\/p>\n<p>\u00c1no, m\u00f4\u017eete. Nez\u00e1le\u017e\u00ed na tom, v ktorej krajine b\u00fdvate, m\u00f4\u017eete hra\u0165 ak\u00fako\u013evek lot\u00e9riu a jackpot lotto v ktorejko\u013evek krajine pod\u013ea vlastn\u00e9ho v\u00fdberu.<\/p>\n<p><strong>M\u00f4\u017eem si vybra\u0165 vlastn\u00e9 lotto \u010d\u00edsla?<\/strong><\/p>\n<p>\u00c1no. m\u00f4\u017eete si vybra\u0165 \u010d\u00edsla, ktor\u00e9 chcete, alebo m\u00f4\u017eete pohodlne necha\u0165 po\u010d\u00edta\u010d, aby v\u00e1m \u010d\u00edsla vybral n\u00e1hodne.<\/p>\n<p><strong>Ako dostanem svoj los?<\/strong><\/p>\n<p>Po spracovan\u00ed va\u0161ej platby v\u00e1m e-mailom za\u0161leme potvrdenie o k\u00fape. \u010c\u00edsla, ktor\u00e9 ste si vybrali, si m\u00f4\u017eete pozrie\u0165 vo svojom \u00fa\u010dte. Kr\u00e1tko na to uvid\u00edte vo svojom konte aj naskenovan\u00fd tiket.<\/p>\n<p><strong>Ako m\u00f4\u017eem zaplati\u0165 za svoj \u017ereb alebo los?<\/strong><\/p>\n<p>K dispoz\u00edcii m\u00e1te viacero mo\u017enost\u00ed platby, medzi ktor\u00e9 patr\u00ed platba kreditnou kartou, bankov\u00fdm prevodom, r\u00f4znymi kryptomenami a \u010fal\u0161ie.<\/p>\n<p><strong>Beriete si podiel z mojej v\u00fdhry?<\/strong><\/p>\n<p>Nie. v\u0161etky lot\u00e9riov\u00e9 v\u00fdhry v\u00e1m bud\u00fa vyplaten\u00e9 v plnej v\u00fd\u0161ke, bez odpo\u010d\u00edtania ak\u00fdchko\u013evek poplatkov.<\/p>\n<p><strong>Kedy m\u00f4\u017eem zada\u0165 objedn\u00e1vku na lot\u00e9riov\u00fd tiket?<\/strong><\/p>\n<p>Ak sa chcete z\u00fa\u010dastni\u0165 lot\u00e9rie, mali by ste si tiket objedna\u0165 aspo\u0148 2 hodiny pred \u017erebovan\u00edm. To n\u00e1m umo\u017en\u00ed spracova\u0165 va\u0161u objedn\u00e1vku losov.<\/p>\n<p><strong>Ako zist\u00edm, \u010di som vyhral?<\/strong><\/p>\n<p>Ak vyhr\u00e1te, po\u0161leme v\u00e1m e-mail s ozn\u00e1men\u00edm o va\u0161ej v\u00fdhre. Na na\u0161ej webovej str\u00e1nke bud\u00fa zverejnen\u00e9 aj v\u00fdhern\u00e9 \u010d\u00edsla v\u0161etk\u00fdch lot\u00e9ri\u00ed.<\/p>\n<p><strong>Ako dostanem svoje peniaze, ak vyhr\u00e1m?<\/strong><\/p>\n<p>Ak vyhr\u00e1te sumu ni\u017e\u0161iu ako 2500 EUR, peniaze v\u00e1m bud\u00fa prip\u00edsan\u00e9 na v\u00e1\u0161 hr\u00e1\u010dsky \u00fa\u010det. V pr\u00edpade akejko\u013evek vyhranej sumy vy\u0161\u0161ej ako 2500 \u20ac v\u00e1m za\u0161leme formul\u00e1r \u017eiadosti, ktor\u00fd mus\u00edte vyplni\u0165. Budete sa musie\u0165 identifikova\u0165 a potom spracujeme v\u00e1\u0161 n\u00e1rok na lot\u00e9riov\u00fa spolo\u010dnos\u0165. Loterijn\u00e1 spolo\u010dnos\u0165 v\u00e1m potom vystav\u00ed \u0161ek. Upozor\u0148ujeme, \u017ee niektor\u00e9 lot\u00e9riov\u00e9 spolo\u010dnosti vy\u017eaduj\u00fa, aby ste si v\u00fdhru vyzdvihli osobne, ak ste vyhrali jackpot.<\/p>\n<p><strong>Je t\u00e1to slu\u017eba leg\u00e1lna?<\/strong><\/p>\n<p>\u00c1no, je. Ke\u010f\u017ee na\u0161a slu\u017eba je len slu\u017eba posielania spr\u00e1v, je to \u00faplne leg\u00e1lne.<\/p>\n<p><strong>Ako zist\u00edm, \u017ee sa lot\u00e9riov\u00fd tiket kupuje v mojom mene?<\/strong><\/p>\n<p>Po zaplaten\u00ed za svoj \u017ereb dostanete potvrdenie o platbe. Pokia\u013e je v\u00e1\u0161 tiket akt\u00edvny, dostanete e-mailov\u00e9 upozornenie a po prihl\u00e1sen\u00ed si m\u00f4\u017eete svoje tikety pozrie\u0165 vo svojej z\u00e1kazn\u00edckej z\u00f3ne na na\u0161ej webovej str\u00e1nke.<\/p>\n","protected":false},"excerpt":{"rendered":"<p>\u010casto kladen\u00e9 ot\u00e1zky o online lot\u00e9rii Tu v\u00e1m poskytneme odpovede na naj\u010dastej\u0161ie kladen\u00e9 ot\u00e1zky o online lot\u00e9rii a online jackpotoch. Hranie lot\u00e9ri\u00ed online je najpohodlnej\u0161\u00ed a najjednoduch\u0161\u00ed sp\u00f4sob, ako si siahnu\u0165 na tieto ve\u013ek\u00e9 medzin\u00e1rodn\u00e9 jackpoty v lot\u00e9rii Lotto. Ako to funguje? Fungujeme ako slu\u017eba posla medzi vami a r\u00f4znymi lot\u00e9riami. K\u00fapime tiket vo va\u0161om [&hellip;]<\/p>\n","protected":false},"author":1,"featured_media":0,"parent":0,"menu_order":6,"comment_status":"closed","ping_status":"closed","template":"","meta":{"_et_pb_use_builder":"","_et_pb_old_content":"","_et_gb_content_width":"","exclude_from_search":false,"footnotes":""},"class_list":["post-37781","page","type-page","status-publish","hentry"],"yoast_head":"<!-- This site is optimized with the Yoast SEO plugin v23.3 - https:\/\/yoast.com\/wordpress\/plugins\/seo\/ -->\n<title>\u010casto kladen\u00e9 ot\u00e1zky o lot\u00e9rii | \u010cast\u00e9 ot\u00e1zky o lot\u00e9rii Lotto online<\/title>\n<meta name=\"description\" content=\"Tu n\u00e1jdete odpovede na naj\u010dastej\u0161ie ot\u00e1zky o lot\u00e9rii online, ako aj najlep\u0161ie slu\u017eby\" \/>\n<meta name=\"robots\" content=\"index, follow, max-snippet:-1, max-image-preview:large, max-video-preview:-1\" \/>\n<link rel=\"canonical\" href=\"https:\/\/jackpotlotteryonline.com\/sk\/faq\/\" \/>\n<meta property=\"og:locale\" content=\"sk_SK\" \/>\n<meta property=\"og:type\" content=\"article\" \/>\n<meta property=\"og:title\" content=\"\u010casto kladen\u00e9 ot\u00e1zky o lot\u00e9rii | \u010cast\u00e9 ot\u00e1zky o lot\u00e9rii Lotto online\" \/>\n<meta property=\"og:description\" content=\"Tu n\u00e1jdete odpovede na naj\u010dastej\u0161ie ot\u00e1zky o lot\u00e9rii online, ako aj najlep\u0161ie slu\u017eby\" \/>\n<meta property=\"og:url\" content=\"https:\/\/jackpotlotteryonline.com\/sk\/faq\/\" \/>\n<meta property=\"og:site_name\" content=\"Lotto Online - Crack The International Lottery Jackpots\" \/>\n<meta name=\"twitter:card\" content=\"summary_large_image\" \/>\n<meta name=\"twitter:label1\" content=\"Predpokladan\u00fd \u010das \u010d\u00edtania\" \/>\n\t<meta name=\"twitter:data1\" content=\"3 min\u00faty\" \/>\n<!-- \/ Yoast SEO plugin. -->","yoast_head_json":{"title":"\u010casto kladen\u00e9 ot\u00e1zky o lot\u00e9rii | \u010cast\u00e9 ot\u00e1zky o lot\u00e9rii Lotto online","description":"Tu n\u00e1jdete odpovede na naj\u010dastej\u0161ie ot\u00e1zky o lot\u00e9rii online, ako aj najlep\u0161ie slu\u017eby","robots":{"index":"index","follow":"follow","max-snippet":"max-snippet:-1","max-image-preview":"max-image-preview:large","max-video-preview":"max-video-preview:-1"},"canonical":"https:\/\/jackpotlotteryonline.com\/sk\/faq\/","og_locale":"sk_SK","og_type":"article","og_title":"\u010casto kladen\u00e9 ot\u00e1zky o lot\u00e9rii | \u010cast\u00e9 ot\u00e1zky o lot\u00e9rii Lotto online","og_description":"Tu n\u00e1jdete odpovede na naj\u010dastej\u0161ie ot\u00e1zky o lot\u00e9rii online, ako aj najlep\u0161ie slu\u017eby","og_url":"https:\/\/jackpotlotteryonline.com\/sk\/faq\/","og_site_name":"Lotto Online - Crack The International Lottery Jackpots","twitter_card":"summary_large_image","twitter_misc":{"Predpokladan\u00fd \u010das \u010d\u00edtania":"3 min\u00faty"},"schema":{"@context":"https:\/\/schema.org","@graph":[{"@type":"WebPage","@id":"https:\/\/jackpotlotteryonline.com\/sk\/faq\/","url":"https:\/\/jackpotlotteryonline.com\/sk\/faq\/","name":"\u010casto kladen\u00e9 ot\u00e1zky o lot\u00e9rii | \u010cast\u00e9 ot\u00e1zky o lot\u00e9rii Lotto online","isPartOf":{"@id":"https:\/\/jackpotlotteryonline.com\/#website"},"datePublished":"2022-11-15T08:45:36+00:00","dateModified":"2022-11-15T08:45:36+00:00","description":"Tu n\u00e1jdete odpovede na naj\u010dastej\u0161ie ot\u00e1zky o lot\u00e9rii online, ako aj najlep\u0161ie slu\u017eby","breadcrumb":{"@id":"https:\/\/jackpotlotteryonline.com\/sk\/faq\/#breadcrumb"},"inLanguage":"sk-SK","potentialAction":[{"@type":"ReadAction","target":["https:\/\/jackpotlotteryonline.com\/sk\/faq\/"]}]},{"@type":"BreadcrumbList","@id":"https:\/\/jackpotlotteryonline.com\/sk\/faq\/#breadcrumb","itemListElement":[{"@type":"ListItem","position":1,"name":"Home","item":"https:\/\/jackpotlotteryonline.com\/sk\/"},{"@type":"ListItem","position":2,"name":"\u010cASTO KLADEN\u00c9 OT\u00c1ZKY"}]},{"@type":"WebSite","@id":"https:\/\/jackpotlotteryonline.com\/#website","url":"https:\/\/jackpotlotteryonline.com\/","name":"Lotto Online - Crack The International Lottery Jackpots","description":"","potentialAction":[{"@type":"SearchAction","target":{"@type":"EntryPoint","urlTemplate":"https:\/\/jackpotlotteryonline.com\/?s={search_term_string}"},"query-input":"required name=search_term_string"}],"inLanguage":"sk-SK"}]}},"_links":{"self":[{"href":"https:\/\/jackpotlotteryonline.com\/sk\/wp-json\/wp\/v2\/pages\/37781","targetHints":{"allow":["GET"]}}],"collection":[{"href":"https:\/\/jackpotlotteryonline.com\/sk\/wp-json\/wp\/v2\/pages"}],"about":[{"href":"https:\/\/jackpotlotteryonline.com\/sk\/wp-json\/wp\/v2\/types\/page"}],"author":[{"embeddable":true,"href":"https:\/\/jackpotlotteryonline.com\/sk\/wp-json\/wp\/v2\/users\/1"}],"replies":[{"embeddable":true,"href":"https:\/\/jackpotlotteryonline.com\/sk\/wp-json\/wp\/v2\/comments?post=37781"}],"version-history":[{"count":0,"href":"https:\/\/jackpotlotteryonline.com\/sk\/wp-json\/wp\/v2\/pages\/37781\/revisions"}],"wp:attachment":[{"href":"https:\/\/jackpotlotteryonline.com\/sk\/wp-json\/wp\/v2\/media?parent=37781"}],"curies":[{"name":"wp","href":"https:\/\/api.w.org\/{rel}","templated":true}]}}