{"id":39250,"date":"2022-11-22T12:01:17","date_gmt":"2022-11-22T12:01:17","guid":{"rendered":"https:\/\/jackpotlotteryonline.com\/?page_id=39250"},"modified":"2023-01-03T08:56:19","modified_gmt":"2023-01-03T08:56:19","slug":"la-primitiva-2","status":"publish","type":"page","link":"https:\/\/jackpotlotteryonline.com\/sk\/ako-hrat\/la-primitiva-2\/","title":{"rendered":"hra\u0165 La Primitiva online"},"content":{"rendered":"<p>\u0160panielska lot\u00e9ria je jednou z najob\u013e\u00fabenej\u0161\u00edch eur\u00f3pskych lot\u00e9ri\u00ed a pri\u0165ahuje fan\u00fa\u0161ikov lotta v celej krajine. La Primitiva je z\u00e1rove\u0148 jednou z najstar\u0161\u00edch lot\u00e9ri\u00ed na svete. Bola zalo\u017een\u00e1 v roku 1763 a fan\u00fa\u0161ikom lot\u00e9rie v krajine rob\u00ed rados\u0165 u\u017e takmer 260 rokov. Doteraz bola obmedzen\u00e1 len na tipuj\u00facich, ktor\u00ed \u017eili v danej geografickej lokalite, ale v\u010faka internetu sa teraz m\u00f4\u017eu do tejto lot\u00e9rie zapoji\u0165 tipuj\u00faci z cel\u00e9ho sveta. Lot\u00e9riov\u00e9 hry ve\u013emi z\u00e1visia od \u0161\u0165astia a t\u00e1to nie je v\u00fdnimkou. Preto sa pri ka\u017edom \u017erebovan\u00ed z\u00fa\u010dast\u0148uje ve\u013emi ve\u013ea st\u00e1vkuj\u00facich, ktor\u00ed sa sna\u017eia z\u00edska\u0165 ve\u013ek\u00fa v\u00fdhru.<\/p>\n<p>Ak chcete z\u00edska\u0165 <a href=\"https:\/\/jackpotlotteryonline.com\/sk\/kupit-vstupenky\/la-primitiva\">tikety do najlep\u0161\u00edch medzin\u00e1rodn\u00fdch lot\u00e9ri\u00ed<\/a> vr\u00e1tane La Primitiva, nav\u0161t\u00edvte teraz str\u00e1nku jackptlotteryonline.com a za\u010dnite.<\/p>\n<h2>Ako hra\u0165 La Primitiva<\/h2>\n<p><img loading=\"lazy\" decoding=\"async\" class=\"alignright size-medium wp-image-28103\" src=\"https:\/\/jackpotlotteryonline.com\/wp-content\/uploads\/2022\/11\/1_lotto_jackpot_online-257x300.jpg\" alt=\"Zahrajte si lot\u00e9riu La Primitiva\" width=\"257\" height=\"300\" srcset=\"https:\/\/jackpotlotteryonline.com\/wp-content\/uploads\/2022\/11\/1_lotto_jackpot_online-257x300.jpg 257w, https:\/\/jackpotlotteryonline.com\/wp-content\/uploads\/2022\/11\/1_lotto_jackpot_online.jpg 321w\" sizes=\"auto, (max-width: 257px) 100vw, 257px\" \/><\/p>\n<p>Akoko\u013evek je hranie \u0161panielskej lot\u00e9rie z\u00e1bavn\u00e9, pre t\u00fdch, ktor\u00ed s\u00fa v lot\u00e9rii nov\u00e1\u010dikmi, m\u00f4\u017ee by\u0165 trochu m\u00e4t\u00face. Zd\u00e1 sa, \u017ee je tu trochu viac \u010d\u00edsel, ne\u017e na ak\u00e9 by mohli by\u0165 niektor\u00ed tipuj\u00faci zvyknut\u00ed, a existuj\u00fa aj \u010fal\u0161ie pojmy, ktor\u00e9 by mohli by\u0165 \u0165a\u017eko pochopite\u013en\u00e9. Ale ke\u010f raz pochop\u00edte, ako hra\u0165 La Primitiva, bude to naozaj jednoduch\u00e9.<\/p>\n<p>Prv\u00e1 vec, ktor\u00fa je potrebn\u00e9 pochopi\u0165 pri hran\u00ed tejto lot\u00e9rie, je <strong>Reintegro<\/strong> a <strong>Complementario<\/strong>. Reintegro a Complementarior maj\u00fa z\u00e1sadn\u00fd v\u00fdznam pre ur\u010denie v\u00fdhercu jackpotu. Ak pl\u00e1nujete vyhra\u0165 jackpot, je nevyhnutn\u00e9 vedie\u0165, o \u010do ide a ako funguj\u00fa.<\/p>\n<p>Reintegro (v preklade n\u00e1hrada v angli\u010dtine) je v podstate jedno z bonusov\u00fdch \u010d\u00edsel pou\u017e\u00edvan\u00fdch pri v\u00fdbere v\u00fdhercov v\u00fdhier. Complementario (v preklade z angli\u010dtiny doplnkov\u00e9) je druh\u00e9 bonusov\u00e9 \u010d\u00edslo.<\/p>\n<p><strong>Ak chce hr\u00e1\u010d hra\u0165 hru La Primitiva, mus\u00ed si vybra\u0165 p\u00e4\u0165 hlavn\u00fdch \u010d\u00edsel od 1 do 49 a Reintegro od 0 do 9<\/strong>. Jackpot vyhr\u00e1 ka\u017ed\u00fd, kto m\u00e1 tiket, ktor\u00fd sa zhoduje s vy\u017erebovan\u00fdmi \u010d\u00edslami.<\/p>\n<h2>Reintegro v\u0161ak obsahuje viac<\/h2>\n<p>Reintegro sa pou\u017e\u00edva na v\u00fdber v\u00fdhercu jackpotu. Ak chcete vyhra\u0165 jackpot, mus\u00edte ma\u0165 zhodu piatich hlavn\u00fdch \u010d\u00edsel a \u010d\u00edsla Reintegro.<\/p>\n<p>\u010c\u00edslo Reintegro sa pou\u017e\u00edva aj na ur\u010denie \u010fal\u0161ej v\u00fdhernej kateg\u00f3rie. Tipuj\u00faci, ktor\u00ed sa zhodn\u00fa iba s \u010d\u00edslom Reintegro, z\u00edskavaj\u00fa sp\u00e4\u0165 cenu svojho tiketu. Preto sa naz\u00fdva &#8220;vr\u00e1tenie pe\u0148az\u00ed&#8221;.<\/p>\n<section class=\"layout\" style=\"border: solid 1px; width: 100%;\">\n<div class=\"img-div\" style=\"margin-top: 5px;\"><img decoding=\"async\" class=\"wp-image-17212 alignleft\" style=\"height: 45px; margin: 8px 8px 0px;\" src=\"https:\/\/jackpotlotteryonline.com\/wp-content\/uploads\/2022\/11\/read1.jpg\" alt=\"pre\u010d\u00edtajte si\" width=\"\" height=\"\" \/><\/div>\n<div style=\"padding-left: 5px;\">\n<div style=\"font-size: 1.1em;\">\n<p><strong>Ak\u00e9 je tajomstvo \u00faspechu v lot\u00e9rii?<\/strong><\/p>\n<p style=\"font-size: 0.85em; margin-top: -1.5em;\">Ako \u00faspe\u0161ne hra\u0165 lot\u00e9riu\u00a0 <a href=\"https:\/\/jackpotlotteryonline.com\/sk\/ake-je-tajomstvo-loterie-uspechu\"> \u010d\u00edtaj viac<\/a><\/p>\n<\/div>\n<\/div>\n<\/section>\n<h2>A \u010do Complementario?<\/h2>\n<p>Druh\u00e9 bonusov\u00e9 \u010d\u00edslo nie je relevantn\u00e9 pre v\u00fdhru jackpotu, ale pou\u017e\u00edva sa pri ur\u010dovan\u00ed v\u00fdhernej kateg\u00f3rie Div\u00edzie 2. V\u00fdhru teda z\u00edska tipuj\u00faci, ktor\u00fd zhodne p\u00e4\u0165 hlavn\u00fdch \u010d\u00edsel a \u010d\u00edslo Complementario.<\/p>\n<h2>Pochopenie fungovania \u017eol\u00edka<\/h2>\n<p>\u017dol\u00edk je \u010fal\u0161ou z\u00e1hadou, ak si kupujete tikety La Primitiva prv\u00fdkr\u00e1t, preto\u017ee sa zd\u00e1, \u017ee vytv\u00e1ra \u00faplne in\u00fa kateg\u00f3riu v\u00fdhier. V skuto\u010dnosti vytv\u00e1ra in\u00fa kateg\u00f3riu v\u00fdhier.\u00a0 Je v\u0161ak volite\u013en\u00fd a pri k\u00fape \u017erebu si m\u00f4\u017eete vybra\u0165, \u010di chcete \u017eol\u00edka zahrn\u00fa\u0165 za pr\u00edplatok.<\/p>\n<p>Kde \u017eol\u00edk pripom\u00edna sk\u00f4r tombolu ako lot\u00e9riu, preto\u017ee tipuj\u00faci si nem\u00f4\u017eu vybera\u0165 \u010d\u00edsla. Ak sa rozhodnete pre \u017eol\u00edka, k v\u00e1\u0161mu \u017erebu sa pripoj\u00ed sedem n\u00e1hodn\u00fdch \u010d\u00edsel. T\u00fdm sa v\u00e1\u0161 tiket neznehodnot\u00ed, je to len doplnenie. \u017dol\u00edk d\u00e1va tipuj\u00facim \u0161ancu vyhra\u0165 a\u017e 1 mili\u00f3n eur. M\u00e1 sedem v\u00fdhern\u00fdch kateg\u00f3ri\u00ed. N\u00e1jdete ich ni\u017e\u0161ie:<\/p>\n<p>1. cena &#8211; 1 000 000 \u20ac<\/p>\n<p>2. cena &#8211; 10 000 \u20ac<\/p>\n<p>3. cena &#8211; 1 000 \u20ac<\/p>\n<p>4. cena &#8211; 300 EUR<\/p>\n<p>5. cena &#8211; 50 \u20ac<\/p>\n<p>6. cena &#8211; 5 \u20ac<\/p>\n<p>7. cena &#8211; 5 EUR<\/p>\n<h2>V\u00fdhra \u017eol\u00edka<\/h2>\n<p>Ak vyhr\u00e1te v lot\u00e9rii aj v \u017eol\u00edku, budete si musie\u0165 vybra\u0165 jednu z nich, preto\u017ee st\u00e1vkuj\u00faci si nem\u00f4\u017eu uplatni\u0165 obe ceny v jednom \u017erebovan\u00ed za jeden tiket. Vyplat\u00ed sa v\u0161ak vy\u0161\u0161ia odmena.<\/p>\n<h2>Kroky pre hranie lot\u00e9rie online<\/h2>\n<p><img loading=\"lazy\" decoding=\"async\" class=\"alignright size-medium wp-image-33512\" src=\"https:\/\/jackpotlotteryonline.com\/wp-content\/uploads\/2022\/11\/2_ticket_la_primitiva2-210x300.jpg\" alt=\"Tiket La Primitiva online\" width=\"210\" height=\"300\" srcset=\"https:\/\/jackpotlotteryonline.com\/wp-content\/uploads\/2022\/11\/2_ticket_la_primitiva2-210x300.jpg 210w, https:\/\/jackpotlotteryonline.com\/wp-content\/uploads\/2022\/11\/2_ticket_la_primitiva2.jpg 250w\" sizes=\"auto, (max-width: 210px) 100vw, 210px\" \/><\/p>\n<p>Z\u00edskavanie \u017erebov do lot\u00e9rie online patr\u00ed k jednoduch\u00fdm \u017eivotn\u00fdm radostiam najm\u00e4 preto, ak\u00e9 je v\u0161etko pohodln\u00e9 a praktick\u00e9. Svoj tiket m\u00f4\u017eete z\u00edska\u0165 len nieko\u013ek\u00fdmi \u0165ahmi alebo \u0165uknutiami. Tu je n\u00e1vod, ako to urobi\u0165 krok za krokom na tejto str\u00e1nke.<\/p>\n<p><strong>Krok 1:<\/strong> Nav\u0161t\u00edvte vybran\u00fa str\u00e1nku a vyh\u013eadajte lot\u00e9riu, ktor\u00fa chcete hra\u0165. Fan\u00fa\u0161ikom lot\u00e9rie poskytujeme pr\u00edstup k ve\u013ek\u00e9mu mno\u017estvu medzin\u00e1rodn\u00fdch lot\u00e9ri\u00ed vr\u00e1tane La Primitiva.<\/p>\n<p><strong>Krok 2:<\/strong> Vyberte si p\u00e4\u0165 hlavn\u00fdch \u010d\u00edsel a dve bonusov\u00e9 \u010d\u00edsla. Ak si nie ste ist\u00ed, ak\u00e9 \u010d\u00edsla chcete pou\u017ei\u0165, m\u00f4\u017eete pou\u017ei\u0165 gener\u00e1tor n\u00e1hodn\u00fdch \u010d\u00edsel na str\u00e1nke. Taktie\u017e si m\u00f4\u017eete vybra\u0165 viac ako jeden rad \u010d\u00edsel, aby ste zv\u00fd\u0161ili svoje \u0161ance na v\u00fdhru.<\/p>\n<p><strong>Krok 3:<\/strong> <a href=\"https:\/\/jackpotlotteryonline.com\/sk\/vyherne-cisla\/la-primitiva\">Zadajte \u017erebovanie<\/a>. Upozor\u0148ujeme, \u017ee ak zad\u00e1vate jedno \u017erebovanie, m\u00f4\u017eete tak urobi\u0165 len v pondelok. Ostatn\u00e9 \u017erebovania s\u00fa t\u00fd\u017edenn\u00e9 \u017erebovania a ak chcete, m\u00f4\u017eete sa zapoji\u0165 do v\u0161etk\u00fdch.<\/p>\n<p><strong>Krok 4:<\/strong> Zaregistrujte sa a zapla\u0165te. Ke\u010f sa dostanete na str\u00e1nku s platbou, budete vyzvan\u00ed, aby ste sa zaregistrovali. Je to preto, aby ste mali jednoduch\u00fd pr\u00edstup k svojmu tiketu zo svojho \u00fa\u010dtu a tie\u017e preto, aby sme v\u00e1s mohli upozorni\u0165, ak vyhr\u00e1te nejak\u00fa cenu. Zaregistrova\u0165 sa budete musie\u0165 len raz a pri \u010fal\u0161\u00edch pr\u00edle\u017eitostiach sa sta\u010d\u00ed prihl\u00e1si\u0165 do svojho \u00fa\u010dtu.<\/p>\n<p>To je v\u0161etko, \u010do potrebujete, aby ste z\u00edskali pr\u00edstup k najlep\u0161\u00edm medzin\u00e1rodn\u00fdm lot\u00e9ri\u00e1m z pohodlia svojho po\u010d\u00edta\u010da, alebo mobiln\u00e9ho zariadenia!<\/p>\n<h2>V\u00fdsledky \u017erebovania La Primitiva<\/h2>\n<p>Dni \u017erebovania s\u00fa pln\u00e9 vzru\u0161enia a mnoh\u00ed tipuj\u00faci sa na ne te\u0161ia. Vtedy sa t\u00ed, ktor\u00ed sa zapojili do \u017erebovania, dozvedia, \u010di vyhrali jackpot. Okrem jackpotu m\u00f4\u017eu tipuj\u00faci vyhra\u0165 aj \u010fal\u0161ie ceny, ktor\u00e9 sa dozvedia v de\u0148 \u017erebovania.<\/p>\n<p>\u0160panielska lot\u00e9ria organizuje tri t\u00fd\u017edenn\u00e9 \u017erebovania v pondelok, \u0161tvrtok a sobotu. To znamen\u00e1, \u017ee tipuj\u00faci maj\u00fa ka\u017ed\u00fd t\u00fd\u017ede\u0148 tri \u0161ance vyhra\u0165 v lot\u00e9rii. Ak hr\u00e1te La Primitive cez internet, m\u00f4\u017eete sa zapoji\u0165 do nasleduj\u00faceho \u017erebovania alebo sa automaticky zapoji\u0165 do ka\u017ed\u00e9ho \u017erebovania. Nezabudnite, \u017ee \u010d\u00edm viac \u017erebovan\u00ed sa z\u00fa\u010dastn\u00edte, t\u00fdm vy\u0161\u0161ie s\u00fa va\u0161e \u0161ance na v\u00fdhru v lot\u00e9rii.<\/p>\n<p>Po vyhl\u00e1sen\u00ed \u017erebovania si tipuj\u00faci m\u00f4\u017eu vypo\u010du\u0165 v\u00fdsledky \u017erebovania v priamom prenose. Ak v\u0161ak na to nem\u00e1te \u010das, m\u00f4\u017eete sa sem vr\u00e1ti\u0165 a pozrie\u0165 si v\u00fdsledky \u017erebovania. Nezverej\u0148ujeme len \u010d\u00edsla, ktor\u00e9 sa zhoduj\u00fa so v\u0161etk\u00fdmi vy\u017erebovan\u00fdmi \u010d\u00edslami, ale zverej\u0148ujeme aj v\u00fdsledky ostatn\u00fdch \u00farovn\u00ed.<\/p>\n<h2>O cen\u00e1ch La Primitiva: \u010do m\u00f4\u017eete vyhra\u0165?<\/h2>\n<p>Okrem hlavnej v\u00fdhry m\u00e1 La Primitiva 5 \u010fal\u0161\u00edch v\u00fdhern\u00fdch \u00farovn\u00ed. Ak zapo\u010d\u00edtate aj jackpot, je to spolu 6 \u00farovn\u00ed. Existuje dokonca aj v\u00fdhra za zhodu len s \u010d\u00edslom Reintegro. Tieto v\u00fdhry sa s\u00edce ner\u00e1taj\u00fa v mili\u00f3noch, ale vych\u00e1dzaj\u00fa na nieko\u013eko tis\u00edc eur. Ur\u010dite sa teda oplat\u00ed ich vysk\u00fa\u0161a\u0165.<\/p>\n<p>Je d\u00f4le\u017eit\u00e9 si uvedomi\u0165, \u017ee pre ostatn\u00e9 \u00farovne neexistuje \u017eiadna konkr\u00e9tna v\u00fdhra, preto\u017ee z\u00e1vis\u00ed od po\u010dtu tipuj\u00facich pre dan\u00e9 \u017erebovanie. Jackpot je jedin\u00e1 \u00farove\u0148 v\u00fdhry, ktor\u00e1 je garantovan\u00e1. Pre ostatn\u00e9 \u00farovne v\u00fdhier je vy\u010dlenen\u00fdch 40 % sumy jackpotu, ktor\u00e1 sa rozdel\u00ed medzi v\u00fdhercov v t\u00fdchto kateg\u00f3ri\u00e1ch.<\/p>\n<p>M\u00f4\u017eete sa v\u0161ak rozhodn\u00fa\u0165 hra\u0165 aj \u017eol\u00edka, ktor\u00fd podstatne zvy\u0161uje potenci\u00e1lnu v\u00fdhru. Joker m\u00e1 tie\u017e sedem \u010fal\u0161\u00edch v\u00fdhern\u00fdch kateg\u00f3ri\u00ed, oddelen\u00fdch od hlavn\u00fdch v\u00fdhern\u00fdch kateg\u00f3ri\u00ed, \u010do d\u00e1va hr\u00e1\u010dom La Primitiva e\u0161te v\u00e4\u010d\u0161ie \u0161ance na v\u00fdhru.<\/p>\n<h2>V\u00fdhern\u00e9 kateg\u00f3rie<\/h2>\n<p>Jackpot &#8211; zhodnos\u0165 6 hlavn\u00fdch \u010d\u00edsel + Reintegro<\/p>\n<p>Div\u00edzia 1 &#8211; zhodnos\u0165 6 hlavn\u00fdch \u010d\u00edsel<\/p>\n<p>Div\u00edzia 2 &#8211; Uhodnite 5 hlavn\u00fdch \u010d\u00edsel + bezplatn\u00e9 \u010d\u00edslo<\/p>\n<p>Div\u00edzia 3 &#8211; Uh\u00e1dnite 5 hlavn\u00fdch \u010d\u00edsel<\/p>\n<p>Div\u00edzia 4 &#8211; Uh\u00e1dnite 4 hlavn\u00e9 \u010d\u00edsla<\/p>\n<p>Div\u00edzia 5 &#8211; 3 hlavn\u00e9 \u010d\u00edsla<\/p>\n<p>Reintegro &#8211; Zhodujte sa len s \u010d\u00edslom Reintegro<\/p>\n<h2>Ako si vybra\u0165 v\u00fdhru<\/h2>\n<p>Tipuj\u00faci sa \u010dasto p\u00fdtaj\u00fa, ako sa m\u00f4\u017eu dosta\u0165 k svojim v\u00fdhram, ak hraj\u00fa na internete. Odpove\u010f na t\u00fato ot\u00e1zku skuto\u010dne z\u00e1vis\u00ed od lot\u00e9riovej str\u00e1nky, ktor\u00fa pou\u017e\u00edvate. Niektor\u00e9 lot\u00e9riov\u00e9 str\u00e1nky nie s\u00fa pri vypl\u00e1can\u00ed v\u00fdhier pr\u00edli\u0161 dobr\u00e9, ale zist\u00edte, \u017ee je to sk\u00f4r v\u00fdnimka ako pravidlo. Napriek tomu je v\u017edy dobr\u00e9 zosta\u0165 v bezpe\u010d\u00ed a zosta\u0165 u d\u00f4veryhodn\u00e9ho predajcu lot\u00e9rie.<\/p>\n<p>Ak hr\u00e1te lot\u00e9riu u n\u00e1s, potom si m\u00f4\u017eete svoje v\u00fdhry jednoducho vybra\u0165. N\u00e1\u0161 syst\u00e9m sme navrhli tak, aby poskytoval maxim\u00e1lne jednoduch\u00e9 pou\u017e\u00edvanie a nulov\u00fd stres. V\u010faka viacer\u00fdm mo\u017enostiam v\u00fdberu v\u00e1m poskytujeme bezpe\u010dn\u00fd sp\u00f4sob, ako sa dosta\u0165 k svojej v\u00fdhre.<\/p>\n<p>Ak je va\u0161a v\u00fdhra vy\u0161\u0161ia ako ur\u010dit\u00e1 suma (napr\u00edklad ak vyhr\u00e1te jackpot), mus\u00edte sa lot\u00e9riovej spolo\u010dnosti preuk\u00e1za\u0165. Nemus\u00edte sa v\u0161ak ob\u00e1va\u0165, poskytneme v\u00e1m formul\u00e1r na vyplnenie a po jeho vyplnen\u00ed za v\u00e1s n\u00e1roky spracujeme.<\/p>\n<h2>Hrajte s nami a z\u00edskajte \u0161ancu na ve\u013ek\u00fa v\u00fdhru<\/h2>\n<p>Na tom, kde si kupujete tikety, ve\u013emi z\u00e1le\u017e\u00ed a na na\u0161ej str\u00e1nke sme urobili v\u0161etko pre to, aby sme vytvorili bezpe\u010dn\u00e9 miesto pre tipuj\u00facich z cel\u00e9ho sveta. V\u010faka \u0161irokej ponuke medzin\u00e1rodn\u00fdch lot\u00e9ri\u00ed si m\u00f4\u017eete vybra\u0165 ak\u00fako\u013evek hru vr\u00e1tane La Primitiva. Jackpotov\u00e9 v\u00fdhry s\u00fa vysok\u00e9, ale nezabudnite, \u017ee v\u00e4\u010d\u0161ina lot\u00e9riov\u00fdch hier m\u00e1 nieko\u013eko v\u00fdhern\u00fdch \u00farovn\u00ed, pri\u010dom niektor\u00e9 z nich s\u00fa ve\u013emi \u0161tedr\u00e9.<\/p>\n<p>Ak ste pripraven\u00ed na \u0161ancu vyhra\u0165 ve\u013ek\u00e9 sumy s La Primitiva, nav\u0161t\u00edvte n\u00e1s teraz a z\u00edskajte svoje tikety. V\u010faka trom t\u00fd\u017edenn\u00fdm \u017erebovaniam d\u00e1va \u0161panielska lot\u00e9ria st\u00e1vkuj\u00facim nieko\u013eko \u0161anc\u00ed vyhra\u0165 jackpot ka\u017ed\u00fd t\u00fd\u017ede\u0148. Na str\u00e1nke jackpotlotteryonline.com je v\u017edy k dispoz\u00edcii \u017erebovanie, do ktor\u00e9ho sa m\u00f4\u017eete zapoji\u0165, a nikdy neviete, \u010di pr\u00e1ve dnes nie je ten de\u0148, ke\u010f vyhr\u00e1te ve\u013ek\u00fa sumu.<\/p>\n","protected":false},"excerpt":{"rendered":"<p>\u0160panielska lot\u00e9ria je jednou z najob\u013e\u00fabenej\u0161\u00edch eur\u00f3pskych lot\u00e9ri\u00ed a pri\u0165ahuje fan\u00fa\u0161ikov lotta v celej krajine. La Primitiva je z\u00e1rove\u0148 jednou z najstar\u0161\u00edch lot\u00e9ri\u00ed na svete. Bola zalo\u017een\u00e1 v roku 1763 a fan\u00fa\u0161ikom lot\u00e9rie v krajine rob\u00ed rados\u0165 u\u017e takmer 260 rokov. Doteraz bola obmedzen\u00e1 len na tipuj\u00facich, ktor\u00ed \u017eili v danej geografickej lokalite, ale v\u010faka [&hellip;]<\/p>\n","protected":false},"author":1,"featured_media":0,"parent":35719,"menu_order":7,"comment_status":"closed","ping_status":"closed","template":"la-primitiva.php","meta":{"_et_pb_use_builder":"","_et_pb_old_content":"","_et_gb_content_width":"","exclude_from_search":false,"footnotes":""},"class_list":["post-39250","page","type-page","status-publish","hentry"],"yoast_head":"<!-- This site is optimized with the Yoast SEO plugin v23.3 - https:\/\/yoast.com\/wordpress\/plugins\/seo\/ -->\n<title>Hrajte \u0161panielsku lot\u00e9riu La Primitiva online z ktorejko\u013evek krajiny<\/title>\n<meta name=\"description\" content=\"Ako hra\u0165 La Primitiva a vyhra\u0165 ve\u013ek\u00e9 sumy z ktorejko\u013evek \u010dasti sveta. Pre\u010d\u00edtajte si kroky hrania online lot\u00e9rie a ceny, ktor\u00e9 m\u00f4\u017eete vyhra\u0165.\" \/>\n<meta name=\"robots\" content=\"index, follow, max-snippet:-1, max-image-preview:large, max-video-preview:-1\" \/>\n<link rel=\"canonical\" href=\"https:\/\/jackpotlotteryonline.com\/sk\/ako-hrat\/la-primitiva-2\/\" \/>\n<meta property=\"og:locale\" content=\"sk_SK\" \/>\n<meta property=\"og:type\" content=\"article\" \/>\n<meta property=\"og:title\" content=\"Hrajte \u0161panielsku lot\u00e9riu La Primitiva online z ktorejko\u013evek krajiny\" \/>\n<meta property=\"og:description\" content=\"Ako hra\u0165 La Primitiva a vyhra\u0165 ve\u013ek\u00e9 sumy z ktorejko\u013evek \u010dasti sveta. Pre\u010d\u00edtajte si kroky hrania online lot\u00e9rie a ceny, ktor\u00e9 m\u00f4\u017eete vyhra\u0165.\" \/>\n<meta property=\"og:url\" content=\"https:\/\/jackpotlotteryonline.com\/sk\/ako-hrat\/la-primitiva-2\/\" \/>\n<meta property=\"og:site_name\" content=\"Lotto Online - Crack The International Lottery Jackpots\" \/>\n<meta property=\"article:modified_time\" content=\"2023-01-03T08:56:19+00:00\" \/>\n<meta property=\"og:image\" content=\"https:\/\/jackpotlotteryonline.com\/wp-content\/uploads\/2022\/11\/1_lotto_jackpot_online-257x300.jpg\" \/>\n<meta name=\"twitter:card\" content=\"summary_large_image\" \/>\n<meta name=\"twitter:label1\" content=\"Predpokladan\u00fd \u010das \u010d\u00edtania\" \/>\n\t<meta name=\"twitter:data1\" content=\"7 min\u00fat\" \/>\n<!-- \/ Yoast SEO plugin. -->","yoast_head_json":{"title":"Hrajte \u0161panielsku lot\u00e9riu La Primitiva online z ktorejko\u013evek krajiny","description":"Ako hra\u0165 La Primitiva a vyhra\u0165 ve\u013ek\u00e9 sumy z ktorejko\u013evek \u010dasti sveta. Pre\u010d\u00edtajte si kroky hrania online lot\u00e9rie a ceny, ktor\u00e9 m\u00f4\u017eete vyhra\u0165.","robots":{"index":"index","follow":"follow","max-snippet":"max-snippet:-1","max-image-preview":"max-image-preview:large","max-video-preview":"max-video-preview:-1"},"canonical":"https:\/\/jackpotlotteryonline.com\/sk\/ako-hrat\/la-primitiva-2\/","og_locale":"sk_SK","og_type":"article","og_title":"Hrajte \u0161panielsku lot\u00e9riu La Primitiva online z ktorejko\u013evek krajiny","og_description":"Ako hra\u0165 La Primitiva a vyhra\u0165 ve\u013ek\u00e9 sumy z ktorejko\u013evek \u010dasti sveta. Pre\u010d\u00edtajte si kroky hrania online lot\u00e9rie a ceny, ktor\u00e9 m\u00f4\u017eete vyhra\u0165.","og_url":"https:\/\/jackpotlotteryonline.com\/sk\/ako-hrat\/la-primitiva-2\/","og_site_name":"Lotto Online - Crack The International Lottery Jackpots","article_modified_time":"2023-01-03T08:56:19+00:00","og_image":[{"url":"https:\/\/jackpotlotteryonline.com\/wp-content\/uploads\/2022\/11\/1_lotto_jackpot_online-257x300.jpg"}],"twitter_card":"summary_large_image","twitter_misc":{"Predpokladan\u00fd \u010das \u010d\u00edtania":"7 min\u00fat"},"schema":{"@context":"https:\/\/schema.org","@graph":[{"@type":"WebPage","@id":"https:\/\/jackpotlotteryonline.com\/sk\/ako-hrat\/la-primitiva-2\/","url":"https:\/\/jackpotlotteryonline.com\/sk\/ako-hrat\/la-primitiva-2\/","name":"Hrajte \u0161panielsku lot\u00e9riu La Primitiva online z ktorejko\u013evek krajiny","isPartOf":{"@id":"https:\/\/jackpotlotteryonline.com\/#website"},"primaryImageOfPage":{"@id":"https:\/\/jackpotlotteryonline.com\/sk\/ako-hrat\/la-primitiva-2\/#primaryimage"},"image":{"@id":"https:\/\/jackpotlotteryonline.com\/sk\/ako-hrat\/la-primitiva-2\/#primaryimage"},"thumbnailUrl":"https:\/\/jackpotlotteryonline.com\/wp-content\/uploads\/2022\/11\/1_lotto_jackpot_online-257x300.jpg","datePublished":"2022-11-22T12:01:17+00:00","dateModified":"2023-01-03T08:56:19+00:00","description":"Ako hra\u0165 La Primitiva a vyhra\u0165 ve\u013ek\u00e9 sumy z ktorejko\u013evek \u010dasti sveta. Pre\u010d\u00edtajte si kroky hrania online lot\u00e9rie a ceny, ktor\u00e9 m\u00f4\u017eete vyhra\u0165.","breadcrumb":{"@id":"https:\/\/jackpotlotteryonline.com\/sk\/ako-hrat\/la-primitiva-2\/#breadcrumb"},"inLanguage":"sk-SK","potentialAction":[{"@type":"ReadAction","target":["https:\/\/jackpotlotteryonline.com\/sk\/ako-hrat\/la-primitiva-2\/"]}]},{"@type":"ImageObject","inLanguage":"sk-SK","@id":"https:\/\/jackpotlotteryonline.com\/sk\/ako-hrat\/la-primitiva-2\/#primaryimage","url":"https:\/\/jackpotlotteryonline.com\/wp-content\/uploads\/2022\/11\/1_lotto_jackpot_online-257x300.jpg","contentUrl":"https:\/\/jackpotlotteryonline.com\/wp-content\/uploads\/2022\/11\/1_lotto_jackpot_online-257x300.jpg"},{"@type":"BreadcrumbList","@id":"https:\/\/jackpotlotteryonline.com\/sk\/ako-hrat\/la-primitiva-2\/#breadcrumb","itemListElement":[{"@type":"ListItem","position":1,"name":"Home","item":"https:\/\/jackpotlotteryonline.com\/sk\/"},{"@type":"ListItem","position":2,"name":"Ako hra\u0165","item":"https:\/\/jackpotlotteryonline.com\/sk\/ako-hrat\/"},{"@type":"ListItem","position":3,"name":"hra\u0165 La Primitiva online"}]},{"@type":"WebSite","@id":"https:\/\/jackpotlotteryonline.com\/#website","url":"https:\/\/jackpotlotteryonline.com\/","name":"Lotto Online - Crack The International Lottery Jackpots","description":"","potentialAction":[{"@type":"SearchAction","target":{"@type":"EntryPoint","urlTemplate":"https:\/\/jackpotlotteryonline.com\/?s={search_term_string}"},"query-input":"required name=search_term_string"}],"inLanguage":"sk-SK"}]}},"_links":{"self":[{"href":"https:\/\/jackpotlotteryonline.com\/sk\/wp-json\/wp\/v2\/pages\/39250","targetHints":{"allow":["GET"]}}],"collection":[{"href":"https:\/\/jackpotlotteryonline.com\/sk\/wp-json\/wp\/v2\/pages"}],"about":[{"href":"https:\/\/jackpotlotteryonline.com\/sk\/wp-json\/wp\/v2\/types\/page"}],"author":[{"embeddable":true,"href":"https:\/\/jackpotlotteryonline.com\/sk\/wp-json\/wp\/v2\/users\/1"}],"replies":[{"embeddable":true,"href":"https:\/\/jackpotlotteryonline.com\/sk\/wp-json\/wp\/v2\/comments?post=39250"}],"version-history":[{"count":0,"href":"https:\/\/jackpotlotteryonline.com\/sk\/wp-json\/wp\/v2\/pages\/39250\/revisions"}],"up":[{"embeddable":true,"href":"https:\/\/jackpotlotteryonline.com\/sk\/wp-json\/wp\/v2\/pages\/35719"}],"wp:attachment":[{"href":"https:\/\/jackpotlotteryonline.com\/sk\/wp-json\/wp\/v2\/media?parent=39250"}],"curies":[{"name":"wp","href":"https:\/\/api.w.org\/{rel}","templated":true}]}}