{"id":39331,"date":"2022-11-23T11:20:37","date_gmt":"2022-11-23T11:20:37","guid":{"rendered":"https:\/\/jackpotlotteryonline.com\/?page_id=39331"},"modified":"2024-07-07T10:00:24","modified_gmt":"2024-07-07T10:00:24","slug":"lotto-america","status":"publish","type":"page","link":"https:\/\/jackpotlotteryonline.com\/sk\/ako-hrat\/lotto-america\/","title":{"rendered":"Hra\u0165 Lotto America online"},"content":{"rendered":"<p>Chcete sa nau\u010di\u0165, ako vs\u00e1dza\u0165 na Lotto America odkia\u013eko\u013evek na svete? V USA s\u00fa jedny z najv\u00e4\u010d\u0161\u00edch lot\u00e9ri\u00ed na svete, ako napr\u00edklad Lotto America. Zauj\u00edmav\u00e9 je aj to, \u017ee toto loto je \u010dasto prehliadan\u00e9 v prospech svojich ove\u013ea v\u00e4\u010d\u0161\u00edch bratrancov, Powerball a Mega Millions. Existuj\u00fa v\u0161ak sk\u00fasen\u00ed st\u00e1vkari, ktor\u00ed vedia, ak\u00fd neuverite\u013en\u00fd je tento jackpot, a navy\u0161e \u0161ance na v\u00fdhru s\u00fa ove\u013ea ni\u017e\u0161ie ako napr\u00edklad v americkom Powerballe. Ak teda h\u013ead\u00e1te americk\u00e9 loto, ktor\u00e9 v\u00e1m d\u00e1va vy\u0161\u0161iu \u0161ancu vyhra\u0165 jackpot ako in\u00e9 lot\u00e9rie, mali by ste si pozrie\u0165 Lotto America.<\/p>\n<p>Je pravda, \u017ee Lotto America je lotto so s\u00eddlom v USA, a preto sa tikety pred\u00e1vaj\u00fa v USA. St\u00e1vkuj\u00faci si v\u0161ak m\u00f4\u017eu k\u00fapi\u0165 svoje tikety na t\u00fato lot\u00e9riu pomocou str\u00e1nky, ako je jackpotlotteryonline.com. Podel\u00edme sa s vami o niektor\u00e9 podrobnosti o tejto lot\u00e9rii a tie\u017e sa budeme sna\u017ei\u0165 odpoveda\u0165 na \u010dast\u00e9 ot\u00e1zky, ktor\u00e9 boli polo\u017een\u00e9 v s\u00favislosti s Lotto America.<\/p>\n<p>\u010c\u00edtajte \u010falej a dozviete sa viac o lot\u00e9rii Lotto America a o tom, ako sa orientova\u0165 v procese n\u00e1kupu tiketov a z\u00edskavania v\u00fdhier.<\/p>\n<section class=\"layout\" style=\"border: solid 1px; width: 100%;\">\n<div class=\"img-div\" style=\"margin-top: 5px;\"><img decoding=\"async\" class=\"wp-image-17212 alignleft\" style=\"height: 45px; margin: 8px 8px 0px;\" src=\"https:\/\/jackpotlotteryonline.com\/wp-content\/uploads\/2022\/11\/read1.jpg\" alt=\"Pre\u010d\u00edtajte si \" width=\"\" height=\"\" \/><\/div>\n<div style=\"padding-left: 5px;\">\n<div style=\"font-size: 1.1em;\">\n<p><strong>Vyberte si v\u00fdhern\u00e9 \u010d\u00edsla lot\u00e9rie ru\u010dne alebo pomocou RNG<\/strong><\/p>\n<p style=\"font-size: 0.85em; margin-top: -1.5em;\">Ako vygenerova\u0165 v\u00fdhern\u00e9 lotto \u010d\u00edsla?\u00a0<a href=\"https:\/\/jackpotlotteryonline.com\/sk\/ako-generovat-vitazne-lotto-cisla\"> \u010d\u00edtaj viac<\/a><\/p>\n<\/div>\n<\/div>\n<\/section>\n<h2>Nie\u010do o Lotto America<\/h2>\n<p><img loading=\"lazy\" decoding=\"async\" class=\"alignright size-full wp-image-29534\" src=\"https:\/\/jackpotlotteryonline.com\/wp-content\/uploads\/2022\/11\/1_results_lottery_online5.jpg\" alt=\"Zahrajte si lotto America online\" width=\"300\" height=\"200\" \/><\/p>\n<p>V porovnan\u00ed s in\u00fdmi lot\u00e9riami na celom svete je Lotto America relat\u00edvne nov\u00e1. Vznikla v roku 2017 a funguje len 5 rokov a bola vytvoren\u00e1 ako n\u00e1hrada za Hot Lotto, ktor\u00e9 bolo opraden\u00e9 mno\u017estvom \u0161kand\u00e1lov. Nebudeme v\u00e1s unavova\u0165 podrobnos\u0165ami, sta\u010d\u00ed vedie\u0165, \u017ee za 5 rokov svojej prev\u00e1dzky bolo Lotto America bez \u0161kand\u00e1lov.<\/p>\n<p>Lotto America je viac\u0161t\u00e1tna lot\u00e9ria, \u010do znamen\u00e1, \u017ee ju pon\u00faka nieko\u013eko americk\u00fdch \u0161t\u00e1tov. Obyvatelia t\u00fdchto \u0161t\u00e1tov si m\u00f4\u017eu jednoducho k\u00fapi\u0165 tikety do Lotto America tak, \u017ee z\u00e1jdu k ak\u00e9muko\u013evek predajcovi lot\u00e9rie v celom \u0161t\u00e1te. \u010co sa v\u0161ak stane, ke\u010f \u017eijete mimo USA?<\/p>\n<p>Pre hr\u00e1\u010dov, ktor\u00ed \u017eij\u00fa mimo USA a chc\u00fa sa z\u00fa\u010dastni\u0165 na lot\u00e9rii Lotto America, existuje jednoduch\u00e9 rie\u0161enie. Internet umo\u017enil hr\u00e1\u010dom na celom svete z\u00fa\u010dastni\u0165 sa na najlep\u0161\u00edch medzin\u00e1rodn\u00fdch lot\u00e9ri\u00e1ch tak, \u017ee podaj\u00fa svoje st\u00e1vky prostredn\u00edctvom online predajcu lot\u00e9ri\u00ed. Ni\u017e\u0161ie sa s vami podel\u00edme o tipy, ako hra\u0165 Lotto America online.<\/p>\n<h2>Hranie Lotto America online<\/h2>\n<p>Prv\u00fdm krokom pri hran\u00ed Lotto America online je identifikova\u0165 webov\u00fa str\u00e1nku, ktor\u00e1 v\u00e1m umo\u017en\u00ed <a href=\"https:\/\/jackpotlotteryonline.com\/sk\/kupit-vstupenky\/lotto-america\">k\u00fapi\u0165 tikety<\/a>. Zd\u00e1 sa to trochu samozrejm\u00e9, ale za chv\u00ed\u013eu uvid\u00edte, \u017ee to nie je tak\u00e9 jednoduch\u00e9, ako sa zd\u00e1.<\/p>\n<p>Pravdou je, \u017ee existuje nieko\u013eko str\u00e1nok, ktor\u00e9 tvrdia, \u017ee pon\u00fakaj\u00fa hr\u00e1\u010dom mo\u017enos\u0165 vst\u00fapi\u0165 do programu Lotto America. Pon\u00fakaj\u00fa v\u0161ak len mo\u017enosti vsadi\u0165 si na v\u00fdsledok lotta. Ak si na takejto str\u00e1nke zak\u00fapite tikety, v skuto\u010dnosti ste sa do lot\u00e9rie Lotto America nezapojili a aj ke\u010f v\u00e1m padn\u00fa v\u0161etky vy\u017erebovan\u00e9 \u010d\u00edsla, jackpot nevyhr\u00e1te. Preto je v\u00fdber str\u00e1nky, ktor\u00fa pou\u017e\u00edvate, ve\u013emi d\u00f4le\u017eit\u00fd.<\/p>\n<p><strong>Ke\u010f sa rozhodnete pre str\u00e1nku, postupujte pod\u013ea nasleduj\u00facich krokov:<\/strong><\/p>\n<ol>\n<li>Nav\u0161t\u00edvte str\u00e1nku, ktor\u00fa chcete pou\u017ei\u0165, a kliknite na Lotto America<\/li>\n<li>Vyberte 5 \u010d\u00edsel z rozsahu 1 a\u017e 52 (ak si nie ste ist\u00ed, ak\u00e9 \u010d\u00edsla pou\u017ei\u0165, vysk\u00fa\u0161ajte automatick\u00fd gener\u00e1tor \u010d\u00edsel).<\/li>\n<li>Potom vyberte bonusov\u00e9 \u010d\u00edslo (Star Ball) od 1 do 10.<\/li>\n<li>K\u00fapte si \u010fal\u0161ie \u010d\u00edseln\u00e9 rady pre vy\u0161\u0161iu \u0161ancu na v\u00fdhru<\/li>\n<li><a href=\"https:\/\/jackpotlotteryonline.com\/sk\/vyherne-cisla\/lotto-america\">Zapojte sa do \u017erebovania<\/a> (m\u00f4\u017eete sa zapoji\u0165 do viac ako jedn\u00e9ho \u017erebovania)<\/li>\n<li>Zaregistrujte sa a zapla\u0165te za svoje pr\u00edspevky.<\/li>\n<\/ol>\n<h2>O \u010dom je slu\u017eba predplatn\u00e9ho?<\/h2>\n<p>Ak pou\u017e\u00edvate str\u00e1nku, ako je t\u00e1 na\u0161a, existuje tzv. slu\u017eba predplatn\u00e9ho, ktor\u00e1 umo\u017e\u0148uje bezprobl\u00e9mov\u00e9 a bezstresov\u00e9 st\u00e1vkovanie. Hoci je \u00faplne v poriadku by\u0165 jednorazov\u00fdm hr\u00e1\u010dom (ak to preferujete), v\u00e4\u010d\u0161ina st\u00e1vkuj\u00facich hr\u00e1 \u010dasto. Najlep\u0161\u00ed sp\u00f4sob, ako vyhra\u0165 Lotto America, je pravidelne vs\u00e1dza\u0165, a pr\u00e1ve o tom je t\u00e1to slu\u017eba.<\/p>\n<p>M\u00f4\u017eete si ju nastavi\u0165 tak, aby ste boli automaticky zaraden\u00ed do bud\u00facich \u017erebovan\u00ed. Lotto America m\u00e1 ka\u017ed\u00fd t\u00fd\u017ede\u0148 3 dni \u017erebovania: Pondelky, stredy a soboty. Povedzme si \u00faprimne, snaha nezabudn\u00fa\u0165 si k\u00fapi\u0165 tikety na ka\u017ed\u00e9 \u017erebovanie m\u00f4\u017ee by\u0165 trochu \u00fanavn\u00e1, ale pr\u00e1ve preto sme tu my.<\/p>\n<p>Po nastaven\u00ed slu\u017eby predplatn\u00e9ho si m\u00f4\u017eete odd\u00fdchnu\u0165 a vedie\u0165, \u017ee v\u00e1m neunikne \u017eiadne \u017erebovanie Lotto America.<\/p>\n<h2>O na\u0161ich slu\u017eb\u00e1ch concierge<\/h2>\n<p>Spomenuli sme nebezpe\u010denstv\u00e1, ktor\u00e9 hrozia pri pou\u017e\u00edvan\u00ed len tak hocijakej str\u00e1nky na internete na hranie hry Lotto America. Ako v\u0161ak viete, \u017ee vstupujete do programu Lotto America, ke\u010f hr\u00e1te na na\u0161ej str\u00e1nke? Je to jednoduch\u00e9. Pon\u00fakame slu\u017ebu, ktor\u00e1 v\u00e1m pom\u00f4\u017ee k\u00fapi\u0165 si tiket v krajine, kde sa lot\u00e9ria hr\u00e1. Takisto v\u00e1m u\u013eah\u010d\u00edme uplatnenie n\u00e1rokov, ke\u010f vyhr\u00e1te. V podstate n\u00e1s m\u00f4\u017eete pova\u017eova\u0165 za slu\u017ebu concierge pre hr\u00e1\u010dov lot\u00e9rie.<\/p>\n<p>Ke\u010f hr\u00e1te Lotto America na na\u0161ej str\u00e1nke, stane sa toto. Ke\u010f si vyberiete \u010d\u00edsla a vykon\u00e1te platbu, n\u00e1\u0161 agent v USA k\u00fapi fyzick\u00fd tiket s pou\u017eit\u00edm va\u0161ich \u010d\u00edsel. Ten bude samozrejme ur\u010den\u00fd pre vami vybran\u00e9 \u017erebovanie. Tento tiket sa potom naskenuje a nahr\u00e1 na va\u0161e konto.<\/p>\n<p>Toto je \u00faplne leg\u00e1lny sp\u00f4sob, ako hra\u0165 Lotto America z ktorejko\u013evek \u010dasti sveta. Okrem toho zaru\u010duje, \u017ee ste skuto\u010dne zaraden\u00ed do lot\u00e9rie pod\u013ea v\u00e1\u0161ho v\u00fdberu.<\/p>\n<h2>Kontrola v\u00fdkresov<\/h2>\n<p><img loading=\"lazy\" decoding=\"async\" class=\"alignright size-full wp-image-30506\" src=\"https:\/\/jackpotlotteryonline.com\/wp-content\/uploads\/2022\/11\/3_screen_buy_lotto_tickets_online.jpg\" alt=\"Lotto America \u010derp\u00e1\" width=\"300\" height=\"217\" \/><\/p>\n<p>Lotto America m\u00e1 tri \u010derpacie dni v t\u00fd\u017edni, pondelok, stredu a sobotu. Po\u010das \u017erebovania sa vyhlasuje v\u00fdhern\u00fd tiket. Ak chcete vyhra\u0165 jackpot, mus\u00ed sa v\u00e1\u0161 tiket zhodova\u0165 so \u0161iestimi vy\u017erebovan\u00fdmi \u010d\u00edslami. V\u00fdhry jackpotu Lotto America sa za\u010d\u00ednaj\u00fa na 2 mili\u00f3noch dol\u00e1rov a m\u00f4\u017eu sa preklopi\u0165, ak po \u017erebovan\u00ed nie je \u017eiadny v\u00fdherca.<\/p>\n<p>Ke\u010f\u017ee sa po ka\u017edom \u017erebovan\u00ed (ak nie je v\u00fdherca) preklop\u00ed, m\u00f4\u017ee dosiahnu\u0165 a\u017e 18 mili\u00f3nov dol\u00e1rov. To je slu\u0161n\u00e1 suma na v\u00fdhru, v\u0161ak?<\/p>\n<p>Po ka\u017edom \u017erebovan\u00ed m\u00f4\u017eete na na\u0161ej str\u00e1nke skontrolova\u0165, \u010di ste vyhrali cenu. Lotto America m\u00e1 9 r\u00f4znych v\u00fdhern\u00fdch kateg\u00f3ri\u00ed a ak vyhr\u00e1te niektor\u00fa z cien, po\u0161leme v\u00e1m upozor\u0148uj\u00faci e-mail.<\/p>\n<h2>Ako si uplatni\u0165 n\u00e1rok na v\u00fdhru<\/h2>\n<p>Jednou z ot\u00e1zok, ktor\u00fa \u010dasto po\u010d\u00favame od st\u00e1vkuj\u00facich, je, ako sa dosta\u0165 k svojim v\u00fdhram, ke\u010f vst\u00fapia do online hry Lotto America. Ak si k\u00fapite tikety do Lotto America prostredn\u00edctvom na\u0161ej str\u00e1nky, pon\u00fakame jednoduch\u00fd a bezprobl\u00e9mov\u00fd sp\u00f4sob, ako si uplatni\u0165 n\u00e1rok na v\u00fdhru. V\u00fdhry vo v\u00fd\u0161ke 2500 \u20ac v\u00e1m bud\u00fa prip\u00edsan\u00e9 na \u00fa\u010det a potom si ich m\u00f4\u017eete bez \u010fal\u0161\u00edch n\u00e1kladov vybra\u0165.<\/p>\n<p>Ak vyhr\u00e1te v\u00fdznamnej\u0161iu sumu, postup je trochu odli\u0161n\u00fd. Poskytneme v\u00e1m formul\u00e1r na uplatnenie n\u00e1roku, ktor\u00fd mus\u00edte vyplni\u0165, a ke\u010f tak urob\u00edte, n\u00e1rok za v\u00e1s spracujeme. D\u00f4vodom je, \u017ee sa budete musie\u0165 identifikova\u0165. Takisto niektor\u00e9 lot\u00e9riov\u00e9 spolo\u010dnosti m\u00f4\u017eu vy\u017eadova\u0165, aby ste sa dostavili osobne, ak chcete z\u00edska\u0165 vy\u0161\u0161ie sumy. Ak sa tak stane, okam\u017eite v\u00e1s budeme informova\u0165.<\/p>\n<h2>Nakupujte tikety na Lotto America s nami<\/h2>\n<p>Roky sme vyu\u017e\u00edvali modern\u00e9 technol\u00f3gie a \u0165a\u017eili z rozsiahlych sk\u00fasenost\u00ed, aby sme poskytli miesto, kde si st\u00e1vkuj\u00faci m\u00f4\u017eu bezpe\u010dne k\u00fapi\u0165 tikety. Na na\u0161ej str\u00e1nke si m\u00f4\u017eete jednoducho k\u00fapi\u0165 tikety na Lotto America alebo na ktor\u00fako\u013evek z medzin\u00e1rodn\u00fdch lot\u00e9ri\u00ed, ktor\u00e9 m\u00e1me k dispoz\u00edcii.<\/p>\n<p>Pre\u010do si u n\u00e1s nek\u00fapi\u0165 tiket e\u0161te dnes zadan\u00edm Lotto America? Postar\u00e1me sa o detaily, aby ste mohli robi\u0165 to, \u010do m\u00e1te najrad\u0161ej. Viac inform\u00e1ci\u00ed n\u00e1jdete na str\u00e1nke jackpotlotteryonline.com.<\/p>\n","protected":false},"excerpt":{"rendered":"<p>Chcete sa nau\u010di\u0165, ako vs\u00e1dza\u0165 na Lotto America odkia\u013eko\u013evek na svete? V USA s\u00fa jedny z najv\u00e4\u010d\u0161\u00edch lot\u00e9ri\u00ed na svete, ako napr\u00edklad Lotto America. Zauj\u00edmav\u00e9 je aj to, \u017ee toto loto je \u010dasto prehliadan\u00e9 v prospech svojich ove\u013ea v\u00e4\u010d\u0161\u00edch bratrancov, Powerball a Mega Millions. Existuj\u00fa v\u0161ak sk\u00fasen\u00ed st\u00e1vkari, ktor\u00ed vedia, ak\u00fd neuverite\u013en\u00fd je tento jackpot, [&hellip;]<\/p>\n","protected":false},"author":1,"featured_media":0,"parent":35719,"menu_order":13,"comment_status":"closed","ping_status":"closed","template":"lotto-america.php","meta":{"_et_pb_use_builder":"","_et_pb_old_content":"","_et_gb_content_width":"","exclude_from_search":false,"footnotes":""},"class_list":["post-39331","page","type-page","status-publish","hentry"],"yoast_head":"<!-- This site is optimized with the Yoast SEO plugin v23.3 - https:\/\/yoast.com\/wordpress\/plugins\/seo\/ -->\n<title>Hra\u0165 Lotto America online<\/title>\n<meta name=\"robots\" content=\"index, follow, max-snippet:-1, max-image-preview:large, max-video-preview:-1\" \/>\n<link rel=\"canonical\" href=\"https:\/\/jackpotlotteryonline.com\/sk\/ako-hrat\/lotto-america\/\" \/>\n<meta property=\"og:locale\" content=\"sk_SK\" \/>\n<meta property=\"og:type\" content=\"article\" \/>\n<meta property=\"og:title\" content=\"Hra\u0165 Lotto America online\" \/>\n<meta property=\"og:description\" content=\"Chcete sa nau\u010di\u0165, ako vs\u00e1dza\u0165 na Lotto America odkia\u013eko\u013evek na svete? V USA s\u00fa jedny z najv\u00e4\u010d\u0161\u00edch lot\u00e9ri\u00ed na svete, ako napr\u00edklad Lotto America. Zauj\u00edmav\u00e9 je aj to, \u017ee toto loto je \u010dasto prehliadan\u00e9 v prospech svojich ove\u013ea v\u00e4\u010d\u0161\u00edch bratrancov, Powerball a Mega Millions. Existuj\u00fa v\u0161ak sk\u00fasen\u00ed st\u00e1vkari, ktor\u00ed vedia, ak\u00fd neuverite\u013en\u00fd je tento jackpot, [&hellip;]\" \/>\n<meta property=\"og:url\" content=\"https:\/\/jackpotlotteryonline.com\/sk\/ako-hrat\/lotto-america\/\" \/>\n<meta property=\"og:site_name\" content=\"Lotto Online - Crack The International Lottery Jackpots\" \/>\n<meta property=\"article:modified_time\" content=\"2024-07-07T10:00:24+00:00\" \/>\n<meta property=\"og:image\" content=\"https:\/\/jackpotlotteryonline.com\/wp-content\/uploads\/2022\/11\/read1.jpg\" \/>\n<meta name=\"twitter:card\" content=\"summary_large_image\" \/>\n<meta name=\"twitter:label1\" content=\"Predpokladan\u00fd \u010das \u010d\u00edtania\" \/>\n\t<meta name=\"twitter:data1\" content=\"6 min\u00fat\" \/>\n<!-- \/ Yoast SEO plugin. -->","yoast_head_json":{"title":"Hra\u0165 Lotto America online","robots":{"index":"index","follow":"follow","max-snippet":"max-snippet:-1","max-image-preview":"max-image-preview:large","max-video-preview":"max-video-preview:-1"},"canonical":"https:\/\/jackpotlotteryonline.com\/sk\/ako-hrat\/lotto-america\/","og_locale":"sk_SK","og_type":"article","og_title":"Hra\u0165 Lotto America online","og_description":"Chcete sa nau\u010di\u0165, ako vs\u00e1dza\u0165 na Lotto America odkia\u013eko\u013evek na svete? V USA s\u00fa jedny z najv\u00e4\u010d\u0161\u00edch lot\u00e9ri\u00ed na svete, ako napr\u00edklad Lotto America. Zauj\u00edmav\u00e9 je aj to, \u017ee toto loto je \u010dasto prehliadan\u00e9 v prospech svojich ove\u013ea v\u00e4\u010d\u0161\u00edch bratrancov, Powerball a Mega Millions. Existuj\u00fa v\u0161ak sk\u00fasen\u00ed st\u00e1vkari, ktor\u00ed vedia, ak\u00fd neuverite\u013en\u00fd je tento jackpot, [&hellip;]","og_url":"https:\/\/jackpotlotteryonline.com\/sk\/ako-hrat\/lotto-america\/","og_site_name":"Lotto Online - Crack The International Lottery Jackpots","article_modified_time":"2024-07-07T10:00:24+00:00","og_image":[{"url":"https:\/\/jackpotlotteryonline.com\/wp-content\/uploads\/2022\/11\/read1.jpg"}],"twitter_card":"summary_large_image","twitter_misc":{"Predpokladan\u00fd \u010das \u010d\u00edtania":"6 min\u00fat"},"schema":{"@context":"https:\/\/schema.org","@graph":[{"@type":"WebPage","@id":"https:\/\/jackpotlotteryonline.com\/sk\/ako-hrat\/lotto-america\/","url":"https:\/\/jackpotlotteryonline.com\/sk\/ako-hrat\/lotto-america\/","name":"Hra\u0165 Lotto America online","isPartOf":{"@id":"https:\/\/jackpotlotteryonline.com\/#website"},"primaryImageOfPage":{"@id":"https:\/\/jackpotlotteryonline.com\/sk\/ako-hrat\/lotto-america\/#primaryimage"},"image":{"@id":"https:\/\/jackpotlotteryonline.com\/sk\/ako-hrat\/lotto-america\/#primaryimage"},"thumbnailUrl":"https:\/\/jackpotlotteryonline.com\/wp-content\/uploads\/2022\/11\/read1.jpg","datePublished":"2022-11-23T11:20:37+00:00","dateModified":"2024-07-07T10:00:24+00:00","breadcrumb":{"@id":"https:\/\/jackpotlotteryonline.com\/sk\/ako-hrat\/lotto-america\/#breadcrumb"},"inLanguage":"sk-SK","potentialAction":[{"@type":"ReadAction","target":["https:\/\/jackpotlotteryonline.com\/sk\/ako-hrat\/lotto-america\/"]}]},{"@type":"ImageObject","inLanguage":"sk-SK","@id":"https:\/\/jackpotlotteryonline.com\/sk\/ako-hrat\/lotto-america\/#primaryimage","url":"https:\/\/jackpotlotteryonline.com\/wp-content\/uploads\/2022\/11\/read1.jpg","contentUrl":"https:\/\/jackpotlotteryonline.com\/wp-content\/uploads\/2022\/11\/read1.jpg"},{"@type":"BreadcrumbList","@id":"https:\/\/jackpotlotteryonline.com\/sk\/ako-hrat\/lotto-america\/#breadcrumb","itemListElement":[{"@type":"ListItem","position":1,"name":"Home","item":"https:\/\/jackpotlotteryonline.com\/sk\/"},{"@type":"ListItem","position":2,"name":"Ako hra\u0165","item":"https:\/\/jackpotlotteryonline.com\/sk\/ako-hrat\/"},{"@type":"ListItem","position":3,"name":"Hra\u0165 Lotto America online"}]},{"@type":"WebSite","@id":"https:\/\/jackpotlotteryonline.com\/#website","url":"https:\/\/jackpotlotteryonline.com\/","name":"Lotto Online - Crack The International Lottery Jackpots","description":"","potentialAction":[{"@type":"SearchAction","target":{"@type":"EntryPoint","urlTemplate":"https:\/\/jackpotlotteryonline.com\/?s={search_term_string}"},"query-input":"required name=search_term_string"}],"inLanguage":"sk-SK"}]}},"_links":{"self":[{"href":"https:\/\/jackpotlotteryonline.com\/sk\/wp-json\/wp\/v2\/pages\/39331","targetHints":{"allow":["GET"]}}],"collection":[{"href":"https:\/\/jackpotlotteryonline.com\/sk\/wp-json\/wp\/v2\/pages"}],"about":[{"href":"https:\/\/jackpotlotteryonline.com\/sk\/wp-json\/wp\/v2\/types\/page"}],"author":[{"embeddable":true,"href":"https:\/\/jackpotlotteryonline.com\/sk\/wp-json\/wp\/v2\/users\/1"}],"replies":[{"embeddable":true,"href":"https:\/\/jackpotlotteryonline.com\/sk\/wp-json\/wp\/v2\/comments?post=39331"}],"version-history":[{"count":0,"href":"https:\/\/jackpotlotteryonline.com\/sk\/wp-json\/wp\/v2\/pages\/39331\/revisions"}],"up":[{"embeddable":true,"href":"https:\/\/jackpotlotteryonline.com\/sk\/wp-json\/wp\/v2\/pages\/35719"}],"wp:attachment":[{"href":"https:\/\/jackpotlotteryonline.com\/sk\/wp-json\/wp\/v2\/media?parent=39331"}],"curies":[{"name":"wp","href":"https:\/\/api.w.org\/{rel}","templated":true}]}}