{"id":39509,"date":"2022-11-28T06:03:39","date_gmt":"2022-11-28T06:03:39","guid":{"rendered":"https:\/\/jackpotlotteryonline.com\/?page_id=39509"},"modified":"2023-01-03T17:46:37","modified_gmt":"2023-01-03T17:46:37","slug":"mega-sena-2","status":"publish","type":"page","link":"https:\/\/jackpotlotteryonline.com\/sk\/ako-hrat\/mega-sena-2\/","title":{"rendered":"Hra\u0165 Mega-Sena lot\u00e9rie online"},"content":{"rendered":"<p>Chcete si k\u00fapi\u0165 tikety lot\u00e9rie Mega-Sena odkia\u013eko\u013evek na svete? Mega-Sena je najv\u00e4\u010d\u0161ia braz\u00edlska lot\u00e9ria, ktor\u00e1 funguje od roku 1996. Mili\u00f3ny fan\u00fa\u0161ikov lotto v Braz\u00edlii sa pred ka\u017ed\u00fdm \u017erebovan\u00edm pon\u00e1h\u013eaj\u00fa k\u00fapi\u0165 tikety Mega-Sena a teraz sa m\u00f4\u017eu do \u0161ance vyhra\u0165 mili\u00f3ny realov zapoji\u0165 aj hr\u00e1\u010di na celom svete.<\/p>\n<p>Jedn\u00fdm z d\u00f4vodov, pre\u010do je Mega-Sena tak\u00e1 popul\u00e1rna, je mo\u017eno aj to, \u017ee ju prev\u00e1dzkuje banka, ktor\u00e1 je najv\u00e4\u010d\u0161ou \u0161t\u00e1tnou bankou v Braz\u00edlii. Na k\u00fape tiketov do lot\u00e9rie, ktor\u00fa vlastn\u00ed banka, mus\u00ed by\u0165 nie\u010do upokojuj\u00face a spo\u013eahliv\u00e9.<\/p>\n<p>Pre t\u00fdch, ktor\u00ed \u017eij\u00fa mimo Braz\u00edlie, u\u017e \u00fa\u010das\u0165 v lot\u00e9rii Mega-Sena nie je nedosiahnute\u013enou t\u00fa\u017ebou. Bez oh\u013eadu na to, kde \u017eijete, m\u00f4\u017eete z\u00edska\u0165 pr\u00edstup k Mega-Sene, samozrejme, ak ste prekro\u010dili z\u00e1konn\u00fd vek. Ak chcete vedie\u0165, ako m\u00f4\u017eete z\u00edska\u0165 pr\u00edstup k braz\u00edlskym \u017erebom lot\u00e9rie, \u010d\u00edtajte \u010falej.<\/p>\n<p>Mega-Sena nie je jedin\u00e9 loto, ktor\u00e9 m\u00f4\u017eete hra\u0165 odkia\u013eko\u013evek. Nav\u0161t\u00edvte n\u00e1s na jackpotlotteryonline.com a dozviete sa viac o najlep\u0161\u00edch medzin\u00e1rodn\u00fdch lot\u00e9ri\u00e1ch, ku ktor\u00fdm m\u00f4\u017eete z\u00edska\u0165 pr\u00edstup.<\/p>\n<h2>Ako hra\u0165 Mega-Sena online<\/h2>\n<p>\u010ci u\u017e sa nach\u00e1dzate v Braz\u00edlii alebo na vzdialenom kontinente, Mega-Senu si m\u00f4\u017eete zahra\u0165. Sp\u00f4sob, ako to urobi\u0165, je <a href=\"https:\/\/jackpotlotteryonline.com\/sk\/kupit-vstupenky\/mega-sena\">k\u00fapi\u0165 si tikety online<\/a> prostredn\u00edctvom n\u00e1s. Pou\u017e\u00edvate\u013eom poskytujeme pr\u00edstup k lot\u00e9ri\u00e1m z cel\u00e9ho sveta vr\u00e1tane Mega-Seny. Ak pou\u017e\u00edvate na\u0161u str\u00e1nku na hranie Mega-Sena, poskytujeme v\u00e1m jednoduch\u00fd postup pre bezstresov\u00fd z\u00e1\u017eitok.<\/p>\n<p>Prv\u00fdm krokom je n\u00e1v\u0161teva na\u0161ej webovej str\u00e1nky, potom kliknite na odkaz na lot\u00e9riu Mega-Sena. Potom si mus\u00edte vybra\u0165 6 \u010d\u00edsel z rozsahu 1 a\u017e 60. Pre ka\u017ed\u00e9 \u017erebovanie si m\u00f4\u017eete vybra\u0165 a\u017e 6 s\u00faborov \u010d\u00edsel, aby ste zv\u00fd\u0161ili svoje \u0161ance na v\u00fdhru jackpotu. Po v\u00fdbere \u010d\u00edsel vyberte dni \u017erebovania a dokon\u010dite proces.<\/p>\n<p>Pri hran\u00ed online je nevyhnutn\u00e9 pou\u017e\u00edva\u0165 slu\u017ebu, ktor\u00e1 v\u00e1m umo\u017en\u00ed pr\u00edstup k Mega-Sene. Pozrite sa, ve\u013ea str\u00e1nok to s\u013eubuje, ale ke\u010f si pre\u010d\u00edtate drobn\u00e9 p\u00edsmo, zist\u00edte, \u017ee v\u00e1m umo\u017enia vsadi\u0165 len na v\u00fdsledok lota. Ak si k\u00fapite tikety Mega-Sena na na\u0161ej str\u00e1nke, zabezpe\u010d\u00edme, \u017ee budete zaraden\u00ed do Mega-Seny a ak v\u00e1\u0161 tiket zodpoved\u00e1 vy\u017erebovan\u00fdm \u010d\u00edslam, vyhr\u00e1te.<\/p>\n<h2>Ako vyhra\u0165 Mega-Senu<\/h2>\n<p><img loading=\"lazy\" decoding=\"async\" class=\"size-medium wp-image-28319 alignright\" src=\"http:\/\/jackpotlotteryonline.com\/wp-content\/uploads\/2022\/11\/1_mega_lottery_jackpot-300x207.jpg\" alt=\"Vyhrajte lot\u00e9riu Mega-Sena\" width=\"300\" height=\"207\" srcset=\"https:\/\/jackpotlotteryonline.com\/wp-content\/uploads\/2022\/11\/1_mega_lottery_jackpot-300x207.jpg 300w, https:\/\/jackpotlotteryonline.com\/wp-content\/uploads\/2022\/11\/1_mega_lottery_jackpot.jpg 320w\" sizes=\"auto, (max-width: 300px) 100vw, 300px\" \/><\/p>\n<p>Padaj\u00face peniaze. Lietaj\u00face zelen\u00e9 bankovky izolovan\u00e9 na bielom pozad\u00ed, ploch\u00e9 pe\u0148a\u017en\u00e9 konfety, koncept v\u00fdhry v lot\u00e9rii. Vektorov\u00e1 ilustr\u00e1cia banneru zar\u00e1banie pe\u0148az\u00ed na pozad\u00ed<\/p>\n<p><a href=\"https:\/\/jackpotlotteryonline.com\/sk\/vyherne-cisla\/mega-sena\">Vyhra\u0165 Mega-Senu znamen\u00e1<\/a>, \u017ee sa zhodujete s vy\u017erebovan\u00fdmi \u010d\u00edslami. V podstate ide o 6 \u010d\u00edsel, ktor\u00e9 sa losuj\u00fa n\u00e1hodne zo 60 mo\u017en\u00fdch \u010d\u00edsel. Ka\u017ed\u00fd tiket, ktor\u00fd sa zhoduje so 6 vy\u017erebovan\u00fdmi \u010d\u00edslami, vyhr\u00e1va jackpot.<\/p>\n<p>\u017drebovania Mega-Sena sa konaj\u00fa dvakr\u00e1t t\u00fd\u017edenne v stredu a v sobotu. Pri k\u00fape tiketov Mega-Sena si m\u00f4\u017eete vybra\u0165, do ktor\u00e9ho \u017erebovania sa zapoj\u00edte. M\u00f4\u017eete sa z\u00fa\u010dastni\u0165 aj viacer\u00fdch \u017erebovan\u00ed. To robia najlep\u0161\u00ed hr\u00e1\u010di, aby si zabezpe\u010dili \u010do najviac \u0161anc\u00ed na v\u00fdhru jackpotu.<\/p>\n<p>\u010eal\u0161ou v\u00fdhodou pou\u017e\u00edvania na\u0161ej str\u00e1nky je, \u017ee si m\u00f4\u017eete jednoducho nastavi\u0165 slu\u017ebu automatick\u00e9ho odberu na n\u00e1kup tiketov Mega-Sena. To znamen\u00e1, \u017ee nemus\u00edte ru\u010dne zad\u00e1va\u0165 ka\u017ed\u00e9 \u017erebovanie. Na tak\u00e9to veci sa \u013eahko zab\u00fada a mysl\u00edte na to, ako hrozne by ste sa c\u00edtili, keby ste sa nezapojili pr\u00e1ve do \u017erebovania, ktor\u00e9 ste mohli vyhra\u0165. Nastavte si to tak, aby ste boli automaticky prihl\u00e1sen\u00ed do ka\u017ed\u00e9ho \u017erebovania.<\/p>\n<h2>Jackpot Mega-Sena<\/h2>\n<p>Jackpotov\u00e1 v\u00fdhra za\u010d\u00edna na 3 mili\u00f3noch rupi\u00ed a ak po \u017erebovan\u00ed nie je \u017eiadny v\u00fdherca, zvy\u0161uje sa. A m\u00f4\u017ee nar\u00e1s\u0165 pomerne vysoko. \u0160anca na v\u00fdhru jackpotu je 1 k 50 mili\u00f3nom, \u010do je v porovnan\u00ed s in\u00fdmi \u0161pi\u010dkov\u00fdmi medzin\u00e1rodn\u00fdmi lot\u00e9riami naozaj dobr\u00e1 hodnota.<\/p>\n<p>Najv\u00e4\u010d\u0161\u00ed jackpot, ktor\u00fd niekto vyhral v Mega-Sene, bol pribli\u017ene 53 mili\u00f3nov eur. To je pod\u013ea v\u0161etk\u00fdch \u0161tandardov suma, ktor\u00e1 men\u00ed \u017eivot. A najvy\u0161\u0161\u00ed jackpot v hist\u00f3rii Mega-Seny bol neuverite\u013en\u00fdch 73 mili\u00f3nov eur.<\/p>\n<p>Aj ke\u010f jackpot Mega-Seny nedosahuje miliardov\u00e9 sumy, niet poch\u00fdb o tom, \u017ee hr\u00e1\u010d m\u00f4\u017ee v tejto lot\u00e9rii vyhra\u0165 ve\u013ek\u00e9 sumy. Ak ste o tejto lot\u00e9rii vy\u010dk\u00e1vali, teraz je ten spr\u00e1vny \u010das sko\u010di\u0165 a k\u00fapi\u0165 si tiket.<\/p>\n<h2>Ceny, ktor\u00e9 m\u00f4\u017eete vyhra\u0165<\/h2>\n<p>Ob\u0161\u00edrne sme hovorili o jackpote Mega-Sena, ktor\u00fd je najvy\u0161\u0161ou cenou, ktor\u00fa m\u00f4\u017ee ka\u017ed\u00fd hr\u00e1\u010d vyhra\u0165, ke\u010f sa z\u00fa\u010dastn\u00ed tejto lot\u00e9rie. Jackpot v\u0161ak nie je jedinou cenou, ktor\u00fa m\u00f4\u017eu fan\u00fa\u0161ikovia Mega-Seny vyhra\u0165.<\/p>\n<p>Mega-Sena m\u00e1 celkovo 3 v\u00fdhern\u00e9 \u00farovne vr\u00e1tane jackpotu. Je v\u0161ak trochu \u0165a\u017ek\u00e9 poveda\u0165, ko\u013eko presne bud\u00fa tieto v\u00fdhry predstavova\u0165, ke\u010f\u017ee na ka\u017ed\u00fa \u00farove\u0148 je vy\u010dlenen\u00e9 ur\u010dit\u00e9 percento z v\u00fdhern\u00e9ho fondu. Inform\u00e1cie o v\u00fdhern\u00fdch \u00farovniach n\u00e1jdete \u010falej.<\/p>\n<p>Jackpot &#8211; Sena: V\u00fdhra: 6 \u010d\u00edsel &#8211; 35 % z v\u00fdhern\u00e9ho fondu<\/p>\n<p>\u00darove\u0148 2 &#8211; Quina: 2. v\u00fdhern\u00e1 \u00farove\u0148: Quina &#8211; 5 \u010d\u00edsel &#8211; 19 % z v\u00fdhern\u00e9ho fondu<\/p>\n<p>\u00darove\u0148 3 &#8211; Quadra: Uhodnite 4 \u010d\u00edsla &#8211; 19 % z v\u00fdhern\u00e9ho fondu<\/p>\n<h2>Mega da virada<\/h2>\n<p>\u010co je mega da virada? Ak ste sa niekedy zauj\u00edmali o hru Mega-Sena, ur\u010dite ste narazili na mega da virada. Je to \u010fal\u0161ia hra alebo kateg\u00f3ria v\u00fdhier? Nu\u017e, nie je to ani jedno, ani druh\u00e9. Namiesto toho je s\u00fa\u010das\u0165ou lot\u00e9rie Mega-Sena, ale ide o \u0161peci\u00e1lne \u017erebovanie, ktor\u00e9 sa kon\u00e1 ka\u017ed\u00fd rok na Silvestra.<\/p>\n<p>Mega da virada je hra, ktor\u00e1 pri\u0165ahuje sk\u00fasen\u00fdch st\u00e1vkarov v\u0161ade na svete, preto\u017ee jackpot je zvy\u010dajne tak\u00fd vysok\u00fd. Jackpot pre rok 2022 je neuverite\u013en\u00fdch 450 mili\u00f3nov R$ a hovor\u00ed sa, \u017ee je to najv\u00e4\u010d\u0161ia v\u00fdhra v hist\u00f3rii Mega-Seny! Niet divu, \u017ee sa lotto nad\u0161enci pon\u00e1h\u013eaj\u00fa s n\u00e1kupom vstupov do tohto \u017erebovania.<\/p>\n<p>Do mega da virady sa m\u00f4\u017eete prihl\u00e1si\u0165 priamo tu na na\u0161ej str\u00e1nke. Nemus\u00edte prech\u00e1dza\u0165 obru\u010dami a slu\u010dkami, len aby ste sa mohli zapoji\u0165 do mega da virada. Prezrad\u00edme v\u00e1m tajomstvo: mega da virada je vlastne Mega-Sena, ale je to posledn\u00e9 \u017erebovanie v tomto roku. To je v\u0161etko. Zapojte sa teda do \u017erebovania Mega-Sena 31. decembra a z\u00edskajte \u0161ancu na ve\u013ek\u00fa v\u00fdhru.<\/p>\n<h2>Pravda o hran\u00ed lot\u00e9rie Mega-Sena online<\/h2>\n<p><img loading=\"lazy\" decoding=\"async\" class=\"alignright size-medium wp-image-32000\" src=\"http:\/\/jackpotlotteryonline.com\/wp-content\/uploads\/2022\/11\/1_mega_lotto_ticket-213x300.jpg\" alt=\"L\u00edstok do lot\u00e9rie Mega-Sena online\" width=\"213\" height=\"300\" srcset=\"https:\/\/jackpotlotteryonline.com\/wp-content\/uploads\/2022\/11\/1_mega_lotto_ticket-213x300.jpg 213w, https:\/\/jackpotlotteryonline.com\/wp-content\/uploads\/2022\/11\/1_mega_lotto_ticket.jpg 320w\" sizes=\"auto, (max-width: 213px) 100vw, 213px\" \/>Dobre, radi by sme v\u00e1m venovali nieko\u013eko min\u00fat a poskytli v\u00e1m nieko\u013eko tipov o hran\u00ed Mega-Seny na internete. Predt\u00fdm, ako si k\u00fapite tiket do lot\u00e9rie Mega-Sena, mus\u00edte si by\u0165 ist\u00ed, \u017ee sa do nej prihlasujete. Najlep\u0161ie je zisti\u0165, \u010di str\u00e1nka vystupuje ako sprostredkovate\u013e. To znamen\u00e1, \u017ee maj\u00fa agentov v Braz\u00edlii, ktor\u00ed bud\u00fa kupova\u0165 fyzick\u00e9 tikety Mega-Sena.<\/p>\n<p>\u010eal\u0161ia vec, ktor\u00fa si treba uvedomi\u0165 o tejto hre, je, \u017ee ide o hru s \u010d\u00edslami. V podstate v\u0161etko s\u00favis\u00ed s t\u00fdm, ak\u00e9 m\u00e1te \u0161\u0165astie. Existuje v\u0161ak nieko\u013eko sp\u00f4sobov, ako m\u00f4\u017eete \u0161\u0165astiu pom\u00f4c\u0165 a zv\u00fd\u0161i\u0165 svoje \u0161ance na v\u00fdhru. Jedn\u00fdm zo sp\u00f4sobov je zak\u00fapenie viacer\u00fdch vstupov.<\/p>\n<p>Mega-Sena m\u00e1 pre tipuj\u00facich naozaj dobr\u00e9 kurzy, tak\u017ee \u010d\u00edm viac tiketov si k\u00fapite, t\u00fdm vy\u0161\u0161ie s\u00fa va\u0161e \u0161ance na v\u00fdhru v lot\u00e9rii. To ist\u00e9 plat\u00ed aj pre \u00fa\u010das\u0165 vo viacer\u00fdch \u017erebovaniach. V\u017edy je dobr\u00fdm hern\u00fdm pl\u00e1nom zapoji\u0165 sa do viacer\u00fdch \u017erebovan\u00ed.<\/p>\n<h2>Pre\u010do by ste mali hra\u0165 lot\u00e9riu s nami<\/h2>\n<p>Existuje nieko\u013eko lot\u00e9riov\u00fdch str\u00e1nok, ktor\u00e9 v\u00e1m pon\u00fakaj\u00fa mo\u017enos\u0165 hra\u0165 lot\u00e9riu Mega-Sena. Pre\u010do by ste si mali vybra\u0165 rad\u0161ej n\u00e1s?<\/p>\n<ul>\n<li>Sme concierge str\u00e1nka s lot\u00e9riov\u00fdmi agentmi po celom svete. Ke\u010f si u n\u00e1s k\u00fapite tiket Mega-Sena, na\u0161i agenti v Braz\u00edlii k\u00fapia tiket s vami vybran\u00fdmi \u010d\u00edslami. T\u00fdm sa zabezpe\u010d\u00ed, \u017ee budete zaraden\u00ed do \u017erebovania Mega-Seny.<\/li>\n<li>V\u00fdhry (do ur\u010ditej v\u00fd\u0161ky) si m\u00f4\u017eete vybra\u0165 na na\u0161ej str\u00e1nke. Bez oh\u013eadu na to, ko\u013eko ste vyhrali, ne\u00fa\u010dtujeme si \u017eiadnu prov\u00edziu.<\/li>\n<li>Ke\u010f si k\u00fapite tikety na na\u0161ej str\u00e1nke, nemus\u00edte sa ob\u00e1va\u0165, \u017ee zme\u0161k\u00e1te \u017erebovanie. V\u00fdsledky \u017erebovania zverej\u0148ujeme na na\u0161ej str\u00e1nke a ak vyhr\u00e1te nejak\u00fa cenu, po\u0161leme v\u00e1m e-mail.<\/li>\n<li>Tu ste v bezpe\u010d\u00ed. Rob\u00edme v\u0161etko pre to, aby sme ochr\u00e1nili v\u00e1\u0161 tiket, tak\u017ee sa nikdy nemus\u00edte ob\u00e1va\u0165 straty tiketu.<\/li>\n<\/ul>\n<p>V podstate zak\u00fapenie \u017erebov od n\u00e1s znamen\u00e1, \u017ee si zabezpe\u010dujete svoj pokoj. Nechceme, aby ste si robili starosti s detailmi, preto to nechajte na n\u00e1s, zatia\u013e \u010do vy sa s\u00fastred\u00edte na to, \u010do je d\u00f4le\u017eit\u00e9.<\/p>\n<section class=\"layout\" style=\"border: solid 1px; width: 100%;\">\n<div class=\"img-div\" style=\"margin-top: 5px;\"><img decoding=\"async\" class=\"wp-image-17212 alignleft\" style=\"height: 45px; margin: 8px 8px 0px;\" src=\"http:\/\/jackpotlotteryonline.com\/wp-content\/uploads\/2022\/11\/read1.jpg\" alt=\"Pre\u010d\u00edtajte si \" width=\"\" height=\"\" \/><\/div>\n<div style=\"padding-left: 5px;\">\n<div style=\"font-size: 1.1em;\">\n<p><strong>Dane z v\u00fdhier v lot\u00e9rii<\/strong><\/p>\n<p style=\"font-size: 0.85em; margin-top: -1.5em;\">Mus\u00edm plati\u0165 dane z v\u00fdhier v lot\u00e9rii?\u00a0<a href=\"https:\/\/jackpotlotteryonline.com\/sk\/musim-platit-dane-z-vyhier-v-loterii\"> \u010d\u00edtaj viac<\/a><\/p>\n<\/div>\n<\/div>\n<\/section>\n<h2>Zaregistrujte sa u n\u00e1s a hrajte Mega-Sena online<\/h2>\n<p>Ste pripraven\u00ed vst\u00fapi\u0165 do lot\u00e9rie Mega-Sena? U\u017e nemus\u00edte h\u013eada\u0165 \u010falej, jednoducho sa u n\u00e1s zaregistrujte a m\u00f4\u017eete za\u010da\u0165. Po registr\u00e1cii z\u00edskate pr\u00edstup k najlep\u0161\u00edm medzin\u00e1rodn\u00fdm lot\u00e9ri\u00e1m vr\u00e1tane Mega-Sena. Najlep\u0161ie na tom je, \u017ee va\u0161e v\u00fdhry s\u00fa pri hre s nami bezpe\u010dn\u00e9; to, \u010do vyhr\u00e1te, si m\u00f4\u017eete vybra\u0165.<\/p>\n<p>S rados\u0165ou poskytujeme na\u0161im z\u00e1kazn\u00edkom nieko\u013eko mo\u017enost\u00ed. Pre\u010do sa obmedzova\u0165 len na jednu lot\u00e9riu, ke\u010f m\u00f4\u017eete hra\u0165 viac ako dve desiatky r\u00f4znych hier? Na na\u0161ej str\u00e1nke n\u00e1jdete \u0161pi\u010dkov\u00e9 hry ako US Powerball, La Primitiva a Eurojackpot. Do ka\u017edej hry na na\u0161ej str\u00e1nke sa d\u00e1 jednoducho vst\u00fapi\u0165.<\/p>\n<p>Je \u010das presta\u0165 sedie\u0165 na zadku. Ak to s ve\u013ek\u00fdmi v\u00fdhrami mysl\u00edte v\u00e1\u017ene, zaregistrujte sa a vst\u00fapte do Mega-Seny e\u0161te dnes. Najbli\u017e\u0161ie \u017erebovanie by mohlo by\u0165 \u0161\u0165ast\u00edm, na ktor\u00e9 ste \u010dakali. Prejdite teraz na na\u0161u str\u00e1nku a vyberte si z ve\u013ek\u00e9ho mno\u017estva lot\u00e9ri\u00ed. Nezabudnite si dopredu napl\u00e1nova\u0165 mega da vira.<\/p>\n","protected":false},"excerpt":{"rendered":"<p>Chcete si k\u00fapi\u0165 tikety lot\u00e9rie Mega-Sena odkia\u013eko\u013evek na svete? Mega-Sena je najv\u00e4\u010d\u0161ia braz\u00edlska lot\u00e9ria, ktor\u00e1 funguje od roku 1996. Mili\u00f3ny fan\u00fa\u0161ikov lotto v Braz\u00edlii sa pred ka\u017ed\u00fdm \u017erebovan\u00edm pon\u00e1h\u013eaj\u00fa k\u00fapi\u0165 tikety Mega-Sena a teraz sa m\u00f4\u017eu do \u0161ance vyhra\u0165 mili\u00f3ny realov zapoji\u0165 aj hr\u00e1\u010di na celom svete. Jedn\u00fdm z d\u00f4vodov, pre\u010do je Mega-Sena tak\u00e1 popul\u00e1rna, [&hellip;]<\/p>\n","protected":false},"author":1,"featured_media":0,"parent":35719,"menu_order":15,"comment_status":"closed","ping_status":"closed","template":"megasena.php","meta":{"_et_pb_use_builder":"","_et_pb_old_content":"","_et_gb_content_width":"","exclude_from_search":false,"footnotes":""},"class_list":["post-39509","page","type-page","status-publish","hentry"],"yoast_head":"<!-- This site is optimized with the Yoast SEO plugin v23.3 - https:\/\/yoast.com\/wordpress\/plugins\/seo\/ -->\n<title>K\u00fapte si vstupenky Mega-Sena online<\/title>\n<meta name=\"description\" content=\"L\u00edstky do lot\u00e9rie Mega-Sena si m\u00f4\u017eete k\u00fapi\u0165 online. Zozn\u00e1mte sa s t\u00fdm, ako hra\u0165 a vyplati\u0165 v\u00fdhry pr\u00e1ve tu.\" \/>\n<meta name=\"robots\" content=\"index, follow, max-snippet:-1, max-image-preview:large, max-video-preview:-1\" \/>\n<link rel=\"canonical\" href=\"https:\/\/jackpotlotteryonline.com\/sk\/ako-hrat\/mega-sena-2\/\" \/>\n<meta property=\"og:locale\" content=\"sk_SK\" \/>\n<meta property=\"og:type\" content=\"article\" \/>\n<meta property=\"og:title\" content=\"K\u00fapte si vstupenky Mega-Sena online\" \/>\n<meta property=\"og:description\" content=\"L\u00edstky do lot\u00e9rie Mega-Sena si m\u00f4\u017eete k\u00fapi\u0165 online. Zozn\u00e1mte sa s t\u00fdm, ako hra\u0165 a vyplati\u0165 v\u00fdhry pr\u00e1ve tu.\" \/>\n<meta property=\"og:url\" content=\"https:\/\/jackpotlotteryonline.com\/sk\/ako-hrat\/mega-sena-2\/\" \/>\n<meta property=\"og:site_name\" content=\"Lotto Online - Crack The International Lottery Jackpots\" \/>\n<meta property=\"article:modified_time\" content=\"2023-01-03T17:46:37+00:00\" \/>\n<meta property=\"og:image\" content=\"http:\/\/jackpotlotteryonline.com\/wp-content\/uploads\/2022\/11\/1_mega_lottery_jackpot-300x207.jpg\" \/>\n<meta name=\"twitter:card\" content=\"summary_large_image\" \/>\n<meta name=\"twitter:label1\" content=\"Predpokladan\u00fd \u010das \u010d\u00edtania\" \/>\n\t<meta name=\"twitter:data1\" content=\"7 min\u00fat\" \/>\n<!-- \/ Yoast SEO plugin. -->","yoast_head_json":{"title":"K\u00fapte si vstupenky Mega-Sena online","description":"L\u00edstky do lot\u00e9rie Mega-Sena si m\u00f4\u017eete k\u00fapi\u0165 online. Zozn\u00e1mte sa s t\u00fdm, ako hra\u0165 a vyplati\u0165 v\u00fdhry pr\u00e1ve tu.","robots":{"index":"index","follow":"follow","max-snippet":"max-snippet:-1","max-image-preview":"max-image-preview:large","max-video-preview":"max-video-preview:-1"},"canonical":"https:\/\/jackpotlotteryonline.com\/sk\/ako-hrat\/mega-sena-2\/","og_locale":"sk_SK","og_type":"article","og_title":"K\u00fapte si vstupenky Mega-Sena online","og_description":"L\u00edstky do lot\u00e9rie Mega-Sena si m\u00f4\u017eete k\u00fapi\u0165 online. Zozn\u00e1mte sa s t\u00fdm, ako hra\u0165 a vyplati\u0165 v\u00fdhry pr\u00e1ve tu.","og_url":"https:\/\/jackpotlotteryonline.com\/sk\/ako-hrat\/mega-sena-2\/","og_site_name":"Lotto Online - Crack The International Lottery Jackpots","article_modified_time":"2023-01-03T17:46:37+00:00","og_image":[{"url":"http:\/\/jackpotlotteryonline.com\/wp-content\/uploads\/2022\/11\/1_mega_lottery_jackpot-300x207.jpg"}],"twitter_card":"summary_large_image","twitter_misc":{"Predpokladan\u00fd \u010das \u010d\u00edtania":"7 min\u00fat"},"schema":{"@context":"https:\/\/schema.org","@graph":[{"@type":"WebPage","@id":"https:\/\/jackpotlotteryonline.com\/sk\/ako-hrat\/mega-sena-2\/","url":"https:\/\/jackpotlotteryonline.com\/sk\/ako-hrat\/mega-sena-2\/","name":"K\u00fapte si vstupenky Mega-Sena online","isPartOf":{"@id":"https:\/\/jackpotlotteryonline.com\/#website"},"primaryImageOfPage":{"@id":"https:\/\/jackpotlotteryonline.com\/sk\/ako-hrat\/mega-sena-2\/#primaryimage"},"image":{"@id":"https:\/\/jackpotlotteryonline.com\/sk\/ako-hrat\/mega-sena-2\/#primaryimage"},"thumbnailUrl":"http:\/\/jackpotlotteryonline.com\/wp-content\/uploads\/2022\/11\/1_mega_lottery_jackpot-300x207.jpg","datePublished":"2022-11-28T06:03:39+00:00","dateModified":"2023-01-03T17:46:37+00:00","description":"L\u00edstky do lot\u00e9rie Mega-Sena si m\u00f4\u017eete k\u00fapi\u0165 online. Zozn\u00e1mte sa s t\u00fdm, ako hra\u0165 a vyplati\u0165 v\u00fdhry pr\u00e1ve tu.","breadcrumb":{"@id":"https:\/\/jackpotlotteryonline.com\/sk\/ako-hrat\/mega-sena-2\/#breadcrumb"},"inLanguage":"sk-SK","potentialAction":[{"@type":"ReadAction","target":["https:\/\/jackpotlotteryonline.com\/sk\/ako-hrat\/mega-sena-2\/"]}]},{"@type":"ImageObject","inLanguage":"sk-SK","@id":"https:\/\/jackpotlotteryonline.com\/sk\/ako-hrat\/mega-sena-2\/#primaryimage","url":"http:\/\/jackpotlotteryonline.com\/wp-content\/uploads\/2022\/11\/1_mega_lottery_jackpot-300x207.jpg","contentUrl":"http:\/\/jackpotlotteryonline.com\/wp-content\/uploads\/2022\/11\/1_mega_lottery_jackpot-300x207.jpg"},{"@type":"BreadcrumbList","@id":"https:\/\/jackpotlotteryonline.com\/sk\/ako-hrat\/mega-sena-2\/#breadcrumb","itemListElement":[{"@type":"ListItem","position":1,"name":"Home","item":"https:\/\/jackpotlotteryonline.com\/sk\/"},{"@type":"ListItem","position":2,"name":"Ako hra\u0165","item":"https:\/\/jackpotlotteryonline.com\/sk\/ako-hrat\/"},{"@type":"ListItem","position":3,"name":"Hra\u0165 Mega-Sena lot\u00e9rie online"}]},{"@type":"WebSite","@id":"https:\/\/jackpotlotteryonline.com\/#website","url":"https:\/\/jackpotlotteryonline.com\/","name":"Lotto Online - Crack The International Lottery Jackpots","description":"","potentialAction":[{"@type":"SearchAction","target":{"@type":"EntryPoint","urlTemplate":"https:\/\/jackpotlotteryonline.com\/?s={search_term_string}"},"query-input":"required name=search_term_string"}],"inLanguage":"sk-SK"}]}},"_links":{"self":[{"href":"https:\/\/jackpotlotteryonline.com\/sk\/wp-json\/wp\/v2\/pages\/39509","targetHints":{"allow":["GET"]}}],"collection":[{"href":"https:\/\/jackpotlotteryonline.com\/sk\/wp-json\/wp\/v2\/pages"}],"about":[{"href":"https:\/\/jackpotlotteryonline.com\/sk\/wp-json\/wp\/v2\/types\/page"}],"author":[{"embeddable":true,"href":"https:\/\/jackpotlotteryonline.com\/sk\/wp-json\/wp\/v2\/users\/1"}],"replies":[{"embeddable":true,"href":"https:\/\/jackpotlotteryonline.com\/sk\/wp-json\/wp\/v2\/comments?post=39509"}],"version-history":[{"count":0,"href":"https:\/\/jackpotlotteryonline.com\/sk\/wp-json\/wp\/v2\/pages\/39509\/revisions"}],"up":[{"embeddable":true,"href":"https:\/\/jackpotlotteryonline.com\/sk\/wp-json\/wp\/v2\/pages\/35719"}],"wp:attachment":[{"href":"https:\/\/jackpotlotteryonline.com\/sk\/wp-json\/wp\/v2\/media?parent=39509"}],"curies":[{"name":"wp","href":"https:\/\/api.w.org\/{rel}","templated":true}]}}