{"id":39561,"date":"2022-11-28T07:39:15","date_gmt":"2022-11-28T07:39:15","guid":{"rendered":"https:\/\/jackpotlotteryonline.com\/?page_id=39561"},"modified":"2023-01-03T18:08:34","modified_gmt":"2023-01-03T18:08:34","slug":"powerball-australia","status":"publish","type":"page","link":"https:\/\/jackpotlotteryonline.com\/sk\/ako-hrat\/powerball-australia\/","title":{"rendered":"hra\u0165 Powerball Austr\u00e1lia online"},"content":{"rendered":"<p>Existuje d\u00f4vod, pre\u010do sa nad\u0161enci lot\u00e9rie na celom svete pon\u00e1h\u013eaj\u00fa hra\u0165 austr\u00e1lsky Powerball. Rok 2022 bol rokom mega jackpotov a boli sme svedkami toho, ako nieko\u013eko hr\u00e1\u010dov vyhralo mili\u00f3ny dol\u00e1rov z medzin\u00e1rodn\u00fdch lot\u00e9ri\u00ed. Powerball AU pritom nebol v\u00fdnimkou, ke\u010f\u017ee v okt\u00f3bri 2022 padol v\u00f4bec najvy\u0161\u0161\u00ed jackpot vo v\u00fd\u0161ke 160 mili\u00f3nov austr\u00e1lskych dol\u00e1rov. V\u010faka nieko\u013ek\u00fdm ve\u013ek\u00fdm jackpotom, ktor\u00e9 vyhrali majitelia jednotliv\u00fdch tiketov, by ste mali zv\u00e1\u017ei\u0165 hranie tejto lot\u00e9rie Powerball.<\/p>\n<p>Zauj\u00edmavos\u0165ou je, \u017ee t\u00e1to hra Powerball je tu u\u017e nejak\u00fd \u010das. Prv\u00e9 \u017erebovanie sa uskuto\u010dnilo 23. m\u00e1ja 1996, tak\u017ee m\u00e1 u\u017e 25 rokov. Je pravda, \u017ee v porovnan\u00ed s lot\u00e9riami, ako je \u0161panielska La Primitiva, je Oz Powerball prakticky b\u00e1b\u00e4tko. (La Primitiva bola zalo\u017een\u00e1 v roku 1763 a do tejto lot\u00e9rie sa m\u00f4\u017eete prihl\u00e1si\u0165 na str\u00e1nke jackpotlotteryonline.com).<\/p>\n<p>U\u017e 25 rokov si Oz Powerball udr\u017eiava poves\u0165 lot\u00e9rie so \u0161tedr\u00fdmi v\u00fdhrami a nad\u0161en\u00fdmi fan\u00fa\u0161ikmi. Predt\u00fdm sa do nej mohli zapoji\u0165 len hr\u00e1\u010di, ktor\u00ed \u017eili na kontinente. Teraz m\u00f4\u017eu hr\u00e1\u010di z cel\u00e9ho sveta hra\u0165 Powerball AU online z pohodlia svojich po\u010d\u00edta\u010dov alebo mobiln\u00fdch zariaden\u00ed. \u010c\u00edtajte \u010falej a dozviete sa, ako m\u00f4\u017eete hra\u0165 t\u00fato lot\u00e9riu online.<\/p>\n<h2>Ako hra\u0165 Powerball Australia<\/h2>\n<p><img loading=\"lazy\" decoding=\"async\" class=\"alignright size-full wp-image-26402\" src=\"https:\/\/jackpotlotteryonline.com\/wp-content\/uploads\/2022\/11\/1_buy_online_ticket_powerball.jpg\" alt=\"Hra\u0165 Powerball Australia online\" width=\"300\" height=\"194\" \/><\/p>\n<p>Jednou z \u00fa\u017easn\u00fdch vec\u00ed na tejto lot\u00e9rii je, \u017ee m\u00e1 ve\u013ek\u00e9 \u0161ance. \u0160anca na v\u00fdhru jackpotu je 1 ku pribli\u017ene 76 mili\u00f3nom. Existuje v\u0161ak nieko\u013eko \u010fal\u0161\u00edch rozdelen\u00ed a tie maj\u00fa fantastick\u00e9 \u0161ance.<\/p>\n<p>Ak chcete hra\u0165 t\u00fato lot\u00e9riu Powerball, budete si musie\u0165 vybra\u0165 7 \u010d\u00edsel od 1 do 35 a \u010d\u00edslo Powerball od 1 do 20. To je spolu 8 \u010d\u00edsel pre ka\u017ed\u00fd riadok. Upozor\u0148ujeme, \u017ee m\u00f4\u017eete zada\u0165 aj viacero l\u00edni\u00ed, aby ste zv\u00fd\u0161ili svoje \u0161ance na v\u00fdhru v lot\u00e9rii. \u010c\u00edm viac riadkov zad\u00e1te, t\u00fdm vy\u0161\u0161ie s\u00fa va\u0161e \u0161ance na v\u00fdhru.<\/p>\n<p>Po v\u00fdbere \u010d\u00edsel je \u010fal\u0161\u00edm krokom zadanie \u017erebovania. T\u00e1to lot\u00e9ria m\u00e1 len jeden de\u0148 \u017erebovania, a to ka\u017ed\u00fd \u0161tvrtok ve\u010der. Ako si viete predstavi\u0165, \u0161tvrtkov\u00e9 ve\u010dery s\u00fa pre tipuj\u00facich v r\u00e1mci kontinentu pln\u00e9 vzru\u0161enia. K tomuto vzru\u0161eniu sa m\u00f4\u017eete pripoji\u0165 aj vy, a to hran\u00edm hry Powerball.<\/p>\n<h2>Pre\u010do pr\u00e1ve Powerball v Austr\u00e1lii?<\/h2>\n<p>To je naozaj dobr\u00e1 ot\u00e1zka. V\u010faka internetu maj\u00fa lot\u00e9riov\u00ed nad\u0161enci na celom svete k dispoz\u00edcii ve\u013ek\u00e9 mno\u017estvo lot\u00e9ri\u00ed, do ktor\u00fdch sa m\u00f4\u017eu zapoji\u0165. Pre\u010do by ste mali zv\u00e1\u017ei\u0165 hranie lot\u00e9rie Powerball v Oz? V podstate s touto lot\u00e9riou m\u00e1te \u0161ancu vyhra\u0165 mili\u00f3ny bez toho, aby ste \u010delili neuverite\u013ene vysok\u00fdm \u0161anciam.<\/p>\n<p>Probl\u00e9mom mnoh\u00fdch in\u00fdch popul\u00e1rnej\u0161\u00edch lot\u00e9ri\u00ed v in\u00fdch \u010dastiach sveta je vysok\u00e1 pravdepodobnos\u0165. Vezmite si napr\u00edklad americk\u00fa lot\u00e9riu Powerball, v ktorej je \u0161anca na v\u00fdhru 1 ku viac ako 200 mili\u00f3nom. V porovnan\u00ed so \u0161ancou 1 k 76 mili\u00f3nom v Oz Powerball je jasn\u00e9, pre\u010do sa ve\u013ea st\u00e1vkuj\u00facich prikl\u00e1\u0148a k tejto lot\u00e9rii.<\/p>\n<section class=\"layout\" style=\"border: solid 1px; width: 100%;\">\n<div class=\"img-div\" style=\"margin-top: 5px;\"><img decoding=\"async\" class=\"wp-image-17212 alignleft\" style=\"height: 45px; margin: 8px 8px 0px;\" src=\"https:\/\/jackpotlotteryonline.com\/wp-content\/uploads\/2022\/11\/read1.jpg\" alt=\"Pre\u010d\u00edtajte si \" width=\"\" height=\"\" \/><\/div>\n<div style=\"padding-left: 5px;\">\n<div style=\"font-size: 1.1em;\">\n<p><strong>Loterijn\u00e9 podvody, o ktor\u00fdch by ste mali vedie\u0165<\/strong><\/p>\n<p style=\"font-size: 0.85em; margin-top: -1.5em;\">Nenechajte sa chyti\u0165 do lot\u00e9riov\u00fdch pasc\u00ed\u00a0 <a href=\"https:\/\/jackpotlotteryonline.com\/sk\/pozor-na-online-loterie-podvody\"> \u010d\u00edtaj viac<\/a><\/p>\n<\/div>\n<\/div>\n<\/section>\n<h2>Powerball Austr\u00e1lia vs. Powerball USA: v \u010dom je rozdiel?<\/h2>\n<p>Je v\u0161ak medzi Oz a US Powerball nejak\u00fd rozdiel? Prv\u00fdm a najzjavnej\u0161\u00edm rozdielom je v\u00fd\u0161ka jackpotov. Na svete je len ve\u013emi m\u00e1lo jackpotov, ktor\u00e9 sa svojou ve\u013ekos\u0165ou m\u00f4\u017eu porovn\u00e1va\u0165 s americkou lot\u00e9riou Powerball. Ned\u00e1vno dosiahol hranicu 2 mili\u00e1rd USD. Ak hr\u00e1te Oz Powerball, nedostanete ani z\u010faleka to\u013eko.<\/p>\n<p>Aj v pr\u00edpade americkej verzie sa pohybuje v rozmedz\u00ed od 1 do 69. To znamen\u00e1, \u017ee zo suda so 69 lopti\u010dkami sa vylosuje 5 lopti\u010diek. Verzia OZ m\u00e1 7 \u010d\u00edsel, ktor\u00e9 sa \u017erebuj\u00fa zo suda s iba 35 lopti\u010dkami. Aj Powerball v USA sa \u017erebuje zo suda s 26 lopti\u010dkami, zatia\u013e \u010do v Austr\u00e1lii je to 20 lopti\u010diek.<\/p>\n<p>Ak chcete lot\u00e9riu, v ktorej m\u00f4\u017eete pr\u00edpadne vyhra\u0165 mili\u00f3ny bez toho, aby ste sa museli zaobera\u0165 vysokou pravdepodobnos\u0165ou, mali by ste hra\u0165 austr\u00e1lsku Powerball.<\/p>\n<h2>Hranie online<\/h2>\n<p>Tak\u017ee teraz, ke\u010f u\u017e viete, \u017ee Oz Powerball m\u00f4\u017eete hra\u0165 odkia\u013eko\u013evek, tu je n\u00e1vod, ako to urobi\u0165.<\/p>\n<ul>\n<li>Prv\u00fdm krokom je nav\u0161t\u00edvi\u0165 predajcu lot\u00e9rie, ako je jackpotlotteryonline.com, a prejs\u0165 na str\u00e1nku Australian Powerball.<\/li>\n<li>Potom si vyberte \u010d\u00edsla (na n\u00e1hodn\u00fd v\u00fdber \u010d\u00edsel m\u00f4\u017eete pou\u017ei\u0165 automatick\u00fd gener\u00e1tor \u010d\u00edsel).<\/li>\n<li><a href=\"https:\/\/jackpotlotteryonline.com\/sk\/vyherne-cisla\/powerball-australia\">Vst\u00fapte do \u017erebovania<\/a> a dokon\u010dite proces<\/li>\n<li>V\u00fdhra jackpotu<\/li>\n<\/ul>\n<p>\u017drebovanie sa kon\u00e1 raz t\u00fd\u017edenne vo \u0161tvrtok. Ke\u010f sa teda prihl\u00e1site do \u017erebovania, \u010fal\u0161\u00edm krokom je po\u010dka\u0165 na v\u00fdsledky. Jackpot vyhr\u00e1va ka\u017ed\u00fd tiket, ktor\u00fd sa zhoduje s 8 vy\u017erebovan\u00fdmi \u010d\u00edslami.<\/p>\n<p>Za zhodu r\u00f4znych \u010d\u00edsel s\u00fa k dispoz\u00edcii \u010fal\u0161ie ceny vr\u00e1tane ceny za zhodu len 2 \u010d\u00edsel a bonusov\u00e9ho \u010d\u00edsla.<\/p>\n<h2>Ceny, ktor\u00e9 m\u00f4\u017eete vyhra\u0165<\/h2>\n<p><img loading=\"lazy\" decoding=\"async\" class=\"alignright size-medium wp-image-19277\" src=\"https:\/\/jackpotlotteryonline.com\/wp-content\/uploads\/2022\/10\/2_ticket_powerball_au2-163x300.jpg\" alt=\"Skenovanie lot\u00e9rie\" width=\"163\" height=\"300\" srcset=\"https:\/\/jackpotlotteryonline.com\/wp-content\/uploads\/2022\/10\/2_ticket_powerball_au2-163x300.jpg 163w, https:\/\/jackpotlotteryonline.com\/wp-content\/uploads\/2022\/10\/2_ticket_powerball_au2.jpg 250w\" sizes=\"auto, (max-width: 163px) 100vw, 163px\" \/><\/p>\n<p>Ke\u010f hr\u00e1te lot\u00e9riu, existuje celkom 9 v\u00fdhern\u00fdch div\u00edzi\u00ed.<\/p>\n<p>Div\u00edzia 1: 7 \u010d\u00edsel + bonusov\u00e9 \u010d\u00edslo &#8211; jackpot (v priemere 8 mili\u00f3nov austr\u00e1lskych dol\u00e1rov)<\/p>\n<p>Div\u00edzia 2: len 7 \u010d\u00edsel<\/p>\n<p>Div\u00edzia 3: 6 \u010d\u00edsel + bonusov\u00e9 \u010d\u00edslo<\/p>\n<p>Div\u00edzia 4: len 6 \u010d\u00edsel<\/p>\n<p>Div\u00edzia 5: 5 \u010d\u00edsel + bonusov\u00e9 \u010d\u00edslo<\/p>\n<p>Div\u00edzia 6: len 5 \u010d\u00edsel<\/p>\n<p>Div\u00edzia 7: 4 \u010d\u00edsla + bonusov\u00e9 \u010d\u00edslo<\/p>\n<p>Div\u00edzia 8: 3 \u010d\u00edsla + bonusov\u00e9 \u010d\u00edslo<\/p>\n<p>Div\u00edzia 9: 2 \u010d\u00edsla + bonusov\u00e9 \u010d\u00edslo<\/p>\n<p>Ceny pridelen\u00e9 jednotliv\u00fdm div\u00edzi\u00e1m predstavuj\u00fa percentu\u00e1lny podiel z v\u00fdhern\u00e9ho fondu. \u010c\u00edm vy\u0161\u0161ia je teda v\u00fdhern\u00e1 suma, t\u00fdm viac pe\u0148az\u00ed pripad\u00e1 na jednotliv\u00e9 div\u00edzie. V\u00fdhry v div\u00edzii 2 dosahuj\u00fa a\u017e 800 000 austr\u00e1lskych dol\u00e1rov.<\/p>\n<h2>K\u00fapte si losy online<\/h2>\n<p>Ak ste fan\u00fa\u0161ikom lot\u00e9rie, teraz m\u00f4\u017eete hra\u0165 lot\u00e9riu online prostredn\u00edctvom na\u0161ej str\u00e1nky. Na\u0161im z\u00e1kazn\u00edkom tento proces u\u013eah\u010dujeme t\u00fdm, \u017ee poskytujeme v\u0161etko potrebn\u00e9 na jednom mieste. M\u00f4\u017eete si teda k\u00fapi\u0165 tikety, skontrolova\u0165 v\u00fdsledky a v pr\u00edpade v\u00fdhry si vyzdvihn\u00fa\u0165 v\u00fdhru priamo na na\u0161ej str\u00e1nke.<\/p>\n<p>M\u00e1me nieko\u013eko mo\u017enost\u00ed, ktor\u00e9 m\u00f4\u017eete vyu\u017ei\u0165 na<a href=\"https:\/\/jackpotlotteryonline.com\/sk\/kupit-vstupenky\/powerball-australia\"> zaplatenie svojich \u017erebov<\/a>. M\u00f4\u017eete si tie\u017e nastavi\u0165 svoj \u00fa\u010det tak, aby ste boli automaticky prihl\u00e1sen\u00ed do nieko\u013ek\u00fdch \u017erebovan\u00ed vopred. Na\u0161i z\u00e1kazn\u00edci si m\u00f4\u017eu u\u017e\u00edva\u0165 luxus, \u017ee nemusia kontrolova\u0165 v\u00fdsledky \u017erebovania, preto\u017ee v\u00e1m d\u00e1me vedie\u0165, ak nie\u010do vyhr\u00e1te.<\/p>\n<p>A napokon, ke\u010f si u n\u00e1s k\u00fapite \u017ereb, m\u00e1te istotu, \u017ee hr\u00e1te lot\u00e9riu pod\u013ea svojho v\u00fdberu. Je to preto, \u017ee m\u00e1me agentov v r\u00f4znych krajin\u00e1ch, ktor\u00ed k\u00fapia fyzick\u00fd tiket s va\u0161imi pr\u00edslu\u0161n\u00fdmi \u010d\u00edslami. Takto nemus\u00edte by\u0165 fyzicky v danej krajine, aby ste mohli hra\u0165 lot\u00e9riu. Pokra\u010dujte a hrajte Powerball Australia teraz.<\/p>\n","protected":false},"excerpt":{"rendered":"<p>Existuje d\u00f4vod, pre\u010do sa nad\u0161enci lot\u00e9rie na celom svete pon\u00e1h\u013eaj\u00fa hra\u0165 austr\u00e1lsky Powerball. Rok 2022 bol rokom mega jackpotov a boli sme svedkami toho, ako nieko\u013eko hr\u00e1\u010dov vyhralo mili\u00f3ny dol\u00e1rov z medzin\u00e1rodn\u00fdch lot\u00e9ri\u00ed. Powerball AU pritom nebol v\u00fdnimkou, ke\u010f\u017ee v okt\u00f3bri 2022 padol v\u00f4bec najvy\u0161\u0161\u00ed jackpot vo v\u00fd\u0161ke 160 mili\u00f3nov austr\u00e1lskych dol\u00e1rov. V\u010faka nieko\u013ek\u00fdm ve\u013ek\u00fdm [&hellip;]<\/p>\n","protected":false},"author":1,"featured_media":0,"parent":35719,"menu_order":17,"comment_status":"closed","ping_status":"closed","template":"powerball-au.php","meta":{"_et_pb_use_builder":"","_et_pb_old_content":"","_et_gb_content_width":"","exclude_from_search":false,"footnotes":""},"class_list":["post-39561","page","type-page","status-publish","hentry"],"yoast_head":"<!-- This site is optimized with the Yoast SEO plugin v23.3 - https:\/\/yoast.com\/wordpress\/plugins\/seo\/ -->\n<title>Zahrajte si Powerball Australia z miesta mimo Austr\u00e1lie<\/title>\n<meta name=\"description\" content=\"Nemus\u00edte \u017ei\u0165 v Austr\u00e1lii, aby ste mohli hra\u0165 Powerball Australia. Zistite, ako hra\u0165 online.\" \/>\n<meta name=\"robots\" content=\"index, follow, max-snippet:-1, max-image-preview:large, max-video-preview:-1\" \/>\n<link rel=\"canonical\" href=\"https:\/\/jackpotlotteryonline.com\/sk\/ako-hrat\/powerball-australia\/\" \/>\n<meta property=\"og:locale\" content=\"sk_SK\" \/>\n<meta property=\"og:type\" content=\"article\" \/>\n<meta property=\"og:title\" content=\"Zahrajte si Powerball Australia z miesta mimo Austr\u00e1lie\" \/>\n<meta property=\"og:description\" content=\"Nemus\u00edte \u017ei\u0165 v Austr\u00e1lii, aby ste mohli hra\u0165 Powerball Australia. Zistite, ako hra\u0165 online.\" \/>\n<meta property=\"og:url\" content=\"https:\/\/jackpotlotteryonline.com\/sk\/ako-hrat\/powerball-australia\/\" \/>\n<meta property=\"og:site_name\" content=\"Lotto Online - Crack The International Lottery Jackpots\" \/>\n<meta property=\"article:modified_time\" content=\"2023-01-03T18:08:34+00:00\" \/>\n<meta property=\"og:image\" content=\"https:\/\/jackpotlotteryonline.com\/wp-content\/uploads\/2022\/11\/1_buy_online_ticket_powerball.jpg\" \/>\n<meta name=\"twitter:card\" content=\"summary_large_image\" \/>\n<meta name=\"twitter:label1\" content=\"Predpokladan\u00fd \u010das \u010d\u00edtania\" \/>\n\t<meta name=\"twitter:data1\" content=\"5 min\u00fat\" \/>\n<!-- \/ Yoast SEO plugin. -->","yoast_head_json":{"title":"Zahrajte si Powerball Australia z miesta mimo Austr\u00e1lie","description":"Nemus\u00edte \u017ei\u0165 v Austr\u00e1lii, aby ste mohli hra\u0165 Powerball Australia. Zistite, ako hra\u0165 online.","robots":{"index":"index","follow":"follow","max-snippet":"max-snippet:-1","max-image-preview":"max-image-preview:large","max-video-preview":"max-video-preview:-1"},"canonical":"https:\/\/jackpotlotteryonline.com\/sk\/ako-hrat\/powerball-australia\/","og_locale":"sk_SK","og_type":"article","og_title":"Zahrajte si Powerball Australia z miesta mimo Austr\u00e1lie","og_description":"Nemus\u00edte \u017ei\u0165 v Austr\u00e1lii, aby ste mohli hra\u0165 Powerball Australia. Zistite, ako hra\u0165 online.","og_url":"https:\/\/jackpotlotteryonline.com\/sk\/ako-hrat\/powerball-australia\/","og_site_name":"Lotto Online - Crack The International Lottery Jackpots","article_modified_time":"2023-01-03T18:08:34+00:00","og_image":[{"url":"https:\/\/jackpotlotteryonline.com\/wp-content\/uploads\/2022\/11\/1_buy_online_ticket_powerball.jpg"}],"twitter_card":"summary_large_image","twitter_misc":{"Predpokladan\u00fd \u010das \u010d\u00edtania":"5 min\u00fat"},"schema":{"@context":"https:\/\/schema.org","@graph":[{"@type":"WebPage","@id":"https:\/\/jackpotlotteryonline.com\/sk\/ako-hrat\/powerball-australia\/","url":"https:\/\/jackpotlotteryonline.com\/sk\/ako-hrat\/powerball-australia\/","name":"Zahrajte si Powerball Australia z miesta mimo Austr\u00e1lie","isPartOf":{"@id":"https:\/\/jackpotlotteryonline.com\/#website"},"primaryImageOfPage":{"@id":"https:\/\/jackpotlotteryonline.com\/sk\/ako-hrat\/powerball-australia\/#primaryimage"},"image":{"@id":"https:\/\/jackpotlotteryonline.com\/sk\/ako-hrat\/powerball-australia\/#primaryimage"},"thumbnailUrl":"https:\/\/jackpotlotteryonline.com\/wp-content\/uploads\/2022\/11\/1_buy_online_ticket_powerball.jpg","datePublished":"2022-11-28T07:39:15+00:00","dateModified":"2023-01-03T18:08:34+00:00","description":"Nemus\u00edte \u017ei\u0165 v Austr\u00e1lii, aby ste mohli hra\u0165 Powerball Australia. Zistite, ako hra\u0165 online.","breadcrumb":{"@id":"https:\/\/jackpotlotteryonline.com\/sk\/ako-hrat\/powerball-australia\/#breadcrumb"},"inLanguage":"sk-SK","potentialAction":[{"@type":"ReadAction","target":["https:\/\/jackpotlotteryonline.com\/sk\/ako-hrat\/powerball-australia\/"]}]},{"@type":"ImageObject","inLanguage":"sk-SK","@id":"https:\/\/jackpotlotteryonline.com\/sk\/ako-hrat\/powerball-australia\/#primaryimage","url":"https:\/\/jackpotlotteryonline.com\/wp-content\/uploads\/2022\/11\/1_buy_online_ticket_powerball.jpg","contentUrl":"https:\/\/jackpotlotteryonline.com\/wp-content\/uploads\/2022\/11\/1_buy_online_ticket_powerball.jpg"},{"@type":"BreadcrumbList","@id":"https:\/\/jackpotlotteryonline.com\/sk\/ako-hrat\/powerball-australia\/#breadcrumb","itemListElement":[{"@type":"ListItem","position":1,"name":"Home","item":"https:\/\/jackpotlotteryonline.com\/sk\/"},{"@type":"ListItem","position":2,"name":"Ako hra\u0165","item":"https:\/\/jackpotlotteryonline.com\/sk\/ako-hrat\/"},{"@type":"ListItem","position":3,"name":"hra\u0165 Powerball Austr\u00e1lia online"}]},{"@type":"WebSite","@id":"https:\/\/jackpotlotteryonline.com\/#website","url":"https:\/\/jackpotlotteryonline.com\/","name":"Lotto Online - Crack The International Lottery Jackpots","description":"","potentialAction":[{"@type":"SearchAction","target":{"@type":"EntryPoint","urlTemplate":"https:\/\/jackpotlotteryonline.com\/?s={search_term_string}"},"query-input":"required name=search_term_string"}],"inLanguage":"sk-SK"}]}},"_links":{"self":[{"href":"https:\/\/jackpotlotteryonline.com\/sk\/wp-json\/wp\/v2\/pages\/39561","targetHints":{"allow":["GET"]}}],"collection":[{"href":"https:\/\/jackpotlotteryonline.com\/sk\/wp-json\/wp\/v2\/pages"}],"about":[{"href":"https:\/\/jackpotlotteryonline.com\/sk\/wp-json\/wp\/v2\/types\/page"}],"author":[{"embeddable":true,"href":"https:\/\/jackpotlotteryonline.com\/sk\/wp-json\/wp\/v2\/users\/1"}],"replies":[{"embeddable":true,"href":"https:\/\/jackpotlotteryonline.com\/sk\/wp-json\/wp\/v2\/comments?post=39561"}],"version-history":[{"count":0,"href":"https:\/\/jackpotlotteryonline.com\/sk\/wp-json\/wp\/v2\/pages\/39561\/revisions"}],"up":[{"embeddable":true,"href":"https:\/\/jackpotlotteryonline.com\/sk\/wp-json\/wp\/v2\/pages\/35719"}],"wp:attachment":[{"href":"https:\/\/jackpotlotteryonline.com\/sk\/wp-json\/wp\/v2\/media?parent=39561"}],"curies":[{"name":"wp","href":"https:\/\/api.w.org\/{rel}","templated":true}]}}