{"id":39616,"date":"2022-11-28T09:46:06","date_gmt":"2022-11-28T09:46:06","guid":{"rendered":"https:\/\/jackpotlotteryonline.com\/?page_id=39616"},"modified":"2023-01-03T18:57:07","modified_gmt":"2023-01-03T18:57:07","slug":"saturday-lotto","status":"publish","type":"page","link":"https:\/\/jackpotlotteryonline.com\/sk\/ako-hrat\/saturday-lotto\/","title":{"rendered":"hra\u0165 sobotu Lotto online"},"content":{"rendered":"<p>Saturday Lotto je jednou z ob\u013e\u00faben\u00fdch austr\u00e1lskych lot\u00e9ri\u00ed a te\u0161ia sa na \u0148u hr\u00e1\u010di v celej krajine. Jedn\u00fdm z d\u00f4vodov je, \u017ee sa z nej v minulosti vyk\u013eulo ve\u013ea milion\u00e1rov. Jackpot m\u00f4\u017ee dosiahnu\u0165 a\u017e 10 mili\u00f3nov austr\u00e1lskych dol\u00e1rov, \u010do je neuverite\u013en\u00e1 v\u00fdhra, ke\u010f sa nad t\u00fdm zamysl\u00edte. Doteraz ste museli ma\u0165 trval\u00fd pobyt v Austr\u00e1lii, aby ste mohli hra\u0165 t\u00fato lot\u00e9riu, a to z jednoduch\u00e9ho d\u00f4vodu, \u017ee tikety boli k dispoz\u00edcii len v krajine. V\u010faka internetu sa to zmenilo, preto\u017ee hr\u00e1\u010di z cel\u00e9ho sveta m\u00f4\u017eu teraz hra\u0165 t\u00fato lot\u00e9riu odkia\u013eko\u013evek.<\/p>\n<p>Ak teda chcete hra\u0165 sobot\u0148aj\u0161ie loto, sta\u010d\u00ed, ak nav\u0161t\u00edvite str\u00e1nku jackpotlotteryonline.com a<a href=\"https:\/\/jackpotlotteryonline.com\/sk\/kupit-vstupenky\/saturday-lotto\"> k\u00fapite si svoj los<\/a>. Zauj\u00edmav\u00e9 je, \u017ee tam m\u00f4\u017eete z\u00edska\u0165 aj tikety do v\u0161etk\u00fdch najlep\u0161\u00edch medzin\u00e1rodn\u00fdch lot\u00e9ri\u00ed.<\/p>\n<h2>Vznik sobot\u0148aj\u0161ieho lota<\/h2>\n<p><img loading=\"lazy\" decoding=\"async\" class=\"alignright size-medium wp-image-28103\" src=\"http:\/\/jackpotlotteryonline.com\/wp-content\/uploads\/2022\/11\/1_lotto_jackpot_online-257x300.jpg\" alt=\"Jackpot sobot\u0148aj\u0161ieho lota\" width=\"257\" height=\"300\" srcset=\"https:\/\/jackpotlotteryonline.com\/wp-content\/uploads\/2022\/11\/1_lotto_jackpot_online-257x300.jpg 257w, https:\/\/jackpotlotteryonline.com\/wp-content\/uploads\/2022\/11\/1_lotto_jackpot_online.jpg 321w\" sizes=\"auto, (max-width: 257px) 100vw, 257px\" \/><\/p>\n<p>Prv\u00e9 \u017erebovanie sa uskuto\u010dnilo 24. j\u00fana 1972 a bolo prv\u00fdm loto tohto typu v Austr\u00e1lii. Je to z\u00e1rove\u0148 najdlh\u0161ie funguj\u00face loto v Austr\u00e1lii. Pre hr\u00e1\u010dov v r\u00f4znych \u010dastiach Austr\u00e1lie je zn\u00e1me pod r\u00f4znymi n\u00e1zvami: V Austr\u00e1lii s\u00fa tieto n\u00e1zvy r\u00f4zne: Tattslotto, Gold lotto, X lotto alebo jednoducho lotto.<\/p>\n<p>Minim\u00e1lna garantovan\u00e1 v\u00fd\u0161ka jackpotu pri hre je 5 mili\u00f3nov austr\u00e1lskych dol\u00e1rov a v pr\u00edpade, \u017ee nie je \u017eiaden v\u00fdherca, prech\u00e1dza do \u010fal\u0161ieho t\u00fd\u017ed\u0148a. Neuverite\u013en\u00e9 na tomto lote je, \u017ee hr\u00e1\u010di maj\u00fa naozaj ve\u013ek\u00fa pravdepodobnos\u0165 v\u00fdhry jackpotu. \u0160anca je tak\u00e1 n\u00edzka, \u017ee jackpotov\u00e1 v\u00fdhra sa m\u00e1lokedy preklop\u00ed, preto\u017ee zvy\u010dajne sa v\u017edy n\u00e1jde v\u00fdherca.<\/p>\n<p>V sobot\u0148aj\u0161om lote sa raz ro\u010dne kon\u00e1 aj mega \u017erebovanie, ktor\u00e9 sa uskuto\u010d\u0148uje po Vianociach. Jackpot pre mega \u017erebovanie je pomerne vysok\u00fd a bol zv\u00fd\u0161en\u00fd na 30 mili\u00f3nov austr\u00e1lskych dol\u00e1rov. V mega \u017erebovan\u00ed zvy\u010dajne vyhr\u00e1va viacero v\u00fdhercov.<\/p>\n<h2>Ako hra\u0165 sobot\u0148aj\u0161ie Lotto online<\/h2>\n<p>Ak chcete hra\u0165 Saturday Lotto, jednoducho nav\u0161t\u00edvte str\u00e1nku jackpotlotteryonline.com a prejdite na str\u00e1nku Lotto. Vyberte si \u0161es\u0165 \u010d\u00edsel od 1 do 45. \u010c\u00edsla si m\u00f4\u017eete v\u017edy vybra\u0165 ru\u010dne alebo pou\u017ei\u0165 n\u00e1\u0161 automatick\u00fd syst\u00e9m na generovanie n\u00e1hodn\u00fdch \u010d\u00edsel.<\/p>\n<p><a href=\"https:\/\/jackpotlotteryonline.com\/sk\/vyherne-cisla\/saturday-lotto\">Potom zadajte \u017erebovanie.<\/a> V skuto\u010dnosti je len jedno \u017erebovanie t\u00fd\u017edenne a to v sobotu. Odtia\u013e poch\u00e1dza n\u00e1zov: Saturday Lotto. M\u00f4\u017eete si v\u0161ak vybra\u0165, \u010di chcete zada\u0165 a\u017e 10 po sebe nasleduj\u00facich \u017erebovan\u00ed. Ak si vyberiete t\u00fato mo\u017enos\u0165, budete automaticky zaraden\u00ed do ka\u017ed\u00e9ho \u017erebovania po\u010das nasleduj\u00facich 10 t\u00fd\u017ed\u0148ov.<\/p>\n<p>Ke\u010f ste toto v\u0161etko urobili, \u010fal\u0161\u00edm krokom je spracovanie va\u0161ej platby. Po\u017eiadame v\u00e1s, aby ste sa u n\u00e1s zaregistrovali, aby sme mohli v\u00e1\u0161 tiket pri hre uchova\u0165 v bezpe\u010d\u00ed. Taktie\u017e v\u00e1s budeme informova\u0165, ak nie\u010do vyhr\u00e1te, a potom si budete m\u00f4c\u0165 svoju v\u00fdhru vyzdvihn\u00fa\u0165 na na\u0161ej platforme.<\/p>\n<section class=\"layout\" style=\"border: solid 1px; width: 100%;\">\n<div class=\"img-div\" style=\"margin-top: 5px;\"><img decoding=\"async\" class=\"wp-image-17212 alignleft\" style=\"height: 45px; margin: 8px 8px 0px;\" src=\"http:\/\/jackpotlotteryonline.com\/wp-content\/uploads\/2022\/11\/read1.jpg\" alt=\"pre\u010d\u00edtajte si\" width=\"\" height=\"\" \/><\/div>\n<div style=\"padding-left: 5px;\">\n<div style=\"font-size: 1.1em;\">\n<p><strong>Nieko\u013eko trikov a tipov pre v\u00fdber \u010d\u00edsel<\/strong><\/p>\n<p style=\"font-size: 0.85em; margin-top: -1.5em;\">Zv\u00fd\u0161te svoje \u0161ance na v\u00fdhru &#8211; pou\u017eite ur\u010dit\u00fa strat\u00e9giu pri v\u00fdbere \u010d\u00edsel\u00a0<a href=\"https:\/\/jackpotlotteryonline.com\/sk\/a-niekolko-trikov-a-tipov-na-vyber-cisiel\"> \u010d\u00edtaj viac<\/a><\/p>\n<\/div>\n<\/div>\n<\/section>\n<h2>V\u00fdhody<\/h2>\n<p>Pre t\u00fdch, ktor\u00ed s\u00fa zvyknut\u00ed na n\u00e1kup fyzick\u00fdch \u017erebov a fanf\u00e1ry, ktor\u00e9 prich\u00e1dzaj\u00fa po v\u00fdhre, m\u00f4\u017ee by\u0165 \u0165a\u017ek\u00e9 vidie\u0165 v\u00fdhody hrania na internete. My sa tu v\u0161ak o niektor\u00e9 z nich podel\u00edme.<\/p>\n<p>Hranie sobot\u0148aj\u0161ieho Lotta online je pohodln\u00e9. Nemus\u00edte op\u00fa\u0161\u0165a\u0165 miesto, kde sa nach\u00e1dzate, a nikam chodi\u0165, preto\u017ee m\u00f4\u017eete jednoducho hra\u0165 na svojom po\u010d\u00edta\u010di alebo mobilnom zariaden\u00ed. Tie\u017e to znamen\u00e1, \u017ee teraz m\u00e1te pr\u00edstup k \u0161ir\u0161ej \u0161k\u00e1le lot\u00e9ri\u00ed z cel\u00e9ho sveta.<\/p>\n<p>K\u00fapa \u017erebov nie je jedinou v\u00fdhodou pri hran\u00ed lot\u00e9rie. Azda hlavnou v\u00fdhodou je, \u017ee si m\u00f4\u017eete \u013eahko vybra\u0165 svoje v\u00fdhry. Je to jednoduch\u00e9 a \u010dasto nemus\u00edte absolvova\u0165 \u017eiadnu zlo\u017eit\u00fa proced\u00faru, aby ste z\u00edskali svoju v\u00fdhru.<\/p>\n<h2>V\u00fdhra v sobot\u0148aj\u0161om lote<\/h2>\n<p>Ak chcete vyhra\u0165 loto, mus\u00edte ma\u0165 zhodu v\u0161etk\u00fdch \u0161iestich vy\u017erebovan\u00fdch \u010d\u00edsel. Jackpot vyhr\u00e1va ka\u017ed\u00fd tiket, ktor\u00fd sa zhoduje so v\u0161etk\u00fdmi \u0161iestimi vy\u017erebovan\u00fdmi \u010d\u00edslami. Vyhra\u0165 m\u00f4\u017eete aj \u010fal\u0161ie ceny, o ktor\u00fdch sa zmienime nesk\u00f4r. Upozor\u0148ujeme v\u0161ak, \u017ee cenu m\u00f4\u017eete vyhra\u0165, ak sa v\u00e1m zhoduj\u00fa 3 vy\u017erebovan\u00e9 \u010d\u00edsla.<\/p>\n<p>Ak v lot\u00e9rii vyhr\u00e1te, m\u00f4\u017eete si v\u00fdhru vybra\u0165 z na\u0161ej platformy priamo na svoj \u00fa\u010det.<\/p>\n<p>Upozor\u0148ujeme, \u017ee v pr\u00edpade, \u017ee je va\u0161a v\u00fdhra vy\u0161\u0161ia ako #2500, budete si musie\u0165 v\u00fdhru vy\u017eiada\u0165 priamo od lot\u00e9riovej spolo\u010dnosti. Ale nebojte sa, pom\u00f4\u017eeme v\u00e1m s t\u00fdm tak, \u017ee v\u00e1m poskytneme formul\u00e1r \u017eiadosti o v\u00fdhru, ktor\u00fd vypln\u00edte.<\/p>\n<h2>Doplnkov\u00e9 \u010d\u00edsla<\/h2>\n<p><img loading=\"lazy\" decoding=\"async\" class=\"alignright size-medium wp-image-29183\" src=\"http:\/\/jackpotlotteryonline.com\/wp-content\/uploads\/2022\/11\/1_play_lotto-online-300x199.jpg\" alt=\"Hrajte sobotn\u00e9 loto online\" width=\"300\" height=\"199\" srcset=\"https:\/\/jackpotlotteryonline.com\/wp-content\/uploads\/2022\/11\/1_play_lotto-online-300x199.jpg 300w, https:\/\/jackpotlotteryonline.com\/wp-content\/uploads\/2022\/11\/1_play_lotto-online.jpg 350w\" sizes=\"auto, (max-width: 300px) 100vw, 300px\" \/><\/p>\n<p>Ak si pozriete rozdelenie v\u00fdhier, mo\u017eno si v\u0161imnete, \u017ee niektor\u00e9 rozdelenia vyu\u017e\u00edvaj\u00fa doplnkov\u00e9 \u010d\u00edsla. Nie s\u00fa to \u010d\u00edsla, ktor\u00e9 si vyber\u00e1te vy a nemaj\u00fa ni\u010d spolo\u010dn\u00e9 s v\u00fdhrou jackpotu. S\u00fa to jednoducho n\u00e1hodne vygenerovan\u00e9 \u010d\u00edsla, ktor\u00e9 sa vyberaj\u00fa po\u010das ka\u017ed\u00e9ho \u017erebovania a pou\u017e\u00edvaj\u00fa sa na ur\u010denie div\u00edzi\u00ed 2 a 5.<\/p>\n<h2>Ceny<\/h2>\n<p>Toto Lotto m\u00e1 \u0161es\u0165 r\u00f4znych v\u00fdhern\u00fdch div\u00edzi\u00ed a sta\u010d\u00ed, aby ste trafili 3 hlavn\u00e9 \u010d\u00edsla, a m\u00f4\u017eete vyhra\u0165 cenu. Samozrejme, \u010d\u00edm viac \u010d\u00edsel sa v\u00e1m podar\u00ed zhodn\u00fa\u0165, t\u00fdm vy\u0161\u0161ia je v\u00fdhra. V\u00fdhra v div\u00edzii 1 je jackpot a na z\u00edskanie tejto v\u00fdhry je potrebn\u00e9, aby ste trafili v\u0161etk\u00fdch 6 \u010d\u00edsel.<\/p>\n<p>Hr\u00e1\u010di sa \u010dasto zameriavaj\u00fa na v\u00fdhru v div\u00edzii 1, teda na jackpot, a vylu\u010duj\u00fa ostatn\u00e9 div\u00edzie v\u00fdhier. Je v\u0161ak mo\u017en\u00e9, \u017ee vyhr\u00e1te dobr\u00fa sumu aj z t\u00fdchto ostatn\u00fdch div\u00edzi\u00ed. Ni\u017e\u0161ie sa podel\u00edme o v\u00fdhern\u00e9 div\u00edzie pre sobot\u0148aj\u0161ie Lotto a o \u0161ance na v\u00fdhru v jednotliv\u00fdch div\u00edzi\u00e1ch.<\/p>\n<p>Div\u00edzia 1: 6 hlavn\u00fdch \u010d\u00edsel &#8211; jackpot (1 ku 8 145 060)<\/p>\n<p>Div\u00edzia 2: 5 hlavn\u00fdch \u010d\u00edsel + 1 alebo 2 doplnkov\u00e9 \u010d\u00edsla (1 ku 678 755)<\/p>\n<p>Div\u00edzia 3: 5 hlavn\u00fdch \u010d\u00edsel (1 ku 36 689)<\/p>\n<p>Div\u00edzia 4: 4 hlavn\u00e9 \u010d\u00edsla (1 zo 733)<\/p>\n<p>Div\u00edzia 5: 3 hlavn\u00e9 \u010d\u00edsla + 1 alebo 2 doplnkov\u00e9 \u010d\u00edsla (1 z 297)<\/p>\n<p>Div\u00edzia 6: 3 hlavn\u00e9 \u010d\u00edsla (1 z 53)<\/p>\n<h2>Zaregistrujte sa a hrajte sobot\u0148aj\u0161ie loto<\/h2>\n<p>Ak ste pripraven\u00ed hra\u0165 loto, m\u00f4\u017eete si zak\u00fapi\u0165 tikety lota priamo tu na na\u0161ej str\u00e1nke. Po vstupe do \u017erebovania z\u00edskate \u0161ancu vyhra\u0165 mili\u00f3ny.<\/p>\n<p>K\u00fdm ste tu, m\u00f4\u017eete si pozrie\u0165 aj \u010fal\u0161ie lot\u00e9rie. M\u00e1me \u0161irok\u00fa zbierku najlep\u0161\u00edch medzin\u00e1rodn\u00fdch lot\u00e9ri\u00ed a na\u0161im z\u00e1kazn\u00edkom umo\u017e\u0148ujeme pr\u00edstup k t\u00fdmto lot\u00e9ri\u00e1m. M\u00f4\u017eete si k\u00fapi\u0165 tikety do lot\u00e9ri\u00ed z USA, Eur\u00f3py a Austr\u00e1lie bez oh\u013eadu na to, kde \u017eijete.<\/p>\n<p>Ako str\u00e1nka \u010d\u00edslo jeden v oblasti lot\u00e9ri\u00ed sme zjednodu\u0161ili proces, aby sme na\u0161im z\u00e1kazn\u00edkom poskytli neuverite\u013en\u00fd z\u00e1\u017eitok. Zaregistrujte sa u n\u00e1s e\u0161te dnes a za\u010dnite hra\u0165 loto.<\/p>\n","protected":false},"excerpt":{"rendered":"<p>Saturday Lotto je jednou z ob\u013e\u00faben\u00fdch austr\u00e1lskych lot\u00e9ri\u00ed a te\u0161ia sa na \u0148u hr\u00e1\u010di v celej krajine. Jedn\u00fdm z d\u00f4vodov je, \u017ee sa z nej v minulosti vyk\u013eulo ve\u013ea milion\u00e1rov. Jackpot m\u00f4\u017ee dosiahnu\u0165 a\u017e 10 mili\u00f3nov austr\u00e1lskych dol\u00e1rov, \u010do je neuverite\u013en\u00e1 v\u00fdhra, ke\u010f sa nad t\u00fdm zamysl\u00edte. Doteraz ste museli ma\u0165 trval\u00fd pobyt v Austr\u00e1lii, [&hellip;]<\/p>\n","protected":false},"author":1,"featured_media":0,"parent":35719,"menu_order":18,"comment_status":"closed","ping_status":"closed","template":"saturday-lotto.php","meta":{"_et_pb_use_builder":"","_et_pb_old_content":"","_et_gb_content_width":"","exclude_from_search":false,"footnotes":""},"class_list":["post-39616","page","type-page","status-publish","hentry"],"yoast_head":"<!-- This site is optimized with the Yoast SEO plugin v23.3 - https:\/\/yoast.com\/wordpress\/plugins\/seo\/ -->\n<title>Zahrajte si sobot\u0148aj\u0161ie loto online<\/title>\n<meta name=\"description\" content=\"Vyu\u017eite \u0161ancu na ve\u013ek\u00fa v\u00fdhru v hre Saturday Lotto hran\u00edm online odkia\u013eko\u013evek. Zistite, ako na to.\" \/>\n<meta name=\"robots\" content=\"index, follow, max-snippet:-1, max-image-preview:large, max-video-preview:-1\" \/>\n<link rel=\"canonical\" href=\"https:\/\/jackpotlotteryonline.com\/sk\/ako-hrat\/saturday-lotto\/\" \/>\n<meta property=\"og:locale\" content=\"sk_SK\" \/>\n<meta property=\"og:type\" content=\"article\" \/>\n<meta property=\"og:title\" content=\"Zahrajte si sobot\u0148aj\u0161ie loto online\" \/>\n<meta property=\"og:description\" content=\"Vyu\u017eite \u0161ancu na ve\u013ek\u00fa v\u00fdhru v hre Saturday Lotto hran\u00edm online odkia\u013eko\u013evek. Zistite, ako na to.\" \/>\n<meta property=\"og:url\" content=\"https:\/\/jackpotlotteryonline.com\/sk\/ako-hrat\/saturday-lotto\/\" \/>\n<meta property=\"og:site_name\" content=\"Lotto Online - Crack The International Lottery Jackpots\" \/>\n<meta property=\"article:modified_time\" content=\"2023-01-03T18:57:07+00:00\" \/>\n<meta property=\"og:image\" content=\"http:\/\/jackpotlotteryonline.com\/wp-content\/uploads\/2022\/11\/1_lotto_jackpot_online-257x300.jpg\" \/>\n<meta name=\"twitter:card\" content=\"summary_large_image\" \/>\n<meta name=\"twitter:label1\" content=\"Predpokladan\u00fd \u010das \u010d\u00edtania\" \/>\n\t<meta name=\"twitter:data1\" content=\"5 min\u00fat\" \/>\n<!-- \/ Yoast SEO plugin. -->","yoast_head_json":{"title":"Zahrajte si sobot\u0148aj\u0161ie loto online","description":"Vyu\u017eite \u0161ancu na ve\u013ek\u00fa v\u00fdhru v hre Saturday Lotto hran\u00edm online odkia\u013eko\u013evek. Zistite, ako na to.","robots":{"index":"index","follow":"follow","max-snippet":"max-snippet:-1","max-image-preview":"max-image-preview:large","max-video-preview":"max-video-preview:-1"},"canonical":"https:\/\/jackpotlotteryonline.com\/sk\/ako-hrat\/saturday-lotto\/","og_locale":"sk_SK","og_type":"article","og_title":"Zahrajte si sobot\u0148aj\u0161ie loto online","og_description":"Vyu\u017eite \u0161ancu na ve\u013ek\u00fa v\u00fdhru v hre Saturday Lotto hran\u00edm online odkia\u013eko\u013evek. Zistite, ako na to.","og_url":"https:\/\/jackpotlotteryonline.com\/sk\/ako-hrat\/saturday-lotto\/","og_site_name":"Lotto Online - Crack The International Lottery Jackpots","article_modified_time":"2023-01-03T18:57:07+00:00","og_image":[{"url":"http:\/\/jackpotlotteryonline.com\/wp-content\/uploads\/2022\/11\/1_lotto_jackpot_online-257x300.jpg"}],"twitter_card":"summary_large_image","twitter_misc":{"Predpokladan\u00fd \u010das \u010d\u00edtania":"5 min\u00fat"},"schema":{"@context":"https:\/\/schema.org","@graph":[{"@type":"WebPage","@id":"https:\/\/jackpotlotteryonline.com\/sk\/ako-hrat\/saturday-lotto\/","url":"https:\/\/jackpotlotteryonline.com\/sk\/ako-hrat\/saturday-lotto\/","name":"Zahrajte si sobot\u0148aj\u0161ie loto online","isPartOf":{"@id":"https:\/\/jackpotlotteryonline.com\/#website"},"primaryImageOfPage":{"@id":"https:\/\/jackpotlotteryonline.com\/sk\/ako-hrat\/saturday-lotto\/#primaryimage"},"image":{"@id":"https:\/\/jackpotlotteryonline.com\/sk\/ako-hrat\/saturday-lotto\/#primaryimage"},"thumbnailUrl":"http:\/\/jackpotlotteryonline.com\/wp-content\/uploads\/2022\/11\/1_lotto_jackpot_online-257x300.jpg","datePublished":"2022-11-28T09:46:06+00:00","dateModified":"2023-01-03T18:57:07+00:00","description":"Vyu\u017eite \u0161ancu na ve\u013ek\u00fa v\u00fdhru v hre Saturday Lotto hran\u00edm online odkia\u013eko\u013evek. Zistite, ako na to.","breadcrumb":{"@id":"https:\/\/jackpotlotteryonline.com\/sk\/ako-hrat\/saturday-lotto\/#breadcrumb"},"inLanguage":"sk-SK","potentialAction":[{"@type":"ReadAction","target":["https:\/\/jackpotlotteryonline.com\/sk\/ako-hrat\/saturday-lotto\/"]}]},{"@type":"ImageObject","inLanguage":"sk-SK","@id":"https:\/\/jackpotlotteryonline.com\/sk\/ako-hrat\/saturday-lotto\/#primaryimage","url":"http:\/\/jackpotlotteryonline.com\/wp-content\/uploads\/2022\/11\/1_lotto_jackpot_online-257x300.jpg","contentUrl":"http:\/\/jackpotlotteryonline.com\/wp-content\/uploads\/2022\/11\/1_lotto_jackpot_online-257x300.jpg"},{"@type":"BreadcrumbList","@id":"https:\/\/jackpotlotteryonline.com\/sk\/ako-hrat\/saturday-lotto\/#breadcrumb","itemListElement":[{"@type":"ListItem","position":1,"name":"Home","item":"https:\/\/jackpotlotteryonline.com\/sk\/"},{"@type":"ListItem","position":2,"name":"Ako hra\u0165","item":"https:\/\/jackpotlotteryonline.com\/sk\/ako-hrat\/"},{"@type":"ListItem","position":3,"name":"hra\u0165 sobotu Lotto online"}]},{"@type":"WebSite","@id":"https:\/\/jackpotlotteryonline.com\/#website","url":"https:\/\/jackpotlotteryonline.com\/","name":"Lotto Online - Crack The International Lottery Jackpots","description":"","potentialAction":[{"@type":"SearchAction","target":{"@type":"EntryPoint","urlTemplate":"https:\/\/jackpotlotteryonline.com\/?s={search_term_string}"},"query-input":"required name=search_term_string"}],"inLanguage":"sk-SK"}]}},"_links":{"self":[{"href":"https:\/\/jackpotlotteryonline.com\/sk\/wp-json\/wp\/v2\/pages\/39616","targetHints":{"allow":["GET"]}}],"collection":[{"href":"https:\/\/jackpotlotteryonline.com\/sk\/wp-json\/wp\/v2\/pages"}],"about":[{"href":"https:\/\/jackpotlotteryonline.com\/sk\/wp-json\/wp\/v2\/types\/page"}],"author":[{"embeddable":true,"href":"https:\/\/jackpotlotteryonline.com\/sk\/wp-json\/wp\/v2\/users\/1"}],"replies":[{"embeddable":true,"href":"https:\/\/jackpotlotteryonline.com\/sk\/wp-json\/wp\/v2\/comments?post=39616"}],"version-history":[{"count":0,"href":"https:\/\/jackpotlotteryonline.com\/sk\/wp-json\/wp\/v2\/pages\/39616\/revisions"}],"up":[{"embeddable":true,"href":"https:\/\/jackpotlotteryonline.com\/sk\/wp-json\/wp\/v2\/pages\/35719"}],"wp:attachment":[{"href":"https:\/\/jackpotlotteryonline.com\/sk\/wp-json\/wp\/v2\/media?parent=39616"}],"curies":[{"name":"wp","href":"https:\/\/api.w.org\/{rel}","templated":true}]}}