{"id":39668,"date":"2022-11-28T12:47:06","date_gmt":"2022-11-28T12:47:06","guid":{"rendered":"https:\/\/jackpotlotteryonline.com\/?page_id=39668"},"modified":"2022-12-31T13:23:55","modified_gmt":"2022-12-31T13:23:55","slug":"saturday-lotto-2","status":"publish","type":"page","link":"https:\/\/jackpotlotteryonline.com\/sk\/ako-hrat\/saturday-lotto-2\/","title":{"rendered":"hra\u0165 Set For Life online"},"content":{"rendered":"<p>Mnoho \u010fal\u0161\u00edch hr\u00e1\u010dov na celom svete si za\u010d\u00edna uvedomova\u0165 kr\u00e1su toho, \u017ee s\u00fa nastaven\u00ed do konca \u017eivota. A pr\u00e1ve to pon\u00faka hr\u00e1\u010dom britsk\u00e1 lot\u00e9ria Set for Life: mo\u017enos\u0165 vyhra\u0165 10 000 libier ka\u017ed\u00fd mesiac po\u010das 30 rokov. T\u00e1to lot\u00e9ria sa naz\u00fdva anuitn\u00e1, preto\u017ee v\u00fdherca nedostane jednorazov\u00fa sumu. Na prv\u00fd poh\u013ead sa to nemus\u00ed zda\u0165 tak\u00e9 l\u00e1kav\u00e9 ako v\u00fdhra mili\u00e1rd eur. S\u00fa v\u0161ak hr\u00e1\u010di, ktor\u00fdm nie je celkom pr\u00edjemn\u00e9 nar\u00e1ba\u0165 s tak\u00fdm mno\u017estvom pe\u0148az\u00ed naraz. Okrem toho sme \u010d\u00edtali o v\u00fdhercoch lot\u00e9rie, ktor\u00ed sa po nieko\u013ek\u00fdch rokoch ocitli na mizine. V tejto britskej lot\u00e9rii sa to v\u0161ak nem\u00e1 \u0161ancu sta\u0165, preto\u017ee v\u00fdherca dostane ka\u017ed\u00fd mesiac bezpodmiene\u010dne 10 000 libier.<\/p>\n<p>Ak v\u00e1s zauj\u00edma, ako m\u00f4\u017eete hra\u0165 t\u00fato britsk\u00fa rentu z krajiny mimo Spojen\u00e9ho kr\u00e1\u013eovstva, m\u00e1te \u0161\u0165astie. Tu sa s vami podel\u00edme o to, ako hra\u0165 t\u00fato lot\u00e9riu a o tipy na hranie z kraj\u00edn mimo Spojen\u00e9ho kr\u00e1\u013eovstva.<\/p>\n<h2>M\u00f4\u017eete hra\u0165 Set For Life z \u00fazemia mimo Spojen\u00e9ho kr\u00e1\u013eovstva?<\/h2>\n<p><img loading=\"lazy\" decoding=\"async\" class=\"alignright size-medium wp-image-27941\" src=\"http:\/\/jackpotlotteryonline.com\/wp-content\/uploads\/2022\/11\/1_lottery_winner_ticket-200x300.jpg\" alt=\"Vyhrajte ve\u013ek\u00fa sumu so slu\u017ebou Set for life\" width=\"200\" height=\"300\" srcset=\"https:\/\/jackpotlotteryonline.com\/wp-content\/uploads\/2022\/11\/1_lottery_winner_ticket-200x300.jpg 200w, https:\/\/jackpotlotteryonline.com\/wp-content\/uploads\/2022\/11\/1_lottery_winner_ticket.jpg 320w\" sizes=\"auto, (max-width: 200px) 100vw, 200px\" \/><\/p>\n<p>Set For Life je s\u00edce v podstate lot\u00e9ria zo Spojen\u00e9ho kr\u00e1\u013eovstva, ale t\u00fa\u017ebu vyhra\u0165 ka\u017ed\u00fd mesiac ve\u013ek\u00e9 sumy zdie\u013eaj\u00fa st\u00e1vkuj\u00faci na celom svete. Bu\u010fme \u00faprimn\u00ed, komu by sa nep\u00e1\u010dila my\u0161lienka vyhra\u0165 ka\u017ed\u00fd mesiac 10 000 libier po dobu 30 rokov? Hra Set For Life sa zvy\u010dajne hr\u00e1 len v Spojenom kr\u00e1\u013eovstve, preto\u017ee pr\u00e1ve tam sa pred\u00e1vaj\u00fa tikety. Hr\u00e1\u010di si v\u0161ak teraz m\u00f4\u017eu k\u00fapi\u0165 tikety odkia\u013eko\u013evek.<\/p>\n<p>Internet umo\u017enil ve\u013ea vec\u00ed, najm\u00e4 pr\u00edstup k inform\u00e1ci\u00e1m. Teraz si m\u00f4\u017eu st\u00e1vkuj\u00faci na celom svete k\u00fapi\u0165 tikety do najlep\u0161\u00edch medzin\u00e1rodn\u00fdch lot\u00e9ri\u00ed vr\u00e1tane Set For Life. Ak ste teda hr\u00e1\u010dom mimo Spojen\u00e9ho kr\u00e1\u013eovstva, m\u00f4\u017eete si jednoducho <a href=\"https:\/\/jackpotlotteryonline.com\/sk\/kupit-vstupenky\/set-for-life\">k\u00fapi\u0165 tikety na lot\u00e9riu o renty v Spojenom kr\u00e1\u013eovstve<\/a>, a to tak, \u017ee nav\u0161t\u00edvite str\u00e1nku jackpotlotteryonline.com.<\/p>\n<p>Ak sa v\u00e1m p\u00e1\u010di predstava, \u017ee budete ma\u0165 set do konca \u017eivota, potom sa popon\u00e1h\u013eajte a k\u00fapte si tiket e\u0161te pred \u010fal\u0161\u00edm \u017erebovan\u00edm.<\/p>\n<h2>Ako hra\u0165<\/h2>\n<p>Ak chcete hra\u0165 britsk\u00fa lot\u00e9riu, hr\u00e1\u010di musia vybra\u0165 5 \u010d\u00edsel z rozsahu 1 a\u017e 47 a 1 \u010d\u00edslo Life Ball od 1 do 10. Potom si <a href=\"https:\/\/jackpotlotteryonline.com\/sk\/vyherne-cisla\/set-for-life\">vyberiete dni \u017erebovania<\/a>, do ktor\u00fdch sa chcete zapoji\u0165, a po\u010det t\u00fd\u017ed\u0148ov, po\u010das ktor\u00fdch chcete hra\u0165.<\/p>\n<p>Ke\u010f pou\u017e\u00edvate na\u0161u str\u00e1nku, m\u00f4\u017eete na n\u00e1hodn\u00fd v\u00fdber \u010d\u00edsel pou\u017ei\u0165 n\u00e1\u0161 gener\u00e1tor \u010d\u00edsel. M\u00f4\u017eete si tie\u017e nastavi\u0165, aby ste boli automaticky zaraden\u00ed do ka\u017ed\u00e9ho \u017erebovania nieko\u013eko t\u00fd\u017ed\u0148ov vopred. Takto sa nemus\u00edte ob\u00e1va\u0165, \u017ee by ste nejak\u00e9 \u017erebovanie zme\u0161kali. Priamo tu na na\u0161ej str\u00e1nke tie\u017e zverej\u0148ujeme nespracovan\u00e9 v\u00fdsledky.<\/p>\n<p>\u017drebovania programu Set pre \u017eivot sa konaj\u00fa ka\u017ed\u00fd pondelok a \u0161tvrtok ve\u010der. Hranie lot\u00e9rie s nami znamen\u00e1, \u017ee nemus\u00edte zme\u0161ka\u0165 \u017erebovanie, preto\u017ee ste si nek\u00fapili tiket pred jeho uzavret\u00edm.<\/p>\n<h2>Tipy na hranie online<\/h2>\n<p>Predt\u00fdm, ako si k\u00fapite \u017ereb na internete, je d\u00f4le\u017eit\u00e9 vedie\u0165 nieko\u013eko vec\u00ed. Toto je nieko\u013eko tipov, ktor\u00e9 v\u00e1m pom\u00f4\u017eu k pr\u00edjemnej\u0161iemu hraniu.<\/p>\n<ul>\n<li>Na n\u00e1kup \u017erebov v\u017edy pou\u017e\u00edvajte port\u00e1l concierge<\/li>\n<li>Uistite sa, \u017ee si zo str\u00e1nky m\u00f4\u017eete bez probl\u00e9mov vybra\u0165 svoju v\u00fdhru<\/li>\n<li>Zak\u00fapte si viacero tiketov a z\u00fa\u010dastnite sa viacer\u00fdch \u017erebovan\u00ed, aby ste zv\u00fd\u0161ili svoje \u0161ance na v\u00fdhru<\/li>\n<li>Pou\u017e\u00edvajte str\u00e1nku, ktor\u00e1 v\u00e1m d\u00e1 vedie\u0165 (prostredn\u00edctvom e-mailu), ke\u010f vyhr\u00e1te cenu<\/li>\n<\/ul>\n<h2>V\u00fdhern\u00e9 kateg\u00f3rie programu Set For Life<\/h2>\n<div id=\"attachment_27779\" style=\"width: 222px\" class=\"wp-caption alignright\"><img loading=\"lazy\" decoding=\"async\" aria-describedby=\"caption-attachment-27779\" class=\"size-full wp-image-27779\" src=\"http:\/\/jackpotlotteryonline.com\/wp-content\/uploads\/2022\/11\/1_lottery_ticket.jpg\" alt=\"ako hra\u0165 hru Set for life\" width=\"212\" height=\"142\" \/><p id=\"caption-attachment-27779\" class=\"wp-caption-text\">Vyp\u013a\u0148anie lot\u00e9rie ceruzkou na drevenom stole, detailn\u00fd z\u00e1ber. Miesto pre text<\/p><\/div>\n<p>Hlavnou cenou tejto lot\u00e9rie v Spojenom kr\u00e1\u013eovstve je \u00fa\u017easn\u00fdch 10 000 libier ka\u017ed\u00fd mesiac po\u010das nasleduj\u00facich 30 rokov. To je ako keby ste dost\u00e1vali 10 tis\u00edc mesa\u010dne za 30-ro\u010dn\u00fa dovolenku. T\u00e1to v\u00fdhra je jednou z t\u00fdch, ktor\u00e9 nadchn\u00fa mnoh\u00fdch hr\u00e1\u010dov. E\u0161te vzru\u0161uj\u00facej\u0161ia je v\u0161ak skuto\u010dnos\u0165, \u017ee t\u00e1to lot\u00e9ria m\u00e1 aj \u010fal\u0161ie zauj\u00edmav\u00e9 v\u00fdhern\u00e9 \u00farovne. Tu s\u00fa v\u00fdhern\u00e9 kateg\u00f3rie.<\/p>\n<p>Kateg\u00f3ria 1: Uhodnite 5 \u010d\u00edsel + lopti\u010dku \u017eivota &#8211; 10 000 libier ka\u017ed\u00fd mesiac po\u010das 30 rokov<\/p>\n<p>Kateg\u00f3ria 2: Uhodnite iba 5 \u010d\u00edsel &#8211; 10 000 GBP ka\u017ed\u00fd mesiac po dobu 1 roka<\/p>\n<p>Kateg\u00f3ria 3: Uhodnite 4 \u010d\u00edsla + LIfe Ball &#8211; 250 GBP<\/p>\n<p>Kateg\u00f3ria 4: Uh\u00e1dnite iba 4 \u010d\u00edsla &#8211; 50 GBP<\/p>\n<p>Kateg\u00f3ria 5: Uhodnite 3 \u010d\u00edsla + Life Ball &#8211; 30 GBP<\/p>\n<p>Kateg\u00f3ria 6: Uhodnite len 3 \u010d\u00edsla &#8211; 20 GBP<\/p>\n<p>Kateg\u00f3ria 7: Uhodnite 2 \u010d\u00edsla + lopti\u010dku Life Ball &#8211; 10 GBP<\/p>\n<p>Kateg\u00f3ria 8: Uh\u00e1dnite iba 2 \u010d\u00edsla &#8211; 5 GBP<\/p>\n<section class=\"layout\" style=\"border: solid 1px; width: 100%;\">\n<div class=\"img-div\" style=\"margin-top: 5px;\"><img decoding=\"async\" class=\"wp-image-17212 alignleft\" style=\"height: 45px; margin: 8px 8px 0px;\" src=\"http:\/\/jackpotlotteryonline.com\/wp-content\/uploads\/2022\/11\/read1.jpg\" alt=\"Pre\u010d\u00edtajte si \" width=\"\" height=\"\" \/><\/div>\n<div style=\"padding-left: 5px;\">\n<div style=\"font-size: 1.1em;\">\n<p><strong>Niektor\u00ed v\u00ed\u0165azi lot\u00e9rie sa vr\u00e1tili sp\u00e4\u0165 do komunity<\/strong><\/p>\n<p style=\"font-size: 0.85em; margin-top: -1.5em;\">Nieko\u013eko zauj\u00edmav\u00fdch a doj\u00edmav\u00fdch pr\u00edbehov o tom, ako sa v\u00fdhercovia lot\u00e9rie vr\u00e1tili sp\u00e4\u0165\u00a0 <a href=\"https:\/\/jackpotlotteryonline.com\/sk\/pribehy-o-tom-ako-vyhercovia-loterie-vracaju-peniaze\"> \u010d\u00edtaj viac<\/a><\/p>\n<\/div>\n<\/div>\n<\/section>\n<h2>Zahrajte si britsk\u00fa lot\u00e9riu o anuitu tu dnes<\/h2>\n<p>Sme port\u00e1l lot\u00e9rie concierge, ktor\u00fd umo\u017e\u0148uje hr\u00e1\u010dom na celom svete z\u00edska\u0165 pr\u00edstup k najlep\u0161\u00edm medzin\u00e1rodn\u00fdm lot\u00e9ri\u00e1m. Ke\u010f si u n\u00e1s k\u00fapite \u017ereby, vychutn\u00e1te si p\u00f4\u017eitok z hrania lot\u00e9rie bez ak\u00fdchko\u013evek starost\u00ed.<\/p>\n<p>Ak vyhr\u00e1te nejak\u00fa cenu, m\u00f4\u017eete si svoju v\u00fdhru jednoducho vybra\u0165 priamo tu na na\u0161ej str\u00e1nke. U n\u00e1s je to tak\u00e9 jednoduch\u00e9. A ak je va\u0161a v\u00fdhra vy\u0161\u0161ia ako ur\u010dit\u00e1 suma, pom\u00f4\u017eeme v\u00e1m s formul\u00e1rom \u017eiadosti, aby ste si mohli svoju v\u00fdhru vyzdvihn\u00fa\u0165.<\/p>\n<p>V\u0161etko, \u010do rob\u00edme, je zameran\u00e9 na to, aby sme na\u0161im z\u00e1kazn\u00edkom poskytli bezprobl\u00e9mov\u00fd z\u00e1\u017eitok z lot\u00e9rie. Tak sa do toho pustite a zapojte sa do lot\u00e9rie UK Set for Life e\u0161te dnes.<\/p>\n","protected":false},"excerpt":{"rendered":"<p>Mnoho \u010fal\u0161\u00edch hr\u00e1\u010dov na celom svete si za\u010d\u00edna uvedomova\u0165 kr\u00e1su toho, \u017ee s\u00fa nastaven\u00ed do konca \u017eivota. A pr\u00e1ve to pon\u00faka hr\u00e1\u010dom britsk\u00e1 lot\u00e9ria Set for Life: mo\u017enos\u0165 vyhra\u0165 10 000 libier ka\u017ed\u00fd mesiac po\u010das 30 rokov. T\u00e1to lot\u00e9ria sa naz\u00fdva anuitn\u00e1, preto\u017ee v\u00fdherca nedostane jednorazov\u00fa sumu. Na prv\u00fd poh\u013ead sa to nemus\u00ed zda\u0165 tak\u00e9 [&hellip;]<\/p>\n","protected":false},"author":1,"featured_media":0,"parent":35719,"menu_order":11,"comment_status":"closed","ping_status":"closed","template":"set-for-life.php","meta":{"_et_pb_use_builder":"","_et_pb_old_content":"","_et_gb_content_width":"","exclude_from_search":false,"footnotes":""},"class_list":["post-39668","page","type-page","status-publish","hentry"],"yoast_head":"<!-- This site is optimized with the Yoast SEO plugin v23.3 - https:\/\/yoast.com\/wordpress\/plugins\/seo\/ -->\n<title>Zahrajte si Set for Life z kraj\u00edn mimo Spojen\u00e9ho kr\u00e1\u013eovstva<\/title>\n<meta name=\"description\" content=\"Zahrajte si online lot\u00e9riu o anuitu vo Ve\u013ekej Brit\u00e1nii a vyhrajte mo\u017enos\u0165 by\u0165 nastaven\u00fd do konca \u017eivota.\" \/>\n<meta name=\"robots\" content=\"index, follow, max-snippet:-1, max-image-preview:large, max-video-preview:-1\" \/>\n<link rel=\"canonical\" href=\"https:\/\/jackpotlotteryonline.com\/sk\/ako-hrat\/saturday-lotto-2\/\" \/>\n<meta property=\"og:locale\" content=\"sk_SK\" \/>\n<meta property=\"og:type\" content=\"article\" \/>\n<meta property=\"og:title\" content=\"Zahrajte si Set for Life z kraj\u00edn mimo Spojen\u00e9ho kr\u00e1\u013eovstva\" \/>\n<meta property=\"og:description\" content=\"Zahrajte si online lot\u00e9riu o anuitu vo Ve\u013ekej Brit\u00e1nii a vyhrajte mo\u017enos\u0165 by\u0165 nastaven\u00fd do konca \u017eivota.\" \/>\n<meta property=\"og:url\" content=\"https:\/\/jackpotlotteryonline.com\/sk\/ako-hrat\/saturday-lotto-2\/\" \/>\n<meta property=\"og:site_name\" content=\"Lotto Online - Crack The International Lottery Jackpots\" \/>\n<meta property=\"article:modified_time\" content=\"2022-12-31T13:23:55+00:00\" \/>\n<meta property=\"og:image\" content=\"http:\/\/jackpotlotteryonline.com\/wp-content\/uploads\/2022\/11\/1_lottery_winner_ticket-200x300.jpg\" \/>\n<meta name=\"twitter:card\" content=\"summary_large_image\" \/>\n<meta name=\"twitter:label1\" content=\"Predpokladan\u00fd \u010das \u010d\u00edtania\" \/>\n\t<meta name=\"twitter:data1\" content=\"5 min\u00fat\" \/>\n<!-- \/ Yoast SEO plugin. -->","yoast_head_json":{"title":"Zahrajte si Set for Life z kraj\u00edn mimo Spojen\u00e9ho kr\u00e1\u013eovstva","description":"Zahrajte si online lot\u00e9riu o anuitu vo Ve\u013ekej Brit\u00e1nii a vyhrajte mo\u017enos\u0165 by\u0165 nastaven\u00fd do konca \u017eivota.","robots":{"index":"index","follow":"follow","max-snippet":"max-snippet:-1","max-image-preview":"max-image-preview:large","max-video-preview":"max-video-preview:-1"},"canonical":"https:\/\/jackpotlotteryonline.com\/sk\/ako-hrat\/saturday-lotto-2\/","og_locale":"sk_SK","og_type":"article","og_title":"Zahrajte si Set for Life z kraj\u00edn mimo Spojen\u00e9ho kr\u00e1\u013eovstva","og_description":"Zahrajte si online lot\u00e9riu o anuitu vo Ve\u013ekej Brit\u00e1nii a vyhrajte mo\u017enos\u0165 by\u0165 nastaven\u00fd do konca \u017eivota.","og_url":"https:\/\/jackpotlotteryonline.com\/sk\/ako-hrat\/saturday-lotto-2\/","og_site_name":"Lotto Online - Crack The International Lottery Jackpots","article_modified_time":"2022-12-31T13:23:55+00:00","og_image":[{"url":"http:\/\/jackpotlotteryonline.com\/wp-content\/uploads\/2022\/11\/1_lottery_winner_ticket-200x300.jpg"}],"twitter_card":"summary_large_image","twitter_misc":{"Predpokladan\u00fd \u010das \u010d\u00edtania":"5 min\u00fat"},"schema":{"@context":"https:\/\/schema.org","@graph":[{"@type":"WebPage","@id":"https:\/\/jackpotlotteryonline.com\/sk\/ako-hrat\/saturday-lotto-2\/","url":"https:\/\/jackpotlotteryonline.com\/sk\/ako-hrat\/saturday-lotto-2\/","name":"Zahrajte si Set for Life z kraj\u00edn mimo Spojen\u00e9ho kr\u00e1\u013eovstva","isPartOf":{"@id":"https:\/\/jackpotlotteryonline.com\/#website"},"primaryImageOfPage":{"@id":"https:\/\/jackpotlotteryonline.com\/sk\/ako-hrat\/saturday-lotto-2\/#primaryimage"},"image":{"@id":"https:\/\/jackpotlotteryonline.com\/sk\/ako-hrat\/saturday-lotto-2\/#primaryimage"},"thumbnailUrl":"http:\/\/jackpotlotteryonline.com\/wp-content\/uploads\/2022\/11\/1_lottery_winner_ticket-200x300.jpg","datePublished":"2022-11-28T12:47:06+00:00","dateModified":"2022-12-31T13:23:55+00:00","description":"Zahrajte si online lot\u00e9riu o anuitu vo Ve\u013ekej Brit\u00e1nii a vyhrajte mo\u017enos\u0165 by\u0165 nastaven\u00fd do konca \u017eivota.","breadcrumb":{"@id":"https:\/\/jackpotlotteryonline.com\/sk\/ako-hrat\/saturday-lotto-2\/#breadcrumb"},"inLanguage":"sk-SK","potentialAction":[{"@type":"ReadAction","target":["https:\/\/jackpotlotteryonline.com\/sk\/ako-hrat\/saturday-lotto-2\/"]}]},{"@type":"ImageObject","inLanguage":"sk-SK","@id":"https:\/\/jackpotlotteryonline.com\/sk\/ako-hrat\/saturday-lotto-2\/#primaryimage","url":"http:\/\/jackpotlotteryonline.com\/wp-content\/uploads\/2022\/11\/1_lottery_winner_ticket-200x300.jpg","contentUrl":"http:\/\/jackpotlotteryonline.com\/wp-content\/uploads\/2022\/11\/1_lottery_winner_ticket-200x300.jpg"},{"@type":"BreadcrumbList","@id":"https:\/\/jackpotlotteryonline.com\/sk\/ako-hrat\/saturday-lotto-2\/#breadcrumb","itemListElement":[{"@type":"ListItem","position":1,"name":"Home","item":"https:\/\/jackpotlotteryonline.com\/sk\/"},{"@type":"ListItem","position":2,"name":"Ako hra\u0165","item":"https:\/\/jackpotlotteryonline.com\/sk\/ako-hrat\/"},{"@type":"ListItem","position":3,"name":"hra\u0165 Set For Life online"}]},{"@type":"WebSite","@id":"https:\/\/jackpotlotteryonline.com\/#website","url":"https:\/\/jackpotlotteryonline.com\/","name":"Lotto Online - Crack The International Lottery Jackpots","description":"","potentialAction":[{"@type":"SearchAction","target":{"@type":"EntryPoint","urlTemplate":"https:\/\/jackpotlotteryonline.com\/?s={search_term_string}"},"query-input":"required name=search_term_string"}],"inLanguage":"sk-SK"}]}},"_links":{"self":[{"href":"https:\/\/jackpotlotteryonline.com\/sk\/wp-json\/wp\/v2\/pages\/39668","targetHints":{"allow":["GET"]}}],"collection":[{"href":"https:\/\/jackpotlotteryonline.com\/sk\/wp-json\/wp\/v2\/pages"}],"about":[{"href":"https:\/\/jackpotlotteryonline.com\/sk\/wp-json\/wp\/v2\/types\/page"}],"author":[{"embeddable":true,"href":"https:\/\/jackpotlotteryonline.com\/sk\/wp-json\/wp\/v2\/users\/1"}],"replies":[{"embeddable":true,"href":"https:\/\/jackpotlotteryonline.com\/sk\/wp-json\/wp\/v2\/comments?post=39668"}],"version-history":[{"count":0,"href":"https:\/\/jackpotlotteryonline.com\/sk\/wp-json\/wp\/v2\/pages\/39668\/revisions"}],"up":[{"embeddable":true,"href":"https:\/\/jackpotlotteryonline.com\/sk\/wp-json\/wp\/v2\/pages\/35719"}],"wp:attachment":[{"href":"https:\/\/jackpotlotteryonline.com\/sk\/wp-json\/wp\/v2\/media?parent=39668"}],"curies":[{"name":"wp","href":"https:\/\/api.w.org\/{rel}","templated":true}]}}