{"id":39726,"date":"2022-11-29T08:27:05","date_gmt":"2022-11-29T08:27:05","guid":{"rendered":"https:\/\/jackpotlotteryonline.com\/?page_id=39726"},"modified":"2023-01-03T10:27:07","modified_gmt":"2023-01-03T10:27:07","slug":"new-york-lottery-2","status":"publish","type":"page","link":"https:\/\/jackpotlotteryonline.com\/sk\/ako-hrat\/new-york-lottery-2\/","title":{"rendered":"Hra\u0165 New York lotto online"},"content":{"rendered":"<p>Hist\u00f3ria newyorsk\u00e9ho lota je opraden\u00e1 dobr\u00fdmi skutkami a celkovou pozit\u00edvnos\u0165ou. Ako lot\u00e9ria, ktor\u00e1 vznikla ako sp\u00f4sob pomoci vzdel\u00e1vaniu v \u0161t\u00e1te, je dobrou vo\u013ebou pre tipuj\u00facich, ktor\u00ed maj\u00fa radi trochu altruizmu pri svojej z\u00e1bave. V podstate, ak chcete lot\u00e9riu, ktor\u00e1 v\u00e1m umo\u017en\u00ed ma\u0165 pocit, \u017ee prispievate k nie\u010domu dobr\u00e9mu vo svete, potom by ste mali zv\u00e1\u017ei\u0165 lot\u00e9riu New York.<\/p>\n<p>Ot\u00e1zkou pre v\u00e4\u010d\u0161inu hr\u00e1\u010dov v\u0161ak je, ako sa tejto lot\u00e9rie z\u00fa\u010dastni\u0165 z inej \u010dasti sveta. Ako ste u\u017e pravdepodobne uh\u00e1dli z n\u00e1zvu, New York lotto je \u0161t\u00e1tna lot\u00e9ria \u0161t\u00e1tu New York v USA. Je teda otvoren\u00e1 pre nad\u0161encov lotto, ktor\u00ed \u017eij\u00fa v tomto \u0161t\u00e1te, a \u017ereby sa daj\u00fa \u013eahko z\u00edska\u0165 u predajcov v tomto \u0161t\u00e1te. Ak \u017eijete mimo \u0161t\u00e1tu &#8211; alebo dokonca na \u00faplne inom kontinente &#8211; je to \u00faplne in\u00fd pr\u00edbeh.<\/p>\n<p>Ale nebojte sa, uk\u00e1\u017eeme v\u00e1m najlep\u0161\u00ed sp\u00f4sob, ako si k\u00fapi\u0165 \u017ereby lot\u00e9rie odkia\u013eko\u013evek na svete. Ak sa pon\u00e1h\u013eate, aby ste sa zapojili do \u010fal\u0161ieho \u017erebovania, pre\u010do nenav\u0161t\u00edvite str\u00e1nku jackpotlotteryonline.com a neza\u010dnete?<\/p>\n<h2>Tipy na hranie lot\u00e9rie New York<\/h2>\n<p>Teraz prejdime k tomu, pre\u010do sme tu; ako hra\u0165 lotto New York odkia\u013eko\u013evek. Sk\u00f4r ne\u017e sa pust\u00edme do podrobnost\u00ed, je asi dobr\u00e9 podeli\u0165 sa o nieko\u013eko tipov na hranie lota. Hoci tu hovor\u00edme o konkr\u00e9tnom lote, tieto tipy sa vz\u0165ahuj\u00fa aj na ostatn\u00e9 \u0161pi\u010dkov\u00e9 medzin\u00e1rodn\u00e9 lot\u00e9rie, do ktor\u00fdch sa tu mimochodom m\u00f4\u017eete tie\u017e zapoji\u0165.<\/p>\n<p><strong>To znamen\u00e1, \u017ee tu s\u00fa na\u0161e tipy na hranie lotto New York:<\/strong><\/p>\n<ul>\n<li>Starostlivo si vyberte \u010d\u00edsla. Je pravda, \u017ee neexistuje \u017eiadny skuto\u010dn\u00fd sp\u00f4sob, ako predpoveda\u0165, ktor\u00e9 \u010d\u00edsla v lotte vyhraj\u00fa, av\u0161ak je potrebn\u00e9 vybra\u0165 si \u010d\u00edsla, ktor\u00e9 pre v\u00e1s nie\u010do znamenaj\u00fa.<\/li>\n<li>D\u00e1vajte si pozor na bonusov\u00e9 \u010d\u00edslo. A to je nie\u010do, na \u010do ve\u013ea hr\u00e1\u010dov naozaj neprich\u00e1dza; skuto\u010dnos\u0165, \u017ee jackpot nie je v\u0161etko, \u010do m\u00f4\u017eete vyhra\u0165. Pr\u00e1ve bonusov\u00e9 \u010d\u00edslo rozhoduje o v\u00fdhre druhej \u00farovne, ktor\u00e1 je tie\u017e slu\u0161nou sumou, s ktorou m\u00f4\u017eete od\u00eds\u0165 domov.<\/li>\n<li>Nenechajte si ujs\u0165 \u017erebovanie. Ak ste v hre preto, aby ste vyhrali, mali by ste sa s\u00fastredi\u0165 na \u00fa\u010das\u0165 v \u017erebovaniach. Loto New York m\u00e1 dve \u017erebovania t\u00fd\u017edenne, v stredu a v sobotu. Sna\u017ete sa zapoji\u0165 do oboch \u017erebovan\u00ed. Do \u017erebovan\u00ed sa m\u00f4\u017eete prihl\u00e1si\u0165 aj nieko\u013eko t\u00fd\u017ed\u0148ov vopred (nesk\u00f4r v\u00e1m uk\u00e1\u017eeme, ako na to).<\/li>\n<\/ul>\n<h2>Offline verzus online<\/h2>\n<p><img loading=\"lazy\" decoding=\"async\" class=\"alignright size-full wp-image-31505\" src=\"https:\/\/jackpotlotteryonline.com\/wp-content\/uploads\/2022\/11\/lotto2-300x84-1.png\" alt=\"pHra\u0165 New York lotto online\" width=\"300\" height=\"84\" \/>Ak\u00fd je rozdiel medzi hran\u00edm lot\u00e9rie online a offline a existuj\u00fa nejak\u00e9 v\u00fdhody? \u00c1no, tieto ot\u00e1zky po\u010d\u00favame \u010dasto a s\u00fa to opr\u00e1vnen\u00e9 ot\u00e1zky. Ak \u017eijete napr\u00edklad v New Yorku, je prirodzen\u00e9, \u017ee v\u00e1s zauj\u00edma, \u010di je nejak\u00e1 v\u00fdhoda prihl\u00e1si\u0165 sa do lot\u00e9rie online. Nu\u017e, jednu v\u00e1m m\u00f4\u017eeme poskytn\u00fa\u0165: pohodlie.<\/p>\n<p>Snaha zisti\u0165, ktor\u00fd predajca pred\u00e1va ak\u00fd tiket lot\u00e9rie, m\u00f4\u017ee by\u0165 stresuj\u00faca najm\u00e4 vtedy, ke\u010f m\u00e1te pred ukon\u010den\u00edm predaja tiketov len nieko\u013eko min\u00fat. Okrem toho sa mo\u017eno budete chcie\u0165 zapoji\u0165 do viacer\u00fdch lot\u00e9ri\u00ed, a to sa stane nepreh\u013eadn\u00fdm, ak budete musie\u0165 prech\u00e1dza\u0165 od jedn\u00e9ho predajcu k druh\u00e9mu.<\/p>\n<p>Hranie lot\u00e9rie online poskytuje st\u00e1vkuj\u00facim pohodlie, o akom sa im doteraz ani nesn\u00edvalo. Priamo z pohodlia svojho po\u010d\u00edta\u010da alebo mobiln\u00e9ho zariadenia si m\u00f4\u017eete k\u00fapi\u0165 \u017ereby, skontrolova\u0165 v\u00fdsledky \u017erebovania a vyplati\u0165 pr\u00edpadn\u00e9 v\u00fdhry. Ak raz vysk\u00fa\u0161ate hra\u0165 lot\u00e9riu online, u\u017e nebude cesty sp\u00e4\u0165, to v\u00e1m m\u00f4\u017eeme zaru\u010di\u0165.<\/p>\n<h2>Ako hra\u0165 online<\/h2>\n<p>\u010ci u\u017e ste sk\u00fasen\u00fd hr\u00e1\u010d alebo nov\u00e1\u010dik, vstup do lot\u00e9rie online je r\u00fdchly, jednoduch\u00fd a \u00faplne jednoduch\u00fd. Ak hr\u00e1te lot\u00e9riu New York, tu s\u00fa uveden\u00e9 nasleduj\u00face kroky:<\/p>\n<ul>\n<li>Kliknite na lot\u00e9riu, ktor\u00fa chcete hra\u0165.<\/li>\n<li>Vyberte si 6 \u010d\u00edsel z rozsahu 1 a\u017e 59. Existuje aj 7. \u010d\u00edslo, ale to je n\u00e1hodne vylosovan\u00e9 lot\u00e9riovou spolo\u010dnos\u0165ou a nie je s\u00fa\u010das\u0165ou v\u00e1\u0161ho tiketu.<\/li>\n<li><a href=\"https:\/\/jackpotlotteryonline.com\/sk\/vyherne-cisla\/new-york-lottery\">Zadajte \u017erebovania<\/a>, ktor\u00e9 sa konaj\u00fa ka\u017ed\u00fd t\u00fd\u017ede\u0148 v stredu a v sobotu. M\u00f4\u017eete sa z\u00fa\u010dastni\u0165 len jedn\u00e9ho \u017erebovania alebo oboch.<\/li>\n<li>Dokon\u010dite svoju platbu. V\u00e4\u010d\u0161ina lot\u00e9riov\u00fdch str\u00e1nok od v\u00e1s bude po\u017eadova\u0165 registr\u00e1ciu, aby ste mohli dokon\u010di\u0165 platbu. Je to preto, aby ste mali po zak\u00fapen\u00ed tiketu k nemu jednoduch\u00fd pr\u00edstup.<\/li>\n<\/ul>\n<p>Hranie lot\u00e9rie online je naozaj tak\u00e9 jednoduch\u00e9. Vzh\u013eadom na to, \u017ee neexistuje \u017eiadny in\u00fd sp\u00f4sob, ako z\u00edska\u0165 tikety do lot\u00e9rie New York z \u00fazemia mimo \u0161t\u00e1tu New York v USA, je to fantastick\u00e1 met\u00f3da aj vtedy, ke\u010f \u017eijete v inej \u010dasti sveta.<\/p>\n<section class=\"layout\" style=\"border: solid 1px; width: 100%;\">\n<div class=\"img-div\" style=\"margin-top: 5px;\"><img decoding=\"async\" class=\"wp-image-17212 alignleft\" style=\"height: 45px; margin: 8px 8px 0px;\" src=\"https:\/\/jackpotlotteryonline.com\/wp-content\/uploads\/2022\/11\/read1.jpg\" alt=\"Preberite \" width=\"\" height=\"\" \/><\/div>\n<div style=\"padding-left: 5px;\">\n<div style=\"font-size: 1.1em;\">\n<p><strong>Ako dostanem v\u00fdplatu, ak vyhr\u00e1m v lot\u00e9rii online?<\/strong><\/p>\n<p style=\"font-size: 0.85em; margin-top: -1.5em;\">Takto z\u00edskate svoje peniaze, ak vyhr\u00e1te v lot\u00e9rii online <a href=\"https:\/\/jackpotlotteryonline.com\/sk\/ako-ziskam-platbu-ak-vyhram-loteriu-online\">\u010d\u00edtaj viac<\/a><\/p>\n<\/div>\n<\/div>\n<\/section>\n<h2>Ako vybra\u0165 v\u00fdhern\u00e9 \u010d\u00edsla<\/h2>\n<p>T\u00e9ma v\u00fdberu v\u00fdhern\u00fdch \u010d\u00edsel je zlo\u017eit\u00e1, hoci ak sa na \u0148u pozriete bli\u017e\u0161ie, nemalo by to tak by\u0165. Pr\u00edli\u0161 ju komplikuj\u00fa t\u00ed, ktor\u00ed v\u00e1m chc\u00fa poskytn\u00fa\u0165 takzvan\u00e9 matematick\u00e9 vzorce na v\u00fdhru v lot\u00e9rii. V\u00e1\u017ene, ned\u00f4verujte \u017eiadnej takzvanej vedeckej met\u00f3de.<\/p>\n<p>Lot\u00e9ria je n\u00e1hodn\u00e1 hra a lot\u00e9ria New York nie je v\u00fdnimkou. \u010c\u00edsla sa generuj\u00fa n\u00e1hodne a \u0161\u0165astie m\u00e1 ve\u013ea spolo\u010dn\u00e9ho s t\u00fdm, kto v lot\u00e9rii vyhr\u00e1.<\/p>\n<p>Vzh\u013eadom na to je v\u017edy dobr\u00e9 trochu vyu\u017ei\u0165 faktor \u0161\u0165astia v\u00fdberom \u0161\u0165astn\u00fdch \u010d\u00edsel. M\u00f4\u017eete si teda vybra\u0165 narodeniny, v\u00fdro\u010dia, \u010d\u00edsla, ktor\u00e9 v\u00e1m cel\u00fd \u017eivot prin\u00e1\u0161ali \u0161\u0165astie, at\u010f. Alebo m\u00f4\u017eete jednoducho pou\u017ei\u0165 n\u00e1stroj automatick\u00e9ho gener\u00e1tora na na\u0161ej str\u00e1nke na n\u00e1hodn\u00fd v\u00fdber \u010d\u00edsel. Nakoniec je to v\u0161etko o \u0161\u0165ast\u00ed.<\/p>\n<h2>Kde k\u00fapi\u0165 vstupenky na lotto New York<\/h2>\n<p><img loading=\"lazy\" decoding=\"async\" class=\"alignright size-medium wp-image-28913\" src=\"https:\/\/jackpotlotteryonline.com\/wp-content\/uploads\/2022\/11\/1_pick_lottery_numbers-300x200.jpg\" alt=\"k\u00fapi\u0165 losy New York lotto\" width=\"300\" height=\"200\" srcset=\"https:\/\/jackpotlotteryonline.com\/wp-content\/uploads\/2022\/11\/1_pick_lottery_numbers-300x200.jpg 300w, https:\/\/jackpotlotteryonline.com\/wp-content\/uploads\/2022\/11\/1_pick_lottery_numbers.jpg 320w\" sizes=\"auto, (max-width: 300px) 100vw, 300px\" \/>Ak ste pripraven\u00ed vst\u00fapi\u0165 do lot\u00e9rie New York, \u010fal\u0161\u00edm krokom je <a href=\"https:\/\/jackpotlotteryonline.com\/sk\/kupit-vstupenky\/new-york-lottery\">k\u00fapi\u0165 si tikety<\/a>. M\u00f4\u017eete tak urobi\u0165 online na str\u00e1nke predajcu lot\u00e9rie, ako je jackpotlotteryonline.com. Je d\u00f4le\u017eit\u00e9 d\u00e1va\u0165 si pozor na str\u00e1nky lot\u00e9rie, ktor\u00e9 v\u00e1m presne nepovedia, ako z\u00edskaj\u00fa va\u0161e tikety. Tak\u00e9to str\u00e1nky v\u00e1m m\u00f4\u017eu umo\u017eni\u0165 iba vsadi\u0165 si na v\u00fdsledok lot\u00e9rie bez toho, aby ste sa jej skuto\u010dne z\u00fa\u010dastnili.<\/p>\n<p>Ke\u010f si k\u00fapite tikety lot\u00e9rie od n\u00e1s, na\u0161i agenti v New Yorku v\u00e1m k\u00fapia tikety s pr\u00edslu\u0161n\u00fdmi \u010d\u00edslami. Je to takmer ako ma\u0165 svojho osobn\u00e9ho lot\u00e9riov\u00e9ho agenta v r\u00f4znych \u010dastiach sveta.<\/p>\n<h2>V\u00fdhern\u00e9 \u00farovne pre lot\u00e9riu New York<\/h2>\n<p>Loto New York m\u00e1 nieko\u013eko \u00farovn\u00ed cien. Hoci v\u00e4\u010d\u0161ina tipuj\u00facich sa sna\u017e\u00ed z\u00edska\u0165 jackpot, a mali by ste aj vy, je faktom, \u017ee nie ka\u017ed\u00fd m\u00f4\u017ee vyhra\u0165 jackpot. Napriek tomu existuje nieko\u013eko \u010fal\u0161\u00edch v\u00fdhern\u00fdch kateg\u00f3ri\u00ed, ktor\u00e9 m\u00f4\u017eu tipuj\u00faci vyhra\u0165.<\/p>\n<p>V\u00fdhra jackpotu teda za\u010d\u00edna na 2 mili\u00f3noch dol\u00e1rov, ale nenechajte sa touto sumou zmias\u0165. Ke\u010f po \u017erebovan\u00ed nie je \u017eiadny v\u00fdherca, v\u00fdhra sa preklop\u00ed a za\u010dne len r\u00e1s\u0165 a r\u00e1s\u0165. Najv\u00e4\u010d\u0161\u00ed jackpot v hist\u00f3rii tejto lot\u00e9rie bol \u00fa\u017easn\u00fdch 176 mili\u00f3nov dol\u00e1rov. \u00c1no, \u00faplne men\u00ed \u017eivot.<\/p>\n<p>\u00darove\u0148 1 (jackpot) &#8211; zhodujte v\u0161etk\u00fdch 6 vy\u017erebovan\u00fdch \u010d\u00edsel<\/p>\n<p>\u00darove\u0148 2 &#8211; padne 5 \u010d\u00edsel + bonusov\u00e9 \u010d\u00edslo<\/p>\n<p>\u00darove\u0148 3 &#8211; zhodujte sa s 5 \u010d\u00edslami<\/p>\n<p>\u00darove\u0148 4 &#8211; zhodn\u00e9 4 \u010d\u00edsla<\/p>\n<p>\u00darove\u0148 5 &#8211; zhodujte sa s 3 \u010d\u00edslami<\/p>\n<h2>V\u00fdhra a vyplatenie pe\u0148az\u00ed<\/h2>\n<p>Vyhra\u0165 lotto New York znamen\u00e1 ma\u0165 tiket, ktor\u00fd sa zhoduje s vy\u017erebovan\u00fdmi \u010d\u00edslami. Ktoko\u013evek, kto sa zhoduje s vy\u017erebovan\u00fdmi \u010d\u00edslami, vyhr\u00e1va v lot\u00e9rii. Ak chcete zisti\u0165, \u010di ste vyhrali v lot\u00e9rii, mus\u00edte skontrolova\u0165 v\u00fdsledky \u017erebovania. Ak ste u n\u00e1s zaregistrovan\u00fd, po\u0161leme v\u00e1m e-mail, ak vyhr\u00e1te cenu.<\/p>\n<p>Ak si u n\u00e1s k\u00fapite tikety lotto, m\u00f4\u017eete si v\u00fdhry jednoducho vybra\u0165 z na\u0161ej platformy na svoj \u00fa\u010det. Ak vyhr\u00e1te 2500 eur alebo menej, potom si svoje peniaze m\u00f4\u017eete vybra\u0165 jednoduch\u00fdm kliknut\u00edm. Ak je to viac, po\u0161leme v\u00e1m formul\u00e1r s po\u017eiadavkami na vyplnenie a potom v\u00e1m pom\u00f4\u017eeme so spracovan\u00edm va\u0161ej v\u00fdhry.<\/p>\n<p>Vyh\u013eadajte si teraz tikety do lot\u00e9rie New York na str\u00e1nke jackpotlotteryonline.com.<\/p>\n","protected":false},"excerpt":{"rendered":"<p>Hist\u00f3ria newyorsk\u00e9ho lota je opraden\u00e1 dobr\u00fdmi skutkami a celkovou pozit\u00edvnos\u0165ou. Ako lot\u00e9ria, ktor\u00e1 vznikla ako sp\u00f4sob pomoci vzdel\u00e1vaniu v \u0161t\u00e1te, je dobrou vo\u013ebou pre tipuj\u00facich, ktor\u00ed maj\u00fa radi trochu altruizmu pri svojej z\u00e1bave. V podstate, ak chcete lot\u00e9riu, ktor\u00e1 v\u00e1m umo\u017en\u00ed ma\u0165 pocit, \u017ee prispievate k nie\u010domu dobr\u00e9mu vo svete, potom by ste mali zv\u00e1\u017ei\u0165 [&hellip;]<\/p>\n","protected":false},"author":1,"featured_media":0,"parent":35719,"menu_order":14,"comment_status":"closed","ping_status":"closed","template":"newyork.php","meta":{"_et_pb_use_builder":"","_et_pb_old_content":"","_et_gb_content_width":"","exclude_from_search":false,"footnotes":""},"class_list":["post-39726","page","type-page","status-publish","hentry"],"yoast_head":"<!-- This site is optimized with the Yoast SEO plugin v23.3 - https:\/\/yoast.com\/wordpress\/plugins\/seo\/ -->\n<title>Ako hra\u0165 lotto New York odkia\u013eko\u013evek<\/title>\n<meta name=\"description\" content=\"Nez\u00e1le\u017e\u00ed na tom, kde sa nach\u00e1dzate, do lotta New York sa m\u00f4\u017eete zapoji\u0165 online. Viac inform\u00e1ci\u00ed o tom, ako hra\u0165 a vyhra\u0165, n\u00e1jdete tu.\" \/>\n<meta name=\"robots\" content=\"index, follow, max-snippet:-1, max-image-preview:large, max-video-preview:-1\" \/>\n<link rel=\"canonical\" href=\"https:\/\/jackpotlotteryonline.com\/sk\/ako-hrat\/new-york-lottery-2\/\" \/>\n<meta property=\"og:locale\" content=\"sk_SK\" \/>\n<meta property=\"og:type\" content=\"article\" \/>\n<meta property=\"og:title\" content=\"Ako hra\u0165 lotto New York odkia\u013eko\u013evek\" \/>\n<meta property=\"og:description\" content=\"Nez\u00e1le\u017e\u00ed na tom, kde sa nach\u00e1dzate, do lotta New York sa m\u00f4\u017eete zapoji\u0165 online. Viac inform\u00e1ci\u00ed o tom, ako hra\u0165 a vyhra\u0165, n\u00e1jdete tu.\" \/>\n<meta property=\"og:url\" content=\"https:\/\/jackpotlotteryonline.com\/sk\/ako-hrat\/new-york-lottery-2\/\" \/>\n<meta property=\"og:site_name\" content=\"Lotto Online - Crack The International Lottery Jackpots\" \/>\n<meta property=\"article:modified_time\" content=\"2023-01-03T10:27:07+00:00\" \/>\n<meta property=\"og:image\" content=\"https:\/\/jackpotlotteryonline.com\/wp-content\/uploads\/2022\/11\/lotto2-300x84-1.png\" \/>\n<meta name=\"twitter:card\" content=\"summary_large_image\" \/>\n<meta name=\"twitter:label1\" content=\"Predpokladan\u00fd \u010das \u010d\u00edtania\" \/>\n\t<meta name=\"twitter:data1\" content=\"6 min\u00fat\" \/>\n<!-- \/ Yoast SEO plugin. -->","yoast_head_json":{"title":"Ako hra\u0165 lotto New York odkia\u013eko\u013evek","description":"Nez\u00e1le\u017e\u00ed na tom, kde sa nach\u00e1dzate, do lotta New York sa m\u00f4\u017eete zapoji\u0165 online. Viac inform\u00e1ci\u00ed o tom, ako hra\u0165 a vyhra\u0165, n\u00e1jdete tu.","robots":{"index":"index","follow":"follow","max-snippet":"max-snippet:-1","max-image-preview":"max-image-preview:large","max-video-preview":"max-video-preview:-1"},"canonical":"https:\/\/jackpotlotteryonline.com\/sk\/ako-hrat\/new-york-lottery-2\/","og_locale":"sk_SK","og_type":"article","og_title":"Ako hra\u0165 lotto New York odkia\u013eko\u013evek","og_description":"Nez\u00e1le\u017e\u00ed na tom, kde sa nach\u00e1dzate, do lotta New York sa m\u00f4\u017eete zapoji\u0165 online. Viac inform\u00e1ci\u00ed o tom, ako hra\u0165 a vyhra\u0165, n\u00e1jdete tu.","og_url":"https:\/\/jackpotlotteryonline.com\/sk\/ako-hrat\/new-york-lottery-2\/","og_site_name":"Lotto Online - Crack The International Lottery Jackpots","article_modified_time":"2023-01-03T10:27:07+00:00","og_image":[{"url":"https:\/\/jackpotlotteryonline.com\/wp-content\/uploads\/2022\/11\/lotto2-300x84-1.png"}],"twitter_card":"summary_large_image","twitter_misc":{"Predpokladan\u00fd \u010das \u010d\u00edtania":"6 min\u00fat"},"schema":{"@context":"https:\/\/schema.org","@graph":[{"@type":"WebPage","@id":"https:\/\/jackpotlotteryonline.com\/sk\/ako-hrat\/new-york-lottery-2\/","url":"https:\/\/jackpotlotteryonline.com\/sk\/ako-hrat\/new-york-lottery-2\/","name":"Ako hra\u0165 lotto New York odkia\u013eko\u013evek","isPartOf":{"@id":"https:\/\/jackpotlotteryonline.com\/#website"},"primaryImageOfPage":{"@id":"https:\/\/jackpotlotteryonline.com\/sk\/ako-hrat\/new-york-lottery-2\/#primaryimage"},"image":{"@id":"https:\/\/jackpotlotteryonline.com\/sk\/ako-hrat\/new-york-lottery-2\/#primaryimage"},"thumbnailUrl":"https:\/\/jackpotlotteryonline.com\/wp-content\/uploads\/2022\/11\/lotto2-300x84-1.png","datePublished":"2022-11-29T08:27:05+00:00","dateModified":"2023-01-03T10:27:07+00:00","description":"Nez\u00e1le\u017e\u00ed na tom, kde sa nach\u00e1dzate, do lotta New York sa m\u00f4\u017eete zapoji\u0165 online. Viac inform\u00e1ci\u00ed o tom, ako hra\u0165 a vyhra\u0165, n\u00e1jdete tu.","breadcrumb":{"@id":"https:\/\/jackpotlotteryonline.com\/sk\/ako-hrat\/new-york-lottery-2\/#breadcrumb"},"inLanguage":"sk-SK","potentialAction":[{"@type":"ReadAction","target":["https:\/\/jackpotlotteryonline.com\/sk\/ako-hrat\/new-york-lottery-2\/"]}]},{"@type":"ImageObject","inLanguage":"sk-SK","@id":"https:\/\/jackpotlotteryonline.com\/sk\/ako-hrat\/new-york-lottery-2\/#primaryimage","url":"https:\/\/jackpotlotteryonline.com\/wp-content\/uploads\/2022\/11\/lotto2-300x84-1.png","contentUrl":"https:\/\/jackpotlotteryonline.com\/wp-content\/uploads\/2022\/11\/lotto2-300x84-1.png"},{"@type":"BreadcrumbList","@id":"https:\/\/jackpotlotteryonline.com\/sk\/ako-hrat\/new-york-lottery-2\/#breadcrumb","itemListElement":[{"@type":"ListItem","position":1,"name":"Home","item":"https:\/\/jackpotlotteryonline.com\/sk\/"},{"@type":"ListItem","position":2,"name":"Ako hra\u0165","item":"https:\/\/jackpotlotteryonline.com\/sk\/ako-hrat\/"},{"@type":"ListItem","position":3,"name":"Hra\u0165 New York lotto online"}]},{"@type":"WebSite","@id":"https:\/\/jackpotlotteryonline.com\/#website","url":"https:\/\/jackpotlotteryonline.com\/","name":"Lotto Online - Crack The International Lottery Jackpots","description":"","potentialAction":[{"@type":"SearchAction","target":{"@type":"EntryPoint","urlTemplate":"https:\/\/jackpotlotteryonline.com\/?s={search_term_string}"},"query-input":"required name=search_term_string"}],"inLanguage":"sk-SK"}]}},"_links":{"self":[{"href":"https:\/\/jackpotlotteryonline.com\/sk\/wp-json\/wp\/v2\/pages\/39726","targetHints":{"allow":["GET"]}}],"collection":[{"href":"https:\/\/jackpotlotteryonline.com\/sk\/wp-json\/wp\/v2\/pages"}],"about":[{"href":"https:\/\/jackpotlotteryonline.com\/sk\/wp-json\/wp\/v2\/types\/page"}],"author":[{"embeddable":true,"href":"https:\/\/jackpotlotteryonline.com\/sk\/wp-json\/wp\/v2\/users\/1"}],"replies":[{"embeddable":true,"href":"https:\/\/jackpotlotteryonline.com\/sk\/wp-json\/wp\/v2\/comments?post=39726"}],"version-history":[{"count":0,"href":"https:\/\/jackpotlotteryonline.com\/sk\/wp-json\/wp\/v2\/pages\/39726\/revisions"}],"up":[{"embeddable":true,"href":"https:\/\/jackpotlotteryonline.com\/sk\/wp-json\/wp\/v2\/pages\/35719"}],"wp:attachment":[{"href":"https:\/\/jackpotlotteryonline.com\/sk\/wp-json\/wp\/v2\/media?parent=39726"}],"curies":[{"name":"wp","href":"https:\/\/api.w.org\/{rel}","templated":true}]}}