{"id":40330,"date":"2022-12-02T10:56:47","date_gmt":"2022-12-02T10:56:47","guid":{"rendered":"https:\/\/jackpotlotteryonline.com\/?page_id=40330"},"modified":"2022-12-19T15:07:25","modified_gmt":"2022-12-19T15:07:25","slug":"mega-millions","status":"publish","type":"page","link":"https:\/\/jackpotlotteryonline.com\/sk\/kupit-vstupenky\/mega-millions\/","title":{"rendered":"L\u00edstky Mega Millions"},"content":{"rendered":"<h2>Ako si m\u00f4\u017eete k\u00fapi\u0165 tiket Mega Millions online?<\/h2>\n<p>Ak \u010d\u00edtate tento \u010dl\u00e1nok, pravdepodobne m\u00e1te z\u00e1ujem o k\u00fapu tiketu Mega Millions. Mega Millions je jednou z mnoh\u00fdch lot\u00e9ri\u00ed, ktor\u00e9 pon\u00fakaj\u00fa ve\u013ek\u00e9 jackpoty pre svojich v\u00fdhercov. Mo\u017eno sa teraz p\u00fdtate: &#8220;Ako si m\u00f4\u017eem k\u00fapi\u0165 tiket Mega Millions online?&#8221;.<\/p>\n<p>Nu\u017e, m\u00e1me pre v\u00e1s rie\u0161enie. Tu je sprievodca, ktor\u00fd v\u00e1m pom\u00f4\u017ee k\u00fapi\u0165 si tiket Mega Millions online.<\/p>\n<h2>Pre\u010do si k\u00fapi\u0165 tikety Mega Millions online?<\/h2>\n<p><img loading=\"lazy\" decoding=\"async\" class=\"alignright size-full wp-image-31073\" src=\"http:\/\/jackpotlotteryonline.com\/wp-content\/uploads\/2022\/11\/logo_Mega_Millions_233x110.png\" alt=\"K\u00fapi\u0165 tiket mega mili\u00f3ny online\" width=\"232\" height=\"110\" \/>Mega Million je lot\u00e9ria v USA s ve\u013ek\u00fdmi jackpotmi, ktor\u00e9 menia \u017eivot a \u010dasto dosahuj\u00fa stovky mili\u00f3nov libier. V\u00fdhra v tomto jackpote v\u00e1m m\u00f4\u017ee zmeni\u0165 \u017eivot zo d\u0148a na de\u0148, ale len vtedy, ak budete ma\u0165 \u0161\u0165astie a v\u0161etky v\u00fdhern\u00e9 \u010d\u00edsla padn\u00fa spr\u00e1vne.<\/p>\n<p>Ak pl\u00e1nujete <a href=\"https:\/\/jackpotlotteryonline.com\/sk\/ako-hrat\/mega-millions\">hra\u0165 t\u00fato lot\u00e9riu online<\/a>, znamen\u00e1 to, \u017ee tikety budeme vo va\u0161om mene nakupova\u0165 prostredn\u00edctvom na\u0161ich miestnych obchodn\u00fdch z\u00e1stupcov. Sme d\u00f4veryhodn\u00fdm poskytovate\u013eom slu\u017eieb concierge, ktor\u00fd poskytuje tieto slu\u017eby pre na\u0161ich z\u00e1kazn\u00edkov po celom svete. Zabezpe\u010dujeme, aby na\u0161i z\u00e1kazn\u00edci dostali tie najlep\u0161ie slu\u017eby, tak pre\u010do nenak\u00fapi\u0165 u n\u00e1s?<\/p>\n<p>Ke\u010f\u017ee Mega Millions je obrovsk\u00fd jackpot a z\u00fa\u010dast\u0148uje sa ho ve\u013ea \u013eud\u00ed, \u0161ance na v\u00fdhru s\u00fa pomerne vysok\u00e9 a v\u00e4\u010d\u0161ina \u013eud\u00ed h\u013ead\u00e1 met\u00f3dy, ktor\u00e9 m\u00f4\u017eu pou\u017ei\u0165 na zv\u00fd\u0161enie svojich \u0161anc\u00ed na v\u00fdhru v tomto jackpote.<\/p>\n<p>Jedn\u00fdm zo sp\u00f4sobov, ako zv\u00fd\u0161i\u0165 svoje \u0161ance, je k\u00fapi\u0165 si tiket Mega Millions online. M\u00f4\u017eete to urobi\u0165 na na\u0161ej webovej str\u00e1nke tak, \u017ee si jednoducho objedn\u00e1te tiket odkia\u013eko\u013evek na svete a na va\u0161om \u00fa\u010dte bude k dispoz\u00edcii sken tiketu Mega Millions. Pri k\u00fape tiketu Mega Millions online sa nemus\u00edte ob\u00e1va\u0165 straty alebo kr\u00e1de\u017ee tiketu, preto\u017ee \u00fadaje o va\u0161om tikete bud\u00fa bezpe\u010dne ulo\u017een\u00e9.<\/p>\n<p>Okrem toho je n\u00e1kup tiketu Mega Millions online pohodlnej\u0161\u00ed ako n\u00e1v\u0161teva fyzick\u00e9ho obchodu, preto\u017ee objedn\u00e1vku m\u00f4\u017eete urobi\u0165 z pohodlia domova odkia\u013eko\u013evek na svete. Na tejto lot\u00e9rii Mega Millions sa z\u00fa\u010dastn\u00edte rovnako ako obyvatelia USA, ke\u010f budete \u010daka\u0165 na \u017erebovanie.<\/p>\n<h2>Postup n\u00e1kupu tiketov Mega Millions online<\/h2>\n<p>Sk\u00f4r ako si u n\u00e1s k\u00fapite tiket Mega Millions, mali by ste vedie\u0165, \u017ee budeme p\u00f4sobi\u0165 ako sprostredkovate\u013e medzi vami a lot\u00e9riou, \u010do v\u00e1m umo\u017en\u00ed hra\u0165 a kupova\u0165 tikety online bez toho, aby ste museli nav\u0161t\u00edvi\u0165 fyzick\u00fa predaj\u0148u lot\u00e9rie.<\/p>\n<p>Ste teraz pripraven\u00ed k\u00fapi\u0165 si svoj tiket Mega Millions online? Ak \u00e1no, ni\u017e\u0161ie uv\u00e1dzame nieko\u013eko krokov, ktor\u00e9 je potrebn\u00e9 dodr\u017ea\u0165, aby bol v\u00e1\u0161 n\u00e1kup tiketu \u00faspe\u0161n\u00fd.<\/p>\n<p><strong>1. Vytvorte si \u00fa\u010det.<\/strong><br \/>\n<img loading=\"lazy\" decoding=\"async\" class=\"alignright size-full wp-image-34025\" src=\"http:\/\/jackpotlotteryonline.com\/wp-content\/uploads\/2022\/11\/2_ticket_mega_millions3-1.jpg\" alt=\"K\u00fapi\u0165 tiket mega mili\u00f3ny online\" width=\"180\" height=\"193\" \/>Ak ste nov\u00e1\u010dikom, budete presmerovan\u00ed na str\u00e1nku s registr\u00e1ciou, kde uvediete po\u017eadovan\u00e9 \u00fadaje. Po \u00faspe\u0161nom vytvoren\u00ed hr\u00e1\u010dskeho konta prejdite na str\u00e1nku lot\u00e9rie Mega Millions a vykonajte nasleduj\u00face kroky:<\/p>\n<p>Vyberte \u010d\u00edsla, s ktor\u00fdmi chcete hra\u0165. M\u00f4\u017eete to urobi\u0165 bu\u010f ru\u010dne, alebo pou\u017ei\u0165 n\u00e1\u0161 gener\u00e1tor n\u00e1hodn\u00fdch \u010d\u00edsel, ktor\u00fd \u010d\u00edsla vyberie n\u00e1hodne.<\/p>\n<p>Potom vyberte po\u010det \u017erebovan\u00ed, ktor\u00fdch sa chcete z\u00fa\u010dastni\u0165. M\u00f4\u017eete si vybra\u0165 jedno \u017erebovanie alebo si zak\u00fapi\u0165 tikety na viac \u017erebovan\u00ed. \u00da\u010das\u0165 vo viacer\u00fdch \u017erebovaniach zvy\u0161uje va\u0161e \u0161ance na v\u00fdhru jackpotu Mega Millions.<\/p>\n<p><strong>2. Kliknite na tla\u010didlo &#8220;Pokra\u010dova\u0165&#8221; a prejdite na str\u00e1nku s poklad\u0148ou.<\/strong><\/p>\n<p><strong>3. Sp\u00f4soby platby<\/strong><\/p>\n<p>Prejdite na platobn\u00fa str\u00e1nku a zapla\u0165te za svoje tikety. Sken v\u00e1\u0161ho tiketu Mega Millions bude po ur\u010ditom \u010dase nahran\u00fd na va\u0161e konto.<\/p>\n<p><strong>4. Teraz u\u017e len mus\u00edte \u010daka\u0165 na \u017erebovania, ktor\u00e9 sa konaj\u00fa ka\u017ed\u00fd utorok a piatok o 23:00.<\/strong> \u010casov\u00e9 p\u00e1sma sa m\u00f4\u017eu l\u00ed\u0161i\u0165, preto v\u00e1m odpor\u00fa\u010dame, aby ste si pri \u010dakan\u00ed na <a href=\"https:\/\/jackpotlotteryonline.com\/sk\/vyherne-cisla\/mega-millions\">\u017erebovanie<\/a> potvrdili \u010dasov\u00e9 p\u00e1smo.<\/p>\n<h2>\u010co sa stane po tom, ako vyhr\u00e1m jackpot Mega Millions?<\/h2>\n<p>Ak ste spr\u00e1vne trafili v\u0161etky \u010d\u00edsla, mo\u017eno v\u00e1s zauj\u00edma, \u010do m\u00e1te robi\u0165 \u010falej alebo ako dostanete svoju v\u00fdhru. V\u0161etky v\u00fdhry dostanete a nebudete musie\u0165 cestova\u0165 do USA, aby ste si vyzdvihli svoju odmenu Mega Millions. Vedzte len, \u017ee sken v\u00e1\u0161ho tiketu bude sl\u00fa\u017ei\u0165 ako d\u00f4kaz o \u00fa\u010dasti, preto si ho uschovajte; budete ho potrebova\u0165.<\/p>\n<section class=\"layout\" style=\"border: solid 1px; width: 100%;\">\n<div class=\"img-div\" style=\"margin-top: 5px;\"><img decoding=\"async\" class=\"wp-image-17212 alignleft\" style=\"height: 45px; margin: 8px 8px 0px;\" src=\"http:\/\/jackpotlotteryonline.com\/wp-content\/uploads\/2022\/11\/read1.jpg\" alt=\"odme\u0148ovanie v\u00ed\u0165aza\" width=\"\" height=\"\" \/><\/div>\n<div style=\"padding-left: 5px;\">\n<div style=\"font-size: 1.1em;\">\n<p><strong>Ako dostanem v\u00fdplatu, ak vyhr\u00e1m v lot\u00e9rii online?<\/strong><\/p>\n<p style=\"font-size: 0.85em; margin-top: -1.5em;\">Takto z\u00edskate svoje peniaze, ak vyhr\u00e1te v lot\u00e9rii online \u00a0<a href=\"https:\/\/jackpotlotteryonline.com\/sk\/ako-ziskam-platbu-ak-vyhram-loteriu-online\">\u010d\u00edtaj viac<\/a><\/p>\n<\/div>\n<\/div>\n<\/section>\n<h2>Tipy, ktor\u00e9 v\u00e1m pom\u00f4\u017eu od\u00eds\u0165 s jackpotom Mega Millions<\/h2>\n<p><img loading=\"lazy\" decoding=\"async\" class=\"size-medium wp-image-29858 alignright\" src=\"http:\/\/jackpotlotteryonline.com\/wp-content\/uploads\/2022\/11\/1_win_euromillions_lottery-300x164.jpg\" alt=\"K\u00fapi\u0165 tiket mega mili\u00f3ny online\" width=\"300\" height=\"164\" srcset=\"https:\/\/jackpotlotteryonline.com\/wp-content\/uploads\/2022\/11\/1_win_euromillions_lottery-300x164.jpg 300w, https:\/\/jackpotlotteryonline.com\/wp-content\/uploads\/2022\/11\/1_win_euromillions_lottery.jpg 350w\" sizes=\"auto, (max-width: 300px) 100vw, 300px\" \/>Ak pl\u00e1nujete hra\u0165 lot\u00e9riu Mega Millions a vyhra\u0165 jackpot, mali by ste zv\u00e1\u017ei\u0165 nieko\u013eko vec\u00ed, ktor\u00e9 zv\u00fd\u0161ia va\u0161e \u0161ance na v\u00fdhru.<\/p>\n<p>Po prv\u00e9, na za\u010diatok si starostlivo vyberte \u010d\u00edsla. Nevyberajte si pr\u00edli\u0161 \u010dast\u00e9 \u010d\u00edsla; namiesto toho zv\u00e1\u017ete, \u010di pou\u017eijete \u0161\u0165astn\u00e9 \u010d\u00edsla alebo si \u010d\u00edsla vyberiete n\u00e1hodne. Uistite sa, \u017ee s\u00fa rovnomerne rozlo\u017een\u00e9, aby ste sa vyhli v\u00fdberu rovnak\u00fdch \u010d\u00edsel ako ostatn\u00ed hr\u00e1\u010di.<\/p>\n<p>Po druh\u00e9, porovnajte posledn\u00e9 v\u00fdhern\u00e9 \u010d\u00edsla a pre\u0161tudujte si \u010d\u00edseln\u00e9 vzorce. Z \u010d\u00edsel, ktor\u00e9 ste vybrali, vyl\u00fa\u010dte tie, ktor\u00e9 boli vy\u017erebovan\u00e9 ned\u00e1vno.<\/p>\n<p>Pre\u0161tudujte si aj vzor naj\u010dastej\u0161\u00edch v\u00fdhern\u00fdch \u010d\u00edsel a ozna\u010dte ich ako \u010d\u00edsla s najvy\u0161\u0161ou frekvenciou v\u00fdhier. Po ich pozorovan\u00ed rozde\u013ete niektor\u00e9 z nich pod\u013ea vami vybran\u00fdch \u010d\u00edsel.<\/p>\n<p>Nakoniec m\u00e1te mo\u017enos\u0165 hra\u0165 lot\u00e9riu Mega Millions v syndik\u00e1te. To je ako keby ste si kupovali tikety ako skupina a v\u0161etky v\u00fdhry sa rozdelia rovn\u00fdm dielom medzi v\u0161etk\u00fdch z\u00fa\u010dastnen\u00fdch hr\u00e1\u010dov. Je to skvel\u00fd sp\u00f4sob, ako zv\u00fd\u0161i\u0165 svoje \u0161ance na v\u00fdhru jackpotu.<\/p>\n<p>Ak budete hra\u0165 Mega Millions a z\u00e1rove\u0148 zv\u00e1\u017eite vy\u0161\u0161ie uveden\u00e9 tipy, kto vie? Mo\u017eno budete \u010fal\u0161\u00edm v\u00fdhercom, ktor\u00fd uchmatne jackpot. Sk\u00faste svoje \u0161\u0165astie e\u0161te dnes!<\/p>\n<h2>Z\u00e1ver<\/h2>\n<p>Ak nem\u00e1te trval\u00fd pobyt v USA a d\u00fafate, \u017ee sa v\u00e1m podar\u00ed z\u00edska\u0165 jackpot Mega Millions, potom je najlep\u0161ou mo\u017enos\u0165ou k\u00fapi\u0165 si tiket Mega Millions online. Do tejto lot\u00e9rie sa m\u00f4\u017eete zapoji\u0165 z ktorejko\u013evek krajiny sveta. Tak na \u010do e\u0161te \u010dak\u00e1te? Zak\u00fapte si tikety e\u0161te dnes a majte \u0161ancu sta\u0165 sa \u0161\u0165astn\u00fdm v\u00fdhercom jackpotu.<\/p>\n<p>Ak chcete z\u00edska\u0165 viac inform\u00e1ci\u00ed o tejto lot\u00e9rii, nav\u0161t\u00edvte na\u0161u str\u00e1nku s naj\u010dastej\u0161\u00edmi ot\u00e1zkami alebo po\u0161lite svoju ot\u00e1zku a n\u00e1\u0161 t\u00edm z\u00e1kazn\u00edckej podpory v\u00e1m odpovie pr\u00edslu\u0161n\u00fdmi inform\u00e1ciami. Medzit\u00fdm m\u00f4\u017eete by\u0165 sk\u00fama\u0165 aj \u010fal\u0161ie lot\u00e9rie dostupn\u00e9 na na\u0161ej webovej str\u00e1nke, a ak m\u00e1te z\u00e1ujem, sta\u010d\u00ed stla\u010di\u0165 tla\u010didlo Play a vyhra\u0165 aj v in\u00fdch lot\u00e9ri\u00e1ch.<\/p>\n","protected":false},"excerpt":{"rendered":"<p>Ako si m\u00f4\u017eete k\u00fapi\u0165 tiket Mega Millions online? Ak \u010d\u00edtate tento \u010dl\u00e1nok, pravdepodobne m\u00e1te z\u00e1ujem o k\u00fapu tiketu Mega Millions. Mega Millions je jednou z mnoh\u00fdch lot\u00e9ri\u00ed, ktor\u00e9 pon\u00fakaj\u00fa ve\u013ek\u00e9 jackpoty pre svojich v\u00fdhercov. Mo\u017eno sa teraz p\u00fdtate: &#8220;Ako si m\u00f4\u017eem k\u00fapi\u0165 tiket Mega Millions online?&#8221;. Nu\u017e, m\u00e1me pre v\u00e1s rie\u0161enie. Tu je sprievodca, ktor\u00fd [&hellip;]<\/p>\n","protected":false},"author":1,"featured_media":0,"parent":35778,"menu_order":1,"comment_status":"closed","ping_status":"closed","template":"megamillion.php","meta":{"_et_pb_use_builder":"","_et_pb_old_content":"","_et_gb_content_width":"","exclude_from_search":false,"footnotes":""},"class_list":["post-40330","page","type-page","status-publish","hentry"],"yoast_head":"<!-- This site is optimized with the Yoast SEO plugin v23.3 - https:\/\/yoast.com\/wordpress\/plugins\/seo\/ -->\n<title>K\u00fapi\u0165 tikety Mega Millions online | Tikety Mega Millions z kraj\u00edn mimo USA<\/title>\n<meta name=\"description\" content=\"Ak \u017eijete mimo USA, st\u00e1le si m\u00f4\u017eete k\u00fapi\u0165 tikety Mega Millions online, a to priamo tu. K\u00fapime pre v\u00e1s skuto\u010dn\u00e9 tikety Mega Millions a naskenujeme ich\" \/>\n<meta name=\"robots\" content=\"index, follow, max-snippet:-1, max-image-preview:large, max-video-preview:-1\" \/>\n<link rel=\"canonical\" href=\"https:\/\/jackpotlotteryonline.com\/sk\/kupit-vstupenky\/mega-millions\/\" \/>\n<meta property=\"og:locale\" content=\"sk_SK\" \/>\n<meta property=\"og:type\" content=\"article\" \/>\n<meta property=\"og:title\" content=\"K\u00fapi\u0165 tikety Mega Millions online | Tikety Mega Millions z kraj\u00edn mimo USA\" \/>\n<meta property=\"og:description\" content=\"Ak \u017eijete mimo USA, st\u00e1le si m\u00f4\u017eete k\u00fapi\u0165 tikety Mega Millions online, a to priamo tu. K\u00fapime pre v\u00e1s skuto\u010dn\u00e9 tikety Mega Millions a naskenujeme ich\" \/>\n<meta property=\"og:url\" content=\"https:\/\/jackpotlotteryonline.com\/sk\/kupit-vstupenky\/mega-millions\/\" \/>\n<meta property=\"og:site_name\" content=\"Lotto Online - Crack The International Lottery Jackpots\" \/>\n<meta property=\"article:modified_time\" content=\"2022-12-19T15:07:25+00:00\" \/>\n<meta property=\"og:image\" content=\"http:\/\/jackpotlotteryonline.com\/wp-content\/uploads\/2022\/11\/logo_Mega_Millions_233x110.png\" \/>\n<meta name=\"twitter:card\" content=\"summary_large_image\" \/>\n<meta name=\"twitter:label1\" content=\"Predpokladan\u00fd \u010das \u010d\u00edtania\" \/>\n\t<meta name=\"twitter:data1\" content=\"5 min\u00fat\" \/>\n<!-- \/ Yoast SEO plugin. -->","yoast_head_json":{"title":"K\u00fapi\u0165 tikety Mega Millions online | Tikety Mega Millions z kraj\u00edn mimo USA","description":"Ak \u017eijete mimo USA, st\u00e1le si m\u00f4\u017eete k\u00fapi\u0165 tikety Mega Millions online, a to priamo tu. K\u00fapime pre v\u00e1s skuto\u010dn\u00e9 tikety Mega Millions a naskenujeme ich","robots":{"index":"index","follow":"follow","max-snippet":"max-snippet:-1","max-image-preview":"max-image-preview:large","max-video-preview":"max-video-preview:-1"},"canonical":"https:\/\/jackpotlotteryonline.com\/sk\/kupit-vstupenky\/mega-millions\/","og_locale":"sk_SK","og_type":"article","og_title":"K\u00fapi\u0165 tikety Mega Millions online | Tikety Mega Millions z kraj\u00edn mimo USA","og_description":"Ak \u017eijete mimo USA, st\u00e1le si m\u00f4\u017eete k\u00fapi\u0165 tikety Mega Millions online, a to priamo tu. K\u00fapime pre v\u00e1s skuto\u010dn\u00e9 tikety Mega Millions a naskenujeme ich","og_url":"https:\/\/jackpotlotteryonline.com\/sk\/kupit-vstupenky\/mega-millions\/","og_site_name":"Lotto Online - Crack The International Lottery Jackpots","article_modified_time":"2022-12-19T15:07:25+00:00","og_image":[{"url":"http:\/\/jackpotlotteryonline.com\/wp-content\/uploads\/2022\/11\/logo_Mega_Millions_233x110.png"}],"twitter_card":"summary_large_image","twitter_misc":{"Predpokladan\u00fd \u010das \u010d\u00edtania":"5 min\u00fat"},"schema":{"@context":"https:\/\/schema.org","@graph":[{"@type":"WebPage","@id":"https:\/\/jackpotlotteryonline.com\/sk\/kupit-vstupenky\/mega-millions\/","url":"https:\/\/jackpotlotteryonline.com\/sk\/kupit-vstupenky\/mega-millions\/","name":"K\u00fapi\u0165 tikety Mega Millions online | Tikety Mega Millions z kraj\u00edn mimo USA","isPartOf":{"@id":"https:\/\/jackpotlotteryonline.com\/#website"},"primaryImageOfPage":{"@id":"https:\/\/jackpotlotteryonline.com\/sk\/kupit-vstupenky\/mega-millions\/#primaryimage"},"image":{"@id":"https:\/\/jackpotlotteryonline.com\/sk\/kupit-vstupenky\/mega-millions\/#primaryimage"},"thumbnailUrl":"http:\/\/jackpotlotteryonline.com\/wp-content\/uploads\/2022\/11\/logo_Mega_Millions_233x110.png","datePublished":"2022-12-02T10:56:47+00:00","dateModified":"2022-12-19T15:07:25+00:00","description":"Ak \u017eijete mimo USA, st\u00e1le si m\u00f4\u017eete k\u00fapi\u0165 tikety Mega Millions online, a to priamo tu. K\u00fapime pre v\u00e1s skuto\u010dn\u00e9 tikety Mega Millions a naskenujeme ich","breadcrumb":{"@id":"https:\/\/jackpotlotteryonline.com\/sk\/kupit-vstupenky\/mega-millions\/#breadcrumb"},"inLanguage":"sk-SK","potentialAction":[{"@type":"ReadAction","target":["https:\/\/jackpotlotteryonline.com\/sk\/kupit-vstupenky\/mega-millions\/"]}]},{"@type":"ImageObject","inLanguage":"sk-SK","@id":"https:\/\/jackpotlotteryonline.com\/sk\/kupit-vstupenky\/mega-millions\/#primaryimage","url":"http:\/\/jackpotlotteryonline.com\/wp-content\/uploads\/2022\/11\/logo_Mega_Millions_233x110.png","contentUrl":"http:\/\/jackpotlotteryonline.com\/wp-content\/uploads\/2022\/11\/logo_Mega_Millions_233x110.png"},{"@type":"BreadcrumbList","@id":"https:\/\/jackpotlotteryonline.com\/sk\/kupit-vstupenky\/mega-millions\/#breadcrumb","itemListElement":[{"@type":"ListItem","position":1,"name":"Home","item":"https:\/\/jackpotlotteryonline.com\/sk\/"},{"@type":"ListItem","position":2,"name":"Ako si k\u00fapi\u0165 vstupenky do lot\u00e9rie online","item":"https:\/\/jackpotlotteryonline.com\/buy-tickets\/"},{"@type":"ListItem","position":3,"name":"L\u00edstky Mega Millions"}]},{"@type":"WebSite","@id":"https:\/\/jackpotlotteryonline.com\/#website","url":"https:\/\/jackpotlotteryonline.com\/","name":"Lotto Online - Crack The International Lottery Jackpots","description":"","potentialAction":[{"@type":"SearchAction","target":{"@type":"EntryPoint","urlTemplate":"https:\/\/jackpotlotteryonline.com\/?s={search_term_string}"},"query-input":"required name=search_term_string"}],"inLanguage":"sk-SK"}]}},"_links":{"self":[{"href":"https:\/\/jackpotlotteryonline.com\/sk\/wp-json\/wp\/v2\/pages\/40330","targetHints":{"allow":["GET"]}}],"collection":[{"href":"https:\/\/jackpotlotteryonline.com\/sk\/wp-json\/wp\/v2\/pages"}],"about":[{"href":"https:\/\/jackpotlotteryonline.com\/sk\/wp-json\/wp\/v2\/types\/page"}],"author":[{"embeddable":true,"href":"https:\/\/jackpotlotteryonline.com\/sk\/wp-json\/wp\/v2\/users\/1"}],"replies":[{"embeddable":true,"href":"https:\/\/jackpotlotteryonline.com\/sk\/wp-json\/wp\/v2\/comments?post=40330"}],"version-history":[{"count":0,"href":"https:\/\/jackpotlotteryonline.com\/sk\/wp-json\/wp\/v2\/pages\/40330\/revisions"}],"up":[{"embeddable":true,"href":"https:\/\/jackpotlotteryonline.com\/sk\/wp-json\/wp\/v2\/pages\/35778"}],"wp:attachment":[{"href":"https:\/\/jackpotlotteryonline.com\/sk\/wp-json\/wp\/v2\/media?parent=40330"}],"curies":[{"name":"wp","href":"https:\/\/api.w.org\/{rel}","templated":true}]}}