{"id":40382,"date":"2022-12-02T14:30:40","date_gmt":"2022-12-02T14:30:40","guid":{"rendered":"https:\/\/jackpotlotteryonline.com\/?page_id=40382"},"modified":"2023-01-01T14:38:58","modified_gmt":"2023-01-01T14:38:58","slug":"oz-lotto","status":"publish","type":"page","link":"https:\/\/jackpotlotteryonline.com\/sk\/ako-hrat\/oz-lotto\/","title":{"rendered":"Hra\u0165 Oz Lotto online"},"content":{"rendered":"<h2>O Oz Lotto<\/h2>\n<p>Oz Lottery je austr\u00e1lska lot\u00e9ria, ktor\u00e1 bola zaveden\u00e1 v roku 1994 a ktor\u00fa spravuje skupina s n\u00e1zvom Tatts group. Popularita Oz Lotto vzr\u00e1stla v Austr\u00e1lii aj na Novom Z\u00e9lande, \u010d\u00edm sa stala najv\u00e4\u010d\u0161ou austr\u00e1lskou lot\u00e9riovou hrou<a href=\"https:\/\/jackpotlotteryonline.com\/sk\/vyherne-cisla\/oz-lotto\">. Rem\u00edzy Oz Lotto<\/a> sa konaj\u00fa ka\u017ed\u00fa stredu a piatok.<\/p>\n<p>Ni\u017e\u0161ie n\u00e1jdete sprievodcu, ktor\u00fd v\u00e1m pom\u00f4\u017ee hra\u0165 Oz Lotto online odkia\u013eko\u013evek na svete.<\/p>\n<h2>Ako hra\u0165 Oz Lotto online<\/h2>\n<p><img loading=\"lazy\" decoding=\"async\" class=\"alignright size-full wp-image-29777\" src=\"https:\/\/jackpotlotteryonline.com\/wp-content\/uploads\/2022\/11\/1_ticket_online_buying.jpg\" alt=\"Hra\u0165 oz lotto online\" width=\"300\" height=\"203\" \/>Ak h\u013ead\u00e1te vzru\u0161uj\u00facu a nap\u00ednav\u00fa lot\u00e9riu, ktorej by ste sa mohli z\u00fa\u010dastni\u0165, mus\u00edte si pozrie\u0165 austr\u00e1lsku hru Oz Lotto. Hr\u00e1\u010dom pon\u00fakame mo\u017enos\u0165 hra\u0165 medzin\u00e1rodn\u00e9 lot\u00e9rie online t\u00fdm, \u017ee pon\u00fakame slu\u017eby concierge. V\u0161etko, \u010do potrebujete na hranie Oz Lotto online, je po\u010d\u00edta\u010d a internetov\u00e9 pripojenie.<\/p>\n<p>Ak chcete hra\u0165 Oz Lotto online, sta\u010d\u00ed si vybra\u0165 sedem hlavn\u00fdch \u010d\u00edsel z rozsahu 1 a\u017e 47. \u010eal\u0161ie tri \u010d\u00edsla, tzv. doplnkov\u00e9 \u010d\u00edsla, sa vyberaj\u00fa po\u010das \u017erebovania. \u010c\u00edsla si m\u00f4\u017eete vybra\u0165 pomocou n\u00e1\u0161ho gener\u00e1tora n\u00e1hodn\u00fdch \u010d\u00edsel alebo ich m\u00f4\u017eete vybra\u0165 ru\u010dne. Potom si vyberte po\u010det \u017erebovan\u00ed, do ktor\u00fdch sa chcete zapoji\u0165. Prejdite k pokladni a <a href=\"https:\/\/jackpotlotteryonline.com\/sk\/kupit-vstupenky\/oz-lotto\">zapla\u0165te za svoje tikety<\/a>, potom po\u010dkajte na \u017erebovanie.<\/p>\n<h2>\u010co s\u00fa to doplnkov\u00e9 \u010d\u00edsla a ako sa pou\u017e\u00edvaj\u00fa?<\/h2>\n<p>Doplnkov\u00e9 \u010d\u00edsla sa po\u010das \u017erebovan\u00ed Oz Lotto pova\u017euj\u00fa za &#8220;bonusov\u00e9 lopti\u010dky&#8221;. Po\u010das \u017erebovania sa n\u00e1hodne vyberie desa\u0165 v\u00fdhern\u00fdch \u010d\u00edsel a prv\u00fdch sedem je ozna\u010den\u00fdch ako hlavn\u00e9 \u010d\u00edsla pre v\u00fdhercu jackpotu. \u00darovne 2, 4 a 7 s\u00fa ur\u010den\u00e9 zvy\u0161n\u00fdmi tromi &#8220;doplnkov\u00fdmi \u010d\u00edslami&#8221;.<\/p>\n<p>\u00darovne v\u00fdhier Oz Lotto<\/p>\n<p>Austr\u00e1lska hra Oz Lotto m\u00e1 celkovo sedem v\u00fdhern\u00fdch \u00farovn\u00ed. S\u00fa nasledovn\u00e9:<\/p>\n<ul>\n<li>\u00darove\u0148 1: Jackpot: sedem zhodn\u00fdch \u010d\u00edsel<\/li>\n<li>\u00darove\u0148 2: zhodn\u00fdch \u0161es\u0165 \u010d\u00edsel + doplnkov\u00e9 \u010d\u00edslo<\/li>\n<li>\u00darove\u0148 3: \u0161es\u0165 zhodn\u00fdch \u010d\u00edsel<\/li>\n<li>\u00darove\u0148 4: zhodn\u00fdch p\u00e4\u0165 \u010d\u00edsel + doplnkov\u00e9 \u010d\u00edslo<\/li>\n<li>\u00darove\u0148 5: zhodn\u00fdch p\u00e4\u0165 \u010d\u00edsel<\/li>\n<li>\u00darove\u0148 6: zhodn\u00e9 \u0161tyri \u010d\u00edsla<\/li>\n<li>\u00darove\u0148 7: zhodn\u00e9 tri \u010d\u00edsla + doplnkov\u00e9 \u010d\u00edslo<\/li>\n<\/ul>\n<h2>Mus\u00edm by\u0165 v Austr\u00e1lii, aby som mohol hra\u0165 Oz Lotto?<\/h2>\n<p>Nie, nemus\u00edte by\u0165 obyvate\u013eom Austr\u00e1lie, aby ste sa mohli z\u00fa\u010dastni\u0165 tejto lot\u00e9rie. V\u0161etko, \u010do mus\u00edte urobi\u0165, je nav\u0161t\u00edvi\u0165 jackpotlotteryonline.com a splni\u0165 si svoj sen o hran\u00ed medzin\u00e1rodn\u00fdch lot\u00e9ri\u00ed. Na\u0161im z\u00e1kazn\u00edkom poskytujeme lot\u00e9riov\u00e9 slu\u017eby, ako napr\u00edklad n\u00e1kup fyzick\u00fdch tiketov prostredn\u00edctvom na\u0161ich d\u00f4veryhodn\u00fdch lot\u00e9riov\u00fdch agentov. Fyzick\u00fd tiket bude bezpe\u010dne ulo\u017een\u00fd, zatia\u013e \u010do jeho sken bude nahran\u00fd na hr\u00e1\u010dsky \u00fa\u010det. To v\u0161etko urob\u00edme za v\u00e1s a zost\u00e1va u\u017e len \u010daka\u0165 na de\u0148 \u017erebovania.<\/p>\n<p>Nemus\u00edte sa teda ob\u00e1va\u0165, \u017ee by ste sa nemohli z\u00fa\u010dastni\u0165 hry Oz Lotto. T\u00fato lot\u00e9riu budete hra\u0165 rovnako ako obyvatelia Austr\u00e1lie. Hra\u0165 Oz Lotto je tak\u00e9 jednoduch\u00e9. Sk\u00faste svoje \u0161\u0165astie e\u0161te dnes!<\/p>\n<h2>V\u00fdhra v Oz Lotto<\/h2>\n<p>Aby hr\u00e1\u010d vyhral jackpot Oz Lotto, mus\u00ed mu padn\u00fa\u0165 sedem \u010d\u00edsel z celkov\u00e9ho po\u010dtu 47. Tento jackpot za\u010d\u00edna na 10 mili\u00f3noch dol\u00e1rov a \u010dasto rastie, a\u017e k\u00fdm ho nevyhr\u00e1te. Okrem hlavnej jackpotovej v\u00fdhry vyhr\u00e1vaj\u00fa hr\u00e1\u010di, ktor\u00ed spr\u00e1vne trafili \u0161tyri alebo p\u00e4\u0165 \u010d\u00edsel dan\u00e9ho \u017erebovania, osem men\u0161\u00edch v\u00fdhern\u00fdch div\u00edzi\u00ed.<\/p>\n<section class=\"layout\" style=\"border: solid 1px; width: 100%;\">\n<div class=\"img-div\" style=\"margin-top: 5px;\"><img decoding=\"async\" class=\"wp-image-17212 alignleft\" style=\"height: 45px; margin: 8px 8px 0px;\" src=\"https:\/\/jackpotlotteryonline.com\/wp-content\/uploads\/2022\/11\/read1.jpg\" alt=\"Pre\u010d\u00edtajte si \" width=\"\" height=\"\" \/><\/div>\n<div style=\"padding-left: 5px;\">\n<div style=\"font-size: 1.1em;\">\n<p><strong>Historick\u00e9 rekordn\u00e9 jackpoty v lot\u00e9rii<\/strong><\/p>\n<p style=\"font-size: 0.85em; margin-top: -1.5em;\">Najv\u00e4\u010d\u0161ie jackpoty lotto v hist\u00f3rii v\u00e1m zamotaj\u00fa hlavu\u00a0<a href=\"https:\/\/jackpotlotteryonline.com\/sk\/najvacsie-jackpoty-lotto-v-historii\">\u010d\u00edtaj viac<\/a><\/p>\n<\/div>\n<\/div>\n<\/section>\n<h2>Ak\u00e9 s\u00fa \u0161ance na v\u00fdhru v austr\u00e1lskej hre Oz Lotto?<\/h2>\n<p><img loading=\"lazy\" decoding=\"async\" class=\"alignright wp-image-28697 size-medium\" src=\"https:\/\/jackpotlotteryonline.com\/wp-content\/uploads\/2022\/11\/1_online_lotto_winners-300x200.jpg\" alt=\"Hra\u0165 oz lotto online\" width=\"300\" height=\"200\" srcset=\"https:\/\/jackpotlotteryonline.com\/wp-content\/uploads\/2022\/11\/1_online_lotto_winners-300x200.jpg 300w, https:\/\/jackpotlotteryonline.com\/wp-content\/uploads\/2022\/11\/1_online_lotto_winners.jpg 320w\" sizes=\"auto, (max-width: 300px) 100vw, 300px\" \/>Hra Oz Lotto si z\u00edskala popularitu a urobila z mnoh\u00fdch hr\u00e1\u010dov v\u00fdhercov, \u010do z\u00e1rove\u0148 sp\u00f4sobilo, \u017ee \u0161ance na v\u00fdhru v niektorej z v\u00fdhern\u00fdch \u00farovn\u00ed s\u00fa pomerne vysok\u00e9.<\/p>\n<p>\u0160anca na zhodu siedmich \u010d\u00edsel a v\u00fdhru jackpotu je 1 ku 62 891 499, \u010do je takmer nemo\u017en\u00e9. Na lot\u00e9ri\u00e1ch je v\u0161ak dobr\u00e9 to, \u017ee hra je o \u0161\u0165ast\u00ed, nikdy neviete, \u010di sa stanete v\u00fdhercom, a pr\u00e1ve to rob\u00ed \u00fa\u010das\u0165 v lot\u00e9ri\u00e1ch vzru\u0161uj\u00facou.<\/p>\n<p>Celkov\u00e1 \u0161anca na v\u00fdhru niektorej zo siedmich cien je 1 ku 51.<\/p>\n<p>Ak chcete z\u00edska\u0165 viac inform\u00e1ci\u00ed o lot\u00e9rii Oz Lotto, nev\u00e1hajte nav\u0161t\u00edvi\u0165 na\u0161u str\u00e1nku s naj\u010dastej\u0161\u00edmi ot\u00e1zkami alebo nav\u0161t\u00edvte ofici\u00e1lnu webov\u00fa str\u00e1nku lot\u00e9rie.<\/p>\n<p>Zaregistrujte si \u00fa\u010det e\u0161te dnes a z\u00edskajte mo\u017enos\u0165 z\u00fa\u010dastni\u0165 sa tejto lot\u00e9rie odkia\u013eko\u013evek na svete.<\/p>\n","protected":false},"excerpt":{"rendered":"<p>O Oz Lotto Oz Lottery je austr\u00e1lska lot\u00e9ria, ktor\u00e1 bola zaveden\u00e1 v roku 1994 a ktor\u00fa spravuje skupina s n\u00e1zvom Tatts group. Popularita Oz Lotto vzr\u00e1stla v Austr\u00e1lii aj na Novom Z\u00e9lande, \u010d\u00edm sa stala najv\u00e4\u010d\u0161ou austr\u00e1lskou lot\u00e9riovou hrou. Rem\u00edzy Oz Lotto sa konaj\u00fa ka\u017ed\u00fa stredu a piatok. Ni\u017e\u0161ie n\u00e1jdete sprievodcu, ktor\u00fd v\u00e1m pom\u00f4\u017ee hra\u0165 [&hellip;]<\/p>\n","protected":false},"author":1,"featured_media":0,"parent":35719,"menu_order":16,"comment_status":"closed","ping_status":"closed","template":"","meta":{"_et_pb_use_builder":"","_et_pb_old_content":"","_et_gb_content_width":"","exclude_from_search":false,"footnotes":""},"class_list":["post-40382","page","type-page","status-publish","hentry"],"yoast_head":"<!-- This site is optimized with the Yoast SEO plugin v23.3 - https:\/\/yoast.com\/wordpress\/plugins\/seo\/ -->\n<title>Hra\u0165 Oz Lotto online z kraj\u00edn mimo Austr\u00e1lie<\/title>\n<meta name=\"description\" content=\"Teraz m\u00f4\u017eete hra\u0165 Oz Lotto online, a to nielen ak sa nach\u00e1dzate v Austr\u00e1lii - lot\u00e9riu Oz m\u00f4\u017eete hra\u0165 odkia\u013eko\u013evek na svete\" \/>\n<meta name=\"robots\" content=\"index, follow, max-snippet:-1, max-image-preview:large, max-video-preview:-1\" \/>\n<link rel=\"canonical\" href=\"https:\/\/jackpotlotteryonline.com\/sk\/ako-hrat\/oz-lotto\/\" \/>\n<meta property=\"og:locale\" content=\"sk_SK\" \/>\n<meta property=\"og:type\" content=\"article\" \/>\n<meta property=\"og:title\" content=\"Hra\u0165 Oz Lotto online z kraj\u00edn mimo Austr\u00e1lie\" \/>\n<meta property=\"og:description\" content=\"Teraz m\u00f4\u017eete hra\u0165 Oz Lotto online, a to nielen ak sa nach\u00e1dzate v Austr\u00e1lii - lot\u00e9riu Oz m\u00f4\u017eete hra\u0165 odkia\u013eko\u013evek na svete\" \/>\n<meta property=\"og:url\" content=\"https:\/\/jackpotlotteryonline.com\/sk\/ako-hrat\/oz-lotto\/\" \/>\n<meta property=\"og:site_name\" content=\"Lotto Online - Crack The International Lottery Jackpots\" \/>\n<meta property=\"article:modified_time\" content=\"2023-01-01T14:38:58+00:00\" \/>\n<meta property=\"og:image\" content=\"https:\/\/jackpotlotteryonline.com\/wp-content\/uploads\/2022\/11\/1_ticket_online_buying.jpg\" \/>\n<meta name=\"twitter:card\" content=\"summary_large_image\" \/>\n<meta name=\"twitter:label1\" content=\"Predpokladan\u00fd \u010das \u010d\u00edtania\" \/>\n\t<meta name=\"twitter:data1\" content=\"4 min\u00faty\" \/>\n<!-- \/ Yoast SEO plugin. -->","yoast_head_json":{"title":"Hra\u0165 Oz Lotto online z kraj\u00edn mimo Austr\u00e1lie","description":"Teraz m\u00f4\u017eete hra\u0165 Oz Lotto online, a to nielen ak sa nach\u00e1dzate v Austr\u00e1lii - lot\u00e9riu Oz m\u00f4\u017eete hra\u0165 odkia\u013eko\u013evek na svete","robots":{"index":"index","follow":"follow","max-snippet":"max-snippet:-1","max-image-preview":"max-image-preview:large","max-video-preview":"max-video-preview:-1"},"canonical":"https:\/\/jackpotlotteryonline.com\/sk\/ako-hrat\/oz-lotto\/","og_locale":"sk_SK","og_type":"article","og_title":"Hra\u0165 Oz Lotto online z kraj\u00edn mimo Austr\u00e1lie","og_description":"Teraz m\u00f4\u017eete hra\u0165 Oz Lotto online, a to nielen ak sa nach\u00e1dzate v Austr\u00e1lii - lot\u00e9riu Oz m\u00f4\u017eete hra\u0165 odkia\u013eko\u013evek na svete","og_url":"https:\/\/jackpotlotteryonline.com\/sk\/ako-hrat\/oz-lotto\/","og_site_name":"Lotto Online - Crack The International Lottery Jackpots","article_modified_time":"2023-01-01T14:38:58+00:00","og_image":[{"url":"https:\/\/jackpotlotteryonline.com\/wp-content\/uploads\/2022\/11\/1_ticket_online_buying.jpg"}],"twitter_card":"summary_large_image","twitter_misc":{"Predpokladan\u00fd \u010das \u010d\u00edtania":"4 min\u00faty"},"schema":{"@context":"https:\/\/schema.org","@graph":[{"@type":"WebPage","@id":"https:\/\/jackpotlotteryonline.com\/sk\/ako-hrat\/oz-lotto\/","url":"https:\/\/jackpotlotteryonline.com\/sk\/ako-hrat\/oz-lotto\/","name":"Hra\u0165 Oz Lotto online z kraj\u00edn mimo Austr\u00e1lie","isPartOf":{"@id":"https:\/\/jackpotlotteryonline.com\/#website"},"primaryImageOfPage":{"@id":"https:\/\/jackpotlotteryonline.com\/sk\/ako-hrat\/oz-lotto\/#primaryimage"},"image":{"@id":"https:\/\/jackpotlotteryonline.com\/sk\/ako-hrat\/oz-lotto\/#primaryimage"},"thumbnailUrl":"https:\/\/jackpotlotteryonline.com\/wp-content\/uploads\/2022\/11\/1_ticket_online_buying.jpg","datePublished":"2022-12-02T14:30:40+00:00","dateModified":"2023-01-01T14:38:58+00:00","description":"Teraz m\u00f4\u017eete hra\u0165 Oz Lotto online, a to nielen ak sa nach\u00e1dzate v Austr\u00e1lii - lot\u00e9riu Oz m\u00f4\u017eete hra\u0165 odkia\u013eko\u013evek na svete","breadcrumb":{"@id":"https:\/\/jackpotlotteryonline.com\/sk\/ako-hrat\/oz-lotto\/#breadcrumb"},"inLanguage":"sk-SK","potentialAction":[{"@type":"ReadAction","target":["https:\/\/jackpotlotteryonline.com\/sk\/ako-hrat\/oz-lotto\/"]}]},{"@type":"ImageObject","inLanguage":"sk-SK","@id":"https:\/\/jackpotlotteryonline.com\/sk\/ako-hrat\/oz-lotto\/#primaryimage","url":"https:\/\/jackpotlotteryonline.com\/wp-content\/uploads\/2022\/11\/1_ticket_online_buying.jpg","contentUrl":"https:\/\/jackpotlotteryonline.com\/wp-content\/uploads\/2022\/11\/1_ticket_online_buying.jpg"},{"@type":"BreadcrumbList","@id":"https:\/\/jackpotlotteryonline.com\/sk\/ako-hrat\/oz-lotto\/#breadcrumb","itemListElement":[{"@type":"ListItem","position":1,"name":"Home","item":"https:\/\/jackpotlotteryonline.com\/sk\/"},{"@type":"ListItem","position":2,"name":"Ako hra\u0165","item":"https:\/\/jackpotlotteryonline.com\/sk\/ako-hrat\/"},{"@type":"ListItem","position":3,"name":"Hra\u0165 Oz Lotto online"}]},{"@type":"WebSite","@id":"https:\/\/jackpotlotteryonline.com\/#website","url":"https:\/\/jackpotlotteryonline.com\/","name":"Lotto Online - Crack The International Lottery Jackpots","description":"","potentialAction":[{"@type":"SearchAction","target":{"@type":"EntryPoint","urlTemplate":"https:\/\/jackpotlotteryonline.com\/?s={search_term_string}"},"query-input":"required name=search_term_string"}],"inLanguage":"sk-SK"}]}},"_links":{"self":[{"href":"https:\/\/jackpotlotteryonline.com\/sk\/wp-json\/wp\/v2\/pages\/40382","targetHints":{"allow":["GET"]}}],"collection":[{"href":"https:\/\/jackpotlotteryonline.com\/sk\/wp-json\/wp\/v2\/pages"}],"about":[{"href":"https:\/\/jackpotlotteryonline.com\/sk\/wp-json\/wp\/v2\/types\/page"}],"author":[{"embeddable":true,"href":"https:\/\/jackpotlotteryonline.com\/sk\/wp-json\/wp\/v2\/users\/1"}],"replies":[{"embeddable":true,"href":"https:\/\/jackpotlotteryonline.com\/sk\/wp-json\/wp\/v2\/comments?post=40382"}],"version-history":[{"count":0,"href":"https:\/\/jackpotlotteryonline.com\/sk\/wp-json\/wp\/v2\/pages\/40382\/revisions"}],"up":[{"embeddable":true,"href":"https:\/\/jackpotlotteryonline.com\/sk\/wp-json\/wp\/v2\/pages\/35719"}],"wp:attachment":[{"href":"https:\/\/jackpotlotteryonline.com\/sk\/wp-json\/wp\/v2\/media?parent=40382"}],"curies":[{"name":"wp","href":"https:\/\/api.w.org\/{rel}","templated":true}]}}