{"id":40506,"date":"2022-12-05T08:58:37","date_gmt":"2022-12-05T08:58:37","guid":{"rendered":"https:\/\/jackpotlotteryonline.com\/?page_id=40506"},"modified":"2022-12-26T14:31:45","modified_gmt":"2022-12-26T14:31:45","slug":"powerball","status":"publish","type":"page","link":"https:\/\/jackpotlotteryonline.com\/sk\/vyherne-cisla\/powerball\/","title":{"rendered":"V\u00fdsledky \u017erebovania Powerball"},"content":{"rendered":"<p>Powerball je americk\u00e1 lot\u00e9ria, ktor\u00e1 m\u00e1 jeden z najv\u00e4\u010d\u0161\u00edch jackpotov v\u0161etk\u00fdch \u010dias. Vyhra\u0165 americk\u00fa lot\u00e9riu Powerball je najv\u00e4\u010d\u0161\u00edm snom takmer ka\u017ed\u00e9ho tipuj\u00faceho. Kv\u00f4li neuverite\u013ene vysok\u00fdm jackpotom, ktor\u00e9 niekedy dosahuj\u00fa a\u017e 1 miliardu dol\u00e1rov, si hr\u00e1\u010di na celom svete kupuj\u00fa tikety Powerball online. Ka\u017ed\u00fd hr\u00e1\u010d pevne d\u00fafa vo v\u00fdhru v lot\u00e9rii. K\u00fapi\u0165 si \u017ereb je v\u0161ak jedna vec a skontrolova\u0165 v\u00fdhern\u00e9 \u010d\u00edsla druh\u00e1. Ak chcete zisti\u0165, \u010di m\u00e1te v\u00fdhern\u00fd tiket lot\u00e9rie Powerball, je nevyhnutn\u00e9 skontrolova\u0165 v\u00fdsledky \u017erebovania.<\/p>\n<p>Na tejto str\u00e1nke sa s vami podel\u00edme o to, ako skontrolova\u0165 v\u00fdhern\u00e9 v\u00fdsledky online. Tie\u017e v\u00e1m uk\u00e1\u017eeme, ako z\u00edska\u0165 pr\u00edstup k v\u00fdhre, aj ke\u010f ste hr\u00e1\u010dom online.<\/p>\n<p>Nezabudnite, \u017ee <a href=\"https:\/\/jackpotlotteryonline.com\/sk\/kupit-vstupenky\/powerball\">v\u00fdhern\u00e9 tikety do Powerball si m\u00f4\u017eete k\u00fapi\u0165<\/a> na str\u00e1nke jackpotlotteryonline.com a z\u00e1rove\u0148 si tam skontrolova\u0165 v\u00fdhern\u00e9 \u010d\u00edsla.<\/p>\n<h2>Pre\u010do je Powerball tak\u00fd popul\u00e1rny<\/h2>\n<p><img loading=\"lazy\" decoding=\"async\" class=\"alignright size-full wp-image-29588\" src=\"https:\/\/jackpotlotteryonline.com\/wp-content\/uploads\/2022\/11\/1_results_powerball.jpg\" alt=\"Jednoducho k\u00fapi\u0165 tikety Powerball\" width=\"300\" height=\"224\" \/>Existuje nieko\u013eko d\u00f4vodov, pre\u010do sa hr\u00e1\u010di hrn\u00fa do hry Powerball. Ide o lot\u00e9riu s viacer\u00fdmi \u0161t\u00e1tmi USA, \u010do znamen\u00e1, \u017ee tikety sa pred\u00e1vaj\u00fa vo viacer\u00fdch \u0161t\u00e1toch USA. T\u00ed, ktor\u00ed \u017eij\u00fa v t\u00fdchto \u0161t\u00e1toch, si teda m\u00f4\u017eu \u013eahko k\u00fapi\u0165 tikety Powerball. Nie s\u00fa to v\u0161ak len nad\u0161enci lot\u00e9rie v USA, ktor\u00ed si kupuj\u00fa vstupy s n\u00e1dejou na v\u00fdhru v tejto lot\u00e9rii. Tipuj\u00faci na celom svete sa tie\u017e dychtivo sna\u017eia k\u00fapi\u0165 v\u00fdhern\u00e9 tikety Powerball.<\/p>\n<p>V okt\u00f3bri 2022 dosiahol jackpot v lot\u00e9rii Powerball rekordn\u00fa sumu 1 miliardy dol\u00e1rov, ktor\u00fa vyhral jeden majite\u013e tiketu. U\u017e len my\u0161lienka na v\u00fdhru miliardy dol\u00e1rov sta\u010d\u00ed na to, aby sa hr\u00e1\u010di na celom svete te\u0161ili. Aj napriek tomu, \u017ee \u0161ance na v\u00fdhru v lot\u00e9rii Powerball s\u00fa pomerne vysok\u00e9, hr\u00e1\u010di \u010dasto vyhr\u00e1vaj\u00fa jackpot.<\/p>\n<p>Powerball m\u00e1 op\u00e4\u0165 nieko\u013eko kateg\u00f3ri\u00ed so \u0161\u0165avnat\u00fdmi v\u00fdhrami. Tak\u017ee aj ke\u010f sa v\u00e1m ujde prv\u00e1 cena, st\u00e1le m\u00f4\u017eete od\u00eds\u0165 domov s ve\u013ekou v\u00fdhrou.<\/p>\n<h2>Hranie a v\u00fdhra v hre Powerball online<\/h2>\n<p>Z\u00e1bavn\u00e1 \u010das\u0165 <a href=\"https:\/\/jackpotlotteryonline.com\/sk\/ako-hrat\/powerball\">hrania Powerball online<\/a> spo\u010d\u00edva v tom, \u017ee k tejto americkej lot\u00e9rii m\u00e1te r\u00fdchly pr\u00edstup odkia\u013eko\u013evek. Ak si k\u00fapite v\u00fdhern\u00fd tiket na str\u00e1nke jackpotlotteryonline.com, m\u00f4\u017eete si jednoducho vybra\u0165 v\u00fdhern\u00e9 \u010d\u00edsla. Sta\u010d\u00ed si vybra\u0165 5 \u010d\u00edsel od 1 do 69 a 1 \u010fal\u0161ie \u010d\u00edslo od 1 do 26.<\/p>\n<p>Po v\u00fdbere v\u00fdhern\u00fdch \u010d\u00edsel je \u010fal\u0161\u00edm krokom vstup do \u017erebovania. Powerball m\u00e1 tri \u017erebovania t\u00fd\u017edenne, v utorok, \u0161tvrtok a nede\u013eu. V z\u00e1vislosti od va\u0161ich preferenci\u00ed v\u00e1m u\u013eah\u010d\u00edme \u00fa\u010das\u0165 na jednom \u017erebovan\u00ed alebo na viacer\u00fdch \u017erebovaniach. Do \u017erebovan\u00ed sa m\u00f4\u017eete prihl\u00e1si\u0165 aj nieko\u013eko t\u00fd\u017ed\u0148ov vopred.<\/p>\n<p>Po spracovan\u00ed va\u0161ej platby je \u010fal\u0161\u00edm krokom \u010dakanie na \u017erebovania. Vtedy bud\u00fa vyhl\u00e1sen\u00e9 v\u00fdhern\u00e9 \u010d\u00edsla a vy sa dozviete, \u010di ste v lot\u00e9rii vyhrali.<\/p>\n<section class=\"layout\" style=\"border: solid 1px; width: 100%;\">\n<div class=\"img-div\" style=\"margin-top: 5px;\"><img decoding=\"async\" class=\"wp-image-17212 alignleft\" style=\"height: 45px; margin: 8px 8px 0px;\" src=\"https:\/\/jackpotlotteryonline.com\/wp-content\/uploads\/2022\/11\/read1.jpg\" alt=\"pre\u010d\u00edtajte si\" width=\"\" height=\"\" \/><\/div>\n<div style=\"padding-left: 5px;\">\n<div style=\"font-size: 1.1em;\">\n<p><strong>Historick\u00e9 rekordn\u00e9 jackpoty v lot\u00e9rii<\/strong><\/p>\n<p style=\"font-size: 0.85em; margin-top: -1.5em;\">Najv\u00e4\u010d\u0161ie jackpoty lotto v hist\u00f3rii v\u00e1m zamotaj\u00fa hlavu\u00a0<a href=\"https:\/\/jackpotlotteryonline.com\/sk\/najvacsie-jackpoty-lotto-v-historii\"> \u010d\u00edtaj viac<\/a><\/p>\n<\/div>\n<\/div>\n<\/section>\n<h2>Kontrola v\u00fdhern\u00fdch \u010d\u00edsel<\/h2>\n<p><img loading=\"lazy\" decoding=\"async\" class=\"alignright size-full wp-image-30371\" src=\"https:\/\/jackpotlotteryonline.com\/wp-content\/uploads\/2022\/11\/1_winning_numbers_powerball.jpg\" alt=\"hra\u0165 Powerball online\" width=\"300\" height=\"129\" \/>Ke\u010f\u017ee hr\u00e1te Powerball online, nem\u00f4\u017eete pr\u00eds\u0165 k predajcovi lot\u00e9rie a skontrolova\u0165, \u010di m\u00e1te v\u00fdhern\u00fd tiket. Najlep\u0161\u00edm sp\u00f4sobom, ako to urobi\u0165, je teda kontrola online. Ak hr\u00e1te s nami, m\u00f4\u017eete sa po ka\u017edom \u017erebovan\u00ed vr\u00e1ti\u0165 na t\u00fato str\u00e1nku a pozrie\u0165 si v\u00fdhern\u00e9 \u010d\u00edsla.<\/p>\n<p>Ale aj v pr\u00edpade, \u017ee sa sp\u00e4\u0165 nekontrolujete, m\u00f4\u017eete sa dozvedie\u0165, \u010di ste vyhrali nejak\u00fa cenu. Je to preto, \u017ee na zak\u00fapenie tiketu Powerball mus\u00edte by\u0165 u n\u00e1s zaregistrovan\u00fd. Je to preto, aby sme v\u00e1s mohli informova\u0165 hne\u010f, ako z\u00edskate v\u00fdhern\u00fd tiket. Ak m\u00e1te v\u00fdhern\u00fd tiket, po\u0161leme v\u00e1m e-mail, v ktorom v\u00e1m to ozn\u00e1mime. Je to naozaj tak\u00e9 jednoduch\u00e9.<\/p>\n<h2>V\u00fdplata v\u00fdhry<\/h2>\n<p>V\u00fdplata v\u00fdhry je \u010fal\u0161\u00edm aspektom, ktor\u00fd by mohol online hr\u00e1\u010dov znepokojova\u0165. Ak toti\u017e hr\u00e1te Powerball online, chcete ma\u0165 istotu, \u017ee sa k svojej v\u00fdhre dostanete. Ak hr\u00e1te Powerball s nami, vyplatenie v\u00fdhry je jednoduch\u00e1 z\u00e1le\u017eitos\u0165. N\u00e1\u0161 syst\u00e9m sme navrhli tak, aby ste si mohli v\u00fdhru vybra\u0165 na svoj \u00fa\u010det.<\/p>\n<p>T\u00e1to mo\u017enos\u0165 je k dispoz\u00edcii pre v\u00fdhry, ktor\u00e9 s\u00fa ni\u017e\u0161ie ako 2 500 eur. Ak ste vyhrali viac ako t\u00fato sumu, pom\u00f4\u017eeme v\u00e1m vyplni\u0165 formul\u00e1r na uplatnenie n\u00e1roku. Ten budete musie\u0165 vyplni\u0165, aby ste si mohli vyzdvihn\u00fa\u0165 svoju v\u00fdhru priamo od lot\u00e9riovej spolo\u010dnosti.<\/p>\n<h2>V\u00fdhra v lot\u00e9rii Powerball<\/h2>\n<p>V\u00fdhra v lot\u00e9rii Powerball znamen\u00e1, \u017ee m\u00e1te tiket, ktor\u00fd zodpoved\u00e1 vy\u017erebovan\u00fdm v\u00fdsledkom. Aby sme v\u00e1m uk\u00e1zali, ak\u00e1 \u00fa\u017easn\u00e1 je lot\u00e9ria Powerball, prezrad\u00edme v\u00e1m, \u010do m\u00f4\u017eete vyhra\u0165 v ostatn\u00fdch cen\u00e1ch.<\/p>\n<p>Div\u00edzia 1: Match 5 + Powerball &#8211; Jackpot<\/p>\n<p>Div\u00edzia 2: Samotn\u00fd Match 5 &#8211; 1 mili\u00f3n dol\u00e1rov<\/p>\n<p>Div\u00edzia 3: Match 4 + Powerball &#8211; 50 000 USD<\/p>\n<p>Div\u00edzia 4: Samotn\u00fd Match 4 &#8211; 100 USD<\/p>\n<p>Div\u00edzia 5: Match 3 + Powerball &#8211; 100 USD<\/p>\n<p>Div\u00edzia 6: Samotn\u00fd z\u00e1pas 3 &#8211; 7 USD<\/p>\n<p>Div\u00edzia 7: Z\u00e1pas 2 + Powerball &#8211; 7 USD<\/p>\n<p>Div\u00edzia 8: Z\u00e1pas 1 + Powerball &#8211; 4 USD<\/p>\n<p>Div\u00edzia 9: Samotn\u00fd z\u00e1pas Powerball &#8211; 4 USD<\/p>\n<p>S 9 div\u00edziami je v\u00fdhra v lot\u00e9rii pre hr\u00e1\u010dov vzru\u0161uj\u00facou mo\u017enos\u0165ou. Znamen\u00e1 to tie\u017e, \u017ee \u0161ance na v\u00fdhru s\u00fa pomerne vysok\u00e9. Okrem toho, aj ke\u010f vyhr\u00e1te druh\u00fa div\u00edziu, m\u00e1te ve\u013ek\u00fa \u0161ancu, \u017ee sa domov vr\u00e1tite s vysokou v\u00fdhrou.<\/p>\n<h2>Pozrite si v\u00ed\u0165azn\u00e9 v\u00fdsledky tu<\/h2>\n<p>Ke\u010f si budete chcie\u0165 nabud\u00face zahra\u0165 lot\u00e9riu, nemus\u00edte si robi\u0165 starosti s t\u00fdm, kde skontrolova\u0165 v\u00fdhern\u00e9 v\u00fdsledky. Na str\u00e1nke jackpotlotteryonline.com v\u00e1m u\u013eah\u010d\u00edme v\u00fdber v\u00fdhern\u00fdch \u010d\u00edsel a tie\u017e kontrolu v\u00fdhern\u00fdch v\u00fdsledkov. K\u00fapte si u n\u00e1s tiket a my v\u00e1s upozorn\u00edme, ke\u010f budete ma\u0165 v\u00fdhern\u00fd tiket.<\/p>\n<p>Nezabudnite, \u017ee v\u00fdhru si m\u00f4\u017eete z na\u0161ej str\u00e1nky vybra\u0165 aj priamo na svoj \u00fa\u010det. To v\u00e1m v\u00fdrazne u\u013eah\u010d\u00ed ak\u00fdko\u013evek stres, ktor\u00fd by ste mali s hran\u00edm lot\u00e9rie. V skuto\u010dnosti je na\u0161ou \u00falohou poskytn\u00fa\u0165 na\u0161im z\u00e1kazn\u00edkom bezprobl\u00e9mov\u00fd a bezprobl\u00e9mov\u00fd z\u00e1\u017eitok. Takto sa m\u00f4\u017eete bezstarostne s\u00fastredi\u0165 na v\u00fdhru v lot\u00e9rii.<\/p>\n","protected":false},"excerpt":{"rendered":"<p>Powerball je americk\u00e1 lot\u00e9ria, ktor\u00e1 m\u00e1 jeden z najv\u00e4\u010d\u0161\u00edch jackpotov v\u0161etk\u00fdch \u010dias. Vyhra\u0165 americk\u00fa lot\u00e9riu Powerball je najv\u00e4\u010d\u0161\u00edm snom takmer ka\u017ed\u00e9ho tipuj\u00faceho. Kv\u00f4li neuverite\u013ene vysok\u00fdm jackpotom, ktor\u00e9 niekedy dosahuj\u00fa a\u017e 1 miliardu dol\u00e1rov, si hr\u00e1\u010di na celom svete kupuj\u00fa tikety Powerball online. Ka\u017ed\u00fd hr\u00e1\u010d pevne d\u00fafa vo v\u00fdhru v lot\u00e9rii. K\u00fapi\u0165 si \u017ereb je v\u0161ak [&hellip;]<\/p>\n","protected":false},"author":1,"featured_media":0,"parent":35852,"menu_order":1,"comment_status":"closed","ping_status":"closed","template":"powerball-usa-results.php","meta":{"_et_pb_use_builder":"","_et_pb_old_content":"","_et_gb_content_width":"","exclude_from_search":false,"footnotes":""},"class_list":["post-40506","page","type-page","status-publish","hentry"],"yoast_head":"<!-- This site is optimized with the Yoast SEO plugin v23.3 - https:\/\/yoast.com\/wordpress\/plugins\/seo\/ -->\n<title>V\u00ed\u0165azn\u00e9 \u010d\u00edsla a v\u00fdsledky \u017erebovania Powerball<\/title>\n<meta name=\"description\" content=\"V\u0161etky najnov\u0161ie v\u00fdsledky \u017erebovania a v\u00fdhern\u00e9 \u010d\u00edsla pre Powerball USA, plus arch\u00edv v\u00fdsledkov, v\u0161etko na jednej webovej str\u00e1nke.\" \/>\n<meta name=\"robots\" content=\"index, follow, max-snippet:-1, max-image-preview:large, max-video-preview:-1\" \/>\n<link rel=\"canonical\" href=\"https:\/\/jackpotlotteryonline.com\/sk\/vyherne-cisla\/powerball\/\" \/>\n<meta property=\"og:locale\" content=\"sk_SK\" \/>\n<meta property=\"og:type\" content=\"article\" \/>\n<meta property=\"og:title\" content=\"V\u00ed\u0165azn\u00e9 \u010d\u00edsla a v\u00fdsledky \u017erebovania Powerball\" \/>\n<meta property=\"og:description\" content=\"V\u0161etky najnov\u0161ie v\u00fdsledky \u017erebovania a v\u00fdhern\u00e9 \u010d\u00edsla pre Powerball USA, plus arch\u00edv v\u00fdsledkov, v\u0161etko na jednej webovej str\u00e1nke.\" \/>\n<meta property=\"og:url\" content=\"https:\/\/jackpotlotteryonline.com\/sk\/vyherne-cisla\/powerball\/\" \/>\n<meta property=\"og:site_name\" content=\"Lotto Online - Crack The International Lottery Jackpots\" \/>\n<meta property=\"article:modified_time\" content=\"2022-12-26T14:31:45+00:00\" \/>\n<meta property=\"og:image\" content=\"https:\/\/jackpotlotteryonline.com\/wp-content\/uploads\/2022\/11\/1_results_powerball.jpg\" \/>\n<meta name=\"twitter:card\" content=\"summary_large_image\" \/>\n<meta name=\"twitter:label1\" content=\"Predpokladan\u00fd \u010das \u010d\u00edtania\" \/>\n\t<meta name=\"twitter:data1\" content=\"5 min\u00fat\" \/>\n<!-- \/ Yoast SEO plugin. -->","yoast_head_json":{"title":"V\u00ed\u0165azn\u00e9 \u010d\u00edsla a v\u00fdsledky \u017erebovania Powerball","description":"V\u0161etky najnov\u0161ie v\u00fdsledky \u017erebovania a v\u00fdhern\u00e9 \u010d\u00edsla pre Powerball USA, plus arch\u00edv v\u00fdsledkov, v\u0161etko na jednej webovej str\u00e1nke.","robots":{"index":"index","follow":"follow","max-snippet":"max-snippet:-1","max-image-preview":"max-image-preview:large","max-video-preview":"max-video-preview:-1"},"canonical":"https:\/\/jackpotlotteryonline.com\/sk\/vyherne-cisla\/powerball\/","og_locale":"sk_SK","og_type":"article","og_title":"V\u00ed\u0165azn\u00e9 \u010d\u00edsla a v\u00fdsledky \u017erebovania Powerball","og_description":"V\u0161etky najnov\u0161ie v\u00fdsledky \u017erebovania a v\u00fdhern\u00e9 \u010d\u00edsla pre Powerball USA, plus arch\u00edv v\u00fdsledkov, v\u0161etko na jednej webovej str\u00e1nke.","og_url":"https:\/\/jackpotlotteryonline.com\/sk\/vyherne-cisla\/powerball\/","og_site_name":"Lotto Online - Crack The International Lottery Jackpots","article_modified_time":"2022-12-26T14:31:45+00:00","og_image":[{"url":"https:\/\/jackpotlotteryonline.com\/wp-content\/uploads\/2022\/11\/1_results_powerball.jpg"}],"twitter_card":"summary_large_image","twitter_misc":{"Predpokladan\u00fd \u010das \u010d\u00edtania":"5 min\u00fat"},"schema":{"@context":"https:\/\/schema.org","@graph":[{"@type":"WebPage","@id":"https:\/\/jackpotlotteryonline.com\/sk\/vyherne-cisla\/powerball\/","url":"https:\/\/jackpotlotteryonline.com\/sk\/vyherne-cisla\/powerball\/","name":"V\u00ed\u0165azn\u00e9 \u010d\u00edsla a v\u00fdsledky \u017erebovania Powerball","isPartOf":{"@id":"https:\/\/jackpotlotteryonline.com\/#website"},"primaryImageOfPage":{"@id":"https:\/\/jackpotlotteryonline.com\/sk\/vyherne-cisla\/powerball\/#primaryimage"},"image":{"@id":"https:\/\/jackpotlotteryonline.com\/sk\/vyherne-cisla\/powerball\/#primaryimage"},"thumbnailUrl":"https:\/\/jackpotlotteryonline.com\/wp-content\/uploads\/2022\/11\/1_results_powerball.jpg","datePublished":"2022-12-05T08:58:37+00:00","dateModified":"2022-12-26T14:31:45+00:00","description":"V\u0161etky najnov\u0161ie v\u00fdsledky \u017erebovania a v\u00fdhern\u00e9 \u010d\u00edsla pre Powerball USA, plus arch\u00edv v\u00fdsledkov, v\u0161etko na jednej webovej str\u00e1nke.","breadcrumb":{"@id":"https:\/\/jackpotlotteryonline.com\/sk\/vyherne-cisla\/powerball\/#breadcrumb"},"inLanguage":"sk-SK","potentialAction":[{"@type":"ReadAction","target":["https:\/\/jackpotlotteryonline.com\/sk\/vyherne-cisla\/powerball\/"]}]},{"@type":"ImageObject","inLanguage":"sk-SK","@id":"https:\/\/jackpotlotteryonline.com\/sk\/vyherne-cisla\/powerball\/#primaryimage","url":"https:\/\/jackpotlotteryonline.com\/wp-content\/uploads\/2022\/11\/1_results_powerball.jpg","contentUrl":"https:\/\/jackpotlotteryonline.com\/wp-content\/uploads\/2022\/11\/1_results_powerball.jpg"},{"@type":"BreadcrumbList","@id":"https:\/\/jackpotlotteryonline.com\/sk\/vyherne-cisla\/powerball\/#breadcrumb","itemListElement":[{"@type":"ListItem","position":1,"name":"Home","item":"https:\/\/jackpotlotteryonline.com\/sk\/"},{"@type":"ListItem","position":2,"name":"V\u00fdsledky lot\u00e9rie","item":"https:\/\/jackpotlotteryonline.com\/sk\/vyherne-cisla\/"},{"@type":"ListItem","position":3,"name":"V\u00fdsledky \u017erebovania Powerball"}]},{"@type":"WebSite","@id":"https:\/\/jackpotlotteryonline.com\/#website","url":"https:\/\/jackpotlotteryonline.com\/","name":"Lotto Online - Crack The International Lottery Jackpots","description":"","potentialAction":[{"@type":"SearchAction","target":{"@type":"EntryPoint","urlTemplate":"https:\/\/jackpotlotteryonline.com\/?s={search_term_string}"},"query-input":"required name=search_term_string"}],"inLanguage":"sk-SK"}]}},"_links":{"self":[{"href":"https:\/\/jackpotlotteryonline.com\/sk\/wp-json\/wp\/v2\/pages\/40506","targetHints":{"allow":["GET"]}}],"collection":[{"href":"https:\/\/jackpotlotteryonline.com\/sk\/wp-json\/wp\/v2\/pages"}],"about":[{"href":"https:\/\/jackpotlotteryonline.com\/sk\/wp-json\/wp\/v2\/types\/page"}],"author":[{"embeddable":true,"href":"https:\/\/jackpotlotteryonline.com\/sk\/wp-json\/wp\/v2\/users\/1"}],"replies":[{"embeddable":true,"href":"https:\/\/jackpotlotteryonline.com\/sk\/wp-json\/wp\/v2\/comments?post=40506"}],"version-history":[{"count":0,"href":"https:\/\/jackpotlotteryonline.com\/sk\/wp-json\/wp\/v2\/pages\/40506\/revisions"}],"up":[{"embeddable":true,"href":"https:\/\/jackpotlotteryonline.com\/sk\/wp-json\/wp\/v2\/pages\/35852"}],"wp:attachment":[{"href":"https:\/\/jackpotlotteryonline.com\/sk\/wp-json\/wp\/v2\/media?parent=40506"}],"curies":[{"name":"wp","href":"https:\/\/api.w.org\/{rel}","templated":true}]}}