{"id":40558,"date":"2022-12-05T11:19:19","date_gmt":"2022-12-05T11:19:19","guid":{"rendered":"https:\/\/jackpotlotteryonline.com\/?page_id=40558"},"modified":"2022-12-26T20:52:03","modified_gmt":"2022-12-26T20:52:03","slug":"mega-millions","status":"publish","type":"page","link":"https:\/\/jackpotlotteryonline.com\/sk\/vyherne-cisla\/mega-millions\/","title":{"rendered":"V\u00fdsledky \u017erebovania Mega Millions"},"content":{"rendered":"<p>Mega Millions je zn\u00e1ma svojimi mega jackpotmi a st\u00e1vkuj\u00faci na celom svete jednoducho miluj\u00fa my\u0161lienku na v\u00fdhru v tejto lot\u00e9rii. V\u00fdhra v lot\u00e9rii Mega Millions je americk\u00fdm snom a usiluj\u00fa sa o \u0148u mili\u00f3ny hr\u00e1\u010dov. Na\u0161\u0165astie, hr\u00e1\u010di z cel\u00e9ho sveta maj\u00fa teraz \u0161ancu vyhra\u0165 Mega Millions k\u00fapou tiketov online. Ak v\u00e1s zauj\u00edma, ako to urobi\u0165, m\u00e1me pre v\u00e1s lah\u00f4dku.<\/p>\n<p>Ak ste hr\u00e1\u010dom prv\u00fdkr\u00e1t (alebo ste pravideln\u00fdm hr\u00e1\u010dom), m\u00f4\u017eete si <a href=\"https:\/\/jackpotlotteryonline.com\/sk\/kupit-vstupenky\/mega-millions\">k\u00fapi\u0165 tikety do Mega Million priamo tu na na\u0161ej str\u00e1nke<\/a>. A nielen to, tu na jackpotlotteryonline.com v\u00e1m d\u00e1vame \u0161ancu vyhra\u0165 aj v nieko\u013ek\u00fdch \u0161pi\u010dkov\u00fdch medzin\u00e1rodn\u00fdch lot\u00e9ri\u00e1ch. Ak teda chcete sk\u00fasi\u0165 vyhra\u0165 v lot\u00e9ri\u00e1ch z Austr\u00e1lie, Eur\u00f3py alebo Ameriky, zosta\u0148te s nami.<\/p>\n<section class=\"layout\" style=\"border: solid 1px; width: 100%;\">\n<div class=\"img-div\" style=\"margin-top: 5px;\"><img decoding=\"async\" class=\"wp-image-17212 alignleft\" style=\"height: 45px; margin: 8px 8px 0px;\" src=\"http:\/\/jackpotlotteryonline.com\/wp-content\/uploads\/2022\/11\/read1.jpg\" alt=\"pre\u010d\u00edtajte si\" width=\"\" height=\"\" \/><\/div>\n<div style=\"padding-left: 5px;\">\n<div style=\"font-size: 1.1em;\">\n<p><strong>Eur\u00f3pske lot\u00e9rie<\/strong><\/p>\n<p style=\"font-size: 0.85em; margin-top: -1.5em;\">Ktor\u00e9 eur\u00f3pske lot\u00e9rie s\u00fa najlep\u0161ie?\u00a0<a href=\"https:\/\/jackpotlotteryonline.com\/sk\/ktore-europske-loterie-su-najlepsie\"> \u010d\u00edtaj viac<\/a><\/p>\n<\/div>\n<\/div>\n<\/section>\n<p>Aha, a povieme v\u00e1m, ako sa m\u00f4\u017eete dosta\u0165 aj k v\u00fdhram v Mega Millions. Nem\u00e1 zmysel<a href=\"https:\/\/jackpotlotteryonline.com\/sk\/ako-hrat\/mega-millions\"> hra\u0165 Mega Millions,<\/a> vyhra\u0165 a nema\u0165 pr\u00edstup k svojej v\u00fdhre. Tak\u017ee sa uvo\u013enite a \u010d\u00edtajte \u010falej, aby ste sa dozvedeli v\u0161etko, \u010do potrebujete vedie\u0165 o v\u00fdhern\u00fdch \u010d\u00edslach Mega Millions.<\/p>\n<h2>Ako vybra\u0165 v\u00fdhern\u00e9 \u010d\u00edsla Mega Millions<\/h2>\n<p><img loading=\"lazy\" decoding=\"async\" class=\"alignright size-full wp-image-31073\" src=\"http:\/\/jackpotlotteryonline.com\/wp-content\/uploads\/2022\/11\/logo_Mega_Millions_233x110.png\" alt=\"K\u00fapi\u0165 tiket mega mili\u00f3ny online\" width=\"232\" height=\"110\" \/>Ka\u017ed\u00fd, kto si kupuje \u017ereb, d\u00fafa, \u017ee nejak\u00fdm sp\u00f4sobom z\u00edska v\u00fdhern\u00fd tiket. Je to prirodzen\u00fd \u013eudsk\u00fd in\u0161tinkt. Vieme, \u017ee \u0161anca m\u00f4\u017ee by\u0165 vysok\u00e1, ale niekto predsa mus\u00ed z\u00edska\u0165 v\u00fdhern\u00fd tiket. A m\u00f4\u017eete to by\u0165 aj vy, v\u0161ak? Ale ako to urob\u00edte? No, existuje nieko\u013eko trikov, ktor\u00e9 hr\u00e1\u010di pou\u017e\u00edvaj\u00fa na v\u00fdber v\u00fdhern\u00fdch \u010d\u00edsel.<\/p>\n<p>Budeme otvoren\u00ed a prezrad\u00edme v\u00e1m, \u017ee neexistuje zaru\u010den\u00fd sp\u00f4sob, ako z\u00edska\u0165 v\u00fdhern\u00fd tiket. Je to hra n\u00e1hody a ka\u017ed\u00fd hr\u00e1\u010d mus\u00ed jednoducho sk\u00fasi\u0165 svoje \u0161\u0165astie. Napriek tomu existuj\u00fa sp\u00f4soby, ako si m\u00f4\u017eete pom\u00f4c\u0165 k pocitu \u0161\u0165astia. Na to s\u00fa ve\u013emi d\u00f4le\u017eit\u00e9 v\u00fdhern\u00e9 \u010d\u00edsla, ktor\u00e9 si vyberiete.<\/p>\n<p>V\u00fdhern\u00e9 \u010d\u00edsla si m\u00f4\u017eete vybra\u0165 v podstate tak, \u017ee si vyberiete \u0161\u0165astn\u00e9 d\u00e1tumy. Niektor\u00ed \u013eudia pova\u017euj\u00fa za \u0161\u0165astn\u00e9 d\u00e1tumy svoje narodenie. Hovor\u00ed sa, \u017ee niektor\u00ed \u013eudia sa narodili pod \u0161\u0165astnou hviezdou. Ak sa c\u00edtite ako jeden z nich, potom by ste mohli pou\u017ei\u0165 cel\u00fd d\u00e1tum narodenia alebo jeho \u010das\u0165 pre svoj los. Ak sa nec\u00edtite tak\u00ed \u0161\u0165astn\u00ed, pou\u017eite automatick\u00fd gener\u00e1tor na v\u00fdber n\u00e1hodn\u00fdch v\u00fdhern\u00fdch \u010d\u00edsel.<\/p>\n<h2>V\u00fdhra Mega Millions online<\/h2>\n<p>Pravidl\u00e1 hry s\u00fa rovnak\u00e9 bez oh\u013eadu na to, \u010di hr\u00e1te online alebo offline. Postupom v\u00fdberu v\u00fdhern\u00fdch \u010d\u00edsel online v\u00e1s prevedieme. Ke\u010f si ho osvoj\u00edte, nebudete chcie\u0165 hra\u0165 lot\u00e9riu in\u00fdm sp\u00f4sobom. Je nie\u010do neuverite\u013en\u00e9 na tom, \u017ee nemus\u00edte nikam chodi\u0165, aby ste si k\u00fapili \u017ereb. Sta\u010d\u00ed pou\u017ei\u0165 po\u010d\u00edta\u010d alebo mobiln\u00e9 zariadenie.<\/p>\n<p>Najprv pravidl\u00e1. V pr\u00edpade Mega Millions mus\u00edte vybra\u0165 5 \u010d\u00edsel od 1 do 70 a Mega Ball od 1 do 25. Ke\u010f si vyberiete v\u00fdhern\u00fa kombin\u00e1ciu, m\u00f4\u017eete sa zapoji\u0165 do \u017erebovania. Dni \u017erebovania s\u00fa ka\u017ed\u00fd t\u00fd\u017ede\u0148 utorok a piatok. M\u00e1te mo\u017enos\u0165 zapoji\u0165 sa do jedn\u00e9ho \u017erebovania alebo do oboch.<\/p>\n<p>Do \u017erebovania sa m\u00f4\u017eete zapoji\u0165 aj nieko\u013eko t\u00fd\u017ed\u0148ov vopred. Ak sa v\u00e1m podar\u00ed trafi\u0165 v\u00fdhern\u00fa kombin\u00e1ciu, vyhr\u00e1te ve\u013ea. Pred zaplaten\u00edm vstupov v\u00e1s po\u017eiadame o registr\u00e1ciu. To preto, aby sme v\u00e1m u\u013eah\u010dili pr\u00edstup k v\u00fdhram a ich vyzdvihnutie. Ale to v\u00e1m vysvetl\u00edme nesk\u00f4r, len \u010d\u00edtajte \u010falej.<\/p>\n<h2>Kontrola v\u00fdhern\u00fdch \u010d\u00edsel<\/h2>\n<p>Jackpot Mega Millions za\u010d\u00edna na 40 mili\u00f3noch dol\u00e1rov. To je garantovan\u00e9 minimum a v\u00fdhra neklesne pod t\u00fato sumu. Ak sa po \u017erebovan\u00ed neobjav\u00ed \u017eiadne v\u00fdhern\u00e9 \u010d\u00edslo, jackpot sa pres\u00fava do \u010fal\u0161ieho \u017erebovania. Pokra\u010duje, k\u00fdm sa nen\u00e1jde v\u00fdhern\u00fd tiket.<\/p>\n<p>Ak chcete skontrolova\u0165 v\u00fdhern\u00e9 v\u00fdsledky lot\u00e9rie Mega Millions, sta\u010d\u00ed sa po ka\u017edom \u017erebovan\u00ed vr\u00e1ti\u0165 na t\u00fato str\u00e1nku. Je to tak\u00e9 jednoduch\u00e9. Na tejto str\u00e1nke uverej\u0148ujeme v\u00fdhern\u00e9 v\u00fdsledky ka\u017ed\u00e9ho \u017erebovania, a to aj v ostatn\u00fdch v\u00fdhern\u00fdch kateg\u00f3ri\u00e1ch. \u00c1no, v\u00fdhra jackpotu nie je v\u0161etko, \u010do m\u00f4\u017eete vyhra\u0165, ke\u010f hr\u00e1te Mega Millions.<\/p>\n<p>Ak vyhr\u00e1te ak\u00fako\u013evek cenu, okam\u017eite v\u00e1s budeme informova\u0165 e-mailom, aby ste si mohli svoju v\u00fdhru vyzdvihn\u00fa\u0165.<\/p>\n<h2>V\u00fdhern\u00e9 kateg\u00f3rie Mega Millions<\/h2>\n<p>Dobre, vieme, \u017ee ste pravdepodobne zvedav\u00ed na v\u00fdhry \u010fal\u0161\u00edch cien pri hran\u00ed tejto lot\u00e9rie. V\u0161etci d\u00fafame, \u017ee vyhr\u00e1me v lot\u00e9rii, ale ke\u010f mierime ku hviezdam, niekedy traf\u00edme nebo. A tieto ceny s\u00fa celkom \u00fa\u017easn\u00e9. Tu je teda rozdelenie cien.<\/p>\n<p>Div\u00edzia 1: 5 + Mega Ball &#8211; Jackpot<\/p>\n<p>Div\u00edzia 2: 5 &#8211; 1 000 000 USD<\/p>\n<p>Div\u00edzia 3: 4 + Mega Ball &#8211; 10 000 USD<\/p>\n<p>Div\u00edzia 4: 4 &#8211; 500 USD<\/p>\n<p>Div\u00edzia 5: 3 + Mega Ball &#8211; 200 USD<\/p>\n<p>Div\u00edzia 6: 3 &#8211; 10 USD<\/p>\n<p>Div\u00edzia 7: 2 + Mega Ball &#8211; 10 USD<\/p>\n<p>Div\u00edzia 8: 1 + Mega Ball &#8211; 4 USD<\/p>\n<p>Div\u00edzia 8: iba Mega Ball &#8211; 2 USD<\/p>\n<p>Vyhra\u0165 cenu druhej \u00farovne by bolo tie\u017e celkom pozoruhodn\u00e9, v\u0161ak? Aj my si to mysl\u00edme.<\/p>\n<h2>Ako si m\u00f4\u017eete vyzdvihn\u00fa\u0165 svoju v\u00fdhru<\/h2>\n<p><img loading=\"lazy\" decoding=\"async\" class=\"alignright size-full wp-image-19115\" src=\"http:\/\/jackpotlotteryonline.com\/wp-content\/uploads\/2022\/10\/2_ticket_mega_millions3.jpg\" alt=\"Skenovanie tiketu mega mili\u00f3ny\" width=\"180\" height=\"193\" \/>Hra\u0165 lot\u00e9riu online je fajn, ale ako si uplatni\u0165 n\u00e1rok na v\u00fdhru? Aj o tom sa postar\u00e1me. Ak ste si k\u00fapili svoj tiket na jackpotlotteryonline.com, potom m\u00f4\u017eete \u013eahko z\u00edska\u0165 pr\u00edstup k svojej v\u00fdhre. Po prihl\u00e1sen\u00ed do svojho \u00fa\u010dtu si jednoducho vyplat\u00edte peniaze z na\u0161ej platformy do svojej banky.<\/p>\n<p>Tento bezprobl\u00e9mov\u00fd proces je hlavn\u00fdm d\u00f4vodom, pre\u010do \u017eiadame na\u0161ich z\u00e1kazn\u00edkov, aby sa zaregistrovali. V\u00fdber v\u00fdhry je tak ove\u013ea jednoduch\u0161\u00ed bez oh\u013eadu na to, kde \u017eijete.<\/p>\n<p>Upozor\u0148ujeme, \u017ee sa to zvy\u010dajne t\u00fdka v\u00fdhier, ktor\u00e9 s\u00fa ni\u017e\u0161ie ako 2 500 \u20ac. Ak je va\u0161a v\u00fdhra vy\u0161\u0161ia ako 2 500 \u20ac, mo\u017eno budete musie\u0165 kontaktova\u0165 priamo lot\u00e9riov\u00fa spolo\u010dnos\u0165, aby ste si svoju v\u00fdhru vyzdvihli. To v\u0161ak nie je probl\u00e9m, preto\u017ee v\u00e1m pom\u00f4\u017eeme s vyplnen\u00edm formul\u00e1ra na uplatnenie n\u00e1roku.<\/p>\n<h2>Pre\u010do by ste mali hra\u0165 lot\u00e9riu na jackpotlotteryonline.com<\/h2>\n<p>V\u0161etko, \u010do rob\u00edme na jackpotlotteryonline.com, je zameran\u00e9 na to, aby ste pri hran\u00ed Mega Millions za\u017eili fantastick\u00e9 z\u00e1\u017eitky. V \u017eivote je to\u013eko vec\u00ed, ktor\u00e9 s\u00fa \u0165a\u017ek\u00e9, ale v\u00fdhra v lot\u00e9rii by nemala by\u0165 jednou z nich. Preto sa postar\u00e1me o v\u0161etky tie otravn\u00e9 drobnosti, aby ste sa mohli s\u00fastredi\u0165 na z\u00e1bavu, po ktorej t\u00fa\u017eite.<\/p>\n<p>Viac ako to, sme str\u00e1nka s recepciou. To znamen\u00e1, \u017ee na\u0161im z\u00e1kazn\u00edkom d\u00e1vame \u0161ancu vyhra\u0165 v lot\u00e9rii. Nevs\u00e1dzate na v\u00fdsledok Mega Millions, ako je to u mnoh\u00fdch lot\u00e9riov\u00fdch str\u00e1nok. Na\u0161im z\u00e1kazn\u00edkom v skuto\u010dnosti poskytujeme pr\u00edstup k v\u00fdhern\u00fdm medzin\u00e1rodn\u00fdm lot\u00e9ri\u00e1m, ako je Mega Millions. Ke\u010f si k\u00fapite tikety na na\u0161ej str\u00e1nke, Ak m\u00e1te v\u00fdhern\u00fd tiket, vyhr\u00e1te v lot\u00e9rii.<\/p>\n<p>Na\u0161im z\u00e1kazn\u00edkom u\u013eah\u010dujeme kontrolu v\u00fdhern\u00fdch \u010d\u00edsel Mega Millions, ako aj hist\u00f3riu \u017erebovania. Kontrola hist\u00f3rie \u017erebovania pom\u00e1ha hr\u00e1\u010dom vytvori\u0165 si strat\u00e9giu v\u00fdhernej hry. A napokon, z\u00edska\u0165 pr\u00edstup k svojej v\u00fdhre je tak\u00e9 jednoduch\u00e9 ako kliknutie. U\u017eite si lot\u00e9riu Mega Millions e\u0161te dnes t\u00fdm, \u017ee sa u n\u00e1s zaregistrujete.<\/p>\n","protected":false},"excerpt":{"rendered":"<p>Mega Millions je zn\u00e1ma svojimi mega jackpotmi a st\u00e1vkuj\u00faci na celom svete jednoducho miluj\u00fa my\u0161lienku na v\u00fdhru v tejto lot\u00e9rii. V\u00fdhra v lot\u00e9rii Mega Millions je americk\u00fdm snom a usiluj\u00fa sa o \u0148u mili\u00f3ny hr\u00e1\u010dov. Na\u0161\u0165astie, hr\u00e1\u010di z cel\u00e9ho sveta maj\u00fa teraz \u0161ancu vyhra\u0165 Mega Millions k\u00fapou tiketov online. Ak v\u00e1s zauj\u00edma, ako to urobi\u0165, [&hellip;]<\/p>\n","protected":false},"author":1,"featured_media":0,"parent":35852,"menu_order":2,"comment_status":"closed","ping_status":"closed","template":"megamillion-results.php","meta":{"_et_pb_use_builder":"","_et_pb_old_content":"","_et_gb_content_width":"","exclude_from_search":false,"footnotes":""},"class_list":["post-40558","page","type-page","status-publish","hentry"],"yoast_head":"<!-- This site is optimized with the Yoast SEO plugin v23.3 - https:\/\/yoast.com\/wordpress\/plugins\/seo\/ -->\n<title>V\u00fdhern\u00e9 \u010d\u00edsla a v\u00fdsledky \u017erebovania Mega Millions<\/title>\n<meta name=\"description\" content=\"V\u00fdsledky \u017erebovania tohto t\u00fd\u017ed\u0148a a star\u0161ie \u017erebovania Mega Millions a v\u00fdhern\u00e9 \u010d\u00edsla n\u00e1jdete tu na na\u0161ej str\u00e1nke\" \/>\n<meta name=\"robots\" content=\"index, follow, max-snippet:-1, max-image-preview:large, max-video-preview:-1\" \/>\n<link rel=\"canonical\" href=\"https:\/\/jackpotlotteryonline.com\/sk\/vyherne-cisla\/mega-millions\/\" \/>\n<meta property=\"og:locale\" content=\"sk_SK\" \/>\n<meta property=\"og:type\" content=\"article\" \/>\n<meta property=\"og:title\" content=\"V\u00fdhern\u00e9 \u010d\u00edsla a v\u00fdsledky \u017erebovania Mega Millions\" \/>\n<meta property=\"og:description\" content=\"V\u00fdsledky \u017erebovania tohto t\u00fd\u017ed\u0148a a star\u0161ie \u017erebovania Mega Millions a v\u00fdhern\u00e9 \u010d\u00edsla n\u00e1jdete tu na na\u0161ej str\u00e1nke\" \/>\n<meta property=\"og:url\" content=\"https:\/\/jackpotlotteryonline.com\/sk\/vyherne-cisla\/mega-millions\/\" \/>\n<meta property=\"og:site_name\" content=\"Lotto Online - Crack The International Lottery Jackpots\" \/>\n<meta property=\"article:modified_time\" content=\"2022-12-26T20:52:03+00:00\" \/>\n<meta property=\"og:image\" content=\"http:\/\/jackpotlotteryonline.com\/wp-content\/uploads\/2022\/11\/read1.jpg\" \/>\n<meta name=\"twitter:card\" content=\"summary_large_image\" \/>\n<meta name=\"twitter:label1\" content=\"Predpokladan\u00fd \u010das \u010d\u00edtania\" \/>\n\t<meta name=\"twitter:data1\" content=\"5 min\u00fat\" \/>\n<!-- \/ Yoast SEO plugin. -->","yoast_head_json":{"title":"V\u00fdhern\u00e9 \u010d\u00edsla a v\u00fdsledky \u017erebovania Mega Millions","description":"V\u00fdsledky \u017erebovania tohto t\u00fd\u017ed\u0148a a star\u0161ie \u017erebovania Mega Millions a v\u00fdhern\u00e9 \u010d\u00edsla n\u00e1jdete tu na na\u0161ej str\u00e1nke","robots":{"index":"index","follow":"follow","max-snippet":"max-snippet:-1","max-image-preview":"max-image-preview:large","max-video-preview":"max-video-preview:-1"},"canonical":"https:\/\/jackpotlotteryonline.com\/sk\/vyherne-cisla\/mega-millions\/","og_locale":"sk_SK","og_type":"article","og_title":"V\u00fdhern\u00e9 \u010d\u00edsla a v\u00fdsledky \u017erebovania Mega Millions","og_description":"V\u00fdsledky \u017erebovania tohto t\u00fd\u017ed\u0148a a star\u0161ie \u017erebovania Mega Millions a v\u00fdhern\u00e9 \u010d\u00edsla n\u00e1jdete tu na na\u0161ej str\u00e1nke","og_url":"https:\/\/jackpotlotteryonline.com\/sk\/vyherne-cisla\/mega-millions\/","og_site_name":"Lotto Online - Crack The International Lottery Jackpots","article_modified_time":"2022-12-26T20:52:03+00:00","og_image":[{"url":"http:\/\/jackpotlotteryonline.com\/wp-content\/uploads\/2022\/11\/read1.jpg"}],"twitter_card":"summary_large_image","twitter_misc":{"Predpokladan\u00fd \u010das \u010d\u00edtania":"5 min\u00fat"},"schema":{"@context":"https:\/\/schema.org","@graph":[{"@type":"WebPage","@id":"https:\/\/jackpotlotteryonline.com\/sk\/vyherne-cisla\/mega-millions\/","url":"https:\/\/jackpotlotteryonline.com\/sk\/vyherne-cisla\/mega-millions\/","name":"V\u00fdhern\u00e9 \u010d\u00edsla a v\u00fdsledky \u017erebovania Mega Millions","isPartOf":{"@id":"https:\/\/jackpotlotteryonline.com\/#website"},"primaryImageOfPage":{"@id":"https:\/\/jackpotlotteryonline.com\/sk\/vyherne-cisla\/mega-millions\/#primaryimage"},"image":{"@id":"https:\/\/jackpotlotteryonline.com\/sk\/vyherne-cisla\/mega-millions\/#primaryimage"},"thumbnailUrl":"http:\/\/jackpotlotteryonline.com\/wp-content\/uploads\/2022\/11\/read1.jpg","datePublished":"2022-12-05T11:19:19+00:00","dateModified":"2022-12-26T20:52:03+00:00","description":"V\u00fdsledky \u017erebovania tohto t\u00fd\u017ed\u0148a a star\u0161ie \u017erebovania Mega Millions a v\u00fdhern\u00e9 \u010d\u00edsla n\u00e1jdete tu na na\u0161ej str\u00e1nke","breadcrumb":{"@id":"https:\/\/jackpotlotteryonline.com\/sk\/vyherne-cisla\/mega-millions\/#breadcrumb"},"inLanguage":"sk-SK","potentialAction":[{"@type":"ReadAction","target":["https:\/\/jackpotlotteryonline.com\/sk\/vyherne-cisla\/mega-millions\/"]}]},{"@type":"ImageObject","inLanguage":"sk-SK","@id":"https:\/\/jackpotlotteryonline.com\/sk\/vyherne-cisla\/mega-millions\/#primaryimage","url":"http:\/\/jackpotlotteryonline.com\/wp-content\/uploads\/2022\/11\/read1.jpg","contentUrl":"http:\/\/jackpotlotteryonline.com\/wp-content\/uploads\/2022\/11\/read1.jpg"},{"@type":"BreadcrumbList","@id":"https:\/\/jackpotlotteryonline.com\/sk\/vyherne-cisla\/mega-millions\/#breadcrumb","itemListElement":[{"@type":"ListItem","position":1,"name":"Home","item":"https:\/\/jackpotlotteryonline.com\/sk\/"},{"@type":"ListItem","position":2,"name":"V\u00fdsledky lot\u00e9rie","item":"https:\/\/jackpotlotteryonline.com\/sk\/vyherne-cisla\/"},{"@type":"ListItem","position":3,"name":"V\u00fdsledky \u017erebovania Mega Millions"}]},{"@type":"WebSite","@id":"https:\/\/jackpotlotteryonline.com\/#website","url":"https:\/\/jackpotlotteryonline.com\/","name":"Lotto Online - Crack The International Lottery Jackpots","description":"","potentialAction":[{"@type":"SearchAction","target":{"@type":"EntryPoint","urlTemplate":"https:\/\/jackpotlotteryonline.com\/?s={search_term_string}"},"query-input":"required name=search_term_string"}],"inLanguage":"sk-SK"}]}},"_links":{"self":[{"href":"https:\/\/jackpotlotteryonline.com\/sk\/wp-json\/wp\/v2\/pages\/40558","targetHints":{"allow":["GET"]}}],"collection":[{"href":"https:\/\/jackpotlotteryonline.com\/sk\/wp-json\/wp\/v2\/pages"}],"about":[{"href":"https:\/\/jackpotlotteryonline.com\/sk\/wp-json\/wp\/v2\/types\/page"}],"author":[{"embeddable":true,"href":"https:\/\/jackpotlotteryonline.com\/sk\/wp-json\/wp\/v2\/users\/1"}],"replies":[{"embeddable":true,"href":"https:\/\/jackpotlotteryonline.com\/sk\/wp-json\/wp\/v2\/comments?post=40558"}],"version-history":[{"count":0,"href":"https:\/\/jackpotlotteryonline.com\/sk\/wp-json\/wp\/v2\/pages\/40558\/revisions"}],"up":[{"embeddable":true,"href":"https:\/\/jackpotlotteryonline.com\/sk\/wp-json\/wp\/v2\/pages\/35852"}],"wp:attachment":[{"href":"https:\/\/jackpotlotteryonline.com\/sk\/wp-json\/wp\/v2\/media?parent=40558"}],"curies":[{"name":"wp","href":"https:\/\/api.w.org\/{rel}","templated":true}]}}