{"id":40613,"date":"2022-12-05T13:39:39","date_gmt":"2022-12-05T13:39:39","guid":{"rendered":"https:\/\/jackpotlotteryonline.com\/?page_id=40613"},"modified":"2022-12-27T08:52:22","modified_gmt":"2022-12-27T08:52:22","slug":"euromillions","status":"publish","type":"page","link":"https:\/\/jackpotlotteryonline.com\/sk\/vyherne-cisla\/euromillions\/","title":{"rendered":"V\u00fdsledky \u017erebovania Euromili\u00f3nov"},"content":{"rendered":"<p>Hr\u00e1\u010di, ktor\u00ed si kupuj\u00fa \u017ereby, sa \u010dasto ob\u00e1vaj\u00fa, \u017ee im ujde v\u00fdhra v lot\u00e9rii. Je to preto, \u017ee \u013eudia s\u00fa neopatrn\u00ed a \u017ereby sa str\u00e1caj\u00fa; bez \u017erebu si nem\u00f4\u017eete uplatni\u0165 n\u00e1rok na v\u00fdhru. Ke\u010f v\u0161ak hr\u00e1te lot\u00e9riu online, nikdy sa nemus\u00edte ob\u00e1va\u0165 ch\u00fdbaj\u00facich tiketov, preto\u017ee v\u0161etko je digit\u00e1lne. Kontrola v\u00fdhern\u00fdch \u010d\u00edsel v\u0161ak m\u00f4\u017ee by\u0165 st\u00e1le probl\u00e9mom, ak neviete, \u010do robi\u0165. A pr\u00e1ve preto sme tu my.<\/p>\n<p>Na str\u00e1nke jackpotlotteryonline.com poskytujeme hr\u00e1\u010dom pr\u00edstup k najlep\u0161\u00edm medzin\u00e1rodn\u00fdm lot\u00e9ri\u00e1m online. U\u013eah\u010dujeme v\u00e1m tie\u017e n\u00e1kup \u017erebov a kontrolu v\u00fdhern\u00fdch \u010d\u00edsel lot\u00e9rie Euromillions, nech ste kdeko\u013evek.<\/p>\n<h2>Ako vyhra\u0165 jackpot?<\/h2>\n<p><img loading=\"lazy\" decoding=\"async\" class=\"alignright size-full wp-image-31019\" src=\"http:\/\/jackpotlotteryonline.com\/wp-content\/uploads\/2022\/11\/euromillions.png\" alt=\"V\u00fdhra v hre Euromillions\" width=\"200\" height=\"212\" \/>To je z\u00e1sadn\u00e1 ot\u00e1zka, preto\u017ee ka\u017ed\u00fd, kto hr\u00e1 lot\u00e9riu, by chcel vedie\u0165, \u010do je potrebn\u00e9 na v\u00fdhru. Jednoduch\u00e1 odpove\u010f znie, \u017ee na to, aby hr\u00e1\u010d vyhral v lot\u00e9rii, sta\u010d\u00ed, aby sa zhodoval s vy\u017erebovan\u00fdmi \u010d\u00edslami. Samozrejme, v\u0161etci vieme, \u017ee to nie je tak\u00e9 jednoduch\u00e9. Lot\u00e9ria z\u00e1vis\u00ed vo ve\u013ekej miere od \u0161\u0165astia.<\/p>\n<p>V pr\u00edpade hry Euromili\u00f3ny mus\u00ed hr\u00e1\u010d vybra\u0165 5 \u010d\u00edslic od 1 do 70 a 2 \u0161\u0165astn\u00e9 hviezdy. Kto sa zhoduje so v\u0161etk\u00fdmi 7 vy\u017erebovan\u00fdmi \u010d\u00edslicami, vyhr\u00e1va v lot\u00e9rii.<\/p>\n<p>Tu si m\u00f4\u017eete pozrie\u0165 minul\u00e9 kombin\u00e1cie a zisti\u0165, ak\u00e9 \u010d\u00edslice sa vyskytuj\u00fa naj\u010dastej\u0161ie alebo najmenej. To by v\u00e1m mohlo pom\u00f4c\u0165 pri pl\u00e1novan\u00ed v\u00fdhernej strat\u00e9gie pre eur\u00f3psku lot\u00e9riu.<\/p>\n<h2>Ako skontrolova\u0165 v\u00fdhercu<\/h2>\n<p>Existuje nieko\u013eko sp\u00f4sobov, ako si overi\u0165 v\u00fdhercu lot\u00e9rie online. Probl\u00e9mom pri kontrole na akejko\u013evek n\u00e1hodnej str\u00e1nke v\u0161ak je, \u017ee nemus\u00edte z\u00edska\u0165 presn\u00e9 inform\u00e1cie. Takisto ak skontrolujete spravodajsk\u00e9 str\u00e1nky, m\u00f4\u017eete sa dozvedie\u0165 len kombin\u00e1ciu, ktor\u00e1 vyhrala jackpot.<\/p>\n<p>Eur\u00f3pska lot\u00e9ria m\u00e1 nieko\u013eko v\u00fdhern\u00fdch kateg\u00f3ri\u00ed a aj ke\u010f ste nevyhrali hlavn\u00fa cenu, st\u00e1le m\u00f4\u017eete od\u00eds\u0165 domov s dobrou sumou. Preto je d\u00f4le\u017eit\u00e9 skontrolova\u0165 svoj tiket v porovnan\u00ed s ostatn\u00fdmi v\u00fdhern\u00fdmi div\u00edziami.<\/p>\n<p>Ak si <a href=\"https:\/\/jackpotlotteryonline.com\/sk\/kupit-vstupenky\/euromillions\">k\u00fapite svoj tiket<\/a> na jackpotlotteryonline.com, po\u0161leme v\u00e1m e-mail, akon\u00e1hle vyhr\u00e1te cenu. Nemus\u00edte sa teda ob\u00e1va\u0165, \u017ee o v\u00fdhru pr\u00eddete.<\/p>\n<h2>Pr\u00edstup k va\u0161ej v\u00fdhre<\/h2>\n<p>Ke\u010f\u017ee <a href=\"https:\/\/jackpotlotteryonline.com\/sk\/ako-hrat\/euromillions\">lot\u00e9riu hr\u00e1te online<\/a>, je prirodzen\u00e9, \u017ee v\u00e1s zauj\u00edma, \u010do sa stane, ke\u010f vyhr\u00e1te cenu. Ak hr\u00e1te s nami, potom je pr\u00edstup k va\u0161ej v\u00fdhre rovnako jednoduch\u00fd ako zak\u00fapenie tiketu. T\u00fdm m\u00e1me na mysli, \u017ee si svoju v\u00fdhru m\u00f4\u017eete jednoducho vybra\u0165 z na\u0161ej str\u00e1nky. Bez probl\u00e9mov a komplik\u00e1ci\u00ed.<\/p>\n<p>Ak vyhr\u00e1te jackpot alebo sumu, ktor\u00e1 je vy\u0161\u0161ia ako 2500 \u20ac, potom mo\u017eno budete musie\u0165 vyplni\u0165 formul\u00e1r na uplatnenie n\u00e1rokov. Ale nebojte sa, nie je to zlo\u017eit\u00fd proces a my v\u00e1s n\u00edm prevedieme.<\/p>\n<section class=\"layout\" style=\"border: solid 1px; width: 100%;\">\n<div class=\"img-div\" style=\"margin-top: 5px;\"><img decoding=\"async\" class=\"wp-image-17212 alignleft\" style=\"height: 45px; margin: 8px 8px 0px;\" src=\"http:\/\/jackpotlotteryonline.com\/wp-content\/uploads\/2022\/11\/read1.jpg\" alt=\"pre\u010d\u00edtajte si\" width=\"\" height=\"\" \/><\/div>\n<div style=\"padding-left: 5px;\">\n<div style=\"font-size: 1.1em;\">\n<p><strong>Ako dostanem v\u00fdplatu, ak vyhr\u00e1m v lot\u00e9rii online?<\/strong><\/p>\n<p style=\"font-size: 0.85em; margin-top: -1.5em;\">Takto z\u00edskate svoje peniaze, ak vyhr\u00e1te v lot\u00e9rii online <a href=\"https:\/\/jackpotlotteryonline.com\/sk\/ako-ziskam-platbu-ak-vyhram-loteriu-online\"> \u010d\u00edtaj viac<\/a><\/p>\n<\/div>\n<\/div>\n<\/section>\n<h2>Skontrolujte si svoje v\u00fdhern\u00e9 \u010d\u00edsla v hre Euromili\u00f3ny e\u0161te dnes<\/h2>\n<p>Usilovne sme pracovali na vytvoren\u00ed bezpe\u010dn\u00e9ho online prostredia pre na\u0161ich hr\u00e1\u010dov. Poskytujeme v\u0161etko, \u010do potrebujete na pohodln\u00e9 hranie lot\u00e9rie. S nami z\u00edskate pr\u00edstup k najlep\u0161\u00edm medzin\u00e1rodn\u00fdm lot\u00e9ri\u00e1m a m\u00f4\u017eete sa vopred prihl\u00e1si\u0165 do viacer\u00fdch \u017erebovan\u00ed. Okrem toho si m\u00f4\u017eete priamo tu \u013eahko skontrolova\u0165 \u017erebovania a vybra\u0165 svoje v\u00fdhry.<\/p>\n","protected":false},"excerpt":{"rendered":"<p>Hr\u00e1\u010di, ktor\u00ed si kupuj\u00fa \u017ereby, sa \u010dasto ob\u00e1vaj\u00fa, \u017ee im ujde v\u00fdhra v lot\u00e9rii. Je to preto, \u017ee \u013eudia s\u00fa neopatrn\u00ed a \u017ereby sa str\u00e1caj\u00fa; bez \u017erebu si nem\u00f4\u017eete uplatni\u0165 n\u00e1rok na v\u00fdhru. Ke\u010f v\u0161ak hr\u00e1te lot\u00e9riu online, nikdy sa nemus\u00edte ob\u00e1va\u0165 ch\u00fdbaj\u00facich tiketov, preto\u017ee v\u0161etko je digit\u00e1lne. Kontrola v\u00fdhern\u00fdch \u010d\u00edsel v\u0161ak m\u00f4\u017ee by\u0165 st\u00e1le [&hellip;]<\/p>\n","protected":false},"author":1,"featured_media":0,"parent":35852,"menu_order":3,"comment_status":"closed","ping_status":"closed","template":"euromillions-results.php","meta":{"_et_pb_use_builder":"","_et_pb_old_content":"","_et_gb_content_width":"","exclude_from_search":false,"footnotes":""},"class_list":["post-40613","page","type-page","status-publish","hentry"],"yoast_head":"<!-- This site is optimized with the Yoast SEO plugin v23.3 - https:\/\/yoast.com\/wordpress\/plugins\/seo\/ -->\n<title>V\u00fdhern\u00e9 \u010d\u00edsla a v\u00fdsledky \u017erebovania v hre Euromillions<\/title>\n<meta name=\"description\" content=\"V\u00fdsledky \u017erebovania Euromillions - vy\u017erebovan\u00e9 \u010d\u00edsla pre posledn\u00e9 \u017erebovanie, ako aj arch\u00edv minul\u00fdch v\u00fdsledkov.\" \/>\n<meta name=\"robots\" content=\"index, follow, max-snippet:-1, max-image-preview:large, max-video-preview:-1\" \/>\n<link rel=\"canonical\" href=\"https:\/\/jackpotlotteryonline.com\/sk\/vyherne-cisla\/euromillions\/\" \/>\n<meta property=\"og:locale\" content=\"sk_SK\" \/>\n<meta property=\"og:type\" content=\"article\" \/>\n<meta property=\"og:title\" content=\"V\u00fdhern\u00e9 \u010d\u00edsla a v\u00fdsledky \u017erebovania v hre Euromillions\" \/>\n<meta property=\"og:description\" content=\"V\u00fdsledky \u017erebovania Euromillions - vy\u017erebovan\u00e9 \u010d\u00edsla pre posledn\u00e9 \u017erebovanie, ako aj arch\u00edv minul\u00fdch v\u00fdsledkov.\" \/>\n<meta property=\"og:url\" content=\"https:\/\/jackpotlotteryonline.com\/sk\/vyherne-cisla\/euromillions\/\" \/>\n<meta property=\"og:site_name\" content=\"Lotto Online - Crack The International Lottery Jackpots\" \/>\n<meta property=\"article:modified_time\" content=\"2022-12-27T08:52:22+00:00\" \/>\n<meta property=\"og:image\" content=\"http:\/\/jackpotlotteryonline.com\/wp-content\/uploads\/2022\/11\/euromillions.png\" \/>\n<meta name=\"twitter:card\" content=\"summary_large_image\" \/>\n<meta name=\"twitter:label1\" content=\"Predpokladan\u00fd \u010das \u010d\u00edtania\" \/>\n\t<meta name=\"twitter:data1\" content=\"3 min\u00faty\" \/>\n<!-- \/ Yoast SEO plugin. -->","yoast_head_json":{"title":"V\u00fdhern\u00e9 \u010d\u00edsla a v\u00fdsledky \u017erebovania v hre Euromillions","description":"V\u00fdsledky \u017erebovania Euromillions - vy\u017erebovan\u00e9 \u010d\u00edsla pre posledn\u00e9 \u017erebovanie, ako aj arch\u00edv minul\u00fdch v\u00fdsledkov.","robots":{"index":"index","follow":"follow","max-snippet":"max-snippet:-1","max-image-preview":"max-image-preview:large","max-video-preview":"max-video-preview:-1"},"canonical":"https:\/\/jackpotlotteryonline.com\/sk\/vyherne-cisla\/euromillions\/","og_locale":"sk_SK","og_type":"article","og_title":"V\u00fdhern\u00e9 \u010d\u00edsla a v\u00fdsledky \u017erebovania v hre Euromillions","og_description":"V\u00fdsledky \u017erebovania Euromillions - vy\u017erebovan\u00e9 \u010d\u00edsla pre posledn\u00e9 \u017erebovanie, ako aj arch\u00edv minul\u00fdch v\u00fdsledkov.","og_url":"https:\/\/jackpotlotteryonline.com\/sk\/vyherne-cisla\/euromillions\/","og_site_name":"Lotto Online - Crack The International Lottery Jackpots","article_modified_time":"2022-12-27T08:52:22+00:00","og_image":[{"url":"http:\/\/jackpotlotteryonline.com\/wp-content\/uploads\/2022\/11\/euromillions.png"}],"twitter_card":"summary_large_image","twitter_misc":{"Predpokladan\u00fd \u010das \u010d\u00edtania":"3 min\u00faty"},"schema":{"@context":"https:\/\/schema.org","@graph":[{"@type":"WebPage","@id":"https:\/\/jackpotlotteryonline.com\/sk\/vyherne-cisla\/euromillions\/","url":"https:\/\/jackpotlotteryonline.com\/sk\/vyherne-cisla\/euromillions\/","name":"V\u00fdhern\u00e9 \u010d\u00edsla a v\u00fdsledky \u017erebovania v hre Euromillions","isPartOf":{"@id":"https:\/\/jackpotlotteryonline.com\/#website"},"primaryImageOfPage":{"@id":"https:\/\/jackpotlotteryonline.com\/sk\/vyherne-cisla\/euromillions\/#primaryimage"},"image":{"@id":"https:\/\/jackpotlotteryonline.com\/sk\/vyherne-cisla\/euromillions\/#primaryimage"},"thumbnailUrl":"http:\/\/jackpotlotteryonline.com\/wp-content\/uploads\/2022\/11\/euromillions.png","datePublished":"2022-12-05T13:39:39+00:00","dateModified":"2022-12-27T08:52:22+00:00","description":"V\u00fdsledky \u017erebovania Euromillions - vy\u017erebovan\u00e9 \u010d\u00edsla pre posledn\u00e9 \u017erebovanie, ako aj arch\u00edv minul\u00fdch v\u00fdsledkov.","breadcrumb":{"@id":"https:\/\/jackpotlotteryonline.com\/sk\/vyherne-cisla\/euromillions\/#breadcrumb"},"inLanguage":"sk-SK","potentialAction":[{"@type":"ReadAction","target":["https:\/\/jackpotlotteryonline.com\/sk\/vyherne-cisla\/euromillions\/"]}]},{"@type":"ImageObject","inLanguage":"sk-SK","@id":"https:\/\/jackpotlotteryonline.com\/sk\/vyherne-cisla\/euromillions\/#primaryimage","url":"http:\/\/jackpotlotteryonline.com\/wp-content\/uploads\/2022\/11\/euromillions.png","contentUrl":"http:\/\/jackpotlotteryonline.com\/wp-content\/uploads\/2022\/11\/euromillions.png"},{"@type":"BreadcrumbList","@id":"https:\/\/jackpotlotteryonline.com\/sk\/vyherne-cisla\/euromillions\/#breadcrumb","itemListElement":[{"@type":"ListItem","position":1,"name":"Home","item":"https:\/\/jackpotlotteryonline.com\/sk\/"},{"@type":"ListItem","position":2,"name":"V\u00fdsledky lot\u00e9rie","item":"https:\/\/jackpotlotteryonline.com\/sk\/vyherne-cisla\/"},{"@type":"ListItem","position":3,"name":"V\u00fdsledky \u017erebovania Euromili\u00f3nov"}]},{"@type":"WebSite","@id":"https:\/\/jackpotlotteryonline.com\/#website","url":"https:\/\/jackpotlotteryonline.com\/","name":"Lotto Online - Crack The International Lottery Jackpots","description":"","potentialAction":[{"@type":"SearchAction","target":{"@type":"EntryPoint","urlTemplate":"https:\/\/jackpotlotteryonline.com\/?s={search_term_string}"},"query-input":"required name=search_term_string"}],"inLanguage":"sk-SK"}]}},"_links":{"self":[{"href":"https:\/\/jackpotlotteryonline.com\/sk\/wp-json\/wp\/v2\/pages\/40613","targetHints":{"allow":["GET"]}}],"collection":[{"href":"https:\/\/jackpotlotteryonline.com\/sk\/wp-json\/wp\/v2\/pages"}],"about":[{"href":"https:\/\/jackpotlotteryonline.com\/sk\/wp-json\/wp\/v2\/types\/page"}],"author":[{"embeddable":true,"href":"https:\/\/jackpotlotteryonline.com\/sk\/wp-json\/wp\/v2\/users\/1"}],"replies":[{"embeddable":true,"href":"https:\/\/jackpotlotteryonline.com\/sk\/wp-json\/wp\/v2\/comments?post=40613"}],"version-history":[{"count":0,"href":"https:\/\/jackpotlotteryonline.com\/sk\/wp-json\/wp\/v2\/pages\/40613\/revisions"}],"up":[{"embeddable":true,"href":"https:\/\/jackpotlotteryonline.com\/sk\/wp-json\/wp\/v2\/pages\/35852"}],"wp:attachment":[{"href":"https:\/\/jackpotlotteryonline.com\/sk\/wp-json\/wp\/v2\/media?parent=40613"}],"curies":[{"name":"wp","href":"https:\/\/api.w.org\/{rel}","templated":true}]}}