{"id":40684,"date":"2022-12-06T07:31:34","date_gmt":"2022-12-06T07:31:34","guid":{"rendered":"https:\/\/jackpotlotteryonline.com\/?page_id=40684"},"modified":"2022-12-28T08:53:21","modified_gmt":"2022-12-28T08:53:21","slug":"eurojackpot","status":"publish","type":"page","link":"https:\/\/jackpotlotteryonline.com\/sk\/vyherne-cisla\/eurojackpot\/","title":{"rendered":"V\u00fdsledky \u017erebovania Eurojackpotu"},"content":{"rendered":"<p>Ako skontrolova\u0165 v\u00fdhern\u00e9 \u010d\u00edsla lot\u00e9rie Eurojackpot? Ke\u010f\u017ee ide o jednu z najob\u013e\u00fabenej\u0161\u00edch lot\u00e9ri\u00ed v Eur\u00f3pe, st\u00e1vkuj\u00faci po celom svete t\u00fa\u017eia po pr\u00edle\u017eitosti vyhra\u0165 ve\u013ek\u00e9 sumy. Ak \u017eijete mimo Eur\u00f3py, m\u00f4\u017eete si k\u00fapi\u0165 tikety do lot\u00e9rie a v\u00fdsledky \u017erebovania si overi\u0165 aj online.<\/p>\n<p>Ke\u010f nav\u0161t\u00edvite str\u00e1nku jackpotlotteryonline.com, z\u00edskate pr\u00edstup k najlep\u0161\u00edm medzin\u00e1rodn\u00fdm lot\u00e9ri\u00e1m na celom svete. Poskytujeme jednoduch\u00fd a pohodln\u00fd sp\u00f4sob hrania lot\u00e9rie a kontroly \u017erebovania na jednom mieste.<\/p>\n<h2>\u010co je v\u00fdhern\u00e1 kombin\u00e1cia?<\/h2>\n<p><img loading=\"lazy\" decoding=\"async\" class=\"size-full wp-image-28751 alignright\" src=\"https:\/\/jackpotlotteryonline.com\/wp-content\/uploads\/2022\/11\/1_online_ticket_eurojackpot.jpg\" alt=\"V\u00fdhern\u00e9 kombin\u00e1cie Eurojackpotu\" width=\"300\" height=\"210\" \/>V\u00e4\u010d\u0161ina \u013eud\u00ed <a href=\"https:\/\/jackpotlotteryonline.com\/sk\/ako-hrat\/eurojackpot\">hr\u00e1 lot\u00e9riu<\/a> pre \u0161ancu na ve\u013ek\u00fa v\u00fdhru a st\u00e1vkuj\u00faci miluj\u00fa najm\u00e4 Eurojackpot z viacer\u00fdch d\u00f4vodov. Jedn\u00fdm z nich je vysok\u00e1 \u0161anca na v\u00fdhru. T\u00e1to lot\u00e9ria od svojho prv\u00e9ho spustenia vyprodukovala mno\u017estvo milion\u00e1rov.<\/p>\n<p>V podstate vyhr\u00e1va ten tiket, ktor\u00fd sa zhoduje s vy\u017erebovan\u00fdmi \u010d\u00edslami. Ak hr\u00e1te online, mus\u00edte si vybra\u0165 5 \u010d\u00edslic od 1 do 50 a 2 \u010fal\u0161ie od 1 do 12. Ten, kto sa zhoduje so siedmimi vy\u017erebovan\u00fdmi \u010d\u00edslicami, vyhr\u00e1va jackpot.<\/p>\n<p>Pri v\u00fdbere \u010d\u00edsel si m\u00f4\u017eete vybra\u0165 bu\u010f tie, ktor\u00e9 s\u00fa pre v\u00e1s \u0161peci\u00e1lne, alebo n\u00e1hodn\u00e9. Niektor\u00ed hr\u00e1\u010di rad\u0161ej pou\u017e\u00edvaj\u00fa n\u00e1\u0161 automatick\u00fd gener\u00e1tor na n\u00e1hodn\u00fd v\u00fdber. D\u00f4le\u017eit\u00e9 je, aby ste si svoj tiket zaobstarali e\u0161te pred \u017erebovan\u00edm.<\/p>\n<h2>Ako skontrolova\u0165 v\u00fdsledky \u017erebovania<\/h2>\n<p>T\u00e1to eur\u00f3pska lot\u00e9ria m\u00e1 dva \u017erebovacie dni, ka\u017ed\u00fd t\u00fd\u017ede\u0148 v utorok a piatok. V\u00fdsledky \u017erebovania sa \u010dasto oznamuj\u00fa v priamom prenose. \u010dakanie na sledovanie \u017erebovania v priamom prenose v\u0161ak m\u00f4\u017ee by\u0165 trochu nepr\u00edjemn\u00e9. Najm\u00e4 ak koliduje napr\u00edklad s d\u00f4le\u017eitou funkciou alebo va\u0161ou pr\u00e1cou. Preto je hranie lot\u00e9rie s nami fantastickou mo\u017enos\u0165ou.<\/p>\n<p>Ke\u010f hr\u00e1te s nami, sta\u010d\u00ed, ke\u010f sa pozriete sp\u00e4\u0165, aby ste sa dozvedeli v\u00fdsledky \u017erebovania. V\u00fdsledky \u017erebovania toti\u017e zverej\u0148ujeme priamo tu na na\u0161ej str\u00e1nke.<\/p>\n<p>Navy\u0161e, ak vyhr\u00e1te cenu, d\u00e1me v\u00e1m o tom vedie\u0165 hne\u010f po v\u00fdhre prostredn\u00edctvom e-mailu. A akon\u00e1hle sa prihl\u00e1site do svojho \u00fa\u010dtu na na\u0161ej platforme, dostanete upozornenie. Hranie lot\u00e9rie je e\u0161te jednoduch\u0161ie a pohodlnej\u0161ie, ke\u010f si \u017ereby k\u00fapite u n\u00e1s.<\/p>\n<h2>\u010co robi\u0165, ke\u010f vyhr\u00e1te<\/h2>\n<p>Sme radi, ke\u010f na\u0161i z\u00e1kazn\u00edci vyhraj\u00fa v lot\u00e9rii, preto\u017ee pr\u00e1ve preto sme tu. Aby sme hr\u00e1\u010dom na celom svete umo\u017enili pr\u00edstup k najlep\u0161\u00edm medzin\u00e1rodn\u00fdm lot\u00e9ri\u00e1m z pohodlia ich po\u010d\u00edta\u010dov alebo mobiln\u00fdch zariaden\u00ed.<\/p>\n<p>Ak teda vyhr\u00e1te, nielen\u017ee v\u00e1s na to upozorn\u00edme, ale svoju v\u00fdhru si m\u00f4\u017eete jednoducho vybra\u0165 z na\u0161ej platformy. Presne tak. Nemus\u00edte nikam chodi\u0165, aby ste z\u00edskali pr\u00edstup k svojej v\u00fdhre v lot\u00e9rii, sta\u010d\u00ed si ju vybra\u0165 priamo na svoj \u00fa\u010det.<\/p>\n<p>Mali by sme v\u0161ak spomen\u00fa\u0165, \u017ee ak je vy\u0161\u0161ia ako ur\u010dit\u00e1 suma, mo\u017eno budete musie\u0165 vyplni\u0165 formul\u00e1r na uplatnenie n\u00e1roku. Ten v\u00e1m pom\u00f4\u017ee z\u00edska\u0165 v\u00fdhru od lot\u00e9riovej spolo\u010dnosti. My sme tu v\u0161ak preto, aby sme v\u00e1m pomohli a cel\u00fd proces \u010do najviac zjednodu\u0161ili a spreh\u013eadnili.<\/p>\n<section class=\"layout\" style=\"border: solid 1px; width: 100%;\">\n<div class=\"img-div\" style=\"margin-top: 5px;\"><img decoding=\"async\" class=\"wp-image-17212 alignleft\" style=\"height: 45px; margin: 8px 8px 0px;\" src=\"https:\/\/jackpotlotteryonline.com\/wp-content\/uploads\/2022\/11\/read1.jpg\" alt=\"pre\u010d\u00edtajte si\" width=\"\" height=\"\" \/><\/div>\n<div style=\"padding-left: 5px;\">\n<div style=\"font-size: 1.1em;\">\n<p><strong>Ako dostanem v\u00fdplatu, ak vyhr\u00e1m v lot\u00e9rii online?<\/strong><\/p>\n<p style=\"font-size: 0.85em; margin-top: -1.5em;\">Takto z\u00edskate svoje peniaze, ak vyhr\u00e1te v lot\u00e9rii online\u00a0<a href=\"https:\/\/jackpotlotteryonline.com\/sk\/ako-ziskam-platbu-ak-vyhram-loteriu-online\"> \u010d\u00edtaj viac<\/a><\/p>\n<\/div>\n<\/div>\n<\/section>\n<h2>Skontrolujte si svoje v\u00fdhern\u00e9 \u010d\u00edsla Eurojackpotu tu<\/h2>\n<p><a href=\"https:\/\/jackpotlotteryonline.com\/sk\/kupit-vstupenky\/eurojackpot\">K\u00fapte si \u017ereby<\/a>, prihl\u00e1ste sa do \u017erebovania a skontrolujte v\u00fdsledky \u017erebovania, a to v\u0161etko na jednom mieste. Nav\u0161t\u00edvte jackpotlotteryonline.com e\u0161te dnes.<\/p>\n","protected":false},"excerpt":{"rendered":"<p>Ako skontrolova\u0165 v\u00fdhern\u00e9 \u010d\u00edsla lot\u00e9rie Eurojackpot? Ke\u010f\u017ee ide o jednu z najob\u013e\u00fabenej\u0161\u00edch lot\u00e9ri\u00ed v Eur\u00f3pe, st\u00e1vkuj\u00faci po celom svete t\u00fa\u017eia po pr\u00edle\u017eitosti vyhra\u0165 ve\u013ek\u00e9 sumy. Ak \u017eijete mimo Eur\u00f3py, m\u00f4\u017eete si k\u00fapi\u0165 tikety do lot\u00e9rie a v\u00fdsledky \u017erebovania si overi\u0165 aj online. Ke\u010f nav\u0161t\u00edvite str\u00e1nku jackpotlotteryonline.com, z\u00edskate pr\u00edstup k najlep\u0161\u00edm medzin\u00e1rodn\u00fdm lot\u00e9ri\u00e1m na celom svete. [&hellip;]<\/p>\n","protected":false},"author":1,"featured_media":0,"parent":35852,"menu_order":4,"comment_status":"closed","ping_status":"closed","template":"eurojackpot-results.php","meta":{"_et_pb_use_builder":"","_et_pb_old_content":"","_et_gb_content_width":"","exclude_from_search":false,"footnotes":""},"class_list":["post-40684","page","type-page","status-publish","hentry"],"yoast_head":"<!-- This site is optimized with the Yoast SEO plugin v23.3 - https:\/\/yoast.com\/wordpress\/plugins\/seo\/ -->\n<title>V\u00fdhern\u00e9 \u010d\u00edsla a v\u00fdsledky \u017erebovania Eurojackpotu<\/title>\n<meta name=\"description\" content=\"Nechcete pozna\u0165 v\u00fdhern\u00e9 \u010d\u00edsla Eurojackpotu? Pozrite si v\u0161etky v\u00fdsledky \u017erebovania Eurojackpotu a mnoh\u00fdch \u010fal\u0161\u00edch lot\u00e9ri\u00ed tu!\" \/>\n<meta name=\"robots\" content=\"index, follow, max-snippet:-1, max-image-preview:large, max-video-preview:-1\" \/>\n<link rel=\"canonical\" href=\"https:\/\/jackpotlotteryonline.com\/sk\/vyherne-cisla\/eurojackpot\/\" \/>\n<meta property=\"og:locale\" content=\"sk_SK\" \/>\n<meta property=\"og:type\" content=\"article\" \/>\n<meta property=\"og:title\" content=\"V\u00fdhern\u00e9 \u010d\u00edsla a v\u00fdsledky \u017erebovania Eurojackpotu\" \/>\n<meta property=\"og:description\" content=\"Nechcete pozna\u0165 v\u00fdhern\u00e9 \u010d\u00edsla Eurojackpotu? Pozrite si v\u0161etky v\u00fdsledky \u017erebovania Eurojackpotu a mnoh\u00fdch \u010fal\u0161\u00edch lot\u00e9ri\u00ed tu!\" \/>\n<meta property=\"og:url\" content=\"https:\/\/jackpotlotteryonline.com\/sk\/vyherne-cisla\/eurojackpot\/\" \/>\n<meta property=\"og:site_name\" content=\"Lotto Online - Crack The International Lottery Jackpots\" \/>\n<meta property=\"article:modified_time\" content=\"2022-12-28T08:53:21+00:00\" \/>\n<meta property=\"og:image\" content=\"https:\/\/jackpotlotteryonline.com\/wp-content\/uploads\/2022\/11\/1_online_ticket_eurojackpot.jpg\" \/>\n<meta name=\"twitter:card\" content=\"summary_large_image\" \/>\n<meta name=\"twitter:label1\" content=\"Predpokladan\u00fd \u010das \u010d\u00edtania\" \/>\n\t<meta name=\"twitter:data1\" content=\"3 min\u00faty\" \/>\n<!-- \/ Yoast SEO plugin. -->","yoast_head_json":{"title":"V\u00fdhern\u00e9 \u010d\u00edsla a v\u00fdsledky \u017erebovania Eurojackpotu","description":"Nechcete pozna\u0165 v\u00fdhern\u00e9 \u010d\u00edsla Eurojackpotu? Pozrite si v\u0161etky v\u00fdsledky \u017erebovania Eurojackpotu a mnoh\u00fdch \u010fal\u0161\u00edch lot\u00e9ri\u00ed tu!","robots":{"index":"index","follow":"follow","max-snippet":"max-snippet:-1","max-image-preview":"max-image-preview:large","max-video-preview":"max-video-preview:-1"},"canonical":"https:\/\/jackpotlotteryonline.com\/sk\/vyherne-cisla\/eurojackpot\/","og_locale":"sk_SK","og_type":"article","og_title":"V\u00fdhern\u00e9 \u010d\u00edsla a v\u00fdsledky \u017erebovania Eurojackpotu","og_description":"Nechcete pozna\u0165 v\u00fdhern\u00e9 \u010d\u00edsla Eurojackpotu? Pozrite si v\u0161etky v\u00fdsledky \u017erebovania Eurojackpotu a mnoh\u00fdch \u010fal\u0161\u00edch lot\u00e9ri\u00ed tu!","og_url":"https:\/\/jackpotlotteryonline.com\/sk\/vyherne-cisla\/eurojackpot\/","og_site_name":"Lotto Online - Crack The International Lottery Jackpots","article_modified_time":"2022-12-28T08:53:21+00:00","og_image":[{"url":"https:\/\/jackpotlotteryonline.com\/wp-content\/uploads\/2022\/11\/1_online_ticket_eurojackpot.jpg"}],"twitter_card":"summary_large_image","twitter_misc":{"Predpokladan\u00fd \u010das \u010d\u00edtania":"3 min\u00faty"},"schema":{"@context":"https:\/\/schema.org","@graph":[{"@type":"WebPage","@id":"https:\/\/jackpotlotteryonline.com\/sk\/vyherne-cisla\/eurojackpot\/","url":"https:\/\/jackpotlotteryonline.com\/sk\/vyherne-cisla\/eurojackpot\/","name":"V\u00fdhern\u00e9 \u010d\u00edsla a v\u00fdsledky \u017erebovania Eurojackpotu","isPartOf":{"@id":"https:\/\/jackpotlotteryonline.com\/#website"},"primaryImageOfPage":{"@id":"https:\/\/jackpotlotteryonline.com\/sk\/vyherne-cisla\/eurojackpot\/#primaryimage"},"image":{"@id":"https:\/\/jackpotlotteryonline.com\/sk\/vyherne-cisla\/eurojackpot\/#primaryimage"},"thumbnailUrl":"https:\/\/jackpotlotteryonline.com\/wp-content\/uploads\/2022\/11\/1_online_ticket_eurojackpot.jpg","datePublished":"2022-12-06T07:31:34+00:00","dateModified":"2022-12-28T08:53:21+00:00","description":"Nechcete pozna\u0165 v\u00fdhern\u00e9 \u010d\u00edsla Eurojackpotu? Pozrite si v\u0161etky v\u00fdsledky \u017erebovania Eurojackpotu a mnoh\u00fdch \u010fal\u0161\u00edch lot\u00e9ri\u00ed tu!","breadcrumb":{"@id":"https:\/\/jackpotlotteryonline.com\/sk\/vyherne-cisla\/eurojackpot\/#breadcrumb"},"inLanguage":"sk-SK","potentialAction":[{"@type":"ReadAction","target":["https:\/\/jackpotlotteryonline.com\/sk\/vyherne-cisla\/eurojackpot\/"]}]},{"@type":"ImageObject","inLanguage":"sk-SK","@id":"https:\/\/jackpotlotteryonline.com\/sk\/vyherne-cisla\/eurojackpot\/#primaryimage","url":"https:\/\/jackpotlotteryonline.com\/wp-content\/uploads\/2022\/11\/1_online_ticket_eurojackpot.jpg","contentUrl":"https:\/\/jackpotlotteryonline.com\/wp-content\/uploads\/2022\/11\/1_online_ticket_eurojackpot.jpg"},{"@type":"BreadcrumbList","@id":"https:\/\/jackpotlotteryonline.com\/sk\/vyherne-cisla\/eurojackpot\/#breadcrumb","itemListElement":[{"@type":"ListItem","position":1,"name":"Home","item":"https:\/\/jackpotlotteryonline.com\/sk\/"},{"@type":"ListItem","position":2,"name":"V\u00fdsledky lot\u00e9rie","item":"https:\/\/jackpotlotteryonline.com\/sk\/vyherne-cisla\/"},{"@type":"ListItem","position":3,"name":"V\u00fdsledky \u017erebovania Eurojackpotu"}]},{"@type":"WebSite","@id":"https:\/\/jackpotlotteryonline.com\/#website","url":"https:\/\/jackpotlotteryonline.com\/","name":"Lotto Online - Crack The International Lottery Jackpots","description":"","potentialAction":[{"@type":"SearchAction","target":{"@type":"EntryPoint","urlTemplate":"https:\/\/jackpotlotteryonline.com\/?s={search_term_string}"},"query-input":"required name=search_term_string"}],"inLanguage":"sk-SK"}]}},"_links":{"self":[{"href":"https:\/\/jackpotlotteryonline.com\/sk\/wp-json\/wp\/v2\/pages\/40684","targetHints":{"allow":["GET"]}}],"collection":[{"href":"https:\/\/jackpotlotteryonline.com\/sk\/wp-json\/wp\/v2\/pages"}],"about":[{"href":"https:\/\/jackpotlotteryonline.com\/sk\/wp-json\/wp\/v2\/types\/page"}],"author":[{"embeddable":true,"href":"https:\/\/jackpotlotteryonline.com\/sk\/wp-json\/wp\/v2\/users\/1"}],"replies":[{"embeddable":true,"href":"https:\/\/jackpotlotteryonline.com\/sk\/wp-json\/wp\/v2\/comments?post=40684"}],"version-history":[{"count":0,"href":"https:\/\/jackpotlotteryonline.com\/sk\/wp-json\/wp\/v2\/pages\/40684\/revisions"}],"up":[{"embeddable":true,"href":"https:\/\/jackpotlotteryonline.com\/sk\/wp-json\/wp\/v2\/pages\/35852"}],"wp:attachment":[{"href":"https:\/\/jackpotlotteryonline.com\/sk\/wp-json\/wp\/v2\/media?parent=40684"}],"curies":[{"name":"wp","href":"https:\/\/api.w.org\/{rel}","templated":true}]}}