{"id":40736,"date":"2022-12-06T08:49:17","date_gmt":"2022-12-06T08:49:17","guid":{"rendered":"https:\/\/jackpotlotteryonline.com\/?page_id=40736"},"modified":"2022-12-27T10:20:10","modified_gmt":"2022-12-27T10:20:10","slug":"superenalotto","status":"publish","type":"page","link":"https:\/\/jackpotlotteryonline.com\/sk\/vyherne-cisla\/superenalotto\/","title":{"rendered":"V\u00fdsledky \u017erebovania Superenalotto"},"content":{"rendered":"<p>Superenalotto je n\u00e1rodn\u00e1 lot\u00e9ria Talianska a je ob\u013e\u00fabenou lot\u00e9riou medzi st\u00e1vkuj\u00facimi v krajine. Ak hr\u00e1te mimo Talianska, je dobr\u00e9 zisti\u0165, ako si m\u00f4\u017eete skontrolova\u0165 v\u00fdhern\u00e9 \u010d\u00edsla. \u010c\u00edtajte \u010falej a dozviete sa viac.<\/p>\n<h2>Kroky k hraniu Superenalotto online<\/h2>\n<p><a href=\"https:\/\/jackpotlotteryonline.com\/sk\/ako-hrat\/superenalotto\">Hra\u0165 Superenalotto online<\/a> je ako hra\u0165 offline, ale s v\u00e4\u010d\u0161\u00edm pohodl\u00edm a jednoduchos\u0165ou. Akon\u00e1hle prejdete na str\u00e1nku Superenalotto na jackpotlotteryoneline.com, m\u00f4\u017eete si vybra\u0165 6 \u010d\u00edsel od 1 do 90. Potom si vyberte po\u010det \u017erebovan\u00ed, do ktor\u00fdch sa chcete zapoji\u0165, a m\u00f4\u017eete sa zapoji\u0165 a\u017e 5 t\u00fd\u017ed\u0148ov vopred. \u010c\u00edm viac \u017erebovan\u00ed zad\u00e1te, t\u00fdm vy\u0161\u0161ie s\u00fa va\u0161e \u0161ance na v\u00fdhru.<\/p>\n<p>Superenalotto organizuje tri t\u00fd\u017edenn\u00e9 \u017erebovania v utorok, \u0161tvrtok a sobotu. M\u00f4\u017eete sa teda zapoji\u0165 do jedn\u00e9ho z nich alebo do v\u0161etk\u00fdch. M\u00f4\u017eete si vybra\u0165 \u010d\u00edslo SuperStar a zv\u00fd\u0161i\u0165 tak svoje \u0161ance na v\u00fdhru v lot\u00e9rii. K dispoz\u00edcii je aj &#8220;Vesel\u00e9 \u010d\u00edslo&#8221;, ktor\u00e9 m\u00e1 hodnotu od 1 do 90 a sl\u00fa\u017ei na ur\u010denie v\u00fdhercu druhej \u00farovne.<\/p>\n<h2>Ako skontrolova\u0165 svoje v\u00fdhern\u00e9 \u010d\u00edsla<\/h2>\n<p><img loading=\"lazy\" decoding=\"async\" class=\"alignright size-full wp-image-31316\" src=\"http:\/\/jackpotlotteryonline.com\/wp-content\/uploads\/2022\/11\/logo_superenalotto.png\" alt=\"V\u00fdsledky \u017erebovania Superenalotto\" width=\"200\" height=\"212\" \/>Existuj\u00fa r\u00f4zne sp\u00f4soby, ako si m\u00f4\u017eete skontrolova\u0165 v\u00fdhern\u00e9 \u010d\u00edsla pri hre Superenalotto. \u017drebovanie m\u00f4\u017eete s\u00edce sledova\u0165 na\u017eivo v telev\u00edzii, ale to je mo\u017en\u00e9 len vtedy, ak \u017eijete v Taliansku a hovor\u00edte po taliansky. Na\u0161\u0165astie si v\u00fdhern\u00e9 \u010d\u00edsla m\u00f4\u017eete skontrolova\u0165 aj online po \u017erebovan\u00ed. V\u00e4\u010d\u0161ina spravodajsk\u00fdch webov zverej\u0148uje v\u00fdsledky \u017erebovania.<\/p>\n<p>Je s t\u00fdm v\u0161ak nieko\u013eko probl\u00e9mov. V prvom rade sa m\u00f4\u017ee \u013eahko sta\u0165, \u017ee zabudnete skontrolova\u0165 v\u00fdsledky \u017erebovania. Existuj\u00fa pr\u00edbehy o jackpotov\u00fdch cen\u00e1ch, ktor\u00e9 zostali nevyzdvihnut\u00e9, pravdepodobne preto, \u017ee v\u00fdhercovia si zabudli skontrolova\u0165 svoje tikety. Mnoh\u00e9 str\u00e1nky tie\u017e zverej\u0148uj\u00fa iba v\u00fdhern\u00e9 \u010d\u00edsla prvej \u00farovne. V\u00e4\u010d\u0161ina lot\u00e9ri\u00ed m\u00e1 viacero v\u00fdhern\u00fdch \u00farovn\u00ed.<\/p>\n<p>Ak hr\u00e1te Superenalotto s nami, nemus\u00edte sa ob\u00e1va\u0165, \u017ee by ste pri\u0161li o nejak\u00fa v\u00fdhru. Nielen\u017ee v\u00e1s budeme informova\u0165 hne\u010f, ako vyhr\u00e1te cenu, ale po prihl\u00e1sen\u00ed dostanete upozornenie. Okrem toho v\u00fdsledky lot\u00e9rie zverej\u0148ujeme ihne\u010f po \u017erebovan\u00ed priamo tu na na\u0161ej str\u00e1nke. Vr\u00e1\u0165te sa teda po \u017erebovan\u00ed a zistite, \u010di ste vy\u017erebovali v\u00fdhern\u00e9 \u010d\u00edsla Superenalotto.<\/p>\n<h2>V\u00fdhern\u00e9 \u00farovne Superenalotto<\/h2>\n<p>U\u017e sme spomenuli, \u017ee lot\u00e9ria Superenalotto m\u00e1 jackpot vo v\u00fd\u0161ke 2 mili\u00f3ny eur. Vedeli ste v\u0161ak, \u017ee v\u00fd\u0161ka jackpotu nie je obmedzen\u00e1? To znamen\u00e1, \u017ee ak po \u017erebovan\u00ed nie je \u017eiadny v\u00fdherca, v\u00fdhra sa pos\u00fava \u010falej, a\u017e k\u00fdm sa nen\u00e1jde v\u00fdherca. V roku 2019 sa jackpot preto\u010dil to\u013ekokr\u00e1t, \u017ee sa dostal na rekordn\u00fa sumu 209,1 mili\u00f3na eur.<\/p>\n<p>Okrem jackpotu, ktor\u00fd je cenou za prv\u00fa \u00farove\u0148, existuj\u00fa aj \u010fal\u0161ie ceny, ktor\u00e9 m\u00f4\u017ee hr\u00e1\u010d vyhra\u0165. V\u00fdhry sa ur\u010duj\u00fa pod\u013ea v\u00fdhern\u00e9ho fondu, tak\u017ee nie je stanoven\u00e1 ich v\u00fd\u0161ka. O priemern\u00fa sumu na jedno \u017erebovanie sa v\u0161ak s vami podel\u00edme.<\/p>\n<p>Z\u00e1pas 6 &#8211; 92 056 091,66 \u20ac<\/p>\n<p>Z\u00e1pas 5 + Vesel\u00e9 \u010d\u00edslo &#8211; 594 951,95 \u20ac<\/p>\n<p>Z\u00e1pas 5 &#8211; 49 736,38 \u20ac<\/p>\n<p>Z\u00e1pas 4 \u010d\u00edsla &#8211; 354,83 \u20ac<\/p>\n<p>Z\u00e1pas 3 \u010d\u00edsel &#8211; 27,15 EUR<\/p>\n<p>Zhoda 2 \u010d\u00edsel &#8211; 5,48 EUR<\/p>\n<section class=\"layout\" style=\"border: solid 1px; width: 100%;\">\n<div class=\"img-div\" style=\"margin-top: 5px;\"><img decoding=\"async\" class=\"wp-image-17212 alignleft\" style=\"height: 45px; margin: 8px 8px 0px;\" src=\"http:\/\/jackpotlotteryonline.com\/wp-content\/uploads\/2022\/11\/read1.jpg\" alt=\"pre\u010d\u00edtajte si\" width=\"\" height=\"\" \/><\/div>\n<div style=\"padding-left: 5px;\">\n<div style=\"font-size: 1.1em;\">\n<p><strong>Loterie, ktor\u00e9 maj\u00fa najlep\u0161ie \u0161ance na ve\u013ek\u00fa v\u00fdhru<\/strong><\/p>\n<p style=\"font-size: 0.85em; margin-top: -1.5em;\">Ktor\u00e1 lot\u00e9ria m\u00e1 najlep\u0161ie \u0161ance na v\u00fdhru? <a href=\"https:\/\/jackpotlotteryonline.com\/sk\/ktora-loteria-ma-najlepsie-sance-na-vyhru\">\u010d\u00edtaj viac<\/a><\/p>\n<\/div>\n<\/div>\n<\/section>\n<h2>Uplatnenie v\u00fdhry v Superenalotto<\/h2>\n<p>Ke\u010f\u017ee hr\u00e1te Superenalotto online, je prirodzen\u00e9, \u017ee v\u00e1s zauj\u00edma, \u010do sa stane, ke\u010f vyhr\u00e1te. Tu sa s vami podel\u00edme o to, ako si m\u00f4\u017eete uplatni\u0165 n\u00e1rok na v\u00fdhru v hre Superenalotto, aj ke\u010f \u017eijete mimo Talianska.<\/p>\n<p>Ke\u010f hr\u00e1te Superenalotto u n\u00e1s, uplatnenie n\u00e1roku na v\u00fdhru je tak\u00e9 jednoduch\u00e9, ako sa prihl\u00e1si\u0165 do svojho \u00fa\u010dtu tu. V\u00fdhry do 2500 \u20ac m\u00f4\u017eete vyplati\u0165 priamo z na\u0161ej platformy na svoj \u00fa\u010det. Je to naozaj jednoduch\u00e9 a bezprobl\u00e9mov\u00e9, tak\u017ee sa m\u00f4\u017eete s\u00fastredi\u0165 na skvel\u00fd z\u00e1\u017eitok z lot\u00e9rie.<\/p>\n<p>V pr\u00edpade vy\u0161\u0161\u00edch s\u00fam budete mo\u017eno musie\u0165 kontaktova\u0165 lot\u00e9riov\u00fa spolo\u010dnos\u0165 a vyplni\u0165 formul\u00e1r na uplatnenie n\u00e1roku. My sme tu v\u0161ak od toho, aby sme v\u00e1s t\u00fdmto procesom previedli.<a href=\"https:\/\/jackpotlotteryonline.com\/sk\/kupit-vstupenky\/superenalotto\"> K\u00fapte si teda svoj tiket Superenalotto e\u0161te dnes<\/a> a vyberte si svoje v\u00fdhern\u00e9 \u010d\u00edsla.<\/p>\n","protected":false},"excerpt":{"rendered":"<p>Superenalotto je n\u00e1rodn\u00e1 lot\u00e9ria Talianska a je ob\u013e\u00fabenou lot\u00e9riou medzi st\u00e1vkuj\u00facimi v krajine. Ak hr\u00e1te mimo Talianska, je dobr\u00e9 zisti\u0165, ako si m\u00f4\u017eete skontrolova\u0165 v\u00fdhern\u00e9 \u010d\u00edsla. \u010c\u00edtajte \u010falej a dozviete sa viac. Kroky k hraniu Superenalotto online Hra\u0165 Superenalotto online je ako hra\u0165 offline, ale s v\u00e4\u010d\u0161\u00edm pohodl\u00edm a jednoduchos\u0165ou. Akon\u00e1hle prejdete na str\u00e1nku Superenalotto [&hellip;]<\/p>\n","protected":false},"author":1,"featured_media":0,"parent":35852,"menu_order":5,"comment_status":"closed","ping_status":"closed","template":"superenalotto-results.php","meta":{"_et_pb_use_builder":"","_et_pb_old_content":"","_et_gb_content_width":"","exclude_from_search":false,"footnotes":""},"class_list":["post-40736","page","type-page","status-publish","hentry"],"yoast_head":"<!-- This site is optimized with the Yoast SEO plugin v23.3 - https:\/\/yoast.com\/wordpress\/plugins\/seo\/ -->\n<title>V\u00fdhern\u00e9 \u010d\u00edsla a v\u00fdsledky \u017erebovania Superenalotto<\/title>\n<meta name=\"description\" content=\"Z\u00edskajte v\u00fdsledky \u017erebovania a v\u00fdhern\u00e9 \u010d\u00edsla talianskej lot\u00e9rie Superenalotto s dennou aktualiz\u00e1ciou tu na na\u0161ej webovej str\u00e1nke lot\u00e9rie\" \/>\n<meta name=\"robots\" content=\"index, follow, max-snippet:-1, max-image-preview:large, max-video-preview:-1\" \/>\n<link rel=\"canonical\" href=\"https:\/\/jackpotlotteryonline.com\/sk\/vyherne-cisla\/superenalotto\/\" \/>\n<meta property=\"og:locale\" content=\"sk_SK\" \/>\n<meta property=\"og:type\" content=\"article\" \/>\n<meta property=\"og:title\" content=\"V\u00fdhern\u00e9 \u010d\u00edsla a v\u00fdsledky \u017erebovania Superenalotto\" \/>\n<meta property=\"og:description\" content=\"Z\u00edskajte v\u00fdsledky \u017erebovania a v\u00fdhern\u00e9 \u010d\u00edsla talianskej lot\u00e9rie Superenalotto s dennou aktualiz\u00e1ciou tu na na\u0161ej webovej str\u00e1nke lot\u00e9rie\" \/>\n<meta property=\"og:url\" content=\"https:\/\/jackpotlotteryonline.com\/sk\/vyherne-cisla\/superenalotto\/\" \/>\n<meta property=\"og:site_name\" content=\"Lotto Online - Crack The International Lottery Jackpots\" \/>\n<meta property=\"article:modified_time\" content=\"2022-12-27T10:20:10+00:00\" \/>\n<meta property=\"og:image\" content=\"http:\/\/jackpotlotteryonline.com\/wp-content\/uploads\/2022\/11\/logo_superenalotto.png\" \/>\n<meta name=\"twitter:card\" content=\"summary_large_image\" \/>\n<meta name=\"twitter:label1\" content=\"Predpokladan\u00fd \u010das \u010d\u00edtania\" \/>\n\t<meta name=\"twitter:data1\" content=\"3 min\u00faty\" \/>\n<!-- \/ Yoast SEO plugin. -->","yoast_head_json":{"title":"V\u00fdhern\u00e9 \u010d\u00edsla a v\u00fdsledky \u017erebovania Superenalotto","description":"Z\u00edskajte v\u00fdsledky \u017erebovania a v\u00fdhern\u00e9 \u010d\u00edsla talianskej lot\u00e9rie Superenalotto s dennou aktualiz\u00e1ciou tu na na\u0161ej webovej str\u00e1nke lot\u00e9rie","robots":{"index":"index","follow":"follow","max-snippet":"max-snippet:-1","max-image-preview":"max-image-preview:large","max-video-preview":"max-video-preview:-1"},"canonical":"https:\/\/jackpotlotteryonline.com\/sk\/vyherne-cisla\/superenalotto\/","og_locale":"sk_SK","og_type":"article","og_title":"V\u00fdhern\u00e9 \u010d\u00edsla a v\u00fdsledky \u017erebovania Superenalotto","og_description":"Z\u00edskajte v\u00fdsledky \u017erebovania a v\u00fdhern\u00e9 \u010d\u00edsla talianskej lot\u00e9rie Superenalotto s dennou aktualiz\u00e1ciou tu na na\u0161ej webovej str\u00e1nke lot\u00e9rie","og_url":"https:\/\/jackpotlotteryonline.com\/sk\/vyherne-cisla\/superenalotto\/","og_site_name":"Lotto Online - Crack The International Lottery Jackpots","article_modified_time":"2022-12-27T10:20:10+00:00","og_image":[{"url":"http:\/\/jackpotlotteryonline.com\/wp-content\/uploads\/2022\/11\/logo_superenalotto.png"}],"twitter_card":"summary_large_image","twitter_misc":{"Predpokladan\u00fd \u010das \u010d\u00edtania":"3 min\u00faty"},"schema":{"@context":"https:\/\/schema.org","@graph":[{"@type":"WebPage","@id":"https:\/\/jackpotlotteryonline.com\/sk\/vyherne-cisla\/superenalotto\/","url":"https:\/\/jackpotlotteryonline.com\/sk\/vyherne-cisla\/superenalotto\/","name":"V\u00fdhern\u00e9 \u010d\u00edsla a v\u00fdsledky \u017erebovania Superenalotto","isPartOf":{"@id":"https:\/\/jackpotlotteryonline.com\/#website"},"primaryImageOfPage":{"@id":"https:\/\/jackpotlotteryonline.com\/sk\/vyherne-cisla\/superenalotto\/#primaryimage"},"image":{"@id":"https:\/\/jackpotlotteryonline.com\/sk\/vyherne-cisla\/superenalotto\/#primaryimage"},"thumbnailUrl":"http:\/\/jackpotlotteryonline.com\/wp-content\/uploads\/2022\/11\/logo_superenalotto.png","datePublished":"2022-12-06T08:49:17+00:00","dateModified":"2022-12-27T10:20:10+00:00","description":"Z\u00edskajte v\u00fdsledky \u017erebovania a v\u00fdhern\u00e9 \u010d\u00edsla talianskej lot\u00e9rie Superenalotto s dennou aktualiz\u00e1ciou tu na na\u0161ej webovej str\u00e1nke lot\u00e9rie","breadcrumb":{"@id":"https:\/\/jackpotlotteryonline.com\/sk\/vyherne-cisla\/superenalotto\/#breadcrumb"},"inLanguage":"sk-SK","potentialAction":[{"@type":"ReadAction","target":["https:\/\/jackpotlotteryonline.com\/sk\/vyherne-cisla\/superenalotto\/"]}]},{"@type":"ImageObject","inLanguage":"sk-SK","@id":"https:\/\/jackpotlotteryonline.com\/sk\/vyherne-cisla\/superenalotto\/#primaryimage","url":"http:\/\/jackpotlotteryonline.com\/wp-content\/uploads\/2022\/11\/logo_superenalotto.png","contentUrl":"http:\/\/jackpotlotteryonline.com\/wp-content\/uploads\/2022\/11\/logo_superenalotto.png"},{"@type":"BreadcrumbList","@id":"https:\/\/jackpotlotteryonline.com\/sk\/vyherne-cisla\/superenalotto\/#breadcrumb","itemListElement":[{"@type":"ListItem","position":1,"name":"Home","item":"https:\/\/jackpotlotteryonline.com\/sk\/"},{"@type":"ListItem","position":2,"name":"V\u00fdsledky lot\u00e9rie","item":"https:\/\/jackpotlotteryonline.com\/sk\/vyherne-cisla\/"},{"@type":"ListItem","position":3,"name":"V\u00fdsledky \u017erebovania Superenalotto"}]},{"@type":"WebSite","@id":"https:\/\/jackpotlotteryonline.com\/#website","url":"https:\/\/jackpotlotteryonline.com\/","name":"Lotto Online - Crack The International Lottery Jackpots","description":"","potentialAction":[{"@type":"SearchAction","target":{"@type":"EntryPoint","urlTemplate":"https:\/\/jackpotlotteryonline.com\/?s={search_term_string}"},"query-input":"required name=search_term_string"}],"inLanguage":"sk-SK"}]}},"_links":{"self":[{"href":"https:\/\/jackpotlotteryonline.com\/sk\/wp-json\/wp\/v2\/pages\/40736","targetHints":{"allow":["GET"]}}],"collection":[{"href":"https:\/\/jackpotlotteryonline.com\/sk\/wp-json\/wp\/v2\/pages"}],"about":[{"href":"https:\/\/jackpotlotteryonline.com\/sk\/wp-json\/wp\/v2\/types\/page"}],"author":[{"embeddable":true,"href":"https:\/\/jackpotlotteryonline.com\/sk\/wp-json\/wp\/v2\/users\/1"}],"replies":[{"embeddable":true,"href":"https:\/\/jackpotlotteryonline.com\/sk\/wp-json\/wp\/v2\/comments?post=40736"}],"version-history":[{"count":0,"href":"https:\/\/jackpotlotteryonline.com\/sk\/wp-json\/wp\/v2\/pages\/40736\/revisions"}],"up":[{"embeddable":true,"href":"https:\/\/jackpotlotteryonline.com\/sk\/wp-json\/wp\/v2\/pages\/35852"}],"wp:attachment":[{"href":"https:\/\/jackpotlotteryonline.com\/sk\/wp-json\/wp\/v2\/media?parent=40736"}],"curies":[{"name":"wp","href":"https:\/\/api.w.org\/{rel}","templated":true}]}}