{"id":40789,"date":"2022-12-06T10:34:43","date_gmt":"2022-12-06T10:34:43","guid":{"rendered":"https:\/\/jackpotlotteryonline.com\/?page_id=40789"},"modified":"2022-12-28T14:41:13","modified_gmt":"2022-12-28T14:41:13","slug":"la-primitiva","status":"publish","type":"page","link":"https:\/\/jackpotlotteryonline.com\/sk\/vyherne-cisla\/la-primitiva\/","title":{"rendered":"V\u00fdsledky \u017erebovania La Primitiva"},"content":{"rendered":"<h2>Ako vybra\u0165 v\u00fdhern\u00e9 \u010d\u00edsla La Primitiva<\/h2>\n<p>Ak chcete hra\u0165 La Primitiva, mus\u00edte si najprv vybra\u0165 6 \u010d\u00edsel z rozsahu 1 a\u017e 49. Okrem toho by ste si mali vybra\u0165 1 \u010d\u00edslo z intervalu 0-9. Toto dodato\u010dn\u00e9 \u010d\u00edslo sa naz\u00fdva \u010d\u00edslo Reintegro. Existuje aj \u010d\u00edslo Complemantario, ktor\u00e9 sa pou\u017e\u00edva na ur\u010denie niektor\u00fdch v\u00fdhern\u00fdch \u00farovn\u00ed.<\/p>\n<p>Existuje nieko\u013eko met\u00f3d, ktor\u00e9 hr\u00e1\u010di pou\u017e\u00edvaj\u00fa na v\u00fdber svojich \u010d\u00edsel La Primitiva. Niektor\u00ed si rad\u0161ej vyberaj\u00fa \u010d\u00edsla, ktor\u00e9 maj\u00fa pre nich \u0161peci\u00e1lny v\u00fdznam. Napr\u00edklad ich narodeniny alebo v\u00fdro\u010dia. In\u00ed si vyberaj\u00fa len n\u00e1hodn\u00e9 \u010d\u00edsla a d\u00fafaj\u00fa, \u017ee \u0161\u0165astie bude na ich strane. Ke\u010f\u017ee La Primitiva, ako ka\u017ed\u00e1 lot\u00e9ria, je hra o \u0161\u0165astie, nikto im to nem\u00f4\u017ee ma\u0165 za zl\u00e9.<\/p>\n<section class=\"layout\" style=\"border: solid 1px; width: 100%;\">\n<div class=\"img-div\" style=\"margin-top: 5px;\"><img decoding=\"async\" class=\"wp-image-17212 alignleft\" style=\"height: 45px; margin: 8px 8px 0px;\" src=\"https:\/\/jackpotlotteryonline.com\/wp-content\/uploads\/2022\/11\/read1.jpg\" alt=\"pre\u010d\u00edtajte si\" width=\"\" height=\"\" \/><\/div>\n<div style=\"padding-left: 5px;\">\n<div style=\"font-size: 1.1em;\">\n<p><strong>Tipy na lot\u00e9rie<\/strong><\/p>\n<p style=\"font-size: 0.85em; margin-top: -1.5em;\">Tipy, ktor\u00e9 v\u00e1m pom\u00f4\u017eu vyhra\u0165 v lot\u00e9rii <a href=\"https:\/\/jackpotlotteryonline.com\/sk\/tipy-ktore-vam-pomozu-vyhrat-v-loterii\">\u010d\u00edtaj viac<\/a><\/p>\n<\/div>\n<\/div>\n<\/section>\n<h2>V\u00fdhra v La Primitiva<\/h2>\n<p>La Primitiva sa \u017erebuje trikr\u00e1t t\u00fd\u017edenne, v pondelok, vo \u0161tvrtok a v sobotu. Ke\u010f si vyberiete svoje \u010d\u00edsla, \u010fal\u0161\u00edm krokom je prihl\u00e1si\u0165 sa do \u017erebovania pod\u013ea vlastn\u00e9ho v\u00fdberu. Po \u017erebovaniach vyhr\u00e1va ten tiket, ktor\u00fd sa zhoduje s vy\u017erebovan\u00fdmi v\u00fdsledkami.<\/p>\n<p>Odchod domov s v\u00fdhrou teda do ve\u013ekej miery z\u00e1vis\u00ed od \u010d\u00edsel, ktor\u00e9 si vyberiete.<\/p>\n<p>Ak chce hr\u00e1\u010d vyhra\u0165 jackpot v hre La Primitiva, mus\u00ed mu padn\u00fa\u0165 v\u0161etk\u00fdch 7 \u010d\u00edsel (6 hlavn\u00fdch a \u010d\u00edslo Reintegro). V\u00fd\u0161ka jackpotu za\u010d\u00edna na 5 mili\u00f3noch eur. V pr\u00edpade, \u017ee je viac ako jeden v\u00fdherca, suma sa rozdel\u00ed medzi v\u00fdhercov. Tu s\u00fa ceny, ktor\u00e9 m\u00f4\u017eu hr\u00e1\u010di vyhra\u0165.<br \/>\n<img loading=\"lazy\" decoding=\"async\" class=\"alignright size-full wp-image-27671\" src=\"https:\/\/jackpotlotteryonline.com\/wp-content\/uploads\/2022\/11\/1_lottery_online_winner3.jpg\" alt=\"Vyhrajte La Primitiva\" width=\"300\" height=\"300\" srcset=\"https:\/\/jackpotlotteryonline.com\/wp-content\/uploads\/2022\/11\/1_lottery_online_winner3.jpg 300w, https:\/\/jackpotlotteryonline.com\/wp-content\/uploads\/2022\/11\/1_lottery_online_winner3-100x100.jpg 100w, https:\/\/jackpotlotteryonline.com\/wp-content\/uploads\/2022\/11\/1_lottery_online_winner3-150x150.jpg 150w\" sizes=\"auto, (max-width: 300px) 100vw, 300px\" \/>Jackpot &#8211; z\u00e1pas 6 + Reintegro<\/p>\n<p>Div\u00edzia 1 &#8211; iba z\u00e1pas 6<\/p>\n<p>Div\u00edzia 2 &#8211; Z\u00e1pas 5 + bezplatn\u00e9 \u010d\u00edslo<\/p>\n<p>Div\u00edzia 3 &#8211; iba z\u00e1pas 5<\/p>\n<p>Div\u00edzia 4 &#8211; iba z\u00e1pas 4<\/p>\n<p>Div\u00edzia 5 &#8211; iba z\u00e1pas 3<\/p>\n<p>Reintegro &#8211; Z\u00e1pas len s \u010d\u00edslom Reintegro<\/p>\n<h2>Hranie La Primitiva online s jackpotlotteryonline.com<\/h2>\n<p>Ke\u010f <a href=\"https:\/\/jackpotlotteryonline.com\/sk\/ako-hrat\/la-primitiva-2\">hr\u00e1te lot\u00e9riu La Primitiva<\/a> s nami, z\u00edskate nielen pr\u00edstup k La Primitiva, ale aj k v\u00fdsledkom \u017erebovania. Hranie online otv\u00e1ra svet pr\u00edle\u017eitost\u00ed pre sk\u00fasen\u00fdch hr\u00e1\u010dov aj nov\u00e1\u010dikov. Pon\u00fakame pohodln\u00fd sp\u00f4sob, ako si k\u00fapi\u0165 \u017ereby, skontrolova\u0165 v\u00fdsledky a z\u00edska\u0165 pr\u00edstup k v\u00fdhram. K tomu sa v\u0161ak dostaneme o chv\u00ed\u013eu.<\/p>\n<p>Svoj<a href=\"https:\/\/jackpotlotteryonline.com\/sk\/kupit-vstupenky\/la-primitiva\"> tiket lot\u00e9rie La Primitiva<\/a> si m\u00f4\u017eete jednoducho k\u00fapi\u0165 tak, \u017ee prejdete na str\u00e1nku lot\u00e9rie a vyberiete si v\u00fdhern\u00e9 \u010d\u00edslice. Ak si nie ste ist\u00ed, \u010do si vybra\u0165, m\u00f4\u017eete pou\u017ei\u0165 n\u00e1\u0161 automatick\u00fd gener\u00e1tor na v\u00fdber n\u00e1hodn\u00fdch \u010d\u00edslic. \u010ealej zadajte vybran\u00e9 \u017ereby a ak u n\u00e1s e\u0161te nie ste zaregistrovan\u00ed, zaregistrujte si \u00fa\u010det.<\/p>\n<p>Registr\u00e1cia je nevyhnutn\u00fdm krokom a \u00fa\u010det budete potrebova\u0165 z nasleduj\u00facich d\u00f4vodov:<\/p>\n<ul>\n<li>Aby ste si mohli ulo\u017ei\u0165 svoj digit\u00e1lny tiket.<\/li>\n<li>na nastavenie automatick\u00fdch vstupov do \u017erebovania<\/li>\n<li>Dost\u00e1va\u0165 ozn\u00e1menia o v\u00fdhre cien<\/li>\n<\/ul>\n<h2>Skontrolova\u0165 v\u00fdsledky lot\u00e9rie La Primitiva<\/h2>\n<p>Kontrola v\u00fdsledkov lot\u00e9rie La Primitiva nebola nikdy jednoduch\u0161ia, ke\u010f hr\u00e1te online s nami. Po ka\u017edom \u017erebovan\u00ed uverej\u0148ujeme v\u00fdsledky \u017erebovania priamo tu na na\u0161ej str\u00e1nke. Okrem toho v\u00e1s v\u0161ak budeme informova\u0165 e-mailom, ke\u010f vyhr\u00e1te cenu. Tak\u017ee u\u017e nikdy nemus\u00edte zme\u0161ka\u0165 mo\u017enos\u0165 prevzia\u0165 si svoju v\u00fdhru.<\/p>\n<h2>Vyzdvihnutie v\u00fdhry<\/h2>\n<p>Azda najzauj\u00edmavej\u0161ou \u010das\u0165ou hrania La Primitiva online je, \u017ee nemus\u00edte chodi\u0165 do \u0160panielska, aby ste si vyzdvihli svoje v\u00fdhry. V\u00fdhry, ktor\u00e9 s\u00fa ni\u017e\u0161ie ako 2 500 \u20ac, si m\u00f4\u017eete jednoducho vybra\u0165 z na\u0161ej platformy na svoj \u00fa\u010det.<\/p>\n<p>Zahrajte si s nami lot\u00e9riu a skontrolujte si svoje v\u00fdhern\u00e9 \u010d\u00edsla La Primitiva online.<\/p>\n","protected":false},"excerpt":{"rendered":"<p>Ako vybra\u0165 v\u00fdhern\u00e9 \u010d\u00edsla La Primitiva Ak chcete hra\u0165 La Primitiva, mus\u00edte si najprv vybra\u0165 6 \u010d\u00edsel z rozsahu 1 a\u017e 49. Okrem toho by ste si mali vybra\u0165 1 \u010d\u00edslo z intervalu 0-9. Toto dodato\u010dn\u00e9 \u010d\u00edslo sa naz\u00fdva \u010d\u00edslo Reintegro. Existuje aj \u010d\u00edslo Complemantario, ktor\u00e9 sa pou\u017e\u00edva na ur\u010denie niektor\u00fdch v\u00fdhern\u00fdch \u00farovn\u00ed. Existuje nieko\u013eko [&hellip;]<\/p>\n","protected":false},"author":1,"featured_media":0,"parent":35852,"menu_order":7,"comment_status":"closed","ping_status":"closed","template":"la-primitiva-results.php","meta":{"_et_pb_use_builder":"","_et_pb_old_content":"","_et_gb_content_width":"","exclude_from_search":false,"footnotes":""},"class_list":["post-40789","page","type-page","status-publish","hentry"],"yoast_head":"<!-- This site is optimized with the Yoast SEO plugin v23.3 - https:\/\/yoast.com\/wordpress\/plugins\/seo\/ -->\n<title>V\u00fdhern\u00e9 \u010d\u00edsla a v\u00fdsledky \u017erebovania La Primitiva<\/title>\n<meta name=\"description\" content=\"\u0160panielska lot\u00e9ria La Primitiva - v\u0161etky v\u00fdsledky \u017erebovania a vy\u017erebovan\u00e9 \u010d\u00edsla a arch\u00edv v\u00fdsledkov, v\u0161etko na jednej webovej str\u00e1nke\" \/>\n<meta name=\"robots\" content=\"index, follow, max-snippet:-1, max-image-preview:large, max-video-preview:-1\" \/>\n<link rel=\"canonical\" href=\"https:\/\/jackpotlotteryonline.com\/sk\/vyherne-cisla\/la-primitiva\/\" \/>\n<meta property=\"og:locale\" content=\"sk_SK\" \/>\n<meta property=\"og:type\" content=\"article\" \/>\n<meta property=\"og:title\" content=\"V\u00fdhern\u00e9 \u010d\u00edsla a v\u00fdsledky \u017erebovania La Primitiva\" \/>\n<meta property=\"og:description\" content=\"\u0160panielska lot\u00e9ria La Primitiva - v\u0161etky v\u00fdsledky \u017erebovania a vy\u017erebovan\u00e9 \u010d\u00edsla a arch\u00edv v\u00fdsledkov, v\u0161etko na jednej webovej str\u00e1nke\" \/>\n<meta property=\"og:url\" content=\"https:\/\/jackpotlotteryonline.com\/sk\/vyherne-cisla\/la-primitiva\/\" \/>\n<meta property=\"og:site_name\" content=\"Lotto Online - Crack The International Lottery Jackpots\" \/>\n<meta property=\"article:modified_time\" content=\"2022-12-28T14:41:13+00:00\" \/>\n<meta property=\"og:image\" content=\"https:\/\/jackpotlotteryonline.com\/wp-content\/uploads\/2022\/11\/read1.jpg\" \/>\n<meta name=\"twitter:card\" content=\"summary_large_image\" \/>\n<meta name=\"twitter:label1\" content=\"Predpokladan\u00fd \u010das \u010d\u00edtania\" \/>\n\t<meta name=\"twitter:data1\" content=\"3 min\u00faty\" \/>\n<!-- \/ Yoast SEO plugin. -->","yoast_head_json":{"title":"V\u00fdhern\u00e9 \u010d\u00edsla a v\u00fdsledky \u017erebovania La Primitiva","description":"\u0160panielska lot\u00e9ria La Primitiva - v\u0161etky v\u00fdsledky \u017erebovania a vy\u017erebovan\u00e9 \u010d\u00edsla a arch\u00edv v\u00fdsledkov, v\u0161etko na jednej webovej str\u00e1nke","robots":{"index":"index","follow":"follow","max-snippet":"max-snippet:-1","max-image-preview":"max-image-preview:large","max-video-preview":"max-video-preview:-1"},"canonical":"https:\/\/jackpotlotteryonline.com\/sk\/vyherne-cisla\/la-primitiva\/","og_locale":"sk_SK","og_type":"article","og_title":"V\u00fdhern\u00e9 \u010d\u00edsla a v\u00fdsledky \u017erebovania La Primitiva","og_description":"\u0160panielska lot\u00e9ria La Primitiva - v\u0161etky v\u00fdsledky \u017erebovania a vy\u017erebovan\u00e9 \u010d\u00edsla a arch\u00edv v\u00fdsledkov, v\u0161etko na jednej webovej str\u00e1nke","og_url":"https:\/\/jackpotlotteryonline.com\/sk\/vyherne-cisla\/la-primitiva\/","og_site_name":"Lotto Online - Crack The International Lottery Jackpots","article_modified_time":"2022-12-28T14:41:13+00:00","og_image":[{"url":"https:\/\/jackpotlotteryonline.com\/wp-content\/uploads\/2022\/11\/read1.jpg"}],"twitter_card":"summary_large_image","twitter_misc":{"Predpokladan\u00fd \u010das \u010d\u00edtania":"3 min\u00faty"},"schema":{"@context":"https:\/\/schema.org","@graph":[{"@type":"WebPage","@id":"https:\/\/jackpotlotteryonline.com\/sk\/vyherne-cisla\/la-primitiva\/","url":"https:\/\/jackpotlotteryonline.com\/sk\/vyherne-cisla\/la-primitiva\/","name":"V\u00fdhern\u00e9 \u010d\u00edsla a v\u00fdsledky \u017erebovania La Primitiva","isPartOf":{"@id":"https:\/\/jackpotlotteryonline.com\/#website"},"primaryImageOfPage":{"@id":"https:\/\/jackpotlotteryonline.com\/sk\/vyherne-cisla\/la-primitiva\/#primaryimage"},"image":{"@id":"https:\/\/jackpotlotteryonline.com\/sk\/vyherne-cisla\/la-primitiva\/#primaryimage"},"thumbnailUrl":"https:\/\/jackpotlotteryonline.com\/wp-content\/uploads\/2022\/11\/read1.jpg","datePublished":"2022-12-06T10:34:43+00:00","dateModified":"2022-12-28T14:41:13+00:00","description":"\u0160panielska lot\u00e9ria La Primitiva - v\u0161etky v\u00fdsledky \u017erebovania a vy\u017erebovan\u00e9 \u010d\u00edsla a arch\u00edv v\u00fdsledkov, v\u0161etko na jednej webovej str\u00e1nke","breadcrumb":{"@id":"https:\/\/jackpotlotteryonline.com\/sk\/vyherne-cisla\/la-primitiva\/#breadcrumb"},"inLanguage":"sk-SK","potentialAction":[{"@type":"ReadAction","target":["https:\/\/jackpotlotteryonline.com\/sk\/vyherne-cisla\/la-primitiva\/"]}]},{"@type":"ImageObject","inLanguage":"sk-SK","@id":"https:\/\/jackpotlotteryonline.com\/sk\/vyherne-cisla\/la-primitiva\/#primaryimage","url":"https:\/\/jackpotlotteryonline.com\/wp-content\/uploads\/2022\/11\/read1.jpg","contentUrl":"https:\/\/jackpotlotteryonline.com\/wp-content\/uploads\/2022\/11\/read1.jpg"},{"@type":"BreadcrumbList","@id":"https:\/\/jackpotlotteryonline.com\/sk\/vyherne-cisla\/la-primitiva\/#breadcrumb","itemListElement":[{"@type":"ListItem","position":1,"name":"Home","item":"https:\/\/jackpotlotteryonline.com\/sk\/"},{"@type":"ListItem","position":2,"name":"V\u00fdsledky lot\u00e9rie","item":"https:\/\/jackpotlotteryonline.com\/sk\/vyherne-cisla\/"},{"@type":"ListItem","position":3,"name":"V\u00fdsledky \u017erebovania La Primitiva"}]},{"@type":"WebSite","@id":"https:\/\/jackpotlotteryonline.com\/#website","url":"https:\/\/jackpotlotteryonline.com\/","name":"Lotto Online - Crack The International Lottery Jackpots","description":"","potentialAction":[{"@type":"SearchAction","target":{"@type":"EntryPoint","urlTemplate":"https:\/\/jackpotlotteryonline.com\/?s={search_term_string}"},"query-input":"required name=search_term_string"}],"inLanguage":"sk-SK"}]}},"_links":{"self":[{"href":"https:\/\/jackpotlotteryonline.com\/sk\/wp-json\/wp\/v2\/pages\/40789","targetHints":{"allow":["GET"]}}],"collection":[{"href":"https:\/\/jackpotlotteryonline.com\/sk\/wp-json\/wp\/v2\/pages"}],"about":[{"href":"https:\/\/jackpotlotteryonline.com\/sk\/wp-json\/wp\/v2\/types\/page"}],"author":[{"embeddable":true,"href":"https:\/\/jackpotlotteryonline.com\/sk\/wp-json\/wp\/v2\/users\/1"}],"replies":[{"embeddable":true,"href":"https:\/\/jackpotlotteryonline.com\/sk\/wp-json\/wp\/v2\/comments?post=40789"}],"version-history":[{"count":0,"href":"https:\/\/jackpotlotteryonline.com\/sk\/wp-json\/wp\/v2\/pages\/40789\/revisions"}],"up":[{"embeddable":true,"href":"https:\/\/jackpotlotteryonline.com\/sk\/wp-json\/wp\/v2\/pages\/35852"}],"wp:attachment":[{"href":"https:\/\/jackpotlotteryonline.com\/sk\/wp-json\/wp\/v2\/media?parent=40789"}],"curies":[{"name":"wp","href":"https:\/\/api.w.org\/{rel}","templated":true}]}}