{"id":40844,"date":"2022-12-07T06:48:30","date_gmt":"2022-12-07T06:48:30","guid":{"rendered":"https:\/\/jackpotlotteryonline.com\/?page_id=40844"},"modified":"2022-12-28T12:49:49","modified_gmt":"2022-12-28T12:49:49","slug":"el-gordo-draw-results","status":"publish","type":"page","link":"https:\/\/jackpotlotteryonline.com\/sk\/vyherne-cisla\/el-gordo-draw-results\/","title":{"rendered":"V\u00fdsledky \u017erebovania El Gordo"},"content":{"rendered":"<p>Loterijn\u00ed nad\u0161enci s\u00fa nad\u0161en\u00ed, ke\u010f po\u010duj\u00fa o El Gordo, a to nielen preto, \u017ee ide o jednu z najv\u00e4\u010d\u0161\u00edch eur\u00f3pskych lot\u00e9ri\u00ed. El Gordo je matkou v\u0161etk\u00fdch lot\u00e9ri\u00ed z jednoduch\u00e9ho d\u00f4vodu, \u017ee \u017erebovanie sa kon\u00e1 raz ro\u010dne. V skuto\u010dnosti ide o s\u00fa\u010das\u0165 \u0161panielskej lot\u00e9rie, ktor\u00e1 ka\u017edoro\u010dne organizuje \u0161peci\u00e1lne viano\u010dn\u00e9 \u017erebovanie. Je to udalos\u0165, ktor\u00e1 je pln\u00e1 vzru\u0161enia a opraden\u00e1 trad\u00edciou. Sp\u00e1ja rodiny, susedstv\u00e1 a cel\u00e9 komunity, aby spolo\u010dne osl\u00e1vili sviato\u010dn\u00e9 obdobie. Pre hr\u00e1\u010dov v \u0160panielsku je viano\u010dn\u00e9 obdobie \u010dasom, ke\u010f treba vyh\u013eada\u0165 v\u00fdhern\u00e9 \u010d\u00edsla El Gordo.<\/p>\n<p>El Gordo je typick\u00e1 lot\u00e9ria, ktor\u00e1 sa kon\u00e1 v \u0160panielsku. To znamen\u00e1, \u017ee ak by ste ne\u017eili v tejto krajine, \u0165a\u017eko by ste si mohli k\u00fapi\u0165 tikety El Gordo. To sa v\u0161ak zmenilo, preto\u017ee teraz si m\u00f4\u017eete v\u00fdhern\u00e9 \u010d\u00edsla El Gordo overi\u0165 na internete.<\/p>\n<h2>Hranie hry El Gordo<\/h2>\n<p><img loading=\"lazy\" decoding=\"async\" class=\"alignright size-full wp-image-17870\" src=\"http:\/\/jackpotlotteryonline.com\/wp-content\/uploads\/2022\/10\/lotto_euros.jpg\" alt=\"Hranie hry El Gordo\" width=\"225\" height=\"134\" \/>El Gordo znamen\u00e1 &#8220;ve\u013ek\u00fd&#8221; a je to najv\u00e4\u010d\u0161\u00ed jackpot na svete. Zvl\u00e1\u0161tnos\u0165ou tejto lot\u00e9rie je, \u017ee jackpot teraz vyhr\u00e1va len jeden \u010dlovek. Je to preto, \u017ee tikety s\u00fa rozdelen\u00e9 na to\u013eko \u010dast\u00ed. V skuto\u010dnosti je pr\u00e1ve t\u00e1to \u010das\u0165 hry El Gordo trochu m\u00e4t\u00faca. Ka\u017ed\u00fd tiket El Gordo je rozdelen\u00fd na 10 \u010dast\u00ed a ka\u017ed\u00e1 z t\u00fdchto \u010dast\u00ed je \u010falej rozdelen\u00e1.<\/p>\n<p>Najlacnej\u0161\u00ed l\u00edstok El Gordo, ktor\u00fd si m\u00f4\u017eete k\u00fapi\u0165, je 1\/100 cel\u00e9ho l\u00edstka.<\/p>\n<p>Ak sa chcete dozvedie\u0165 viac o <a href=\"https:\/\/jackpotlotteryonline.com\/sk\/ako-hrat\/el-gordo\">hre El Gordo<\/a>, nav\u0161t\u00edvte str\u00e1nku jackpotlotteryonline.com a<a href=\"https:\/\/jackpotlotteryonline.com\/sk\/kupit-vstupenky\/el-gordo\"> k\u00fapte si tikety hne\u010f teraz<\/a>. Hranie El Gordo je ve\u013ek\u00e1 z\u00e1bava, najm\u00e4 ke\u010f hr\u00e1te online.<\/p>\n<h2>Hranie online<\/h2>\n<p>Ak ste pripraven\u00ed vst\u00fapi\u0165 do lot\u00e9rie El Gordo, nav\u0161t\u00edvte na\u0161u str\u00e1nku a vyberte si v\u00fdhern\u00e9 \u010d\u00edslice. Sta\u010d\u00ed, ak si vyberiete 6 od 1 do 49. Samozrejme, ak nem\u00e1te ni\u010d konkr\u00e9tne, \u010do by ste chceli hra\u0165, m\u00f4\u017eete to necha\u0165 urobi\u0165 n\u00e1\u0161 automatick\u00fd v\u00fdber. Potom vst\u00fapte do \u017erebovania a po\u010dkajte na v\u00fdhern\u00e9 v\u00fdsledky El Gordo.<\/p>\n<h2>Ako vyhra\u0165 El Gordo<\/h2>\n<p>V\u00fdhra v hre El Gordo jednoducho znamen\u00e1, \u017ee m\u00e1te v\u00fdhern\u00fa kombin\u00e1ciu. Ak sa teda va\u0161e \u010d\u00edslice zhoduj\u00fa s t\u00fdm, \u010do bolo vylosovan\u00e9, ste v\u00fdhercom lot\u00e9rie El Gordo.<\/p>\n<p>Existuje nieko\u013eko strat\u00e9gi\u00ed, ktor\u00e9 hr\u00e1\u010di pou\u017e\u00edvaj\u00fa na v\u00fdber v\u00fdhern\u00fdch kombin\u00e1ci\u00ed pre El Gordo. Jednou z nich je v\u00fdber \u010d\u00edslic, ktor\u00e9 pova\u017euj\u00fa za \u0161\u0165astn\u00e9. Pre niektor\u00fdch s\u00fa to ich narodeniny alebo narodeniny bl\u00edzkych. M\u00f4\u017ee to by\u0165 ak\u00e9ko\u013evek \u010d\u00edslo, ktor\u00e9 je pre v\u00e1s v\u00fdnimo\u010dn\u00e9. In\u00ed hr\u00e1\u010di sa rad\u0161ej \u00faplne spoliehaj\u00fa na n\u00e1hodne vygenerovan\u00e9 \u010d\u00edsla. Je len na v\u00e1s, \u010do si vyberiete.<\/p>\n<p>\u010eal\u0161\u00edm sp\u00f4sobom, ako vybra\u0165 v\u00fdhern\u00fa kombin\u00e1ciu pre hru El Gordo, je pozrie\u0165 sa na minul\u00e9 v\u00fdsledky. To v\u00e1m pom\u00f4\u017ee najm\u00e4 vtedy, ak ste \u010dast\u00fdm hr\u00e1\u010dom. Pre mnoh\u00fdch hr\u00e1\u010dov je v\u017edy dobr\u00fdm hern\u00fdm pl\u00e1nom n\u00e1kup viacer\u00fdch tiketov. V\u017edy m\u00f4\u017eete vytvori\u0165 skupinu svojich priate\u013eov alebo rodiny a k\u00fapi\u0165 si tikety El Gordo.<\/p>\n<h2>Ako skontrolova\u0165 v\u00fdhern\u00e9 \u010d\u00edsla<\/h2>\n<p><img loading=\"lazy\" decoding=\"async\" class=\"alignright size-full wp-image-30668\" src=\"http:\/\/jackpotlotteryonline.com\/wp-content\/uploads\/2022\/11\/3_screen_lottery_results_online.jpg\" alt=\"V\u00fdhern\u00e9 \u010d\u00edslo El Gordo\" width=\"130\" height=\"120\" \/>Po zak\u00fapen\u00ed tiketu El Gordo je \u010fal\u0161\u00edm krokom \u010dakanie na \u017erebovanie El Gordo. Po \u017erebovan\u00ed je d\u00f4le\u017eit\u00e9 skontrolova\u0165 v\u00fdhern\u00e9 kombin\u00e1cie. Existuje nieko\u013eko pr\u00edbehov o jackpotoch, ktor\u00e9 zostali nevyzdvihnut\u00e9, preto\u017ee v\u00fdhercovia nikdy neskontrolovali svoje tikety. Ak hr\u00e1te s nami, nikdy sa nemus\u00edte ob\u00e1va\u0165, \u017ee sa v\u00e1m to stane.<\/p>\n<p>Po ka\u017edom \u017erebovan\u00ed uverej\u0148ujeme v\u00fdhern\u00e9 v\u00fdsledky priamo tu na str\u00e1nke El Gordo. Jednou z ch\u00fdb, ktor\u00fa robia nov\u00ed hr\u00e1\u010di lot\u00e9rie, je, \u017ee si nekontroluj\u00fa, \u010di nevyhrali aj in\u00e9 ceny.<\/p>\n<p>Lot\u00e9ria El Gordo m\u00e1 17 r\u00f4znych \u00farovn\u00ed v\u00fdhier a hr\u00e1\u010d m\u00f4\u017ee vyhra\u0165 ktor\u00fako\u013evek z nich. Ak hr\u00e1te s nami, d\u00e1me v\u00e1m vedie\u0165, \u010di ste vyhrali niektor\u00fa z cien. Rob\u00edme to prostredn\u00edctvom e-mailu a navy\u0161e dostanete upozornenie po prihl\u00e1sen\u00ed sa do platformy.<\/p>\n<h2>\u010co sa stane, ak vyhr\u00e1te?<\/h2>\n<p>V\u00fdhra v hre El Gordo je \u00fa\u017easn\u00fd z\u00e1\u017eitok, preto\u017ee m\u00e1te pocit, \u017ee ste sa stali s\u00fa\u010das\u0165ou nie\u010doho ve\u013ek\u00e9ho. Nie\u010do ako by\u0165 s\u00fa\u010das\u0165ou tvoriacich sa dej\u00edn. E\u0161te v\u00e4\u010d\u0161\u00ed pocit je, ak ste si l\u00edstky El Gordo k\u00fapili so svojimi spolupracovn\u00edkmi, kamar\u00e1tmi alebo rodinou. Potom m\u00f4\u017eete \u00eds\u0165 v\u0161etci spolo\u010dne osl\u00e1vi\u0165 svoju v\u00fdhru.<\/p>\n<p>Ako u\u017e bolo povedan\u00e9, v\u00fdber v\u00fdhry El Gordo je ve\u013emi jednoduch\u00fd, ak hr\u00e1te na na\u0161ej str\u00e1nke. Je to len ot\u00e1zka vyplatenia va\u0161ej v\u00fdhry na v\u00e1\u0161 online \u00fa\u010det. Ak vyhr\u00e1te viac ako ur\u010dit\u00fa sumu, mo\u017eno budete musie\u0165 vyplni\u0165 formul\u00e1r \u017eiadosti, aby ste dostali svoju v\u00fdhru od lot\u00e9riovej spolo\u010dnosti. Ale pr\u00e1ve preto sme tu my, aby sme v\u00e1m to u\u013eah\u010dili.<\/p>\n<section class=\"layout\" style=\"border: solid 1px; width: 100%;\">\n<div class=\"img-div\" style=\"margin-top: 5px;\"><img decoding=\"async\" class=\"wp-image-17212 alignleft\" style=\"height: 45px; margin: 8px 8px 0px;\" src=\"http:\/\/jackpotlotteryonline.com\/wp-content\/uploads\/2022\/11\/read1.jpg\" alt=\"pre\u010d\u00edtajte si\" width=\"\" height=\"\" \/><\/div>\n<div style=\"padding-left: 5px;\">\n<div style=\"font-size: 1.1em;\">\n<p><strong>Dane z v\u00fdhier v lot\u00e9rii<\/strong><\/p>\n<p style=\"font-size: 0.85em; margin-top: -1.5em;\">Mus\u00edm plati\u0165 dane z v\u00fdhier v lot\u00e9rii?\u00a0 <a href=\"https:\/\/jackpotlotteryonline.com\/sk\/musim-platit-dane-z-vyhier-v-loterii\"> \u010d\u00edtaj viac<\/a><\/p>\n<\/div>\n<\/div>\n<\/section>\n<h2>Pre\u010do by ste mali hra\u0165 El Gordo online s nami<\/h2>\n<p>Existuje mnoho d\u00f4vodov, pre\u010do na\u0161i z\u00e1kazn\u00edci radi hraj\u00fa lot\u00e9riu s nami.<\/p>\n<ul>\n<li>K\u00fapi\u0165 si tiket lot\u00e9rie El Gordo je tak\u00e9 jednoduch\u00e9 ako nieko\u013eko \u0165uknut\u00ed na mobiln\u00e9 zariadenie. Bez stresu a \u00faplne pohodlne.<\/li>\n<li>Svoje v\u00fdhern\u00e9 kombin\u00e1cie El Gordo si m\u00f4\u017eete skontrolova\u0165 priamo tu bez toho, aby ste museli chodi\u0165 kamko\u013evek inam.<\/li>\n<li>Upozorn\u00edme v\u00e1s hne\u010f, ako vyhr\u00e1te v\u00fdhru bez oh\u013eadu na jej v\u00fd\u0161ku.<\/li>\n<li>Ak vyhr\u00e1te ak\u00fako\u013evek cenu, m\u00f4\u017eete si ju z na\u0161ej platformy vyplati\u0165 na svoj \u00fa\u010det.<\/li>\n<\/ul>\n<p>Na\u0161im z\u00e1kazn\u00edkom doslova u\u013eah\u010dujeme z\u00e1bavu a rados\u0165 z hrania lot\u00e9rie. Pravdou je, \u017ee v \u017eivote je to\u013eko in\u00fdch vec\u00ed, ktor\u00e9 s\u00fa \u0165a\u017ek\u00e9, v\u00fdhra v lot\u00e9rii v\u0161ak nemus\u00ed by\u0165 jednou z nich.<\/p>\n<h2>Skontrolujte si svoje v\u00fdhern\u00e9 \u010d\u00edsla<\/h2>\n<p>Predt\u00fdm, ako si k\u00fapite svoj tiket, mus\u00edte vedie\u0165, \u017ee na\u0161im z\u00e1kazn\u00edkom poskytujeme pr\u00edstup k skuto\u010dn\u00fdm \u010d\u00edslam. Ke\u010f hr\u00e1te s nami, nevs\u00e1dzate len na v\u00fdsledok lot\u00e9rie. Zabezpe\u010d\u00edme, aby ste sa do lot\u00e9rie zapojili. Rob\u00edme to tak, \u017ee prev\u00e1dzkujeme syst\u00e9m concierge, v ktorom n\u00e1\u0161 agent v \u0160panielsku kupuje \u010d\u00edsla zodpovedaj\u00face va\u0161im.<\/p>\n<p>Ke\u010f m\u00e1te v\u00fdhern\u00e9 \u010d\u00edsla El Gordo, znamen\u00e1 to, \u017ee ste vyhrali v lot\u00e9rii. Je to naozaj tak\u00e9 jednoduch\u00e9. Usilovne pracujeme na tom, aby ste sa nemuseli stara\u0165 o detaily. Preto sa postar\u00e1me o mali\u010dkosti, aby ste sa mohli s\u00fastredi\u0165 na to, \u010do je pre v\u00e1s najd\u00f4le\u017eitej\u0161ie.<\/p>\n<p>Nav\u0161t\u00edvte n\u00e1s e\u0161te dnes a skontrolujte si v\u00fdhern\u00e9 \u010d\u00edsla do najlep\u0161\u00edch medzin\u00e1rodn\u00fdch lot\u00e9ri\u00ed priamo tu. Alebo si zak\u00fapte tikety El Gordo a vr\u00e1\u0165te ich za v\u00fdhern\u00e9 \u010d\u00edsla.<\/p>\n","protected":false},"excerpt":{"rendered":"<p>Loterijn\u00ed nad\u0161enci s\u00fa nad\u0161en\u00ed, ke\u010f po\u010duj\u00fa o El Gordo, a to nielen preto, \u017ee ide o jednu z najv\u00e4\u010d\u0161\u00edch eur\u00f3pskych lot\u00e9ri\u00ed. El Gordo je matkou v\u0161etk\u00fdch lot\u00e9ri\u00ed z jednoduch\u00e9ho d\u00f4vodu, \u017ee \u017erebovanie sa kon\u00e1 raz ro\u010dne. V skuto\u010dnosti ide o s\u00fa\u010das\u0165 \u0161panielskej lot\u00e9rie, ktor\u00e1 ka\u017edoro\u010dne organizuje \u0161peci\u00e1lne viano\u010dn\u00e9 \u017erebovanie. Je to udalos\u0165, ktor\u00e1 je pln\u00e1 [&hellip;]<\/p>\n","protected":false},"author":1,"featured_media":0,"parent":35852,"menu_order":6,"comment_status":"closed","ping_status":"closed","template":"el-gordo-results.php","meta":{"_et_pb_use_builder":"","_et_pb_old_content":"","_et_gb_content_width":"","exclude_from_search":false,"footnotes":""},"class_list":["post-40844","page","type-page","status-publish","hentry"],"yoast_head":"<!-- This site is optimized with the Yoast SEO plugin v23.3 - https:\/\/yoast.com\/wordpress\/plugins\/seo\/ -->\n<title>V\u00fdhern\u00e9 \u010d\u00edsla a v\u00fdsledky \u017erebovania El Gordo<\/title>\n<meta name=\"description\" content=\"V\u00fdsledky, vy\u017erebovan\u00e9 \u010d\u00edsla pre \u017erebovanie El Gordo - tento t\u00fd\u017ede\u0148, ako aj v\u00fdsledky za minul\u00fd t\u00fd\u017ede\u0148.\" \/>\n<meta name=\"robots\" content=\"index, follow, max-snippet:-1, max-image-preview:large, max-video-preview:-1\" \/>\n<link rel=\"canonical\" href=\"https:\/\/jackpotlotteryonline.com\/sk\/vyherne-cisla\/el-gordo-draw-results\/\" \/>\n<meta property=\"og:locale\" content=\"sk_SK\" \/>\n<meta property=\"og:type\" content=\"article\" \/>\n<meta property=\"og:title\" content=\"V\u00fdhern\u00e9 \u010d\u00edsla a v\u00fdsledky \u017erebovania El Gordo\" \/>\n<meta property=\"og:description\" content=\"V\u00fdsledky, vy\u017erebovan\u00e9 \u010d\u00edsla pre \u017erebovanie El Gordo - tento t\u00fd\u017ede\u0148, ako aj v\u00fdsledky za minul\u00fd t\u00fd\u017ede\u0148.\" \/>\n<meta property=\"og:url\" content=\"https:\/\/jackpotlotteryonline.com\/sk\/vyherne-cisla\/el-gordo-draw-results\/\" \/>\n<meta property=\"og:site_name\" content=\"Lotto Online - Crack The International Lottery Jackpots\" \/>\n<meta property=\"article:modified_time\" content=\"2022-12-28T12:49:49+00:00\" \/>\n<meta property=\"og:image\" content=\"http:\/\/jackpotlotteryonline.com\/wp-content\/uploads\/2022\/10\/lotto_euros.jpg\" \/>\n<meta name=\"twitter:card\" content=\"summary_large_image\" \/>\n<meta name=\"twitter:label1\" content=\"Predpokladan\u00fd \u010das \u010d\u00edtania\" \/>\n\t<meta name=\"twitter:data1\" content=\"5 min\u00fat\" \/>\n<!-- \/ Yoast SEO plugin. -->","yoast_head_json":{"title":"V\u00fdhern\u00e9 \u010d\u00edsla a v\u00fdsledky \u017erebovania El Gordo","description":"V\u00fdsledky, vy\u017erebovan\u00e9 \u010d\u00edsla pre \u017erebovanie El Gordo - tento t\u00fd\u017ede\u0148, ako aj v\u00fdsledky za minul\u00fd t\u00fd\u017ede\u0148.","robots":{"index":"index","follow":"follow","max-snippet":"max-snippet:-1","max-image-preview":"max-image-preview:large","max-video-preview":"max-video-preview:-1"},"canonical":"https:\/\/jackpotlotteryonline.com\/sk\/vyherne-cisla\/el-gordo-draw-results\/","og_locale":"sk_SK","og_type":"article","og_title":"V\u00fdhern\u00e9 \u010d\u00edsla a v\u00fdsledky \u017erebovania El Gordo","og_description":"V\u00fdsledky, vy\u017erebovan\u00e9 \u010d\u00edsla pre \u017erebovanie El Gordo - tento t\u00fd\u017ede\u0148, ako aj v\u00fdsledky za minul\u00fd t\u00fd\u017ede\u0148.","og_url":"https:\/\/jackpotlotteryonline.com\/sk\/vyherne-cisla\/el-gordo-draw-results\/","og_site_name":"Lotto Online - Crack The International Lottery Jackpots","article_modified_time":"2022-12-28T12:49:49+00:00","og_image":[{"url":"http:\/\/jackpotlotteryonline.com\/wp-content\/uploads\/2022\/10\/lotto_euros.jpg"}],"twitter_card":"summary_large_image","twitter_misc":{"Predpokladan\u00fd \u010das \u010d\u00edtania":"5 min\u00fat"},"schema":{"@context":"https:\/\/schema.org","@graph":[{"@type":"WebPage","@id":"https:\/\/jackpotlotteryonline.com\/sk\/vyherne-cisla\/el-gordo-draw-results\/","url":"https:\/\/jackpotlotteryonline.com\/sk\/vyherne-cisla\/el-gordo-draw-results\/","name":"V\u00fdhern\u00e9 \u010d\u00edsla a v\u00fdsledky \u017erebovania El Gordo","isPartOf":{"@id":"https:\/\/jackpotlotteryonline.com\/#website"},"primaryImageOfPage":{"@id":"https:\/\/jackpotlotteryonline.com\/sk\/vyherne-cisla\/el-gordo-draw-results\/#primaryimage"},"image":{"@id":"https:\/\/jackpotlotteryonline.com\/sk\/vyherne-cisla\/el-gordo-draw-results\/#primaryimage"},"thumbnailUrl":"http:\/\/jackpotlotteryonline.com\/wp-content\/uploads\/2022\/10\/lotto_euros.jpg","datePublished":"2022-12-07T06:48:30+00:00","dateModified":"2022-12-28T12:49:49+00:00","description":"V\u00fdsledky, vy\u017erebovan\u00e9 \u010d\u00edsla pre \u017erebovanie El Gordo - tento t\u00fd\u017ede\u0148, ako aj v\u00fdsledky za minul\u00fd t\u00fd\u017ede\u0148.","breadcrumb":{"@id":"https:\/\/jackpotlotteryonline.com\/sk\/vyherne-cisla\/el-gordo-draw-results\/#breadcrumb"},"inLanguage":"sk-SK","potentialAction":[{"@type":"ReadAction","target":["https:\/\/jackpotlotteryonline.com\/sk\/vyherne-cisla\/el-gordo-draw-results\/"]}]},{"@type":"ImageObject","inLanguage":"sk-SK","@id":"https:\/\/jackpotlotteryonline.com\/sk\/vyherne-cisla\/el-gordo-draw-results\/#primaryimage","url":"http:\/\/jackpotlotteryonline.com\/wp-content\/uploads\/2022\/10\/lotto_euros.jpg","contentUrl":"http:\/\/jackpotlotteryonline.com\/wp-content\/uploads\/2022\/10\/lotto_euros.jpg"},{"@type":"BreadcrumbList","@id":"https:\/\/jackpotlotteryonline.com\/sk\/vyherne-cisla\/el-gordo-draw-results\/#breadcrumb","itemListElement":[{"@type":"ListItem","position":1,"name":"Home","item":"https:\/\/jackpotlotteryonline.com\/sk\/"},{"@type":"ListItem","position":2,"name":"V\u00fdsledky lot\u00e9rie","item":"https:\/\/jackpotlotteryonline.com\/sk\/vyherne-cisla\/"},{"@type":"ListItem","position":3,"name":"V\u00fdsledky \u017erebovania El Gordo"}]},{"@type":"WebSite","@id":"https:\/\/jackpotlotteryonline.com\/#website","url":"https:\/\/jackpotlotteryonline.com\/","name":"Lotto Online - Crack The International Lottery Jackpots","description":"","potentialAction":[{"@type":"SearchAction","target":{"@type":"EntryPoint","urlTemplate":"https:\/\/jackpotlotteryonline.com\/?s={search_term_string}"},"query-input":"required name=search_term_string"}],"inLanguage":"sk-SK"}]}},"_links":{"self":[{"href":"https:\/\/jackpotlotteryonline.com\/sk\/wp-json\/wp\/v2\/pages\/40844","targetHints":{"allow":["GET"]}}],"collection":[{"href":"https:\/\/jackpotlotteryonline.com\/sk\/wp-json\/wp\/v2\/pages"}],"about":[{"href":"https:\/\/jackpotlotteryonline.com\/sk\/wp-json\/wp\/v2\/types\/page"}],"author":[{"embeddable":true,"href":"https:\/\/jackpotlotteryonline.com\/sk\/wp-json\/wp\/v2\/users\/1"}],"replies":[{"embeddable":true,"href":"https:\/\/jackpotlotteryonline.com\/sk\/wp-json\/wp\/v2\/comments?post=40844"}],"version-history":[{"count":0,"href":"https:\/\/jackpotlotteryonline.com\/sk\/wp-json\/wp\/v2\/pages\/40844\/revisions"}],"up":[{"embeddable":true,"href":"https:\/\/jackpotlotteryonline.com\/sk\/wp-json\/wp\/v2\/pages\/35852"}],"wp:attachment":[{"href":"https:\/\/jackpotlotteryonline.com\/sk\/wp-json\/wp\/v2\/media?parent=40844"}],"curies":[{"name":"wp","href":"https:\/\/api.w.org\/{rel}","templated":true}]}}