{"id":40900,"date":"2022-12-07T09:08:47","date_gmt":"2022-12-07T09:08:47","guid":{"rendered":"https:\/\/jackpotlotteryonline.com\/?page_id=40900"},"modified":"2022-12-28T18:46:10","modified_gmt":"2022-12-28T18:46:10","slug":"german-lotto","status":"publish","type":"page","link":"https:\/\/jackpotlotteryonline.com\/sk\/vyherne-cisla\/german-lotto\/","title":{"rendered":"Nemeck\u00e9 Lotto \u010derpanie v\u00fdsledky"},"content":{"rendered":"<p>V\u00fdsledky \u017erebovania nemeckej lot\u00e9rie LottoAk ste <a href=\"https:\/\/jackpotlotteryonline.com\/sk\/ako-hrat\/german-lotto\">hrali nemeck\u00fa lot\u00e9riu Lotto<\/a> alebo ju chcete vysk\u00fa\u0161a\u0165, potom je nevyhnutn\u00e9 skontrolova\u0165 vylosovan\u00e9 \u010d\u00edsla. V\u00fdhra v lot\u00e9rii je z\u00e1\u017eitok, ktor\u00fd v\u00e1m zmen\u00ed \u017eivot.<\/p>\n<p>Je zn\u00e1ma pod n\u00e1zvom 6 aus 49 alebo 6 zo 49 a patr\u00ed medzi najob\u013e\u00fabenej\u0161ie lot\u00e9rie v Eur\u00f3pe. Toto nemeck\u00e9 loto s neuverite\u013en\u00fdmi \u0161ancami a hlavn\u00fdmi v\u00fdhrami, ktor\u00e9 menia \u017eivot, m\u00e1 dev\u00e4\u0165 r\u00f4znych \u00farovn\u00ed v\u00fdhier.<\/p>\n<p>Hranie je jednoduch\u00e9 a do nemeck\u00e9ho lota sa teraz m\u00f4\u017eete zapoji\u0165 odkia\u013eko\u013evek na svete. Pri hran\u00ed na jackpotlottoonline.com si m\u00f4\u017eete skontrolova\u0165 aj svoje v\u00fdhern\u00e9 \u010d\u00edsla.<\/p>\n<h2>Ako hra\u0165 nemeck\u00e9 loto<\/h2>\n<p><img loading=\"lazy\" decoding=\"async\" class=\"alignright size-medium wp-image-29156\" src=\"https:\/\/jackpotlotteryonline.com\/wp-content\/uploads\/2022\/11\/1_play_lotto_to_win-300x214.jpg\" alt=\"Zadajte nemeck\u00e9 loto a vyhrajte ceny\" width=\"300\" height=\"214\" srcset=\"https:\/\/jackpotlotteryonline.com\/wp-content\/uploads\/2022\/11\/1_play_lotto_to_win-300x214.jpg 300w, https:\/\/jackpotlotteryonline.com\/wp-content\/uploads\/2022\/11\/1_play_lotto_to_win.jpg 320w\" sizes=\"auto, (max-width: 300px) 100vw, 300px\" \/>V podstate sta\u010d\u00ed, aby si hr\u00e1\u010di vybrali 6 \u010d\u00edsel z rozsahu 1 a\u017e 49 a ten, kto sa zhoduje s vy\u017erebovan\u00fdmi v\u00fdsledkami, vyhr\u00e1va jackpot. K dispoz\u00edcii je aj bonusov\u00e9 \u010d\u00edslo naz\u00fdvan\u00e9 Super \u010d\u00edslo. To sa vyber\u00e1 n\u00e1hodne a pou\u017e\u00edva sa na ur\u010denie v\u00fdhercov troch \u00farovn\u00ed vr\u00e1tane jackpotu.<\/p>\n<p>V\u00fd\u0161ka jackpotu je garantovan\u00fd jeden mili\u00f3n eur, ak v\u0161ak po \u017erebovan\u00ed nie je \u017eiadny v\u00fdherca, jackpot sa preklop\u00ed. Jackpot nemeck\u00e9ho lota m\u00f4\u017ee dosiahnu\u0165 a\u017e 14 000 000 eur, \u010do je pod\u013ea n\u00e1s celkom \u00fa\u017easn\u00e9.<\/p>\n<h2>Hranie na jackpotlottoonline.com<\/h2>\n<p>Ke\u010f si u <a href=\"https:\/\/jackpotlotteryonline.com\/sk\/kupit-vstupenky\/lotto-germany\">n\u00e1s k\u00fapite tiket<\/a>, vlastne sa zapoj\u00edte do lotta. Nefungujeme ako niektor\u00e9 online lotto str\u00e1nky, ktor\u00e9 hr\u00e1\u010dom poskytuj\u00fa len mo\u017enos\u0165 vsadi\u0165 si na v\u00fdsledok. Ak stav\u00edte na v\u00fdsledok, aj ke\u010f v\u00e1m padn\u00fa v\u00fdhern\u00e9 \u010d\u00edsla, lotto nevyhr\u00e1vate.<\/p>\n<p>Sme port\u00e1l, ktor\u00fd poskytuje na\u0161im z\u00e1kazn\u00edkom mo\u017enos\u0165 vst\u00fapi\u0165 do lot\u00e9ri\u00ed z cel\u00e9ho sveta. Ke\u010f si k\u00fapite nemeck\u00fd lotto tiket online, na\u0161i agenti v danej krajine k\u00fapia fyzick\u00fd tiket. Fyzick\u00fd nemeck\u00fd loto l\u00edstok bude ma\u0165 rovnak\u00e9 \u010d\u00edsla, ak\u00e9 ste si vybrali. Potom ho naskenujeme na v\u00e1\u0161 \u00fa\u010det.<\/p>\n<p><strong>Ak chcete hra\u0165 lotto s nami:<\/strong><\/p>\n<ul>\n<li>M\u00f4\u017eete tie\u017e pou\u017ei\u0165 n\u00e1\u0161 automatick\u00fd gener\u00e1tor na v\u00fdber n\u00e1hodn\u00fdch \u010d\u00edsel lota.<\/li>\n<li>Vst\u00fapte do \u017erebovania. M\u00f4\u017eete zada\u0165 jedno alebo viacero \u017erebovan\u00ed.<\/li>\n<li>Vyberte si, ko\u013eko t\u00fd\u017ed\u0148ov vopred chcete hra\u0165 (alebo m\u00f4\u017eete hra\u0165 len raz).<\/li>\n<li>Zaregistrujte sa, aby sme mohli spracova\u0165 va\u0161u platbu (to preto, aby sme v\u00e1s mohli upozorni\u0165, ke\u010f vyhr\u00e1te v lot\u00e9rii).<\/li>\n<\/ul>\n<h2>V\u00fdhra v nemeckom lote (rozdelenie cien)<\/h2>\n<p><img loading=\"lazy\" decoding=\"async\" class=\"alignright size-medium wp-image-28616\" src=\"https:\/\/jackpotlotteryonline.com\/wp-content\/uploads\/2022\/11\/1_online_lotto-300x128.jpg\" alt=\"Zahrajte si nemeck\u00e9 loto\" width=\"300\" height=\"128\" srcset=\"https:\/\/jackpotlotteryonline.com\/wp-content\/uploads\/2022\/11\/1_online_lotto-300x128.jpg 300w, https:\/\/jackpotlotteryonline.com\/wp-content\/uploads\/2022\/11\/1_online_lotto.jpg 320w\" sizes=\"auto, (max-width: 300px) 100vw, 300px\" \/>U\u017e sme spom\u00ednali, \u017ee toto eur\u00f3pske loto m\u00e1 9 r\u00f4znych \u00farovn\u00ed v\u00fdhier. To je ve\u013ea cien, ktor\u00e9 m\u00f4\u017ee hr\u00e1\u010d vyhra\u0165, \u010do vysvet\u013euje, pre\u010do je toto loto na kontinente tak\u00e9 popul\u00e1rne. \u0160anca na v\u00fdhru jackpotu je 1 ku 139 838 160.<\/p>\n<p>Podel\u00edme sa s vami o rozdelenie v\u00fdhier pre jednotliv\u00e9 v\u00fdhern\u00e9 \u00farovne, ako aj o kurzy pre ka\u017ed\u00fa \u00farove\u0148. Taktie\u017e uvedieme odhadovan\u00fa v\u00fdhru pre ka\u017ed\u00fa \u010das\u0165. V\u00fdhry sa ur\u010duj\u00fa pod\u013ea celkov\u00e9ho fondu lot\u00e9rie, ale na z\u00e1klade minul\u00fdch v\u00fdhier je mo\u017en\u00e9 z\u00edska\u0165 pribli\u017en\u00fd \u00fadaj.<\/p>\n<p>\u00darove\u0148 1: 6 + Super\u010d\u00edslo &#8211; 12 585 434,40 \u20ac (jackpot) &#8211; 1:139 838 160<\/p>\n<p>\u00darove\u0148 2: iba 6 \u010d\u00edsel &#8211; 1 003 509,30 \u20ac &#8211; 1: 15 537 573<\/p>\n<p>\u00darove\u0148 3: 5 + super\u010d\u00edslo &#8211; 12 135,40 \u20ac &#8211; 1: 524 008<\/p>\n<p>\u00darove\u0148 4: len 5 \u010d\u00edsel &#8211; 4 019,20 EUR &#8211; 1: 60 223<\/p>\n<p>\u00darove\u0148 5: 4 + super\u010d\u00edslo &#8211; 191,10 EUR &#8211; 1:10 324<\/p>\n<p>\u00darove\u0148 6: len 4 \u010d\u00edsla &#8211; 50,30 EUR &#8211; 1:1 147<\/p>\n<p>\u00darove\u0148 7: 3 + super\u010d\u00edslo &#8211; 21,20 EUR &#8211; 1:567<\/p>\n<p>\u00darove\u0148 8: len 3 \u010d\u00edsla &#8211; 11,10 EUR &#8211; 1:63<\/p>\n<p>\u00darove\u0148 9: 2 + super\u010d\u00edslo &#8211; 6 EUR &#8211; 1:76<\/p>\n<section class=\"layout\" style=\"border: solid 1px; width: 100%;\">\n<div class=\"img-div\" style=\"margin-top: 5px;\"><img decoding=\"async\" class=\"wp-image-17212 alignleft\" style=\"height: 45px; margin: 8px 8px 0px;\" src=\"https:\/\/jackpotlotteryonline.com\/wp-content\/uploads\/2022\/11\/read1.jpg\" alt=\"pre\u010d\u00edtajte si\" width=\"\" height=\"\" \/><\/div>\n<div style=\"padding-left: 5px;\">\n<div style=\"font-size: 1.1em;\">\n<p><strong>Va\u0161a n\u00e1rodn\u00e1 lot\u00e9ria v medzin\u00e1rodnom porovnan\u00ed<\/strong><\/p>\n<p style=\"font-size: 0.85em; margin-top: -1.5em;\">Va\u0161a miestna lot\u00e9ria m\u00f4\u017ee by\u0165 tou najhor\u0161ou mo\u017enos\u0165ou &#8211; pre\u010do je rozumnej\u0161ie zaplati\u0165 viac, ale \u00eds\u0165 po v\u00e4\u010d\u0161\u00edch jackpotoch\u00a0<a href=\"https:\/\/jackpotlotteryonline.com\/sk\/vasa-narodna-loteria-v-medzinarodnom-porovnani\"> \u010d\u00edtaj viac<\/a><\/p>\n<\/div>\n<\/div>\n<\/section>\n<h2>Skontrolujte si svoje v\u00fdhern\u00e9 \u010d\u00edsla online<\/h2>\n<p>Tak ako je hranie nemeck\u00e9ho lota neuverite\u013ene jednoduch\u00e9, zjednodu\u0161ili sme aj proces kontroly v\u00fdsledkov. Ak hr\u00e1te toto loto, m\u00f4\u017eete si jednoducho skontrolova\u0165 svoje v\u00fdhern\u00e9 \u010d\u00edsla online. Po ka\u017edom \u017erebovan\u00ed si skontrolujte, \u010di ste vyhrali nejak\u00fa cenu. Ke\u010f\u017ee v\u00fdsledky \u017erebovania uverej\u0148ujeme priamo tu.<\/p>\n<p>Ale aj v pr\u00edpade, \u017ee zabudnete skontrolova\u0165 po \u017erebovan\u00ed, d\u00e1me v\u00e1m vedie\u0165, \u010di ste vyhrali nejak\u00fa cenu. Upozorn\u00edme v\u00e1s nielen prostredn\u00edctvom v\u00e1\u0161ho \u00fa\u010dtu, ale po\u0161leme v\u00e1m aj e-mail.<\/p>\n<h2>Ako si m\u00f4\u017eete vyzdvihn\u00fa\u0165 svoju v\u00fdhru<\/h2>\n<p>Nemeck\u00e9 lotto sa \u017erebuje raz t\u00fd\u017edenne v stredu. Po \u017erebovaniach bud\u00fa vyhl\u00e1sen\u00e9 v\u00fdhern\u00e9 \u010d\u00edsla. V\u00fdhra v lot\u00e9rii znamen\u00e1 len to, \u017ee m\u00e1te tiket, ktor\u00fd zodpoved\u00e1 vy\u017erebovan\u00fdm v\u00fdsledkom.<\/p>\n<p>Ak vyhr\u00e1te cenu, m\u00f4\u017eete si ju jednoducho vyzdvihn\u00fa\u0165 v\u00fdberom z na\u0161ej platformy na svoj \u00fa\u010det. To je pravda. Ka\u017ed\u00fa v\u00fdhru, ktor\u00e1 je ni\u017e\u0161ia ako 2 500 \u20ac, si m\u00f4\u017eete vybra\u0165 priamo na svoj \u00fa\u010det.<\/p>\n<p>V pr\u00edpade s\u00fam, ktor\u00e9 s\u00fa vy\u0161\u0161ie ako 2 500 \u20ac, budete mo\u017eno musie\u0165 vyplni\u0165 formul\u00e1r \u017eiadosti o v\u00fdhru od lot\u00e9riovej spolo\u010dnosti. My v\u00e1s v\u0161ak t\u00fdmto procesom prevedieme. Ak ste si teda e\u0161te nek\u00fapili nemeck\u00fd lotto tiket, urobte tak teraz. A nezabudnite si skontrolova\u0165 v\u00fdhern\u00e9 \u010d\u00edsla.<\/p>\n","protected":false},"excerpt":{"rendered":"<p>V\u00fdsledky \u017erebovania nemeckej lot\u00e9rie LottoAk ste hrali nemeck\u00fa lot\u00e9riu Lotto alebo ju chcete vysk\u00fa\u0161a\u0165, potom je nevyhnutn\u00e9 skontrolova\u0165 vylosovan\u00e9 \u010d\u00edsla. V\u00fdhra v lot\u00e9rii je z\u00e1\u017eitok, ktor\u00fd v\u00e1m zmen\u00ed \u017eivot. Je zn\u00e1ma pod n\u00e1zvom 6 aus 49 alebo 6 zo 49 a patr\u00ed medzi najob\u013e\u00fabenej\u0161ie lot\u00e9rie v Eur\u00f3pe. Toto nemeck\u00e9 loto s neuverite\u013en\u00fdmi \u0161ancami a hlavn\u00fdmi [&hellip;]<\/p>\n","protected":false},"author":1,"featured_media":0,"parent":35852,"menu_order":8,"comment_status":"closed","ping_status":"closed","template":"lotto-german-results.php","meta":{"_et_pb_use_builder":"","_et_pb_old_content":"","_et_gb_content_width":"","exclude_from_search":false,"footnotes":""},"class_list":["post-40900","page","type-page","status-publish","hentry"],"yoast_head":"<!-- This site is optimized with the Yoast SEO plugin v23.3 - https:\/\/yoast.com\/wordpress\/plugins\/seo\/ -->\n<title>Nemeck\u00e9 Lotto vylosovan\u00e9 \u010d\u00edsla a v\u00fdsledky \u017erebovania<\/title>\n<meta name=\"description\" content=\"Tu s\u00fa uveden\u00e9 v\u0161etky s\u00fa\u010dasn\u00e9 a minul\u00e9 v\u00fdhern\u00e9 \u010d\u00edsla, v\u00fdsledky \u017erebovania pre Nemecko lotto\" \/>\n<meta name=\"robots\" content=\"index, follow, max-snippet:-1, max-image-preview:large, max-video-preview:-1\" \/>\n<link rel=\"canonical\" href=\"https:\/\/jackpotlotteryonline.com\/sk\/vyherne-cisla\/german-lotto\/\" \/>\n<meta property=\"og:locale\" content=\"sk_SK\" \/>\n<meta property=\"og:type\" content=\"article\" \/>\n<meta property=\"og:title\" content=\"Nemeck\u00e9 Lotto vylosovan\u00e9 \u010d\u00edsla a v\u00fdsledky \u017erebovania\" \/>\n<meta property=\"og:description\" content=\"Tu s\u00fa uveden\u00e9 v\u0161etky s\u00fa\u010dasn\u00e9 a minul\u00e9 v\u00fdhern\u00e9 \u010d\u00edsla, v\u00fdsledky \u017erebovania pre Nemecko lotto\" \/>\n<meta property=\"og:url\" content=\"https:\/\/jackpotlotteryonline.com\/sk\/vyherne-cisla\/german-lotto\/\" \/>\n<meta property=\"og:site_name\" content=\"Lotto Online - Crack The International Lottery Jackpots\" \/>\n<meta property=\"article:modified_time\" content=\"2022-12-28T18:46:10+00:00\" \/>\n<meta property=\"og:image\" content=\"https:\/\/jackpotlotteryonline.com\/wp-content\/uploads\/2022\/11\/1_play_lotto_to_win-300x214.jpg\" \/>\n<meta name=\"twitter:card\" content=\"summary_large_image\" \/>\n<meta name=\"twitter:label1\" content=\"Predpokladan\u00fd \u010das \u010d\u00edtania\" \/>\n\t<meta name=\"twitter:data1\" content=\"4 min\u00faty\" \/>\n<!-- \/ Yoast SEO plugin. -->","yoast_head_json":{"title":"Nemeck\u00e9 Lotto vylosovan\u00e9 \u010d\u00edsla a v\u00fdsledky \u017erebovania","description":"Tu s\u00fa uveden\u00e9 v\u0161etky s\u00fa\u010dasn\u00e9 a minul\u00e9 v\u00fdhern\u00e9 \u010d\u00edsla, v\u00fdsledky \u017erebovania pre Nemecko lotto","robots":{"index":"index","follow":"follow","max-snippet":"max-snippet:-1","max-image-preview":"max-image-preview:large","max-video-preview":"max-video-preview:-1"},"canonical":"https:\/\/jackpotlotteryonline.com\/sk\/vyherne-cisla\/german-lotto\/","og_locale":"sk_SK","og_type":"article","og_title":"Nemeck\u00e9 Lotto vylosovan\u00e9 \u010d\u00edsla a v\u00fdsledky \u017erebovania","og_description":"Tu s\u00fa uveden\u00e9 v\u0161etky s\u00fa\u010dasn\u00e9 a minul\u00e9 v\u00fdhern\u00e9 \u010d\u00edsla, v\u00fdsledky \u017erebovania pre Nemecko lotto","og_url":"https:\/\/jackpotlotteryonline.com\/sk\/vyherne-cisla\/german-lotto\/","og_site_name":"Lotto Online - Crack The International Lottery Jackpots","article_modified_time":"2022-12-28T18:46:10+00:00","og_image":[{"url":"https:\/\/jackpotlotteryonline.com\/wp-content\/uploads\/2022\/11\/1_play_lotto_to_win-300x214.jpg"}],"twitter_card":"summary_large_image","twitter_misc":{"Predpokladan\u00fd \u010das \u010d\u00edtania":"4 min\u00faty"},"schema":{"@context":"https:\/\/schema.org","@graph":[{"@type":"WebPage","@id":"https:\/\/jackpotlotteryonline.com\/sk\/vyherne-cisla\/german-lotto\/","url":"https:\/\/jackpotlotteryonline.com\/sk\/vyherne-cisla\/german-lotto\/","name":"Nemeck\u00e9 Lotto vylosovan\u00e9 \u010d\u00edsla a v\u00fdsledky \u017erebovania","isPartOf":{"@id":"https:\/\/jackpotlotteryonline.com\/#website"},"primaryImageOfPage":{"@id":"https:\/\/jackpotlotteryonline.com\/sk\/vyherne-cisla\/german-lotto\/#primaryimage"},"image":{"@id":"https:\/\/jackpotlotteryonline.com\/sk\/vyherne-cisla\/german-lotto\/#primaryimage"},"thumbnailUrl":"https:\/\/jackpotlotteryonline.com\/wp-content\/uploads\/2022\/11\/1_play_lotto_to_win-300x214.jpg","datePublished":"2022-12-07T09:08:47+00:00","dateModified":"2022-12-28T18:46:10+00:00","description":"Tu s\u00fa uveden\u00e9 v\u0161etky s\u00fa\u010dasn\u00e9 a minul\u00e9 v\u00fdhern\u00e9 \u010d\u00edsla, v\u00fdsledky \u017erebovania pre Nemecko lotto","breadcrumb":{"@id":"https:\/\/jackpotlotteryonline.com\/sk\/vyherne-cisla\/german-lotto\/#breadcrumb"},"inLanguage":"sk-SK","potentialAction":[{"@type":"ReadAction","target":["https:\/\/jackpotlotteryonline.com\/sk\/vyherne-cisla\/german-lotto\/"]}]},{"@type":"ImageObject","inLanguage":"sk-SK","@id":"https:\/\/jackpotlotteryonline.com\/sk\/vyherne-cisla\/german-lotto\/#primaryimage","url":"https:\/\/jackpotlotteryonline.com\/wp-content\/uploads\/2022\/11\/1_play_lotto_to_win-300x214.jpg","contentUrl":"https:\/\/jackpotlotteryonline.com\/wp-content\/uploads\/2022\/11\/1_play_lotto_to_win-300x214.jpg"},{"@type":"BreadcrumbList","@id":"https:\/\/jackpotlotteryonline.com\/sk\/vyherne-cisla\/german-lotto\/#breadcrumb","itemListElement":[{"@type":"ListItem","position":1,"name":"Home","item":"https:\/\/jackpotlotteryonline.com\/sk\/"},{"@type":"ListItem","position":2,"name":"V\u00fdsledky lot\u00e9rie","item":"https:\/\/jackpotlotteryonline.com\/sk\/vyherne-cisla\/"},{"@type":"ListItem","position":3,"name":"Nemeck\u00e9 Lotto \u010derpanie v\u00fdsledky"}]},{"@type":"WebSite","@id":"https:\/\/jackpotlotteryonline.com\/#website","url":"https:\/\/jackpotlotteryonline.com\/","name":"Lotto Online - Crack The International Lottery Jackpots","description":"","potentialAction":[{"@type":"SearchAction","target":{"@type":"EntryPoint","urlTemplate":"https:\/\/jackpotlotteryonline.com\/?s={search_term_string}"},"query-input":"required name=search_term_string"}],"inLanguage":"sk-SK"}]}},"_links":{"self":[{"href":"https:\/\/jackpotlotteryonline.com\/sk\/wp-json\/wp\/v2\/pages\/40900","targetHints":{"allow":["GET"]}}],"collection":[{"href":"https:\/\/jackpotlotteryonline.com\/sk\/wp-json\/wp\/v2\/pages"}],"about":[{"href":"https:\/\/jackpotlotteryonline.com\/sk\/wp-json\/wp\/v2\/types\/page"}],"author":[{"embeddable":true,"href":"https:\/\/jackpotlotteryonline.com\/sk\/wp-json\/wp\/v2\/users\/1"}],"replies":[{"embeddable":true,"href":"https:\/\/jackpotlotteryonline.com\/sk\/wp-json\/wp\/v2\/comments?post=40900"}],"version-history":[{"count":0,"href":"https:\/\/jackpotlotteryonline.com\/sk\/wp-json\/wp\/v2\/pages\/40900\/revisions"}],"up":[{"embeddable":true,"href":"https:\/\/jackpotlotteryonline.com\/sk\/wp-json\/wp\/v2\/pages\/35852"}],"wp:attachment":[{"href":"https:\/\/jackpotlotteryonline.com\/sk\/wp-json\/wp\/v2\/media?parent=40900"}],"curies":[{"name":"wp","href":"https:\/\/api.w.org\/{rel}","templated":true}]}}