{"id":40955,"date":"2022-12-07T10:54:30","date_gmt":"2022-12-07T10:54:30","guid":{"rendered":"https:\/\/jackpotlotteryonline.com\/?page_id=40955"},"modified":"2022-12-28T21:28:29","modified_gmt":"2022-12-28T21:28:29","slug":"france-lotto-2","status":"publish","type":"page","link":"https:\/\/jackpotlotteryonline.com\/sk\/vyherne-cisla\/france-lotto-2\/","title":{"rendered":"Franc\u00fazsko Lotto \u010derpanie v\u00fdsledky"},"content":{"rendered":"<p>France Lotto je eur\u00f3pske loto, ktor\u00e9 trikr\u00e1t t\u00fd\u017edenne prin\u00e1\u0161a v\u00ed\u0165azov. Bolo spusten\u00e9 v roku 1976 a jeho \u017erebovacie dni s\u00fa pondelky, stredy a soboty. V t\u00fdchto d\u0148och sa vyhlasuj\u00fa v\u00ed\u0165azn\u00e9 \u010d\u00edsla France Lotto. V\u00fdhercovia z cel\u00e9ho sveta sa m\u00f4\u017eu z\u00fa\u010dastni\u0165 na France Lotto zak\u00fapen\u00edm tiketov online.<\/p>\n<h2>Pre\u010do by ste mali skontrolova\u0165 v\u00fdhern\u00e9 \u010d\u00edsla<\/h2>\n<p>Vo v\u0161eobecnosti spolo\u010dnos\u0165 France Lotto nepozn\u00e1 toto\u017enos\u0165 v\u0161etk\u00fdch, ktor\u00ed priniesli tikety. Nem\u00e1 teda mo\u017enos\u0165 kontaktova\u0165 v\u00fdhern\u00e9 tikety lotta. Preto si mus\u00edte svoj tiket neust\u00e1le kontrolova\u0165 pod\u013ea vy\u017erebovan\u00fdch \u010d\u00edsel, aby ste zistili, \u010di ste vyhrali.<\/p>\n<p>Franc\u00fazsko Lotto m\u00e1 tie\u017e 10 v\u00fdhern\u00fdch div\u00edzi\u00ed. Je mo\u017en\u00e9, \u017ee hr\u00e1\u010d nevyhral jackpot, ale mohol vyhra\u0165 in\u00e9 ceny.<\/p>\n<h2>Sp\u00f4soby kontroly v\u00fdhern\u00fdch v\u00fdsledkov programu France Lotto<\/h2>\n<p><img loading=\"lazy\" decoding=\"async\" class=\"alignright wp-image-31748\" src=\"https:\/\/jackpotlotteryonline.com\/wp-content\/uploads\/2022\/11\/rf_results_page-300x225.jpg\" alt=\"Franc\u00fazsko Lotto v\u00ed\u0165azn\u00e9 v\u00fdsledky\" width=\"244\" height=\"183\" srcset=\"https:\/\/jackpotlotteryonline.com\/wp-content\/uploads\/2022\/11\/rf_results_page-300x225.jpg 300w, https:\/\/jackpotlotteryonline.com\/wp-content\/uploads\/2022\/11\/rf_results_page-600x449.jpg 600w, https:\/\/jackpotlotteryonline.com\/wp-content\/uploads\/2022\/11\/rf_results_page-768x575.jpg 768w, https:\/\/jackpotlotteryonline.com\/wp-content\/uploads\/2022\/11\/rf_results_page.jpg 801w\" sizes=\"auto, (max-width: 244px) 100vw, 244px\" \/>Existuje nieko\u013eko sp\u00f4sobov, ako skontrolova\u0165 v\u00fdsledky \u017erebovania France Lotto. Je to nevyhnutn\u00e9 na zistenie v\u00fdhern\u00e9ho tiketu pre jackpot. Nezabudnite, \u017ee v\u00ed\u0165azom je ten, kto sa zhoduje s vy\u017erebovan\u00fdmi \u010d\u00edslami. Ak si k\u00fapite tikety do hry France Lotto, v\u00fdsledky \u017erebovania si m\u00f4\u017eete skontrolova\u0165 niektor\u00fdm z nasleduj\u00facich sp\u00f4sobov:<\/p>\n<h3>Sledova\u0165 \u017erebovanie v priamom telev\u00edznom prenose<\/h3>\n<p>Je to naozaj ve\u013emi vzru\u0161uj\u00face, preto\u017ee \u010d\u00edsla s\u00fa vyhlasovan\u00e9 a vy m\u00f4\u017eete okam\u017eite zisti\u0165, \u010di ste vyhrali. Probl\u00e9mom je, \u017ee na sledovanie \u017erebovania France Lotto na\u017eivo mus\u00edte \u017ei\u0165 vo Franc\u00fazsku.<\/p>\n<section class=\"layout\" style=\"border: solid 1px; width: 100%;\">\n<div class=\"img-div\" style=\"margin-top: 5px;\"><img decoding=\"async\" class=\"wp-image-17212 alignleft\" style=\"height: 45px; margin: 8px 8px 0px;\" src=\"https:\/\/jackpotlotteryonline.com\/wp-content\/uploads\/2022\/11\/read1.jpg\" alt=\"pre\u010d\u00edtajte si\" width=\"\" height=\"\" \/><\/div>\n<div style=\"padding-left: 5px;\">\n<div style=\"font-size: 1.1em;\">\n<p><strong>Nenechajte si ujs\u0165 \u010dasy \u017erebovania najv\u00e4\u010d\u0161\u00edch svetov\u00fdch lot\u00e9riov\u00fdch jackpotov<\/strong><\/p>\n<p style=\"font-size: 0.85em; margin-top: -1.5em;\">Zoznam \u010dasov \u017erebovania medzin\u00e1rodn\u00fdch lot\u00e9ri\u00ed <a href=\"https:\/\/jackpotlotteryonline.com\/sk\/kedy-su-casy-cerpania-medzinarodnych-loterii\">\u010d\u00edtaj viac<\/a><\/p>\n<\/div>\n<\/div>\n<\/section>\n<h3>Nav\u0161t\u00edvte spravodajsk\u00e9 str\u00e1nky<\/h3>\n<p>\u010eal\u0161\u00edm sp\u00f4sobom, ako skontrolova\u0165 v\u00fdsledky \u017erebovania, je pozrie\u0165 si spravodajsk\u00e9 str\u00e1nky. R\u00f4zne spravodajsk\u00e9 str\u00e1nky uverej\u0148uj\u00fa na svojich str\u00e1nkach v\u00fdhern\u00e9 kombin\u00e1cie. T\u00fdka sa to najm\u00e4 eur\u00f3pskych spravodajsk\u00fdch str\u00e1nok. Ak vyhr\u00e1te jackpot, je to skvel\u00e1 mo\u017enos\u0165. Existuje v\u0161ak nieko\u013eko \u010fal\u0161\u00edch rozdelen\u00ed cien, ktor\u00e9 m\u00f4\u017ee hr\u00e1\u010d vyhra\u0165. Bohu\u017eia\u013e, tieto str\u00e1nky zvy\u010dajne nezverej\u0148uj\u00fa v\u00fdhern\u00e9 kombin\u00e1cie pre tieto div\u00edzie. Ak teda vyhr\u00e1te napr\u00edklad cenu druhej \u00farovne, m\u00f4\u017eete o \u0148u pr\u00eds\u0165.<\/p>\n<h3>Pozrite si jackpotlotteryonline.com<\/h3>\n<p>Ke\u010f sa u n\u00e1s zaregistrujete, m\u00f4\u017eete si jednoducho skontrolova\u0165 v\u00fdhern\u00e9 \u010d\u00edsla pre France Lotto. Po ka\u017edom \u017erebovan\u00ed uverej\u0148ujeme v\u00fdsledky priamo tu na na\u0161ej str\u00e1nke. Taktie\u017e, ak vyhr\u00e1te nejak\u00fa cenu, okam\u017eite v\u00e1s budeme informova\u0165 bez oh\u013eadu na rozdelenie v\u00fdhier, ktor\u00e9 ste vyhrali. Okrem toho si m\u00f4\u017eete svoje v\u00fdhry v lot\u00e9rii vybra\u0165 priamo z na\u0161ej str\u00e1nky na svoj \u00fa\u010det.<\/p>\n<h2>V\u00fdhody hrania online<\/h2>\n<p>Mo\u017enos\u0165 pohodlne skontrolova\u0165 v\u00fdsledky \u017erebovania je len jednou z v\u00fdhod <a href=\"https:\/\/jackpotlotteryonline.com\/sk\/ako-hrat\/france-lotto\">hrania lotta online<\/a>. Mus\u00edme v\u0161ak s\u00fahlasi\u0165, \u017ee je to obrovsk\u00e1 v\u00fdhoda. Tu s\u00fa niektor\u00e9 v\u00fdhody v skratke:<\/p>\n<ul>\n<li>Pr\u00edstup k najlep\u0161\u00edm medzin\u00e1rodn\u00fdm lot\u00e9ri\u00e1m odkia\u013eko\u013evek<\/li>\n<li>Pohodln\u00e9 hranie z po\u010d\u00edta\u010da alebo mobiln\u00e9ho zariadenia<\/li>\n<li>Jednoduch\u00e9 napl\u00e1novanie nieko\u013ek\u00fdch \u017erebovan\u00ed vopred<\/li>\n<li>Pohodln\u00e1 kontrola v\u00fdsledkov \u017erebovania<\/li>\n<li>V\u00fdber v\u00fdhier priamo na v\u00e1\u0161 \u00fa\u010det<\/li>\n<\/ul>\n<h2>V\u00ed\u0165azn\u00e9 kombin\u00e1cie France Lotto<\/h2>\n<p>V\u00fdber spr\u00e1vnej kombin\u00e1cie pre v\u00e1\u0161 tiket France Lotto m\u00f4\u017ee by\u0165 pomerne zlo\u017eit\u00fd. Mnoh\u00ed hr\u00e1\u010di maj\u00fa r\u00f4zne tipy, ktor\u00e9 pou\u017e\u00edvaj\u00fa na zv\u00fd\u0161enie svojich \u0161anc\u00ed na v\u00fdhru v lot\u00e9rii. M\u00f4\u017eeme v\u00e1m v\u0161ak poveda\u0165, \u017ee neexistuje \u017eiadna zaru\u010den\u00e1 met\u00f3da, ako vyhra\u0165 v lot\u00e9rii. Je to ot\u00e1zka \u0161\u0165astia. M\u00f4\u017eeme sa v\u0161ak podeli\u0165 o niektor\u00e9 strat\u00e9gie, ktor\u00e9 hr\u00e1\u010di pou\u017e\u00edvaj\u00fa na v\u00fdber svojich v\u00fdhern\u00fdch \u010d\u00edslic.<\/p>\n<p>Niektor\u00ed hr\u00e1\u010di si radi prech\u00e1dzaj\u00fa minul\u00e9 v\u00fdhern\u00e9 kombin\u00e1cie, aby na\u0161li \u010d\u00edsla, ktor\u00e9 sa vyskytuj\u00fa pravidelne alebo zriedkavo. S\u00fa schopn\u00ed identifikova\u0165 vzorec a pou\u017ei\u0165 ho na vytvorenie strat\u00e9gie pre hranie lot\u00e9rie. \u010ci to funguje alebo nie, je \u0165a\u017ek\u00e9 poveda\u0165.<\/p>\n<p>In\u00ed hr\u00e1\u010di sa rozhodn\u00fa hra\u0165 \u010dasto tak, \u017ee si k\u00fapia viacero \u017erebov a z\u00fa\u010dastnia sa viacer\u00fdch \u017erebovan\u00ed. Logika tohto postupu spo\u010d\u00edva v tom, \u017ee \u010d\u00edm viackr\u00e1t lot\u00e9riu hr\u00e1te, t\u00fdm je va\u0161a \u0161anca na v\u00fdhru vy\u0161\u0161ia. Zauj\u00edmav\u00e9 je, \u017ee v\u00e4\u010d\u0161ina v\u00fdhercov hrala roky, k\u00fdm vyhrala v lot\u00e9rii. S\u00fa v\u0161ak aj tak\u00ed, ktor\u00ed vyhrali hne\u010f pri prvom hran\u00ed.<\/p>\n<h2>Z\u00e1ver<\/h2>\n<p>Na z\u00e1ver mo\u017eno poveda\u0165, \u017ee franc\u00fazske loto je hazardn\u00e1 hra. <a href=\"https:\/\/jackpotlotteryonline.com\/sk\/kupit-vstupenky\/lotto-france\">L\u00edstky France lotto a v\u00fdhern\u00e9<\/a> kombin\u00e1cie si m\u00f4\u017eete k\u00fapi\u0165 priamo tu na jackpotlotteryonline.com.<\/p>\n","protected":false},"excerpt":{"rendered":"<p>France Lotto je eur\u00f3pske loto, ktor\u00e9 trikr\u00e1t t\u00fd\u017edenne prin\u00e1\u0161a v\u00ed\u0165azov. Bolo spusten\u00e9 v roku 1976 a jeho \u017erebovacie dni s\u00fa pondelky, stredy a soboty. V t\u00fdchto d\u0148och sa vyhlasuj\u00fa v\u00ed\u0165azn\u00e9 \u010d\u00edsla France Lotto. V\u00fdhercovia z cel\u00e9ho sveta sa m\u00f4\u017eu z\u00fa\u010dastni\u0165 na France Lotto zak\u00fapen\u00edm tiketov online. Pre\u010do by ste mali skontrolova\u0165 v\u00fdhern\u00e9 \u010d\u00edsla Vo v\u0161eobecnosti [&hellip;]<\/p>\n","protected":false},"author":1,"featured_media":0,"parent":35852,"menu_order":9,"comment_status":"closed","ping_status":"closed","template":"lotto-fr-results.php","meta":{"_et_pb_use_builder":"","_et_pb_old_content":"","_et_gb_content_width":"","exclude_from_search":false,"footnotes":""},"class_list":["post-40955","page","type-page","status-publish","hentry"],"yoast_head":"<!-- This site is optimized with the Yoast SEO plugin v23.3 - https:\/\/yoast.com\/wordpress\/plugins\/seo\/ -->\n<title>Franc\u00fazsko Lotto v\u00ed\u0165azn\u00e9 \u010d\u00edsla a v\u00fdsledky \u017erebovania<\/title>\n<meta name=\"description\" content=\"Chcete pozna\u0165 v\u00fdhern\u00e9 \u010d\u00edsla a v\u00fdsledky \u017erebovania franc\u00fazskej lot\u00e9rie? Pozrite si na\u0161u str\u00e1nku s v\u00fdsledkami lot\u00e9rie Lotto Franc\u00fazsko a n\u00e1\u0161 arch\u00edv\" \/>\n<meta name=\"robots\" content=\"index, follow, max-snippet:-1, max-image-preview:large, max-video-preview:-1\" \/>\n<link rel=\"canonical\" href=\"https:\/\/jackpotlotteryonline.com\/sk\/vyherne-cisla\/france-lotto-2\/\" \/>\n<meta property=\"og:locale\" content=\"sk_SK\" \/>\n<meta property=\"og:type\" content=\"article\" \/>\n<meta property=\"og:title\" content=\"Franc\u00fazsko Lotto v\u00ed\u0165azn\u00e9 \u010d\u00edsla a v\u00fdsledky \u017erebovania\" \/>\n<meta property=\"og:description\" content=\"Chcete pozna\u0165 v\u00fdhern\u00e9 \u010d\u00edsla a v\u00fdsledky \u017erebovania franc\u00fazskej lot\u00e9rie? Pozrite si na\u0161u str\u00e1nku s v\u00fdsledkami lot\u00e9rie Lotto Franc\u00fazsko a n\u00e1\u0161 arch\u00edv\" \/>\n<meta property=\"og:url\" content=\"https:\/\/jackpotlotteryonline.com\/sk\/vyherne-cisla\/france-lotto-2\/\" \/>\n<meta property=\"og:site_name\" content=\"Lotto Online - Crack The International Lottery Jackpots\" \/>\n<meta property=\"article:modified_time\" content=\"2022-12-28T21:28:29+00:00\" \/>\n<meta property=\"og:image\" content=\"https:\/\/jackpotlotteryonline.com\/wp-content\/uploads\/2022\/11\/rf_results_page-300x225.jpg\" \/>\n<meta name=\"twitter:card\" content=\"summary_large_image\" \/>\n<meta name=\"twitter:label1\" content=\"Predpokladan\u00fd \u010das \u010d\u00edtania\" \/>\n\t<meta name=\"twitter:data1\" content=\"3 min\u00faty\" \/>\n<!-- \/ Yoast SEO plugin. -->","yoast_head_json":{"title":"Franc\u00fazsko Lotto v\u00ed\u0165azn\u00e9 \u010d\u00edsla a v\u00fdsledky \u017erebovania","description":"Chcete pozna\u0165 v\u00fdhern\u00e9 \u010d\u00edsla a v\u00fdsledky \u017erebovania franc\u00fazskej lot\u00e9rie? Pozrite si na\u0161u str\u00e1nku s v\u00fdsledkami lot\u00e9rie Lotto Franc\u00fazsko a n\u00e1\u0161 arch\u00edv","robots":{"index":"index","follow":"follow","max-snippet":"max-snippet:-1","max-image-preview":"max-image-preview:large","max-video-preview":"max-video-preview:-1"},"canonical":"https:\/\/jackpotlotteryonline.com\/sk\/vyherne-cisla\/france-lotto-2\/","og_locale":"sk_SK","og_type":"article","og_title":"Franc\u00fazsko Lotto v\u00ed\u0165azn\u00e9 \u010d\u00edsla a v\u00fdsledky \u017erebovania","og_description":"Chcete pozna\u0165 v\u00fdhern\u00e9 \u010d\u00edsla a v\u00fdsledky \u017erebovania franc\u00fazskej lot\u00e9rie? Pozrite si na\u0161u str\u00e1nku s v\u00fdsledkami lot\u00e9rie Lotto Franc\u00fazsko a n\u00e1\u0161 arch\u00edv","og_url":"https:\/\/jackpotlotteryonline.com\/sk\/vyherne-cisla\/france-lotto-2\/","og_site_name":"Lotto Online - Crack The International Lottery Jackpots","article_modified_time":"2022-12-28T21:28:29+00:00","og_image":[{"url":"https:\/\/jackpotlotteryonline.com\/wp-content\/uploads\/2022\/11\/rf_results_page-300x225.jpg"}],"twitter_card":"summary_large_image","twitter_misc":{"Predpokladan\u00fd \u010das \u010d\u00edtania":"3 min\u00faty"},"schema":{"@context":"https:\/\/schema.org","@graph":[{"@type":"WebPage","@id":"https:\/\/jackpotlotteryonline.com\/sk\/vyherne-cisla\/france-lotto-2\/","url":"https:\/\/jackpotlotteryonline.com\/sk\/vyherne-cisla\/france-lotto-2\/","name":"Franc\u00fazsko Lotto v\u00ed\u0165azn\u00e9 \u010d\u00edsla a v\u00fdsledky \u017erebovania","isPartOf":{"@id":"https:\/\/jackpotlotteryonline.com\/#website"},"primaryImageOfPage":{"@id":"https:\/\/jackpotlotteryonline.com\/sk\/vyherne-cisla\/france-lotto-2\/#primaryimage"},"image":{"@id":"https:\/\/jackpotlotteryonline.com\/sk\/vyherne-cisla\/france-lotto-2\/#primaryimage"},"thumbnailUrl":"https:\/\/jackpotlotteryonline.com\/wp-content\/uploads\/2022\/11\/rf_results_page-300x225.jpg","datePublished":"2022-12-07T10:54:30+00:00","dateModified":"2022-12-28T21:28:29+00:00","description":"Chcete pozna\u0165 v\u00fdhern\u00e9 \u010d\u00edsla a v\u00fdsledky \u017erebovania franc\u00fazskej lot\u00e9rie? Pozrite si na\u0161u str\u00e1nku s v\u00fdsledkami lot\u00e9rie Lotto Franc\u00fazsko a n\u00e1\u0161 arch\u00edv","breadcrumb":{"@id":"https:\/\/jackpotlotteryonline.com\/sk\/vyherne-cisla\/france-lotto-2\/#breadcrumb"},"inLanguage":"sk-SK","potentialAction":[{"@type":"ReadAction","target":["https:\/\/jackpotlotteryonline.com\/sk\/vyherne-cisla\/france-lotto-2\/"]}]},{"@type":"ImageObject","inLanguage":"sk-SK","@id":"https:\/\/jackpotlotteryonline.com\/sk\/vyherne-cisla\/france-lotto-2\/#primaryimage","url":"https:\/\/jackpotlotteryonline.com\/wp-content\/uploads\/2022\/11\/rf_results_page-300x225.jpg","contentUrl":"https:\/\/jackpotlotteryonline.com\/wp-content\/uploads\/2022\/11\/rf_results_page-300x225.jpg"},{"@type":"BreadcrumbList","@id":"https:\/\/jackpotlotteryonline.com\/sk\/vyherne-cisla\/france-lotto-2\/#breadcrumb","itemListElement":[{"@type":"ListItem","position":1,"name":"Home","item":"https:\/\/jackpotlotteryonline.com\/sk\/"},{"@type":"ListItem","position":2,"name":"V\u00fdsledky lot\u00e9rie","item":"https:\/\/jackpotlotteryonline.com\/sk\/vyherne-cisla\/"},{"@type":"ListItem","position":3,"name":"Franc\u00fazsko Lotto \u010derpanie v\u00fdsledky"}]},{"@type":"WebSite","@id":"https:\/\/jackpotlotteryonline.com\/#website","url":"https:\/\/jackpotlotteryonline.com\/","name":"Lotto Online - Crack The International Lottery Jackpots","description":"","potentialAction":[{"@type":"SearchAction","target":{"@type":"EntryPoint","urlTemplate":"https:\/\/jackpotlotteryonline.com\/?s={search_term_string}"},"query-input":"required name=search_term_string"}],"inLanguage":"sk-SK"}]}},"_links":{"self":[{"href":"https:\/\/jackpotlotteryonline.com\/sk\/wp-json\/wp\/v2\/pages\/40955","targetHints":{"allow":["GET"]}}],"collection":[{"href":"https:\/\/jackpotlotteryonline.com\/sk\/wp-json\/wp\/v2\/pages"}],"about":[{"href":"https:\/\/jackpotlotteryonline.com\/sk\/wp-json\/wp\/v2\/types\/page"}],"author":[{"embeddable":true,"href":"https:\/\/jackpotlotteryonline.com\/sk\/wp-json\/wp\/v2\/users\/1"}],"replies":[{"embeddable":true,"href":"https:\/\/jackpotlotteryonline.com\/sk\/wp-json\/wp\/v2\/comments?post=40955"}],"version-history":[{"count":0,"href":"https:\/\/jackpotlotteryonline.com\/sk\/wp-json\/wp\/v2\/pages\/40955\/revisions"}],"up":[{"embeddable":true,"href":"https:\/\/jackpotlotteryonline.com\/sk\/wp-json\/wp\/v2\/pages\/35852"}],"wp:attachment":[{"href":"https:\/\/jackpotlotteryonline.com\/sk\/wp-json\/wp\/v2\/media?parent=40955"}],"curies":[{"name":"wp","href":"https:\/\/api.w.org\/{rel}","templated":true}]}}