{"id":41010,"date":"2022-12-07T12:48:48","date_gmt":"2022-12-07T12:48:48","guid":{"rendered":"https:\/\/jackpotlotteryonline.com\/?page_id=41010"},"modified":"2023-01-03T09:30:36","modified_gmt":"2023-01-03T09:30:36","slug":"uk-lottery","status":"publish","type":"page","link":"https:\/\/jackpotlotteryonline.com\/sk\/ako-hrat\/uk-lottery\/","title":{"rendered":"Hra\u0165 UK lot\u00e9rie odkia\u013eko\u013evek"},"content":{"rendered":"<p>Britsk\u00e1 lot\u00e9ria je lot\u00e9riov\u00e1 hra, ktor\u00e1 sa hr\u00e1 v Spojenom kr\u00e1\u013eovstve. T\u00e1to krajina je domovom mnoh\u00fdch lot\u00e9riov\u00fdch hier vr\u00e1tane hry Set for Life, \u010do je anuita. My tu v\u0161ak nebudeme hovori\u0165 o hre Set for Life. Ide o hru, ktor\u00fa hr\u00e1\u010di hraj\u00fa pre z\u00e1bavu a teraz si ju m\u00f4\u017eete zahra\u0165 online. Hoci je zn\u00e1ma t\u00fdm, \u017ee sa v nej sem-tam objavia milion\u00e1ri, v\u00fdplaty nie s\u00fa ve\u013emi \u0161tedr\u00e9. Hlavne preto, \u017ee v\u00fdplaty z\u00e1visia od lot\u00e9riov\u00e9ho fondu.<\/p>\n<p>T\u00fato a \u010fal\u0161ie \u0161pi\u010dkov\u00e9 medzin\u00e1rodn\u00e9 lot\u00e9rie m\u00f4\u017eete hra\u0165 online na na\u0161ej str\u00e1nke. Sta\u010d\u00ed nav\u0161t\u00edvi\u0165 str\u00e1nku jackpotlotteryonline.com a zaregistrova\u0165 sa u n\u00e1s, aby ste mali \u0161ancu na ve\u013ek\u00fa v\u00fdhru.<\/p>\n<h2>Ako hra\u0165 britsk\u00fa lot\u00e9riu<\/h2>\n<p><img loading=\"lazy\" decoding=\"async\" class=\"alignright size-full wp-image-31370\" src=\"https:\/\/jackpotlotteryonline.com\/wp-content\/uploads\/2022\/11\/lotteryticket.jpg\" alt=\"Zahrajte si lot\u00e9riu Spojen\u00e9ho kr\u00e1\u013eovstva\" width=\"212\" height=\"142\" \/>T\u00e1to hra je ve\u013emi podobn\u00e1 in\u00fdm lot\u00e9riov\u00fdm hr\u00e1m. Pravidl\u00e1 hry stanovuj\u00fa, \u017ee hr\u00e1\u010d mus\u00ed vybra\u0165 6 \u010d\u00edsel zo skupiny 1 a\u017e 49. Existuje aj bonusov\u00e9 \u010d\u00edslo, ktor\u00e9 sa vyber\u00e1 po\u010das \u017erebovania. To sa pou\u017e\u00edva na ur\u010denie v\u00fdhercov ostatn\u00fdch v\u00fdhern\u00fdch kateg\u00f3ri\u00ed. Bonusov\u00e9 \u010d\u00edslo sa vyber\u00e1 n\u00e1hodne po\u010das \u017erebovania a nie hr\u00e1\u010dmi.<\/p>\n<p>\u00daprimne povedan\u00e9, nie sme fan\u00fa\u0161ikmi britskej lot\u00e9rie kv\u00f4li n\u00edzkym v\u00fdplat\u00e1m. Aj ke\u010f sa zhodujete s vy\u017erebovan\u00fdmi \u010d\u00edslami, nem\u00f4\u017eeme v\u00e1m zaru\u010di\u0165, \u010do si odnesiete domov.<\/p>\n<p>Pre\u010do nenav\u0161t\u00edvite na\u0161u str\u00e1nku a nezahr\u00e1te si in\u00e9 lot\u00e9riov\u00e9 hry, napr\u00edklad americk\u00fa Powerball a Mega Millions. Pri t\u00fdchto lot\u00e9ri\u00e1ch je minim\u00e1lny jackpot 40 mili\u00f3nov dol\u00e1rov. K dispoz\u00edcii s\u00fa aj \u010fal\u0161ie eur\u00f3pske lot\u00e9rie, ktor\u00e9 si m\u00f4\u017eete zahra\u0165, napr\u00edklad Euromillions a Eurojackpot. Na\u0161\u00edm snom pre na\u0161ich z\u00e1kazn\u00edkov je, aby vyhrali ve\u013ek\u00e9 sumy.<\/p>\n<h2>Ako vst\u00fapi\u0165 do britskej lot\u00e9rie online<\/h2>\n<p>Hranie online sa trochu l\u00ed\u0161i od pou\u017e\u00edvania fyzick\u00e9ho predajcu. Tento rozdiel v\u0161ak nie je na \u0161kodu. V skuto\u010dnosti je v\u010faka nemu hranie lot\u00e9rie mimoriadne pohodln\u00e9. Postupujte pod\u013ea t\u00fdchto krokov a hrajte lot\u00e9riu UK na na\u0161ej str\u00e1nke.<\/p>\n<ol>\n<li>Nav\u0161t\u00edvte str\u00e1nku lot\u00e9rie UK<\/li>\n<li>Vyberte si 6 \u010d\u00edsel z rozsahu od 1 do 49 (ak si nie ste ist\u00ed, ak\u00e9 \u010d\u00edsla pou\u017ei\u0165, vysk\u00fa\u0161ajte automatick\u00fd gener\u00e1tor \u010d\u00edsel).<\/li>\n<li><a href=\"https:\/\/jackpotlotteryonline.com\/sk\/kupit-vstupenky\/uk-lottery\">K\u00fapte si \u010fal\u0161ie \u010d\u00edseln\u00e9 rady<\/a> pre vy\u0161\u0161iu \u0161ancu na v\u00fdhru<\/li>\n<li>Zapojte sa do \u017erebovania (m\u00f4\u017eete sa zapoji\u0165 do viac ako jedn\u00e9ho \u017erebovania)<\/li>\n<li>Zaregistrujte sa a zapla\u0165te za svoje pr\u00edspevky.<\/li>\n<\/ol>\n<section class=\"layout\" style=\"border: solid 1px; width: 100%;\">\n<div class=\"img-div\" style=\"margin-top: 5px;\"><img decoding=\"async\" class=\"wp-image-17212 alignleft\" style=\"height: 45px; margin: 8px 8px 0px;\" src=\"https:\/\/jackpotlotteryonline.com\/wp-content\/uploads\/2022\/11\/read1.jpg\" alt=\"pre\u010d\u00edtajte si\" width=\"\" height=\"\" \/><\/div>\n<div style=\"padding-left: 5px;\">\n<div style=\"font-size: 1.1em;\">\n<p><strong>Tipy na lot\u00e9rie<\/strong><\/p>\n<p style=\"font-size: 0.85em; margin-top: -1.5em;\">Tipy, ktor\u00e9 v\u00e1m pom\u00f4\u017eu vyhra\u0165 v lot\u00e9rii\u00a0 <a href=\"https:\/\/jackpotlotteryonline.com\/sk\/tipy-ktore-vam-pomozu-vyhrat-v-loterii\"> \u010d\u00edtaj viac<\/a><\/p>\n<\/div>\n<\/div>\n<\/section>\n<h2>Kontrola \u010derpania lot\u00e9rie<\/h2>\n<p><a href=\"https:\/\/jackpotlotteryonline.com\/sk\/vyherne-cisla\/uk-lottery\">Britsk\u00e1 lot\u00e9ria m\u00e1 dva \u017erebovacie dni v t\u00fd\u017edni<\/a>, v stredu a v sobotu. M\u00f4\u017eete sa prihl\u00e1si\u0165 do viacer\u00fdch \u017erebovan\u00ed, aby ste zv\u00fd\u0161ili svoje \u0161ance na v\u00fdhru v lot\u00e9rii UK. Do \u017erebovan\u00ed sa m\u00f4\u017eete \u013eahko prihl\u00e1si\u0165 aj nieko\u013eko t\u00fd\u017ed\u0148ov vopred pomocou na\u0161ej predplatenej slu\u017eby.<\/p>\n<p>V\u00fdhern\u00fd tiket sa vyhlasuje po\u010das \u017erebovania. Ak chcete vyhra\u0165 jackpot, sta\u010d\u00ed, ak sa zhodujete so 6 vy\u017erebovan\u00fdmi \u010d\u00edslami. V\u00fdhry jackpotov britskej lot\u00e9rie za\u010d\u00ednaj\u00fa na 2 mili\u00f3noch libier a m\u00f4\u017eu sa preklopi\u0165, ak po \u017erebovan\u00ed nie je \u017eiadny v\u00fdherca. Ke\u010f\u017ee sa po ka\u017edom \u017erebovan\u00ed (ak nie je v\u00fdherca) preklop\u00ed, m\u00f4\u017ee sa dosta\u0165 o nie\u010do vy\u0161\u0161ie ako 2 mili\u00f3ny libier.<\/p>\n<p>Po ka\u017edom \u017erebovan\u00ed m\u00f4\u017eete na na\u0161ej str\u00e1nke skontrolova\u0165, \u010di ste vyhrali nejak\u00fa cenu. Britsk\u00e1 lot\u00e9ria m\u00e1 6 r\u00f4znych v\u00fdhern\u00fdch kateg\u00f3ri\u00ed a ak vyhr\u00e1te niektor\u00fa z cien, po\u0161leme v\u00e1m upozor\u0148uj\u00faci e-mail.<\/p>\n<h2>\u010co je to slu\u017eba predplatn\u00e9ho?<\/h2>\n<p><img loading=\"lazy\" decoding=\"async\" class=\"alignright wp-image-28427\" src=\"https:\/\/jackpotlotteryonline.com\/wp-content\/uploads\/2022\/11\/1_mega_win-300x279.jpg\" alt=\"Vyhrajte britsk\u00fa lot\u00e9riu\" width=\"237\" height=\"220\" srcset=\"https:\/\/jackpotlotteryonline.com\/wp-content\/uploads\/2022\/11\/1_mega_win-300x279.jpg 300w, https:\/\/jackpotlotteryonline.com\/wp-content\/uploads\/2022\/11\/1_mega_win.jpg 320w\" sizes=\"auto, (max-width: 237px) 100vw, 237px\" \/>Ak pou\u017e\u00edvate str\u00e1nku, ako je t\u00e1 na\u0161a, existuje tzv. slu\u017eba predplatn\u00e9ho, ktor\u00e1 hr\u00e1\u010dom umo\u017e\u0148uje hra\u0165 plynule a bez stresu. Hoci je \u00faplne v poriadku by\u0165 jednorazov\u00fdm hr\u00e1\u010dom (ak to preferujete), v\u00e4\u010d\u0161ina hr\u00e1\u010dov hr\u00e1 \u010dasto. Najlep\u0161\u00ed sp\u00f4sob, ako hra\u0165 a vyhra\u0165 v lot\u00e9rii UK, je hra\u0165 pravidelne, a pr\u00e1ve o tom je t\u00e1to slu\u017eba.<\/p>\n<p>M\u00f4\u017eete si ju nastavi\u0165 tak, aby ste boli automaticky zaraden\u00ed do bud\u00facich \u017erebovan\u00ed. Britsk\u00e1 lot\u00e9ria m\u00e1 2 t\u00fd\u017edenn\u00e9 \u017erebovania: Stredy a soboty. Bu\u010fme \u00faprimn\u00ed, sna\u017ei\u0165 sa nezabudn\u00fa\u0165 hra\u0165 a prihl\u00e1si\u0165 sa do ka\u017ed\u00e9ho \u017erebovania m\u00f4\u017ee by\u0165 trochu \u00fanavn\u00e9, ale pr\u00e1ve preto sme tu my.<\/p>\n<p>Po nastaven\u00ed slu\u017eby predplatn\u00e9ho si m\u00f4\u017eete odd\u00fdchnu\u0165 a vedie\u0165, \u017ee v\u00e1m u\u017e neunikne \u017eiadne \u017erebovanie lot\u00e9rie UK.<\/p>\n<h2>V\u00fdhry<\/h2>\n<p>Spomenuli sme, \u017ee ceny tejto lot\u00e9rie z\u00e1visia od lot\u00e9riov\u00e9ho fondu. M\u00f4\u017eeme sa teda podeli\u0165 len o ceny z konkr\u00e9tneho \u017erebovania. Upozor\u0148ujeme, \u017ee ak je viac v\u00fdhercov, cena sa medzi nich rozdel\u00ed.<\/p>\n<p>Div\u00edzia 1: Z\u00e1pas 6 &#8211; 2 000 000 libier (jackpot)<\/p>\n<p>Div\u00edzia 2: Z\u00e1pas 5 + bonus &#8211; 1 000 000 GBP<\/p>\n<p>Div\u00edzia 3: Z\u00e1pas 5 &#8211; 1 750 GBP<\/p>\n<p>Div\u00edzia 4: z\u00e1pas 4 &#8211; 140 GBP<\/p>\n<p>Div\u00edzia 5: Z\u00e1pas 3 &#8211; 30 GBP<\/p>\n<p>Div\u00edzia 6: Z\u00e1pas 2 &#8211; bezplatn\u00fd los \u0161\u0165astia<\/p>\n<p>Uvedomte si, \u017ee aj ke\u010f tieto ceny vyhr\u00e1te, uveden\u00e1 suma nie je to, \u010do dostanete ako v\u00fdplatu. Je to preto, \u017ee pribli\u017ene 45 % prostriedkov lot\u00e9rie ide na v\u00fdhry. M\u00f4\u017ee to teda by\u0165 menej alebo viac v z\u00e1vislosti od toho, \u010do sa vo fonde nach\u00e1dza.<\/p>\n<h2>Ako si uplatni\u0165 n\u00e1rok na v\u00fdhru<\/h2>\n<p>Ak ste u n\u00e1s zaregistrovan\u00ed, uplatnenie n\u00e1roku na v\u00fdhru je jednoduch\u00e9 a priamo\u010diare. Ak je va\u0161a v\u00fdhra 2500 EUR alebo menej, m\u00f4\u017eete sa k nej dosta\u0165 priamo tu na na\u0161ej str\u00e1nke. Loterijn\u00e1 spolo\u010dnos\u0165 ju toti\u017e vyplat\u00ed priamo na na\u0161u str\u00e1nku a vy si ju potom m\u00f4\u017eete vybra\u0165 na svoj \u00fa\u010det.<\/p>\n<p>Ak je va\u0161a v\u00fdhra vy\u0161\u0161ia ako 2500 \u20ac, budete si ju musie\u0165 vy\u017eiada\u0165 priamo od lot\u00e9riovej spolo\u010dnosti. Pom\u00f4\u017eeme v\u00e1m s t\u00fdm tak, \u017ee v\u00e1m poskytneme formul\u00e1r na vyplnenie \u017eiadosti, tak\u017ee \u017eiadne starosti.<\/p>\n<p><strong>Loterijn\u00e1 spolo\u010dnos\u0165 m\u00e1 nieko\u013eko predpisov, pokia\u013e ide o uplatnenie n\u00e1roku na v\u00fdhru.<\/strong><\/p>\n<ul>\n<li>Mus\u00edte by\u0165 18+ hra\u0165 lot\u00e9riu<\/li>\n<li>O v\u00fdhru je potrebn\u00e9 po\u017eiada\u0165 do 180 dn\u00ed od vy\u017erebovania. Jedinou v\u00fdnimkou je, ak ste za\u010dali postup do 7 dn\u00ed.<\/li>\n<li>O okam\u017eit\u00e9 v\u00fdhry v hr\u00e1ch je potrebn\u00e9 po\u017eiada\u0165 do 180 dn\u00ed od zak\u00fapenia hry s okam\u017eitou v\u00fdhrou<\/li>\n<li>Hry so stierac\u00edmi \u017erebmi sa musia tie\u017e reklamova\u0165 do 180 dn\u00ed od zak\u00fapenia stieracieho \u017erebu.<\/li>\n<\/ul>\n<h2>O na\u0161ich slu\u017eb\u00e1ch concierge<\/h2>\n<p>Chceme v\u00e1m na chv\u00ed\u013eu vysvetli\u0165, \u010do rob\u00edme a pre\u010do prev\u00e1dzkujeme slu\u017ebu concierge. Existuje nieko\u013eko online lot\u00e9riov\u00fdch str\u00e1nok, ktor\u00e9 tvrdia, \u017ee hr\u00e1\u010dom poskytuj\u00fa vstupy do celosvetov\u00fdch lot\u00e9ri\u00ed. V skuto\u010dnosti v\u0161ak umo\u017e\u0148uj\u00fa tipova\u0165 na v\u00fdsledok. To my nerob\u00edme. My d\u00e1vame hr\u00e1\u010dom mo\u017enos\u0165 hra\u0165 \u0161pi\u010dkov\u00e9 medzin\u00e1rodn\u00e9 lot\u00e9rie.<\/p>\n<p>Ke\u010f hr\u00e1te lot\u00e9riu UK na na\u0161ej str\u00e1nke, stane sa toto. Ke\u010f si vyberiete \u010d\u00edsla a vykon\u00e1te platbu, n\u00e1\u0161 agent v USA k\u00fapi fyzick\u00fd tiket s va\u0161imi \u010d\u00edslami. Ten bude samozrejme ur\u010den\u00fd pre \u017erebovanie, ktor\u00e9 ste si vybrali. Tento tiket sa potom naskenuje a nahr\u00e1 na va\u0161e konto.<\/p>\n<p>Toto je \u00faplne leg\u00e1lny sp\u00f4sob, ako hra\u0165 britsk\u00fa lot\u00e9riu online z ktorejko\u013evek \u010dasti sveta. Okrem toho je zaru\u010den\u00e9, \u017ee ste skuto\u010dne zaraden\u00ed do lot\u00e9rie pod\u013ea v\u00e1\u0161ho v\u00fdberu. Navy\u0161e, v\u00fdsledky \u017erebovania uverej\u0148ujeme priamo tu na na\u0161ej str\u00e1nke a informujeme v\u00e1s, ak vyhr\u00e1te. Sme slu\u017eba concierge, preto\u017ee za v\u00e1s vybav\u00edme v\u0161etky nepr\u00edjemn\u00e9 drobnosti, aby ste si mohli u\u017ei\u0165 lot\u00e9riu.<\/p>\n<h2>Zaregistrujte sa u n\u00e1s a hrajte najlep\u0161ie medzin\u00e1rodn\u00e9 lot\u00e9rie online<\/h2>\n<p>Ve\u013ek\u00e1 Brit\u00e1nia m\u00e1 ve\u013ea lot\u00e9ri\u00ed, ktor\u00e9 m\u00f4\u017eete hra\u0165 online. Ak si chcete vysk\u00fa\u0161a\u0165 lot\u00e9riu, m\u00f4\u017eete to urobi\u0165. Ak v\u0161ak potrebujete \u0161ir\u0161\u00ed v\u00fdber, pre\u010do nesk\u00fasi\u0165 lot\u00e9riu Set for Life, \u010do je anuita? Alebo si m\u00f4\u017eete zahra\u0165 lot\u00e9riu Eurojackpot a Euromillions. V\u0161etky tieto lot\u00e9rie n\u00e1jdete online priamo tu na na\u0161ej str\u00e1nke. Zaregistrujte sa teda teraz a z\u00edskajte \u0161ancu na ve\u013ek\u00fa v\u00fdhru.<\/p>\n","protected":false},"excerpt":{"rendered":"<p>Britsk\u00e1 lot\u00e9ria je lot\u00e9riov\u00e1 hra, ktor\u00e1 sa hr\u00e1 v Spojenom kr\u00e1\u013eovstve. T\u00e1to krajina je domovom mnoh\u00fdch lot\u00e9riov\u00fdch hier vr\u00e1tane hry Set for Life, \u010do je anuita. My tu v\u0161ak nebudeme hovori\u0165 o hre Set for Life. Ide o hru, ktor\u00fa hr\u00e1\u010di hraj\u00fa pre z\u00e1bavu a teraz si ju m\u00f4\u017eete zahra\u0165 online. Hoci je zn\u00e1ma t\u00fdm, [&hellip;]<\/p>\n","protected":false},"author":1,"featured_media":0,"parent":35719,"menu_order":10,"comment_status":"closed","ping_status":"closed","template":"lotto-uk.php","meta":{"_et_pb_use_builder":"","_et_pb_old_content":"","_et_gb_content_width":"","exclude_from_search":false,"footnotes":""},"class_list":["post-41010","page","type-page","status-publish","hentry"],"yoast_head":"<!-- This site is optimized with the Yoast SEO plugin v23.3 - https:\/\/yoast.com\/wordpress\/plugins\/seo\/ -->\n<title>Hrajte lot\u00e9riu UK online, aj ke\u010f ne\u017eijete v Spojenom kr\u00e1\u013eovstve<\/title>\n<meta name=\"description\" content=\"Chcete hra\u0165 britsk\u00fa lot\u00e9riu, ale nach\u00e1dzate sa mimo Spojen\u00e9ho kr\u00e1\u013eovstva? \u017diadny probl\u00e9m, m\u00f4\u017eete vyu\u017ei\u0165 na\u0161u online slu\u017ebu a hra\u0165 t\u00fato lot\u00e9riu odkia\u013eko\u013evek\" \/>\n<meta name=\"robots\" content=\"index, follow, max-snippet:-1, max-image-preview:large, max-video-preview:-1\" \/>\n<link rel=\"canonical\" href=\"https:\/\/jackpotlotteryonline.com\/sk\/ako-hrat\/uk-lottery\/\" \/>\n<meta property=\"og:locale\" content=\"sk_SK\" \/>\n<meta property=\"og:type\" content=\"article\" \/>\n<meta property=\"og:title\" content=\"Hrajte lot\u00e9riu UK online, aj ke\u010f ne\u017eijete v Spojenom kr\u00e1\u013eovstve\" \/>\n<meta property=\"og:description\" content=\"Chcete hra\u0165 britsk\u00fa lot\u00e9riu, ale nach\u00e1dzate sa mimo Spojen\u00e9ho kr\u00e1\u013eovstva? \u017diadny probl\u00e9m, m\u00f4\u017eete vyu\u017ei\u0165 na\u0161u online slu\u017ebu a hra\u0165 t\u00fato lot\u00e9riu odkia\u013eko\u013evek\" \/>\n<meta property=\"og:url\" content=\"https:\/\/jackpotlotteryonline.com\/sk\/ako-hrat\/uk-lottery\/\" \/>\n<meta property=\"og:site_name\" content=\"Lotto Online - Crack The International Lottery Jackpots\" \/>\n<meta property=\"article:modified_time\" content=\"2023-01-03T09:30:36+00:00\" \/>\n<meta property=\"og:image\" content=\"https:\/\/jackpotlotteryonline.com\/wp-content\/uploads\/2022\/11\/lotteryticket.jpg\" \/>\n<meta name=\"twitter:card\" content=\"summary_large_image\" \/>\n<meta name=\"twitter:label1\" content=\"Predpokladan\u00fd \u010das \u010d\u00edtania\" \/>\n\t<meta name=\"twitter:data1\" content=\"6 min\u00fat\" \/>\n<!-- \/ Yoast SEO plugin. -->","yoast_head_json":{"title":"Hrajte lot\u00e9riu UK online, aj ke\u010f ne\u017eijete v Spojenom kr\u00e1\u013eovstve","description":"Chcete hra\u0165 britsk\u00fa lot\u00e9riu, ale nach\u00e1dzate sa mimo Spojen\u00e9ho kr\u00e1\u013eovstva? \u017diadny probl\u00e9m, m\u00f4\u017eete vyu\u017ei\u0165 na\u0161u online slu\u017ebu a hra\u0165 t\u00fato lot\u00e9riu odkia\u013eko\u013evek","robots":{"index":"index","follow":"follow","max-snippet":"max-snippet:-1","max-image-preview":"max-image-preview:large","max-video-preview":"max-video-preview:-1"},"canonical":"https:\/\/jackpotlotteryonline.com\/sk\/ako-hrat\/uk-lottery\/","og_locale":"sk_SK","og_type":"article","og_title":"Hrajte lot\u00e9riu UK online, aj ke\u010f ne\u017eijete v Spojenom kr\u00e1\u013eovstve","og_description":"Chcete hra\u0165 britsk\u00fa lot\u00e9riu, ale nach\u00e1dzate sa mimo Spojen\u00e9ho kr\u00e1\u013eovstva? \u017diadny probl\u00e9m, m\u00f4\u017eete vyu\u017ei\u0165 na\u0161u online slu\u017ebu a hra\u0165 t\u00fato lot\u00e9riu odkia\u013eko\u013evek","og_url":"https:\/\/jackpotlotteryonline.com\/sk\/ako-hrat\/uk-lottery\/","og_site_name":"Lotto Online - Crack The International Lottery Jackpots","article_modified_time":"2023-01-03T09:30:36+00:00","og_image":[{"url":"https:\/\/jackpotlotteryonline.com\/wp-content\/uploads\/2022\/11\/lotteryticket.jpg"}],"twitter_card":"summary_large_image","twitter_misc":{"Predpokladan\u00fd \u010das \u010d\u00edtania":"6 min\u00fat"},"schema":{"@context":"https:\/\/schema.org","@graph":[{"@type":"WebPage","@id":"https:\/\/jackpotlotteryonline.com\/sk\/ako-hrat\/uk-lottery\/","url":"https:\/\/jackpotlotteryonline.com\/sk\/ako-hrat\/uk-lottery\/","name":"Hrajte lot\u00e9riu UK online, aj ke\u010f ne\u017eijete v Spojenom kr\u00e1\u013eovstve","isPartOf":{"@id":"https:\/\/jackpotlotteryonline.com\/#website"},"primaryImageOfPage":{"@id":"https:\/\/jackpotlotteryonline.com\/sk\/ako-hrat\/uk-lottery\/#primaryimage"},"image":{"@id":"https:\/\/jackpotlotteryonline.com\/sk\/ako-hrat\/uk-lottery\/#primaryimage"},"thumbnailUrl":"https:\/\/jackpotlotteryonline.com\/wp-content\/uploads\/2022\/11\/lotteryticket.jpg","datePublished":"2022-12-07T12:48:48+00:00","dateModified":"2023-01-03T09:30:36+00:00","description":"Chcete hra\u0165 britsk\u00fa lot\u00e9riu, ale nach\u00e1dzate sa mimo Spojen\u00e9ho kr\u00e1\u013eovstva? \u017diadny probl\u00e9m, m\u00f4\u017eete vyu\u017ei\u0165 na\u0161u online slu\u017ebu a hra\u0165 t\u00fato lot\u00e9riu odkia\u013eko\u013evek","breadcrumb":{"@id":"https:\/\/jackpotlotteryonline.com\/sk\/ako-hrat\/uk-lottery\/#breadcrumb"},"inLanguage":"sk-SK","potentialAction":[{"@type":"ReadAction","target":["https:\/\/jackpotlotteryonline.com\/sk\/ako-hrat\/uk-lottery\/"]}]},{"@type":"ImageObject","inLanguage":"sk-SK","@id":"https:\/\/jackpotlotteryonline.com\/sk\/ako-hrat\/uk-lottery\/#primaryimage","url":"https:\/\/jackpotlotteryonline.com\/wp-content\/uploads\/2022\/11\/lotteryticket.jpg","contentUrl":"https:\/\/jackpotlotteryonline.com\/wp-content\/uploads\/2022\/11\/lotteryticket.jpg"},{"@type":"BreadcrumbList","@id":"https:\/\/jackpotlotteryonline.com\/sk\/ako-hrat\/uk-lottery\/#breadcrumb","itemListElement":[{"@type":"ListItem","position":1,"name":"Home","item":"https:\/\/jackpotlotteryonline.com\/sk\/"},{"@type":"ListItem","position":2,"name":"Ako hra\u0165","item":"https:\/\/jackpotlotteryonline.com\/sk\/ako-hrat\/"},{"@type":"ListItem","position":3,"name":"Hra\u0165 UK lot\u00e9rie odkia\u013eko\u013evek"}]},{"@type":"WebSite","@id":"https:\/\/jackpotlotteryonline.com\/#website","url":"https:\/\/jackpotlotteryonline.com\/","name":"Lotto Online - Crack The International Lottery Jackpots","description":"","potentialAction":[{"@type":"SearchAction","target":{"@type":"EntryPoint","urlTemplate":"https:\/\/jackpotlotteryonline.com\/?s={search_term_string}"},"query-input":"required name=search_term_string"}],"inLanguage":"sk-SK"}]}},"_links":{"self":[{"href":"https:\/\/jackpotlotteryonline.com\/sk\/wp-json\/wp\/v2\/pages\/41010","targetHints":{"allow":["GET"]}}],"collection":[{"href":"https:\/\/jackpotlotteryonline.com\/sk\/wp-json\/wp\/v2\/pages"}],"about":[{"href":"https:\/\/jackpotlotteryonline.com\/sk\/wp-json\/wp\/v2\/types\/page"}],"author":[{"embeddable":true,"href":"https:\/\/jackpotlotteryonline.com\/sk\/wp-json\/wp\/v2\/users\/1"}],"replies":[{"embeddable":true,"href":"https:\/\/jackpotlotteryonline.com\/sk\/wp-json\/wp\/v2\/comments?post=41010"}],"version-history":[{"count":0,"href":"https:\/\/jackpotlotteryonline.com\/sk\/wp-json\/wp\/v2\/pages\/41010\/revisions"}],"up":[{"embeddable":true,"href":"https:\/\/jackpotlotteryonline.com\/sk\/wp-json\/wp\/v2\/pages\/35719"}],"wp:attachment":[{"href":"https:\/\/jackpotlotteryonline.com\/sk\/wp-json\/wp\/v2\/media?parent=41010"}],"curies":[{"name":"wp","href":"https:\/\/api.w.org\/{rel}","templated":true}]}}