{"id":41063,"date":"2022-12-08T07:32:35","date_gmt":"2022-12-08T07:32:35","guid":{"rendered":"https:\/\/jackpotlotteryonline.com\/?page_id=41063"},"modified":"2022-12-31T14:17:46","modified_gmt":"2022-12-31T14:17:46","slug":"thunderball","status":"publish","type":"page","link":"https:\/\/jackpotlotteryonline.com\/sk\/ako-hrat\/thunderball\/","title":{"rendered":"Thunderball online &#8211; hrajte t\u00fato lot\u00e9riu v Spojenom kr\u00e1\u013eovstve odkia\u013eko\u013evek"},"content":{"rendered":"<p>Britsk\u00e1 lot\u00e9ria Thunderball existuje u\u017e dlh\u0161\u00ed \u010das. Nie je v\u0161ak tak\u00e1 star\u00e1 ako niektor\u00e9 in\u00e9 eur\u00f3pske lot\u00e9rie (napr\u00edklad La Primitiva), ke\u010f\u017ee jej prv\u00e9 \u017erebovanie sa uskuto\u010dnilo v roku 1999. Za ten \u010das v\u0161ak Thunderball zmenil a na\u010falej men\u00ed \u017eivoty mnoh\u00fdch \u013eud\u00ed. Jackpotov\u00e1 v\u00fdhra p\u00e4\u0165stotis\u00edc libier sa nezd\u00e1 by\u0165 ve\u013ek\u00e1, ale je to suma, ktor\u00e1 men\u00ed \u017eivot. A st\u00e1vkuj\u00faci v Spojenom kr\u00e1\u013eovstve s t\u00fdm s\u00fahlasia, preto\u017ee viacer\u00ed hr\u00e1\u010di si kupuj\u00fa tikety na \u017erebovanie Thunderball.<\/p>\n<p>Ak ste hr\u00e1\u010dom mimo Spojen\u00e9ho kr\u00e1\u013eovstva, Thunderball si m\u00f4\u017eete zahra\u0165 aj online. M\u00f4\u017eete si <a href=\"https:\/\/jackpotlotteryonline.com\/sk\/kupit-vstupenky\/thunderball\">kupova\u0165 tikety<\/a>, kontrolova\u0165 <a href=\"https:\/\/jackpotlotteryonline.com\/sk\/vyherne-cisla\/thunderball\">v\u00fdsledky \u017erebovania<\/a> a vybera\u0165 v\u00fdhry, a to v\u0161etko z pohodlia svojho po\u010d\u00edta\u010da alebo mobiln\u00e9ho zariadenia. \u010c\u00edtajte \u010falej a dozviete sa, ako hra\u0165 Thunderball online.<\/p>\n<h2>V\u00fdhercovia Thunderball<\/h2>\n<p><img loading=\"lazy\" decoding=\"async\" class=\"alignright size-full wp-image-31370\" src=\"https:\/\/jackpotlotteryonline.com\/wp-content\/uploads\/2022\/11\/lotteryticket.jpg\" alt=\"Zahrajte si Thunderball online.\" width=\"212\" height=\"142\" \/>Ak existuje lot\u00e9ria, z ktorej sa za posledn\u00fdch nieko\u013eko desa\u0165ro\u010d\u00ed vyk\u013eulo nieko\u013eko v\u00fdhercov, je to Thunderball. T\u00e1to britsk\u00e1 lot\u00e9ria si z\u00edskala poves\u0165 lot\u00e9rie, ktor\u00e1 men\u00ed \u017eivoty, preto\u017ee priniesla ve\u013ea v\u00fdhercov. Zn\u00e1my je pr\u00edbeh rodiny Knowlesovcov, ktor\u00e1 hrala roky a pokra\u010dovala v hre aj po smrti svojej mamy. V\u00fdhra bola pre nich celkom v\u00fdnimo\u010dn\u00e1.<\/p>\n<p>Karen a David Aingerovci s\u00fa man\u017eelia, ktor\u00ed vyhrali jackpot Thunderball, ktor\u00fd im zmenil \u017eivot. V\u00fdhru celkom uv\u00edtali, preto\u017ee pod\u013ea ich slov im p\u00f4jde na d\u00f4chodok. \u010eal\u0161\u00edm p\u00e1rom, ktor\u00fd vyhral Thunderball, boli Alf a Rita Boormanovci. Ich v\u00fdhra bola celkom zauj\u00edmav\u00e1, preto\u017ee 30 rokov predt\u00fdm vyhral aj Alfov otec. Hovor\u00edme o genera\u010dnej v\u00fdhre.<\/p>\n<h2>Ako hra\u0165 Thunderball online<\/h2>\n<p>Hra\u0165 Thunderball je z\u00e1bava a ak ste sk\u00fasen\u00fd hr\u00e1\u010d, potom je pravdepodobn\u00e9, \u017ee u\u017e viete, \u010do m\u00e1te robi\u0165. Hr\u00e1\u010di musia vybra\u0165 5 \u010d\u00edsel z rozsahu 1 a\u017e 39 a \u0161peci\u00e1lne \u010d\u00edslo od 1 do 14. \u0160peci\u00e1lne \u010d\u00edslo sa naz\u00fdva &#8220;Thunderball&#8221;.<\/p>\n<p>Ak hr\u00e1te Thunderball online, m\u00f4\u017eete na v\u00fdber n\u00e1hodn\u00fdch \u010d\u00edsel pou\u017ei\u0165 gener\u00e1tor \u010d\u00edsel. Je to nie\u010do ako &#8220;\u0161\u0165astn\u00fd \u017ereb&#8221; pre t\u00fdch, ktor\u00ed s\u00fa zvyknut\u00ed na fyzick\u00e9 \u017ereby. M\u00f4\u017eete si vybra\u0165 nieko\u013eko l\u00edni\u00ed a viacero tiketov, aby ste zv\u00fd\u0161ili svoje \u0161ance na v\u00fdhru Thunderball. \u010eal\u0161\u00edm krokom je zapojenie sa do \u017erebovania a to je t\u00e1 najlep\u0161ia \u010das\u0165.<\/p>\n<p>Thunderball m\u00e1 ka\u017ed\u00fd t\u00fd\u017ede\u0148 \u0161tyri \u017erebovania. To znamen\u00e1, \u017ee pravdepodobnos\u0165, \u017ee vyhr\u00e1te jackpot, je pri Thunderball \u0161tyrikr\u00e1t vy\u0161\u0161ia. M\u00f4\u017eete sa zapoji\u0165 do jedn\u00e9ho \u017erebovania, ale pravdepodobne je lep\u0161ie zapoji\u0165 sa do viacer\u00fdch \u017erebovan\u00ed, aby ste mali ove\u013ea vy\u0161\u0161iu \u0161ancu na v\u00fdhru. Ke\u010f u n\u00e1s budete hra\u0165, po\u017eiadame v\u00e1s o registr\u00e1ciu. To preto, aby sme v\u00e1s mohli upozorni\u0165, ke\u010f vyhr\u00e1te cenu.<\/p>\n<section class=\"layout\" style=\"border: solid 1px; width: 100%;\">\n<div class=\"img-div\" style=\"margin-top: 5px;\"><img decoding=\"async\" class=\"wp-image-17212 alignleft\" style=\"height: 45px; margin: 8px 8px 0px;\" src=\"https:\/\/jackpotlotteryonline.com\/wp-content\/uploads\/2022\/11\/read1.jpg\" alt=\"Pre\u010d\u00edtajte si \" width=\"\" height=\"\" \/><\/div>\n<div style=\"padding-left: 5px;\">\n<div style=\"font-size: 1.1em;\">\n<p><strong>Je leg\u00e1lne hra\u0165 lot\u00e9rie z in\u00fdch kraj\u00edn online?<\/strong><\/p>\n<p style=\"font-size: 0.85em; margin-top: -1.5em;\">Je leg\u00e1lne z\u00edska\u0165 lot\u00e9riov\u00fd tiket online a dostanem skuto\u010dne v\u00fdplatu?\u00a0 <a href=\"https:\/\/jackpotlotteryonline.com\/sk\/je-legalne-hrat-loterie-z-inych-krajin-online\">\u010d\u00edtaj viac<\/a><\/p>\n<\/div>\n<\/div>\n<\/section>\n<h2>\u010co robi\u0165, ke\u010f vyhr\u00e1te<\/h2>\n<p>Ak vyhr\u00e1te cenu, po\u0161leme v\u00e1m e-mail, v ktorom v\u00e1s budeme informova\u0165. Na na\u0161ej platforme sa tie\u017e objav\u00ed upozornenie, aby ste mohli dosta\u0165 ozn\u00e1menie pri \u010fal\u0161om prihl\u00e1sen\u00ed. Ide v\u0161ak aj o nie\u010do viac.<\/p>\n<p>Ak je va\u0161a v\u00fdhra ni\u017e\u0161ia ako 2500 \u20ac, potom si ju m\u00f4\u017eete jednoducho vybra\u0165 priamo z na\u0161ej platformy. Nie je potrebn\u00fd \u017eiadny protokol ani zbyto\u010dn\u00fd postup, jednoducho si vyberte svoju hotovos\u0165. V pr\u00edpade s\u00fam, ktor\u00e9 s\u00fa vy\u0161\u0161ie ako 2500 \u20ac, budete mo\u017eno musie\u0165 vyplni\u0165 formul\u00e1r na uplatnenie n\u00e1roku na v\u00fdhru od lot\u00e9riovej spolo\u010dnosti. Ale nebojte sa, sme tu, aby sme v\u00e1m pomohli aj s t\u00fdm.<\/p>\n<h2>Ceny, ktor\u00e9 m\u00f4\u017eete vyhra\u0165<\/h2>\n<p>Ako u\u017e bolo povedan\u00e9, \u010do presne m\u00f4\u017eete vyhra\u0165, ke\u010f hr\u00e1te lot\u00e9riu Thunderball? T\u00e1to britsk\u00e1 lot\u00e9ria Thunderball m\u00e1 nieko\u013eko kateg\u00f3ri\u00ed cien a dokonca je tu aj cena len za zhodu s Thunderball. Tak\u017ee \u0161anca nie\u010do vyhra\u0165 je pomerne vysok\u00e1. Tu je rozpis v\u00fdhern\u00fdch kateg\u00f3ri\u00ed pre UK Thunderball, ako aj \u0161ance na v\u00fdhru.<\/p>\n<p>Kateg\u00f3ria 1: Match 5 + Thunderball &#8211; 1 k 8 060 598 &#8211; 500 000 GBP<\/p>\n<p>Kateg\u00f3ria 2: iba Match 5 &#8211; 1 k 620 046 &#8211; 5 000 GBP<\/p>\n<p>Kateg\u00f3ria 3: Match 4 + Thunderball &#8211; 1 ku 47 416 &#8211; 250 GBP<\/p>\n<p>Kateg\u00f3ria 4: Len Match 4 &#8211; 1 z 3 648 &#8211; 100 GBP<\/p>\n<p>Kateg\u00f3ria 5: Match 3 + Thunderball &#8211; 1 z 1 437 &#8211; 20 GBP<\/p>\n<p>Kateg\u00f3ria 6: Len Match 3 &#8211; 1 zo 111 &#8211; 10 GBP<\/p>\n<p>Kateg\u00f3ria 7: Match 2 + Thunderball &#8211; 1 zo 135 &#8211; 10 GBP<\/p>\n<p>Kateg\u00f3ria 8: Match 1 + Thunderball &#8211; 1 z 35 &#8211; 5 GBP<\/p>\n<p>Kateg\u00f3ria 9: Match Thunderball &#8211; 1 z 29 &#8211; 3 GBP<\/p>\n<p>V hre Thunderball si ka\u017ed\u00fd n\u00e1jde nie\u010do pre seba a nez\u00e1le\u017e\u00ed na tom, \u010di \u017eijete v Spojenom kr\u00e1\u013eovstve alebo nie. T\u00fato britsk\u00fa lot\u00e9riu si teraz m\u00f4\u017eete zahra\u0165 a z\u00edska\u0165 \u0161ancu na v\u00fdhru, a ke\u010f budete hra\u0165 s nami, m\u00f4\u017eete si svoje v\u00fdhry jednoducho vybra\u0165.<\/p>\n<h2>V\u00fdhody str\u00e1nky concierge<\/h2>\n<p><img loading=\"lazy\" decoding=\"async\" class=\"alignright size-full wp-image-28940\" src=\"https:\/\/jackpotlotteryonline.com\/wp-content\/uploads\/2022\/11\/1_pick_winning_numbers_lottery.jpg\" alt=\"K\u00fapte si los Thunderball\" width=\"300\" height=\"200\" \/>\u00da\u017easnou vecou na concierge str\u00e1nke je, \u017ee nikdy nemus\u00edte prem\u00fd\u0161\u013ea\u0165, \u010di ste sa skuto\u010dne zapojili do lot\u00e9rie. To je skuto\u010dn\u00fd probl\u00e9m, preto\u017ee ve\u013ea str\u00e1nok tam v skuto\u010dnosti svojim z\u00e1kazn\u00edkom neumo\u017e\u0148uje pr\u00edstup do lot\u00e9rie. To, \u010do robia, je, \u017ee umo\u017e\u0148uj\u00fa pou\u017e\u00edvate\u013eom vs\u00e1dza\u0165 na v\u00fdsledok lot\u00e9rie, \u010do v\u00f4bec nie je to ist\u00e9.<\/p>\n<p>S jackpotlotteryonline.com poskytujeme na\u0161im pou\u017e\u00edvate\u013eom pr\u00edstup k najlep\u0161\u00edm medzin\u00e1rodn\u00fdm lot\u00e9ri\u00e1m na celom svete. Je to preto, \u017ee prev\u00e1dzkujeme port\u00e1l concierge, kde m\u00e1me agentov v r\u00f4znych \u010dastiach sveta. Ke\u010f si u n\u00e1s k\u00fapite \u017ereb, n\u00e1\u0161 agent v danej krajine k\u00fapi fyzick\u00fd \u017ereb s pr\u00edslu\u0161n\u00fdmi \u010d\u00edslami. Tiket sa potom naskenuje a po\u0161le v\u00e1m.<\/p>\n<p>Ke\u010f si u n\u00e1s k\u00fapite los Thunderball, m\u00e1te istotu, \u017ee ak sa zhodujete s vy\u017erebovan\u00fdmi \u010d\u00edslami, vyhr\u00e1te v lot\u00e9rii. Je to tak\u00e9 jednoduch\u00e9, a predsa je to jedin\u00e1 vec, ktor\u00e1 na\u0161im z\u00e1kazn\u00edkom poskytuje pokoj pri hran\u00ed lot\u00e9rie online.<\/p>\n<h2>Zahrajte si britsk\u00fa lot\u00e9riu Thunderball online<\/h2>\n<p>Ak v\u00e1s svrb\u00ed t\u00fa\u017eba zahra\u0165 si lot\u00e9riu Thunderball a \u017eijete mimo Spojen\u00e9ho kr\u00e1\u013eovstva, m\u00e1te \u0161\u0165astie. Ke\u010f nav\u0161t\u00edvite jackpotlotteryonline.com, z\u00edskate pr\u00edstup k najlep\u0161\u00edm medzin\u00e1rodn\u00fdm lot\u00e9ri\u00e1m vr\u00e1tane Thunderball. Sme concierge str\u00e1nka, tak\u017ee ke\u010f hr\u00e1te s nami, dost\u00e1vate skuto\u010dn\u00fa ponuku.<\/p>\n<p>Je \u010das vysk\u00fa\u0161a\u0165 si \u0161ancu vyhra\u0165 cenu, ktor\u00e1 v\u00e1m zmen\u00ed \u017eivot, s Thunderball. Zahrajte si Thunderball online e\u0161te dnes a z\u00edskajte \u0161ancu vyhra\u0165 v lot\u00e9rii.<\/p>\n","protected":false},"excerpt":{"rendered":"<p>Britsk\u00e1 lot\u00e9ria Thunderball existuje u\u017e dlh\u0161\u00ed \u010das. Nie je v\u0161ak tak\u00e1 star\u00e1 ako niektor\u00e9 in\u00e9 eur\u00f3pske lot\u00e9rie (napr\u00edklad La Primitiva), ke\u010f\u017ee jej prv\u00e9 \u017erebovanie sa uskuto\u010dnilo v roku 1999. Za ten \u010das v\u0161ak Thunderball zmenil a na\u010falej men\u00ed \u017eivoty mnoh\u00fdch \u013eud\u00ed. Jackpotov\u00e1 v\u00fdhra p\u00e4\u0165stotis\u00edc libier sa nezd\u00e1 by\u0165 ve\u013ek\u00e1, ale je to suma, ktor\u00e1 men\u00ed [&hellip;]<\/p>\n","protected":false},"author":1,"featured_media":0,"parent":35719,"menu_order":12,"comment_status":"closed","ping_status":"closed","template":"thunderball.php","meta":{"_et_pb_use_builder":"","_et_pb_old_content":"","_et_gb_content_width":"","exclude_from_search":false,"footnotes":""},"class_list":["post-41063","page","type-page","status-publish","hentry"],"yoast_head":"<!-- This site is optimized with the Yoast SEO plugin v23.3 - https:\/\/yoast.com\/wordpress\/plugins\/seo\/ -->\n<title>Zahrajte si britsk\u00fa lot\u00e9riu Thunderball online, a to aj mimo Spojen\u00e9ho kr\u00e1\u013eovstva<\/title>\n<meta name=\"description\" content=\"Fan\u00fa\u0161ikovia lot\u00e9rie z kraj\u00edn mimo Spojen\u00e9ho kr\u00e1\u013eovstva m\u00f4\u017eu teraz hra\u0165 Thunderball online - z\u00edskajte svoje tikety online prostredn\u00edctvom na\u0161ej slu\u017eby Messenger.\" \/>\n<meta name=\"robots\" content=\"index, follow, max-snippet:-1, max-image-preview:large, max-video-preview:-1\" \/>\n<link rel=\"canonical\" href=\"https:\/\/jackpotlotteryonline.com\/sk\/ako-hrat\/thunderball\/\" \/>\n<meta property=\"og:locale\" content=\"sk_SK\" \/>\n<meta property=\"og:type\" content=\"article\" \/>\n<meta property=\"og:title\" content=\"Zahrajte si britsk\u00fa lot\u00e9riu Thunderball online, a to aj mimo Spojen\u00e9ho kr\u00e1\u013eovstva\" \/>\n<meta property=\"og:description\" content=\"Fan\u00fa\u0161ikovia lot\u00e9rie z kraj\u00edn mimo Spojen\u00e9ho kr\u00e1\u013eovstva m\u00f4\u017eu teraz hra\u0165 Thunderball online - z\u00edskajte svoje tikety online prostredn\u00edctvom na\u0161ej slu\u017eby Messenger.\" \/>\n<meta property=\"og:url\" content=\"https:\/\/jackpotlotteryonline.com\/sk\/ako-hrat\/thunderball\/\" \/>\n<meta property=\"og:site_name\" content=\"Lotto Online - Crack The International Lottery Jackpots\" \/>\n<meta property=\"article:modified_time\" content=\"2022-12-31T14:17:46+00:00\" \/>\n<meta property=\"og:image\" content=\"https:\/\/jackpotlotteryonline.com\/wp-content\/uploads\/2022\/11\/lotteryticket.jpg\" \/>\n<meta name=\"twitter:card\" content=\"summary_large_image\" \/>\n<meta name=\"twitter:label1\" content=\"Predpokladan\u00fd \u010das \u010d\u00edtania\" \/>\n\t<meta name=\"twitter:data1\" content=\"5 min\u00fat\" \/>\n<!-- \/ Yoast SEO plugin. -->","yoast_head_json":{"title":"Zahrajte si britsk\u00fa lot\u00e9riu Thunderball online, a to aj mimo Spojen\u00e9ho kr\u00e1\u013eovstva","description":"Fan\u00fa\u0161ikovia lot\u00e9rie z kraj\u00edn mimo Spojen\u00e9ho kr\u00e1\u013eovstva m\u00f4\u017eu teraz hra\u0165 Thunderball online - z\u00edskajte svoje tikety online prostredn\u00edctvom na\u0161ej slu\u017eby Messenger.","robots":{"index":"index","follow":"follow","max-snippet":"max-snippet:-1","max-image-preview":"max-image-preview:large","max-video-preview":"max-video-preview:-1"},"canonical":"https:\/\/jackpotlotteryonline.com\/sk\/ako-hrat\/thunderball\/","og_locale":"sk_SK","og_type":"article","og_title":"Zahrajte si britsk\u00fa lot\u00e9riu Thunderball online, a to aj mimo Spojen\u00e9ho kr\u00e1\u013eovstva","og_description":"Fan\u00fa\u0161ikovia lot\u00e9rie z kraj\u00edn mimo Spojen\u00e9ho kr\u00e1\u013eovstva m\u00f4\u017eu teraz hra\u0165 Thunderball online - z\u00edskajte svoje tikety online prostredn\u00edctvom na\u0161ej slu\u017eby Messenger.","og_url":"https:\/\/jackpotlotteryonline.com\/sk\/ako-hrat\/thunderball\/","og_site_name":"Lotto Online - Crack The International Lottery Jackpots","article_modified_time":"2022-12-31T14:17:46+00:00","og_image":[{"url":"https:\/\/jackpotlotteryonline.com\/wp-content\/uploads\/2022\/11\/lotteryticket.jpg"}],"twitter_card":"summary_large_image","twitter_misc":{"Predpokladan\u00fd \u010das \u010d\u00edtania":"5 min\u00fat"},"schema":{"@context":"https:\/\/schema.org","@graph":[{"@type":"WebPage","@id":"https:\/\/jackpotlotteryonline.com\/sk\/ako-hrat\/thunderball\/","url":"https:\/\/jackpotlotteryonline.com\/sk\/ako-hrat\/thunderball\/","name":"Zahrajte si britsk\u00fa lot\u00e9riu Thunderball online, a to aj mimo Spojen\u00e9ho kr\u00e1\u013eovstva","isPartOf":{"@id":"https:\/\/jackpotlotteryonline.com\/#website"},"primaryImageOfPage":{"@id":"https:\/\/jackpotlotteryonline.com\/sk\/ako-hrat\/thunderball\/#primaryimage"},"image":{"@id":"https:\/\/jackpotlotteryonline.com\/sk\/ako-hrat\/thunderball\/#primaryimage"},"thumbnailUrl":"https:\/\/jackpotlotteryonline.com\/wp-content\/uploads\/2022\/11\/lotteryticket.jpg","datePublished":"2022-12-08T07:32:35+00:00","dateModified":"2022-12-31T14:17:46+00:00","description":"Fan\u00fa\u0161ikovia lot\u00e9rie z kraj\u00edn mimo Spojen\u00e9ho kr\u00e1\u013eovstva m\u00f4\u017eu teraz hra\u0165 Thunderball online - z\u00edskajte svoje tikety online prostredn\u00edctvom na\u0161ej slu\u017eby Messenger.","breadcrumb":{"@id":"https:\/\/jackpotlotteryonline.com\/sk\/ako-hrat\/thunderball\/#breadcrumb"},"inLanguage":"sk-SK","potentialAction":[{"@type":"ReadAction","target":["https:\/\/jackpotlotteryonline.com\/sk\/ako-hrat\/thunderball\/"]}]},{"@type":"ImageObject","inLanguage":"sk-SK","@id":"https:\/\/jackpotlotteryonline.com\/sk\/ako-hrat\/thunderball\/#primaryimage","url":"https:\/\/jackpotlotteryonline.com\/wp-content\/uploads\/2022\/11\/lotteryticket.jpg","contentUrl":"https:\/\/jackpotlotteryonline.com\/wp-content\/uploads\/2022\/11\/lotteryticket.jpg"},{"@type":"BreadcrumbList","@id":"https:\/\/jackpotlotteryonline.com\/sk\/ako-hrat\/thunderball\/#breadcrumb","itemListElement":[{"@type":"ListItem","position":1,"name":"Home","item":"https:\/\/jackpotlotteryonline.com\/sk\/"},{"@type":"ListItem","position":2,"name":"Ako hra\u0165","item":"https:\/\/jackpotlotteryonline.com\/sk\/ako-hrat\/"},{"@type":"ListItem","position":3,"name":"Thunderball online &#8211; hrajte t\u00fato lot\u00e9riu v Spojenom kr\u00e1\u013eovstve odkia\u013eko\u013evek"}]},{"@type":"WebSite","@id":"https:\/\/jackpotlotteryonline.com\/#website","url":"https:\/\/jackpotlotteryonline.com\/","name":"Lotto Online - Crack The International Lottery Jackpots","description":"","potentialAction":[{"@type":"SearchAction","target":{"@type":"EntryPoint","urlTemplate":"https:\/\/jackpotlotteryonline.com\/?s={search_term_string}"},"query-input":"required name=search_term_string"}],"inLanguage":"sk-SK"}]}},"_links":{"self":[{"href":"https:\/\/jackpotlotteryonline.com\/sk\/wp-json\/wp\/v2\/pages\/41063","targetHints":{"allow":["GET"]}}],"collection":[{"href":"https:\/\/jackpotlotteryonline.com\/sk\/wp-json\/wp\/v2\/pages"}],"about":[{"href":"https:\/\/jackpotlotteryonline.com\/sk\/wp-json\/wp\/v2\/types\/page"}],"author":[{"embeddable":true,"href":"https:\/\/jackpotlotteryonline.com\/sk\/wp-json\/wp\/v2\/users\/1"}],"replies":[{"embeddable":true,"href":"https:\/\/jackpotlotteryonline.com\/sk\/wp-json\/wp\/v2\/comments?post=41063"}],"version-history":[{"count":0,"href":"https:\/\/jackpotlotteryonline.com\/sk\/wp-json\/wp\/v2\/pages\/41063\/revisions"}],"up":[{"embeddable":true,"href":"https:\/\/jackpotlotteryonline.com\/sk\/wp-json\/wp\/v2\/pages\/35719"}],"wp:attachment":[{"href":"https:\/\/jackpotlotteryonline.com\/sk\/wp-json\/wp\/v2\/media?parent=41063"}],"curies":[{"name":"wp","href":"https:\/\/api.w.org\/{rel}","templated":true}]}}