{"id":41115,"date":"2022-12-08T09:31:22","date_gmt":"2022-12-08T09:31:22","guid":{"rendered":"https:\/\/jackpotlotteryonline.com\/?page_id=41115"},"modified":"2022-12-29T09:32:43","modified_gmt":"2022-12-29T09:32:43","slug":"uk-lottery","status":"publish","type":"page","link":"https:\/\/jackpotlotteryonline.com\/sk\/vyherne-cisla\/uk-lottery\/","title":{"rendered":"UK lot\u00e9rie \u010derpanie v\u00fdsledky"},"content":{"rendered":"<p>Britsk\u00e1 lot\u00e9ria je zauj\u00edmav\u00e1 t\u00fdm, \u017ee z hr\u00e1\u010dov m\u00f4\u017ee urobi\u0165 milion\u00e1rov. Zatia\u013e \u010do medzi hr\u00e1\u010dmi v Spojenom kr\u00e1\u013eovstve je popul\u00e1rna, medzin\u00e1rodn\u00fdm hr\u00e1\u010dom nie je ve\u013emi zn\u00e1ma. Ak si teda chcete vysk\u00fa\u0161a\u0165 medzin\u00e1rodn\u00fa lot\u00e9riu, pre\u010do nesk\u00fasi\u0165 t\u00fato? Hoci v\u00fdhry nie s\u00fa zaru\u010den\u00e9, je \u013eahk\u00e9 vybra\u0165 si v\u00fdhern\u00e9 \u010d\u00edslo.<\/p>\n<p>Je tu v\u0161ak jedna vec, na ktor\u00fa by ste si mali da\u0165 pozor. Ak v tejto lot\u00e9rii vyhr\u00e1te, nem\u00f4\u017eeme v\u00e1m poveda\u0165, s akou sumou od\u00eddete domov. Je to preto, \u017ee hlavn\u00e1 v\u00fdhra predstavuje 52 % lotto fondu. Ak sa nepredalo ve\u013ea tiketov, domov si ve\u013ea neodnesiete. Nie, nem\u00e1 to s nami ni\u010d spolo\u010dn\u00e9 a je to pravidlo lot\u00e9riovej spolo\u010dnosti.<\/p>\n<p>Ak sa chcete zapoji\u0165 do tejto lot\u00e9rie, m\u00f4\u017eete sa pozrie\u0165 na na\u0161u str\u00e1nku jackpotlottery.com alebo si vybra\u0165 z mno\u017estva in\u00fdch lot\u00e9ri\u00ed. Existuj\u00fa \u0161pi\u010dkov\u00e9 medzin\u00e1rodn\u00e9 lot\u00e9rie, ktor\u00e9 m\u00f4\u017eete hra\u0165 na na\u0161ej str\u00e1nke a ktor\u00e9 v\u00e1m umo\u017e\u0148uj\u00fa ponecha\u0165 si v\u00fdhry. Alebo m\u00f4\u017eete namiesto toho vysk\u00fa\u0161a\u0165 t\u00fato. Je to \u00faplne na v\u00e1s.<\/p>\n<section class=\"layout\" style=\"border: solid 1px; width: 100%;\">\n<div class=\"img-div\" style=\"margin-top: 5px;\"><img decoding=\"async\" class=\"wp-image-17212 alignleft\" style=\"height: 45px; margin: 8px 8px 0px;\" src=\"http:\/\/jackpotlotteryonline.com\/wp-content\/uploads\/2022\/11\/read1.jpg\" alt=\"pre\u010d\u00edtajte si\" width=\"\" height=\"\" \/><\/div>\n<div style=\"padding-left: 5px;\">\n<div style=\"font-size: 1.1em;\">\n<p><strong>Ktor\u00e1 medzin\u00e1rodn\u00e1 lot\u00e9ria je najlep\u0161ia?<\/strong><\/p>\n<p style=\"font-size: 0.85em; margin-top: -1.5em;\">Ktor\u00e9 z medzin\u00e1rodn\u00fdch lot\u00e9ri\u00ed maj\u00fa najlep\u0161ie \u0161ance na v\u00fdhru &#8230; <a href=\"https:\/\/jackpotlotteryonline.com\/sk\/ktora-medzinarodna-loteria-je-najlepsia\">\u010d\u00edtaj viac<\/a><\/p>\n<\/div>\n<\/div>\n<\/section>\n<h2>Ako hra\u0165 britsk\u00fa lot\u00e9riu<\/h2>\n<p><img loading=\"lazy\" decoding=\"async\" class=\"alignright size-full wp-image-27482\" src=\"http:\/\/jackpotlotteryonline.com\/wp-content\/uploads\/2022\/11\/1_lottery_jackpot3.jpg\" alt=\"hra\u0165 lot\u00e9riu Spojen\u00e9ho kr\u00e1\u013eovstva\" width=\"245\" height=\"123\" \/>Podobne ako pri in\u00fdch lot\u00e9riov\u00fdch hr\u00e1ch mus\u00edte vybra\u0165 6 \u010d\u00edsel zo s\u00faboru 1 a\u017e 49. Po\u010das \u017erebovania sa n\u00e1hodne vyberie aj bonusov\u00e9 \u010d\u00edslo, ktor\u00e9 sa pou\u017eije pri ur\u010dovan\u00ed v\u00fdhry. T\u00fato lot\u00e9riu neodpor\u00fa\u010dame obzvl\u00e1\u0161\u0165 radi. Aj ke\u010f sa zhodnete s vy\u017erebovan\u00fdmi \u010d\u00edslami, nem\u00f4\u017eeme v\u00e1m zaru\u010di\u0165, \u010do si odnesiete domov.<\/p>\n<p>Ak nav\u0161t\u00edvite na\u0161u str\u00e1nku, m\u00f4\u017eete sa zapoji\u0165 do in\u00fdch hier, napr\u00edklad do americk\u00fdch hier Powerball a Mega Millions. Pri t\u00fdchto lot\u00e9ri\u00e1ch je minim\u00e1lna v\u00fd\u0161ka jackpotu 40 mili\u00f3nov dol\u00e1rov. Existuj\u00fa aj \u010fal\u0161ie eur\u00f3pske lot\u00e9rie, ktor\u00e9 si m\u00f4\u017eete zahra\u0165, napr\u00edklad Euromillions a Eurojackpot.<\/p>\n<p>Podstatou hrania t\u00fdchto hier je vyhra\u0165 ve\u013ek\u00e9 sumy a to je n\u00e1\u0161 sen pre na\u0161ich z\u00e1kazn\u00edkov.<\/p>\n<h2>\u017drebovania<\/h2>\n<p>Britsk\u00e1 lot\u00e9ria organizuje ka\u017ed\u00fd t\u00fd\u017ede\u0148 dve \u017erebovania, v stredu a v sobotu. Pri k\u00fape tiketu lotto si teda m\u00f4\u017eete vybra\u0165, \u010di sa chcete z\u00fa\u010dastni\u0165 jedn\u00e9ho alebo viacer\u00fdch \u017erebovan\u00ed. \u00da\u010das\u0165 vo viacer\u00fdch \u017erebovaniach je skvel\u00fd sp\u00f4sob, ako zv\u00fd\u0161i\u0165 svoje \u0161ance na v\u00fdhru.<\/p>\n<h2>V\u00ed\u0165azstvo v lot\u00e9rii v Spojenom kr\u00e1\u013eovstve<\/h2>\n<p>Na v\u00fdhru v tejto lotto hre by hr\u00e1\u010di mali ma\u0165 zhodu aspo\u0148 troch hlavn\u00fdch \u010d\u00edsel s vy\u017erebovan\u00fdmi v\u00fdsledkami. Jackpot sa zvy\u010dajne pohybuje okolo 3 000 000 libier, hoci m\u00f4\u017ee by\u0165 vy\u0161\u0161\u00ed alebo ni\u017e\u0161\u00ed. Ak chcete vyhra\u0165 jackpot, mus\u00edte zhodova\u0165 v\u0161etk\u00fdch \u0161es\u0165 vy\u017erebovan\u00fdch \u010d\u00edsel.<\/p>\n<p>V tejto lot\u00e9riovej hre existuj\u00fa aj \u010fal\u0161ie rozdelenia v\u00fdhier a my sa o nich o chv\u00ed\u013eu zmienime.<\/p>\n<p>Nezabudnite, \u017ee loto je n\u00e1hodn\u00e1 hra a neexistuje \u017eiadny jednozna\u010dn\u00fd sp\u00f4sob, ako vyhra\u0165. Zatia\u013e najlep\u0161ou strat\u00e9giou je k\u00fapi\u0165 si viacero tiketov a z\u00fa\u010dastni\u0165 sa viacer\u00fdch \u017erebovan\u00ed. Takto zv\u00fd\u0161ite svoje \u0161ance na v\u00fdhru. Plat\u00ed to pre ak\u00fako\u013evek lotto hru, ktor\u00fa sa rozhodnete hra\u0165.<\/p>\n<h2>Rozdelenie v\u00fdhier<\/h2>\n<p>To, o \u010do sa del\u00edme, je uk\u00e1\u017eka rozdelenia v\u00fdhier pre konkr\u00e9tne \u017erebovanie lot\u00e9rie v Spojenom kr\u00e1\u013eovstve. Upozor\u0148ujeme, \u017ee ostatn\u00e9 ceny predstavuj\u00fa percentu\u00e1lny podiel z v\u00fdhern\u00e9ho fondu. To znamen\u00e1, \u017ee ak je viac v\u00fdhercov, v\u00fdhra sa medzi nich rozdel\u00ed.<\/p>\n<p>Div\u00edzia 1: Match 6 &#8211; 2 000 000 GBP (jackpot)<\/p>\n<p>Div\u00edzia 2: z\u00e1pas 5 + bonus &#8211; 1 000 000 GBP<\/p>\n<p>Div\u00edzia 3: z\u00e1pas 5 &#8211; 1 750 GBP<\/p>\n<p>Div\u00edzia 4: z\u00e1pas 4 &#8211; 140 GBP<\/p>\n<p>Div\u00edzia 5: Z\u00e1pas 3 &#8211; 30 GBP<\/p>\n<p>Div\u00edzia 6: Z\u00e1pas 2 &#8211; bezplatn\u00fd los \u0161\u0165astia<\/p>\n<p>Uvedomte si, \u017ee aj ke\u010f tieto ceny vyhr\u00e1te, uveden\u00e1 suma nie je to, \u010do dostanete ako v\u00fdplatu. Je to preto, \u017ee pribli\u017ene 45 % prostriedkov lotto ide na v\u00fdhry. M\u00f4\u017ee to teda by\u0165 menej alebo viac v z\u00e1vislosti od toho, \u010do sa vo fonde nach\u00e1dza.<\/p>\n<h2>Uplatnenie n\u00e1roku na v\u00fdhru<\/h2>\n<p>Loterijn\u00e1 spolo\u010dnos\u0165 m\u00e1 nieko\u013eko predpisov, pokia\u013e ide o uplatnenie n\u00e1roku na v\u00fdhru.<\/p>\n<ul>\n<li>Mus\u00edte by\u0165 star\u0161\u00ed ako 18 rokov, aby ste sa mohli zapoji\u0165 do lotta<\/li>\n<li>O v\u00fdhry je potrebn\u00e9 po\u017eiada\u0165 do 180 dn\u00ed od \u017erebovania. Jedinou v\u00fdnimkou je, ak ste za\u010dali postup do 7 dn\u00ed.<\/li>\n<li>Okam\u017eit\u00e9 v\u00fdhry v hr\u00e1ch sa musia n\u00e1rokova\u0165 do 180 dn\u00ed, ke\u010f ste si zak\u00fapili hru s okam\u017eitou v\u00fdhrou<\/li>\n<li>Hry so stierac\u00edmi \u017erebmi musia by\u0165 tie\u017e reklamovan\u00e9 do 180 dn\u00ed od zak\u00fapenia stieracieho \u017erebu.<\/li>\n<\/ul>\n<p>Ak <a href=\"https:\/\/jackpotlotteryonline.com\/sk\/ako-hrat\/uk-lottery\">hr\u00e1te lot\u00e9riu na na\u0161ej str\u00e1nke<\/a>, u\u013eah\u010d\u00edme v\u00e1m uplatnenie n\u00e1roku na v\u00fdhru. V pr\u00edpade v\u00fdhier vo v\u00fd\u0161ke 2500 EUR alebo menej m\u00e1te k nim pr\u00edstup priamo na na\u0161ej str\u00e1nke. Je to preto, \u017ee lot\u00e9riov\u00e1 spolo\u010dnos\u0165 ich vyplat\u00ed priamo na na\u0161u str\u00e1nku a vy si ich potom m\u00f4\u017eete vybra\u0165 na svoj \u00fa\u010det. Ak je to viac ako 2500 \u20ac, budete si musie\u0165 o v\u00fdhru po\u017eiada\u0165 priamo v lot\u00e9riovej spolo\u010dnosti. Pom\u00f4\u017eeme v\u00e1m s t\u00fdm tak, \u017ee v\u00e1m poskytneme formul\u00e1r na vyplnenie n\u00e1rokov, tak\u017ee \u017eiadne starosti.<\/p>\n<h2>Ako skontrolova\u0165 vylosovan\u00e9 \u010d\u00edsla<\/h2>\n<p><img loading=\"lazy\" decoding=\"async\" class=\"alignright size-medium wp-image-27563\" src=\"http:\/\/jackpotlotteryonline.com\/wp-content\/uploads\/2022\/11\/1_lottery_numbers_draw_results-300x201.jpg\" alt=\"vyhra\u0165 lot\u00e9riu UK\" width=\"300\" height=\"201\" srcset=\"https:\/\/jackpotlotteryonline.com\/wp-content\/uploads\/2022\/11\/1_lottery_numbers_draw_results-300x201.jpg 300w, https:\/\/jackpotlotteryonline.com\/wp-content\/uploads\/2022\/11\/1_lottery_numbers_draw_results.jpg 320w\" sizes=\"auto, (max-width: 300px) 100vw, 300px\" \/>Ak chcete zisti\u0165, \u010di ste vyhrali, alebo nie, mus\u00edte najprv skontrolova\u0165 vy\u017erebovan\u00e9 \u010d\u00edsla. Ak hr\u00e1te online, m\u00f4\u017eete to urobi\u0165 nieko\u013ek\u00fdmi sp\u00f4sobmi. Z\u010faleka najefekt\u00edvnej\u0161\u00ed je v\u0161ak vr\u00e1ti\u0165 sa sem a skontrolova\u0165 v\u00fdsledky \u017erebovania. Vy\u017erebovan\u00e9 \u010d\u00edsla zverej\u0148ujeme po ka\u017edom \u017erebovan\u00ed.<\/p>\n<p>Ak ste sa u n\u00e1s zaregistrovali, po\u0161leme v\u00e1m aj e-mail, v ktorom v\u00e1m ozn\u00e1mime, \u010di ste vyhrali cenu. To je vlastne jedna z hlavn\u00fdch v\u00fdhod hrania lota u n\u00e1s. Okrem toho, \u017ee m\u00f4\u017eete z\u00edska\u0165 pr\u00edstup k mno\u017estvu medzin\u00e1rodn\u00fdch lot\u00e9ri\u00ed. Ke\u010f hr\u00e1te s nami, nemus\u00edte sa ob\u00e1va\u0165, \u017ee by ste o svoju v\u00fdhru pri\u0161li. D\u00e1me v\u00e1m vedie\u0165, \u010di ste vyhrali cenu. Aj v pr\u00edpade, \u017ee je ni\u017e\u0161ia ako 2500 \u20ac, bude pekne le\u017ea\u0165 na va\u0161om \u00fa\u010dte pri \u010fal\u0161om prihl\u00e1sen\u00ed.<\/p>\n<h2>V\u00fdhody hrania lot\u00e9rie s nami<\/h2>\n<ul>\n<li>Z\u00edskate pr\u00edstup k najlep\u0161\u00edm medzin\u00e1rodn\u00fdm lot\u00e9ri\u00e1m z jedn\u00e9ho pohodln\u00e9ho miesta<\/li>\n<li>Sme port\u00e1lom s obsluhou. To znamen\u00e1, \u017ee sa nestaviate o v\u00fdsledok lot\u00e9rie. V skuto\u010dnosti si kupujete vstup do lot\u00e9rie, nech ste kdeko\u013evek<\/li>\n<li>Pomocou na\u0161ej predplatite\u013eskej slu\u017eby sa m\u00f4\u017eete do \u017erebovania zapoji\u0165 nieko\u013eko t\u00fd\u017ed\u0148ov vopred<\/li>\n<li>V\u00fdsledky \u017erebovania sa dozviete priamo tu na na\u0161ej str\u00e1nke<\/li>\n<li>Upozorn\u00edme v\u00e1s, ak vyhr\u00e1te nejak\u00fa cenu<\/li>\n<li>V\u00fdhry si m\u00f4\u017eete jednoducho vyplati\u0165 z na\u0161ej str\u00e1nky do svojej banky<\/li>\n<\/ul>\n<p>Ke\u010f hr\u00e1te lot\u00e9riu z na\u0161ej str\u00e1nky, m\u00e1te ve\u013ea v\u00fdhod. Zameriavame sa na poskytovanie \u010do najpohodlnej\u0161\u00edch a najbezprobl\u00e9movej\u0161\u00edch slu\u017eieb pre na\u0161ich z\u00e1kazn\u00edkov, aby si mohli u\u017e\u00edva\u0165 lotto hry.<\/p>\n<h2>Skontrolujte si svoje v\u00fdhern\u00e9 \u010d\u00edsla lotto tu<\/h2>\n<p>Spomenuli sme, \u017ee poskytujeme pr\u00edstup k nieko\u013ek\u00fdm medzin\u00e1rodn\u00fdm lot\u00e9ri\u00e1m. Nielen\u017ee si m\u00f4\u017eete <a href=\"https:\/\/jackpotlotteryonline.com\/sk\/kupit-vstupenky\/uk-lottery\">k\u00fapi\u0165 tikety odkia\u013eko\u013evek<\/a>, ale m\u00f4\u017eete si tie\u017e skontrolova\u0165 vy\u017erebovan\u00e9 \u010d\u00edsla. Bez oh\u013eadu na to, ak\u00fa lotto hru si vyberiete, v\u00fdsledky zverejn\u00edme priamo tu na na\u0161ej str\u00e1nke.<\/p>\n<p>A \u010do je najlep\u0161ie, ak vyhr\u00e1te nejak\u00fa cenu, nemus\u00edte sa ob\u00e1va\u0165, \u010do sa stane s va\u0161ou v\u00fdhrou. Neberieme si \u017eiadne percento z va\u0161ich v\u00fdhier; v\u0161etko, \u010do vyhr\u00e1te, je va\u0161e. A navy\u0161e si ju m\u00f4\u017eete jednoducho vybra\u0165 z na\u0161ej platformy.<\/p>\n<p>Skuto\u010dne, hranie lot\u00e9ri\u00ed nikdy nebolo jednoduch\u0161ie a bezprobl\u00e9mov\u00e9. Pre\u010do sa u n\u00e1s nezaregistrova\u0165 e\u0161te dnes a neza\u017ei\u0165 rados\u0165 z pohodln\u00fdch a bezstresov\u00fdch lot\u00e9riov\u00fdch hier?<\/p>\n","protected":false},"excerpt":{"rendered":"<p>Britsk\u00e1 lot\u00e9ria je zauj\u00edmav\u00e1 t\u00fdm, \u017ee z hr\u00e1\u010dov m\u00f4\u017ee urobi\u0165 milion\u00e1rov. Zatia\u013e \u010do medzi hr\u00e1\u010dmi v Spojenom kr\u00e1\u013eovstve je popul\u00e1rna, medzin\u00e1rodn\u00fdm hr\u00e1\u010dom nie je ve\u013emi zn\u00e1ma. Ak si teda chcete vysk\u00fa\u0161a\u0165 medzin\u00e1rodn\u00fa lot\u00e9riu, pre\u010do nesk\u00fasi\u0165 t\u00fato? Hoci v\u00fdhry nie s\u00fa zaru\u010den\u00e9, je \u013eahk\u00e9 vybra\u0165 si v\u00fdhern\u00e9 \u010d\u00edslo. Je tu v\u0161ak jedna vec, na ktor\u00fa by [&hellip;]<\/p>\n","protected":false},"author":1,"featured_media":0,"parent":35852,"menu_order":10,"comment_status":"closed","ping_status":"closed","template":"lotto-uk-results.php","meta":{"_et_pb_use_builder":"","_et_pb_old_content":"","_et_gb_content_width":"","exclude_from_search":false,"footnotes":""},"class_list":["post-41115","page","type-page","status-publish","hentry"],"yoast_head":"<!-- This site is optimized with the Yoast SEO plugin v23.3 - https:\/\/yoast.com\/wordpress\/plugins\/seo\/ -->\n<title>V\u00ed\u0165azn\u00e9 \u010d\u00edsla lot\u00e9rie UK a v\u00fdsledky \u017erebovania<\/title>\n<meta name=\"description\" content=\"Hne\u010f po \u017erebovan\u00ed tu n\u00e1jdete v\u0161etky v\u00fdsledky a v\u00fdhern\u00e9 \u010d\u00edsla lot\u00e9rie UK\" \/>\n<meta name=\"robots\" content=\"index, follow, max-snippet:-1, max-image-preview:large, max-video-preview:-1\" \/>\n<link rel=\"canonical\" href=\"https:\/\/jackpotlotteryonline.com\/sk\/vyherne-cisla\/uk-lottery\/\" \/>\n<meta property=\"og:locale\" content=\"sk_SK\" \/>\n<meta property=\"og:type\" content=\"article\" \/>\n<meta property=\"og:title\" content=\"V\u00ed\u0165azn\u00e9 \u010d\u00edsla lot\u00e9rie UK a v\u00fdsledky \u017erebovania\" \/>\n<meta property=\"og:description\" content=\"Hne\u010f po \u017erebovan\u00ed tu n\u00e1jdete v\u0161etky v\u00fdsledky a v\u00fdhern\u00e9 \u010d\u00edsla lot\u00e9rie UK\" \/>\n<meta property=\"og:url\" content=\"https:\/\/jackpotlotteryonline.com\/sk\/vyherne-cisla\/uk-lottery\/\" \/>\n<meta property=\"og:site_name\" content=\"Lotto Online - Crack The International Lottery Jackpots\" \/>\n<meta property=\"article:modified_time\" content=\"2022-12-29T09:32:43+00:00\" \/>\n<meta property=\"og:image\" content=\"http:\/\/jackpotlotteryonline.com\/wp-content\/uploads\/2022\/11\/read1.jpg\" \/>\n<meta name=\"twitter:card\" content=\"summary_large_image\" \/>\n<meta name=\"twitter:label1\" content=\"Predpokladan\u00fd \u010das \u010d\u00edtania\" \/>\n\t<meta name=\"twitter:data1\" content=\"6 min\u00fat\" \/>\n<!-- \/ Yoast SEO plugin. -->","yoast_head_json":{"title":"V\u00ed\u0165azn\u00e9 \u010d\u00edsla lot\u00e9rie UK a v\u00fdsledky \u017erebovania","description":"Hne\u010f po \u017erebovan\u00ed tu n\u00e1jdete v\u0161etky v\u00fdsledky a v\u00fdhern\u00e9 \u010d\u00edsla lot\u00e9rie UK","robots":{"index":"index","follow":"follow","max-snippet":"max-snippet:-1","max-image-preview":"max-image-preview:large","max-video-preview":"max-video-preview:-1"},"canonical":"https:\/\/jackpotlotteryonline.com\/sk\/vyherne-cisla\/uk-lottery\/","og_locale":"sk_SK","og_type":"article","og_title":"V\u00ed\u0165azn\u00e9 \u010d\u00edsla lot\u00e9rie UK a v\u00fdsledky \u017erebovania","og_description":"Hne\u010f po \u017erebovan\u00ed tu n\u00e1jdete v\u0161etky v\u00fdsledky a v\u00fdhern\u00e9 \u010d\u00edsla lot\u00e9rie UK","og_url":"https:\/\/jackpotlotteryonline.com\/sk\/vyherne-cisla\/uk-lottery\/","og_site_name":"Lotto Online - Crack The International Lottery Jackpots","article_modified_time":"2022-12-29T09:32:43+00:00","og_image":[{"url":"http:\/\/jackpotlotteryonline.com\/wp-content\/uploads\/2022\/11\/read1.jpg"}],"twitter_card":"summary_large_image","twitter_misc":{"Predpokladan\u00fd \u010das \u010d\u00edtania":"6 min\u00fat"},"schema":{"@context":"https:\/\/schema.org","@graph":[{"@type":"WebPage","@id":"https:\/\/jackpotlotteryonline.com\/sk\/vyherne-cisla\/uk-lottery\/","url":"https:\/\/jackpotlotteryonline.com\/sk\/vyherne-cisla\/uk-lottery\/","name":"V\u00ed\u0165azn\u00e9 \u010d\u00edsla lot\u00e9rie UK a v\u00fdsledky \u017erebovania","isPartOf":{"@id":"https:\/\/jackpotlotteryonline.com\/#website"},"primaryImageOfPage":{"@id":"https:\/\/jackpotlotteryonline.com\/sk\/vyherne-cisla\/uk-lottery\/#primaryimage"},"image":{"@id":"https:\/\/jackpotlotteryonline.com\/sk\/vyherne-cisla\/uk-lottery\/#primaryimage"},"thumbnailUrl":"http:\/\/jackpotlotteryonline.com\/wp-content\/uploads\/2022\/11\/read1.jpg","datePublished":"2022-12-08T09:31:22+00:00","dateModified":"2022-12-29T09:32:43+00:00","description":"Hne\u010f po \u017erebovan\u00ed tu n\u00e1jdete v\u0161etky v\u00fdsledky a v\u00fdhern\u00e9 \u010d\u00edsla lot\u00e9rie UK","breadcrumb":{"@id":"https:\/\/jackpotlotteryonline.com\/sk\/vyherne-cisla\/uk-lottery\/#breadcrumb"},"inLanguage":"sk-SK","potentialAction":[{"@type":"ReadAction","target":["https:\/\/jackpotlotteryonline.com\/sk\/vyherne-cisla\/uk-lottery\/"]}]},{"@type":"ImageObject","inLanguage":"sk-SK","@id":"https:\/\/jackpotlotteryonline.com\/sk\/vyherne-cisla\/uk-lottery\/#primaryimage","url":"http:\/\/jackpotlotteryonline.com\/wp-content\/uploads\/2022\/11\/read1.jpg","contentUrl":"http:\/\/jackpotlotteryonline.com\/wp-content\/uploads\/2022\/11\/read1.jpg"},{"@type":"BreadcrumbList","@id":"https:\/\/jackpotlotteryonline.com\/sk\/vyherne-cisla\/uk-lottery\/#breadcrumb","itemListElement":[{"@type":"ListItem","position":1,"name":"Home","item":"https:\/\/jackpotlotteryonline.com\/sk\/"},{"@type":"ListItem","position":2,"name":"V\u00fdsledky lot\u00e9rie","item":"https:\/\/jackpotlotteryonline.com\/sk\/vyherne-cisla\/"},{"@type":"ListItem","position":3,"name":"UK lot\u00e9rie \u010derpanie v\u00fdsledky"}]},{"@type":"WebSite","@id":"https:\/\/jackpotlotteryonline.com\/#website","url":"https:\/\/jackpotlotteryonline.com\/","name":"Lotto Online - Crack The International Lottery Jackpots","description":"","potentialAction":[{"@type":"SearchAction","target":{"@type":"EntryPoint","urlTemplate":"https:\/\/jackpotlotteryonline.com\/?s={search_term_string}"},"query-input":"required name=search_term_string"}],"inLanguage":"sk-SK"}]}},"_links":{"self":[{"href":"https:\/\/jackpotlotteryonline.com\/sk\/wp-json\/wp\/v2\/pages\/41115","targetHints":{"allow":["GET"]}}],"collection":[{"href":"https:\/\/jackpotlotteryonline.com\/sk\/wp-json\/wp\/v2\/pages"}],"about":[{"href":"https:\/\/jackpotlotteryonline.com\/sk\/wp-json\/wp\/v2\/types\/page"}],"author":[{"embeddable":true,"href":"https:\/\/jackpotlotteryonline.com\/sk\/wp-json\/wp\/v2\/users\/1"}],"replies":[{"embeddable":true,"href":"https:\/\/jackpotlotteryonline.com\/sk\/wp-json\/wp\/v2\/comments?post=41115"}],"version-history":[{"count":0,"href":"https:\/\/jackpotlotteryonline.com\/sk\/wp-json\/wp\/v2\/pages\/41115\/revisions"}],"up":[{"embeddable":true,"href":"https:\/\/jackpotlotteryonline.com\/sk\/wp-json\/wp\/v2\/pages\/35852"}],"wp:attachment":[{"href":"https:\/\/jackpotlotteryonline.com\/sk\/wp-json\/wp\/v2\/media?parent=41115"}],"curies":[{"name":"wp","href":"https:\/\/api.w.org\/{rel}","templated":true}]}}