{"id":41167,"date":"2022-12-08T11:34:49","date_gmt":"2022-12-08T11:34:49","guid":{"rendered":"https:\/\/jackpotlotteryonline.com\/?page_id=41167"},"modified":"2022-12-29T11:50:59","modified_gmt":"2022-12-29T11:50:59","slug":"set-for-life","status":"publish","type":"page","link":"https:\/\/jackpotlotteryonline.com\/sk\/vyherne-cisla\/set-for-life\/","title":{"rendered":"V\u00fdsledky \u017erebovania Set for Life"},"content":{"rendered":"<p>Lot\u00e9ria Set for Life je anuitn\u00e1 lot\u00e9ria v Spojenom kr\u00e1\u013eovstve, ktor\u00e1 d\u00e1va hr\u00e1\u010dom \u0161ancu vyhra\u0165 cenu, ktor\u00e1 im zmen\u00ed \u017eivot. \u017divot meniacu v tom zmysle, \u017ee vy\u017erebovan\u00e9 \u010d\u00edsla z\u00edskaj\u00fa ka\u017ed\u00fd mesiac 10 000 libier po\u010das 30 rokov. Je to takmer ako vyhra\u0165 jackpot ka\u017ed\u00fd mesiac do konca \u017eivota.<\/p>\n<p>Hr\u00e1\u010di na celom svete sa teraz m\u00f4\u017eu<a href=\"https:\/\/jackpotlotteryonline.com\/sk\/kupit-vstupenky\/set-for-life\"> zapoji\u0165 do britskej lot\u00e9rie o anuitu k\u00fapou tiketov online<\/a>. Taktie\u017e si m\u00f4\u017eu skontrolova\u0165 v\u00fdhern\u00e9 \u010d\u00edsla online a z\u00edska\u0165 pr\u00edstup aj k svojej v\u00fdhre.<\/p>\n<p>Ke\u010f <a href=\"https:\/\/jackpotlotteryonline.com\/sk\/ako-hrat\/saturday-lotto-2\">hr\u00e1te lot\u00e9riu s jackpotlotteryonline.com<\/a>, m\u00e1te prakticky k dispoz\u00edcii jedno miesto pre v\u0161etky svoje lot\u00e9riov\u00e9 potreby. M\u00f4\u017eete sa s\u00fastredi\u0165 na v\u00fdhru v lot\u00e9rii t\u00fdm, \u017ee si k\u00fapite tikety do najlep\u0161\u00edch medzin\u00e1rodn\u00fdch lot\u00e9ri\u00ed online.<\/p>\n<section class=\"layout\" style=\"border: solid 1px; width: 100%;\">\n<div class=\"img-div\" style=\"margin-top: 5px;\"><img decoding=\"async\" class=\"wp-image-17212 alignleft\" style=\"height: 45px; margin: 8px 8px 0px;\" src=\"http:\/\/jackpotlotteryonline.com\/wp-content\/uploads\/2022\/11\/read1.jpg\" alt=\"pre\u010d\u00edtajte si\" width=\"\" height=\"\" \/><\/div>\n<div style=\"padding-left: 5px;\">\n<div style=\"font-size: 1.1em;\">\n<p><strong>Je leg\u00e1lne hra\u0165 lot\u00e9rie z in\u00fdch kraj\u00edn online?<\/strong><\/p>\n<p style=\"font-size: 0.85em; margin-top: -1.5em;\">Je leg\u00e1lne z\u00edska\u0165 lot\u00e9riov\u00fd tiket online a dostanem skuto\u010dne v\u00fdplatu?\u00a0 <a href=\"https:\/\/jackpotlotteryonline.com\/sk\/je-legalne-hrat-loterie-z-inych-krajin-online\"> \u010d\u00edtaj viac<\/a><\/p>\n<\/div>\n<\/div>\n<\/section>\n<h2>Pre\u010do hra\u0165 online?<\/h2>\n<p>Po prv\u00e9, ak ne\u017eijete v Spojenom kr\u00e1\u013eovstve, bude pre v\u00e1s dos\u0165 \u0165a\u017ek\u00e9 k\u00fapi\u0165 si tiket do tejto lot\u00e9rie. V podstate jedin\u00fd sp\u00f4sob, ako m\u00f4\u017eete hra\u0165 Set for Life mimo Spojen\u00e9ho kr\u00e1\u013eovstva, je hra\u0165 online. Po druh\u00e9, ke\u010f uvid\u00edte, ak\u00e9 pohodln\u00e9 je hra\u0165 online, nebudete chcie\u0165 hra\u0165 t\u00fato lot\u00e9riu in\u00fdm sp\u00f4sobom.<\/p>\n<p><strong>V kr\u00e1tkosti uv\u00e1dzame nieko\u013eko hlavn\u00fdch v\u00fdhod hrania lot\u00e9rie online:<\/strong><img loading=\"lazy\" decoding=\"async\" class=\"alignright size-medium wp-image-27941\" src=\"http:\/\/jackpotlotteryonline.com\/wp-content\/uploads\/2022\/11\/1_lottery_winner_ticket-200x300.jpg\" alt=\"hra\u0165 Set pre \u017eivot\" width=\"200\" height=\"300\" srcset=\"https:\/\/jackpotlotteryonline.com\/wp-content\/uploads\/2022\/11\/1_lottery_winner_ticket-200x300.jpg 200w, https:\/\/jackpotlotteryonline.com\/wp-content\/uploads\/2022\/11\/1_lottery_winner_ticket.jpg 320w\" sizes=\"auto, (max-width: 200px) 100vw, 200px\" \/><\/p>\n<ul>\n<li>Z\u00edskate okam\u017eit\u00fd pr\u00edstup k hraniu v\u00fdhern\u00fdch \u010d\u00edsel pre ka\u017ed\u00e9 \u017erebovanie<\/li>\n<li>Svoje vstupy si m\u00f4\u017eete nastavi\u0165 nieko\u013eko t\u00fd\u017ed\u0148ov vopred<\/li>\n<li>\u013dahko si skontrolujete v\u00fdhern\u00e9 \u010d\u00edsla<\/li>\n<li>Pr\u00edstup k v\u00fdhram bez stresu<\/li>\n<\/ul>\n<p>Ke\u010f hr\u00e1te lot\u00e9riu online, m\u00e1te to\u013eko v\u00fdhod. A ke\u010f hr\u00e1te s nami na jackpotlotteryonline.com, za\u017eijete jednoduchos\u0165 a pohodlie, ke\u010f m\u00e1te lot\u00e9riu na dosah ruky. Ako port\u00e1l concierge za v\u00e1s spravujeme detaily, zatia\u013e \u010do vy sa s\u00fastred\u00edte na jednoduch\u00fd v\u00fdber v\u00fdhern\u00fdch \u010d\u00edsel. Je to v\u00fdhra pre v\u0161etk\u00fdch.<\/p>\n<h2>Ak\u00e9 s\u00fa v\u00fdhern\u00e9 \u010d\u00edsla hry Set for Life?<\/h2>\n<p>Jedin\u00fd sp\u00f4sob, ako zisti\u0165, \u010di m\u00e1te v\u00fdhern\u00e9 \u010d\u00edsla, je vedie\u0165, ako hra\u0165 t\u00fato britsk\u00fa lot\u00e9riu. Ak chcete hra\u0165, mus\u00edte si vybra\u0165 5 \u010d\u00edsel z rozsahu od 1 do 47 a 1 \u010d\u00edslo Life Ball od 1 do 10. Ke\u010f si vyberiete \u010d\u00edsla, \u010fal\u0161\u00edm krokom je prihl\u00e1si\u0165 sa do \u017erebovania pod\u013ea vlastn\u00e9ho v\u00fdberu.<\/p>\n<p>Set for Life m\u00e1 dva \u017erebovacie dni v t\u00fd\u017edni, v pondelok a vo \u0161tvrtok. To znamen\u00e1 dve \u0161ance na v\u00fdhru v lot\u00e9rii. Samozrejme, m\u00f4\u017eete sa z\u00fa\u010dastni\u0165 oboch \u017erebovan\u00ed, preto\u017ee tak zv\u00fd\u0161ite svoje \u0161ance na v\u00fdhru v lot\u00e9rii.<\/p>\n<p>Po \u017erebovaniach je potrebn\u00e9 skontrolova\u0165 v\u00fdsledky, aby ste zistili, \u010di m\u00e1te v\u00fdhern\u00fa kombin\u00e1ciu. Kto m\u00e1 v\u00fdhern\u00e9 \u010d\u00edsla, vyhr\u00e1va v lot\u00e9rii.<\/p>\n<h2>Tri sp\u00f4soby kontroly v\u00fdsledkov \u017erebovania<\/h2>\n<p>Existuj\u00fa tri sp\u00f4soby, ako si m\u00f4\u017eete skontrolova\u0165 v\u00fdhern\u00fa kombin\u00e1ciu tejto lot\u00e9rie v Spojenom kr\u00e1\u013eovstve. Ak \u017eijete v Spojenom kr\u00e1\u013eovstve, m\u00f4\u017eete jednoducho sledova\u0165 \u017erebovanie v priamom prenose v telev\u00edzii. Ak v\u0161ak v tom \u010dase pracujete alebo m\u00e1te in\u00fa funkciu, potom to pre v\u00e1s nebude fungova\u0165.<\/p>\n<p>\u010eal\u0161ou alternat\u00edvou je pozrie\u0165 si v\u00fdsledky \u017erebovania online. V\u00fdsledky, najm\u00e4 v\u00fdhern\u00e9 kombin\u00e1cie pre jackpot, zverej\u0148uj\u00fa r\u00f4zne webov\u00e9 str\u00e1nky. Samozrejme, ke\u010f\u017ee v lot\u00e9rii existuj\u00fa aj in\u00e9 v\u00fdhern\u00e9 kateg\u00f3rie, mohli by v\u00e1s okrem jackpotu zauj\u00edma\u0165 aj in\u00e9 v\u00fdhern\u00e9 kombin\u00e1cie.<\/p>\n<p>Najlep\u0161\u00ed sp\u00f4sob, ako skontrolova\u0165 v\u00fdsledky \u017erebovania, je vr\u00e1ti\u0165 sa na t\u00fato str\u00e1nku po ka\u017edom \u017erebovan\u00ed. V\u00fdsledky \u017erebovania uverej\u0148ujeme pr\u00e1ve tu a venujeme \u010das zobrazeniu v\u00fdhern\u00fdch kombin\u00e1ci\u00ed v ka\u017edej v\u00fdhernej kateg\u00f3rii. Navy\u0161e, ak ste si u n\u00e1s zak\u00fapili tiket, po\u0161leme v\u00e1m e-mail, ak m\u00e1te v\u00fdhern\u00fd tiket.<\/p>\n<h2>V\u00fdhern\u00e9 kateg\u00f3rie Set for Life<\/h2>\n<p>Hlavnou cenou tejto lot\u00e9rie v Spojenom kr\u00e1\u013eovstve je \u00fa\u017easn\u00fdch 10 000 libier ka\u017ed\u00fd mesiac po\u010das nasleduj\u00facich 30 rokov. Predstavte si, \u017ee by ste tak\u00fato sumu vyhr\u00e1vali ka\u017ed\u00fd mesiac po\u010das 30 rokov. Pri takejto v\u00fdhre je \u013eahk\u00e9 pochopi\u0165, pre\u010do sa st\u00e1vkuj\u00faci na celom svete usiluj\u00fa z\u00edska\u0165 v\u00fdhern\u00fa kombin\u00e1ciu tejto lot\u00e9rie.<\/p>\n<p>Okrem v\u00fdhry prvej ceny existuj\u00fa aj \u010fal\u0161ie zauj\u00edmav\u00e9 ceny, ktor\u00e9 m\u00f4\u017eu hr\u00e1\u010di v tejto lot\u00e9rii vyhra\u0165. Tu s\u00fa kateg\u00f3rie v\u00fdhier.<\/p>\n<p>Kateg\u00f3ria 1: Match 5 + Life Ball &#8211; 10 000 libier ka\u017ed\u00fd mesiac po\u010das 30 rokov<\/p>\n<p>Kateg\u00f3ria 2: iba Match 5 &#8211; 10 000 GBP ka\u017ed\u00fd mesiac po dobu 1 roka<\/p>\n<p>Kateg\u00f3ria 3: Match 4 + LIfe Ball &#8211; 250 GBP<\/p>\n<p>Kateg\u00f3ria 4: Len Match 4 &#8211; 50 GBP<\/p>\n<p>Kateg\u00f3ria 5: Match 3 + Life Ball &#8211; 30 GBP<\/p>\n<p>Kateg\u00f3ria 6: Len z\u00e1pas 3 &#8211; 20 GBP<\/p>\n<p>Kateg\u00f3ria 7: Z\u00e1pas 2 + lopta \u017eivota &#8211; 10 GBP<\/p>\n<p>Kateg\u00f3ria 8: iba z\u00e1pas 2 &#8211; 5 GBP<\/p>\n<h2>V\u00fdber v\u00fdhry<\/h2>\n<p>Spomenuli sme, \u017ee v\u00e1s budeme informova\u0165 e-mailom a prostredn\u00edctvom v\u00e1\u0161ho \u00fa\u010dtu, ak m\u00e1te v\u00fdhern\u00fd tiket. Ako si v\u0161ak m\u00f4\u017eete vybra\u0165 svoju v\u00fdhru, ke\u010f \u017eijete mimo Spojen\u00e9ho kr\u00e1\u013eovstva? To je ot\u00e1zka, ktor\u00e1 tr\u00e1pi mnoh\u00fdch st\u00e1vkuj\u00facich. Nu\u017e, sme tu, aby sme v\u00e1s v ot\u00e1zke va\u0161ich v\u00fdhier upokojili.<\/p>\n<p>Ke\u010f sa u n\u00e1s zaregistrujete a k\u00fapite si u n\u00e1s svoje \u017ereby, zjednodu\u0161\u00edme v\u00e1m tento proces. Ako port\u00e1l concierge sme vytvorili bezprobl\u00e9mov\u00fd proces, v\u010faka ktor\u00e9mu si m\u00f4\u017eete jednoducho vybra\u0165 svoju v\u00fdhru. Pri v\u00fdhr\u00e1ch, ktor\u00e9 nepresahuj\u00fa 2 500 eur, sta\u010d\u00ed, ak si z na\u0161ej str\u00e1nky vyberiete peniaze na svoj \u00fa\u010det.<\/p>\n<p>Ak ste vyhrali v\u00fdhru, ktor\u00e1 je vy\u0161\u0161ia ako t\u00e1to suma, poskytneme v\u00e1m formul\u00e1r na uplatnenie n\u00e1rokov. Takto si m\u00f4\u017eete vy\u017eiada\u0165 svoju v\u00fdhru priamo od lot\u00e9riovej spolo\u010dnosti. Tak nev\u00e1hajte a zak\u00fapte si e\u0161te dnes \u017ereb, aby ste mali \u0161ancu z\u00edska\u0165 v\u00fdhern\u00fa kombin\u00e1ciu.<\/p>\n","protected":false},"excerpt":{"rendered":"<p>Lot\u00e9ria Set for Life je anuitn\u00e1 lot\u00e9ria v Spojenom kr\u00e1\u013eovstve, ktor\u00e1 d\u00e1va hr\u00e1\u010dom \u0161ancu vyhra\u0165 cenu, ktor\u00e1 im zmen\u00ed \u017eivot. \u017divot meniacu v tom zmysle, \u017ee vy\u017erebovan\u00e9 \u010d\u00edsla z\u00edskaj\u00fa ka\u017ed\u00fd mesiac 10 000 libier po\u010das 30 rokov. Je to takmer ako vyhra\u0165 jackpot ka\u017ed\u00fd mesiac do konca \u017eivota. Hr\u00e1\u010di na celom svete sa teraz m\u00f4\u017eu [&hellip;]<\/p>\n","protected":false},"author":1,"featured_media":0,"parent":35852,"menu_order":11,"comment_status":"closed","ping_status":"closed","template":"set-for-life-results.php","meta":{"_et_pb_use_builder":"","_et_pb_old_content":"","_et_gb_content_width":"","exclude_from_search":false,"footnotes":""},"class_list":["post-41167","page","type-page","status-publish","hentry"],"yoast_head":"<!-- This site is optimized with the Yoast SEO plugin v23.3 - https:\/\/yoast.com\/wordpress\/plugins\/seo\/ -->\n<title>V\u00fdhern\u00e9 \u010d\u00edsla a v\u00fdsledky \u017erebovania hry Set for Life<\/title>\n<meta name=\"description\" content=\"V\u00fdsledky \u017erebovania lot\u00e9rie Set pre \u017eivot, ako aj v\u00fdhern\u00e9 \u010d\u00edsla tu na Jackpotlotteryonline.com\" \/>\n<meta name=\"robots\" content=\"index, follow, max-snippet:-1, max-image-preview:large, max-video-preview:-1\" \/>\n<link rel=\"canonical\" href=\"https:\/\/jackpotlotteryonline.com\/sk\/vyherne-cisla\/set-for-life\/\" \/>\n<meta property=\"og:locale\" content=\"sk_SK\" \/>\n<meta property=\"og:type\" content=\"article\" \/>\n<meta property=\"og:title\" content=\"V\u00fdhern\u00e9 \u010d\u00edsla a v\u00fdsledky \u017erebovania hry Set for Life\" \/>\n<meta property=\"og:description\" content=\"V\u00fdsledky \u017erebovania lot\u00e9rie Set pre \u017eivot, ako aj v\u00fdhern\u00e9 \u010d\u00edsla tu na Jackpotlotteryonline.com\" \/>\n<meta property=\"og:url\" content=\"https:\/\/jackpotlotteryonline.com\/sk\/vyherne-cisla\/set-for-life\/\" \/>\n<meta property=\"og:site_name\" content=\"Lotto Online - Crack The International Lottery Jackpots\" \/>\n<meta property=\"article:modified_time\" content=\"2022-12-29T11:50:59+00:00\" \/>\n<meta property=\"og:image\" content=\"http:\/\/jackpotlotteryonline.com\/wp-content\/uploads\/2022\/11\/read1.jpg\" \/>\n<meta name=\"twitter:card\" content=\"summary_large_image\" \/>\n<meta name=\"twitter:label1\" content=\"Predpokladan\u00fd \u010das \u010d\u00edtania\" \/>\n\t<meta name=\"twitter:data1\" content=\"4 min\u00faty\" \/>\n<!-- \/ Yoast SEO plugin. -->","yoast_head_json":{"title":"V\u00fdhern\u00e9 \u010d\u00edsla a v\u00fdsledky \u017erebovania hry Set for Life","description":"V\u00fdsledky \u017erebovania lot\u00e9rie Set pre \u017eivot, ako aj v\u00fdhern\u00e9 \u010d\u00edsla tu na Jackpotlotteryonline.com","robots":{"index":"index","follow":"follow","max-snippet":"max-snippet:-1","max-image-preview":"max-image-preview:large","max-video-preview":"max-video-preview:-1"},"canonical":"https:\/\/jackpotlotteryonline.com\/sk\/vyherne-cisla\/set-for-life\/","og_locale":"sk_SK","og_type":"article","og_title":"V\u00fdhern\u00e9 \u010d\u00edsla a v\u00fdsledky \u017erebovania hry Set for Life","og_description":"V\u00fdsledky \u017erebovania lot\u00e9rie Set pre \u017eivot, ako aj v\u00fdhern\u00e9 \u010d\u00edsla tu na Jackpotlotteryonline.com","og_url":"https:\/\/jackpotlotteryonline.com\/sk\/vyherne-cisla\/set-for-life\/","og_site_name":"Lotto Online - Crack The International Lottery Jackpots","article_modified_time":"2022-12-29T11:50:59+00:00","og_image":[{"url":"http:\/\/jackpotlotteryonline.com\/wp-content\/uploads\/2022\/11\/read1.jpg"}],"twitter_card":"summary_large_image","twitter_misc":{"Predpokladan\u00fd \u010das \u010d\u00edtania":"4 min\u00faty"},"schema":{"@context":"https:\/\/schema.org","@graph":[{"@type":"WebPage","@id":"https:\/\/jackpotlotteryonline.com\/sk\/vyherne-cisla\/set-for-life\/","url":"https:\/\/jackpotlotteryonline.com\/sk\/vyherne-cisla\/set-for-life\/","name":"V\u00fdhern\u00e9 \u010d\u00edsla a v\u00fdsledky \u017erebovania hry Set for Life","isPartOf":{"@id":"https:\/\/jackpotlotteryonline.com\/#website"},"primaryImageOfPage":{"@id":"https:\/\/jackpotlotteryonline.com\/sk\/vyherne-cisla\/set-for-life\/#primaryimage"},"image":{"@id":"https:\/\/jackpotlotteryonline.com\/sk\/vyherne-cisla\/set-for-life\/#primaryimage"},"thumbnailUrl":"http:\/\/jackpotlotteryonline.com\/wp-content\/uploads\/2022\/11\/read1.jpg","datePublished":"2022-12-08T11:34:49+00:00","dateModified":"2022-12-29T11:50:59+00:00","description":"V\u00fdsledky \u017erebovania lot\u00e9rie Set pre \u017eivot, ako aj v\u00fdhern\u00e9 \u010d\u00edsla tu na Jackpotlotteryonline.com","breadcrumb":{"@id":"https:\/\/jackpotlotteryonline.com\/sk\/vyherne-cisla\/set-for-life\/#breadcrumb"},"inLanguage":"sk-SK","potentialAction":[{"@type":"ReadAction","target":["https:\/\/jackpotlotteryonline.com\/sk\/vyherne-cisla\/set-for-life\/"]}]},{"@type":"ImageObject","inLanguage":"sk-SK","@id":"https:\/\/jackpotlotteryonline.com\/sk\/vyherne-cisla\/set-for-life\/#primaryimage","url":"http:\/\/jackpotlotteryonline.com\/wp-content\/uploads\/2022\/11\/read1.jpg","contentUrl":"http:\/\/jackpotlotteryonline.com\/wp-content\/uploads\/2022\/11\/read1.jpg"},{"@type":"BreadcrumbList","@id":"https:\/\/jackpotlotteryonline.com\/sk\/vyherne-cisla\/set-for-life\/#breadcrumb","itemListElement":[{"@type":"ListItem","position":1,"name":"Home","item":"https:\/\/jackpotlotteryonline.com\/sk\/"},{"@type":"ListItem","position":2,"name":"V\u00fdsledky lot\u00e9rie","item":"https:\/\/jackpotlotteryonline.com\/sk\/vyherne-cisla\/"},{"@type":"ListItem","position":3,"name":"V\u00fdsledky \u017erebovania Set for Life"}]},{"@type":"WebSite","@id":"https:\/\/jackpotlotteryonline.com\/#website","url":"https:\/\/jackpotlotteryonline.com\/","name":"Lotto Online - Crack The International Lottery Jackpots","description":"","potentialAction":[{"@type":"SearchAction","target":{"@type":"EntryPoint","urlTemplate":"https:\/\/jackpotlotteryonline.com\/?s={search_term_string}"},"query-input":"required name=search_term_string"}],"inLanguage":"sk-SK"}]}},"_links":{"self":[{"href":"https:\/\/jackpotlotteryonline.com\/sk\/wp-json\/wp\/v2\/pages\/41167","targetHints":{"allow":["GET"]}}],"collection":[{"href":"https:\/\/jackpotlotteryonline.com\/sk\/wp-json\/wp\/v2\/pages"}],"about":[{"href":"https:\/\/jackpotlotteryonline.com\/sk\/wp-json\/wp\/v2\/types\/page"}],"author":[{"embeddable":true,"href":"https:\/\/jackpotlotteryonline.com\/sk\/wp-json\/wp\/v2\/users\/1"}],"replies":[{"embeddable":true,"href":"https:\/\/jackpotlotteryonline.com\/sk\/wp-json\/wp\/v2\/comments?post=41167"}],"version-history":[{"count":0,"href":"https:\/\/jackpotlotteryonline.com\/sk\/wp-json\/wp\/v2\/pages\/41167\/revisions"}],"up":[{"embeddable":true,"href":"https:\/\/jackpotlotteryonline.com\/sk\/wp-json\/wp\/v2\/pages\/35852"}],"wp:attachment":[{"href":"https:\/\/jackpotlotteryonline.com\/sk\/wp-json\/wp\/v2\/media?parent=41167"}],"curies":[{"name":"wp","href":"https:\/\/api.w.org\/{rel}","templated":true}]}}