{"id":41225,"date":"2022-12-08T13:57:16","date_gmt":"2022-12-08T13:57:16","guid":{"rendered":"https:\/\/jackpotlotteryonline.com\/?page_id=41225"},"modified":"2022-12-29T21:57:09","modified_gmt":"2022-12-29T21:57:09","slug":"mega-sena","status":"publish","type":"page","link":"https:\/\/jackpotlotteryonline.com\/sk\/vyherne-cisla\/mega-sena\/","title":{"rendered":"Mega-Sena lot\u00e9rie \u010derpanie v\u00fdsledky"},"content":{"rendered":"<p>Hr\u00e1\u010di na celom svete si teraz m\u00f4\u017eu k\u00fapi\u0165 \u017ereby lot\u00e9rie Mega-Sena. A nielen to, ale po odohran\u00ed lot\u00e9rie si m\u00f4\u017eete skontrolova\u0165 v\u00fdhern\u00e9 \u010d\u00edsla Mega-Seny online. Nevyhnutnou s\u00fa\u010das\u0165ou hrania lot\u00e9rie je kontrola v\u00fdsledkov \u017erebovania, aby v\u00e1m neunikla \u017eiadna v\u00fdhra. Existuje nieko\u013eko sp\u00f4sobov, ako skontrolova\u0165 v\u00fdhern\u00e9 \u010d\u00edsla braz\u00edlskej lot\u00e9rie, a k tomu sa dostaneme o chv\u00ed\u013eu.<\/p>\n<p>Ak sa v\u0161ak pon\u00e1h\u013eate, aby ste sa dozvedeli v\u00fdsledky posledn\u00e9ho \u017erebovania, m\u00f4\u017eete nav\u0161t\u00edvi\u0165 str\u00e1nku jackpotlotteryonline.com, kde n\u00e1jdete pr\u00edstup k najlep\u0161\u00edm medzin\u00e1rodn\u00fdm lot\u00e9ri\u00e1m.<\/p>\n<section class=\"layout\" style=\"border: solid 1px; width: 100%;\">\n<div class=\"img-div\" style=\"margin-top: 5px;\"><img decoding=\"async\" class=\"wp-image-17212 alignleft\" style=\"height: 45px; margin: 8px 8px 0px;\" src=\"http:\/\/jackpotlotteryonline.com\/wp-content\/uploads\/2022\/11\/read1.jpg\" alt=\"pre\u010d\u00edtajte si\" width=\"\" height=\"\" \/><\/div>\n<div style=\"padding-left: 5px;\">\n<div style=\"font-size: 1.1em;\">\n<p><strong>Eur\u00f3pske lot\u00e9rie<\/strong><\/p>\n<p style=\"font-size: 0.85em; margin-top: -1.5em;\">Ktor\u00e9 eur\u00f3pske lot\u00e9rie s\u00fa najlep\u0161ie?\u00a0 <a href=\"https:\/\/jackpotlotteryonline.com\/sk\/ktore-europske-loterie-su-najlepsie\"> \u010d\u00edtaj viac<\/a><\/p>\n<\/div>\n<\/div>\n<\/section>\n<h2>Z\u00e1klady lot\u00e9rie Mega-Sena<\/h2>\n<p>Mega-Sena sa sp\u00f4sobom hrania podob\u00e1 ka\u017edej inej lot\u00e9rii. Jednoducho mus\u00edte vybra\u0165 \u010d\u00edsla z ur\u010dit\u00e9ho rozsahu. V pr\u00edpade braz\u00edlskej lot\u00e9rie si vyberiete 6 \u010d\u00edsel z rozsahu 1 a\u017e 60. A to je v\u0161etko. V tejto lot\u00e9rii sa nevyskytuj\u00fa \u017eiadne dodato\u010dn\u00e9 ani bonusov\u00e9 \u010d\u00edsla, len \u0161es\u0165.<\/p>\n<p>Ke\u010f si vyberiete po\u017eadovan\u00e9 \u010d\u00edslice, \u010fal\u0161\u00edm krokom je vstup do \u017erebovania. Mega-Sena m\u00e1 dve \u017erebovania t\u00fd\u017edenne, v stredu a vo \u0161tvrtok.<\/p>\n<h2>V\u00fdhern\u00e9 \u010d\u00edsla Mega-Sena<\/h2>\n<p><img loading=\"lazy\" decoding=\"async\" class=\"size-full wp-image-29102 alignright\" src=\"http:\/\/jackpotlotteryonline.com\/wp-content\/uploads\/2022\/11\/1_play_lottery_international.jpg\" alt=\"V\u00fdhern\u00e9 \u010d\u00edsla Mega-Seny\" width=\"205\" height=\"147\" \/>Ako si vyberiete v\u00fdhern\u00e9 \u010d\u00edsla Mega-Seny? R\u00f4zni hr\u00e1\u010di maj\u00fa r\u00f4zne sp\u00f4soby v\u00fdberu, ktor\u00e9 im vyhovuj\u00fa. Svoje v\u00fdhern\u00e9 \u010d\u00edsla si m\u00f4\u017eete vybra\u0165 pomocou d\u00e1tumov, ktor\u00e9 s\u00fa pre v\u00e1s v\u00fdnimo\u010dn\u00e9. Ak m\u00e1te \u0161\u0165astn\u00e9 d\u00e1tumy alebo \u010d\u00edslice, m\u00f4\u017eu v\u00e1m pom\u00f4c\u0165 pri v\u00fdbere \u010d\u00edsla.<\/p>\n<p>Ak nem\u00e1te na mysli \u017eiadne \u0161peci\u00e1lne \u010d\u00edslo, nerobte si s t\u00fdm starosti. Ke\u010f s <a href=\"https:\/\/jackpotlotteryonline.com\/sk\/ako-hrat\/mega-sena-2\">nami hr\u00e1te Mega-Senu<\/a>, m\u00f4\u017eete na v\u00fdber n\u00e1hodn\u00fdch \u010d\u00edsel pou\u017ei\u0165 n\u00e1\u0161 automatick\u00fd gener\u00e1tor. Nakoniec je d\u00f4le\u017eit\u00e9 ma\u0165 na pam\u00e4ti, \u017ee lot\u00e9ria je n\u00e1hodn\u00e1 hra. Jedin\u00fd skuto\u010dn\u00fd sp\u00f4sob, ako zv\u00fd\u0161i\u0165 svoje \u0161ance na v\u00fdhru, je k\u00fapi\u0165 si viacero tiketov a z\u00fa\u010dastni\u0165 sa viacer\u00fdch \u017erebovan\u00ed.<\/p>\n<p>Loteriu m\u00f4\u017eete hra\u0165 online na na\u0161ej str\u00e1nke Mega-Sena. U\u013eah\u010dujeme v\u00e1m \u00fa\u010das\u0165 v jednom \u017erebovan\u00ed alebo vo viacer\u00fdch \u017erebovaniach. Na jednom tikete si m\u00f4\u017eete k\u00fapi\u0165 aj nieko\u013eko l\u00edni\u00ed, \u010d\u00edm z\u00edskate viacero vstupov do lot\u00e9rie.<\/p>\n<h2>Ceny Mega-Sena<\/h2>\n<p>Lot\u00e9ria Mega-Sena m\u00e1 garantovan\u00fd po\u010diato\u010dn\u00fd jackpot 3 mili\u00f3ny braz\u00edlskych realov. To je pribli\u017ene 549 467,87 \u20ac. Ak v\u0161ak po \u017erebovan\u00ed nie je \u017eiadny v\u00fdherca, jackpot sa pres\u00fava do \u010fal\u0161ieho \u017erebovania. V\u00fd\u0161ka jackpotu tak m\u00f4\u017ee nar\u00e1s\u0165 pomerne vysoko, v\u010faka \u010domu je pre st\u00e1vkuj\u00facich na celom svete v\u00fdhodn\u00e1.<\/p>\n<p>Okrem toho je pravdepodobnos\u0165 v\u00fdhry v hre Mega-Sena 1 k 50 mili\u00f3nom. Ke\u010f to porovn\u00e1te s ostatn\u00fdmi \u0161pi\u010dkov\u00fdmi medzin\u00e1rodn\u00fdmi lot\u00e9riami, je jasn\u00e9, pre\u010do je braz\u00edlska lot\u00e9ria medzi st\u00e1vkarmi ob\u013e\u00faben\u00e1.<\/p>\n<p>Braz\u00edlska lot\u00e9ria sa od ostatn\u00fdch lot\u00e9ri\u00ed l\u00ed\u0161i aj t\u00fdm, \u017ee pon\u00faka len 3 v\u00fdhern\u00e9 kateg\u00f3rie vr\u00e1tane jackpotu. V\u00fdhra v lot\u00e9rii teda znamen\u00e1, \u017ee m\u00f4\u017eete vyhra\u0165 niektor\u00fa z nasleduj\u00facich cien.<\/p>\n<p>Jackpot &#8211; Sena: V\u00fdhra: 6 &#8211; 35 % z v\u00fdhern\u00e9ho fondu<\/p>\n<p>\u00darove\u0148 2 &#8211; Quina: V\u00fdhra 2: Z\u00e1pas 5 &#8211; 19 % z v\u00fdhern\u00e9ho fondu<\/p>\n<p>\u00darove\u0148 3 &#8211; Quadra: z\u00e1pas 4 &#8211; 19 % z v\u00fdhern\u00e9ho fondu<\/p>\n<h2>Prevzatie v\u00fdhry<\/h2>\n<p>\u010eal\u0161\u00edm krokom je uplatnenie n\u00e1roku na v\u00fdhru, ktor\u00fa ste z\u00edskali pri vstupe do lot\u00e9rie. Sp\u00f4sob, ak\u00fdm si uplatn\u00edte n\u00e1rok na v\u00fdhru, z\u00e1vis\u00ed od toho, kde ste si zak\u00fapili tiket. Pri hran\u00ed lot\u00e9rie online je d\u00f4le\u017eit\u00e9 k\u00fapi\u0165 si tiket na str\u00e1nke, ktor\u00e1 v\u00e1m d\u00e1va \u0161ancu na v\u00fdhru v lot\u00e9rii. Niektor\u00e9 str\u00e1nky v\u00e1m umo\u017enia vsadi\u0165 si len na v\u00fdsledok lot\u00e9rie.<\/p>\n<p>Ke\u010f <a href=\"https:\/\/jackpotlotteryonline.com\/sk\/kupit-vstupenky\/mega-sena\">si k\u00fapite svoj tiket od n\u00e1s<\/a>, z\u00edskate pr\u00edstup do lot\u00e9rie. Je to preto, \u017ee n\u00e1\u0161 agent v Braz\u00edlii k\u00fapi fyzick\u00e9 tikety s va\u0161imi zodpovedaj\u00facimi \u010d\u00edslami. V\u010faka tomu m\u00e1te \u0161ancu vyhra\u0165 v lot\u00e9rii.<\/p>\n<p>Ak teda vyhr\u00e1te nejak\u00fa cenu, sta\u010d\u00ed, ak si ju z na\u0161ej str\u00e1nky vyberiete na svoj \u00fa\u010det. Je to tak\u00e9 jednoduch\u00e9. Nav\u0161t\u00edvte na\u0161e podmienky a dozviete sa, ako si m\u00f4\u017eete vyplati\u0165 svoje v\u00fdhern\u00e9 \u010d\u00edsla Mega-Seny.<\/p>\n","protected":false},"excerpt":{"rendered":"<p>Hr\u00e1\u010di na celom svete si teraz m\u00f4\u017eu k\u00fapi\u0165 \u017ereby lot\u00e9rie Mega-Sena. A nielen to, ale po odohran\u00ed lot\u00e9rie si m\u00f4\u017eete skontrolova\u0165 v\u00fdhern\u00e9 \u010d\u00edsla Mega-Seny online. Nevyhnutnou s\u00fa\u010das\u0165ou hrania lot\u00e9rie je kontrola v\u00fdsledkov \u017erebovania, aby v\u00e1m neunikla \u017eiadna v\u00fdhra. Existuje nieko\u013eko sp\u00f4sobov, ako skontrolova\u0165 v\u00fdhern\u00e9 \u010d\u00edsla braz\u00edlskej lot\u00e9rie, a k tomu sa dostaneme o chv\u00ed\u013eu. Ak [&hellip;]<\/p>\n","protected":false},"author":1,"featured_media":0,"parent":35852,"menu_order":14,"comment_status":"closed","ping_status":"closed","template":"megasena-results.php","meta":{"_et_pb_use_builder":"","_et_pb_old_content":"","_et_gb_content_width":"","exclude_from_search":false,"footnotes":""},"class_list":["post-41225","page","type-page","status-publish","hentry"],"yoast_head":"<!-- This site is optimized with the Yoast SEO plugin v23.3 - https:\/\/yoast.com\/wordpress\/plugins\/seo\/ -->\n<title>V\u00fdsledky \u017erebovania lot\u00e9rie Mega-Sena a v\u00fdhern\u00e9 \u010d\u00edsla<\/title>\n<meta name=\"description\" content=\"V\u00fdsledky braz\u00edlskej lot\u00e9rie Mega-Sena sa \u0165a\u017eko h\u013eadaj\u00fa - na na\u0161ej webovej str\u00e1nke uv\u00e1dzame dne\u0161n\u00e9 a v\u010deraj\u0161ie v\u00fdhern\u00e9 \u010d\u00edsla a v\u00fdsledky \u017erebovania\" \/>\n<meta name=\"robots\" content=\"index, follow, max-snippet:-1, max-image-preview:large, max-video-preview:-1\" \/>\n<link rel=\"canonical\" href=\"https:\/\/jackpotlotteryonline.com\/sk\/vyherne-cisla\/mega-sena\/\" \/>\n<meta property=\"og:locale\" content=\"sk_SK\" \/>\n<meta property=\"og:type\" content=\"article\" \/>\n<meta property=\"og:title\" content=\"V\u00fdsledky \u017erebovania lot\u00e9rie Mega-Sena a v\u00fdhern\u00e9 \u010d\u00edsla\" \/>\n<meta property=\"og:description\" content=\"V\u00fdsledky braz\u00edlskej lot\u00e9rie Mega-Sena sa \u0165a\u017eko h\u013eadaj\u00fa - na na\u0161ej webovej str\u00e1nke uv\u00e1dzame dne\u0161n\u00e9 a v\u010deraj\u0161ie v\u00fdhern\u00e9 \u010d\u00edsla a v\u00fdsledky \u017erebovania\" \/>\n<meta property=\"og:url\" content=\"https:\/\/jackpotlotteryonline.com\/sk\/vyherne-cisla\/mega-sena\/\" \/>\n<meta property=\"og:site_name\" content=\"Lotto Online - Crack The International Lottery Jackpots\" \/>\n<meta property=\"article:modified_time\" content=\"2022-12-29T21:57:09+00:00\" \/>\n<meta property=\"og:image\" content=\"http:\/\/jackpotlotteryonline.com\/wp-content\/uploads\/2022\/11\/read1.jpg\" \/>\n<meta name=\"twitter:card\" content=\"summary_large_image\" \/>\n<meta name=\"twitter:label1\" content=\"Predpokladan\u00fd \u010das \u010d\u00edtania\" \/>\n\t<meta name=\"twitter:data1\" content=\"3 min\u00faty\" \/>\n<!-- \/ Yoast SEO plugin. -->","yoast_head_json":{"title":"V\u00fdsledky \u017erebovania lot\u00e9rie Mega-Sena a v\u00fdhern\u00e9 \u010d\u00edsla","description":"V\u00fdsledky braz\u00edlskej lot\u00e9rie Mega-Sena sa \u0165a\u017eko h\u013eadaj\u00fa - na na\u0161ej webovej str\u00e1nke uv\u00e1dzame dne\u0161n\u00e9 a v\u010deraj\u0161ie v\u00fdhern\u00e9 \u010d\u00edsla a v\u00fdsledky \u017erebovania","robots":{"index":"index","follow":"follow","max-snippet":"max-snippet:-1","max-image-preview":"max-image-preview:large","max-video-preview":"max-video-preview:-1"},"canonical":"https:\/\/jackpotlotteryonline.com\/sk\/vyherne-cisla\/mega-sena\/","og_locale":"sk_SK","og_type":"article","og_title":"V\u00fdsledky \u017erebovania lot\u00e9rie Mega-Sena a v\u00fdhern\u00e9 \u010d\u00edsla","og_description":"V\u00fdsledky braz\u00edlskej lot\u00e9rie Mega-Sena sa \u0165a\u017eko h\u013eadaj\u00fa - na na\u0161ej webovej str\u00e1nke uv\u00e1dzame dne\u0161n\u00e9 a v\u010deraj\u0161ie v\u00fdhern\u00e9 \u010d\u00edsla a v\u00fdsledky \u017erebovania","og_url":"https:\/\/jackpotlotteryonline.com\/sk\/vyherne-cisla\/mega-sena\/","og_site_name":"Lotto Online - Crack The International Lottery Jackpots","article_modified_time":"2022-12-29T21:57:09+00:00","og_image":[{"url":"http:\/\/jackpotlotteryonline.com\/wp-content\/uploads\/2022\/11\/read1.jpg"}],"twitter_card":"summary_large_image","twitter_misc":{"Predpokladan\u00fd \u010das \u010d\u00edtania":"3 min\u00faty"},"schema":{"@context":"https:\/\/schema.org","@graph":[{"@type":"WebPage","@id":"https:\/\/jackpotlotteryonline.com\/sk\/vyherne-cisla\/mega-sena\/","url":"https:\/\/jackpotlotteryonline.com\/sk\/vyherne-cisla\/mega-sena\/","name":"V\u00fdsledky \u017erebovania lot\u00e9rie Mega-Sena a v\u00fdhern\u00e9 \u010d\u00edsla","isPartOf":{"@id":"https:\/\/jackpotlotteryonline.com\/#website"},"primaryImageOfPage":{"@id":"https:\/\/jackpotlotteryonline.com\/sk\/vyherne-cisla\/mega-sena\/#primaryimage"},"image":{"@id":"https:\/\/jackpotlotteryonline.com\/sk\/vyherne-cisla\/mega-sena\/#primaryimage"},"thumbnailUrl":"http:\/\/jackpotlotteryonline.com\/wp-content\/uploads\/2022\/11\/read1.jpg","datePublished":"2022-12-08T13:57:16+00:00","dateModified":"2022-12-29T21:57:09+00:00","description":"V\u00fdsledky braz\u00edlskej lot\u00e9rie Mega-Sena sa \u0165a\u017eko h\u013eadaj\u00fa - na na\u0161ej webovej str\u00e1nke uv\u00e1dzame dne\u0161n\u00e9 a v\u010deraj\u0161ie v\u00fdhern\u00e9 \u010d\u00edsla a v\u00fdsledky \u017erebovania","breadcrumb":{"@id":"https:\/\/jackpotlotteryonline.com\/sk\/vyherne-cisla\/mega-sena\/#breadcrumb"},"inLanguage":"sk-SK","potentialAction":[{"@type":"ReadAction","target":["https:\/\/jackpotlotteryonline.com\/sk\/vyherne-cisla\/mega-sena\/"]}]},{"@type":"ImageObject","inLanguage":"sk-SK","@id":"https:\/\/jackpotlotteryonline.com\/sk\/vyherne-cisla\/mega-sena\/#primaryimage","url":"http:\/\/jackpotlotteryonline.com\/wp-content\/uploads\/2022\/11\/read1.jpg","contentUrl":"http:\/\/jackpotlotteryonline.com\/wp-content\/uploads\/2022\/11\/read1.jpg"},{"@type":"BreadcrumbList","@id":"https:\/\/jackpotlotteryonline.com\/sk\/vyherne-cisla\/mega-sena\/#breadcrumb","itemListElement":[{"@type":"ListItem","position":1,"name":"Home","item":"https:\/\/jackpotlotteryonline.com\/sk\/"},{"@type":"ListItem","position":2,"name":"V\u00fdsledky lot\u00e9rie","item":"https:\/\/jackpotlotteryonline.com\/sk\/vyherne-cisla\/"},{"@type":"ListItem","position":3,"name":"Mega-Sena lot\u00e9rie \u010derpanie v\u00fdsledky"}]},{"@type":"WebSite","@id":"https:\/\/jackpotlotteryonline.com\/#website","url":"https:\/\/jackpotlotteryonline.com\/","name":"Lotto Online - Crack The International Lottery Jackpots","description":"","potentialAction":[{"@type":"SearchAction","target":{"@type":"EntryPoint","urlTemplate":"https:\/\/jackpotlotteryonline.com\/?s={search_term_string}"},"query-input":"required name=search_term_string"}],"inLanguage":"sk-SK"}]}},"_links":{"self":[{"href":"https:\/\/jackpotlotteryonline.com\/sk\/wp-json\/wp\/v2\/pages\/41225","targetHints":{"allow":["GET"]}}],"collection":[{"href":"https:\/\/jackpotlotteryonline.com\/sk\/wp-json\/wp\/v2\/pages"}],"about":[{"href":"https:\/\/jackpotlotteryonline.com\/sk\/wp-json\/wp\/v2\/types\/page"}],"author":[{"embeddable":true,"href":"https:\/\/jackpotlotteryonline.com\/sk\/wp-json\/wp\/v2\/users\/1"}],"replies":[{"embeddable":true,"href":"https:\/\/jackpotlotteryonline.com\/sk\/wp-json\/wp\/v2\/comments?post=41225"}],"version-history":[{"count":0,"href":"https:\/\/jackpotlotteryonline.com\/sk\/wp-json\/wp\/v2\/pages\/41225\/revisions"}],"up":[{"embeddable":true,"href":"https:\/\/jackpotlotteryonline.com\/sk\/wp-json\/wp\/v2\/pages\/35852"}],"wp:attachment":[{"href":"https:\/\/jackpotlotteryonline.com\/sk\/wp-json\/wp\/v2\/media?parent=41225"}],"curies":[{"name":"wp","href":"https:\/\/api.w.org\/{rel}","templated":true}]}}